{"id":16342,"date":"2025-01-20T09:07:26","date_gmt":"2025-01-20T09:07:26","guid":{"rendered":"https:\/\/www.hydraulic-cylinders.net\/product\/arm-cylinderfor-volvo-wheel-excavator-ew60c\/"},"modified":"2025-01-20T09:07:28","modified_gmt":"2025-01-20T09:07:28","slug":"arm-cylinderfor-volvo-wheel-excavator-ew60c","status":"publish","type":"product","link":"https:\/\/www.hydraulic-cylinders.net\/lt\/produktas\/arm-cylinderfor-volvo-wheel-excavator-ew60c\/","title":{"rendered":"\u201eVolvo\u201c ratinio ekskavatoriaus EW60C svirties cilindras"},"content":{"rendered":"<p>\u201eVolvo\u201c ratinio ekskavatoriaus EW60C svirties cilindras<\/p>\n<p>\u012evadas<\/p>\n<p>Svirties cilindras yra specializuotas hidraulinis cilindras, skirtas u\u017etikrinti tiesin\u012f jud\u0117jim\u0105 ir gali\u0105 \u012fvairi\u0173 tip\u0173 ma\u0161in\u0173, toki\u0173 kaip ekskavatoriai, kranai ir mechanin\u0117s svirtys, svirtims. Svirties cilindras atlieka labai svarb\u0173 vaidmen\u012f hidraulin\u0117je sistemoje, nes leid\u017eia priedams ar priedams jud\u0117ti ir b\u016bti efektyviai valdomiems. \u0160ie cilindrai ne tik u\u017etikrina skland\u0173 jud\u0117jim\u0105, bet ir gali atlaikyti dideles apkrovas, u\u017etikrindami efektyv\u0173 ma\u0161in\u0173 veikim\u0105 ir patikimum\u0105 \u012fvairiomis darbo s\u0105lygomis.<\/p>\n<p>Apibr\u0117\u017eimas ir paai\u0161kinimas<\/p>\n<p>Svirties cilindras yra hidraulin\u0117s sistemos komponentas, kuris varo ma\u0161inos svirt\u012f. Tai hidraulinio cilindro tipas, kuris hidraulin\u0119 energij\u0105 paver\u010dia tiesiniu judesiu ir j\u0117ga. Cilindr\u0105 sudaro st\u016bmoklis, st\u016bmoklio kotas, cilindro korpusas ir galiniai dangteliai. Kai vienoje st\u016bmoklio pus\u0117je veikiamas sl\u0117gio hidraulinis skystis, jis judina ir varo st\u016bmoklio kot\u0105, kuris u\u017etikrina tiesin\u012f jud\u0117jim\u0105 ma\u0161inos svirtimi. Svirties cilindras yra b\u016btinas \u012fvairi\u0173 tip\u0173 ma\u0161in\u0173, toki\u0173 kaip ekskavatoriai, kranai ir mechanin\u0117s svirtys, veikimui ir atlieka lemiam\u0105 vaidmen\u012f u\u017etikrinant j\u0173 auk\u0161t\u0105 efektyvum\u0105 ir patikimum\u0105.<\/p>\n<p><img decoding=\"async\" src=\"https:\/\/www.hydraulic-cylinders.net\/wp-content\/uploads\/2025\/01\/songte-company-2.webp\" alt=\"\u201eVolvo\u201c ratinio ekskavatoriaus EW60C svirties cilindras (paveiksl\u0117lis)\"><\/p>\n<p>Savyb\u0117s<\/p>\n<p>Didelio efektyvumo transmisija: Svirties cilindras u\u017etikrina galing\u0105 tiesin\u012f judes\u012f ir j\u0117g\u0105, u\u017etikrindamas didel\u012f mechanin\u0117s svirties efektyvum\u0105 atliekant \u012fvairias operacijas.<\/p>\n<p>Tikslus valdymas: Hidraulin\u0117s sistemos d\u0117ka rankos cilindras gali tiksliai valdyti judes\u012f, tod\u0117l pried\u0173 valdymas tampa lankstesnis ir tikslesnis.<\/p>\n<p>Didelis patvarumas: Svirtiniai cilindrai paprastai gaminami i\u0161 didelio stiprumo med\u017eiag\u0173, kurios u\u017etikrina ger\u0105 atsparum\u0105 dilimui ir korozijai, tod\u0117l tinka ilgalaikiam naudojimui at\u0161iauriomis s\u0105lygomis.<\/p>\n<p>Universalus pritaikymas: \u0160ie cilindrai gali b\u016bti pla\u010diai naudojami \u012fvairi\u0173 tip\u0173 ma\u0161inose, tokiose kaip ekskavatoriai, kranai ir mechanin\u0117s svirtys, kad b\u016bt\u0173 patenkinti skirtingi darbo reikalavimai.<\/p>\n<p>Lengva prie\u017ei\u016bra: sukurta lengvam techniniam aptarnavimui ir pakeitimui, reguliari ap\u017ei\u016bra ir prie\u017ei\u016bra tapo patogesn\u0117, tod\u0117l sutrump\u0117ja \u012frangos prastovos.<\/p>\n<p>M\u016bs\u0173 produkcija<\/p>\n<p>M\u016bs\u0173 rankinio cilindro gaminys gali puikiai pakeisti \u0161iuos hidraulinius cilindrus.<\/p>\n<p><img decoding=\"async\" src=\"https:\/\/www.hydraulic-cylinders.net\/wp-content\/uploads\/2025\/01\/songte-oil-pipes-and-spare-parts.webp\" alt=\"\u201eVolvo\u201c ratinio ekskavatoriaus EW60C svirties cilindras (paveiksl\u0117lis)\"><\/p>\n<p>Parai\u0161kos<\/p>\n<p>Pastat\u0173 statyba: Ekskavatoriuose ir kranuose svirties cilindras naudojamas kau\u0161o arba str\u0117l\u0117s jud\u0117jimui valdyti atliekant \u017eem\u0117s darbus, med\u017eiag\u0173 tvarkym\u0105 ir konstrukcij\u0173 montavim\u0105.<\/p>\n<p>Gamybos pramon\u0117: Automatizuotose gamybos linijose svirties cilindras naudojamas mechaninei svir\u010diai judinti surinkimo, suvirinimo ir med\u017eiag\u0173 tvarkymo procesuose, taip pagerinant gamybos efektyvum\u0105 ir tikslum\u0105.<\/p>\n<p>\u017dem\u0117s \u016bkio technika: \u017dem\u0117s \u016bkio technikoje, tokioje kaip derliaus nu\u0117mimo ma\u0161inos ir s\u0117jamosios, svirties cilindras valdo valdymo svirties judes\u012f, atlikdamas tokias u\u017eduotis kaip s\u0117ja, tr\u0119\u0161imas ir derliaus nu\u0117mimas.<\/p>\n<p>Kasyba: Kasybos \u012frangoje rankos cilindras naudojamas kasybos \u012frangos rankos jud\u0117jimui valdyti, kasant ir transportuojant r\u016bd\u0105.<\/p>\n<p>Logistika ir transportavimas: \u0160akiniuose krautuvuose ir tvarkymo robotuose rankos cilindras naudojamas \u0161aki\u0173 k\u0117limui ir jud\u0117jimui valdyti, taip u\u017etikrinant med\u017eiag\u0173 tvarkym\u0105 ir sukraunim\u0105.<\/p>\n<p>Projektavimo aspektai ir atrankos kriterijai<\/p>\n<p>Apkrovos paj\u0117gumas: Svirties cilindras turi tur\u0117ti pakankam\u0105 apkrovos paj\u0117gum\u0105, kad atlaikyt\u0173 mechanizmo ir pried\u0173 svor\u012f bei \u012ftemp\u012f.<\/p>\n<p>Sandarinimas: Svirties cilindras turi b\u016bti gerai sandarus, kad b\u016bt\u0173 i\u0161vengta hidraulinio skys\u010dio nuot\u0117kio ir b\u016bt\u0173 u\u017etikrintas normalus hidraulin\u0117s sistemos veikimas.<\/p>\n<p>Patvarumas: Svirties cilindras turi b\u016bti patvarus, pasi\u017eym\u0117ti puikiu atsparumu dilimui ir korozijai, tinkamas naudoti at\u0161iauriomis s\u0105lygomis.<\/p>\n<p>Sauga: Svirties cilindras turi b\u016bti suprojektuotas su saugos funkcijomis, u\u017etikrinan\u010diomis personalo ir mechanizm\u0173 saug\u0105 eksploatacijos metu.<\/p>\n<p>Prie\u017ei\u016bra: Svirties cilindras turi b\u016bti suprojektuotas taip, kad j\u012f b\u016bt\u0173 lengva pri\u017ei\u016br\u0117ti ir keisti, kad reguliari ap\u017ei\u016bra ir prie\u017ei\u016bra b\u016bt\u0173 patogesni, o \u012frangos prastovos laikas sutrump\u0117t\u0173.<\/p>\n<p><img decoding=\"async\" src=\"https:\/\/www.hydraulic-cylinders.net\/wp-content\/uploads\/2025\/01\/songte-cylinder-head-with-all-kinds-excavator-models.webp\" alt=\"\u201eVolvo\u201c ratinio ekskavatoriaus EW60C svirties cilindras (paveiksl\u0117lis)\"><\/p>\n<p>Sandarinimas ir tepimas<\/p>\n<p>Naudojami \u012fvair\u016bs sandarinimo elementai, tokie kaip st\u016bmoklio ir strypo sandarikliai, ir parenkamos atsparios dilimui med\u017eiagos, tokios kaip poliuretanas ir nitrilo kau\u010diukas. Cilindro korpusas ir sriegio galo pavir\u0161ius yra smulkiai apdirbti, siekiant pagerinti atsparum\u0105 dilimui. Norint u\u017etikrinti normal\u0173 hidraulin\u0117s sistemos veikim\u0105, cilindrui sutepti reikia reguliariai \u012fpilti tinkam\u0105 kiek\u012f hidraulin\u0117s alyvos.<\/p>\n<p>Prie\u017ei\u016bra ir atsargumo priemon\u0117s<\/p>\n<p>Norint u\u017etikrinti normal\u0173 mechanizmo veikim\u0105, b\u016btina reguliariai tikrinti ir pri\u017ei\u016br\u0117ti svirties cilindr\u0105. Kai kurios atsargumo priemon\u0117s:<\/p>\n<p>\u2013 Reguliariai tikrinkite hidraulin\u0117s alyvos lyg\u012f ir kokyb\u0119, kad alyva atitikt\u0173 reikalavimus.<\/p>\n<p>\u2013 Patikrinkite cilindro korpus\u0105 ir st\u016bmoklio kot\u0105, ar jie nesusid\u0117v\u0117j\u0119 ir nepa\u017eeisti, ir laiku juos pakeiskite.<\/p>\n<p>\u2013 Patikrinkite, ar sandarikliai nepa\u017eeisti ir ar n\u0117ra nuot\u0117ki\u0173, ir laiku juos pakeiskite.<\/p>\n<p>\u2013 Reguliariai valykite cilindro korpus\u0105 ir st\u016bmoklio kot\u0105, kad pa\u0161alintum\u0117te ne\u0161varumus ir \u0161iuk\u0161les.<\/p>\n<p>\u2013 Laikykit\u0117s gamintojo pateikt\u0173 technin\u0117s prie\u017ei\u016bros ir remonto instrukcij\u0173.<\/p>\n<p>Diegimo vadovas<\/p>\n<p>\u0160ie veiksmai reikalingi cilindro svirties montavimui:<\/p>\n<p>\u2013 Paruo\u0161kite montavimo viet\u0105 ir \u012frankius.<\/p>\n<p>\u2013 Pad\u0117kite cilindr\u0105 ant tvirtinimo pavir\u0161iaus ir sulygiuokite var\u017et\u0173 skyles.<\/p>\n<p>\u2013 Priver\u017ekite var\u017etus iki nurodyto sukimo momento.<\/p>\n<p>\u2013 Prijunkite hidraulines \u017earnas ir jungiam\u0105sias detales.<\/p>\n<p>\u2013 Pripildykite hidraulin\u0119 sistem\u0105 rekomenduojamos hidraulin\u0117s alyvos.<\/p>\n<p>\u2013 Patikrinkite cilindr\u0105, ar n\u0117ra nuot\u0117ki\u0173 ir ar jis tinkamai veikia.<\/p>\n<p><img decoding=\"async\" src=\"https:\/\/www.hydraulic-cylinders.net\/wp-content\/uploads\/2025\/01\/songte-bushings-with-all-kinds-of-excavator-models.webp\" alt=\"\u201eVolvo\u201c ratinio ekskavatoriaus EW60C svirties cilindras (paveiksl\u0117lis)\"><\/p>\n<p>Saugos aspektai ir aplinkos veiksniai<\/p>\n<p>Montuojant ir naudojant svirties cilindr\u0105, b\u016btina laikytis saugos priemoni\u0173. Kai kurios saugos priemon\u0117s apima:<\/p>\n<p>\u2013 D\u0117v\u0117kite apsaugines priemones, tokias kaip pir\u0161tines ir akinius.<\/p>\n<p>\u2013 Kad i\u0161vengtum\u0117te traum\u0173, naudokite tinkam\u0105 k\u0117limo \u012frang\u0105.<\/p>\n<p>\u2013 Dirbdami \u0161alia hidraulini\u0173 sistem\u0173, b\u016bkite atsarg\u016bs, kad i\u0161vengtum\u0117te su\u017ealojim\u0173 d\u0117l auk\u0161to sl\u0117gio skys\u010dio.<\/p>\n<p>\u2013 Laikykit\u0117s gamintojo nurodym\u0173, kad \u012frenginys b\u016bt\u0173 saugus.<\/p>\n<p>Gaminant ir renkantis svirties cilindr\u0105, taip pat reikia atsi\u017evelgti \u012f tokius aplinkos veiksnius kaip temperat\u016bra, dr\u0117gm\u0117 ir korozija.<\/p>\n<p>Trik\u010di\u0173 \u0161alinimas ir da\u017eniausios problemos<\/p>\n<p>Kai kurios da\u017enos svirties cilindro problemos yra sandarikli\u0173, cilindro ir st\u016bmoklio koto nuot\u0117kiai, susid\u0117v\u0117jimas ir pa\u017eeidimai. Toliau pateikiami keli patarimai, kaip pa\u0161alinti triktis ir i\u0161spr\u0119sti \u0161ias problemas:<\/p>\n<p>\u2013 Patikrinkite hidraulin\u0117s alyvos lyg\u012f ir kokyb\u0119 ir, jei reikia, \u012fpilkite arba pakeiskite alyv\u0105.<\/p>\n<p>\u2013 Patikrinkite, ar sandarikliai nepa\u017eeisti ir ar n\u0117ra nuot\u0117ki\u0173, ir laiku juos pakeiskite.<\/p>\n<p>\u2013 Patikrinkite cilindro korpus\u0105 ir st\u016bmoklio kot\u0105, ar jie nesusid\u0117v\u0117j\u0119 ir nepa\u017eeisti, ir laiku juos pakeiskite.<\/p>\n<p>\u2013 Patikrinkite hidraulines \u017earnas ir jungiam\u0105sias detales, ar n\u0117ra nuot\u0117ki\u0173 ir pa\u017eeidim\u0173, ir laiku jas pakeiskite.<\/p>\n<p>Prevencin\u0117s priemon\u0117s, tokios kaip reguliari ap\u017ei\u016bra ir prie\u017ei\u016bra, gali pad\u0117ti suma\u017einti galimas problemas ir pailginti svirties cilindro tarnavimo laik\u0105.<\/p>\n<p><img decoding=\"async\" src=\"https:\/\/www.hydraulic-cylinders.net\/wp-content\/uploads\/2025\/01\/songte-chushion-collar.webp\" alt=\"\u201eVolvo\u201c ratinio ekskavatoriaus EW60C svirties cilindras (paveiksl\u0117lis)\"><\/p>\n<p>\u012emon\u0117s pristatymas<\/p>\n<p>Esame profesionalus alternatyvi\u0173 hidraulini\u0173 cilindr\u0173 gamintojas, si\u016blantis plat\u0173 gamini\u0173 asortiment\u0105. Tapome vienu i\u0161 pirmaujan\u010di\u0173 hidraulini\u0173 cilindr\u0173 gamintoj\u0173 ir didmenini\u0173 platintoj\u0173 vidaus ir tarptautin\u0117se rinkose. Visada laikom\u0117s puikios kokyb\u0117s principo, remdamiesi industrializuotomis gamybos valdymo strategijomis, ir nuolat tobuliname savo technin\u012f lyg\u012f bei gamybos efektyvum\u0105. Diegdami auk\u0161\u010diausios klas\u0117s skaitmenin\u0119 gamybos \u012frang\u0105 ir profesionalias testavimo sistemas, nuolat optimizuojame gamybos platform\u0105, tobuliname savo gamini\u0173 kokyb\u0117s kontrol\u0117s proces\u0105 ir turime stiprias inovacij\u0173 galimybes. M\u016bs\u0173 tikslas \u2013 patenkinti \u012fvairius klient\u0173 poreikius, laikantis didelio efektyvumo, tikslumo ir auk\u0161tos kokyb\u0117s princip\u0173.<\/p>\n<p>M\u016bs\u0173 \u012fmon\u0117 teikia profesionalias pritaikymo paslaugas, o m\u016bs\u0173 produktai yra sertifikuoti tarptautiniu mastu, tokiais kaip CE ir ISO9001. Turime pa\u017eangi\u0105 gamybos ir bandymo \u012frang\u0105, toki\u0105 kaip CNC tekinimo stakl\u0117s, apdirbimo centrai ir hidraulini\u0173 cilindr\u0173 bandymo \u012franga. M\u016bs\u0173 garantinio aptarnavimo paslaugos taip pat yra puikios, nes klientams teikiame savalaik\u0119 ir efektyvi\u0105 technin\u0119 pagalb\u0105 bei prie\u017ei\u016bros paslaugas.<\/p>\n<p><img decoding=\"async\" src=\"https:\/\/www.hydraulic-cylinders.net\/wp-content\/uploads\/2025\/01\/songte-company-4.webp\" alt=\"\u201eVolvo\u201c ratinio ekskavatoriaus EW60C svirties cilindras (paveiksl\u0117lis)\"><br \/>\n<img decoding=\"async\" src=\"https:\/\/www.hydraulic-cylinders.net\/wp-content\/uploads\/2025\/01\/songte-company-3.webp\" alt=\"\u201eVolvo\u201c ratinio ekskavatoriaus EW60C svirties cilindras (paveiksl\u0117lis)\"><\/p>\n<p>Autorius: lyl.<\/p>","protected":false},"excerpt":{"rendered":"<p>Arm Cylinder for Volvo Wheel Excavator EW60C Introduction Arm cylinder is a specialized hydraulic cylinder designed to provide linear motion and power to the arms of various types of machinery, such as excavators, cranes, and mechanical arms. The arm cylinder plays a crucial role in the hydraulic system, allowing attachments or accessories to move and [&hellip;]<\/p>","protected":false},"featured_media":14766,"comment_status":"open","ping_status":"closed","template":"","meta":{"_et_pb_use_builder":"","_et_pb_old_content":"","_et_gb_content_width":""},"product_brand":[],"product_cat":[1497],"product_tag":[1498,1496],"class_list":{"0":"post-16342","1":"product","2":"type-product","3":"status-publish","4":"has-post-thumbnail","6":"product_cat-arm-cylinders","7":"product_tag-arm-cylinders","8":"product_tag-hydraulic-cylinders","10":"first","11":"instock","12":"shipping-taxable","13":"product-type-simple"},"amp_enabled":true,"_links":{"self":[{"href":"https:\/\/www.hydraulic-cylinders.net\/lt\/wp-json\/wp\/v2\/product\/16342","targetHints":{"allow":["GET"]}}],"collection":[{"href":"https:\/\/www.hydraulic-cylinders.net\/lt\/wp-json\/wp\/v2\/product"}],"about":[{"href":"https:\/\/www.hydraulic-cylinders.net\/lt\/wp-json\/wp\/v2\/types\/product"}],"replies":[{"embeddable":true,"href":"https:\/\/www.hydraulic-cylinders.net\/lt\/wp-json\/wp\/v2\/comments?post=16342"}],"wp:featuredmedia":[{"embeddable":true,"href":"https:\/\/www.hydraulic-cylinders.net\/lt\/wp-json\/wp\/v2\/media\/14766"}],"wp:attachment":[{"href":"https:\/\/www.hydraulic-cylinders.net\/lt\/wp-json\/wp\/v2\/media?parent=16342"}],"wp:term":[{"taxonomy":"product_brand","embeddable":true,"href":"https:\/\/www.hydraulic-cylinders.net\/lt\/wp-json\/wp\/v2\/product_brand?post=16342"},{"taxonomy":"product_cat","embeddable":true,"href":"https:\/\/www.hydraulic-cylinders.net\/lt\/wp-json\/wp\/v2\/product_cat?post=16342"},{"taxonomy":"product_tag","embeddable":true,"href":"https:\/\/www.hydraulic-cylinders.net\/lt\/wp-json\/wp\/v2\/product_tag?post=16342"}],"curies":[{"name":"wp","href":"https:\/\/api.w.org\/{rel}","templated":true}]}}