{"id":16347,"date":"2025-01-20T09:07:55","date_gmt":"2025-01-20T09:07:55","guid":{"rendered":"https:\/\/www.hydraulic-cylinders.net\/product\/arm-cylinderfor-sany-small-excavator-sy65-9\/"},"modified":"2025-01-20T09:07:57","modified_gmt":"2025-01-20T09:07:57","slug":"arm-cylinderfor-sany-small-excavator-sy65-9","status":"publish","type":"product","link":"https:\/\/www.hydraulic-cylinders.net\/lt\/produktas\/arm-cylinderfor-sany-small-excavator-sy65-9\/","title":{"rendered":"Sany ma\u017eo ekskavatoriaus SY65-9 rankenos cilindras"},"content":{"rendered":"<h1>Sany ma\u017eo ekskavatoriaus SY65-9 rankenos cilindras<\/h1>\n<h2>\u012evadas<\/h2>\n<p>Svirties cilindras yra specialiai suprojektuotas hidraulinis cilindras, u\u017etikrinantis tiesin\u012f jud\u0117jim\u0105 ir gali\u0105 \u012fvairi\u0173 mechanizm\u0173, toki\u0173 kaip ekskavatoriai, kranai ir robotin\u0117s svirtys, svir\u010diai. Jis atlieka labai svarb\u0173 vaidmen\u012f hidraulin\u0117se sistemose, nes leid\u017eia efektyviai jud\u0117ti ir valdyti papildomus \u012frankius ar priedus. \u0160ie cilindrai ne tik u\u017etikrina skland\u0173 jud\u0117jim\u0105, bet ir atlaiko dideles apkrovas, u\u017etikrindami efektyv\u0173 mechanizm\u0173 veikim\u0105 ir patikimum\u0105 \u012fvairiomis darbo s\u0105lygomis.<\/p>\n<p><img decoding=\"async\" src=\"https:\/\/www.hydraulic-cylinders.net\/wp-content\/uploads\/2025\/01\/songte-company-2.webp\"><\/p>\n<h2>Savyb\u0117s<\/h2>\n<ul>\n<li><strong>Didelio efektyvumo transmisija:<\/strong> Svirties cilindras u\u017etikrina galing\u0105 tiesin\u012f judes\u012f ir j\u0117g\u0105, u\u017etikrindamas auk\u0161t\u0105 ma\u0161inos svirties efektyvum\u0105 atliekant \u012fvairias operacijas.<\/li>\n<li><strong>Tikslus valdymas:<\/strong> Hidraulin\u0117s sistemos d\u0117ka svirties cilindras leid\u017eia tiksliai valdyti judes\u012f, tod\u0117l papildom\u0173 \u012franki\u0173 valdymas tampa lankstesnis ir tikslesnis.<\/li>\n<li><strong>Patvarumas:<\/strong> Svirtiniai cilindrai paprastai gaminami i\u0161 didelio stiprumo med\u017eiag\u0173, kurios pasi\u017eymi puikiu atsparumu dilimui ir korozijai, tod\u0117l tinka ilgalaikiam naudojimui at\u0161iauriomis s\u0105lygomis.<\/li>\n<li><strong>Daugiafunkcinis prisitaikymas:<\/strong> \u0160ie cilindrai gali b\u016bti pla\u010diai naudojami \u012fvairi\u0173 tip\u0173 ma\u0161inose, tokiose kaip ekskavatoriai, kranai ir robotin\u0117s rankos, pritaikant juos prie skirting\u0173 darbo reikalavim\u0173.<\/li>\n<li><strong>Lengva prie\u017ei\u016bra:<\/strong> Sukurtas lengvam techniniam aptarnavimui ir keitimui, svirties cilindras palengvina patogius reguliarius patikrinimus ir technin\u0119 prie\u017ei\u016br\u0105, taip suma\u017einant \u012frangos prastov\u0173 laik\u0105.<\/li>\n<\/ul>\n<p><img decoding=\"async\" src=\"https:\/\/www.hydraulic-cylinders.net\/wp-content\/uploads\/2025\/01\/songte-oil-pipes-and-spare-parts.webp\"><\/p>\n<h2>Parai\u0161kos<\/h2>\n<p>Svirtinis cilindras naudojamas \u012fvairiose pramon\u0117s \u0161akose ir sektoriuose:<\/p>\n<ul>\n<li><strong>Statybos in\u017einerija:<\/strong> Ekskavatoriuose ir kranuose svirties cilindras valdo kau\u0161\u0173 arba str\u0117li\u0173 jud\u0117jim\u0105 atliekant \u017eem\u0117s darbus, med\u017eiag\u0173 tvarkym\u0105 ir konstrukcij\u0173 montavim\u0105.<\/li>\n<li><strong>Gamyba:<\/strong> Automatizuotose gamybos linijose robotini\u0173 rank\u0173 judinimui naudojamas rankos cilindras, leid\u017eiantis atlikti tokius procesus kaip surinkimas, suvirinimas ir med\u017eiag\u0173 tvarkymas, taip pagerinant gamybos efektyvum\u0105 ir tikslum\u0105.<\/li>\n<li><strong>\u017dem\u0117s \u016bkio technika:<\/strong> \u017dem\u0117s \u016bkio technikoje, pavyzd\u017eiui, derliaus nu\u0117mimo ir s\u0117jamosiose, svirties cilindras valdo darbini\u0173 svir\u010di\u0173 jud\u0117jim\u0105, atlikdamas tokias u\u017eduotis kaip s\u0117ja, tr\u0119\u0161imas ir derliaus nu\u0117mimas.<\/li>\n<li><strong>Kasyba:<\/strong> Kasybos \u012frangoje svirties cilindras valdo kasybos ma\u0161in\u0173 svirties jud\u0117jim\u0105, palengvindamas r\u016bdos gavyb\u0105 ir transportavim\u0105.<\/li>\n<li><strong>Logistika ir transportas:<\/strong> \u0160akiniuose krautuvuose ir robotuose svirties cilindras valdo \u0161aki\u0173 k\u0117lim\u0105 ir jud\u0117jim\u0105, taip \u012fgalindamas med\u017eiag\u0173 tvarkym\u0105 ir krovim\u0105.<\/li>\n<\/ul>\n<h2>Projektavimo aspektai ir atrankos kriterijai<\/h2>\n<ul>\n<li><strong>Keliamoji galia:<\/strong> Svirties cilindras suprojektuotas taip, kad atlaikyt\u0173 reikiam\u0105 apkrov\u0105, u\u017etikrindamas saug\u0173 ir efektyv\u0173 veikim\u0105.<\/li>\n<li><strong>Sandarinimas:<\/strong> Siekiant u\u017etikrinti tinkam\u0105 sandarum\u0105, naudojami \u012fvair\u016bs sandarikliai, pavyzd\u017eiui, st\u016bmokli\u0173 ir kot\u0173 sandarikliai. \u0160ie sandarikliai pagaminti i\u0161 atspari\u0173 dilimui med\u017eiag\u0173, toki\u0173 kaip poliuretanas ir nitrilo kau\u010diukas. Cilindro korpusas ir srieginis galas yra kruop\u0161\u010diai apdirbti, siekiant padidinti atsparum\u0105 dilimui.<\/li>\n<li><strong>Patvarumas:<\/strong> Svirtiniai cilindrai pagaminti i\u0161 patvari\u0173 med\u017eiag\u0173 ir yra grie\u017etai i\u0161bandyti, siekiant u\u017etikrinti j\u0173 geb\u0117jim\u0105 atlaikyti sud\u0117tingas eksploatavimo s\u0105lygas.<\/li>\n<li><strong>Saugumas:<\/strong> \u012e konstrukcij\u0105 \u012ftrauktos tokios saugos funkcijos kaip sl\u0117gio ma\u017einimo vo\u017etuvai ir apsaugos nuo perkrovos mechanizmai, u\u017etikrinantys operatori\u0173 ir \u012frangos saugum\u0105.<\/li>\n<li><strong>Prie\u017ei\u016bra:<\/strong> Svirties cilindro konstrukcija sukurta taip, kad b\u016bt\u0173 lengva pri\u017ei\u016br\u0117ti ir keisti komponentus, taip sutrumpinant prastovas ir palengvinant reguliarias patikras.<\/li>\n<\/ul>\n<p><img decoding=\"async\" src=\"https:\/\/www.hydraulic-cylinders.net\/wp-content\/uploads\/2025\/01\/songte-cylinder-head-with-all-kinds-excavator-models.webp\"><\/p>\n<h2>Sandarinimas ir tepimas<\/h2>\n<p>Svirtiniame cilindre naudojami \u012fvair\u016bs sandarinimo komponentai, tokie kaip st\u016bmokli\u0173 ir kot\u0173 sandarikliai, kurie pagaminti i\u0161 atspari\u0173 dilimui med\u017eiag\u0173, toki\u0173 kaip poliuretanas ir nitrilo kau\u010diukas. Cilindro korpusas ir srieginis galinis pavir\u0161ius yra kruop\u0161\u010diai apdorojami, siekiant pagerinti atsparum\u0105 dilimui. Norint u\u017etikrinti skland\u0173 veikim\u0105 ir pailginti cilindro tarnavimo laik\u0105, b\u016btina reguliariai tepti tinkama hidrauline alyva.<\/p>\n<h2>Reguliarus patikrinimas ir prevencin\u0117 prie\u017ei\u016bra<\/h2>\n<ul>\n<li>Reguliariai tikrinkite svirties cilindr\u0105, ar n\u0117ra susid\u0117v\u0117jimo, nuot\u0117kio ar pa\u017eeidim\u0173 po\u017eymi\u0173.<\/li>\n<li>Patikrinkite ir prireikus pakeiskite sandariklius ir kitus komponentus.<\/li>\n<li>U\u017etikrinkite tinkam\u0105 sutepim\u0105 ir nuvalykite ne\u0161varumus ar \u0161iuk\u0161les.<\/li>\n<li>Steb\u0117kite hidraulin\u0119 sistem\u0105, ar n\u0117ra koki\u0173 nors nenormali\u0173 sl\u0117gio ar temperat\u016bros svyravim\u0173.<\/li>\n<li>Laikykit\u0117s gamintojo rekomenduojamo technin\u0117s prie\u017ei\u016bros grafiko ir nurodym\u0173.<\/li>\n<\/ul>\n<h2>Produkto diegimo vadovas<\/h2>\n<p>Tinkamas svirties cilindro montavimas yra b\u016btinas optimaliam jo veikimui ir ilgaam\u017ei\u0161kumui. Atlikite \u0161iuos veiksmus:<\/p>\n<ol>\n<li>\u012esitikinkite, kad \u012franga yra i\u0161jungta ir stabilioje pad\u0117tyje.<\/li>\n<li>Nuimkite bet kok\u012f sen\u0105 arba pa\u017eeist\u0105 cilindr\u0105.<\/li>\n<li>Atsargiai sulygiuokite nauj\u0105 svirties cilindr\u0105 su tvirtinimo ta\u0161kais.<\/li>\n<li>Tvirtai pritvirtinkite cilindr\u0105 naudodami tinkamus var\u017etus ir jungiam\u0105sias detales.<\/li>\n<li>Prijunkite hidraulines \u017earnas pagal gamintojo specifikacijas.<\/li>\n<li>Dar kart\u0105 patikrinkite visas jungtis ir \u012fsitikinkite, kad jos yra sandarios ir be nuot\u0117kio.<\/li>\n<li>\u012edieg\u0119 patikrinkite svirties cilindro veikim\u0105 ir atlikite visus reikiamus reguliavimus.<\/li>\n<\/ol>\n<p><img decoding=\"async\" src=\"https:\/\/www.hydraulic-cylinders.net\/wp-content\/uploads\/2025\/01\/songte-bushings-with-all-kinds-of-excavator-models.webp\"><\/p>\n<h2>Saugos aspektai ir aplinkos veiksniai<\/h2>\n<p>Naudojant svirties cilindr\u0105, labai svarbu laikytis saugos priemoni\u0173, kad b\u016bt\u0173 i\u0161vengta nelaiming\u0173 atsitikim\u0173 ir u\u017etikrinta operatoriaus gerov\u0117. Saugos priemon\u0117s gali apimti tinkam\u0105 mokym\u0105, apsaugin\u0119 \u012frang\u0105 ir \u012frangos eksploatavimo gairi\u0173 laikym\u0105si. Taip pat reik\u0117t\u0173 atsi\u017evelgti \u012f aplinkosaugos aspektus, pavyzd\u017eiui, tinkam\u0105 hidraulini\u0173 skys\u010di\u0173 \u0161alinim\u0105 ir aplinkosaugos taisykli\u0173 laikym\u0105si.<\/p>\n<h2>Gedim\u0173 diagnostika ir da\u017eniausios problemos<\/h2>\n<p>Da\u017eniausios problemos, galin\u010dios kilti d\u0117l svirties cilindro, yra nuot\u0117kis, suma\u017e\u0117j\u0119s na\u0161umas ir ne\u012fprastas triuk\u0161mas. \u0160ias problemas galima diagnozuoti:<\/p>\n<ul>\n<li>Sandarikli\u0173 ir jung\u010di\u0173 patikrinimas, ar n\u0117ra koki\u0173 nors nuot\u0117kio po\u017eymi\u0173.<\/li>\n<li>Hidraulin\u0117s sistemos sl\u0117gio ir srauto patikrinimas.<\/li>\n<li>\u012esiklausoma, ar veikimo metu n\u0117ra ne\u012fprast\u0173 gars\u0173.<\/li>\n<\/ul>\n<p>Nor\u0117dami i\u0161spr\u0119sti \u0161ias problemas:<\/p>\n<ul>\n<li>Pakeiskite pa\u017eeistus sandariklius arba komponentus.<\/li>\n<li>U\u017etikrinkite tinkam\u0105 hidraulinio skys\u010dio lyg\u012f ir, jei reikia, i\u0161valykite sistem\u0105.<\/li>\n<li>Patikrinkite ir i\u0161valykite visus u\u017esikim\u0161usius filtrus.<\/li>\n<li>Jei problema i\u0161lieka, kreipkit\u0117s \u012f kvalifikuot\u0105 specialist\u0105 arba susisiekite su gamintoju d\u0117l tolesn\u0117s pagalbos.<\/li>\n<\/ul>\n<p><img decoding=\"async\" src=\"https:\/\/www.hydraulic-cylinders.net\/wp-content\/uploads\/2025\/01\/songte-chushion-collar.webp\"><\/p>\n<p>Autorius: lyl<\/p>\n<h2>Apie mus<\/h2>\n<p>Esame profesionalus pakaitini\u0173 hidraulini\u0173 cilindr\u0173 gamintojas, si\u016blantis plat\u0173 gamini\u0173 asortiment\u0105. Tapome vienu i\u0161 pirmaujan\u010di\u0173 hidraulini\u0173 cilindr\u0173 gamintoj\u0173 ir didmenini\u0173 platintoj\u0173 vidaus ir tarptautin\u0117se rinkose. M\u016bs\u0173 \u012fsipareigojimas siekti meistri\u0161kumo grind\u017eiamas puikia gamybos praktika, \u012fdiegta m\u016bs\u0173 pramon\u0117s standartus atitinkan\u010diose gamybos \u012fmon\u0117se. Nuolat stengiam\u0117s tobulinti savo technologinius paj\u0117gumus ir gamybos efektyvum\u0105, diegdami pa\u017eangi\u0105 skaitmenin\u0119 gamybos \u012frang\u0105 ir profesionalias bandym\u0173 sistemas. Didel\u012f d\u0117mes\u012f skirdami inovacijoms, siekiame patenkinti \u012fvairius klient\u0173 poreikius, u\u017etikrindami auk\u0161t\u0105 efektyvum\u0105, tikslum\u0105 ir kokyb\u0119. <\/p>\n<p><img decoding=\"async\" src=\"https:\/\/www.hydraulic-cylinders.net\/wp-content\/uploads\/2025\/01\/songte-company-4.webp\"><br \/>\n<img decoding=\"async\" src=\"https:\/\/www.hydraulic-cylinders.net\/wp-content\/uploads\/2025\/01\/songte-company-3.webp\"><\/p>","protected":false},"excerpt":{"rendered":"<p>Arm Cylinder For Sany Small Excavator SY65-9 Introduction The Arm Cylinder is a specially designed hydraulic cylinder that provides linear motion and power to the arm of various machinery, such as excavators, cranes, and robotic arms. It plays a crucial role in hydraulic systems, enabling the effective movement and control of additional tools or attachments. [&hellip;]<\/p>","protected":false},"featured_media":14779,"comment_status":"open","ping_status":"closed","template":"","meta":{"_et_pb_use_builder":"","_et_pb_old_content":"","_et_gb_content_width":""},"product_brand":[],"product_cat":[1497],"product_tag":[1498,1496],"class_list":{"0":"post-16347","1":"product","2":"type-product","3":"status-publish","4":"has-post-thumbnail","6":"product_cat-arm-cylinders","7":"product_tag-arm-cylinders","8":"product_tag-hydraulic-cylinders","10":"first","11":"instock","12":"shipping-taxable","13":"product-type-simple"},"amp_enabled":true,"_links":{"self":[{"href":"https:\/\/www.hydraulic-cylinders.net\/lt\/wp-json\/wp\/v2\/product\/16347","targetHints":{"allow":["GET"]}}],"collection":[{"href":"https:\/\/www.hydraulic-cylinders.net\/lt\/wp-json\/wp\/v2\/product"}],"about":[{"href":"https:\/\/www.hydraulic-cylinders.net\/lt\/wp-json\/wp\/v2\/types\/product"}],"replies":[{"embeddable":true,"href":"https:\/\/www.hydraulic-cylinders.net\/lt\/wp-json\/wp\/v2\/comments?post=16347"}],"wp:featuredmedia":[{"embeddable":true,"href":"https:\/\/www.hydraulic-cylinders.net\/lt\/wp-json\/wp\/v2\/media\/14779"}],"wp:attachment":[{"href":"https:\/\/www.hydraulic-cylinders.net\/lt\/wp-json\/wp\/v2\/media?parent=16347"}],"wp:term":[{"taxonomy":"product_brand","embeddable":true,"href":"https:\/\/www.hydraulic-cylinders.net\/lt\/wp-json\/wp\/v2\/product_brand?post=16347"},{"taxonomy":"product_cat","embeddable":true,"href":"https:\/\/www.hydraulic-cylinders.net\/lt\/wp-json\/wp\/v2\/product_cat?post=16347"},{"taxonomy":"product_tag","embeddable":true,"href":"https:\/\/www.hydraulic-cylinders.net\/lt\/wp-json\/wp\/v2\/product_tag?post=16347"}],"curies":[{"name":"wp","href":"https:\/\/api.w.org\/{rel}","templated":true}]}}