{"id":16350,"date":"2025-01-20T09:08:07","date_gmt":"2025-01-20T09:08:07","guid":{"rendered":"https:\/\/www.hydraulic-cylinders.net\/product\/arm-cylinderfor-sany-small-excavator-sy135c-9\/"},"modified":"2025-01-20T09:08:10","modified_gmt":"2025-01-20T09:08:10","slug":"arm-cylinderfor-sany-small-excavator-sy135c-9","status":"publish","type":"product","link":"https:\/\/www.hydraulic-cylinders.net\/lt\/produktas\/arm-cylinderfor-sany-small-excavator-sy135c-9\/","title":{"rendered":"Sany ma\u017eo ekskavatoriaus SY135C-9 rankenos cilindras"},"content":{"rendered":"<h2>Sany ma\u017eo ekskavatoriaus SY135C-9 rankenos cilindras<\/h2>\n<p>Svirties cilindras yra specialiai suprojektuotas hidraulinis cilindras, naudojamas \u012fvairi\u0173 tip\u0173 ma\u0161in\u0173, toki\u0173 kaip ekskavatoriai, kranai ir robotin\u0117s rankos, svir\u010diai tiesiniam judesiui ir galiai u\u017etikrinti. Svirties cilindras atlieka labai svarb\u0173 vaidmen\u012f hidraulin\u0117se sistemose, nes leid\u017eia efektyviai jud\u0117ti ir valdyti papildomus \u012frankius ar priedus. \u0160ie cilindrai ne tik u\u017etikrina skland\u0173 jud\u0117jim\u0105, bet ir atlaiko dideles apkrovas, u\u017etikrindami efektyv\u0173 ma\u0161in\u0173 veikim\u0105 ir patikimum\u0105 \u012fvairiomis darbo s\u0105lygomis.<\/p>\n<p><img decoding=\"async\" src=\"https:\/\/www.hydraulic-cylinders.net\/wp-content\/uploads\/2025\/01\/songte-company-2.webp\" alt=\"Svirties cilindro vaizdas\"><\/p>\n<h3>Svirtinio cilindro savyb\u0117s:<\/h3>\n<ol>\n<li>Didelio efektyvumo transmisija: Svirties cilindras u\u017etikrina galing\u0105 tiesin\u012f judes\u012f ir j\u0117g\u0105, u\u017etikrindamas didel\u012f mechanin\u0117s svirties na\u0161um\u0105 atliekant \u012fvairias operacijas.<\/li>\n<li>Tikslus valdymas: Hidraulin\u0117s sistemos d\u0117ka svirties cilindras leid\u017eia tiksliai valdyti judes\u012f, tod\u0117l pritvirtint\u0173 \u012franki\u0173 valdymas tampa lankstesnis ir tikslesnis.<\/li>\n<li>Didelis patvarumas: Svirtiniai cilindrai paprastai gaminami i\u0161 didelio stiprumo med\u017eiag\u0173, pasi\u017eymin\u010di\u0173 puikiu atsparumu dilimui ir korozijai, tod\u0117l jie tinkami ilgalaikiam naudojimui at\u0161iauriomis s\u0105lygomis.<\/li>\n<li>Daugiafunkcis pritaikomumas: \u0160ie cilindrai yra pla\u010diai pritaikomi \u012fvairioms ma\u0161in\u0173 \u012frangai, pavyzd\u017eiui, ekskavatoriams, kranams ir robotin\u0117ms rankoms, prisitaikant prie skirting\u0173 darbo reikalavim\u0173.<\/li>\n<li>Lengva prie\u017ei\u016bra: konstrukcija skirta lengvam techniniam aptarnavimui ir pakeitimui, tod\u0117l reguliari ap\u017ei\u016bra ir technin\u0117 prie\u017ei\u016bra yra patogesni, o \u012frangos prastovos laikas sutrump\u0117ja.<\/li>\n<\/ol>\n<p><img decoding=\"async\" src=\"https:\/\/www.hydraulic-cylinders.net\/wp-content\/uploads\/2025\/01\/songte-oil-pipes-and-spare-parts.webp\" alt=\"Svirties cilindro atsargini\u0173 dali\u0173 vaizdas\"><\/p>\n<p>M\u016bs\u0173 si\u016blomas svirties cilindras puikiai pakei\u010dia \u0161iuos hidraulinius cilindrus. <\/p>\n<h3>Rankinio cilindro pritaikymas:<\/h3>\n<p>1. Statybos in\u017einerija: ekskavatoriuose ir kranuose svirties cilindras naudojamas kau\u0161\u0173 ar str\u0117li\u0173 jud\u0117jimui valdyti, atliekant \u017eem\u0117s darbus, med\u017eiag\u0173 tvarkym\u0105 ir konstrukcij\u0173 montavim\u0105.<\/p>\n<p>2. Gamybos pramon\u0117: Automatizuotose gamybos linijose rankos cilindras naudojamas robotin\u0117ms rankoms judinti, atliekant surinkimo, suvirinimo ir tvarkymo procesus, taip gerinant gamybos efektyvum\u0105 ir tikslum\u0105.<\/p>\n<p>3. \u017dem\u0117s \u016bkio technika: \u017dem\u0117s \u016bkio ma\u0161inose, tokiose kaip derliaus nu\u0117mimo ma\u0161inos ir s\u0117jamosios, svirties cilindras valdo darbini\u0173 svir\u010di\u0173 jud\u0117jim\u0105, atlikdamas tokias u\u017eduotis kaip s\u0117ja, tr\u0119\u0161imas ir derliaus nu\u0117mimas.<\/p>\n<p>4. Kasyba: Kasybos \u012frangoje svirties cilindras naudojamas kasybos ma\u0161in\u0173 svirties jud\u0117jimui valdyti, palengvinant r\u016bdos gavyb\u0105 ir transportavim\u0105.<\/p>\n<p>5. Logistika ir transportavimas: \u0160akiniuose krautuvuose ir krovini\u0173 krovimo robotuose svirties cilindras naudojamas \u0161aki\u0173 k\u0117limui ir jud\u0117jimui valdyti, taip u\u017etikrinant med\u017eiag\u0173 tvarkym\u0105 ir krovim\u0105.<\/p>\n<h3>Projektavimo aspektai ir atrankos kriterijai:<\/h3>\n<p>Kalbant apie svirtini\u0173 cilindr\u0173 projektavimo aspektus ir atrankos kriterijus, svarb\u016bs keli veiksniai:<\/p>\n<ol>\n<li>Apkrovos paj\u0117gumas: Svirties cilindras turi atlaikyti numatomas apkrovas ir j\u0117gas eksploatacijos metu.<\/li>\n<li>Sandarinimo galimyb\u0117s: Siekiant u\u017etikrinti efektyv\u0173 sandarinim\u0105, tur\u0117t\u0173 b\u016bti naudojami \u012fvair\u016bs sandarinimo komponentai, tokie kaip st\u016bmokli\u0173 ir kot\u0173 sandarikliai. \u0160iems sandarikliams da\u017eniausiai pasirenkamos poliuretanas ir nitrilo kau\u010diukas, atsparios dilimui.<\/li>\n<li>Patvarumas: Cilindro korpusas ir srieginiai galai turi b\u016bti kruop\u0161\u010diai apdirbti, kad b\u016bt\u0173 padidintas atsparumas dilimui. Norint tinkamai veikti, b\u016btina reguliariai tepti tinkama hidrauline alyva.<\/li>\n<li>Sauga: Hidraulin\u0117je sistemoje tur\u0117t\u0173 b\u016bti \u012frengtos saugos priemon\u0117s, tokios kaip sl\u0117gio ma\u017einimo vo\u017etuvai, kad b\u016bt\u0173 i\u0161vengta per didelio sl\u0117gio ir u\u017etikrintas saugus veikimas.<\/li>\n<li>Prie\u017ei\u016bra: konstrukcija tur\u0117t\u0173 u\u017etikrinti lengv\u0105 prie\u017ei\u016br\u0105 ir remont\u0105, leid\u017eiant greitai patikrinti ir pakeisti komponentus, taip suma\u017einant prastovas.<\/li>\n<\/ol>\n<p><img decoding=\"async\" src=\"https:\/\/www.hydraulic-cylinders.net\/wp-content\/uploads\/2025\/01\/songte-cylinder-head-with-all-kinds-excavator-models.webp\" alt=\"Svirties cilindro dizaino vaizdas\"><\/p>\n<h3>Svirties cilindro sandarinimas ir tepimas:<\/h3>\n<p>Svirtiniuose cilindruose naudojami \u012fvair\u016bs sandarinimo komponentai, \u012fskaitant st\u016bmokli\u0173 sandariklius, stryp\u0173 sandariklius ir kt., kurie pagaminti i\u0161 atspari\u0173 dilimui med\u017eiag\u0173, toki\u0173 kaip poliuretanas ir nitrilo kau\u010diukas. Cilindro korpusas ir srieginiai galai yra kruop\u0161\u010diai apdorojami, kad padid\u0117t\u0173 atsparumas dilimui. Norint u\u017etikrinti skland\u0173 veikim\u0105, b\u016btina reguliariai tepti tinkamu hidraulin\u0117s alyvos kiekiu.<\/p>\n<h3>Reguliarus patikrinimas ir prevencin\u0117 prie\u017ei\u016bra:<\/h3>\n<p>Norint u\u017etikrinti optimal\u0173 svirties cilindro veikim\u0105 ir ilgaam\u017ei\u0161kum\u0105, b\u016btina reguliariai atlikti patikrinimus ir profilaktinius darbus:<\/p>\n<ol>\n<li>Patikrinkite, ar n\u0117ra cilindro korpuso, sandarikli\u0173 ir sriegini\u0173 gal\u0173 susid\u0117v\u0117jimo ar pa\u017eeidim\u0173 po\u017eymi\u0173.<\/li>\n<li>Reguliariai tikrinkite ir valykite hidraulin\u0119 sistem\u0105, kad joje nesikaupt\u0173 ter\u0161alai.<\/li>\n<li>Steb\u0117ti ir palaikyti tinkam\u0105 hidraulin\u0117s alyvos lyg\u012f ir kokyb\u0119.<\/li>\n<li>Priver\u017ekite visas atsilaisvinusias jungtis ar jungiam\u0105sias detales.<\/li>\n<li>Laikykit\u0117s gamintojo nurodym\u0173 d\u0117l technin\u0117s prie\u017ei\u016bros grafik\u0173 ir proced\u016br\u0173.<\/li>\n<\/ol>\n<h3>Tinkamo diegimo vadovas:<\/h3>\n<p>Montuodami cilindro svirt\u012f, atlikite \u0161iuos veiksmus:<\/p>\n<ol>\n<li>\u012esitikinkite, kad ekskavatorius arba mechanizmas yra i\u0161jungtas, o hidraulin\u0117je sistemoje n\u0117ra sl\u0117gio.<\/li>\n<li>Tvirtai pritvirtinkite svirties cilindr\u0105 prie numatyt\u0173 tvirtinimo ta\u0161k\u0173, laikydamiesi \u012frangos specifikacij\u0173.<\/li>\n<li>Prijunkite hidraulines \u017earnas prie atitinkam\u0173 jung\u010di\u0173, u\u017etikrindami tinkam\u0105 sandarum\u0105.<\/li>\n<li>Pirmojo paleidimo metu patikrinkite, ar n\u0117ra nuot\u0117ki\u0173 ar ne\u012fprast\u0173 judesi\u0173.<\/li>\n<li>Patikrinkite svirties cilindro veikim\u0105 ir jud\u0117jim\u0105 \u012fvairiomis eksploatavimo s\u0105lygomis.<\/li>\n<\/ol>\n<p><img decoding=\"async\" src=\"https:\/\/www.hydraulic-cylinders.net\/wp-content\/uploads\/2025\/01\/songte-bushings-with-all-kinds-of-excavator-models.webp\" alt=\"Svirties cilindro montavimo paveiksl\u0117lis\"><\/p>\n<h3>Saugos aspektai ir aplinkos veiksniai:<\/h3>\n<p>Naudojant svirtinius cilindrus, labai svarbu teikti pirmenyb\u0119 saugos priemon\u0117ms d\u0117l j\u0173 taikymo pob\u016bd\u017eio. Tinkam\u0173 saugos priemoni\u0173, toki\u0173 kaip operatori\u0173 mokymas, reguliar\u016bs patikrinimai ir saugos gairi\u0173 laikymasis, \u012fgyvendinimas yra nepaprastai svarbus siekiant i\u0161vengti nelaiming\u0173 atsitikim\u0173 ir u\u017etikrinti saugi\u0105 darbo aplink\u0105.<\/p>\n<h3>Trik\u010di\u0173 \u0161alinimas ir da\u017eniausiai pasitaikan\u010dios problemos:<\/h3>\n<p>1. Nuot\u0117kis: patikrinkite, ar n\u0117ra pa\u017eeist\u0173 sandarikli\u0173 arba atsilaisvinusi\u0173 jung\u010di\u0173. Jei reikia, pakeiskite sandariklius ir tinkamai priver\u017ekite jungtis.<\/p>\n<p>2. Netolygus jud\u0117jimas arba strigimas: patikrinkite, ar hidraulin\u0117je sistemoje n\u0117ra \u0161iuk\u0161li\u0173 ar u\u017eter\u0161tumo. Jei reikia, i\u0161valykite arba praplaukite sistem\u0105.<\/p>\n<p>3. Nepakankama galia: patikrinkite hidraulin\u0117s alyvos lyg\u012f ir kokyb\u0119. \u012esitikinkite, kad cilindras n\u0117ra perkrautas ir kad hidraulin\u0117se linijose n\u0117ra joki\u0173 apribojim\u0173.<\/p>\n<p>4. Nenormalus triuk\u0161mas: patikrinkite, ar n\u0117ra atsilaisvinusi\u0173 ar susid\u0117v\u0117jusi\u0173 dali\u0173. Sutepkite arba pakeiskite dalis atitinkamai.<\/p>\n<p>5. Cilindro poslinkis: patikrinkite, ar n\u0117ra vidini\u0173 nuot\u0117ki\u0173 arba susid\u0117v\u0117jusi\u0173 tarpini\u0173. Jei reikia, pakeiskite tarpines.<\/p>\n<p>Vadovaudamiesi \u0161iais trik\u010di\u0173 \u0161alinimo patarimais ir pateikdami sprendimus, skaitytojai gali veiksmingai diagnozuoti ir i\u0161spr\u0119sti problemas, taip pat \u012fgyvendinti prevencines priemones, kad suma\u017eint\u0173 galimas problemas.<\/p>\n<p><img decoding=\"async\" src=\"https:\/\/www.hydraulic-cylinders.net\/wp-content\/uploads\/2025\/01\/songte-chushion-collar.webp\" alt=\"Svirties cilindro trik\u010di\u0173 \u0161alinimo paveiksl\u0117lis\"><\/p>\n<p>Nepamir\u0161kite straipsn\u012f strukt\u016brizuoti logi\u0161kai, naudoti paantra\u0161tes lengvam nar\u0161ymui, \u012ftraukti atitinkam\u0173 vaizd\u0173 ar diagram\u0173, kad b\u016bt\u0173 lengviau suprasti, ir u\u017etikrinti, kad turinys b\u016bt\u0173 ai\u0161kus, glaustas ir tinkamas skaitytojams, turintiems skirting\u0105 technini\u0173 \u017eini\u0173 lyg\u012f.<\/p>\n<p>Galiausiai, esame profesional\u016bs pakaitini\u0173 hidraulini\u0173 cilindr\u0173 gamintojai. Tur\u0117dami plat\u0173 gamini\u0173 asortiment\u0105, tapome vienais i\u0161 pirmaujan\u010di\u0173 hidraulini\u0173 cilindr\u0173 gamintoj\u0173 ir didmenini\u0173 platintoj\u0173 vidaus ir tarptautin\u0117se rinkose. Vadovaujam\u0117s meistri\u0161kumo principu ir nuolat tobuliname savo technines \u017einias bei gamybos efektyvum\u0105. \u012ediegdami pa\u017eangi\u0105 skaitmenin\u0119 gamybos \u012frang\u0105 ir profesionalias testavimo sistemas, optimizuojame savo gamybos platform\u0105 ir tobuliname gamini\u0173 kokyb\u0117s kontrol\u0117s procesus, demonstruodami tvirtus inovacij\u0173 paj\u0117gumus. M\u016bs\u0173 tikslas \u2013 efektyviai, tiksliai ir auk\u0161tos kokyb\u0117s produktais patenkinti \u012fvairius m\u016bs\u0173 klient\u0173 poreikius.<\/p>\n<p><img decoding=\"async\" src=\"https:\/\/www.hydraulic-cylinders.net\/wp-content\/uploads\/2025\/01\/songte-company-4.webp\" alt=\"\u012emon\u0117s pristatymo paveiksl\u0117lis\"><br \/>\n<img decoding=\"async\" src=\"https:\/\/www.hydraulic-cylinders.net\/wp-content\/uploads\/2025\/01\/songte-company-3.webp\" alt=\"\u012emon\u0117s pristatymo paveiksl\u0117lis\"><\/p>\n<p><em>Autorius: lyl<\/em><\/p>","protected":false},"excerpt":{"rendered":"<p>Arm Cylinder For Sany Small Excavator SY135C-9 Arm Cylinder is a specially designed hydraulic cylinder that is used to provide linear motion and power to the arm of various types of machinery, such as excavators, cranes, and robotic arms. The arm cylinder plays a crucial role in hydraulic systems, enabling the effective movement and control [&hellip;]<\/p>","protected":false},"featured_media":14772,"comment_status":"open","ping_status":"closed","template":"","meta":{"_et_pb_use_builder":"","_et_pb_old_content":"","_et_gb_content_width":""},"product_brand":[],"product_cat":[1497],"product_tag":[1498,1496],"class_list":{"0":"post-16350","1":"product","2":"type-product","3":"status-publish","4":"has-post-thumbnail","6":"product_cat-arm-cylinders","7":"product_tag-arm-cylinders","8":"product_tag-hydraulic-cylinders","10":"first","11":"instock","12":"shipping-taxable","13":"product-type-simple"},"amp_enabled":true,"_links":{"self":[{"href":"https:\/\/www.hydraulic-cylinders.net\/lt\/wp-json\/wp\/v2\/product\/16350","targetHints":{"allow":["GET"]}}],"collection":[{"href":"https:\/\/www.hydraulic-cylinders.net\/lt\/wp-json\/wp\/v2\/product"}],"about":[{"href":"https:\/\/www.hydraulic-cylinders.net\/lt\/wp-json\/wp\/v2\/types\/product"}],"replies":[{"embeddable":true,"href":"https:\/\/www.hydraulic-cylinders.net\/lt\/wp-json\/wp\/v2\/comments?post=16350"}],"wp:featuredmedia":[{"embeddable":true,"href":"https:\/\/www.hydraulic-cylinders.net\/lt\/wp-json\/wp\/v2\/media\/14772"}],"wp:attachment":[{"href":"https:\/\/www.hydraulic-cylinders.net\/lt\/wp-json\/wp\/v2\/media?parent=16350"}],"wp:term":[{"taxonomy":"product_brand","embeddable":true,"href":"https:\/\/www.hydraulic-cylinders.net\/lt\/wp-json\/wp\/v2\/product_brand?post=16350"},{"taxonomy":"product_cat","embeddable":true,"href":"https:\/\/www.hydraulic-cylinders.net\/lt\/wp-json\/wp\/v2\/product_cat?post=16350"},{"taxonomy":"product_tag","embeddable":true,"href":"https:\/\/www.hydraulic-cylinders.net\/lt\/wp-json\/wp\/v2\/product_tag?post=16350"}],"curies":[{"name":"wp","href":"https:\/\/api.w.org\/{rel}","templated":true}]}}