{"id":16357,"date":"2025-01-20T09:08:50","date_gmt":"2025-01-20T09:08:50","guid":{"rendered":"https:\/\/www.hydraulic-cylinders.net\/product\/arm-cylinderfor-sany-small-excavator-sy185c-6\/"},"modified":"2025-01-20T09:08:52","modified_gmt":"2025-01-20T09:08:52","slug":"arm-cylinderfor-sany-small-excavator-sy185c-6","status":"publish","type":"product","link":"https:\/\/www.hydraulic-cylinders.net\/lt\/produktas\/arm-cylinderfor-sany-small-excavator-sy185c-6\/","title":{"rendered":"Sany ma\u017eo ekskavatoriaus SY185C-6 rankenos cilindras"},"content":{"rendered":"<h1>Sany ma\u017eo ekskavatoriaus SY185C-6 rankenos cilindras<\/h1>\n<h2>\u012evadas<\/h2>\n<p><\/p>\n<p>Svirties cilindras yra specialiai suprojektuotas hidraulinis cilindras, kuris pirmiausia naudojamas linijiniam jud\u0117jimui ir galiai u\u017etikrinti \u012fvairi\u0173 tip\u0173 ma\u0161in\u0173, toki\u0173 kaip ekskavatoriai, kranai ir mechanin\u0117s svirtys, svirtims. Svirties cilindras atlieka pagrindin\u012f vaidmen\u012f hidraulin\u0117je sistemoje, u\u017etikrindamas efektyv\u0173 pritvirtint\u0173 \u012franki\u0173 ar pried\u0173 jud\u0117jim\u0105 ir valdym\u0105. \u0160ie cilindrai ne tik u\u017etikrina skland\u0173 jud\u0117jim\u0105, bet ir atlaiko dideles apkrovas, u\u017etikrindami efektyv\u0173 ma\u0161in\u0173 veikim\u0105 ir patikimum\u0105 \u012fvairiomis darbo s\u0105lygomis.<\/p>\n<p>\n<img decoding=\"async\" src=\"https:\/\/www.hydraulic-cylinders.net\/wp-content\/uploads\/2025\/01\/songte-company-2.webp\"><\/p>\n<h2>Produkto savyb\u0117s<\/h2>\n<p><\/p>\n<ul>\n<li>\n<h3>Didelio efektyvumo transmisija<\/h3>\n<p>Svirties cilindras gali u\u017etikrinti galing\u0105 tiesin\u012f judes\u012f ir j\u0117g\u0105, u\u017etikrindamas auk\u0161t\u0105 mechanin\u0117s svirties efektyvum\u0105 atliekant \u012fvairias operacijas.<\/p>\n<\/li>\n<li>\n<h3>Tikslus valdymas<\/h3>\n<p>Hidraulin\u0117s sistemos d\u0117ka rankos cilindras gali tiksliai valdyti judes\u012f, tod\u0117l pritvirtint\u0173 \u012franki\u0173 valdymas tampa lankstesnis ir tikslesnis.<\/p>\n<\/li>\n<li>\n<h3>Stiprus patvarumas<\/h3>\n<p>Svirties cilindras paprastai pagamintas i\u0161 didelio stiprumo med\u017eiag\u0173, pasi\u017eymin\u010di\u0173 geru atsparumu dilimui ir korozijai, tod\u0117l tinka ilgalaikiam naudojimui at\u0161iauriomis s\u0105lygomis.<\/p>\n<\/li>\n<li>\n<h3>Daugiafunkcis prisitaikymas<\/h3>\n<p>\u0160ie cilindrai gali b\u016bti pla\u010diai naudojami \u012fvairiuose mechaniniuose \u012frenginiuose, tokiuose kaip ekskavatoriai, kranai ir mechanin\u0117s rankenos, kad b\u016bt\u0173 pritaikyti skirtingiems darbo reikalavimams.<\/p>\n<\/li>\n<li>\n<h3>Lengva prie\u017ei\u016bra<\/h3>\n<p>Projektuojant atsi\u017evelgiama \u012f prie\u017ei\u016bros ir keitimo paprastum\u0105, tod\u0117l reguliari ap\u017ei\u016bra ir prie\u017ei\u016bra yra patogesn\u0117, o \u012frangos prastovos laikas sutrump\u0117ja.<\/p>\n<\/li>\n<\/ul>\n<p><\/p>\n<p>M\u016bs\u0173 gaminiai gali puikiai pakeisti \u0161iuos hidraulinius cilindrus.<\/p>\n<p>\n<img decoding=\"async\" src=\"https:\/\/www.hydraulic-cylinders.net\/wp-content\/uploads\/2025\/01\/songte-oil-pipes-and-spare-parts.webp\"><\/p>\n<h2>Parai\u0161kos<\/h2>\n<p><\/p>\n<ul>\n<li>\n<h3>Statybos in\u017einerija<\/h3>\n<p>Ekskavatoriuose ir kranuose svirties cilindras naudojamas kau\u0161o arba str\u0117l\u0117s jud\u0117jimui valdyti atliekant \u017eem\u0117s darbus, med\u017eiag\u0173 tvarkym\u0105 ir konstrukcij\u0173 montavim\u0105.<\/p>\n<\/li>\n<li>\n<h3>Gamybos pramon\u0117<\/h3>\n<p>Automatizuotose gamybos linijose rankos cilindras naudojamas mechaninei rankai judinti surinkimo, suvirinimo ir tvarkymo procesuose, taip pagerinant gamybos efektyvum\u0105 ir tikslum\u0105.<\/p>\n<\/li>\n<li>\n<h3>\u017dem\u0117s \u016bkio technika<\/h3>\n<p>\u017dem\u0117s \u016bkio technikose, tokiose kaip derliaus nu\u0117mimo ir sodinimo ma\u0161inos, svirties cilindras valdo valdymo svirties judes\u012f, kad b\u016bt\u0173 galima atlikti tokias u\u017eduotis kaip sodinimas, tr\u0119\u0161imas ir derliaus nu\u0117mimas.<\/p>\n<\/li>\n<li>\n<h3>Kasybos pramon\u0117<\/h3>\n<p>Kasybos \u012frangoje rankos cilindras naudojamas kasybos \u012frangos rankos jud\u0117jimui valdyti r\u016bdos kasybai ir tvarkymui.<\/p>\n<\/li>\n<li>\n<h3>Logistika ir transportas<\/h3>\n<p>\u0160akiniuose krautuvuose ir tvarkymo robotuose rankos cilindras naudojamas \u0161aki\u0173 k\u0117limui ir jud\u0117jimui valdyti, u\u017etikrinant med\u017eiag\u0173 tvarkym\u0105 ir krovim\u0105.<\/p>\n<\/li>\n<\/ul>\n<p><\/p>\n<p>\u017demiau pateikiami i\u0161sam\u016bs kiekvienos programos apra\u0161ymai:<\/p>\n<p><\/p>\n<ul>\n<li>\n<h3>Statybos in\u017einerija<\/h3>\n<p>Statyb\u0173 in\u017einerijoje svirties cilindras pla\u010diai naudojamas ekskavatoriuose ir kranuose kau\u0161o ar str\u0117l\u0117s jud\u0117jimui valdyti. Jis gali b\u016bti naudojamas \u017eem\u0117s darbams, med\u017eiag\u0173 tvarkymui ir konstrukcij\u0173 montavimo u\u017eduotims. Svirties cilindras u\u017etikrina stipr\u0173 tiesin\u012f jud\u0117jim\u0105 ir j\u0117g\u0105, u\u017etikrindamas efektyv\u0173 ma\u0161inos veikim\u0105.<\/p>\n<\/li>\n<li>\n<h3>Gamybos pramon\u0117<\/h3>\n<p>Gamybos pramon\u0117je svirties cilindras naudojamas automatizuotose gamybos linijose mechaninei svir\u010diai judinti. Jis gali atlikti \u012fvairias u\u017eduotis, tokias kaip surinkimas, suvirinimas ir tvarkymo procesai. Svirties cilindras gali pasiekti tiksl\u0173 judesio valdym\u0105 per hidraulin\u0119 sistem\u0105, taip pagerindamas gamybos efektyvum\u0105 ir tikslum\u0105.<\/p>\n<\/li>\n<li>\n<h3>\u017dem\u0117s \u016bkio technika<\/h3>\n<p>\u017dem\u0117s \u016bkio technikoje svirties cilindras naudojamas derliaus nu\u0117mimo ir sodinimo ma\u0161inose valdymo svirties judesiui valdyti. Jis gali atlikti tokias u\u017eduotis kaip sodinimas, tr\u0119\u0161imas ir derliaus nu\u0117mimas. Svirties cilindras yra patvarus ir gali atlaikyti at\u0161iaurias aplinkos s\u0105lygas, tod\u0117l tinka ilgalaikiam naudojimui lauke.<\/p>\n<\/li>\n<li>\n<h3>Kasybos pramon\u0117<\/h3>\n<p>Kasybos pramon\u0117je svirties cilindras naudojamas kasybos \u012frangoje svirties jud\u0117jimui valdyti. Jis gali atlikti tokias u\u017eduotis kaip r\u016bdos kasyba ir tvarkymas, u\u017etikrinant efektyv\u0173 ir patikim\u0105 ma\u0161inos veikim\u0105.<\/p>\n<\/li>\n<li>\n<h3>Logistika ir transportas<\/h3>\n<p>Logistikoje ir transporte svirties cilindras naudojamas \u0161akiniuose krautuvuose ir tvarkymo robotuose \u0161aki\u0173 k\u0117limui ir jud\u0117jimui valdyti. Jis gali atlikti med\u017eiag\u0173 tvarkymo ir krovimo u\u017eduotis, gerinant logistikos efektyvum\u0105 ir ma\u017einant darbo s\u0105naudas.<\/p>\n<\/li>\n<\/ul>\n<h2>Projektavimo aspektai ir atrankos kriterijai<\/h2>\n<p><\/p>\n<ul>\n<li>\n<h3>Keliamoji galia<\/h3>\n<p>Svirties cilindras turi tur\u0117ti pakankam\u0105 laikom\u0105j\u0105 gali\u0105, kad atlaikyt\u0173 dideles apkrovas ir u\u017etikrint\u0173 stabil\u0173 mechanizmo veikim\u0105. \u012e tai reik\u0117t\u0173 atsi\u017evelgti renkantis med\u017eiagas ir projektuojant konstrukcij\u0105.<\/p>\n<\/li>\n<li>\n<h3>Sandarinimas<\/h3>\n<p>Svirties cilindras turi gerai sandarinti, kad b\u016bt\u0173 i\u0161vengta hidraulin\u0117s alyvos nuot\u0117kio ir u\u017etikrintas efektyvus hidraulin\u0117s sistemos veikimas. \u012e tai reik\u0117t\u0173 atsi\u017evelgti renkantis sandarinimo med\u017eiagas ir konstrukcij\u0105.<\/p>\n<\/li>\n<li>\n<h3>Patvarumas<\/h3>\n<p>Svirties cilindras turi b\u016bti patvarus ir atsparus dilimui, ypa\u010d at\u0161iauriomis s\u0105lygomis, pavyzd\u017eiui, statybviet\u0117se ir kasyklose. \u012e tai reik\u0117t\u0173 atsi\u017evelgti renkantis med\u017eiagas ir apdorojant pavir\u0161i\u0173.<\/p>\n<\/li>\n<li>\n<h3>Saugumas<\/h3>\n<p>Svirties cilindras turi b\u016bti suprojektuotas atsi\u017evelgiant \u012f saugum\u0105, ypa\u010d tais atvejais, kai naudojamos didel\u0117s apkrovos arba didelis greitis. \u012e tai reik\u0117t\u0173 atsi\u017evelgti renkantis med\u017eiagas, projektuojant konstrukcij\u0105 ir saugos \u012ftaisus.<\/p>\n<\/li>\n<li>\n<h3>Prie\u017ei\u016bra<\/h3>\n<p>Svirties cilindras turi b\u016bti suprojektuotas taip, kad b\u016bt\u0173 lengva pri\u017ei\u016br\u0117ti ir keisti dalis, taip suma\u017einant \u012frangos prastovos laik\u0105 ir prie\u017ei\u016bros i\u0161laidas. \u012e tai reik\u0117t\u0173 atsi\u017evelgti renkantis tokias konstrukcijos ypatybes kaip nuimami komponentai, prieinamos patikros angos ir standartizuotos dalys.<\/p>\n<\/li>\n<\/ul>\n<p>\n<img decoding=\"async\" src=\"https:\/\/www.hydraulic-cylinders.net\/wp-content\/uploads\/2025\/01\/songte-cylinder-head-with-all-kinds-excavator-models.webp\"><\/p>\n<h2>Sandarinimas ir tepimas<\/h2>\n<p><\/p>\n<p>Svirties cilindre naudojami \u012fvair\u016bs sandarinimo komponentai, tokie kaip st\u016bmoklio ir koto sandarikliai, pagaminti i\u0161 atspari\u0173 dilimui med\u017eiag\u0173, toki\u0173 kaip poliuretanas ir nitrilo kau\u010diukas. Cilindro korpusas ir srieginis galinis pavir\u0161ius yra kruop\u0161\u010diai apdirbti, siekiant pagerinti atsparum\u0105 dilimui. Reguliariai \u012fpilant reikiam\u0105 kiek\u012f hidraulin\u0117s alyvos, galima u\u017etikrinti sutepim\u0105 ir suma\u017einti cilindro nusid\u0117v\u0117jim\u0105.<\/p>\n<p>\n<img decoding=\"async\" src=\"https:\/\/www.hydraulic-cylinders.net\/wp-content\/uploads\/2025\/01\/songte-bushings-with-all-kinds-of-excavator-models.webp\"><\/p>\n<h2>Prie\u017ei\u016bra ir trik\u010di\u0173 \u0161alinimas<\/h2>\n<p><\/p>\n<p>Reguliarus svirties cilindro patikrinimas ir prie\u017ei\u016bra gali u\u017etikrinti patikim\u0105 jo veikim\u0105 ir pailginti jo tarnavimo laik\u0105. \u0160tai keletas da\u017eniausiai pasitaikan\u010di\u0173 trik\u010di\u0173 \u0161alinimo ir prevencini\u0173 priemoni\u0173:<\/p>\n<p><\/p>\n<ul>\n<li>\n<h3>Nuot\u0117kis<\/h3>\n<p>Jei nuteka alyva, reikia laiku nustatyti ir pa\u0161alinti prie\u017east\u012f. Da\u017eniausios prie\u017eastys yra pa\u017eeisti sandarikliai, atsilaisvinusios jungtys ir susid\u0117v\u0117j\u0119s ar pa\u017eeistas cilindro korpusas arba st\u016bmoklio kotai.<\/p>\n<\/li>\n<li>\n<h3>Triuk\u0161mas<\/h3>\n<p>Jei eksploatacijos metu girdimas ne\u012fprastas triuk\u0161mas, reikia laiku nustatyti ir pa\u0161alinti prie\u017east\u012f. Da\u017eniausios prie\u017eastys yra nepakankamas alyvos sl\u0117gis, oras hidraulin\u0117je sistemoje ir atsilaisvinusios arba susid\u0117v\u0117jusios dalys.<\/p>\n<\/li>\n<li>\n<h3>Per didelis susid\u0117v\u0117jimas<\/h3>\n<p>Jei cilindro korpusas arba st\u016bmoklio kotas yra per daug susid\u0117v\u0117j\u0119 arba pa\u017eeisti, gali tekti juos pakeisti. Reguliarus patikrinimas ir prie\u017ei\u016bra gali pad\u0117ti anksti nustatyti susid\u0117v\u0117jim\u0105 ir pa\u017eeidimus bei i\u0161vengti rimtesni\u0173 problem\u0173.<\/p>\n<\/li>\n<\/ul>\n<p>\n<img decoding=\"async\" src=\"https:\/\/www.hydraulic-cylinders.net\/wp-content\/uploads\/2025\/01\/songte-chushion-collar.webp\"><\/p>\n<h2>\u012ediegimo vadovas<\/h2>\n<p><\/p>\n<p>Svirties cilindro montavimas turi b\u016bti atliekamas pagal gamintojo instrukcijas ir konkre\u010dius \u012frangos reikalavimus. Keletas bendr\u0173 \u017eingsni\u0173 yra \u0161ie:<\/p>\n<p><\/p>\n<ul>\n<li>\n<h3>I\u0161valykite \u012frengimo viet\u0105<\/h3>\n<p>Prie\u0161 montuodami, i\u0161valykite montavimo viet\u0105 ir pa\u0161alinkite visus ne\u0161varumus ar \u0161iuk\u0161les, kurios gali tur\u0117ti \u012ftakos cilindro veikimui.<\/p>\n<\/li>\n<li>\n<h3>\u012ediekite cilindr\u0105<\/h3>\n<p>Sumontuokite cilindr\u0105 pagal gamintojo instrukcijas ir \u012fsitikinkite, kad visos jungtys yra tvirtos ir sandarios. Naudokite tinkamus \u012frankius ir metodus, kad nepa\u017eeistum\u0117te cilindro ar \u012frangos.<\/p>\n<\/li>\n<li>\n<h3>Patikrinkite cilindr\u0105<\/h3>\n<p>\u012edieg\u0119 patikrinkite, ar cilindras tinkamai veikia, ir ar n\u0117ra nuot\u0117kio ar ne\u012fprasto triuk\u0161mo. Prie\u0161 prad\u0117dami naudoti \u012frang\u0105, atlikite visus reikiamus reguliavimus ar remont\u0105.<\/p>\n<\/li>\n<\/ul>\n<h2>Apie mus<\/h2>\n<p><\/p>\n<p>Esame profesionalus pakaitini\u0173 hidraulini\u0173 cilindr\u0173 gamintojas, si\u016blantis plat\u0173 gamini\u0173 asortiment\u0105, ir tapome vienu i\u0161 pirmaujan\u010di\u0173 hidraulini\u0173 cilindr\u0173 gamintoj\u0173 bei didmenini\u0173 platintoj\u0173 vidaus ir u\u017esienio rinkose. Visada laikom\u0117s puikios kokyb\u0117s principo ir nuolat tobuliname savo technin\u012f lyg\u012f bei gamybos efektyvum\u0105, remdamiesi patobulint\u0173 gamybos cech\u0173 pramonin\u0117s gamybos valdymo strategija. Diegdami auk\u0161\u010diausios klas\u0117s skaitmenin\u0119 gamybos \u012frang\u0105 ir profesionalias testavimo sistemas, nuolat optimizuojame gamybos platform\u0105, tobuliname gamini\u0173 kokyb\u0117s kontrol\u0117s proces\u0105 ir turime stiprias inovacij\u0173 galimybes. M\u016bs\u0173 tikslas \u2013 patenkinti \u012fvairius klient\u0173 poreikius, vadovaujantis efektyvumo, tikslumo ir auk\u0161tos kokyb\u0117s principais.<\/p>\n<p><\/p>\n<p>M\u016bs\u0173 \u012fmon\u0117 si\u016blo:<\/p>\n<p><\/p>\n<ul>\n<li>\n<h3>Profesionalumas<\/h3>\n<p>Turime patyrusi\u0173 in\u017einieri\u0173 ir technik\u0173 komand\u0105, kuri yra pasiry\u017eusi teikti profesionalias technines paslaugas ir param\u0105 klientams.<\/p>\n<\/li>\n<li>\n<h3>Tarptautinis sertifikavimas<\/h3>\n<p>Esame \u012fgij\u0119 \u012fvairius tarptautinius sertifikatus, tokius kaip ISO9001, CE ir SGS, o m\u016bs\u0173 produktai yra pla\u010diai pripa\u017einti ir jais pasitiki klientai i\u0161 viso pasaulio.<\/p>\n<\/li>\n<li>\n<h3>Pritaikymo paslauga<\/h3>\n<p>Galime pasi\u016blyti individualius hidraulini\u0173 cilindr\u0173 sprendimus pagal klient\u0173 reikalavimus, tokius kaip skirtingi dyd\u017eiai, konstrukcijos ir med\u017eiagos.<\/p>\n<\/li>\n<li>\n<h3>Gamybos \u012franga<\/h3>\n<p>Turime pa\u017eangi\u0105 gamybos \u012frang\u0105, toki\u0105 kaip CNC apdirbimo centrai, plazminio pjovimo stakl\u0117s ir suvirinimo robotai, tod\u0117l galime teikti auk\u0161tos kokyb\u0117s ir efektyvias gamybos paslaugas.<\/p>\n<\/li>\n<li>\n<h3>Aptarnavimas po pardavimo<\/h3>\n<p>Teikiame i\u0161samias garantinio aptarnavimo paslaugas, tokias kaip technin\u0117 pagalba, prie\u017ei\u016bra ir remontas, u\u017etikrindami stabil\u0173 ir patikim\u0105 m\u016bs\u0173 gamini\u0173 veikim\u0105.<\/p>\n<\/li>\n<\/ul>\n<p><\/p>\n<p>Nor\u0117dami gauti daugiau informacijos apie m\u016bs\u0173 produktus ir paslaugas, susisiekite su mumis.<\/p>\n<p>\n<img decoding=\"async\" src=\"https:\/\/www.hydraulic-cylinders.net\/wp-content\/uploads\/2025\/01\/songte-company-4.webp\"><br \/>\n<img decoding=\"async\" src=\"https:\/\/www.hydraulic-cylinders.net\/wp-content\/uploads\/2025\/01\/songte-company-3.webp\"><\/p>\n<p>Autorius: lyl.<\/p>","protected":false},"excerpt":{"rendered":"<p>Arm CylinderFor Sany Small Excavator SY185C-6 Introduction Arm cylinder is a specially designed hydraulic cylinder that is primarily used to provide linear motion and power to the arms of various types of machinery, such as excavators, cranes, and mechanical arms. The arm cylinder plays a key role in the hydraulic system, enabling the efficient movement [&hellip;]<\/p>","protected":false},"featured_media":14779,"comment_status":"open","ping_status":"closed","template":"","meta":{"_et_pb_use_builder":"","_et_pb_old_content":"","_et_gb_content_width":""},"product_brand":[],"product_cat":[1497],"product_tag":[1498,1496],"class_list":{"0":"post-16357","1":"product","2":"type-product","3":"status-publish","4":"has-post-thumbnail","6":"product_cat-arm-cylinders","7":"product_tag-arm-cylinders","8":"product_tag-hydraulic-cylinders","10":"first","11":"instock","12":"shipping-taxable","13":"product-type-simple"},"amp_enabled":true,"_links":{"self":[{"href":"https:\/\/www.hydraulic-cylinders.net\/lt\/wp-json\/wp\/v2\/product\/16357","targetHints":{"allow":["GET"]}}],"collection":[{"href":"https:\/\/www.hydraulic-cylinders.net\/lt\/wp-json\/wp\/v2\/product"}],"about":[{"href":"https:\/\/www.hydraulic-cylinders.net\/lt\/wp-json\/wp\/v2\/types\/product"}],"replies":[{"embeddable":true,"href":"https:\/\/www.hydraulic-cylinders.net\/lt\/wp-json\/wp\/v2\/comments?post=16357"}],"wp:featuredmedia":[{"embeddable":true,"href":"https:\/\/www.hydraulic-cylinders.net\/lt\/wp-json\/wp\/v2\/media\/14779"}],"wp:attachment":[{"href":"https:\/\/www.hydraulic-cylinders.net\/lt\/wp-json\/wp\/v2\/media?parent=16357"}],"wp:term":[{"taxonomy":"product_brand","embeddable":true,"href":"https:\/\/www.hydraulic-cylinders.net\/lt\/wp-json\/wp\/v2\/product_brand?post=16357"},{"taxonomy":"product_cat","embeddable":true,"href":"https:\/\/www.hydraulic-cylinders.net\/lt\/wp-json\/wp\/v2\/product_cat?post=16357"},{"taxonomy":"product_tag","embeddable":true,"href":"https:\/\/www.hydraulic-cylinders.net\/lt\/wp-json\/wp\/v2\/product_tag?post=16357"}],"curies":[{"name":"wp","href":"https:\/\/api.w.org\/{rel}","templated":true}]}}