{"id":16362,"date":"2025-01-20T09:09:10","date_gmt":"2025-01-20T09:09:10","guid":{"rendered":"https:\/\/www.hydraulic-cylinders.net\/product\/arm-cylinderfor-sany-middle-excavator-sy245cq\/"},"modified":"2025-01-20T09:09:11","modified_gmt":"2025-01-20T09:09:11","slug":"arm-cylinderfor-sany-middle-excavator-sy245cq","status":"publish","type":"product","link":"https:\/\/www.hydraulic-cylinders.net\/lt\/produktas\/arm-cylinderfor-sany-middle-excavator-sy245cq\/","title":{"rendered":"Sany vidutinio ekskavatoriaus SY245CQ rankenos cilindras"},"content":{"rendered":"<p>\u201eSany Middle Excavator SY245CQ\u201c svirties cilindras: apibr\u0117\u017eimas ir paai\u0161kinimas<\/p>\n<p>Svirties cilindras yra specializuotas hidraulinis cilindras, skirtas u\u017etikrinti tiesin\u012f jud\u0117jim\u0105 ir gali\u0105 \u012fvairi\u0173 ma\u0161in\u0173, toki\u0173 kaip ekskavatoriai, kranai ir mechanin\u0117s svirtys, svirtims. Svirties cilindrai atlieka pagrindin\u012f vaidmen\u012f hidraulin\u0117se sistemose, nes leid\u017eia efektyviai jud\u0117ti ir valdyti papildomus \u012frankius ar priedus. \u0160ie cilindrai ne tik u\u017etikrina skland\u0173 jud\u0117jim\u0105, bet ir atlaiko dideles apkrovas, u\u017etikrindami efektyv\u0173 ma\u0161inos veikim\u0105 ir patikimum\u0105 \u012fvairiomis darbo s\u0105lygomis.<\/p>\n<p>Svirties cilindras: pagrindin\u0117s savyb\u0117s<\/p>\n<p>1. Didelio efektyvumo transmisija: Svirties cilindrai u\u017etikrina galing\u0105 tiesin\u012f judes\u012f ir j\u0117g\u0105, u\u017etikrindami auk\u0161t\u0105 mechanin\u0117s svirties na\u0161um\u0105 atliekant \u012fvairias operacijas.<\/p>\n<p>2. Tikslus valdymas: Hidraulin\u0117s sistemos d\u0117ka svirties cilindrai gali tiksliai valdyti judes\u012f, tod\u0117l papildom\u0173 \u012franki\u0173 valdymas tampa lankstesnis ir tikslesnis.<\/p>\n<p>3. Didelis patvarumas: Svirtiniai cilindrai paprastai gaminami i\u0161 didelio stiprumo med\u017eiag\u0173, pasi\u017eymin\u010di\u0173 geru atsparumu dilimui ir korozijai, tod\u0117l tinkami ilgalaikiam naudojimui at\u0161iauriomis s\u0105lygomis.<\/p>\n<p>4. Universalus pritaikomumas: \u0160ie cilindrai gali b\u016bti pla\u010diai naudojami \u012fvairiuose mechaniniuose \u012frenginiuose, tokiuose kaip ekskavatoriai, kranai ir mechanin\u0117s rankenos, kad b\u016bt\u0173 pritaikyti skirtingiems darbo poreikiams.<\/p>\n<p>5. Lengva prie\u017ei\u016bra: konstrukcija u\u017etikrina lengv\u0105 prie\u017ei\u016br\u0105 ir keitim\u0105, tod\u0117l reguliari ap\u017ei\u016bra ir prie\u017ei\u016bra yra patogesn\u0117, o \u012frangos prastova suma\u017e\u0117ja.<\/p>\n<p>Svirties cilindras: Taikymo sritys<\/p>\n<p>1. Statybos in\u017einerija: ekskavatoriuose ir kranuose str\u0117li\u0173 cilindrai naudojami kau\u0161\u0173 ar str\u0117li\u0173 jud\u0117jimui valdyti, atliekant \u017eem\u0117s darbus, med\u017eiag\u0173 tvarkym\u0105 ir konstrukcij\u0173 montavim\u0105.<\/p>\n<p>2. Gamyba: Automatizuotose gamybos linijose svir\u010di\u0173 cilindrai naudojami mechanin\u0117ms svirtims judinti, atliekant surinkimo, suvirinimo ir tvarkymo procesus, taip gerinant gamybos efektyvum\u0105 ir tikslum\u0105.<\/p>\n<p>3. \u017dem\u0117s \u016bkio technika: \u017dem\u0117s \u016bkio technikoje, pavyzd\u017eiui, derliaus nu\u0117mimo ir s\u0117jamosiose, svirties cilindrai valdo valdymo svirties judes\u012f, atlikdami tokias u\u017eduotis kaip s\u0117ja, tr\u0119\u0161imas ir derliaus nu\u0117mimas.<\/p>\n<p>4. Kasyba: Kasybos \u012frangoje svirties cilindrai naudojami kasybos \u012frangos svirties jud\u0117jimui valdyti, kasant ir transportuojant r\u016bd\u0105.<\/p>\n<p>5. Logistika ir transportavimas: \u0160akiniuose krautuvuose ir krovini\u0173 krovimo robotuose ranken\u0173 cilindrai naudojami \u0161aki\u0173 k\u0117limui ir jud\u0117jimui valdyti, u\u017etikrinant med\u017eiag\u0173 tvarkym\u0105 ir krovim\u0105.<\/p>\n<p>Svirties cilindras: projektavimo aspektai ir atrankos kriterijai<\/p>\n<p>1. Apkrova: Svirties cilindrai turi atlaikyti eksploatacijos metu susidaran\u010dias apkrovas, u\u017etikrindami saug\u0173 ir stabil\u0173 ma\u0161inos veikim\u0105.<\/p>\n<p>2. Sandarinimo charakteristikos: Svirtiniai cilindrai turi b\u016bti sandar\u016bs, kad b\u016bt\u0173 i\u0161vengta alyvos nutek\u0117jimo ir palaikomas hidraulinis sl\u0117gis.<\/p>\n<p>3. Patvarumas: Svirtiniai cilindrai turi b\u016bti pagaminti i\u0161 med\u017eiag\u0173, pasi\u017eymin\u010di\u0173 dideliu atsparumu dilimui ir korozijai, u\u017etikrinant ilgalaik\u012f stabilum\u0105 eksploatacijos metu.<\/p>\n<p>4. Sauga: Projektuojant turi b\u016bti atsi\u017evelgta \u012f saugos priemones, skirtas i\u0161vengti nelaiming\u0173 atsitikim\u0173 eksploatacijos metu, u\u017etikrinant operatori\u0173 ir ma\u0161in\u0173 saug\u0105.<\/p>\n<p>5. Prie\u017ei\u016bra: projektuojant turi b\u016bti atsi\u017evelgta \u012f lengv\u0105 prie\u017ei\u016br\u0105 ir pakeitim\u0105, taip suma\u017einant \u012frangos prastovas ir prie\u017ei\u016bros i\u0161laidas.<\/p>\n<p>Svirties cilindras: sandarinimas ir tepimas<\/p>\n<p>Svirtiniuose cilindruose naudojami \u012fvair\u016bs sandarinimo komponentai, tokie kaip st\u016bmokli\u0173 sandarikliai, stryp\u0173 sandarikliai ir kt. Sandarinimo komponentai pagaminti i\u0161 atspari\u0173 dilimui med\u017eiag\u0173, toki\u0173 kaip poliuretanas ir nitrilo kau\u010diukas. Cilindro korpusas ir srieginis galinis pavir\u0161ius yra kruop\u0161\u010diai apdoroti, siekiant pagerinti atsparum\u0105 dilimui. Norint palaikyti cilindro sutepim\u0105, reikia reguliariai tepti atitinkamu hidraulin\u0117s alyvos kiekiu.<\/p>\n<p>Svirties cilindras: prie\u017ei\u016bra ir trik\u010di\u0173 \u0161alinimas<\/p>\n<p>Norint u\u017etikrinti efektyv\u0173 ir patikim\u0105 svirties cilindr\u0173 veikim\u0105, b\u016btina reguliariai pri\u017ei\u016br\u0117ti ir imtis prevencini\u0173 priemoni\u0173. Rekomenduojama reguliariai tikrinti cilindr\u0105, tikrinti hidraulin\u0117s alyvos lyg\u012f ir kokyb\u0119 bei laiku pakeisti pa\u017eeistus sandarinimo komponentus. Gedim\u0173, pvz., alyvos nuot\u0117kio ar ne\u012fprasto triuk\u0161mo, atveju reikia nedelsiant nustatyti prie\u017east\u012f. Galimi sprendimai apima pa\u017eeist\u0173 dali\u0173 keitim\u0105 arba remont\u0105, hidraulinio sl\u0117gio reguliavim\u0105 ir kt.<\/p>\n<p>Svirties cilindras: montavimo vadovas<\/p>\n<p>1. Pasirinkite tinkam\u0105 mechanizmo svirties cilindr\u0105 pagal specifikacijas ir reikalavimus.<\/p>\n<p>2. Nuvalykite montavimo pavir\u0161i\u0173 ir \u012fsitikinkite, kad jis lygus, lygus ir be \u0161iuk\u0161li\u0173.<\/p>\n<p>3. \u012estatykite cilindr\u0105 \u012f tvirtinimo ang\u0105, naudodami atitinkamus tvirtinimo elementus ir tarpiklius.<\/p>\n<p>4. Prijunkite hidraulin\u0119 \u017earn\u0105 prie cilindro \u012fleidimo ir i\u0161leidimo ang\u0173 pagal hidraulin\u0117s sistemos schem\u0105.<\/p>\n<p>5. Atlikite sl\u0117gio ir nuot\u0117kio bandym\u0105, kad \u012fsitikintum\u0117te, jog balionas tinkamai sumontuotas ir veikia.<\/p>\n<p>\u201eSongte\u201c hidraulinis cilindras: Apie mus<\/p>\n<p>\u201eSongte Hydraulic Cylinder\u201c yra profesionalus pakaitini\u0173 hidraulini\u0173 cilindr\u0173 gamintojas, si\u016blantis plat\u0173 gamini\u0173 asortiment\u0105 ir tap\u0119s vienu i\u0161 pirmaujan\u010di\u0173 hidraulini\u0173 cilindr\u0173 gamintoj\u0173 ir didmenini\u0173 platintoj\u0173 vidaus ir tarptautin\u0117se rinkose. Mes visada laikom\u0117s puikios kokyb\u0117s principo, remdamiesi puikiais gamybos cechais ir pramonin\u0117s gamybos valdymo strategijomis, kad nuolat tobulintume savo technologij\u0173 lyg\u012f ir gamybos efektyvum\u0105. \u012ediegdami pa\u017eangi\u0105 skaitmenin\u0119 gamybos \u012frang\u0105 ir profesionalias bandym\u0173 sistemas, optimizuojame savo gamybos platform\u0105 ir tobuliname gamini\u0173 kokyb\u0117s kontrol\u0117s procesus, tur\u0117dami stiprias inovacij\u0173 galimybes. M\u016bs\u0173 tikslas \u2013 patenkinti \u012fvairius klient\u0173 poreikius, taikant auk\u0161t\u0105 efektyvum\u0105, tikslum\u0105 ir auk\u0161tos kokyb\u0117s principus.<\/p>\n<p>\u201eSongte\u201c hidraulinis cilindras: \u012fmon\u0117s pristatymas<\/p>\n<p>1. Profesionalumas: M\u016bs\u0173 komand\u0105 sudaro patyr\u0119 in\u017einieriai, technikai ir pardavim\u0173 personalas, turintys didel\u0119 patirt\u012f ir \u017einias hidraulikos pramon\u0117je.<\/p>\n<p>2. Tarptautinis sertifikavimas: M\u016bs\u0173 gaminiai yra sertifikuoti pagal ISO9001-2015, CE ir kitus tarptautinius standartus, u\u017etikrinan\u010dius m\u016bs\u0173 gamini\u0173 kokyb\u0119 ir saug\u0105.<\/p>\n<p>3. Pritaikymo paslaugos: teikiame pritaikytas paslaugas pagal konkre\u010dius klient\u0173 poreikius, si\u016blydami sprendimus, atitinkan\u010dius j\u0173 reikalavimus.<\/p>\n<p>4. Gamybos \u012franga: Turime pa\u017eangi\u0105 skaitmenin\u0119 gamybos \u012frang\u0105, \u012fskaitant CNC stakles, suvirinimo robotus ir kt., u\u017etikrinan\u010di\u0105 auk\u0161t\u0105 gamybos kokyb\u0119 ir efektyv\u0173 pristatym\u0105.<\/p>\n<p>5. Aptarnavimas po pardavimo: teikiame i\u0161samias aptarnavimo po pardavimo paslaugas, \u012fskaitant gamini\u0173 garantij\u0105, technin\u0119 pagalb\u0105 ir prie\u017ei\u016bros paslaugas, u\u017etikrindami klient\u0173 pasitenkinim\u0105.<\/p>\n<p>Apibendrinant, \u201eSongte Hydraulic Cylinder\u201c yra patikimas ir profesionalus hidraulini\u0173 cilindr\u0173 gamintojas, teikiantis auk\u0161tos kokyb\u0117s gaminius, individualiai pritaikytas paslaugas ir i\u0161sam\u0173 garantin\u012f aptarnavim\u0105. Mes visada laikom\u0117s puikios kokyb\u0117s ir nuolatini\u0173 inovacij\u0173 principo, stengiam\u0117s patenkinti \u012fvairius klient\u0173 poreikius ir tapti hidraulikos pramon\u0117s lyderiais.<\/p>\n<p>Autorius: lyl.<\/p>","protected":false},"excerpt":{"rendered":"<p>Arm Cylinder for Sany Middle Excavator SY245CQ: Definition and Explanation Arm cylinder is a specialized hydraulic cylinder, designed to provide linear motion and power to the arms of various machines, such as excavators, cranes, and mechanical arms. Arm cylinders play a key role in hydraulic systems, enabling the efficient movement and control of additional tools [&hellip;]<\/p>","protected":false},"featured_media":14766,"comment_status":"open","ping_status":"closed","template":"","meta":{"_et_pb_use_builder":"","_et_pb_old_content":"","_et_gb_content_width":""},"product_brand":[],"product_cat":[1497],"product_tag":[1498,1496],"class_list":{"0":"post-16362","1":"product","2":"type-product","3":"status-publish","4":"has-post-thumbnail","6":"product_cat-arm-cylinders","7":"product_tag-arm-cylinders","8":"product_tag-hydraulic-cylinders","10":"first","11":"instock","12":"shipping-taxable","13":"product-type-simple"},"amp_enabled":true,"_links":{"self":[{"href":"https:\/\/www.hydraulic-cylinders.net\/lt\/wp-json\/wp\/v2\/product\/16362","targetHints":{"allow":["GET"]}}],"collection":[{"href":"https:\/\/www.hydraulic-cylinders.net\/lt\/wp-json\/wp\/v2\/product"}],"about":[{"href":"https:\/\/www.hydraulic-cylinders.net\/lt\/wp-json\/wp\/v2\/types\/product"}],"replies":[{"embeddable":true,"href":"https:\/\/www.hydraulic-cylinders.net\/lt\/wp-json\/wp\/v2\/comments?post=16362"}],"wp:featuredmedia":[{"embeddable":true,"href":"https:\/\/www.hydraulic-cylinders.net\/lt\/wp-json\/wp\/v2\/media\/14766"}],"wp:attachment":[{"href":"https:\/\/www.hydraulic-cylinders.net\/lt\/wp-json\/wp\/v2\/media?parent=16362"}],"wp:term":[{"taxonomy":"product_brand","embeddable":true,"href":"https:\/\/www.hydraulic-cylinders.net\/lt\/wp-json\/wp\/v2\/product_brand?post=16362"},{"taxonomy":"product_cat","embeddable":true,"href":"https:\/\/www.hydraulic-cylinders.net\/lt\/wp-json\/wp\/v2\/product_cat?post=16362"},{"taxonomy":"product_tag","embeddable":true,"href":"https:\/\/www.hydraulic-cylinders.net\/lt\/wp-json\/wp\/v2\/product_tag?post=16362"}],"curies":[{"name":"wp","href":"https:\/\/api.w.org\/{rel}","templated":true}]}}