{"id":16366,"date":"2025-01-20T09:09:31","date_gmt":"2025-01-20T09:09:31","guid":{"rendered":"https:\/\/www.hydraulic-cylinders.net\/product\/arm-cylinderfor-sany-middle-excavator-sy235cq\/"},"modified":"2025-01-20T09:09:33","modified_gmt":"2025-01-20T09:09:33","slug":"arm-cylinderfor-sany-middle-excavator-sy235cq","status":"publish","type":"product","link":"https:\/\/www.hydraulic-cylinders.net\/lt\/produktas\/arm-cylinderfor-sany-middle-excavator-sy235cq\/","title":{"rendered":"Sany vidutinio ekskavatoriaus SY235CQ rankenos cilindras"},"content":{"rendered":"<h1>Sany vidutinio ekskavatoriaus SY235CQ rankenos cilindras<\/h1>\n<h2>\u012evadas<\/h2>\n<p>Svirties cilindras yra specialiai suprojektuotas hidraulinis cilindras, daugiausia naudojamas linijiniam jud\u0117jimui ir galiai u\u017etikrinti \u012fvairioms mechanin\u0117ms svirtims, tokioms kaip ekskavatoriai, kranai ir mechanin\u0117s svirtys. Svirties cilindrai atlieka labai svarb\u0173 vaidmen\u012f hidraulin\u0117se sistemose, nes leid\u017eia pagalbiniams \u012frankiams ar priedams jud\u0117ti ir efektyviai valdyti. \u0160ie cilindrai ne tik u\u017etikrina skland\u0173 jud\u0117jim\u0105, bet ir atlaiko dideles apkrovas, u\u017etikrindami efektyv\u0173 ma\u0161in\u0173 veikim\u0105 ir patikimum\u0105 \u012fvairiomis eksploatavimo s\u0105lygomis.<\/p>\n<p><img decoding=\"async\" src=\"https:\/\/www.hydraulic-cylinders.net\/wp-content\/uploads\/2025\/01\/songte-company-2.webp\"><\/p>\n<h2>Savyb\u0117s<\/h2>\n<ul>\n<li>Efektyvus galios perdavimas: Svirties cilindras u\u017etikrina stipr\u0173 tiesin\u012f judes\u012f ir j\u0117g\u0105, u\u017etikrindamas auk\u0161t\u0105 mechanin\u0117s svirties efektyvum\u0105 atliekant \u012fvairias operacijas.<\/li>\n<li>Tikslus valdymas: Hidraulin\u0117s sistemos d\u0117ka rankos cilindras gali tiksliai valdyti judes\u012f, tod\u0117l pagalbini\u0173 \u012franki\u0173 veikimas tampa lankstesnis ir tikslesnis.<\/li>\n<li>Didelis patvarumas: Svirties cilindras paprastai pagamintas i\u0161 didelio stiprumo med\u017eiag\u0173, kurios pasi\u017eymi geru atsparumu dilimui ir korozijai, tod\u0117l tinka ilgalaikiam naudojimui at\u0161iauriomis s\u0105lygomis.<\/li>\n<li>Daugiafunkcis pritaikomumas: \u0160ie cilindrai gali b\u016bti pla\u010diai naudojami \u012fvairiuose mechaniniuose \u012frenginiuose, tokiuose kaip ekskavatoriai, kranai ir mechanin\u0117s rankenos, kad b\u016bt\u0173 pritaikyti skirtingiems darbo poreikiams.<\/li>\n<li>Lengva prie\u017ei\u016bra: konstrukcija u\u017etikrina lengv\u0105 prie\u017ei\u016br\u0105 ir keitim\u0105, tod\u0117l reguliari ap\u017ei\u016bra ir prie\u017ei\u016bra yra patogesni, o \u012frangos prastovos laikas sutrump\u0117ja.<\/li>\n<\/ul>\n<p><img decoding=\"async\" src=\"https:\/\/www.hydraulic-cylinders.net\/wp-content\/uploads\/2025\/01\/songte-oil-pipes-and-spare-parts.webp\"><\/p>\n<h2>Parai\u0161kos<\/h2>\n<p>Cilindro formos rankena pla\u010diai naudojama \u012fvairiose pramon\u0117s \u0161akose, tokiose kaip:<\/p>\n<ul>\n<li>Statybos in\u017einerija: ekskavatoriuose ir kranuose svirties cilindras naudojamas kau\u0161o ar str\u0117l\u0117s jud\u0117jimui valdyti, \u017eem\u0117s darbams, med\u017eiag\u0173 tvarkymui ir konstrukcij\u0173 montavimui.<\/li>\n<li>Gamybos pramon\u0117: Automatizuotose gamybos linijose svirties cilindras naudojamas mechanin\u0117ms svirtims judinti, pvz., surinkimui, suvirinimui ir tvarkymui, siekiant pagerinti gamybos efektyvum\u0105 ir tikslum\u0105.<\/li>\n<li>\u017dem\u0117s \u016bkio technika: \u017dem\u0117s \u016bkio technikoje, pavyzd\u017eiui, derliaus nu\u0117mimo ir s\u0117jamosiose, svirties cilindras valdo valdymo svirties judes\u012f, atlikdamas tokias u\u017eduotis kaip s\u0117ja, tr\u0119\u0161imas ir derliaus nu\u0117mimas.<\/li>\n<li>Kasyba: Kasybos \u012frangoje rankos cilindras naudojamas kasybos \u012frangos rankos jud\u0117jimui valdyti, atliekant r\u016bd\u0173 kasyb\u0105 ir transportavim\u0105.<\/li>\n<li>Logistika ir transportavimas: \u0160akiniuose krautuvuose ir tvarkymo robotuose svirties cilindras naudojamas krovinio \u0161ak\u0117s k\u0117limui ir jud\u0117jimui valdyti, taip u\u017etikrinant med\u017eiag\u0173 tvarkym\u0105 ir sukraunim\u0105.<\/li>\n<\/ul>\n<h2>Projektavimo aspektai ir atrankos kriterijai<\/h2>\n<p>Svirtinio cilindro konstrukcijos aspektai apima laikom\u0105j\u0105 gali\u0105, sandarum\u0105, ilgaam\u017ei\u0161kum\u0105, saugum\u0105 ir prie\u017ei\u016br\u0105.<\/p>\n<ul>\n<li>Keliamoji galia: Svirties cilindras turi tur\u0117ti pakankam\u0105 keliam\u0105j\u0105 gali\u0105, kad atitikt\u0173 skirting\u0173 mechanini\u0173 svir\u010di\u0173 poreikius.<\/li>\n<li>Sandarinimas: Svirties cilindre naudojami \u012fvair\u016bs sandarikliai, tokie kaip st\u016bmoklio sandarikliai, strypo sandarikliai ir kt. Sandarikliai pagaminti i\u0161 atspari\u0173 dilimui med\u017eiag\u0173, toki\u0173 kaip poliuretanas ir nitrilo kau\u010diukas, kurios gali u\u017ekirsti keli\u0105 nuot\u0117kiui ir pagerinti cilindro tarnavimo laik\u0105.<\/li>\n<li>Patvarumas: Cilindro svirties korpusas ir srieginis galinis pavir\u0161ius yra kruop\u0161\u010diai apdoroti, siekiant pagerinti atsparum\u0105 dilimui ir korozijai at\u0161iauriomis s\u0105lygomis.<\/li>\n<li>Sauga: Svirties cilindras turi tur\u0117ti patikimas saugos apsaugos priemones, kad b\u016bt\u0173 u\u017etikrintas operatoriaus ir \u012frangos saugumas eksploatacijos metu.<\/li>\n<li>Prie\u017ei\u016bra: Cilindro svirtis sukurta taip, kad j\u0105 b\u016bt\u0173 lengva pri\u017ei\u016br\u0117ti ir keisti, tod\u0117l reguliari ap\u017ei\u016bra ir prie\u017ei\u016bra yra patogesni, o \u012frangos prastovos laikas sutrump\u0117ja.<\/li>\n<\/ul>\n<p><img decoding=\"async\" src=\"https:\/\/www.hydraulic-cylinders.net\/wp-content\/uploads\/2025\/01\/songte-cylinder-head-with-all-kinds-excavator-models.webp\"><\/p>\n<h2>Sandarinimas ir tepimas<\/h2>\n<p>Svirtiniame cilindre naudojami \u012fvair\u016bs sandarikliai, tokie kaip st\u016bmoklio ir strypo sandarikliai, kurie pagaminti i\u0161 atspari\u0173 dilimui med\u017eiag\u0173, toki\u0173 kaip poliuretanas ir nitrilo kau\u010diukas. Cilindro korpusas ir srieginis galinis pavir\u0161ius yra kruop\u0161\u010diai apdirbti, siekiant pagerinti atsparum\u0105 dilimui ir korozijai at\u0161iauriomis s\u0105lygomis. Norint u\u017etikrinti skland\u0173 cilindro veikim\u0105, reikia reguliariai tepti hidrauline alyva.<\/p>\n<p><img decoding=\"async\" src=\"https:\/\/www.hydraulic-cylinders.net\/wp-content\/uploads\/2025\/01\/songte-chushion-collar.webp\"><\/p>\n<h2>Prie\u017ei\u016bra ir remontas<\/h2>\n<p>Reguliarus patikrinimas ir prevencin\u0117 prie\u017ei\u016bra gali pad\u0117ti suma\u017einti netik\u0117t\u0173 prastov\u0173 ir brangaus remonto tikimyb\u0119. \u0160tai keletas patarim\u0173 d\u0117l prie\u017ei\u016bros ir remonto:<\/p>\n<ul>\n<li>Reguliariai tikrinkite, ar n\u0117ra cilindro ir sandarikli\u0173 nuot\u0117ki\u0173 ar pa\u017eeidim\u0173, ir prireikus juos pakeiskite.<\/li>\n<li>Patikrinkite hidraulin\u0117s alyvos lyg\u012f ir, jei reikia, \u012fpilkite alyvos.<\/li>\n<li>Patikrinkite vis\u0173 jung\u010di\u0173 ir tvirtinimo detali\u0173 sandarum\u0105 ir pakeiskite visas pa\u017eeistas dalis.<\/li>\n<li>Patikrinkite saugos priemones ir pakeiskite visas pa\u017eeistas ar netinkamai veikian\u010dias dalis.<\/li>\n<li>Reguliariai valykite ir sutepkite cilindr\u0105 ir visas judan\u010dias dalis.<\/li>\n<\/ul>\n<h2>Diegimo vadovas<\/h2>\n<p>Prie\u0161 montuodami atid\u017eiai perskaitykite instrukcijas ir \u012fsitikinkite, kad montavimas atliktas teisingai. Keletas patarim\u0173, kaip atlikti montavim\u0105:<\/p>\n<ul>\n<li>\u012esitikinkite, kad cilindras yra tinkamai sulygiuotas ir centruotas.<\/li>\n<li>Naudokite tinkamus tvirtinimo var\u017etus ir priver\u017ekite juos reikiamu sukimo momentu.<\/li>\n<li>Tinkamai prijunkite hidraulinius vamzd\u017eius ir \u012fsitikinkite, kad jie n\u0117ra sandar\u016bs.<\/li>\n<li>Patikrinkite elektros jungtis ir \u012fsitikinkite, kad jos tinkamai \u012f\u017eemintos.<\/li>\n<\/ul>\n<p><img decoding=\"async\" src=\"https:\/\/www.hydraulic-cylinders.net\/wp-content\/uploads\/2025\/01\/songte-bushings-with-all-kinds-of-excavator-models.webp\"><\/p>\n<h2>Saugos ir aplinkosaugos aspektai<\/h2>\n<p>Dirbant su svirties cilindru, b\u016btina laikytis vis\u0173 saugos priemoni\u0173 ir naudoti tinkamas apsaugos priemones. Hidraulin\u0119 alyv\u0105 reikia tinkamai utilizuoti, kad neb\u016bt\u0173 pakenkta aplinkai.<\/p>\n<h2>Trik\u010di\u0173 \u0161alinimas ir da\u017eniausios problemos<\/h2>\n<p>Kai kurios da\u017eniausios su svirties cilindru susijusios problemos:<\/p>\n<ul>\n<li>Nuot\u0117kis i\u0161 cilindro arba hidraulini\u0173 vamzd\u017ei\u0173<\/li>\n<li>Sunkumas judinant mechanin\u0119 ranken\u0105<\/li>\n<li>Per didelis triuk\u0161mas eksploatacijos metu<\/li>\n<\/ul>\n<p>Jei kyla kuri nors i\u0161 \u0161i\u0173 problem\u0173, pateikiame kelet\u0105 patarim\u0173, kaip jas pa\u0161alinti ir kaip jas pa\u0161alinti:<\/p>\n<ul>\n<li>Patikrinkite, ar cilindras ar sandarikliai nepa\u017eeisti, ir prireikus pakeiskite juos.<\/li>\n<li>Patikrinkite, ar n\u0117ra hidraulin\u0117s alyvos nuot\u0117ki\u0173, ir suremontuokite arba pakeiskite pa\u017eeistus vamzd\u017eius ar jungtis.<\/li>\n<li>Patikrinkite, ar hidraulinis siurblys nepa\u017eeistas, ir prireikus pakeiskite.<\/li>\n<\/ul>\n<p><img decoding=\"async\" src=\"https:\/\/www.hydraulic-cylinders.net\/wp-content\/uploads\/2025\/01\/songte-chushion-collar.webp\"><\/p>\n<h2>Apie mus<\/h2>\n<p>Esame profesionalus pakaitini\u0173 hidraulini\u0173 cilindr\u0173 gamintojas, si\u016blantis plat\u0173 gamini\u0173 asortiment\u0105. Tapome vienu i\u0161 pirmaujan\u010di\u0173 hidraulini\u0173 cilindr\u0173 gamintoj\u0173 ir didmenini\u0173 platintoj\u0173 vidaus ir tarptautin\u0117se rinkose. Visada laikom\u0117s puikios kokyb\u0117s principo ir pasikliaujame industrializacijos gamybos valdymo strategija, patobulintomis gamybos dirbtuv\u0117mis, kad nuolat tobulintume savo technin\u012f lyg\u012f ir gamybos efektyvum\u0105. Diegiant auk\u0161\u010diausios klas\u0117s skaitmenin\u0119 gamybos \u012frang\u0105 ir profesionalias bandym\u0173 sistemas, nuolat optimizuojame gamybos platform\u0105, tobuliname gamini\u0173 kokyb\u0117s kontrol\u0117s procesus ir turime stiprias inovacij\u0173 galimybes. M\u016bs\u0173 tikslas \u2013 patenkinti \u012fvairius klient\u0173 poreikius, u\u017etikrinant auk\u0161t\u0105 efektyvum\u0105, tikslum\u0105 ir kokyb\u0119.<\/p>\n<p>Si\u016blome profesionalias paslaugas, tarptautinius sertifikatus, individualiai pritaikytas paslaugas, gamybos \u012frang\u0105 ir garantin\u012f aptarnavim\u0105. M\u016bs\u0173 \u012fmon\u0117 yra \u012fsipareigojusi klientams tiekti auk\u0161tos kokyb\u0117s produktus ir paslaugas, tod\u0117l laukiame bendradarbiavimo su klientais i\u0161 viso pasaulio.<\/p>\n<p><img decoding=\"async\" src=\"https:\/\/www.hydraulic-cylinders.net\/wp-content\/uploads\/2025\/01\/songte-company-4.webp\"><br \/>\n<img decoding=\"async\" src=\"https:\/\/www.hydraulic-cylinders.net\/wp-content\/uploads\/2025\/01\/songte-company-3.webp\"><\/p>\n<p>Autorius: lyl.<\/p>","protected":false},"excerpt":{"rendered":"<p>Arm CylinderFor Sany Middle Excavator SY235CQ Introduction The Arm Cylinder is a specially designed hydraulic cylinder that is mainly used to provide linear motion and power for various mechanical arms, such as excavators, cranes, and mechanical arms. Arm cylinders play a crucial role in hydraulic systems, allowing auxiliary tools or attachments to move and control [&hellip;]<\/p>","protected":false},"featured_media":14783,"comment_status":"open","ping_status":"closed","template":"","meta":{"_et_pb_use_builder":"","_et_pb_old_content":"","_et_gb_content_width":""},"product_brand":[],"product_cat":[1497],"product_tag":[1498,1496],"class_list":{"0":"post-16366","1":"product","2":"type-product","3":"status-publish","4":"has-post-thumbnail","6":"product_cat-arm-cylinders","7":"product_tag-arm-cylinders","8":"product_tag-hydraulic-cylinders","10":"first","11":"instock","12":"shipping-taxable","13":"product-type-simple"},"amp_enabled":true,"_links":{"self":[{"href":"https:\/\/www.hydraulic-cylinders.net\/lt\/wp-json\/wp\/v2\/product\/16366","targetHints":{"allow":["GET"]}}],"collection":[{"href":"https:\/\/www.hydraulic-cylinders.net\/lt\/wp-json\/wp\/v2\/product"}],"about":[{"href":"https:\/\/www.hydraulic-cylinders.net\/lt\/wp-json\/wp\/v2\/types\/product"}],"replies":[{"embeddable":true,"href":"https:\/\/www.hydraulic-cylinders.net\/lt\/wp-json\/wp\/v2\/comments?post=16366"}],"wp:featuredmedia":[{"embeddable":true,"href":"https:\/\/www.hydraulic-cylinders.net\/lt\/wp-json\/wp\/v2\/media\/14783"}],"wp:attachment":[{"href":"https:\/\/www.hydraulic-cylinders.net\/lt\/wp-json\/wp\/v2\/media?parent=16366"}],"wp:term":[{"taxonomy":"product_brand","embeddable":true,"href":"https:\/\/www.hydraulic-cylinders.net\/lt\/wp-json\/wp\/v2\/product_brand?post=16366"},{"taxonomy":"product_cat","embeddable":true,"href":"https:\/\/www.hydraulic-cylinders.net\/lt\/wp-json\/wp\/v2\/product_cat?post=16366"},{"taxonomy":"product_tag","embeddable":true,"href":"https:\/\/www.hydraulic-cylinders.net\/lt\/wp-json\/wp\/v2\/product_tag?post=16366"}],"curies":[{"name":"wp","href":"https:\/\/api.w.org\/{rel}","templated":true}]}}