{"id":16371,"date":"2025-01-20T09:09:59","date_gmt":"2025-01-20T09:09:59","guid":{"rendered":"https:\/\/www.hydraulic-cylinders.net\/product\/arm-cylinderfor-sany-middle-excavator-sy240\/"},"modified":"2025-01-20T09:10:01","modified_gmt":"2025-01-20T09:10:01","slug":"arm-cylinderfor-sany-middle-excavator-sy240","status":"publish","type":"product","link":"https:\/\/www.hydraulic-cylinders.net\/lt\/produktas\/arm-cylinderfor-sany-middle-excavator-sy240\/","title":{"rendered":"Sany vidutinio ekskavatoriaus SY240 rankenos cilindras"},"content":{"rendered":"<p>Svirtinis cilindras SANY VIDURINIAM EKSKAVATORIUI SY240<\/p>\n<p>\u012evadas<br \/>\nSvirties cilindras yra specializuotas hidraulinis cilindras, skirtas u\u017etikrinti tiesin\u012f jud\u0117jim\u0105 ir gali\u0105 \u012fvairi\u0173 tip\u0173 ma\u0161in\u0173, toki\u0173 kaip ekskavatoriai, kranai ir mechanin\u0117s svirtys, svirtims. Svirties cilindrai atlieka labai svarb\u0173 vaidmen\u012f hidraulin\u0117se sistemose, nes leid\u017eia priedams ar priedams jud\u0117ti ir b\u016bti efektyviai valdomiems. \u0160ie cilindrai ne tik u\u017etikrina skland\u0173 jud\u0117jim\u0105, bet ir atlaiko dideles apkrovas, u\u017etikrindami efektyv\u0173 ma\u0161in\u0173 veikim\u0105 ir patikimum\u0105 \u012fvairiomis darbo s\u0105lygomis.<\/p>\n<p><img decoding=\"async\" src=\"https:\/\/www.hydraulic-cylinders.net\/wp-content\/uploads\/2025\/01\/songte-company-2.webp\"><\/p>\n<p>Apibr\u0117\u017eimas ir paai\u0161kinimas<br \/>\nSvirties cilindras yra hidraulinio cilindro tipas, skirtas u\u017etikrinti tiesin\u012f jud\u0117jim\u0105 ir gali\u0105 \u012fvairi\u0173 tip\u0173 ma\u0161in\u0173 svirtims. Tai pagrindinis hidraulin\u0117s sistemos komponentas, leid\u017eiantis priedams ar priedams jud\u0117ti ir b\u016bti efektyviai valdomiems. Svirties cilindrai pagaminti i\u0161 didelio stiprumo med\u017eiag\u0173, kurios u\u017etikrina ilgaam\u017ei\u0161kum\u0105 ir atsparum\u0105 dilimui bei korozijai. Jie pla\u010diai naudojami \u012fvairiose pramon\u0117s \u0161akose, tokiose kaip statyba, gamyba, \u017eem\u0117s \u016bkis, kasyba ir logistika, \u012fvairioms u\u017eduotims, kurioms reikalingas tiesinis jud\u0117jimas ir galia, atlikti.<\/p>\n<p>Savyb\u0117s<br \/>\nSvirties cilindras turi kelet\u0105 savybi\u0173, kurios j\u012f daro patikimu ir efektyviu hidrauliniu cilindru. \u0160tai keletas pagrindini\u0173 jo savybi\u0173:<\/p>\n<h2>Didelio efektyvumo transmisija<\/h2>\n<p>Svirties cilindras u\u017etikrina stipr\u0173 tiesin\u012f judes\u012f ir gali\u0105, o tai u\u017etikrina auk\u0161t\u0105 mechanin\u0117s svirties efektyvum\u0105 \u012fvairi\u0173 operacij\u0173 metu.<\/p>\n<h2>Tikslus valdymas<\/h2>\n<p>Hidraulin\u0117s sistemos d\u0117ka rankos cilindras gali tiksliai valdyti judes\u012f, tod\u0117l pried\u0173 valdymas tampa lankstesnis ir tikslesnis.<\/p>\n<h2>Patvarus<\/h2>\n<p>Svirtiniai cilindrai paprastai gaminami i\u0161 didelio stiprumo med\u017eiag\u0173, kurios pasi\u017eymi geru atsparumu dilimui ir korozijai, tod\u0117l tinka ilgalaikiam naudojimui at\u0161iauriomis s\u0105lygomis.<\/p>\n<h2>Daugiafunkcinis prisitaikymas<\/h2>\n<p>Svirtiniai cilindrai gali b\u016bti pla\u010diai naudojami \u012fvairi\u0173 tip\u0173 ma\u0161inose, tokiose kaip ekskavatoriai, kranai ir mechanin\u0117s svirtys, kad b\u016bt\u0173 pritaikyti skirtingiems darbo poreikiams.<\/p>\n<h2>Lengva prie\u017ei\u016bra<\/h2>\n<p>Arm cilindro konstrukcija skirta lengvam techniniam aptarnavimui ir pakeitimui, tod\u0117l reguliari ap\u017ei\u016bra ir technin\u0117 prie\u017ei\u016bra yra patogesni, o \u012frangos prastova suma\u017e\u0117ja.<\/p>\n<p><img decoding=\"async\" src=\"https:\/\/www.hydraulic-cylinders.net\/wp-content\/uploads\/2025\/01\/songte-oil-pipes-and-spare-parts.webp\"><\/p>\n<p>Parai\u0161kos<br \/>\nSvirtinis cilindras gali b\u016bti naudojamas \u012fvairiose pramon\u0117s \u0161akose ir ma\u0161inose, kurioms reikalingas tiesinis jud\u0117jimas ir galia. \u0160tai keletas jo pritaikym\u0173:<\/p>\n<h2>Statyba<\/h2>\n<p>Ekskavatoriuose ir kranuose svirties cilindras naudojamas kau\u0161o arba str\u0117l\u0117s jud\u0117jimui valdyti, atliekant \u017eem\u0117s darbus, med\u017eiag\u0173 tvarkym\u0105 ir konstrukcij\u0173 montavim\u0105.<\/p>\n<h2>Gamyba<\/h2>\n<p>Automatizuotose gamybos linijose svirties cilindras naudojamas mechanin\u0117s svirties judesiui valdyti, atliekant surinkimo, suvirinimo ir tvarkymo procesus, taip gerinant gamybos efektyvum\u0105 ir tikslum\u0105.<\/p>\n<h2>\u017dem\u0117s \u016bkio technika<\/h2>\n<p>\u017dem\u0117s \u016bkio technikose, tokiose kaip derliaus nu\u0117mimo ma\u0161inos ir sodinamosios, svirties cilindras valdo valdymo svirties judes\u012f, atlikdamas tokias u\u017eduotis kaip sodinimas, tr\u0119\u0161imas ir derliaus nu\u0117mimas.<\/p>\n<h2>Kasyba<\/h2>\n<p>Kasybos \u012frangoje rankos cilindras naudojamas kasybos \u012frangos rankos jud\u0117jimui valdyti, atliekant r\u016bdos kasyb\u0105 ir tvarkym\u0105.<\/p>\n<h2>Logistika ir transportas<\/h2>\n<p>\u0160akiniuose krautuvuose ir krovini\u0173 krovimo robotuose rankos cilindras valdo \u0161ak\u0117s k\u0117lim\u0105 ir jud\u0117jim\u0105, u\u017etikrindamas med\u017eiag\u0173 tvarkym\u0105 ir krovim\u0105.<\/p>\n<p>Projektavimo aspektai ir atrankos kriterijai<br \/>\nSvirties cilindro konstrukcijos aspektai ir pasirinkimo kriterijai yra b\u016btini siekiant u\u017etikrinti hidraulinio cilindro veikim\u0105, saug\u0105 ir prie\u017ei\u016br\u0105. \u0160tai keletas projektavimo aspekt\u0173 ir pasirinkimo kriterij\u0173:<\/p>\n<h2>Keliamoji galia<\/h2>\n<p>Svirties cilindro keliamoji galia yra labai svarbus veiksnys j\u012f projektuojant ir parenkant. Jis tur\u0117t\u0173 b\u016bti suprojektuotas ir parinktas atsi\u017evelgiant \u012f maksimali\u0105 taikymo apkrov\u0105 ir darbo s\u0105lygas, siekiant u\u017etikrinti saug\u0105 ir patikimum\u0105.<\/p>\n<h2>Sandarinimo efektyvumas<\/h2>\n<p>Svirties cilindro sandarumas yra labai svarbus siekiant i\u0161vengti nuot\u0117kio ir u\u017etikrinti hidraulin\u0117s sistemos stabilum\u0105. Jame tur\u0117t\u0173 b\u016bti naudojami \u012fvair\u016bs sandarinimo komponentai, tokie kaip st\u016bmokli\u0173 sandarikliai, stryp\u0173 sandarikliai ir valytuvai, pagaminti i\u0161 atspari\u0173 dilimui med\u017eiag\u0173.<\/p>\n<h2>Patvarumas<\/h2>\n<p>Svirties cilindro patvarumas priklauso nuo jo konstrukcijoje ir gamyboje naudojam\u0173 med\u017eiag\u0173. Siekiant u\u017etikrinti ilgaam\u017ei\u0161kum\u0105 at\u0161iauriomis darbo s\u0105lygomis, tur\u0117t\u0173 b\u016bti naudojamos didelio stiprumo med\u017eiagos, pasi\u017eymin\u010dios geru atsparumu dilimui ir korozijai, pavyzd\u017eiui, legiruotas plienas.<\/p>\n<h2>Saugumas<\/h2>\n<p>Svirties cilindro saugumas priklauso nuo jo konstrukcijos ir montavimo. Jis tur\u0117t\u0173 b\u016bti suprojektuotas su saugos funkcijomis, tokiomis kaip vir\u0161sl\u0117gio vo\u017etuvai ir avarinio stabdymo valdikliai, kad b\u016bt\u0173 i\u0161vengta nelaiming\u0173 atsitikim\u0173 ir u\u017etikrintas saugus veikimas.<\/p>\n<h2>Prie\u017ei\u016bra<\/h2>\n<p>Svirties cilindro prie\u017ei\u016bra yra b\u016btina siekiant u\u017etikrinti jo ilgaam\u017ei\u0161kum\u0105 ir na\u0161um\u0105. Jis tur\u0117t\u0173 b\u016bti suprojektuotas su lengvai kei\u010diamais komponentais ir reguliariomis prie\u017ei\u016bros proced\u016bromis, kad suma\u017e\u0117t\u0173 prastovas ir padid\u0117t\u0173 efektyvumas.<\/p>\n<p><img decoding=\"async\" src=\"https:\/\/www.hydraulic-cylinders.net\/wp-content\/uploads\/2025\/01\/songte-cylinder-head-with-all-kinds-excavator-models.webp\"><\/p>\n<p>Sandarinimas ir tepimas<br \/>\nSvirties cilindro sandarinimas ir tepimas yra labai svarb\u016bs jo veikimui ir ilgaam\u017ei\u0161kumui. Jame tur\u0117t\u0173 b\u016bti naudojami skirtingi sandarinimo komponentai, tokie kaip st\u016bmoklio ir koto sandarikliai, pagaminti i\u0161 atspari\u0173 dilimui med\u017eiag\u0173, toki\u0173 kaip poliuretanas ir nitrilo kau\u010diukas. Cilindro korpusas ir srieginis galinis pavir\u0161ius tur\u0117t\u0173 b\u016bti kruop\u0161\u010diai apdirbti, kad padid\u0117t\u0173 jo atsparumas dilimui. J\u012f reikia reguliariai tepti tinkamu hidraulin\u0117s alyvos kiekiu, kad b\u016bt\u0173 u\u017etikrintas sklandus veikimas ir i\u0161vengta dilimo.<\/p>\n<p>\u012eprastin\u0117 ap\u017ei\u016bra ir prevencin\u0117 prie\u017ei\u016bra<br \/>\nReguliarus patikrinimas ir prevencin\u0117 prie\u017ei\u016bra yra b\u016btini siekiant u\u017etikrinti svirties cilindro ilgaam\u017ei\u0161kum\u0105 ir na\u0161um\u0105. J\u012f reikia reguliariai tikrinti, pavyzd\u017eiui, ar n\u0117ra alyvos nuot\u0117kio, cilindro korpuso ap\u017ei\u016bra ir susid\u0117v\u0117jusi\u0173 sandarikli\u0173 keitimas. Siekiant u\u017etikrinti optimal\u0173 na\u0161um\u0105 ir suma\u017einti prastovas, reikia imtis prevencini\u0173 prie\u017ei\u016bros priemoni\u0173, toki\u0173 kaip valymas ir tepimas.<\/p>\n<p>Tinkamo gaminio \u012frengimo vadovas<br \/>\nNorint u\u017etikrinti svirties cilindro veikim\u0105 ir saug\u0105, b\u016btina tinkamai sumontuoti gamin\u012f. \u0160tai keli pagrindiniai montavimo \u017eingsniai:<\/p>\n<p>1. Nuvalykite tvirtinimo pavir\u0161i\u0173 ir \u012fsitikinkite, kad jis lygus ir lygiagretus.<br \/>\n2. Sumontuokite cilindr\u0105 ir sulygiuokite j\u012f su tvirtinimo ta\u0161kais.<br \/>\n3. Priver\u017ekite tvirtinimo var\u017etus iki rekomenduojamo sukimo momento.<br \/>\n4. Prijunkite hidraulines \u017earnas.<br \/>\n5. Patikrinkite cilindro veikim\u0105 ir saugos priemones.<\/p>\n<p><img decoding=\"async\" src=\"https:\/\/www.hydraulic-cylinders.net\/wp-content\/uploads\/2025\/01\/songte-bushings-with-all-kinds-of-excavator-models.webp\"><\/p>\n<p>Saugos aspektai ir aplinkos veiksniai<br \/>\nNaudojant svirtin\u012f cilindr\u0105, labai svarbu atsi\u017evelgti \u012f saugos reikalavimus ir aplinkos veiksnius. Reikia laikytis saugos priemoni\u0173, pvz., d\u0117v\u0117ti asmenines apsaugos priemones, pvz., pir\u0161tines, apsauginius akinius ir \u0161almus, ir laikytis gamintojo nurodym\u0173. Taip pat reik\u0117t\u0173 atsi\u017evelgti \u012f aplinkos veiksnius, pvz., temperat\u016br\u0105, dr\u0117gm\u0119 ir dulkes, siekiant u\u017etikrinti optimal\u0173 na\u0161um\u0105 ir ilgaam\u017ei\u0161kum\u0105.<\/p>\n<p>Trik\u010di\u0173 \u0161alinimas ir da\u017eniausios problemos<br \/>\nNaudojant svirties cilindr\u0105, nei\u0161vengiamai kyla trik\u010di\u0173 ir da\u017eniausiai pasitaikan\u010di\u0173 problem\u0173. \u0160tai keletas da\u017eniausiai pasitaikan\u010di\u0173 problem\u0173:<\/p>\n<h2>Alyvos nuot\u0117kis<\/h2>\n<p>Alyvos nuot\u0117kis gali atsirasti d\u0117l susid\u0117v\u0117jusi\u0173 sandarikli\u0173, pa\u017eeisto st\u016bmoklio arba netinkamo montavimo. J\u012f reikia patikrinti ir, jei reikia, pakeisti sandariklius arba st\u016bmokl\u012f.<\/p>\n<h2>L\u0117tas jud\u0117jimas<\/h2>\n<p>L\u0117tas jud\u0117jimas gali atsirasti d\u0117l \u017eemo hidraulinio sl\u0117gio, u\u017esikim\u0161usi\u0173 hidraulini\u0173 linij\u0173 arba susid\u0117v\u0117jusi\u0173 sandarikli\u0173. J\u012f reikia patikrinti ir, jei reikia, sutaisyti hidraulin\u0119 sistem\u0105 arba sandariklius.<\/p>\n<h2>Triuk\u0161mingas veikimas<\/h2>\n<p>Triuk\u0161mingas veikimas gali atsirasti d\u0117l oro hidraulin\u0117je sistemoje, atsilaisvinusi\u0173 tvirtinimo var\u017et\u0173 arba susid\u0117v\u0117jusi\u0173 komponent\u0173. J\u0105 reikia patikrinti ir, jei reikia, sutaisyti hidraulin\u0119 sistem\u0105 arba komponentus.<\/p>\n<p>Gedim\u0173 diagnostika ir prevencijos priemon\u0117s<br \/>\nGedim\u0173 diagnostika ir prevencijos priemon\u0117s yra labai svarbios siekiant suma\u017einti prastovas ir u\u017ekirsti keli\u0105 \u012frangos gedimams. \u012erenginys tur\u0117t\u0173 tur\u0117ti tinkam\u0105 technin\u0117s prie\u017ei\u016bros grafik\u0105, reguliarius patikrinimus ir prevencines prie\u017ei\u016bros priemones. Taip pat tur\u0117t\u0173 b\u016bti parengtas trik\u010di\u0173 \u0161alinimo planas ir apmokyti darbuotojai, kurie kuo grei\u010diau diagnozuot\u0173 ir pa\u0161alint\u0173 gedimus.<\/p>\n<p><img decoding=\"async\" src=\"https:\/\/www.hydraulic-cylinders.net\/wp-content\/uploads\/2025\/01\/songte-chushion-collar.webp\"><\/p>\n<p>I\u0161vada<br \/>\nSvirtinis cilindras yra specializuotas hidraulinis cilindras, u\u017etikrinantis tiesin\u012f judes\u012f ir gali\u0105 \u012fvairi\u0173 tip\u0173 ma\u0161inoms. Jis pasi\u017eymi keliomis savyb\u0117mis, tokiomis kaip didelio efektyvumo transmisija, tikslus valdymas, ilgaam\u017ei\u0161kumas, daugiafunkcis pritaikomumas ir lengva prie\u017ei\u016bra. Projektavimo aspektai ir parinkimo kriterijai, sandarinimas ir tepimas, \u012fprastin\u0117 patikra ir prevencin\u0117 prie\u017ei\u016bra, tinkamas gaminio montavimo vadovas, saugos aspektai ir aplinkos veiksniai, gedim\u0173 diagnostika ir prevencin\u0117s priemon\u0117s yra labai svarbios siekiant u\u017etikrinti jo veikim\u0105, saug\u0105 ir ilgaam\u017ei\u0161kum\u0105. Tinkama prie\u017ei\u016bra, technin\u0117 prie\u017ei\u016bra ir trik\u010di\u0173 \u0161alinimas gali u\u017etikrinti optimal\u0173 veikim\u0105 ir u\u017ekirsti keli\u0105 \u012frangos gedimams. <\/p>\n<p>Apie mus<br \/>\nEsame profesionalus hidraulini\u0173 cilindr\u0173 gamintojas, si\u016blantis plat\u0173 gamini\u0173 asortiment\u0105 ir tap\u0119s vienu i\u0161 pirmaujan\u010di\u0173 hidraulini\u0173 cilindr\u0173 gamintoj\u0173 ir didmenini\u0173 platintoj\u0173 vidaus ir tarptautin\u0117se rinkose. Mes visada laikom\u0117s kokyb\u0117s puikyb\u0117s principo ir remiam\u0117s industrializuota gamybos valdymo strategija, sukurta moderniose gamybos dirbtuv\u0117se, kad nuolat tobulintume savo technin\u012f lyg\u012f ir gamybos efektyvum\u0105. Diegdami auk\u0161\u010diausios klas\u0117s skaitmenin\u0119 gamybos \u012frang\u0105 ir profesionalias bandym\u0173 sistemas, nuolat optimizuojame savo gamybos platform\u0105, tobuliname gamini\u0173 kokyb\u0117s kontrol\u0117s proces\u0105 ir turime stiprias inovacij\u0173 galimybes. M\u016bs\u0173 tikslas \u2013 patenkinti \u012fvairius klient\u0173 poreikius, taikant didelio efektyvumo, tikslumo ir auk\u0161tos kokyb\u0117s principus.<\/p>\n<p>Siekdami u\u017etikrinti klient\u0173 pasitenkinim\u0105, teikiame profesionalias paslaugas, tarptautinius sertifikatus, individualias paslaugas, gamybos \u012frang\u0105 ir garantin\u012f aptarnavim\u0105.<\/p>\n<p><img decoding=\"async\" src=\"https:\/\/www.hydraulic-cylinders.net\/wp-content\/uploads\/2025\/01\/songte-company-4.webp\"><br \/>\n<img decoding=\"async\" src=\"https:\/\/www.hydraulic-cylinders.net\/wp-content\/uploads\/2025\/01\/songte-company-3.webp\"><\/p>\n<p>Autorius: lyl.<\/p>","protected":false},"excerpt":{"rendered":"<p>ARM CYLINDER FOR SANY MIDDLE EXCAVATOR SY240 Introduction Arm cylinder is a specialized hydraulic cylinder designed to provide linear motion and power to the arms of various types of machinery, such as excavators, cranes, and mechanical arms. Arm cylinders play a crucial role in hydraulic systems, enabling attachments or accessories to move and be controlled [&hellip;]<\/p>","protected":false},"featured_media":14770,"comment_status":"open","ping_status":"closed","template":"","meta":{"_et_pb_use_builder":"","_et_pb_old_content":"","_et_gb_content_width":""},"product_brand":[],"product_cat":[1497],"product_tag":[1498,1496],"class_list":{"0":"post-16371","1":"product","2":"type-product","3":"status-publish","4":"has-post-thumbnail","6":"product_cat-arm-cylinders","7":"product_tag-arm-cylinders","8":"product_tag-hydraulic-cylinders","10":"first","11":"instock","12":"shipping-taxable","13":"product-type-simple"},"amp_enabled":true,"_links":{"self":[{"href":"https:\/\/www.hydraulic-cylinders.net\/lt\/wp-json\/wp\/v2\/product\/16371","targetHints":{"allow":["GET"]}}],"collection":[{"href":"https:\/\/www.hydraulic-cylinders.net\/lt\/wp-json\/wp\/v2\/product"}],"about":[{"href":"https:\/\/www.hydraulic-cylinders.net\/lt\/wp-json\/wp\/v2\/types\/product"}],"replies":[{"embeddable":true,"href":"https:\/\/www.hydraulic-cylinders.net\/lt\/wp-json\/wp\/v2\/comments?post=16371"}],"wp:featuredmedia":[{"embeddable":true,"href":"https:\/\/www.hydraulic-cylinders.net\/lt\/wp-json\/wp\/v2\/media\/14770"}],"wp:attachment":[{"href":"https:\/\/www.hydraulic-cylinders.net\/lt\/wp-json\/wp\/v2\/media?parent=16371"}],"wp:term":[{"taxonomy":"product_brand","embeddable":true,"href":"https:\/\/www.hydraulic-cylinders.net\/lt\/wp-json\/wp\/v2\/product_brand?post=16371"},{"taxonomy":"product_cat","embeddable":true,"href":"https:\/\/www.hydraulic-cylinders.net\/lt\/wp-json\/wp\/v2\/product_cat?post=16371"},{"taxonomy":"product_tag","embeddable":true,"href":"https:\/\/www.hydraulic-cylinders.net\/lt\/wp-json\/wp\/v2\/product_tag?post=16371"}],"curies":[{"name":"wp","href":"https:\/\/api.w.org\/{rel}","templated":true}]}}