{"id":16376,"date":"2025-01-20T09:10:27","date_gmt":"2025-01-20T09:10:27","guid":{"rendered":"https:\/\/www.hydraulic-cylinders.net\/product\/arm-cylinderfor-sany-large-excavator-sy385h-9\/"},"modified":"2025-01-20T09:10:29","modified_gmt":"2025-01-20T09:10:29","slug":"arm-cylinderfor-sany-large-excavator-sy385h-9","status":"publish","type":"product","link":"https:\/\/www.hydraulic-cylinders.net\/lt\/produktas\/arm-cylinderfor-sany-large-excavator-sy385h-9\/","title":{"rendered":"Sany didelio ekskavatoriaus SY385H-9 rankenos cilindras"},"content":{"rendered":"<p>Sany didelio ekskavatoriaus SY385H-9 rankos cilindras<\/p>\n<p>\u012evadas<\/p>\n<p>\u201eSany Large Excavator SY385H-9\u201c svirties cilindras yra hidraulinis cilindras, specialiai sukurtas u\u017etikrinti linijin\u012f jud\u0117jim\u0105 ir gali\u0105 \u012fvairi\u0173 tip\u0173 ma\u0161in\u0173, toki\u0173 kaip ekskavatoriai, kranai ir mechanin\u0117s svirtys, svirtims. Svirties cilindras atlieka labai svarb\u0173 vaidmen\u012f hidraulin\u0117je sistemoje, nes leid\u017eia efektyviai jud\u0117ti ir valdyti papildomus \u012frankius ar priedus. \u0160ie cilindrai ne tik u\u017etikrina skland\u0173 jud\u0117jim\u0105, bet ir gali atlaikyti dideles apkrovas, u\u017etikrindami efektyv\u0173 ma\u0161inos veikim\u0105 ir patikimum\u0105 \u012fvairiomis eksploatavimo s\u0105lygomis.<\/p>\n<p>Apibr\u0117\u017eimas ir paai\u0161kinimas<\/p>\n<p>Svirties cilindras yra hidraulinio cilindro tipas, skirtas u\u017etikrinti tiesin\u012f jud\u0117jim\u0105 mechanizm\u0173 svirtims. J\u012f sudaro cilindro korpusas, st\u016bmoklis, st\u016bmoklio kotas, galinis dangtelis ir kiti komponentai. Hidraulinis skystis patenka \u012f cilindr\u0105 per galinio dangtelio ang\u0105 ir stumia st\u016bmokl\u012f, kuris savo ruo\u017etu judina st\u016bmoklio kot\u0105, u\u017etikrindamas tiesin\u012f jud\u0117jim\u0105 svirtimi. Pagrindin\u0117 svirties cilindro funkcija yra suteikti reikiam\u0105 j\u0117g\u0105 svirtiai pakelti, traukti arba stumti, leid\u017eiant mechanizmui atlikti \u012fvairias funkcijas.<\/p>\n<p>Savyb\u0117s<\/p>\n<p>\u201eSany\u201c didelio ekskavatoriaus SY385H-9 svirties cilindras pasi\u017eymi keliomis savyb\u0117mis, d\u0117l kuri\u0173 jis idealiai tinka \u012fvairiai technikai. \u0160tai keli pavyzd\u017eiai:<\/p>\n<p>1. Didelio efektyvumo transmisija: Svirties cilindras gali u\u017etikrinti galing\u0105 tiesin\u012f judes\u012f ir j\u0117g\u0105, u\u017etikrindamas auk\u0161t\u0105 efektyvum\u0105 ir na\u0161um\u0105 atliekant \u012fvairias operacijas.<\/p>\n<p>2. Tikslus valdymas: Hidraulin\u0117s sistemos d\u0117ka rankos cilindras gali tiksliai valdyti judes\u012f, tod\u0117l papildom\u0173 \u012franki\u0173 valdymas tampa lankstesnis ir tikslesnis.<\/p>\n<p>3. Didelis patvarumas: Svirtiniai cilindrai paprastai gaminami i\u0161 didelio stiprumo med\u017eiag\u0173, pasi\u017eymin\u010di\u0173 puikiu atsparumu dilimui ir korozijai, tod\u0117l jie tinkami ilgalaikiam naudojimui at\u0161iauriomis s\u0105lygomis.<\/p>\n<p>4. Universalus pritaikomumas: \u0160ie cilindrai gali b\u016bti pla\u010diai naudojami \u012fvairiose ma\u0161inose, tokiose kaip ekskavatoriai, kranai ir mechanin\u0117s rankenos, kad b\u016bt\u0173 pritaikyti prie skirting\u0173 darbo reikalavim\u0173.<\/p>\n<p>5. Lengva prie\u017ei\u016bra: Svirties cilindro konstrukcija skirta lengvam prie\u017ei\u016bros ir keitimo procesui, tod\u0117l reguliari ap\u017ei\u016bra ir prie\u017ei\u016bra yra patogesn\u0117, o \u012frangos prastovos laikas sutrump\u0117ja.<\/p>\n<p>Gamyba<\/p>\n<p>Galime pagaminti \u201eSany Large Excavator SY385H-9\u201c svirties cilindr\u0105, kuris puikiai pakei\u010dia \u0161iuos hidraulinius cilindrus.<\/p>\n<p>Parai\u0161ka<\/p>\n<p>Svirtiniai cilindrai turi \u012fvairi\u0173 pritaikym\u0173 \u012fvairiose pramon\u0117s \u0161akose:<\/p>\n<p>1. Konstrukcija: Ekskavatoriuose ir kranuose peties cilindras valdo kastuvo arba str\u0117l\u0117s jud\u0117jim\u0105 atliekant \u017eem\u0117s darbus, med\u017eiag\u0173 tvarkym\u0105 ir konstrukcij\u0173 montavim\u0105.<\/p>\n<p>2. Gamyba: Automatizuotose gamybos linijose svirties cilindras valdo mechanin\u0117s svirties jud\u0117jim\u0105 surinkimo, suvirinimo ir tvarkymo procesuose, taip pagerindamas gamybos efektyvum\u0105 ir tikslum\u0105.<\/p>\n<p>3. \u017dem\u0117s \u016bkio technika: \u017dem\u0117s \u016bkio technikoje, pavyzd\u017eiui, derliaus nu\u0117mimo ir s\u0117jamosiose, svirties cilindrai valdo valdymo svirties judes\u012f, atlikdami tokias u\u017eduotis kaip s\u0117ja, tr\u0119\u0161imas ir derliaus nu\u0117mimas.<\/p>\n<p>4. Kasyba: Kasybos \u012frangoje svirties cilindras valdo svirties jud\u0117jim\u0105, kad b\u016bt\u0173 i\u0161gaunamos ir transportuojamos mineralin\u0117s med\u017eiagos.<\/p>\n<p>5. Logistika ir transportavimas: \u0160akiniuose krautuvuose ir krovini\u0173 krovimo robotuose svir\u010di\u0173 cilindrai valdo \u0161ak\u0117s k\u0117lim\u0105 ir jud\u0117jim\u0105, taip u\u017etikrinant med\u017eiag\u0173 tvarkym\u0105 ir krovim\u0105.<\/p>\n<p>Projektavimo aspektai ir atrankos kriterijai<\/p>\n<p>Projektavimo aspektai: Svirties cilindro konstrukcija turi atsi\u017evelgti \u012f pagrindinius veiksnius, tokius kaip laikomoji galia, sandarumas, ilgaam\u017ei\u0161kumas, saugumas ir prie\u017ei\u016bra.<\/p>\n<p>1. Apkrovos paj\u0117gumas: Svirties cilindras turi atlaikyti svirties ir bet koki\u0173 papildom\u0173 \u012franki\u0173 ar pried\u0173 apkrov\u0105.<\/p>\n<p>2. Sandarinimas: Cilindras turi b\u016bti gerai u\u017esandarintas, kad b\u016bt\u0173 i\u0161vengta hidraulinio skys\u010dio nuot\u0117kio ir u\u017etikrintas patikimas veikimas.<\/p>\n<p>3. Patvarumas: Svirties cilindras turi b\u016bti pagamintas i\u0161 patvari\u0173 med\u017eiag\u0173, kad b\u016bt\u0173 u\u017etikrintas ilgalaikis naudojimas at\u0161iauriomis s\u0105lygomis.<\/p>\n<p>4. Sauga: Balionas turi atitikti saugos standartus ir tur\u0117ti saugos funkcijas, kad b\u016bt\u0173 i\u0161vengta nelaiming\u0173 atsitikim\u0173.<\/p>\n<p>5. Prie\u017ei\u016bra: Baliono konstrukcija turi b\u016bti sudaryta atsi\u017evelgiant \u012f prie\u017ei\u016bros ir keitimo paprastum\u0105, siekiant suma\u017einti \u012frangos prastovos laik\u0105.<\/p>\n<p>Atrankos kriterijai: Renkantis cilindro formos ranken\u0105, reikia atsi\u017evelgti \u012f \u0161iuos veiksnius:<\/p>\n<p>1. Apkrova: Cilindro apkrovos paj\u0117gumas turi atitikti ma\u0161inos reikalavimus.<\/p>\n<p>2. Sm\u016bgio ilgis: cilindro eigos ilgis turi atitikti reikiam\u0105 tiesin\u012f svirties judes\u012f.<\/p>\n<p>3. Skersmuo: Cilindro skersmuo turi atitikti ma\u0161inos specifikacijas.<\/p>\n<p>4. Darbin\u0117 aplinka: Cilindras turi b\u016bti tinkamas ma\u0161inos darbinei aplinkai, pvz., temperat\u016brai, sl\u0117giui ir dr\u0117gmei.<\/p>\n<p>5. Suderinamumas: Cilindras turi b\u016bti suderinamas su hidrauline sistema ir papildomais \u012frankiais ar priedais.<\/p>\n<p>Sandarinimas ir tepimas<\/p>\n<p>\u012evair\u016bs sandarinimo komponentai, tokie kaip st\u016bmoklio ir koto sandarikliai, u\u017etikrina patikim\u0105 svirties cilindro veikim\u0105. Sandarikliai pagaminti i\u0161 atspari\u0173 dilimui med\u017eiag\u0173, toki\u0173 kaip poliuretanas ir nitrilo kau\u010diukas, kad b\u016bt\u0173 u\u017etikrintas sandarumas ir i\u0161vengta hidraulinio skys\u010dio nuot\u0117kio. Cilindro korpusas ir srieginiai galiniai pavir\u0161iai yra kruop\u0161\u010diai apdirbti, siekiant padidinti atsparum\u0105 dilimui. Reguliariai \u012fpilant reikiam\u0105 kiek\u012f hidraulin\u0117s alyvos, galima sutepti cilindr\u0105 ir palaikyti efektyv\u0173 jo veikim\u0105.<\/p>\n<p>Patikrinimas ir prie\u017ei\u016bra<\/p>\n<p>Reguliarus patikrinimas ir prie\u017ei\u016bra gali pad\u0117ti suma\u017einti prastovas ir u\u017etikrinti ilgalaik\u012f svirties cilindro naudojim\u0105. Kai kurios prevencin\u0117s prie\u017ei\u016bros priemon\u0117s:<\/p>\n<p>1. Patikrinkite cilindr\u0105, ar n\u0117ra pa\u017eeidim\u0173, pvz., \u012fbr\u0117\u017eim\u0173 ar \u012flenkim\u0173.<\/p>\n<p>2. Patikrinkite sandariklius ir, jei reikia, pakeiskite juos.<\/p>\n<p>3. Patikrinkite hidraulinio skys\u010dio lyg\u012f ir, jei reikia, papildykite.<\/p>\n<p>4. Patikrinkite cilindro tvirtinimo var\u017etus ir, jei reikia, priver\u017ekite juos.<\/p>\n<p>5. Reguliariai sutepkite cilindr\u0105 ir hidraulin\u0119 sistem\u0105.<\/p>\n<p>Diegimo vadovas<\/p>\n<p>Nor\u0117dami sumontuoti \u201eSany Large Excavator SY385H-9\u201c svirties cilindr\u0105, atlikite \u0161iuos veiksmus:<\/p>\n<p>1. I\u0161imkite sen\u0105 cilindr\u0105 ir nuvalykite tvirtinimo pavir\u0161i\u0173.<\/p>\n<p>2. \u012estatykite nauj\u0105 cilindr\u0105 ir \u012fsitikinkite, kad jis tinkamai sulygiuotas.<\/p>\n<p>3. Priver\u017ekite tvirtinimo var\u017etus pagal gamintojo specifikacijas.<\/p>\n<p>4. Prijunkite hidraulines linijas ir jungiam\u0105sias detales.<\/p>\n<p>5. Patikrinkite cilindr\u0105, ar n\u0117ra nuot\u0117ki\u0173 ar gedim\u0173.<\/p>\n<p>Saugos ir aplinkosaugos aspektai<\/p>\n<p>Naudodamiesi rankenos cilindru, laikykit\u0117s saugos protokol\u0173, kad i\u0161vengtum\u0117te nelaiming\u0173 atsitikim\u0173. D\u0117v\u0117kite tinkamas apsaugos priemones ir naudokite cilindr\u0105 tik pagal paskirt\u012f. Balion\u0105 utilizuokite tinkamai ir aplinkai nekenksmingu b\u016bdu.<\/p>\n<p>Trik\u010di\u0173 \u0161alinimas ir da\u017eniausios problemos<\/p>\n<p>\u0160tai keletas da\u017eniausiai pasitaikan\u010di\u0173 str\u0117li\u0173 cilindr\u0173 problem\u0173 ir j\u0173 sprendim\u0173:<\/p>\n<p>1. Nuot\u0117kiai: patikrinkite sandariklius ir, jei reikia, pakeiskite juos.<\/p>\n<p>2. L\u0117tas jud\u0117jimas: patikrinkite hidraulinio skys\u010dio lyg\u012f ir, jei reikia, papildykite.<\/p>\n<p>3. Tr\u016bk\u010diojantis judesys: patikrinkite cilindro ir hidraulini\u0173 linij\u0173 lygiavim\u0105.<\/p>\n<p>4. N\u0117ra jud\u0117jimo: patikrinkite, ar hidraulinis siurblys ir variklis nepa\u017eeisti ir nesugedo.<\/p>\n<p>5. Perkaitimas: patikrinkite hidraulinio skys\u010dio lyg\u012f ir \u012fsitikinkite, kad au\u0161inimo sistema veikia tinkamai.<\/p>\n<p>I\u0161vada<\/p>\n<p>Esame profesionalus hidraulini\u0173 cilindr\u0173 gamintojas ir didmenininkas, si\u016blantis plat\u0173 gamini\u0173 asortiment\u0105 ir u\u017eimantis lyderio pozicijas vidaus ir tarptautin\u0117se rinkose. Vadovaujam\u0117s puikios kokyb\u0117s principu, nuolat tobuliname savo technologijas ir gamybos efektyvum\u0105 bei teikiame individualiai pritaikytas paslaugas, kad patenkintume \u012fvairius klient\u0173 poreikius. M\u016bs\u0173 gaminiai yra sertifikuoti tarptautiniu mastu, teikiame visapusi\u0161k\u0105 garantin\u012f aptarnavim\u0105 ir palaikym\u0105.<\/p>","protected":false},"excerpt":{"rendered":"<p>Arm Cylinder for Sany Large Excavator SY385H-9 Introduction The Arm Cylinder for Sany Large Excavator SY385H-9 is a hydraulic cylinder specially designed to provide linear movement and power to the arms of various types of machinery, such as excavators, cranes, and mechanical arms. The arm cylinder plays a crucial role in the hydraulic system, enabling [&hellip;]<\/p>","protected":false},"featured_media":14783,"comment_status":"open","ping_status":"closed","template":"","meta":{"_et_pb_use_builder":"","_et_pb_old_content":"","_et_gb_content_width":""},"product_brand":[],"product_cat":[1497],"product_tag":[1498,1496],"class_list":{"0":"post-16376","1":"product","2":"type-product","3":"status-publish","4":"has-post-thumbnail","6":"product_cat-arm-cylinders","7":"product_tag-arm-cylinders","8":"product_tag-hydraulic-cylinders","10":"first","11":"instock","12":"shipping-taxable","13":"product-type-simple"},"amp_enabled":true,"_links":{"self":[{"href":"https:\/\/www.hydraulic-cylinders.net\/lt\/wp-json\/wp\/v2\/product\/16376","targetHints":{"allow":["GET"]}}],"collection":[{"href":"https:\/\/www.hydraulic-cylinders.net\/lt\/wp-json\/wp\/v2\/product"}],"about":[{"href":"https:\/\/www.hydraulic-cylinders.net\/lt\/wp-json\/wp\/v2\/types\/product"}],"replies":[{"embeddable":true,"href":"https:\/\/www.hydraulic-cylinders.net\/lt\/wp-json\/wp\/v2\/comments?post=16376"}],"wp:featuredmedia":[{"embeddable":true,"href":"https:\/\/www.hydraulic-cylinders.net\/lt\/wp-json\/wp\/v2\/media\/14783"}],"wp:attachment":[{"href":"https:\/\/www.hydraulic-cylinders.net\/lt\/wp-json\/wp\/v2\/media?parent=16376"}],"wp:term":[{"taxonomy":"product_brand","embeddable":true,"href":"https:\/\/www.hydraulic-cylinders.net\/lt\/wp-json\/wp\/v2\/product_brand?post=16376"},{"taxonomy":"product_cat","embeddable":true,"href":"https:\/\/www.hydraulic-cylinders.net\/lt\/wp-json\/wp\/v2\/product_cat?post=16376"},{"taxonomy":"product_tag","embeddable":true,"href":"https:\/\/www.hydraulic-cylinders.net\/lt\/wp-json\/wp\/v2\/product_tag?post=16376"}],"curies":[{"name":"wp","href":"https:\/\/api.w.org\/{rel}","templated":true}]}}