{"id":16377,"date":"2025-01-20T09:10:31","date_gmt":"2025-01-20T09:10:31","guid":{"rendered":"https:\/\/www.hydraulic-cylinders.net\/product\/arm-cylinderfor-sany-large-excavator-sy700h-8\/"},"modified":"2025-01-20T09:10:33","modified_gmt":"2025-01-20T09:10:33","slug":"arm-cylinderfor-sany-large-excavator-sy700h-8","status":"publish","type":"product","link":"https:\/\/www.hydraulic-cylinders.net\/lt\/produktas\/arm-cylinderfor-sany-large-excavator-sy700h-8\/","title":{"rendered":"Sany didelio ekskavatoriaus SY700H-8 rankenos cilindras"},"content":{"rendered":"<h1>Sany didelio ekskavatoriaus SY700H-8 rankos cilindras<\/h1>\n<h2>Apibr\u0117\u017eimas ir paai\u0161kinimas<\/h2>\n<p>Svirties cilindras yra specialiai suprojektuotas hidraulinis cilindras, u\u017etikrinantis tiesin\u012f jud\u0117jim\u0105 ir gali\u0105 \u012fvairi\u0173 ma\u0161in\u0173, toki\u0173 kaip ekskavatoriai, kranai ir robotin\u0117s rankos, svir\u010diai. Jis atlieka labai svarb\u0173 vaidmen\u012f hidraulin\u0117se sistemose, nes leid\u017eia efektyviai jud\u0117ti ir valdyti papildomus \u012frankius ar priedus. \u0160ie cilindrai ne tik u\u017etikrina skland\u0173 jud\u0117jim\u0105, bet ir atlaiko dideles apkrovas, u\u017etikrindami auk\u0161t\u0105 ma\u0161inos veikimo efektyvum\u0105 ir patikimum\u0105 \u012fvairiomis darbo s\u0105lygomis.<\/p>\n<p><img decoding=\"async\" src=\"https:\/\/www.hydraulic-cylinders.net\/wp-content\/uploads\/2025\/01\/songte-company-2.webp\" alt=\"Svirties cilindro vaizdas\"><\/p>\n<h2>Savyb\u0117s<\/h2>\n<ul>\n<li>\n<h3>Didelio efektyvumo transmisija<\/h3>\n<p>Svirties cilindras u\u017etikrina galing\u0105 tiesin\u012f judes\u012f ir j\u0117g\u0105, u\u017etikrindamas auk\u0161t\u0105 mechanin\u0117s svirties na\u0161um\u0105 atliekant \u012fvairias operacijas.<\/p>\n<\/li>\n<li>\n<h3>Tikslus valdymas<\/h3>\n<p>D\u0117l hidraulini\u0173 sistem\u0173 svirties cilindras leid\u017eia tiksliai valdyti judes\u012f, tod\u0117l pritvirtint\u0173 \u012franki\u0173 valdymas tampa lankstesnis ir tikslesnis.<\/p>\n<\/li>\n<li>\n<h3>Patvarumas<\/h3>\n<p>Svirties cilindras paprastai gaminamas i\u0161 didelio stiprumo med\u017eiag\u0173, kurios pasi\u017eymi puikiu atsparumu dilimui ir korozijai, tod\u0117l tinka ilgalaikiam naudojimui at\u0161iauriomis s\u0105lygomis.<\/p>\n<\/li>\n<li>\n<h3>Daugiafunkcis prisitaikymas<\/h3>\n<p>\u0160ie cilindrai gali b\u016bti pla\u010diai naudojami \u012fvairiose ma\u0161inose, tokiose kaip ekskavatoriai, kranai ir robotin\u0117s rankos, prisitaikant prie skirting\u0173 darbo poreiki\u0173.<\/p>\n<\/li>\n<li>\n<h3>Lengva prie\u017ei\u016bra<\/h3>\n<p>Svirtini\u0173 cilindr\u0173 konstrukcija skirta lengvam techniniam aptarnavimui ir keitimui, tod\u0117l reguliari ap\u017ei\u016bra ir technin\u0117 prie\u017ei\u016bra yra patog\u016bs, o \u012frangos prastovos laikas sutrump\u0117ja.<\/p>\n<\/li>\n<\/ul>\n<p><img decoding=\"async\" src=\"https:\/\/www.hydraulic-cylinders.net\/wp-content\/uploads\/2025\/01\/songte-oil-pipes-and-spare-parts.webp\" alt=\"Cilindro dali\u0173 vaizdas\"><\/p>\n<h2>Parai\u0161kos<\/h2>\n<p>Svirtinis cilindras naudojamas \u012fvairiose pramon\u0117s \u0161akose:<\/p>\n<ul>\n<li>\n<h3>Statybos in\u017einerija<\/h3>\n<p>Ekskavatoriuose ir kranuose svirties cilindras naudojamas kau\u0161\u0173 arba str\u0117li\u0173 jud\u0117jimui valdyti atliekant \u017eem\u0117s darbus, med\u017eiag\u0173 tvarkym\u0105 ir konstrukcij\u0173 montavim\u0105.<\/p>\n<\/li>\n<li>\n<h3>Gamyba<\/h3>\n<p>Automatizuotose gamybos linijose rankos cilindras leid\u017eia robotin\u0117ms rankoms jud\u0117ti tokiuose procesuose kaip surinkimas, suvirinimas ir tvarkymas, taip padidinant gamybos efektyvum\u0105 ir tikslum\u0105.<\/p>\n<\/li>\n<li>\n<h3>\u017dem\u0117s \u016bkio technika<\/h3>\n<p>\u017dem\u0117s \u016bkio \u012frangoje, tokioje kaip derliaus nu\u0117mimo ma\u0161inos ir s\u0117jamosios, svirties cilindras valdo valdymo svir\u010di\u0173 judes\u012f atliekant tokias u\u017eduotis kaip s\u0117ja, tr\u0119\u0161imas ir derliaus nu\u0117mimas.<\/p>\n<\/li>\n<li>\n<h3>Kasyba<\/h3>\n<p>Kasybos \u012frangoje svirties cilindras naudojamas kasybos ma\u0161in\u0173 svirties jud\u0117jimui valdyti r\u016bdos gavybai ir transportavimui.<\/p>\n<\/li>\n<li>\n<h3>Logistika ir transportas<\/h3>\n<p>\u0160akiniuose krautuvuose ir krovini\u0173 krovimo robotuose svirties cilindras valdo \u0161aki\u0173 k\u0117lim\u0105 ir jud\u0117jim\u0105, taip \u012fgalindamas med\u017eiag\u0173 tvarkym\u0105 ir krovim\u0105.<\/p>\n<\/li>\n<\/ul>\n<h2>Projektavimo aspektai ir atrankos kriterijai<\/h2>\n<p>Projektuojant cilindro formos rankenas, reikia atsi\u017evelgti \u012f kelis veiksnius:<\/p>\n<ul>\n<li>\n<h3>Guoli\u0173 talpa<\/h3>\n<p>Svirties cilindras turi b\u016bti suprojektuotas taip, kad atlaikyt\u0173 did\u017eiausias apkrovas, kurios bus patiriamos eksploatacijos metu, u\u017etikrinant saug\u0173 ir patikim\u0105 veikim\u0105.<\/p>\n<\/li>\n<li>\n<h3>Sandarinimas<\/h3>\n<p>Reik\u0117t\u0173 naudoti \u012fvairius sandarinimo komponentus, tokius kaip st\u016bmokli\u0173 ir kot\u0173 sandarikliai, pagamintus i\u0161 atspari\u0173 dilimui med\u017eiag\u0173, toki\u0173 kaip poliuretanas ir nitrilo kau\u010diukas. Cilindro korpusas ir srieginiai galai tur\u0117t\u0173 b\u016bti kruop\u0161\u010diai apdorojami, kad padid\u0117t\u0173 atsparumas dilimui.<\/p>\n<\/li>\n<li>\n<h3>Patvarumas<\/h3>\n<p>Svirties cilindras turi b\u016bti pagamintas i\u0161 didelio stiprumo med\u017eiag\u0173 ir tinkamai apdorotas pavir\u0161iumi, kad atlaikyt\u0173 at\u0161iaurias eksploatavimo s\u0105lygas ir u\u017etikrint\u0173 ilg\u0105 tarnavimo laik\u0105.<\/p>\n<\/li>\n<li>\n<h3>Saugumas<\/h3>\n<p>Projektuojant reik\u0117t\u0173 atsi\u017evelgti \u012f saugos priemones, skirtas i\u0161vengti nelaiming\u0173 atsitikim\u0173, tokias kaip sl\u0117gio ma\u017einimo vo\u017etuvai ir apsaugos nuo perkrovos mechanizmai.<\/p>\n<\/li>\n<li>\n<h3>Prie\u017ei\u016bra<\/h3>\n<p>Konstrukcija tur\u0117t\u0173 b\u016bti lengvai pri\u017ei\u016brima ir remontuojama, su lengvai prieinamais komponentais ir ai\u0161kiomis instrukcijomis, taip suma\u017einant prastov\u0173 laik\u0105, skirt\u0105 patikrinimams ir techninei prie\u017ei\u016brai.<\/p>\n<\/li>\n<\/ul>\n<p><img decoding=\"async\" src=\"https:\/\/www.hydraulic-cylinders.net\/wp-content\/uploads\/2025\/01\/songte-cylinder-head-with-all-kinds-excavator-models.webp\" alt=\"Cilindro galvut\u0117s vaizdas\"><\/p>\n<h2>Sandarinimas ir tepimas<\/h2>\n<p>Svirtiniuose cilindruose naudojami \u012fvair\u016bs sandarinimo elementai, tokie kaip st\u016bmokli\u0173 ir kot\u0173 sandarikliai, kurie pagaminti i\u0161 atspari\u0173 dilimui med\u017eiag\u0173, toki\u0173 kaip poliuretanas ir nitrilo kau\u010diukas. Cilindro korpusas ir srieginiai galai yra kruop\u0161\u010diai apdorojami, siekiant pagerinti atsparum\u0105 dilimui. Norint u\u017etikrinti skland\u0173 veikim\u0105 ir pailginti sandarikli\u0173 bei kit\u0173 komponent\u0173 tarnavimo laik\u0105, b\u016btina reguliariai tepti tinkamu hidraulin\u0117s alyvos kiekiu.<\/p>\n<h2>Reguliarus patikrinimas ir prevencin\u0117 prie\u017ei\u016bra<\/h2>\n<ul>\n<li>\n<h3>Ap\u017ei\u016bra<\/h3>\n<p>Reguliariai tikrinkite svirties cilindr\u0105, ar n\u0117ra susid\u0117v\u0117jimo, nuot\u0117ki\u0173 ar pa\u017eeidim\u0173 po\u017eymi\u0173. Atkreipkite d\u0117mes\u012f \u012f sandarinimo element\u0173, st\u016bmokli\u0173 kot\u0173, tvirtinimo ta\u0161k\u0173 ir kit\u0173 svarbi\u0173 komponent\u0173 b\u016bkl\u0119.<\/p>\n<\/li>\n<li>\n<h3>Profilaktin\u0117 prie\u017ei\u016bra<\/h3>\n<p>\u012egyvendinkite prevencines priemones, tokias kaip reguliarus jung\u010di\u0173 tepimas, valymas ir priver\u017eimas. Laikykit\u0117s gamintojo pateikt\u0173 technin\u0117s prie\u017ei\u016bros gairi\u0173 ir grafiko, kad u\u017etikrintum\u0117te optimal\u0173 veikim\u0105 ir suma\u017eintum\u0117te gedim\u0173 rizik\u0105.<\/p>\n<\/li>\n<\/ul>\n<h2>Produkto diegimo vadovas<\/h2>\n<p>Tinkamas svirties cilindro montavimas yra b\u016btinas norint u\u017etikrinti jo funkcionalum\u0105 ir ilgaam\u017ei\u0161kum\u0105. Atlikite \u0161iuos veiksmus:<\/p>\n<ol>\n<li>Paruo\u0161kite tvirtinimo viet\u0105 ir \u012fsitikinkite, kad ji \u0161vari ir be \u0161iuk\u0161li\u0173.<\/li>\n<li>Pad\u0117kite svirties cilindr\u0105 norimoje vietoje, sulygiuodami tvirtinimo skyles.<\/li>\n<li>Tvirtai pritvirtinkite svirties cilindr\u0105 naudodami tinkamus var\u017etus ir ver\u017eles, laikydamiesi gamintojo specifikacij\u0173.<\/li>\n<li>Prijunkite hidraulines \u017earnas arba vamzd\u017eius prie cilindr\u0173 jung\u010di\u0173, u\u017etikrindami tinkam\u0105 sandarum\u0105.<\/li>\n<li>Patikrinkite, ar tinkamai veikia svirties cilindras, ar n\u0117ra nuot\u0117ki\u0173, ne\u012fprast\u0173 gars\u0173 ar netaisykling\u0173 judesi\u0173.<\/li>\n<\/ol>\n<p><img decoding=\"async\" src=\"https:\/\/www.hydraulic-cylinders.net\/wp-content\/uploads\/2025\/01\/songte-bushings-with-all-kinds-of-excavator-models.webp\" alt=\"Cilindro \u012fvori\u0173 vaizdas\"><\/p>\n<h2>Saugos aspektai ir aplinkos veiksniai<\/h2>\n<p>Dirbant su svirtiniais cilindrais, saugos priemon\u0117s yra labai svarbios siekiant i\u0161vengti nelaiming\u0173 atsitikim\u0173 ir su\u017ealojim\u0173. B\u016btina laikytis vis\u0173 atitinkam\u0173 saugos nurodym\u0173, pavyzd\u017eiui, d\u0117v\u0117ti tinkamas asmenines apsaugos priemones ir eksploatuoti ma\u0161inas nevir\u0161ijant nustatyt\u0173 rib\u0173. Be to, atsi\u017evelgiant \u012f poveik\u012f aplinkai, labai svarbu tinkamai utilizuoti hidraulinius skys\u010dius ir laikytis aplinkosaugos taisykli\u0173.<\/p>\n<h2>Trik\u010di\u0173 \u0161alinimas ir da\u017eniausiai pasitaikan\u010dios problemos<\/h2>\n<p>Kilus problem\u0173 su svirties cilindru, \u0161ie veiksmai gali pad\u0117ti diagnozuoti ir i\u0161spr\u0119sti problemas:<\/p>\n<ul>\n<li>\n<h3>Gedim\u0173 diagnostika<\/h3>\n<p>Atid\u017eiai ap\u017ei\u016br\u0117kite cilindr\u0105 ir susijusius komponentus, ar n\u0117ra matom\u0173 pa\u017eeidim\u0173 ar nukrypim\u0173 nuo normos. Patikrinkite, ar n\u0117ra nuot\u0117ki\u0173, atsilaisvinusi\u0173 jung\u010di\u0173 ar susid\u0117v\u0117jimo po\u017eymi\u0173.<\/p>\n<\/li>\n<li>\n<h3>Da\u017enos problemos<\/h3>\n<p>Kai kurios da\u017enos problemos yra nuot\u0117kis, nepakankama j\u0117ga ar jud\u0117jimas, netolygus jud\u0117jimas arba ne\u012fprasti garsai. Nustatykite pagrindin\u0119 prie\u017east\u012f, ap\u017ei\u016br\u0117dami paveiktus komponentus.<\/p>\n<\/li>\n<\/ul>\n<p>Trik\u010di\u0173 \u0161alinimo nurodym\u0173 ie\u0161kokite gamintojo dokumentacijoje arba kreipkit\u0117s \u012f profesional\u0173 specialist\u0105. \u012egyvendinkite prevencines priemones, kad suma\u017eintum\u0117te galimas problemas ir u\u017etikrintum\u0117te optimal\u0173 na\u0161um\u0105.<\/p>\n<p><img decoding=\"async\" src=\"https:\/\/www.hydraulic-cylinders.net\/wp-content\/uploads\/2025\/01\/songte-chushion-collar.webp\" alt=\"Pagalv\u0117l\u0117s apykakl\u0117s vaizdas\"><\/p>\n<p>Nepamir\u0161kite straipsn\u012f strukt\u016brizuoti logi\u0161kai, naudoti paantra\u0161tes lengvam nar\u0161ymui, \u012ftraukti atitinkam\u0173 vaizd\u0173 ar diagram\u0173, kad b\u016bt\u0173 lengviau suprasti, ir u\u017etikrinti turinio ai\u0161kum\u0105 bei glaustum\u0105 skaitytojams, turintiems skirting\u0105 technini\u0173 \u017eini\u0173 lyg\u012f.<\/p>\n<h2>Apie m\u016bs\u0173 \u012fmon\u0119<\/h2>\n<p>Esame profesionalus pakaitini\u0173 hidraulini\u0173 cilindr\u0173 gamintojas, si\u016blantis plat\u0173 gamini\u0173 asortiment\u0105. Tapome vienu i\u0161 pirmaujan\u010di\u0173 hidraulini\u0173 cilindr\u0173 gamintoj\u0173 ir didmenini\u0173 platintoj\u0173 vidaus ir tarptautin\u0117se rinkose. Vadovaudamiesi meistri\u0161kumo principu, nuolat tobuliname savo technologinius paj\u0117gumus ir gamybos efektyvum\u0105, remdamiesi industrializuoto gamybos valdymo strategijomis savo modernioje gamybos dirbtuv\u0117je. \u012ediegdami auk\u0161\u010diausios klas\u0117s skaitmenin\u0119 gamybos \u012frang\u0105 ir profesionalias bandym\u0173 sistemas, optimizuojame savo gamybos platform\u0105 ir tobuliname gamini\u0173 kokyb\u0117s kontrol\u0117s procesus, o tai leid\u017eia mums tur\u0117ti stiprias inovacij\u0173 galimybes. M\u016bs\u0173 tikslas \u2013 patenkinti \u012fvairius klient\u0173 poreikius, laikantis didelio efektyvumo, tikslumo ir auk\u0161tos kokyb\u0117s princip\u0173.<\/p>\n<p><img","protected":false},"excerpt":{"rendered":"<p>Arm Cylinder for Sany Large Excavator SY700H-8 Definition and Explanation An arm cylinder is a specially designed hydraulic cylinder that provides linear motion and power to the arm of various machinery, such as excavators, cranes, and robotic arms. It plays a critical role in hydraulic systems, allowing for efficient movement and control of additional tools [&hellip;]<\/p>","protected":false},"featured_media":14779,"comment_status":"open","ping_status":"closed","template":"","meta":{"_et_pb_use_builder":"","_et_pb_old_content":"","_et_gb_content_width":""},"product_brand":[],"product_cat":[1497],"product_tag":[1498,1496],"class_list":{"0":"post-16377","1":"product","2":"type-product","3":"status-publish","4":"has-post-thumbnail","6":"product_cat-arm-cylinders","7":"product_tag-arm-cylinders","8":"product_tag-hydraulic-cylinders","10":"first","11":"instock","12":"shipping-taxable","13":"product-type-simple"},"amp_enabled":true,"_links":{"self":[{"href":"https:\/\/www.hydraulic-cylinders.net\/lt\/wp-json\/wp\/v2\/product\/16377","targetHints":{"allow":["GET"]}}],"collection":[{"href":"https:\/\/www.hydraulic-cylinders.net\/lt\/wp-json\/wp\/v2\/product"}],"about":[{"href":"https:\/\/www.hydraulic-cylinders.net\/lt\/wp-json\/wp\/v2\/types\/product"}],"replies":[{"embeddable":true,"href":"https:\/\/www.hydraulic-cylinders.net\/lt\/wp-json\/wp\/v2\/comments?post=16377"}],"wp:featuredmedia":[{"embeddable":true,"href":"https:\/\/www.hydraulic-cylinders.net\/lt\/wp-json\/wp\/v2\/media\/14779"}],"wp:attachment":[{"href":"https:\/\/www.hydraulic-cylinders.net\/lt\/wp-json\/wp\/v2\/media?parent=16377"}],"wp:term":[{"taxonomy":"product_brand","embeddable":true,"href":"https:\/\/www.hydraulic-cylinders.net\/lt\/wp-json\/wp\/v2\/product_brand?post=16377"},{"taxonomy":"product_cat","embeddable":true,"href":"https:\/\/www.hydraulic-cylinders.net\/lt\/wp-json\/wp\/v2\/product_cat?post=16377"},{"taxonomy":"product_tag","embeddable":true,"href":"https:\/\/www.hydraulic-cylinders.net\/lt\/wp-json\/wp\/v2\/product_tag?post=16377"}],"curies":[{"name":"wp","href":"https:\/\/api.w.org\/{rel}","templated":true}]}}