{"id":16380,"date":"2025-01-20T09:10:43","date_gmt":"2025-01-20T09:10:43","guid":{"rendered":"https:\/\/www.hydraulic-cylinders.net\/product\/arm-cylinderfor-sany-large-excavator-sy365\/"},"modified":"2025-01-20T09:10:45","modified_gmt":"2025-01-20T09:10:45","slug":"arm-cylinderfor-sany-large-excavator-sy365","status":"publish","type":"product","link":"https:\/\/www.hydraulic-cylinders.net\/lt\/produktas\/arm-cylinderfor-sany-large-excavator-sy365\/","title":{"rendered":"Sany didelio ekskavatoriaus SY365 rankenos cilindras"},"content":{"rendered":"<p>\u201eSany\u201c didelio ekskavatoriaus SY365 svirties cilindras \u2013 viskas, k\u0105 reikia \u017einoti<\/p>\n<h2>\u012evadas<\/h2>\n<h3>Produkto apibr\u0117\u017eimas<\/h3>\n<p>Svirties cilindras yra specialiai suprojektuotas hidraulinis cilindras, daugiausia naudojamas linijiniam jud\u0117jimui ir galiai u\u017etikrinti \u012fvairi\u0173 tip\u0173 ma\u0161in\u0173, toki\u0173 kaip ekskavatoriai, kranai ir robotin\u0117s svirtys, svirtims. Svirties cilindrai atlieka labai svarb\u0173 vaidmen\u012f hidraulin\u0117se sistemose, nes leid\u017eia perkelti ir efektyviai valdyti papildomus \u012frankius ar priedus. \u0160ie cilindrai ne tik u\u017etikrina skland\u0173 jud\u0117jim\u0105, bet ir atlaiko dideles apkrovas, u\u017etikrindami efektyv\u0173 ma\u0161in\u0173 veikim\u0105 ir patikimum\u0105 \u012fvairiomis darbo s\u0105lygomis. <\/p>\n<p><img decoding=\"async\" src=\"https:\/\/www.hydraulic-cylinders.net\/wp-content\/uploads\/2025\/01\/songte-company-2.webp\"><\/p>\n<h3>Produkto savyb\u0117s<\/h3>\n<p>Sany didelio ekskavatoriaus SY365 rankos cilindras turi \u0161ias savybes:<\/p>\n<ul>\n<li><strong>Didelio efektyvumo pavara:<\/strong> Svirties cilindrai u\u017etikrina galing\u0105 tiesin\u012f judes\u012f ir j\u0117g\u0105, u\u017etikrindami auk\u0161t\u0105 mechanin\u0117s svirties veikim\u0105 atliekant \u012fvairias operacijas.<\/li>\n<li><strong>Tikslus valdymas:<\/strong> Svirtiniai cilindrai gali tiksliai valdyti judes\u012f per hidraulines sistemas, tod\u0117l papildom\u0173 \u012franki\u0173 valdymas tampa lankstesnis ir tikslesnis.<\/li>\n<li><strong>Patvarus:<\/strong> Svirtiniai cilindrai paprastai gaminami i\u0161 didelio stiprumo med\u017eiag\u0173, pasi\u017eymin\u010di\u0173 geru atsparumu dilimui ir korozijai, tod\u0117l jie tinkami ilgalaikiam naudojimui at\u0161iauriomis s\u0105lygomis.<\/li>\n<li><strong>Daugiafunkcinis prisitaikymas:<\/strong> \u0160ie cilindrai gali b\u016bti pla\u010diai naudojami \u012fvairiems mechaniniams \u012frenginiams, pavyzd\u017eiui, ekskavatoriams, kranams ir robotin\u0117ms rankoms, pritaikant juos skirtingiems darbo reikalavimams.<\/li>\n<li><strong>Lengva prie\u017ei\u016bra:<\/strong> Projektuojant atsi\u017evelgiama \u012f paprast\u0105 prie\u017ei\u016br\u0105 ir keitim\u0105, tod\u0117l reguliari ap\u017ei\u016bra ir prie\u017ei\u016bra yra patogesni, o \u012frangos prastovos laikas sutrump\u0117ja.<\/li>\n<\/ul>\n<p>Mes galime pagaminti \u0161\u012f gamin\u012f, ir jis gali puikiai pakeisti \u0161iuos hidraulinius cilindrus.<\/p>\n<p><img decoding=\"async\" src=\"https:\/\/www.hydraulic-cylinders.net\/wp-content\/uploads\/2025\/01\/songte-oil-pipes-and-spare-parts.webp\"><\/p>\n<h3>Produkto pritaikymas<\/h3>\n<p>Sany didelio ekskavatoriaus SY365 rankos cilindras gali b\u016bti naudojamas \u012fvairiose pramon\u0117s \u0161akose ir scenarijuose:<\/p>\n<h4>Statyba<\/h4>\n<p>Ekskavatoriuose ir kranuose kau\u0161o arba str\u0117l\u0117s judes\u012f valdo str\u0117l\u0117s cilindrai, leid\u017eiantys atlikti \u017eem\u0117s kasimo darbus, med\u017eiag\u0173 tvarkym\u0105 ir konstrukcij\u0173 montavim\u0105.<\/p>\n<h4>Gamyba<\/h4>\n<p>Automatizuotose gamybos linijose ranken\u0173 cilindrai valdo robotini\u0173 rank\u0173 judesius, atlikdami surinkimo, suvirinimo ir tvarkymo u\u017eduotis, taip padidindami efektyvum\u0105 ir tikslum\u0105.<\/p>\n<h4>\u017dem\u0117s \u016bkio technika<\/h4>\n<p>\u017dem\u0117s \u016bkio technikoje, pavyzd\u017eiui, derliaus nu\u0117mimo ir sodinimo ma\u0161inose, svir\u010di\u0173 cilindrai valdo valdymo svir\u010di\u0173 jud\u0117jim\u0105, atlikdami tokias u\u017eduotis kaip s\u0117ja, tr\u0119\u0161imas ir derliaus nu\u0117mimas.<\/p>\n<h4>Kasyba<\/h4>\n<p>Kasybos \u012frangoje svirties cilindrai valdo kasybos \u012frangos svirties jud\u0117jim\u0105, atliekant mineral\u0173 kasyb\u0105 ir transportavim\u0105.<\/p>\n<h4>Logistika ir transportas<\/h4>\n<p>\u0160akiniuose krautuvuose ir krovini\u0173 tvarkymo robotuose svir\u010di\u0173 cilindrai valdo krovinio k\u0117lim\u0105 ir jud\u0117jim\u0105, u\u017etikrindami med\u017eiag\u0173 tvarkym\u0105 ir krovim\u0105.<\/p>\n<h3>Produkto projektavimo aspektai ir atrankos standartai<\/h3>\n<p>Atsi\u017evelgiant \u012f projektavimo aspektus, \u201eSany\u201c didelio ekskavatoriaus SY365 svirties cilindras turi tur\u0117ti \u0161ias savybes:<\/p>\n<ul>\n<li><strong>Apkrovos paj\u0117gumas:<\/strong> Svirties cilindras turi b\u016bti pakankamai tvirtas, kad atlaikyt\u0173 \u012frangos ir jos ne\u0161amos apkrovos svor\u012f.<\/li>\n<li><strong>Sandarinimas:<\/strong> Cilindro sandarinimo efektui u\u017etikrinti naudojami \u012fvair\u016bs sandarinimo elementai, tokie kaip st\u016bmokliniai sandarikliai, stryp\u0173 sandarikliai ir kt., kad b\u016bt\u0173 u\u017etikrintas hidraulin\u0117s alyvos nutek\u0117jimas ir pailgintas cilindro tarnavimo laikas.<\/li>\n<li><strong>Patvarumas:<\/strong> Cilindras turi b\u016bti pagamintas i\u0161 auk\u0161tos kokyb\u0117s med\u017eiag\u0173, kad b\u016bt\u0173 u\u017etikrintas jo ilgaam\u017ei\u0161kumas, atsparumas auk\u0161tam sl\u0117giui ir auk\u0161tai temperat\u016brai, atsparumas dilimui ir korozijai.<\/li>\n<li><strong>Saugumas:<\/strong> Balionas turi veikti saugiai, vengiant gedim\u0173 ir avarij\u0173, u\u017etikrinant \u012frangos ir personalo saugum\u0105.<\/li>\n<li><strong>Prie\u017ei\u016bra:<\/strong> Cilindras turi b\u016bti lengvai pri\u017ei\u016brimas ir remontuojamas, taip suma\u017einant \u012frangos prastovas, prie\u017ei\u016bros i\u0161laidas ir u\u017etikrinant ilgalaik\u012f \u012frangos veikim\u0105.<\/li>\n<\/ul>\n<p><img decoding=\"async\" src=\"https:\/\/www.hydraulic-cylinders.net\/wp-content\/uploads\/2025\/01\/songte-cylinder-head-with-all-kinds-excavator-models.webp\"><\/p>\n<h3>Produkto sandarinimas ir tepimas<\/h3>\n<p>Cilindro sandarinimo efektui u\u017etikrinti naudojami \u012fvair\u016bs sandarinimo elementai, tokie kaip st\u016bmokliniai sandarikliai, stryp\u0173 sandarikliai ir kt., kurie apsaugo nuo hidraulin\u0117s alyvos nutek\u0117jimo ir pailgina cilindro tarnavimo laik\u0105. Sandarinimo elementai pagaminti i\u0161 atspari\u0173 dilimui med\u017eiag\u0173, toki\u0173 kaip poliuretanas ir nitrilo kau\u010diukas. <\/p>\n<p>Cilindro korpusas ir srieginis galinis pavir\u0161ius yra tiksliai apdirbami, taip pagerinant j\u0173 atsparum\u0105 dilimui. Norint u\u017etikrinti skland\u0173 veikim\u0105 ir pailginti cilindro tarnavimo laik\u0105, b\u016btina reguliariai tepti atitinkamu hidraulin\u0117s alyvos kiekiu.<\/p>\n<h3>Reguliarios patikros ir prevencin\u0117s prie\u017ei\u016bros priemon\u0117s<\/h3>\n<p>\u201eSany\u201c didelio ekskavatoriaus SY365 svirties cilindras turi b\u016bti reguliariai tikrinamas ir atliekamas profilaktinis techninis aptarnavimas, \u012fskaitant:<\/p>\n<ul>\n<li>Reguliariai tikrinkite ir keiskite sandarinimo elementus.<\/li>\n<li>Reguliariai tikrinkite ir keiskite st\u016bmoklinius kotus ir cilindr\u0173 cilindrus.<\/li>\n<li>Reguliariai tikrinkite ir keiskite hidraulin\u0119 alyv\u0105.<\/li>\n<li>Reguliariai keiskite pa\u017eeistus komponentus, tokius kaip ver\u017el\u0117s, var\u017etai ir kt.<\/li>\n<li>Reguliariai priver\u017ekite visas jungtis ir tvirtinimo elementus.<\/li>\n<\/ul>\n<h3>Produkto diegimo vadovas<\/h3>\n<p>Sany didelio ekskavatoriaus SY365 svirties cilindro montavimas reikalauja profesionali\u0173 \u012fg\u016bd\u017ei\u0173 ir technikos. Atlikite toliau nurodytus veiksmus:<\/p>\n<ol>\n<li>Atsargiai ir saugiai i\u0161imkite sen\u0105 cilindr\u0105 i\u0161 ma\u0161inos.<\/li>\n<li>Nuvalykite tvirtinimo pavir\u0161i\u0173 ir \u012fsitikinkite, kad jis lygus, be r\u016bd\u017ei\u0173 ir \u0161iuk\u0161li\u0173.<\/li>\n<li>\u012estatykite nauj\u0105 svirties cilindr\u0105 ir priver\u017ekite var\u017etus pagal gamintojo instrukcijas.<\/li>\n<li>Prijunkite hidraulines \u017earnas ir patikrinkite, ar n\u0117ra nuot\u0117ki\u0173.<\/li>\n<li>Prie\u0161 naudodami svirties cilindr\u0105 su ma\u0161ina, patikrinkite jo veikim\u0105.<\/li>\n<\/ol>\n<p><img decoding=\"async\" src=\"https:\/\/www.hydraulic-cylinders.net\/wp-content\/uploads\/2025\/01\/songte-bushings-with-all-kinds-of-excavator-models.webp\"><\/p>\n<h3>Produkto saugos aspektai ir aplinkos veiksniai<\/h3>\n<p>Naudodamiesi svirtiniu cilindru, grie\u017etai laikykit\u0117s saugos taisykli\u0173 ir nurodym\u0173. Jei reikia, d\u0117v\u0117kite apsaugines priemones, tokias kaip pir\u0161tines, apsauginius akinius ir \u0161alm\u0105. Nevir\u0161ykite maksimalios cilindro apkrovos ir venkite perkrovos ar staigaus sm\u016bgio.<\/p>\n<p>\u201eSany\u201c didelio ekskavatoriaus SY365 str\u0117l\u0117s cilindras yra aplinkai nekenksmingas produktas, pagamintas i\u0161 perdirbam\u0173 med\u017eiag\u0173 ir sukurtas efektyviam bei energij\u0105 taupan\u010diam darbui. Jis atitinka tarptautinius aplinkosaugos reglamentus ir standartus.<\/p>\n<h3>Produkto gedim\u0173 diagnostika ir da\u017eniausios problemos<\/h3>\n<p>Da\u017eniausiai pasitaikantys \u201eSany\u201c didelio ekskavatoriaus SY365 svirties cilindro gedimai ir problemos:<\/p>\n<ul>\n<li>Alyvos nuot\u0117kis<\/li>\n<li>Triuk\u0161mas veikimo metu<\/li>\n<li>L\u0117tas jud\u0117jimas arba joks jud\u0117jimas<\/li>\n<li>Per didel\u0117 vibracija<\/li>\n<li>Nepakankama galia arba j\u0117ga<\/li>\n<\/ul>\n<h3>Gedim\u0173 \u0161alinimo patarimai ir sprendimai<\/h3>\n<p>Kilus problem\u0173 su cilindro rankena, vadovaukit\u0117s toliau pateiktais patarimais:<\/p>\n<ul>\n<li>Patikrinkite hidraulin\u0119 sistem\u0105, ar n\u0117ra alyvos nuot\u0117kio ar u\u017esikim\u0161imo, ir prireikus pakeiskite hidraulin\u0119 alyv\u0105.<\/li>\n<li>Patikrinkite sandarinimo elementus, ar jie nepa\u017eeisti ar nesusid\u0117v\u0117j\u0119, ir prireikus juos pakeiskite.<\/li>\n<li>Patikrinkite st\u016bmoklio kot\u0105 ir cilindro korpus\u0105, ar nepa\u017eeisti, ir prireikus pakeiskite juos.<\/li>\n<li>Patikrinkite hidraulines \u017earnas ir jungtis, ar n\u0117ra nuot\u0117ki\u0173, ir prireikus jas suremontuokite arba pakeiskite.<\/li>\n<li>Patikrinkite tvirtinimo detales ir, jei reikia, priver\u017ekite jas.<\/li>\n<\/ul>\n<h3>Apie \u012fmon\u0119<\/h3>\n<p>Esame profesionalus pakaitini\u0173 hidraulini\u0173 cilindr\u0173 gamintojas, specializuojantis \u012fvairiuose gaminiuose ir tap\u0119s vienu i\u0161 pirmaujan\u010di\u0173 hidraulini\u0173 cilindr\u0173 gamintoj\u0173 ir didmenini\u0173 platintoj\u0173 tiek vidaus, tiek tarptautin\u0117se rinkose. Mes visada laikom\u0117s auk\u0161\u010diausios kokyb\u0117s principo, remiam\u0117s puiki\u0173 gamybos dirbtuvi\u0173 pramonin\u0117s gamybos valdymo strategija, nuolat tobuliname technologij\u0173 lyg\u012f ir gamybos efektyvum\u0105. Diegdami auk\u0161\u010diausios klas\u0117s skaitmenin\u0119 gamybos \u012frang\u0105 ir profesionalias bandym\u0173 sistemas, nuolat optimizuojame gamybos platform\u0105, tobuliname gamini\u0173 kokyb\u0117s kontrol\u0117s proces\u0105 ir turime stiprias inovacij\u0173 galimybes. M\u016bs\u0173 tikslas \u2013 patenkinti \u012fvairius klient\u0173 poreikius, remiantis efektyvumo, tikslumo ir auk\u0161tos kokyb\u0117s principais.<\/p>\n<p><img decoding=\"async\" src=\"https:\/\/www.hydraulic-cylinders.net\/wp-content\/uploads\/2025\/01\/songte-company-4.webp\"><br \/>\n<img decoding=\"async\" src=\"https:\/\/www.hydraulic-cylinders.net\/wp-content\/uploads\/2025\/01\/songte-company-3.webp\"><\/p>\n<h3>M\u016bs\u0173 paslaugos<\/h3>\n<ul>\n<li><strong>Profesionalumas:<\/strong> Turime patyrusi\u0173 in\u017einieri\u0173 ir technik\u0173 komand\u0105, kuri gali suteikti profesionali\u0105 ir visapusi\u0161k\u0105 pagalb\u0105.<\/li>\n<li><strong>Tarptautinis sertifikatas:<\/strong> M\u016bs\u0173 gaminiai atitinka tarptautinius standartus ir sertifikatus, tokius kaip ISO9001, CE ir ROHS.<\/li>\n<li><strong>Pritaikymas:<\/strong> Mes teikiame individualias paslaugas pagal klient\u0173 reikalavimus, \u012fskaitant dyd\u012f, med\u017eiagas ir kitas specifikacijas.<\/li>\n<li><strong>Gamybos \u012franga:<\/strong> Turime pa\u017eangi\u0105 \u012frang\u0105, toki\u0105 kaip CNC tekinimo stakl\u0117s, frezavimo stakl\u0117s ir \u0161lifavimo stakl\u0117s, kad u\u017etikrintume tiksli\u0105 ir efektyvi\u0105 gamyb\u0105.<\/li>\n<li><strong>Aptarnavimas po pardavimo:<\/strong> Teikiame auk\u0161tos kokyb\u0117s garantinio aptarnavimo paslaugas, \u012fskaitant technin\u0119 pagalb\u0105, gamini\u0173 garantij\u0105 ir remonto paslaugas.<\/li>\n<\/ul>\n<h3>I\u0161vada<\/h3>\n<p>Apibendrinant galima teigti, kad \u201eSany\u201c didelio ekskavatoriaus SY365 svirties cilindras yra labai svarbus hidraulini\u0173 sistem\u0173 komponentas, u\u017etikrinantis tiesin\u012f jud\u0117jim\u0105 ir gali\u0105 mechaninei svirtiai, leid\u017eiantis atlikti \u012fvairius darbus skirtingose \u200b\u200bpramon\u0117s \u0161akose ir scenarijuose. D\u0117l didelio efektyvumo, tikslaus valdymo, patvarumo, daugiafunkcinio pritaikomumo ir lengvos prie\u017ei\u016bros jis tapo esminiu produktu ma\u0161in\u0173 pramon\u0117je. B\u016bdami profesional\u016bs pakaitini\u0173 hidraulini\u0173 cilindr\u0173 gamintojai, mes visada siekiame tobulumo ir teikiame auk\u0161tos kokyb\u0117s produktus bei paslaugas, kad patenkintume \u012fvairius m\u016bs\u0173 klient\u0173 poreikius. <\/p>\n<p><em>Autorius: lyl<\/em><\/p>","protected":false},"excerpt":{"rendered":"<p>Arm Cylinder for Sany Large Excavator SY365 &#8211; All You Need to Know Introduction Product Definition An arm cylinder is a specially designed hydraulic cylinder used primarily to provide linear motion and power to various types of machinery&#8217;s arm, such as excavators, cranes, and robotic arms. Arm cylinders play a critical role in hydraulic systems, [&hellip;]<\/p>","protected":false},"featured_media":14772,"comment_status":"open","ping_status":"closed","template":"","meta":{"_et_pb_use_builder":"","_et_pb_old_content":"","_et_gb_content_width":""},"product_brand":[],"product_cat":[1497],"product_tag":[1498,1496],"class_list":{"0":"post-16380","1":"product","2":"type-product","3":"status-publish","4":"has-post-thumbnail","6":"product_cat-arm-cylinders","7":"product_tag-arm-cylinders","8":"product_tag-hydraulic-cylinders","10":"first","11":"instock","12":"shipping-taxable","13":"product-type-simple"},"amp_enabled":true,"_links":{"self":[{"href":"https:\/\/www.hydraulic-cylinders.net\/lt\/wp-json\/wp\/v2\/product\/16380","targetHints":{"allow":["GET"]}}],"collection":[{"href":"https:\/\/www.hydraulic-cylinders.net\/lt\/wp-json\/wp\/v2\/product"}],"about":[{"href":"https:\/\/www.hydraulic-cylinders.net\/lt\/wp-json\/wp\/v2\/types\/product"}],"replies":[{"embeddable":true,"href":"https:\/\/www.hydraulic-cylinders.net\/lt\/wp-json\/wp\/v2\/comments?post=16380"}],"wp:featuredmedia":[{"embeddable":true,"href":"https:\/\/www.hydraulic-cylinders.net\/lt\/wp-json\/wp\/v2\/media\/14772"}],"wp:attachment":[{"href":"https:\/\/www.hydraulic-cylinders.net\/lt\/wp-json\/wp\/v2\/media?parent=16380"}],"wp:term":[{"taxonomy":"product_brand","embeddable":true,"href":"https:\/\/www.hydraulic-cylinders.net\/lt\/wp-json\/wp\/v2\/product_brand?post=16380"},{"taxonomy":"product_cat","embeddable":true,"href":"https:\/\/www.hydraulic-cylinders.net\/lt\/wp-json\/wp\/v2\/product_cat?post=16380"},{"taxonomy":"product_tag","embeddable":true,"href":"https:\/\/www.hydraulic-cylinders.net\/lt\/wp-json\/wp\/v2\/product_tag?post=16380"}],"curies":[{"name":"wp","href":"https:\/\/api.w.org\/{rel}","templated":true}]}}