{"id":16381,"date":"2025-01-20T09:10:49","date_gmt":"2025-01-20T09:10:49","guid":{"rendered":"https:\/\/www.hydraulic-cylinders.net\/product\/arm-cylinderfor-sany-large-excavator-sy465h-9\/"},"modified":"2025-01-20T09:10:58","modified_gmt":"2025-01-20T09:10:58","slug":"arm-cylinderfor-sany-large-excavator-sy465h-9","status":"publish","type":"product","link":"https:\/\/www.hydraulic-cylinders.net\/lt\/produktas\/arm-cylinderfor-sany-large-excavator-sy465h-9\/","title":{"rendered":"Sany didelio ekskavatoriaus SY465H-9 rankenos cilindras"},"content":{"rendered":"<h1>Sany didelio ekskavatoriaus SY465H-9 rankos cilindras<\/h1>\n<h2>\u012evadas<\/h2>\n<p>\u201eSany Large Excavator SY465H-9\u201c svirties cilindras yra specialiai sukurtas hidraulinis cilindras, u\u017etikrinantis linijin\u012f judes\u012f ir gali\u0105 \u012fvairi\u0173 tip\u0173 ma\u0161in\u0173, toki\u0173 kaip ekskavatoriai, kranai ir robotin\u0117s svirtys, svir\u010diai. Svirties cilindrai atlieka labai svarb\u0173 vaidmen\u012f hidraulin\u0117se sistemose, nes leid\u017eia efektyviai jud\u0117ti ir valdyti priedus ar priedus. \u0160ie cilindrai ne tik u\u017etikrina skland\u0173 jud\u0117jim\u0105, bet ir atlaiko dideles apkrovas, u\u017etikrindami efektyv\u0173 veikim\u0105 ir patikimum\u0105 \u012fvairiomis darbo s\u0105lygomis.<\/p>\n<p><img decoding=\"async\" src=\"https:\/\/www.hydraulic-cylinders.net\/wp-content\/uploads\/2025\/01\/songte-company-2.webp\" alt=\"Svirties cilindro vaizdas\"><\/p>\n<h2>Savyb\u0117s<\/h2>\n<ol>\n<li><strong>Didelio efektyvumo transmisija:<\/strong> Svirties cilindras u\u017etikrina galing\u0105 tiesin\u012f judes\u012f ir j\u0117g\u0105, u\u017etikrindamas auk\u0161t\u0105 mechanin\u0117s svirties efektyvum\u0105 atliekant \u012fvairias operacijas.<\/li>\n<li><strong>Tikslus valdymas:<\/strong> Hidraulin\u0117s sistemos d\u0117ka svirties cilindras leid\u017eia tiksliai valdyti judes\u012f, tod\u0117l pritvirtint\u0173 \u012franki\u0173 valdymas tampa lankstesnis ir tikslesnis.<\/li>\n<li><strong>Patvarumas:<\/strong> Svirties cilindras paprastai gaminamas i\u0161 didelio stiprumo med\u017eiag\u0173, pasi\u017eymin\u010di\u0173 puikiu atsparumu dilimui ir korozijai, tod\u0117l tinka ilgalaikiam naudojimui at\u0161iauriomis s\u0105lygomis.<\/li>\n<li><strong>Daugiafunkcis prisitaikymas:<\/strong> \u0160ie cilindrai gali b\u016bti pla\u010diai naudojami \u012fvairiose ma\u0161inose, tokiose kaip ekskavatoriai, kranai ir robotin\u0117s rankos, pritaikant juos prie skirting\u0173 eksploatavimo reikalavim\u0173.<\/li>\n<li><strong>Lengva prie\u017ei\u016bra:<\/strong> Projektuojant atsi\u017evelgiama \u012f paprast\u0105 prie\u017ei\u016br\u0105 ir keitim\u0105, tod\u0117l reguliari ap\u017ei\u016bra ir prie\u017ei\u016bra yra patogesni, tod\u0117l sutrump\u0117ja \u012frangos prastova.<\/li>\n<\/ol>\n<p><img decoding=\"async\" src=\"https:\/\/www.hydraulic-cylinders.net\/wp-content\/uploads\/2025\/01\/songte-oil-pipes-and-spare-parts.webp\" alt=\"Naftos vamzd\u017eiai ir atsargin\u0117s dalys Vaizdas\"><\/p>\n<h2>Parai\u0161kos<\/h2>\n<p>\u201eSany\u201c didelio ekskavatoriaus SY465H-9 svirties cilindras naudojamas \u012fvairiose pramon\u0117s \u0161akose:<\/p>\n<ul>\n<li><strong>Statybos in\u017einerija:<\/strong> Ekskavatoriuose ir kranuose svirties cilindras valdo kau\u0161\u0173 arba str\u0117li\u0173 jud\u0117jim\u0105, palengvindamas \u017eem\u0117s darbus, med\u017eiag\u0173 tvarkym\u0105 ir konstrukcij\u0173 montavim\u0105.<\/li>\n<li><strong>Gamybos pramon\u0117:<\/strong> Automatizuotose gamybos linijose rankos cilindras leid\u017eia robotin\u0117ms rankoms jud\u0117ti tokiuose procesuose kaip surinkimas, suvirinimas ir med\u017eiag\u0173 tvarkymas, taip pagerindamas gamybos efektyvum\u0105 ir tikslum\u0105.<\/li>\n<li><strong>\u017dem\u0117s \u016bkio technika:<\/strong> \u017dem\u0117s \u016bkio \u012frangoje, tokioje kaip derliaus nu\u0117mimo ma\u0161inos ir s\u0117jamosios, svirties cilindras valdo darbini\u0173 svir\u010di\u0173 jud\u0117jim\u0105, atlikdamas tokias u\u017eduotis kaip s\u0117ja, tr\u0119\u0161imas ir derliaus nu\u0117mimas.<\/li>\n<li><strong>Kasyba:<\/strong> Kasybos \u012frangoje svirties cilindras valdo kasybos ma\u0161in\u0173 svirties judesius r\u016bdos gavybai ir transportavimui.<\/li>\n<li><strong>Logistika ir transportas:<\/strong> \u0160akiniuose krautuvuose ir robotuose svirties cilindras valdo \u0161aki\u0173 k\u0117lim\u0105 ir jud\u0117jim\u0105, taip \u012fgalindamas med\u017eiag\u0173 tvarkym\u0105 ir krovim\u0105.<\/li>\n<\/ul>\n<h2>Projektavimo aspektai ir atrankos kriterijai<\/h2>\n<p>Kalbant apie svirties cilindro projektavimo aspektus ir atrankos kriterijus, reikia aptarti kelis pagrindinius veiksnius:<\/p>\n<ol>\n<li><strong>Keliamoji galia:<\/strong> Svirties cilindras turi atlaikyti numatomas apkrovas ir j\u0117gas, su kuriomis susiduriama numatytomis s\u0105lygomis.<\/li>\n<li><strong>Sandarinimas:<\/strong> Reik\u0117t\u0173 naudoti \u012fvairius sandarinimo komponentus, tokius kaip st\u016bmokli\u0173 ir kot\u0173 sandarikliai, i\u0161 dilimui atspari\u0173 med\u017eiag\u0173, toki\u0173 kaip poliuretanas ir nitrilo kau\u010diukas. Cilindro korpusas ir srieginiai galai tur\u0117t\u0173 b\u016bti kruop\u0161\u010diai apdorojami, kad padid\u0117t\u0173 atsparumas dilimui.<\/li>\n<li><strong>Patvarumas:<\/strong> Svirties cilindras turi b\u016bti suprojektuotas taip, kad atlaikyt\u0173 nusid\u0117v\u0117jim\u0105, korozij\u0105 ir kitus aplinkos veiksnius, u\u017etikrinant ilgalaik\u012f veikim\u0105.<\/li>\n<li><strong>Saugumas:<\/strong> Projektuojant tur\u0117t\u0173 b\u016bti numatytos saugos priemon\u0117s, siekiant i\u0161vengti nelaiming\u0173 atsitikim\u0173 ir u\u017etikrinti saug\u0173 ma\u0161in\u0173 veikim\u0105.<\/li>\n<li><strong>Prie\u017ei\u016bra:<\/strong> Reik\u0117t\u0173 atsi\u017evelgti \u012f lengv\u0105 komponent\u0173 prie\u017ei\u016br\u0105 ir keitim\u0105, kad b\u016bt\u0173 patogu reguliariai tikrinti ir atlikti technin\u0119 prie\u017ei\u016br\u0105.<\/li>\n<\/ol>\n<p><img decoding=\"async\" src=\"https:\/\/www.hydraulic-cylinders.net\/wp-content\/uploads\/2025\/01\/songte-cylinder-head-with-all-kinds-excavator-models.webp\" alt=\"Cilindro galvut\u0117s vaizdas\"><\/p>\n<h2>Sandarinimas ir tepimas<\/h2>\n<p>Svirtiniame cilindre naudojami \u012fvair\u016bs sandarinimo elementai, tokie kaip st\u016bmokli\u0173 ir kot\u0173 sandarikliai, pagaminti i\u0161 atspari\u0173 dilimui med\u017eiag\u0173, toki\u0173 kaip poliuretanas ir nitrilo kau\u010diukas. Cilindro korpusas ir srieginiai galai yra tiksliai apdorojami, siekiant pagerinti atsparum\u0105 dilimui. Norint u\u017etikrinti skland\u0173 veikim\u0105, b\u016btina reguliariai tepti tinkamu hidraulin\u0117s alyvos kiekiu.<\/p>\n<h2>Reguliarus patikrinimas ir prevencin\u0117 prie\u017ei\u016bra<\/h2>\n<ul>\n<li>Reguliariai tikrinkite svirties cilindr\u0105, ar n\u0117ra koki\u0173 nors pa\u017eeidim\u0173, nuot\u0117ki\u0173 ar susid\u0117v\u0117jimo po\u017eymi\u0173.<\/li>\n<li>Patikrinkite ir pakeiskite susid\u0117v\u0117jusius arba pa\u017eeistus sandariklius, kad i\u0161vengtum\u0117te skys\u010di\u0173 nuot\u0117kio.<\/li>\n<li>U\u017etikrinkite tinkam\u0105 tepim\u0105, patikrindami alyvos lyg\u012f ir prireikus \u012fpildami hidraulin\u0117s alyvos.<\/li>\n<li>Patikrinkite cilindro tvirtinim\u0105 ir jungtis, ar n\u0117ra atsilaisvinim\u0173 ar pa\u017eeidim\u0173.<\/li>\n<li>Perform preventive maintenance tasks according to the manufacturer&#8217;s guidelines to minimize potential issues.<\/li>\n<\/ul>\n<h2>Produkto diegimo vadovas<\/h2>\n<p>Tinkamas svirties cilindro montavimas yra labai svarbus optimaliam veikimui. Laikykit\u0117s \u0161i\u0173 nurodym\u0173:<\/p>\n<ol>\n<li>\u012esitikinkite, kad tvirtinimo pavir\u0161iai yra \u0161var\u016bs ir be joki\u0173 \u0161iuk\u0161li\u0173 ar ter\u0161al\u0173.<\/li>\n<li>Sulygiuokite svirties cilindr\u0105 su tvirtinimo angomis ir pritvirtinkite j\u012f atitinkamais var\u017etais.<\/li>\n<li>Var\u017etus priver\u017ekite palaipsniui ir tolygiai, kad i\u0161vengtum\u0117te cilindro i\u0161lygiavimo ar pa\u017eeidimo.<\/li>\n<li>Prijunkite hidraulines \u017earnas arba vamzd\u017eius, \u012fsitikindami, kad jie yra tinkamai u\u017esandarinti ir priver\u017eti.<\/li>\n<li>Test the Arm Cylinder&#8217;s functionality before putting it into full operation.<\/li>\n<\/ol>\n<p><img decoding=\"async\" src=\"https:\/\/www.hydraulic-cylinders.net\/wp-content\/uploads\/2025\/01\/songte-bushings-with-all-kinds-of-excavator-models.webp\" alt=\"\u012evori\u0173 vaizdas\"><\/p>\n<h2>Saugos aspektai ir aplinkos veiksniai<\/h2>\n<p>Naudojant svirties cilindr\u0105, labai svarbu teikti pirmenyb\u0119 saugos priemon\u0117ms, kad b\u016bt\u0173 i\u0161vengta nelaiming\u0173 atsitikim\u0173 ir u\u017etikrinta operatoriaus gerov\u0117. Taip pat reik\u0117t\u0173 atsi\u017evelgti \u012f aplinkos veiksnius:<\/p>\n<ul>\n<li>Montuojant, eksploatuojant ir pri\u017ei\u016brint, grie\u017etai laikykit\u0117s saugos nurodym\u0173 ir taisykli\u0173.<\/li>\n<li>Operatoriams suteikti tinkam\u0105 mokym\u0105 ir i\u0161silavinim\u0105, kaip saugiai naudoti ir elgtis su \u012frenginiais.<\/li>\n<li>Atsi\u017evelkite \u012f poveik\u012f aplinkai ir laikykit\u0117s atitinkam\u0173 hidraulini\u0173 skys\u010di\u0173 ir cilindr\u0173 komponent\u0173 tinkamo \u0161alinimo taisykli\u0173.<\/li>\n<\/ul>\n<h2>Trik\u010di\u0173 \u0161alinimas ir da\u017eniausiai pasitaikan\u010dios problemos<\/h2>\n<p>\u0160tai keletas da\u017eniausiai pasitaikan\u010di\u0173 svirties cilindro trik\u010di\u0173 \u0161alinimo patarim\u0173 ir sprendim\u0173:<\/p>\n<ul>\n<li><strong>Problema:<\/strong> Cilindras iki galo nei\u0161sitraukia arba nesusitraukia.<\/li>\n<li><strong>Sprendimas:<\/strong> Patikrinkite hidraulinio skys\u010dio lyg\u012f ir sl\u0117g\u012f, patikrinkite, ar n\u0117ra pa\u017eeist\u0173 ar nesandari\u0173 tarpini\u0173, ir u\u017etikrinkite tinkam\u0105 sutepim\u0105.<\/li>\n<li><strong>Problema:<\/strong> Cilindro skys\u010dio nutek\u0117jimas.<\/li>\n<li><strong>Sprendimas:<\/strong> Patikrinkite ir pakeiskite pa\u017eeistus sandariklius, priver\u017ekite jungtis ir patikrinkite, ar n\u0117ra hidraulin\u0117s sistemos problem\u0173.<\/li>\n<li><strong>Problema:<\/strong> Cilindras veikia l\u0117tai arba netolygiai.<\/li>\n<li><strong>Sprendimas:<\/strong> Patikrinkite hidraulinio skys\u010dio klampum\u0105 ir temperat\u016br\u0105, ap\u017ei\u016br\u0117kite, ar hidraulin\u0117je sistemoje n\u0117ra apribojim\u0173, ir patikrinkite, ar valdymo vo\u017etuvai veikia tinkamai.<\/li>\n<\/ul>\n<p><img decoding=\"async\" src=\"https:\/\/www.hydraulic-cylinders.net\/wp-content\/uploads\/2025\/01\/songte-chushion-collar.webp\" alt=\"Chushion apykakl\u0117s vaizdas\"><\/p>\n<p>Nepamir\u0161kite straipsn\u012f strukt\u016brizuoti logi\u0161kai, naudoti paantra\u0161tes lengvam nar\u0161ymui, \u012ftraukti atitinkam\u0173 vaizd\u0173 ar diagram\u0173, kad b\u016bt\u0173 lengviau suprasti, ir u\u017etikrinti, kad turinys b\u016bt\u0173 ai\u0161kus, glaustas ir tinkamas skaitytojams, turintiems skirting\u0105 technini\u0173 \u017eini\u0173 lyg\u012f.<\/p>\n<h2>Apie mus<\/h2>\n<p>Esame profesionalus pakaitini\u0173 hidraulini\u0173 cilindr\u0173 gamintojas, si\u016blantis plat\u0173 gamini\u0173 asortiment\u0105. Tapome vienu i\u0161 pirmaujan\u010di\u0173 hidraulini\u0173 cilindr\u0173 gamintoj\u0173 ir didmenini\u0173 platintoj\u0173 vidaus ir tarptautin\u0117se rinkose. Vadovaujam\u0117s puikios kokyb\u0117s principu ir savo moderniose gamybos dirbtuv\u0117se taikome pramonin\u0117s gamybos valdymo strategijas, kad nuolat tobulintume savo technin\u012f lyg\u012f ir gamybos efektyvum\u0105. \u012ediegdami auk\u0161\u010diausios klas\u0117s skaitmenin\u0119 gamybos \u012frang\u0105 ir profesionalias bandym\u0173 sistemas, optimizuojame savo gamybos platform\u0105, tobuliname gamini\u0173 kokyb\u0117s kontrol\u0117s procesus ir turime stiprias inovacij\u0173 galimybes. M\u016bs\u0173 tikslas \u2013 patenkinti \u012fvairius klient\u0173 poreikius, vadovaujantis efektyvumo principais,<\/p>","protected":false},"excerpt":{"rendered":"<p>Arm Cylinder For Sany Large Excavator SY465H-9 Introduction The Arm Cylinder for Sany Large Excavator SY465H-9 is a specially designed hydraulic cylinder that provides linear motion and power for the arm of various types of machinery, such as excavators, cranes, and robotic arms. The arm cylinders play a crucial role in hydraulic systems, allowing for [&hellip;]<\/p>","protected":false},"featured_media":14770,"comment_status":"open","ping_status":"closed","template":"","meta":{"_et_pb_use_builder":"","_et_pb_old_content":"","_et_gb_content_width":""},"product_brand":[],"product_cat":[1497],"product_tag":[1498,1496],"class_list":{"0":"post-16381","1":"product","2":"type-product","3":"status-publish","4":"has-post-thumbnail","6":"product_cat-arm-cylinders","7":"product_tag-arm-cylinders","8":"product_tag-hydraulic-cylinders","10":"first","11":"instock","12":"shipping-taxable","13":"product-type-simple"},"amp_enabled":true,"_links":{"self":[{"href":"https:\/\/www.hydraulic-cylinders.net\/lt\/wp-json\/wp\/v2\/product\/16381","targetHints":{"allow":["GET"]}}],"collection":[{"href":"https:\/\/www.hydraulic-cylinders.net\/lt\/wp-json\/wp\/v2\/product"}],"about":[{"href":"https:\/\/www.hydraulic-cylinders.net\/lt\/wp-json\/wp\/v2\/types\/product"}],"replies":[{"embeddable":true,"href":"https:\/\/www.hydraulic-cylinders.net\/lt\/wp-json\/wp\/v2\/comments?post=16381"}],"wp:featuredmedia":[{"embeddable":true,"href":"https:\/\/www.hydraulic-cylinders.net\/lt\/wp-json\/wp\/v2\/media\/14770"}],"wp:attachment":[{"href":"https:\/\/www.hydraulic-cylinders.net\/lt\/wp-json\/wp\/v2\/media?parent=16381"}],"wp:term":[{"taxonomy":"product_brand","embeddable":true,"href":"https:\/\/www.hydraulic-cylinders.net\/lt\/wp-json\/wp\/v2\/product_brand?post=16381"},{"taxonomy":"product_cat","embeddable":true,"href":"https:\/\/www.hydraulic-cylinders.net\/lt\/wp-json\/wp\/v2\/product_cat?post=16381"},{"taxonomy":"product_tag","embeddable":true,"href":"https:\/\/www.hydraulic-cylinders.net\/lt\/wp-json\/wp\/v2\/product_tag?post=16381"}],"curies":[{"name":"wp","href":"https:\/\/api.w.org\/{rel}","templated":true}]}}