{"id":16392,"date":"2025-01-20T09:11:48","date_gmt":"2025-01-20T09:11:48","guid":{"rendered":"https:\/\/www.hydraulic-cylinders.net\/product\/arm-cylinderfor-xcmg-small-excavator-xe40\/"},"modified":"2025-01-20T09:11:50","modified_gmt":"2025-01-20T09:11:50","slug":"arm-cylinderfor-xcmg-small-excavator-xe40","status":"publish","type":"product","link":"https:\/\/www.hydraulic-cylinders.net\/lt\/produktas\/arm-cylinderfor-xcmg-small-excavator-xe40\/","title":{"rendered":"XCMG ma\u017eo ekskavatoriaus XE40 rankos cilindras"},"content":{"rendered":"<h1>XCMG ma\u017eo ekskavatoriaus XE40 rankos cilindras<\/h1>\n<h2>Produkto apibr\u0117\u017eimas<\/h2>\n<p>Svirties cilindras yra specialiai suprojektuotas hidraulinis cilindras, kuris pirmiausia naudojamas linijiniam judesiui ir galiai u\u017etikrinti \u012fvairi\u0173 tip\u0173 ma\u0161in\u0173, toki\u0173 kaip ekskavatoriai, kranai ir robotin\u0117s rankos, svirt\u012f. Svirties cilindras atlieka labai svarb\u0173 vaidmen\u012f hidraulin\u0117se sistemose, nes leid\u017eia efektyviai jud\u0117ti ir valdyti papildomus \u012frankius ar priedus. \u0160ie cilindrai ne tik u\u017etikrina skland\u0173 jud\u0117jim\u0105, bet ir atlaiko dideles apkrovas, u\u017etikrindami efektyv\u0173 ma\u0161in\u0173 veikim\u0105 ir patikimum\u0105 \u012fvairiomis darbo s\u0105lygomis.<\/p>\n<p><img decoding=\"async\" src=\"https:\/\/www.hydraulic-cylinders.net\/wp-content\/uploads\/2025\/01\/songte-company-2.webp\" alt=\"Svirties cilindro vaizdas\"><\/p>\n<h2>Produkto savyb\u0117s<\/h2>\n<ul>\n<li>Didelio efektyvumo galios perdavimas: Svirties cilindras u\u017etikrina galing\u0105 tiesin\u012f judes\u012f ir j\u0117g\u0105, u\u017etikrindamas auk\u0161t\u0105 mechanin\u0117s svirties na\u0161um\u0105 atliekant \u012fvairias operacijas.<\/li>\n<li>Tikslus valdymas: Hidraulin\u0117s sistemos d\u0117ka svirties cilindras leid\u017eia tiksliai valdyti judes\u012f, tod\u0117l papildom\u0173 \u012franki\u0173 valdymas tampa lankstesnis ir tikslesnis.<\/li>\n<li>Patvarumas: Svirtiniai cilindrai paprastai gaminami i\u0161 didelio stiprumo med\u017eiag\u0173, pasi\u017eymin\u010di\u0173 puikiu atsparumu dilimui ir korozijai, tod\u0117l tinkami ilgalaikiam naudojimui at\u0161iauriomis s\u0105lygomis.<\/li>\n<li>Daugiafunkcis pritaikomumas: \u0160ie cilindrai gali b\u016bti pla\u010diai naudojami \u012fvairiose ma\u0161inose, tokiose kaip ekskavatoriai, kranai ir robotin\u0117s rankos, prisitaikant prie skirting\u0173 darbo reikalavim\u0173.<\/li>\n<li>Lengva prie\u017ei\u016bra: D\u0117l projektavimo aspekt\u0173, skirt\u0173 lengvam techniniam aptarnavimui ir pakeitimui, reguliari ap\u017ei\u016bra ir technin\u0117 prie\u017ei\u016bra yra patogesn\u0117, tod\u0117l suma\u017e\u0117ja \u012frangos prastovos.<\/li>\n<\/ul>\n<p><img decoding=\"async\" src=\"https:\/\/www.hydraulic-cylinders.net\/wp-content\/uploads\/2025\/01\/songte-oil-pipes-and-spare-parts.webp\" alt=\"Svirties cilindro atsargin\u0117s dalys\"><\/p>\n<h2>Parai\u0161kos<\/h2>\n<p>Svirtinis cilindras naudojamas \u012fvairiose pramon\u0117s \u0161akose:<\/p>\n<ol>\n<li>Statybos in\u017einerija: ekskavatoriuose ir kranuose svirties cilindras valdo kastuvo arba str\u0117l\u0117s jud\u0117jim\u0105, palengvindamas \u017eem\u0117s darbus, med\u017eiag\u0173 tvarkym\u0105 ir konstrukcij\u0173 montavim\u0105.<\/li>\n<li>Gamybos pramon\u0117: Automatizuotose gamybos linijose rankos cilindras leid\u017eia robotin\u0117ms rankoms jud\u0117ti surinkimo, suvirinimo ir tvarkymo procesuose, taip padidindamas gamybos efektyvum\u0105 ir tikslum\u0105.<\/li>\n<li>\u017dem\u0117s \u016bkio technika: \u017dem\u0117s \u016bkio \u012frangoje, tokioje kaip derliaus nu\u0117mimo ma\u0161inos ir s\u0117jamosios, svirties cilindras valdo darbini\u0173 svir\u010di\u0173 jud\u0117jim\u0105 atliekant tokias u\u017eduotis kaip s\u0117ja, tr\u0119\u0161imas ir derliaus nu\u0117mimas.<\/li>\n<li>Kasyba: Kasybos \u012frangoje rankos cilindras valdo rankos jud\u0117jim\u0105 r\u016bdos gavybai ir transportavimui.<\/li>\n<li>Logistika ir transportavimas: \u0160akiniuose krautuvuose ir krovini\u0173 krovimo robotuose svirties cilindras valdo \u0161aki\u0173 k\u0117lim\u0105 ir jud\u0117jim\u0105, taip \u012fgalindamas med\u017eiag\u0173 tvarkym\u0105 ir krovim\u0105.<\/li>\n<\/ol>\n<h2>Projektavimo aspektai ir atrankos kriterijai<\/h2>\n<ul>\n<li>Keliamoji galia: Svirties cilindro konstrukcija tur\u0117t\u0173 atsi\u017evelgti \u012f geb\u0117jim\u0105 atlaikyti numatyt\u0105 apkrov\u0105.<\/li>\n<li>Sandarinimas: Siekiant u\u017etikrinti efektyv\u0173 sandarinim\u0105, tur\u0117t\u0173 b\u016bti naudojami \u012fvair\u016bs sandarinimo komponentai, tokie kaip st\u016bmokli\u0173 ir kot\u0173 sandarikliai. Sandarinimo komponentams da\u017eniausiai parenkamos patvarios med\u017eiagos, tokios kaip poliuretanas ir nitrilo kau\u010diukas.<\/li>\n<li>Patvarumas: Cilindro korpusas ir srieginiai galai turi b\u016bti kruop\u0161\u010diai apdirbti, kad b\u016bt\u0173 padidintas atsparumas dilimui ir ilgaam\u017ei\u0161kumas.<\/li>\n<li>Sauga: Siekiant u\u017etikrinti saug\u0173 eksploatavim\u0105, \u012f konstrukcij\u0105 tur\u0117t\u0173 b\u016bti \u012ftraukti saugos aspektai, tokie kaip sl\u0117gio ma\u017einimo vo\u017etuvai ir saugos u\u017eraktai.<\/li>\n<li>Prie\u017ei\u016bra: Svirties cilindro konstrukcija tur\u0117t\u0173 palengvinti komponent\u0173 prie\u017ei\u016br\u0105 ir keitim\u0105, taip suma\u017einant prastovas ir padidinant bendr\u0105 na\u0161um\u0105.<\/li>\n<\/ul>\n<p><img decoding=\"async\" src=\"https:\/\/www.hydraulic-cylinders.net\/wp-content\/uploads\/2025\/01\/songte-cylinder-head-with-all-kinds-excavator-models.webp\" alt=\"Cilindro galvut\u0117s vaizdas\"><\/p>\n<h2>Sandarinimas ir tepimas<\/h2>\n<p>Svirtiniame cilindre naudojami \u012fvair\u016bs sandarinimo komponentai, tokie kaip st\u016bmokli\u0173 ir kot\u0173 sandarikliai, pagaminti i\u0161 atspari\u0173 dilimui med\u017eiag\u0173, toki\u0173 kaip poliuretanas ir nitrilo kau\u010diukas. Cilindro korpusas ir srieginiai galai yra kruop\u0161\u010diai apdorojami, siekiant padidinti atsparum\u0105 dilimui. Norint u\u017etikrinti skland\u0173 veikim\u0105, b\u016btina reguliariai tepti tinkamu hidraulin\u0117s alyvos kiekiu.<\/p>\n<h2>Reguliarus patikrinimas ir prevencin\u0117 prie\u017ei\u016bra<\/h2>\n<ul>\n<li>Reguliariai tikrinkite svirties cilindr\u0105, ar n\u0117ra susid\u0117v\u0117jimo, nuot\u0117kio ar pa\u017eeidim\u0173 po\u017eymi\u0173.<\/li>\n<li>Patikrinkite ir sureguliuokite hidraulin\u0117s alyvos lyg\u012f ir kokyb\u0119 pagal gamintojo rekomendacijas.<\/li>\n<li>Steb\u0117kite ir palaikykite tinkam\u0105 darbin\u012f sl\u0117g\u012f, kad i\u0161vengtum\u0117te per didel\u0117s cilindro apkrovos.<\/li>\n<li>\u012esitikinkite, kad visos jungtys ir detal\u0117s yra tvirtos ir patikimos.<\/li>\n<li>Laikykit\u0117s rekomenduojamo technin\u0117s prie\u017ei\u016bros grafiko ir nedelsdami pakeiskite susid\u0117v\u0117jusius komponentus.<\/li>\n<\/ul>\n<h2>Produkto diegimo vadovas<\/h2>\n<p>Tinkamas svirties cilindro montavimas yra b\u016btinas optimaliam jo veikimui:<\/p>\n<ul>\n<li>Teising\u0105 montavimo proced\u016br\u0105 rasite gamintojo instrukcijose.<\/li>\n<li>U\u017etikrinkite tinkam\u0105 cilindro ir jo komponent\u0173 sulygiavim\u0105 ir pad\u0117t\u012f.<\/li>\n<li>Tvirtai priver\u017ekite visas jungtis ir jungiam\u0105sias detales.<\/li>\n<li>Patikrinkite, ar hidraulin\u0117je sistemoje n\u0117ra oro burbuliuk\u0173, atlikdami reikiamas nuorinimo proced\u016bras.<\/li>\n<li>\u012edieg\u0119 cilindr\u0105, patikrinkite jo veikim\u0105, kad u\u017etikrintum\u0117te skland\u0173 veikim\u0105.<\/li>\n<\/ul>\n<p><img decoding=\"async\" src=\"https:\/\/www.hydraulic-cylinders.net\/wp-content\/uploads\/2025\/01\/songte-bushings-with-all-kinds-of-excavator-models.webp\" alt=\"\u012evori\u0173 vaizdas\"><\/p>\n<h2>Saugos aspektai ir aplinkos veiksniai<\/h2>\n<p>Naudojant svirtin\u012f cilindr\u0105, labai svarbu teikti pirmenyb\u0119 saugos priemon\u0117ms, siekiant i\u0161vengti nelaiming\u0173 atsitikim\u0173 ir u\u017etikrinti saugi\u0105 darbo aplink\u0105. Tinkamas mokymas ir saugos gairi\u0173 laikymasis yra b\u016btini siekiant suma\u017einti rizik\u0105 ir apsaugoti personal\u0105, \u012frang\u0105 bei supan\u010di\u0105 aplink\u0105.<\/p>\n<h2>Gedim\u0173 diagnostika ir da\u017eniausios problemos<\/h2>\n<p>Da\u017eniausios problemos, kurios gali kilti d\u0117l svirties cilindro, yra \u0161ios:<\/p>\n<ul>\n<li>Hidraulinio skys\u010dio nuot\u0117kis<\/li>\n<li>Galios praradimas arba suma\u017e\u0117j\u0119s na\u0161umas<\/li>\n<li>Nenuoseklus arba tr\u016bk\u010diojantis judesys<\/li>\n<li>Ne\u012fprasti garsai ar vibracija<\/li>\n<\/ul>\n<p>Norint diagnozuoti ir veiksmingai i\u0161spr\u0119sti \u0161ias problemas, reikia atsi\u017evelgti \u012f \u0161iuos dalykus:<\/p>\n<ul>\n<li>Patikrinkite ir priver\u017ekite visas jungtis ir jungiam\u0105sias detales.<\/li>\n<li>Patikrinkite, ar n\u0117ra pa\u017eeist\u0173 ar susid\u0117v\u0117jusi\u0173 sandarinimo komponent\u0173, ir prireikus juos pakeiskite.<\/li>\n<li>Steb\u0117ti ir palaikyti tinkam\u0105 hidraulin\u0117s alyvos lyg\u012f ir kokyb\u0119.<\/li>\n<li>Patikrinkite, ar hidraulin\u0117je sistemoje yra tinkamas sl\u0117gis.<\/li>\n<\/ul>\n<p>\u012egyvendinant prevencines priemones, tokias kaip reguliari prie\u017ei\u016bra ir tinkamas naudojimas, galima suma\u017einti galimas problemas ir u\u017etikrinti skland\u0173 svirties cilindro veikim\u0105.<\/p>\n<p><img decoding=\"async\" src=\"https:\/\/www.hydraulic-cylinders.net\/wp-content\/uploads\/2025\/01\/songte-chushion-collar.webp\" alt=\"Chushion apykakl\u0117s vaizdas\"><\/p>\n<p>Nepamir\u0161kite straipsn\u012f strukt\u016brizuoti logi\u0161kai, naudoti paantra\u0161tes lengvam nar\u0161ymui, \u012ftraukti atitinkam\u0173 vaizd\u0173 ar diagram\u0173, kad b\u016bt\u0173 lengviau suprasti, ir u\u017etikrinti ai\u0161k\u0173, glaust\u0105 turin\u012f, tinkam\u0105 skaitytojams, turintiems \u012fvairi\u0173 technini\u0173 \u017eini\u0173 lygi\u0173.<\/p>\n<p><em>Autorius: lyl<\/em><\/p>\n<p><img decoding=\"async\" src=\"https:\/\/www.hydraulic-cylinders.net\/wp-content\/uploads\/2025\/01\/songte-company-4.webp\" alt=\"\u012emon\u0117s \u012fvaizdis\"><br \/>\n<img decoding=\"async\" src=\"https:\/\/www.hydraulic-cylinders.net\/wp-content\/uploads\/2025\/01\/songte-company-3.webp\" alt=\"\u012emon\u0117s \u012fvaizdis\"><\/p>","protected":false},"excerpt":{"rendered":"<p>Arm Cylinder for XCMG Small Excavator XE40 Product Definition An arm cylinder is a specially designed hydraulic cylinder that is primarily used to provide linear motion and power to the arm of various types of machinery, such as excavators, cranes, and robotic arms. The arm cylinder plays a crucial role in hydraulic systems, enabling the [&hellip;]<\/p>","protected":false},"featured_media":14766,"comment_status":"open","ping_status":"closed","template":"","meta":{"_et_pb_use_builder":"","_et_pb_old_content":"","_et_gb_content_width":""},"product_brand":[],"product_cat":[1497],"product_tag":[1498,1496],"class_list":{"0":"post-16392","1":"product","2":"type-product","3":"status-publish","4":"has-post-thumbnail","6":"product_cat-arm-cylinders","7":"product_tag-arm-cylinders","8":"product_tag-hydraulic-cylinders","10":"first","11":"instock","12":"shipping-taxable","13":"product-type-simple"},"amp_enabled":true,"_links":{"self":[{"href":"https:\/\/www.hydraulic-cylinders.net\/lt\/wp-json\/wp\/v2\/product\/16392","targetHints":{"allow":["GET"]}}],"collection":[{"href":"https:\/\/www.hydraulic-cylinders.net\/lt\/wp-json\/wp\/v2\/product"}],"about":[{"href":"https:\/\/www.hydraulic-cylinders.net\/lt\/wp-json\/wp\/v2\/types\/product"}],"replies":[{"embeddable":true,"href":"https:\/\/www.hydraulic-cylinders.net\/lt\/wp-json\/wp\/v2\/comments?post=16392"}],"wp:featuredmedia":[{"embeddable":true,"href":"https:\/\/www.hydraulic-cylinders.net\/lt\/wp-json\/wp\/v2\/media\/14766"}],"wp:attachment":[{"href":"https:\/\/www.hydraulic-cylinders.net\/lt\/wp-json\/wp\/v2\/media?parent=16392"}],"wp:term":[{"taxonomy":"product_brand","embeddable":true,"href":"https:\/\/www.hydraulic-cylinders.net\/lt\/wp-json\/wp\/v2\/product_brand?post=16392"},{"taxonomy":"product_cat","embeddable":true,"href":"https:\/\/www.hydraulic-cylinders.net\/lt\/wp-json\/wp\/v2\/product_cat?post=16392"},{"taxonomy":"product_tag","embeddable":true,"href":"https:\/\/www.hydraulic-cylinders.net\/lt\/wp-json\/wp\/v2\/product_tag?post=16392"}],"curies":[{"name":"wp","href":"https:\/\/api.w.org\/{rel}","templated":true}]}}