{"id":16394,"date":"2025-01-20T09:11:57","date_gmt":"2025-01-20T09:11:57","guid":{"rendered":"https:\/\/www.hydraulic-cylinders.net\/product\/arm-cylinderfor-xcmg-small-excavator-xe80c\/"},"modified":"2025-01-20T09:12:05","modified_gmt":"2025-01-20T09:12:05","slug":"arm-cylinderfor-xcmg-small-excavator-xe80c","status":"publish","type":"product","link":"https:\/\/www.hydraulic-cylinders.net\/lt\/produktas\/arm-cylinderfor-xcmg-small-excavator-xe80c\/","title":{"rendered":"XCMG ma\u017eo ekskavatoriaus XE80C rankenos cilindras"},"content":{"rendered":"<p>XCMG ma\u017eo ekskavatoriaus XE80C rankos cilindras<\/p>\n<p>\u012evadas:<br \/>\nSvirties cilindras yra specialiai suprojektuotas hidraulinis cilindras, daugiausia naudojamas linijiniam jud\u0117jimui ir galiai u\u017etikrinti \u012fvairi\u0173 tip\u0173 ma\u0161in\u0173, toki\u0173 kaip ekskavatoriai, kranai ir mechanin\u0117s svirtys, svirtims. Svirties cilindras atlieka labai svarb\u0173 vaidmen\u012f hidraulin\u0117se sistemose, nes leid\u017eia efektyviai jud\u0117ti ir valdyti papildomus \u012frankius ar priedus. \u0160ie cilindrai ne tik u\u017etikrina skland\u0173 jud\u0117jim\u0105, bet ir atlaiko dideles apkrovas, u\u017etikrindami efektyv\u0173 ma\u0161inos veikim\u0105 ir patikimum\u0105 \u012fvairiomis eksploatavimo s\u0105lygomis.<\/p>\n<p><img decoding=\"async\" src=\"https:\/\/www.hydraulic-cylinders.net\/wp-content\/uploads\/2025\/01\/songte-company-2.webp\"><\/p>\n<p>Savyb\u0117s:<br \/>\nToliau pateikiamos pagrindin\u0117s rankenos cilindro savyb\u0117s:<br \/>\n1. Efektyvus galios perdavimas: Svirties cilindras u\u017etikrina galing\u0105 tiesin\u012f jud\u0117jim\u0105 ir j\u0117g\u0105, kad b\u016bt\u0173 u\u017etikrintas didelis mechanin\u0117s svirties efektyvumas.<br \/>\n2. Tikslus valdymas: Hidraulin\u0117s sistemos pagalba rankos cilindras gali tiksliai valdyti judesius, tod\u0117l papildom\u0173 \u012franki\u0173 valdymas tampa lankstesnis ir tikslesnis.<br \/>\n3. Didelis patvarumas: Svirties cilindras paprastai pagamintas i\u0161 didelio stiprumo med\u017eiag\u0173, pasi\u017eymin\u010di\u0173 geru atsparumu dilimui ir korozijai, tod\u0117l tinka ilgalaikiam naudojimui at\u0161iauriomis s\u0105lygomis.<br \/>\n4. Universalumas: \u0160ie cilindrai gali b\u016bti pla\u010diai naudojami \u012fvairi\u0173 tip\u0173 ma\u0161inose, tokiose kaip ekskavatoriai, kranai ir mechanin\u0117s svirtys, kad b\u016bt\u0173 patenkinti skirtingi darbo reikalavimai.<br \/>\n5. Lengva prie\u017ei\u016bra: Svirties cilindro konstrukcija skirta lengvam prie\u017ei\u016bros ir keitimo procesui, tod\u0117l j\u012f patogu reguliariai ap\u017ei\u016br\u0117ti ir pri\u017ei\u016br\u0117ti, taip sutrumpinant \u012frangos prastovos laik\u0105.<\/p>\n<p><img decoding=\"async\" src=\"https:\/\/www.hydraulic-cylinders.net\/wp-content\/uploads\/2025\/01\/songte-oil-pipes-and-spare-parts.webp\"><\/p>\n<p>Parai\u0161kos:<br \/>\nCilindro formos rankena pla\u010diai naudojama \u012fvairiose pramon\u0117s \u0161akose, tokiose kaip:<br \/>\n1. Konstrukcija: Ekskavatoriuose ir kranuose svirties cilindras naudojamas kau\u0161o arba k\u0117limo svirties jud\u0117jimui valdyti atliekant \u017eem\u0117s darbus, med\u017eiag\u0173 tvarkym\u0105 ir konstrukcij\u0173 montavim\u0105.<br \/>\n2. Gamyba: Automatizuotose gamybos linijose svirties cilindras naudojamas mechanin\u0117ms svirtims judinti surinkimo, suvirinimo ir med\u017eiag\u0173 tvarkymo procesuose, taip pagerinant gamybos efektyvum\u0105 ir tikslum\u0105.<br \/>\n3. \u017dem\u0117s \u016bkis: \u017dem\u0117s \u016bkio technikoje, pavyzd\u017eiui, derliaus nu\u0117mimo ir sodinimo ma\u0161inose, svirties cilindras valdo valdymo svirties judesius atliekant tokias u\u017eduotis kaip s\u0117ja, tr\u0119\u0161imas ir derliaus nu\u0117mimas.<br \/>\n4. Mining: In mining equipment, the Arm Cylinder is used to control the movement of the mining equipment&#8217;s arm for ore mining and transportation.<br \/>\n5. Logistika ir transportavimas: \u0160akiniuose krautuvuose ir tvarkymo robotuose svirties cilindras naudojamas \u0161ak\u0117s k\u0117limui ir jud\u0117jimui valdyti, kad b\u016bt\u0173 galima tvarkyti ir sukrauti med\u017eiagas.<\/p>\n<p>Dizaino aspektai:<br \/>\nSvirtinis cilindras suprojektuotas atsi\u017evelgiant \u012f \u0161iuos aspektus:<br \/>\n1. Keliamoji galia: Svirties cilindras suprojektuotas taip, kad atlaikyt\u0173 dideles apkrovas ir u\u017etikrint\u0173 efektyv\u0173 ma\u0161inos veikim\u0105 \u012fvairiomis darbo s\u0105lygomis.<br \/>\n2. Sealing: Various sealing elements such as piston seals and rod seals are used to ensure the Arm Cylinder&#8217;s sealing performance. The seals are made of wear-resistant materials such as polyurethane and nitrile rubber.<br \/>\n3. Patvarumas: Cilindro korpusas ir srieginis galinis pavir\u0161ius yra tiksliai apdoroti, siekiant pagerinti atsparum\u0105 dilimui ir korozijai.<br \/>\n4. Sauga: Apsauginiai vo\u017etuvai ir kiti saugos \u012ftaisai yra \u012frengti siekiant i\u0161vengti nelaiming\u0173 atsitikim\u0173, kuriuos sukelia perkrovos ar kitos problemos.<br \/>\n5. Prie\u017ei\u016bra: Svirties cilindro konstrukcija skirta lengvam prie\u017ei\u016bros ir keitimo procesui, siekiant suma\u017einti \u012frangos prastovos laik\u0105.<\/p>\n<p><img decoding=\"async\" src=\"https:\/\/www.hydraulic-cylinders.net\/wp-content\/uploads\/2025\/01\/songte-cylinder-head-with-all-kinds-excavator-models.webp\"><\/p>\n<p>Sandarinimas ir tepimas:<br \/>\nSvirtiniame cilindre naudojami \u012fvair\u016bs sandarinimo elementai, tokie kaip st\u016bmoklio ir koto sandarikliai, pagaminti i\u0161 atspari\u0173 dilimui med\u017eiag\u0173, toki\u0173 kaip poliuretanas ir nitrilo kau\u010diukas, siekiant u\u017etikrinti sandarum\u0105. Cilindro korpusas ir srieginis galinis pavir\u0161ius yra tiksliai apdoroti, siekiant pagerinti atsparum\u0105 dilimui ir korozijai. Kad b\u016bt\u0173 u\u017etikrintas sklandus veikimas, j\u012f reikia reguliariai tepti tinkamu hidraulin\u0117s alyvos kiekiu.<\/p>\n<p>Prie\u017ei\u016bra ir trik\u010di\u0173 \u0161alinimas:<br \/>\nRegular inspection and preventive maintenance are essential to ensure the Arm Cylinder&#8217;s reliability and longevity. The following are some maintenance and troubleshooting tips:<br \/>\n1. Regularly inspect the cylinder&#8217;s sealing performance and replace any worn or damaged sealing elements.<br \/>\n2. Patikrinkite, ar n\u0117ra alyvos nuot\u0117kio, ir u\u017etikrinkite tinkam\u0105 alyvos lyg\u012f.<br \/>\n3. Patikrinkite cilindro korpus\u0105 ir sriegin\u012f galin\u012f pavir\u0161i\u0173, ar n\u0117ra susid\u0117v\u0117jimo ar pa\u017eeidim\u0173, ir prireikus pakeiskite juos.<br \/>\n4. Jei svirties cilindras nejuda arba juda l\u0117tai, patikrinkite, ar n\u0117ra alyvos nuot\u0117kio, pa\u017eeist\u0173 sandarikli\u0173 ar u\u017esikim\u0161usi\u0173 alyvos kanal\u0173.<br \/>\n5. Jei svirties cilindras juda netolygiai arba skleid\u017eia ne\u012fprast\u0105 triuk\u0161m\u0105, patikrinkite, ar st\u016bmoklis, strypas ar kiti komponentai nepa\u017eeisti.<\/p>\n<p><img decoding=\"async\" src=\"https:\/\/www.hydraulic-cylinders.net\/wp-content\/uploads\/2025\/01\/songte-chushion-collar.webp\"><\/p>\n<p>Diegimo vadovas:<br \/>\n\u0160ie veiksmai reikalingi cilindro formos rankenos montavimui:<br \/>\n1. Prie\u0161 montuodami \u012fsitikinkite, kad hidraulin\u0117je sistemoje n\u0117ra sl\u0117gio, o \u012franga yra tvirtai pritvirtinta.<br \/>\n2. Sulygiuokite svirties cilindr\u0105 su \u012frangos svirtimi arba tvirtinimo laikikliu ir pritvirtinkite var\u017etais.<br \/>\n3. Connect the hydraulic hoses or pipelines to the cylinder&#8217;s inlet and outlet connections, ensuring proper tightening.<br \/>\n4. Test the Arm Cylinder&#8217;s operation and adjust the hydraulic system&#8217;s pressure and flow rate as required.<\/p>\n<p>Saugos aspektai:<br \/>\nNaudojant cilindrin\u012f svirt\u012f, reikia laikytis \u0161i\u0173 saugos priemoni\u0173:<br \/>\n1. Follow the equipment manufacturer&#8217;s safety guidelines and instructions.<br \/>\n2. Ensure that the Arm Cylinder&#8217;s load capacity matches the equipment&#8217;s rated capacity.<br \/>\n3. Kad i\u0161vengtum\u0117te nelaiming\u0173 atsitikim\u0173, venkite perkrauti ir netinkamai naudoti svirties cilindr\u0105.<br \/>\n4. Reguliariai tikrinkite ir pri\u017ei\u016br\u0117kite svirties cilindr\u0105, kad u\u017etikrintum\u0117te patikim\u0105 jo veikim\u0105.<\/p>\n<p>We, Songte Hydraulic, are a professional manufacturer of replacement hydraulic cylinders with a wide range of products. We have become one of the leading hydraulic cylinder manufacturers and wholesale distributors in the domestic and international markets. We always adhere to the principle of excellent quality and continuously improve our technology and production efficiency. With our high-efficiency, accuracy, and high-quality principles, we aim to satisfy our customers&#8217; diversified needs.<\/p>\n<p>M\u016bs\u0173 \u012fmon\u0117 did\u017eiuojasi gal\u0117dama teikti \u0161ias paslaugas:<br \/>\n1. Profesionalumas: M\u016bs\u0173 ekspert\u0173 komanda yra pasiry\u017eusi teikti savo klientams auk\u0161\u010diausios kokyb\u0117s produktus ir paslaugas.<br \/>\n2. Tarptautinis sertifikatas: Esame \u012fgij\u0119 \u012fvairi\u0173 tarptautini\u0173 sertifikat\u0173, toki\u0173 kaip ISO, CE ir MA.<br \/>\n3. Pritaikymas individualiems poreikiams: teikiame individualiai pritaikytas paslaugas, kurios atitinka konkre\u010dius m\u016bs\u0173 klient\u0173 poreikius.<br \/>\n4. Gamybos \u012franga: Siekdami optimizuoti gamybos proces\u0105, naudojame pa\u017eangi\u0105 skaitmenin\u0119 gamybos \u012frang\u0105 ir profesionalias testavimo sistemas.<br \/>\n5. After-sales Service: We provide complete after-sales services to ensure our customers&#8217; satisfaction.<\/p>\n<p><img decoding=\"async\" src=\"https:\/\/www.hydraulic-cylinders.net\/wp-content\/uploads\/2025\/01\/songte-company-4.webp\"><\/p>\n<p><img decoding=\"async\" src=\"https:\/\/www.hydraulic-cylinders.net\/wp-content\/uploads\/2025\/01\/songte-company-3.webp\"><\/p>\n<p>Autorius: lyl<\/p>","protected":false},"excerpt":{"rendered":"<p>Arm Cylinder For XCMG Small Excavator XE80C Introduction: The Arm Cylinder is a specially designed hydraulic cylinder that is mainly used for providing linear movement and power to the arms of various types of machinery such as excavators, cranes, and mechanical arms. The Arm Cylinder plays a critical role in hydraulic systems, enabling the effective [&hellip;]<\/p>","protected":false},"featured_media":14759,"comment_status":"open","ping_status":"closed","template":"","meta":{"_et_pb_use_builder":"","_et_pb_old_content":"","_et_gb_content_width":""},"product_brand":[],"product_cat":[1497],"product_tag":[1498,1496],"class_list":{"0":"post-16394","1":"product","2":"type-product","3":"status-publish","4":"has-post-thumbnail","6":"product_cat-arm-cylinders","7":"product_tag-arm-cylinders","8":"product_tag-hydraulic-cylinders","10":"first","11":"instock","12":"shipping-taxable","13":"product-type-simple"},"amp_enabled":true,"_links":{"self":[{"href":"https:\/\/www.hydraulic-cylinders.net\/lt\/wp-json\/wp\/v2\/product\/16394","targetHints":{"allow":["GET"]}}],"collection":[{"href":"https:\/\/www.hydraulic-cylinders.net\/lt\/wp-json\/wp\/v2\/product"}],"about":[{"href":"https:\/\/www.hydraulic-cylinders.net\/lt\/wp-json\/wp\/v2\/types\/product"}],"replies":[{"embeddable":true,"href":"https:\/\/www.hydraulic-cylinders.net\/lt\/wp-json\/wp\/v2\/comments?post=16394"}],"wp:featuredmedia":[{"embeddable":true,"href":"https:\/\/www.hydraulic-cylinders.net\/lt\/wp-json\/wp\/v2\/media\/14759"}],"wp:attachment":[{"href":"https:\/\/www.hydraulic-cylinders.net\/lt\/wp-json\/wp\/v2\/media?parent=16394"}],"wp:term":[{"taxonomy":"product_brand","embeddable":true,"href":"https:\/\/www.hydraulic-cylinders.net\/lt\/wp-json\/wp\/v2\/product_brand?post=16394"},{"taxonomy":"product_cat","embeddable":true,"href":"https:\/\/www.hydraulic-cylinders.net\/lt\/wp-json\/wp\/v2\/product_cat?post=16394"},{"taxonomy":"product_tag","embeddable":true,"href":"https:\/\/www.hydraulic-cylinders.net\/lt\/wp-json\/wp\/v2\/product_tag?post=16394"}],"curies":[{"name":"wp","href":"https:\/\/api.w.org\/{rel}","templated":true}]}}