{"id":16400,"date":"2025-01-20T09:12:27","date_gmt":"2025-01-20T09:12:27","guid":{"rendered":"https:\/\/www.hydraulic-cylinders.net\/product\/arm-cylinderfor-xcmg-middle-excavator-xe265c\/"},"modified":"2025-01-20T09:12:33","modified_gmt":"2025-01-20T09:12:33","slug":"arm-cylinderfor-xcmg-middle-excavator-xe265c","status":"publish","type":"product","link":"https:\/\/www.hydraulic-cylinders.net\/lt\/produktas\/arm-cylinderfor-xcmg-middle-excavator-xe265c\/","title":{"rendered":"XCMG vidutinio dyd\u017eio ekskavatoriaus XE265C rankenos cilindras"},"content":{"rendered":"<h1>XCMG vidutinio ekskavatoriaus XE265C svirties cilindras<\/h1>\n<h2>\u012evadas<\/h2>\n<h3>Apibr\u0117\u017eimas ir paai\u0161kinimas<\/h3>\n<p>Svirties cilindras yra specialiai suprojektuotas hidraulinis cilindras, kuris pirmiausia naudojamas linijiniam judesiui ir galiai u\u017etikrinti \u012fvairi\u0173 tip\u0173 ma\u0161in\u0173, toki\u0173 kaip ekskavatoriai, kranai ir mechanin\u0117s svirtys, svirtims. Svirties cilindras atlieka labai svarb\u0173 vaidmen\u012f hidraulin\u0117se sistemose, nes leid\u017eia efektyviai jud\u0117ti ir valdyti papildomus \u012frankius ar priedus. \u0160ie cilindrai ne tik u\u017etikrina skland\u0173 jud\u0117jim\u0105, bet ir atlaiko dideles apkrovas, u\u017etikrindami efektyv\u0173 ma\u0161in\u0173 veikim\u0105 ir patikimum\u0105 \u012fvairiomis eksploatavimo s\u0105lygomis.<\/p>\n<p><img decoding=\"async\" src=\"https:\/\/www.hydraulic-cylinders.net\/wp-content\/uploads\/2025\/01\/songte-company-2.webp\"><\/p>\n<h2>Savyb\u0117s<\/h2>\n<ul>\n<li>Efektyvus galios perdavimas: Svirties cilindras gali u\u017etikrinti galing\u0105 tiesin\u012f judes\u012f ir j\u0117g\u0105, u\u017etikrindamas auk\u0161t\u0105 mechanin\u0117s svirties efektyvum\u0105 ir na\u0161um\u0105 atliekant \u012fvairias operacijas.<\/li>\n<li>Tikslus valdymas: Hidraulin\u0117s sistemos d\u0117ka rankos cilindras gali tiksliai valdyti judesius, tod\u0117l papildom\u0173 \u012franki\u0173 valdymas tampa lankstesnis ir tikslesnis.<\/li>\n<li>Didelis patvarumas: Svirtiniai cilindrai paprastai gaminami i\u0161 didelio stiprumo med\u017eiag\u0173 ir yra atspar\u016bs dilimui bei korozijai, tod\u0117l juos galima naudoti ilgalaik\u0117je aplinkoje.<\/li>\n<li>Daugiafunkcinis pritaikomumas: \u0160ie cilindrai gali b\u016bti pla\u010diai naudojami \u012fvairiuose mechaniniuose \u012frenginiuose, tokiuose kaip ekskavatoriai, kranai ir mechanin\u0117s rankenos, kad b\u016bt\u0173 pritaikyti skirtingiems darbo poreikiams.<\/li>\n<li>Lengva prie\u017ei\u016bra: \u012erenginio konstrukcija, skirta lengvam techniniam aptarnavimui ir pakeitimui, leid\u017eia patogiau reguliariai tikrinti ir pri\u017ei\u016br\u0117ti \u012frang\u0105, taip suma\u017einant prastovas.<\/li>\n<\/ul>\n<p><img decoding=\"async\" src=\"https:\/\/www.hydraulic-cylinders.net\/wp-content\/uploads\/2025\/01\/songte-oil-pipes-and-spare-parts.webp\"><\/p>\n<h2>Parai\u0161kos<\/h2>\n<ul>\n<li>Pastat\u0173 statyba: Ekskavatoriuose ir kranuose str\u0117l\u0117s cilindrai naudojami kau\u0161o arba str\u0117l\u0117s jud\u0117jimui valdyti atliekant \u017eem\u0117s darbus, med\u017eiag\u0173 tvarkym\u0105 ir konstrukcij\u0173 montavim\u0105.<\/li>\n<li>Gamyba: Automatizuotose gamybos linijose svir\u010di\u0173 cilindrai naudojami mechanin\u0117ms svirtims judinti, atliekant surinkimo, suvirinimo ir tvarkymo procesus, siekiant pagerinti gamybos efektyvum\u0105 ir tikslum\u0105.<\/li>\n<li>\u017dem\u0117s \u016bkio technika: \u017dem\u0117s \u016bkio technikoje, pavyzd\u017eiui, derliaus nu\u0117mimo ir sodinimo ma\u0161inose, svirties cilindrai valdo valdymo svirties judes\u012f, atlikdami tokias u\u017eduotis kaip s\u0117ja, tr\u0119\u0161imas ir derliaus nu\u0117mimas.<\/li>\n<li>Kasyba: Kasybos \u012frangoje svirties cilindrai naudojami kasybos \u012frangos svirties jud\u0117jimui valdyti r\u016bd\u0173 kasybai ir transportavimui.<\/li>\n<li>Logistika ir transportavimas: \u0160akiniuose krautuvuose ir robotuose ranken\u0173 cilindrai naudojami \u0161aki\u0173 k\u0117limui ir jud\u0117jimui valdyti, kad b\u016bt\u0173 galima tvarkyti ir sukrauti med\u017eiagas.<\/li>\n<\/ul>\n<h2>Projektavimo aspektai ir atrankos kriterijai<\/h2>\n<h3>Apkrovos paj\u0117gumas<\/h3>\n<p>Svirtini\u0173 cilindr\u0173 apkrovos paj\u0117gumas yra svarbus projektavimo aspektas. B\u016btina u\u017etikrinti, kad cilindras atlaikyt\u0173 maksimali\u0105 apkrov\u0105, su kuria gali susidurti eksploatacijos metu.<\/p>\n<h3>Sandarinimas<\/h3>\n<p>Svirtiniuose cilindruose naudojami \u012fvair\u016bs sandarinimo komponentai, pavyzd\u017eiui, st\u016bmokli\u0173 ir kot\u0173 sandarikliai. Sandarinimo komponentams naudojamos med\u017eiagos, tokios kaip poliuretanas ir nitrilo kau\u010diukas, yra atsparios dilimui ir korozijai, tod\u0117l u\u017etikrinamas efektyvus veikimas ir pailginamas cilindro tarnavimo laikas.<\/p>\n<h3>Patvarumas<\/h3>\n<p>Svirtiniai cilindrai veikiami at\u0161iauri\u0173 eksploatavimo s\u0105lyg\u0173, toki\u0173 kaip auk\u0161tas sl\u0117gis ir korozin\u0117 aplinka. Tod\u0117l labai svarbu naudoti didelio stiprumo med\u017eiagas ir pavir\u0161iaus apdorojim\u0105, kad padid\u0117t\u0173 cilindro atsparumas dilimui ir korozijai.<\/p>\n<h3>Saugumas<\/h3>\n<p>Svirtiniai cilindrai turi atitikti saugos standartus, kad b\u016bt\u0173 u\u017etikrintas saugus j\u0173 veikimas \u012fvairiomis darbo s\u0105lygomis, pavyzd\u017eiui, perkrovos ir sm\u016bgio metu. Saugos priemon\u0117s gali apimti ribinius jungiklius, sl\u0117gio ma\u017einimo vo\u017etuvus ir amortizatorius.<\/p>\n<h3>Prie\u017ei\u016bra<\/h3>\n<p>Svirtini\u0173 cilindr\u0173 konstrukcija tur\u0117t\u0173 b\u016bti skirta lengvam komponent\u0173 prie\u017ei\u016brai ir keitimui, siekiant suma\u017einti prastovas ir prie\u017ei\u016bros i\u0161laidas.<\/p>\n<p><img decoding=\"async\" src=\"https:\/\/www.hydraulic-cylinders.net\/wp-content\/uploads\/2025\/01\/songte-cylinder-head-with-all-kinds-excavator-models.webp\"><\/p>\n<h2>Sandarinimas ir tepimas<\/h2>\n<p>Svirtiniuose cilindruose naudojami \u012fvair\u016bs sandarinimo komponentai, pavyzd\u017eiui, st\u016bmokli\u0173 ir kot\u0173 sandarikliai. Sandarinimo komponentams naudojamos med\u017eiagos, tokios kaip poliuretanas ir nitrilo kau\u010diukas, yra atsparios dilimui ir korozijai, tod\u0117l u\u017etikrinamas efektyvus veikimas ir pailginamas cilindro tarnavimo laikas. Cilindro korpusas ir srieginis galinis pavir\u0161ius yra kruop\u0161\u010diai apdirbti, siekiant pagerinti atsparum\u0105 dilimui. Tepimui reikia reguliariai pildyti atitinkam\u0105 hidraulin\u0119 alyv\u0105.<\/p>\n<h2>Prie\u017ei\u016bra ir prevencin\u0117s priemon\u0117s<\/h2>\n<ul>\n<li>Reguliariai tikrinkite cilindro darbin\u0119 b\u016bkl\u0119, kad \u012fsitikintum\u0117te, jog jis veikia tinkamai.<\/li>\n<li>Reguliariai keiskite sandarinimo komponentus, kad b\u016bt\u0173 i\u0161vengta alyvos nutek\u0117jimo ir kit\u0173 komponent\u0173 pa\u017eeidimo.<\/li>\n<li>Reguliariai pildykite hidraulin\u0119 alyv\u0105, kad palaikytum\u0117te reikiam\u0105 tepimo lyg\u012f.<\/li>\n<li>Neleiskite cilindrui veikti s\u0105lygomis, vir\u0161ijan\u010diomis jo vardin\u0119 talp\u0105.<\/li>\n<li>U\u017etikrinkite hidraulin\u0117s sistemos \u0161var\u0105, kad i\u0161vengtum\u0117te u\u017eter\u0161imo.<\/li>\n<\/ul>\n<p><img decoding=\"async\" src=\"https:\/\/www.hydraulic-cylinders.net\/wp-content\/uploads\/2025\/01\/songte-chushion-collar.webp\"><\/p>\n<h2>Diegimo vadovas<\/h2>\n<p>Prie\u0161 montuodami patikrinkite, ar cilindras nepa\u017eeistas, nedeformuotas ar nesur\u016bdij\u0119s. \u012esitikinkite, kad montavimo pad\u0117tis teisinga, o srieginiai galai \u0161var\u016bs. Sumontuokite cilindr\u0105 pagal \u012frangos gamintojo specifikacijas ir priver\u017ekite var\u017etus reikiamu sukimo momentu. Po montavimo patikrinkite, ar cilindras veikia tinkamai, pavyzd\u017eiui, ar n\u0117ra nuot\u0117kio, ar juda skland\u017eiai ir ar st\u016bmoklio kotas yra tinkamai i\u0161d\u0117stytas.<\/p>\n<p><img decoding=\"async\" src=\"https:\/\/www.hydraulic-cylinders.net\/wp-content\/uploads\/2025\/01\/songte-bushings-with-all-kinds-of-excavator-models.webp\"><\/p>\n<h2>Saugos aspektai ir aplinkos veiksniai<\/h2>\n<p>Naudojant svirties cilindrus, reikia imtis saugos priemoni\u0173, kad b\u016bt\u0173 i\u0161vengta perkrov\u0173, sm\u016bgi\u0173 ar kit\u0173 pavojing\u0173 situacij\u0173. Taip pat labai svarbu tinkamai utilizuoti panaudot\u0105 hidraulin\u0119 alyv\u0105 ir kitas atliekas, siekiant suma\u017einti poveik\u012f aplinkai.<\/p>\n<h2>Trik\u010di\u0173 \u0161alinimas ir da\u017eniausiai pasitaikan\u010dios problemos<\/h2>\n<ul>\n<li>Hidraulin\u0117s alyvos nuot\u0117kis: patikrinkite sandarinimo komponentus ir priver\u017ekite sriegines jungtis.<\/li>\n<li>L\u0117tas jud\u0117jimas: patikrinkite hidraulinio srauto greit\u012f ir sl\u0117g\u012f.<\/li>\n<li>Nenormalus triuk\u0161mas: patikrinkite, ar nepa\u017eeisti komponentai arba ar n\u0117ra atsilaisvinusi\u0173 jung\u010di\u0173.<\/li>\n<li>Nepajud\u0117jimas: patikrinkite, ar eksploatavimo s\u0105lygos atitinka cilindro vardin\u0119 talp\u0105.<\/li>\n<li>Per didel\u0117 vibracija: patikrinkite \u012frangos pagrind\u0105 ir atram\u0105.<\/li>\n<\/ul>\n<h2>Apie mus<\/h2>\n<p>Esame profesionalus pakaitini\u0173 hidraulini\u0173 cilindr\u0173 gamintojas, teikiantis plat\u0173 gamini\u0173 asortiment\u0105 ir tap\u0119s vienu i\u0161 pirmaujan\u010di\u0173 hidraulini\u0173 cilindr\u0173 gamintoj\u0173 ir didmenini\u0173 platintoj\u0173 vidaus ir tarptautin\u0117se rinkose. Mes visada laikom\u0117s puikios kokyb\u0117s principo ir remiam\u0117s tiksli\u0173j\u0173 gamybos dirbtuvi\u0173 industrializuotos gamybos valdymo strategija, siekdami nuolat gerinti technin\u012f lyg\u012f ir gamybos efektyvum\u0105. \u012ediegdami auk\u0161\u010diausios klas\u0117s skaitmenin\u0119 gamybos \u012frang\u0105 ir profesionalias bandym\u0173 sistemas, nuolat optimizuojame gamybos platform\u0105, tobuliname gamini\u0173 kokyb\u0117s kontrol\u0117s proces\u0105 ir turime stiprias inovacij\u0173 galimybes. M\u016bs\u0173 tikslas \u2013 patenkinti \u012fvairius klient\u0173 poreikius, vadovaujantis efektyvumo, tikslumo ir auk\u0161tos kokyb\u0117s principais.<\/p>\n<ul>\n<li>Profesionalumas<\/li>\n<li>Tarptautinis sertifikavimas<\/li>\n<li>Pritaikymo paslaugos<\/li>\n<li>Gamybos \u012franga<\/li>\n<li>Aptarnavimas po pardavimo<\/li>\n<\/ul>\n<p><img decoding=\"async\" src=\"https:\/\/www.hydraulic-cylinders.net\/wp-content\/uploads\/2025\/01\/songte-company-4.webp\"><br \/>\n<img decoding=\"async\" src=\"https:\/\/www.hydraulic-cylinders.net\/wp-content\/uploads\/2025\/01\/songte-company-3.webp\"><\/p>\n<p>Autorius: lyl<\/p>","protected":false},"excerpt":{"rendered":"<p>Arm Cylinder For XCMG Middle Excavator XE265C Introduction Definition and Explanation The arm cylinder is a specially designed hydraulic cylinder that is primarily used to provide linear motion and power to the arms of various types of machinery, such as excavators, cranes, and mechanical arms. The arm cylinder plays a crucial role in hydraulic systems, [&hellip;]<\/p>","protected":false},"featured_media":14772,"comment_status":"open","ping_status":"closed","template":"","meta":{"_et_pb_use_builder":"","_et_pb_old_content":"","_et_gb_content_width":""},"product_brand":[],"product_cat":[1497],"product_tag":[1498,1496],"class_list":{"0":"post-16400","1":"product","2":"type-product","3":"status-publish","4":"has-post-thumbnail","6":"product_cat-arm-cylinders","7":"product_tag-arm-cylinders","8":"product_tag-hydraulic-cylinders","10":"first","11":"instock","12":"shipping-taxable","13":"product-type-simple"},"amp_enabled":true,"_links":{"self":[{"href":"https:\/\/www.hydraulic-cylinders.net\/lt\/wp-json\/wp\/v2\/product\/16400","targetHints":{"allow":["GET"]}}],"collection":[{"href":"https:\/\/www.hydraulic-cylinders.net\/lt\/wp-json\/wp\/v2\/product"}],"about":[{"href":"https:\/\/www.hydraulic-cylinders.net\/lt\/wp-json\/wp\/v2\/types\/product"}],"replies":[{"embeddable":true,"href":"https:\/\/www.hydraulic-cylinders.net\/lt\/wp-json\/wp\/v2\/comments?post=16400"}],"wp:featuredmedia":[{"embeddable":true,"href":"https:\/\/www.hydraulic-cylinders.net\/lt\/wp-json\/wp\/v2\/media\/14772"}],"wp:attachment":[{"href":"https:\/\/www.hydraulic-cylinders.net\/lt\/wp-json\/wp\/v2\/media?parent=16400"}],"wp:term":[{"taxonomy":"product_brand","embeddable":true,"href":"https:\/\/www.hydraulic-cylinders.net\/lt\/wp-json\/wp\/v2\/product_brand?post=16400"},{"taxonomy":"product_cat","embeddable":true,"href":"https:\/\/www.hydraulic-cylinders.net\/lt\/wp-json\/wp\/v2\/product_cat?post=16400"},{"taxonomy":"product_tag","embeddable":true,"href":"https:\/\/www.hydraulic-cylinders.net\/lt\/wp-json\/wp\/v2\/product_tag?post=16400"}],"curies":[{"name":"wp","href":"https:\/\/api.w.org\/{rel}","templated":true}]}}