{"id":16405,"date":"2025-01-20T09:12:53","date_gmt":"2025-01-20T09:12:53","guid":{"rendered":"https:\/\/www.hydraulic-cylinders.net\/product\/arm-cylinderfor-xcmg-large-excavator-xe335c\/"},"modified":"2025-01-20T09:12:55","modified_gmt":"2025-01-20T09:12:55","slug":"arm-cylinderfor-xcmg-large-excavator-xe335c","status":"publish","type":"product","link":"https:\/\/www.hydraulic-cylinders.net\/lt\/produktas\/arm-cylinderfor-xcmg-large-excavator-xe335c\/","title":{"rendered":"XCMG didelio ekskavatoriaus XE335C rankos cilindras"},"content":{"rendered":"<h2>XCMG didelio ekskavatoriaus XE335C rankos cilindras<\/h2>\n<p>XCMG didelio ekskavatoriaus XE335C svirties cilindras yra specializuotas hidraulinis cilindras, skirtas u\u017etikrinti tiesin\u012f jud\u0117jim\u0105 ir gali\u0105 \u012fvairi\u0173 tip\u0173 ma\u0161in\u0173, toki\u0173 kaip ekskavatoriai, kranai ir robotin\u0117s svirtys, svir\u010diai. Svirties cilindras atlieka pagrindin\u012f vaidmen\u012f hidraulin\u0117se sistemose, nes leid\u017eia efektyviai jud\u0117ti ir valdyti papildomus \u012frankius ar priedus. \u0160ie cilindrai ne tik u\u017etikrina skland\u0173 jud\u0117jim\u0105, bet ir atlaiko dideles apkrovas, u\u017etikrindami efektyv\u0173 ma\u0161inos veikim\u0105 ir patikimum\u0105 \u012fvairiomis darbo s\u0105lygomis.<\/p>\n<p><img decoding=\"async\" src=\"https:\/\/www.hydraulic-cylinders.net\/wp-content\/uploads\/2025\/01\/songte-company-2.webp\" alt=\"Svirties cilindras\" \/><\/p>\n<h2>Svirties cilindro savyb\u0117s<\/h2>\n<h3>1. Didelio efektyvumo pavara<\/h3>\n<p>Svirties cilindras u\u017etikrina galing\u0105 tiesin\u012f judes\u012f ir j\u0117g\u0105, u\u017etikrindamas auk\u0161t\u0105 ma\u0161inos svirties na\u0161um\u0105 atliekant \u012fvairias operacijas.<\/p>\n<h3>2. Tikslus valdymas<\/h3>\n<p>Hidraulin\u0117s sistemos d\u0117ka svirties cilindras leid\u017eia tiksliai valdyti judes\u012f, tod\u0117l pritvirtint\u0173 \u012franki\u0173 valdymas tampa lankstesnis ir tikslesnis.<\/p>\n<h3>3. Didelis patvarumas<\/h3>\n<p>Svirtinis cilindras paprastai gaminamas i\u0161 didelio stiprumo med\u017eiag\u0173, kurios pasi\u017eymi puikiu atsparumu dilimui ir korozijai, tod\u0117l tinka ilgalaikiam naudojimui at\u0161iauriomis s\u0105lygomis.<\/p>\n<h3>4. Universalus prisitaikymas<\/h3>\n<p>\u0160ie cilindrai gali b\u016bti pla\u010diai naudojami \u012fvairi\u0173 tip\u0173 ma\u0161in\u0173 \u012frangoje, pavyzd\u017eiui, ekskavatoriuose, kranuose ir robot\u0173 rankenose, kad b\u016bt\u0173 patenkinti skirtingi darbo reikalavimai.<\/p>\n<h3>5. Lengva prie\u017ei\u016bra<\/h3>\n<p>Sukurtas atsi\u017evelgiant \u012f paprast\u0105 prie\u017ei\u016br\u0105 ir keitim\u0105, svirties cilindras palengvina patogias reguliarias patikras ir technin\u0119 prie\u017ei\u016br\u0105, taip suma\u017einant \u012frangos prastovas.<\/p>\n<p><img decoding=\"async\" src=\"https:\/\/www.hydraulic-cylinders.net\/wp-content\/uploads\/2025\/01\/songte-oil-pipes-and-spare-parts.webp\" alt=\"Hidraulinis cilindras\" \/><\/p>\n<h2>Svirties cilindro pritaikymas<\/h2>\n<p>Svirtinis cilindras taikomas \u012fvairiose pramon\u0117s \u0161akose ir scenarijuose:<\/p>\n<h3>1. Statybos in\u017einerija<\/h3>\n<p>Ekskavatoriuose ir kranuose svirties cilindras valdo kau\u0161\u0173 arba str\u0117li\u0173 jud\u0117jim\u0105 atliekant \u017eem\u0117s darbus, med\u017eiag\u0173 tvarkym\u0105 ir konstrukcij\u0173 montavim\u0105.<\/p>\n<h3>2. Gamyba<\/h3>\n<p>Automatizuotose gamybos linijose rankos cilindras leid\u017eia judinti robotines rankas surinkimo, suvirinimo ir med\u017eiag\u0173 tvarkymo procesuose, taip padidindamas gamybos efektyvum\u0105 ir tikslum\u0105.<\/p>\n<h3>3. \u017dem\u0117s \u016bkio technika<\/h3>\n<p>\u017dem\u0117s \u016bkio \u012frangoje, tokioje kaip derliaus nu\u0117mimo ma\u0161inos ir s\u0117jamosios, svirties cilindras valdo valdymo svir\u010di\u0173 judes\u012f atliekant tokias u\u017eduotis kaip sodinimas, tr\u0119\u0161imas ir derliaus nu\u0117mimas.<\/p>\n<h3>4. Kasyba<\/h3>\n<p>Kasybos \u012frangoje svirties cilindras valdo kasybos ma\u0161in\u0173 svir\u010di\u0173 jud\u0117jim\u0105 r\u016bdos gavybai ir transportavimui.<\/p>\n<h3>5. Logistika ir transportas<\/h3>\n<p>\u0160akiniuose krautuvuose ir robotuose svirties cilindras valdo \u0161aki\u0173 k\u0117lim\u0105 ir jud\u0117jim\u0105, taip \u012fgalindamas med\u017eiag\u0173 tvarkym\u0105 ir krovim\u0105.<\/p>\n<p><img decoding=\"async\" src=\"https:\/\/www.hydraulic-cylinders.net\/wp-content\/uploads\/2025\/01\/songte-cylinder-head-with-all-kinds-excavator-models.webp\" alt=\"Svirties cilindro pritaikymas\" \/><\/p>\n<h2>Projektavimo aspektai ir atrankos kriterijai<\/h2>\n<p>Projektuojant ir renkantis cilindro formos ranken\u0105, reikia atsi\u017evelgti \u012f kelis veiksnius:<\/p>\n<h3>1. Apkrovos paj\u0117gumas<\/h3>\n<p>Svirties cilindras turi b\u016bti suprojektuotas taip, kad atlaikyt\u0173 numatomas apkrovas ir j\u0117gas, su kuriomis susiduriama konkre\u010dioje naudojimo srityje.<\/p>\n<h3>2. Sandarinimo galimyb\u0117s<\/h3>\n<p>Siekiant u\u017etikrinti efektyv\u0173 sandarinim\u0105 ir i\u0161vengti nuot\u0117kio, tur\u0117t\u0173 b\u016bti naudojami \u012fvair\u016bs sandarinimo komponentai, tokie kaip st\u016bmokli\u0173 ir kot\u0173 sandarikliai, pagaminti i\u0161 atspari\u0173 dilimui med\u017eiag\u0173, toki\u0173 kaip poliuretanas ir nitrilo kau\u010diukas.<\/p>\n<h3>3. Patvarumas<\/h3>\n<p>Cilindro konstrukcija, \u012fskaitant cilindro korpuso ir sriegini\u0173 gal\u0173 pavir\u0161iaus apdorojim\u0105, tur\u0117t\u0173 b\u016bti kruop\u0161\u010diai apdorota, kad padid\u0117t\u0173 atsparumas dilimui ir pailg\u0117t\u0173 jo tarnavimo laikas.<\/p>\n<h3>4. Saugumas<\/h3>\n<p>Svirtinis cilindras turi atitikti saugos standartus ir tur\u0117ti saugos funkcijas, kad b\u016bt\u0173 i\u0161vengta nelaiming\u0173 atsitikim\u0173 eksploatavimo metu.<\/p>\n<h3>5. Prie\u017ei\u016bra<\/h3>\n<p>Projektuojant reik\u0117t\u0173 atsi\u017evelgti \u012f lengv\u0105 technin\u0119 prie\u017ei\u016br\u0105 ir remont\u0105, kad b\u016bt\u0173 patogu patikrinti, sutepti ir pakeisti komponentus.<\/p>\n<p><img decoding=\"async\" src=\"https:\/\/www.hydraulic-cylinders.net\/wp-content\/uploads\/2025\/01\/songte-chushion-collar.webp\" alt=\"Svirties cilindro konstrukcija\" \/><\/p>\n<h2>Sandarinimas ir tepimas<\/h2>\n<p>Svirtiniame cilindre naudojami \u012fvair\u016bs sandarinimo elementai, tokie kaip st\u016bmokli\u0173 ir kot\u0173 sandarikliai, pagaminti i\u0161 atspari\u0173 dilimui med\u017eiag\u0173, toki\u0173 kaip poliuretanas ir nitrilo kau\u010diukas. Cilindro korpusas ir srieginiai galai yra kruop\u0161\u010diai apdorojami, siekiant pagerinti atsparum\u0105 dilimui. Norint u\u017etikrinti skland\u0173 veikim\u0105 ir pailginti cilindro tarnavimo laik\u0105, reikia reguliariai tepti tinkamu hidraulin\u0117s alyvos kiekiu.<\/p>\n<h2>Reguliarus patikrinimas ir prevencin\u0117 prie\u017ei\u016bra<\/h2>\n<ul>\n<li>Reguliariai tikrinkite svirties cilindr\u0105, ar n\u0117ra susid\u0117v\u0117jimo, nuot\u0117kio ar pa\u017eeidimo po\u017eymi\u0173.<\/li>\n<li>Patikrinkite hidraulinio skys\u010dio lyg\u012f ir kokyb\u0119, kad u\u017etikrintum\u0117te tinkam\u0105 tepim\u0105 ir \u0161var\u0105.<\/li>\n<li>Atlikite \u012fprastinius technin\u0117s prie\u017ei\u016bros darbus, tokius kaip komponent\u0173 valymas, tepimas ir priver\u017eimas.<\/li>\n<li>Nedelsdami pakeiskite susid\u0117v\u0117jusius sandariklius ir pa\u017eeistas dalis, kad i\u0161vengtum\u0117te tolesni\u0173 pa\u017eeidim\u0173 ar gedim\u0173.<\/li>\n<li>Laikykit\u0117s gamintojo rekomendacij\u0173 ir prevencin\u0117s prie\u017ei\u016bros nurodym\u0173.<\/li>\n<\/ul>\n<h2>Produkto diegimo vadovas<\/h2>\n<p>Tinkamas svirties cilindro montavimas yra labai svarbus jo veikimui ir ilgaam\u017ei\u0161kumui. Atlikite toliau nurodytus veiksmus:<\/p>\n<ol>\n<li>\u012esitikinkite, kad ekskavatorius arba mechanizmas yra i\u0161jungtas, o hidraulin\u0117je sistemoje n\u0117ra sl\u0117gio.<\/li>\n<li>Tvirtai pritvirtinkite svirties cilindr\u0105 prie numatyt\u0173 tvirtinimo ta\u0161k\u0173 ant mechanizmo, laikydamiesi gamintojo nurodym\u0173.<\/li>\n<li>Priver\u017ekite visas jungtis ir tvirtinimo elementus nurodytu sukimo momentu.<\/li>\n<li>Prijunkite hidraulines \u017earnas ir jungiam\u0105sias detales, u\u017etikrindami tinkam\u0105 sulygiavim\u0105 ir sandarum\u0105.<\/li>\n<li>Pripildykite hidraulin\u0119 sistem\u0105 rekomenduojamu hidrauliniu skys\u010diu.<\/li>\n<li>Prie\u0161 naudodami atlikite i\u0161sam\u0173 ma\u0161inos patikrinim\u0105, kad \u012fsitikintum\u0117te, jog ji tinkamai sumontuota ir veikia.<\/li>\n<\/ol>\n<p><img decoding=\"async\" src=\"https:\/\/www.hydraulic-cylinders.net\/wp-content\/uploads\/2025\/01\/songte-bushings-with-all-kinds-of-excavator-models.webp\" alt=\"Svirties cilindro montavimas\" \/><\/p>\n<h2>Saugos aspektai ir aplinkos veiksniai<\/h2>\n<p>Naudojant svirties cilindr\u0105, labai svarbu teikti pirmenyb\u0119 saugos priemon\u0117ms, siekiant i\u0161vengti nelaiming\u0173 atsitikim\u0173 ir u\u017etikrinti operatori\u0173 bei aplinkini\u0173 asmen\u0173 gerov\u0119. Labai svarbu laikytis saugos protokol\u0173 ir taisykli\u0173. Be to, reikia atsi\u017evelgti \u012f aplinkos veiksnius, kad b\u016bt\u0173 su\u0161velnintas bet koks neigiamas ma\u0161inos veikimo poveikis.<\/p>\n<h2>Gedim\u0173 diagnostika ir da\u017eniausios problemos<\/h2>\n<p>Nors svirties cilindras yra patikimas, gali kilti tam tikr\u0173 gedim\u0173 ir problem\u0173. Kai kurios da\u017eniausios problemos:<\/p>\n<ul>\n<li>Nuot\u0117kis i\u0161 sandarikli\u0173 ar jung\u010di\u0173<\/li>\n<li>L\u0117tas arba nepakankamas rankos judesys<\/li>\n<li>Ne\u012fprastas triuk\u0161mas veikimo metu<\/li>\n<li>Nenuoseklus arba tr\u016bk\u010diojantis judesys<\/li>\n<li>Nesugeb\u0117jimas i\u0161laikyti ar i\u0161laikyti pozicijos<\/li>\n<\/ul>\n<p>Susid\u016brus su \u0161iomis problemomis, vadovaukit\u0117s \u0161iais patarimais ir sprendimais:<\/p>\n<ul>\n<li>Patikrinkite sandariklius ir jungtis, ar n\u0117ra pa\u017eeidim\u0173 ar susid\u0117v\u0117jimo, ir prireikus pakeiskite.<\/li>\n<li>Patikrinkite hidraulinio skys\u010dio lyg\u012f ir kokyb\u0119, prireikus papildykite arba pakeiskite.<\/li>\n<li>U\u017etikrinkite tinkam\u0105 cilindro ir susijusi\u0173 komponent\u0173 sulygiavim\u0105 ir sureguliavim\u0105.<\/li>\n<li>Sutepkite judan\u010dias dalis ir patikrinkite, ar n\u0117ra kli\u016b\u010di\u0173 ar \u0161iuk\u0161li\u0173, trukdan\u010di\u0173 svirties jud\u0117jimui.<\/li>\n<li>Jei problemos i\u0161lieka, kreipkit\u0117s \u012f profesional\u0173 specialist\u0105 arba susisiekite su gamintoju, kad gautum\u0117te daugiau pagalbos.<\/li>\n<\/ul>\n<p><img decoding=\"async\" src=\"https:\/\/www.hydraulic-cylinders.net\/wp-content\/uploads\/2025\/01\/songte-chushion-collar.webp\" alt=\"Svirties cilindro gedim\u0173 diagnostika\" \/><\/p>\n<p>Autorius: lyl<\/p>\n<h2>Apie m\u016bs\u0173 \u012fmon\u0119<\/h2>\n<p>Esame profesionalus pakaitini\u0173 hidraulini\u0173 cilindr\u0173 gamintojas, si\u016blantis plat\u0173 gamini\u0173 asortiment\u0105. Tapome vienu i\u0161 pirmaujan\u010di\u0173 hidraulini\u0173 cilindr\u0173 gamintoj\u0173 ir didmenini\u0173 platintoj\u0173 tiek vidaus, tiek tarptautin\u0117se rinkose. M\u016bs\u0173 \u012fsipareigojimas siekti meistri\u0161kumo grind\u017eiamas industrializuotomis gamybos valdymo strategijomis m\u016bs\u0173 patobulintose gamybos dirbtuv\u0117se, nuolat tobulinant technologin\u012f lyg\u012f ir gamyb\u0105.<\/p>","protected":false},"excerpt":{"rendered":"<p>Arm CylinderFor XCMG Large Excavator XE335C The Arm Cylinder for XCMG Large Excavator XE335C is a specialized hydraulic cylinder designed to provide linear motion and power to the arm of various types of machinery, such as excavators, cranes, and robotic arms. The arm cylinder plays a key role in hydraulic systems, enabling the efficient movement [&hellip;]<\/p>","protected":false},"featured_media":14786,"comment_status":"open","ping_status":"closed","template":"","meta":{"_et_pb_use_builder":"","_et_pb_old_content":"","_et_gb_content_width":""},"product_brand":[],"product_cat":[1497],"product_tag":[1498,1496],"class_list":{"0":"post-16405","1":"product","2":"type-product","3":"status-publish","4":"has-post-thumbnail","6":"product_cat-arm-cylinders","7":"product_tag-arm-cylinders","8":"product_tag-hydraulic-cylinders","10":"first","11":"instock","12":"shipping-taxable","13":"product-type-simple"},"amp_enabled":true,"_links":{"self":[{"href":"https:\/\/www.hydraulic-cylinders.net\/lt\/wp-json\/wp\/v2\/product\/16405","targetHints":{"allow":["GET"]}}],"collection":[{"href":"https:\/\/www.hydraulic-cylinders.net\/lt\/wp-json\/wp\/v2\/product"}],"about":[{"href":"https:\/\/www.hydraulic-cylinders.net\/lt\/wp-json\/wp\/v2\/types\/product"}],"replies":[{"embeddable":true,"href":"https:\/\/www.hydraulic-cylinders.net\/lt\/wp-json\/wp\/v2\/comments?post=16405"}],"wp:featuredmedia":[{"embeddable":true,"href":"https:\/\/www.hydraulic-cylinders.net\/lt\/wp-json\/wp\/v2\/media\/14786"}],"wp:attachment":[{"href":"https:\/\/www.hydraulic-cylinders.net\/lt\/wp-json\/wp\/v2\/media?parent=16405"}],"wp:term":[{"taxonomy":"product_brand","embeddable":true,"href":"https:\/\/www.hydraulic-cylinders.net\/lt\/wp-json\/wp\/v2\/product_brand?post=16405"},{"taxonomy":"product_cat","embeddable":true,"href":"https:\/\/www.hydraulic-cylinders.net\/lt\/wp-json\/wp\/v2\/product_cat?post=16405"},{"taxonomy":"product_tag","embeddable":true,"href":"https:\/\/www.hydraulic-cylinders.net\/lt\/wp-json\/wp\/v2\/product_tag?post=16405"}],"curies":[{"name":"wp","href":"https:\/\/api.w.org\/{rel}","templated":true}]}}