{"id":16409,"date":"2025-01-20T09:13:16","date_gmt":"2025-01-20T09:13:16","guid":{"rendered":"https:\/\/www.hydraulic-cylinders.net\/product\/arm-cylinderfor-xcmg-large-excavator-xe370ca\/"},"modified":"2025-01-20T09:13:18","modified_gmt":"2025-01-20T09:13:18","slug":"arm-cylinderfor-xcmg-large-excavator-xe370ca","status":"publish","type":"product","link":"https:\/\/www.hydraulic-cylinders.net\/lt\/produktas\/arm-cylinderfor-xcmg-large-excavator-xe370ca\/","title":{"rendered":"XCMG didelio ekskavatoriaus XE370CA rankos cilindras"},"content":{"rendered":"<p>XCMG didelio ekskavatoriaus XE370CA rankos cilindras<\/p>\n<p>Svirties cilindras yra specialiai suprojektuotas hidraulinis cilindras, kuris pirmiausia naudojamas linijiniam judesiui ir galiai u\u017etikrinti \u012fvairi\u0173 tip\u0173 ma\u0161in\u0173, toki\u0173 kaip ekskavatoriai, kranai ir mechanin\u0117s svirtys, svirtims. Svirties cilindrai atlieka labai svarb\u0173 vaidmen\u012f hidraulin\u0117se sistemose, nes leid\u017eia efektyviai jud\u0117ti ir valdyti papildomus \u012frankius ar priedus. \u0160ie cilindrai ne tik u\u017etikrina skland\u0173 jud\u0117jim\u0105, bet ir atlaiko dideles apkrovas, u\u017etikrindami efektyv\u0173 ma\u0161in\u0173 veikim\u0105 ir patikimum\u0105 \u012fvairiomis darbo s\u0105lygomis.<\/p>\n<p><img decoding=\"async\" src=\"https:\/\/www.hydraulic-cylinders.net\/wp-content\/uploads\/2025\/01\/songte-company-2.webp\" alt=\"Svirties cilindras\" \/><\/p>\n<p>Svirtinio cilindro savyb\u0117s:<\/p>\n<p>1. Didelio efektyvumo pavara: Svir\u010di\u0173 cilindrai u\u017etikrina galing\u0105 tiesin\u012f judes\u012f ir j\u0117g\u0105, u\u017etikrindami didel\u012f mechanini\u0173 svir\u010di\u0173 efektyvum\u0105 atliekant \u012fvairias operacijas.<br \/>\n2. Tikslus valdymas: Svirtiniai cilindrai gali tiksliai valdyti judes\u012f per hidraulines sistemas, tod\u0117l papildom\u0173 \u012franki\u0173 valdymas tampa lankstesnis ir tikslesnis.<br \/>\n3. Didelis patvarumas: Svirtiniai cilindrai paprastai gaminami i\u0161 didelio stiprumo med\u017eiag\u0173, kurios pasi\u017eymi geru atsparumu dilimui ir korozijai, tod\u0117l tinka ilgalaikiam naudojimui at\u0161iauriomis s\u0105lygomis.<br \/>\n4. Daugiafunkcinis pritaikomumas: \u0160ie cilindrai gali b\u016bti pla\u010diai pritaikomi \u012fvairi\u0173 tip\u0173 ma\u0161inoms, tokioms kaip ekskavatoriai, kranai ir mechanin\u0117s rankenos, prisitaikant prie skirting\u0173 darbo reikalavim\u0173.<br \/>\n5. Lengva prie\u017ei\u016bra: Sukurti taip, kad b\u016bt\u0173 lengva pri\u017ei\u016br\u0117ti ir keisti, svirties cilindrai leid\u017eia patogiau reguliariai tikrinti ir pri\u017ei\u016br\u0117ti, taip suma\u017einant \u012frangos prastovas.<\/p>\n<p>M\u016bs\u0173 gaminys gali puikiai pakeisti \u0161iuos hidraulinius cilindrus.<\/p>\n<p><img decoding=\"async\" src=\"https:\/\/www.hydraulic-cylinders.net\/wp-content\/uploads\/2025\/01\/songte-oil-pipes-and-spare-parts.webp\" alt=\"Atsargin\u0117s dalys\" \/><\/p>\n<p>Rankinio cilindro pritaikymas:<\/p>\n<p>1. Pastat\u0173 statyba: Ekskavatoriuose ir kranuose str\u0117li\u0173 cilindrai naudojami kastuv\u0173 arba str\u0117li\u0173 jud\u0117jimui valdyti atliekant \u017eem\u0117s darbus, med\u017eiag\u0173 tvarkym\u0105 ir konstrukcij\u0173 montavim\u0105.<br \/>\n2. Gamybos pramon\u0117: Automatizuotose gamybos linijose ranken\u0173 cilindrai naudojami mechanin\u0117ms rankenoms judinti surinkimo, suvirinimo ir tvarkymo procesuose, taip pagerinant gamybos efektyvum\u0105 ir tikslum\u0105.<br \/>\n3. \u017dem\u0117s \u016bkio technika: \u017dem\u0117s \u016bkio technikoje, pavyzd\u017eiui, derliaus nu\u0117mimo ir sodinimo ma\u0161inose, svir\u010di\u0173 cilindrai valdo valdymo svir\u010di\u0173 jud\u0117jim\u0105, atlikdami tokias u\u017eduotis kaip sodinimas, tr\u0119\u0161imas ir derliaus nu\u0117mimas.<br \/>\n4. Kasyba: Kasybos \u012frangoje svir\u010di\u0173 cilindrai naudojami kasybos \u012frangos svir\u010di\u0173 jud\u0117jimui valdyti r\u016bdos kasybai ir tvarkymui.<br \/>\n5. Logistika ir transportavimas: \u0160akiniuose krautuvuose ir krovini\u0173 krovimo robotuose ranken\u0173 cilindrai naudojami \u0161aki\u0173 k\u0117limui ir jud\u0117jimui valdyti, u\u017etikrinant med\u017eiag\u0173 tvarkym\u0105 ir krovim\u0105.<\/p>\n<p>Projektavimo aspektai ir atrankos kriterijai:<\/p>\n<p>1. Apkrovos paj\u0117gumas: Svirties cilindrai turi atlaikyti maksimali\u0105 apkrov\u0105, su kuria jie susidurs eksploatacijos metu.<br \/>\n2. Sandarinimo charakteristikos: Svirtiniai cilindrai tur\u0117t\u0173 b\u016bti apr\u016bpinti \u012fvairiais sandarinimo komponentais, tokiais kaip st\u016bmokli\u0173 ir stryp\u0173 sandarikliai, pagaminti i\u0161 atspari\u0173 dilimui med\u017eiag\u0173, toki\u0173 kaip poliuretanas ir nitrilo kau\u010diukas, u\u017etikrinant puik\u0173 sandarum\u0105.<br \/>\n3. Patvarumas: Svirtiniai cilindrai tur\u0117t\u0173 b\u016bti pagaminti i\u0161 didelio stiprumo med\u017eiag\u0173 ir apdoroti pavir\u0161i\u0173, kad b\u016bt\u0173 pagerintas atsparumas dilimui ir korozijai.<br \/>\n4. Sauga: Svirtiniai cilindrai turi b\u016bti suprojektuoti taip, kad b\u016bt\u0173 i\u0161vengta nelaiming\u0173 atsitikim\u0173 ir u\u017etikrintas operatoriaus saugumas darbo metu.<br \/>\n5. Prie\u017ei\u016bra: Svirtiniai cilindrai tur\u0117t\u0173 b\u016bti suprojektuoti taip, kad juos b\u016bt\u0173 lengva pri\u017ei\u016br\u0117ti ir pakeisti, taip suma\u017einant \u012frangos prastovas ir prie\u017ei\u016bros i\u0161laidas.<\/p>\n<p><img decoding=\"async\" src=\"https:\/\/www.hydraulic-cylinders.net\/wp-content\/uploads\/2025\/01\/songte-cylinder-head-with-all-kinds-excavator-models.webp\" alt=\"Cilindro galvut\u0117\" \/><\/p>\n<p>Svirties cilindro sandarinimas ir tepimas:<\/p>\n<p>Svirtiniai cilindrai tur\u0117t\u0173 b\u016bti apr\u016bpinti \u012fvairiais sandarinimo komponentais, tokiais kaip st\u016bmokli\u0173 ir kot\u0173 sandarikliai, pagaminti i\u0161 atspari\u0173 dilimui med\u017eiag\u0173, toki\u0173 kaip poliuretanas ir nitrilo kau\u010diukas, u\u017etikrinant puik\u0173 sandarum\u0105. Cilindr\u0173 korpusai ir sriegi\u0173 pavir\u0161iai tur\u0117t\u0173 b\u016bti apdorojami, kad b\u016bt\u0173 padidintas atsparumas dilimui. Svirtinius cilindrus reikia reguliariai tepti tinkamu hidraulin\u0117s alyvos kiekiu.<\/p>\n<p>Reguliarios patikros ir prevencin\u0117s prie\u017ei\u016bros priemon\u0117s:<\/p>\n<p>1. Patikrinkite, ar svirties cilindras n\u0117ra sandarus ar pa\u017eeistas, ir laiku pakeiskite pa\u017eeistas dalis.<br \/>\n2. Reguliariai valykite svirties cilindr\u0105 ir keiskite hidraulin\u0119 alyv\u0105 pagal gamintojo rekomendacijas.<br \/>\n3. Patikrinkite hidraulin\u0117s alyvos lyg\u012f ir laiku j\u0105 papildykite.<br \/>\n4. Reguliariai tikrinkite tarpiklius ir prireikus juos pakeiskite.<br \/>\n5. Reguliariai tikrinkite cilindro korpus\u0105 ir st\u016bmoklio kot\u0105, ar jie n\u0117ra deformuoti ar pa\u017eeisti, ir prireikus juos pakeiskite.<\/p>\n<p>Teisingos diegimo instrukcijos:<\/p>\n<p>1. Prie\u0161 montuodami atid\u017eiai perskaitykite gamintojo pateiktas montavimo instrukcijas.<br \/>\n2. Patikrinkite svirties cilindro suderinamum\u0105 su montuojama \u012franga ir \u012fsitikinkite, kad montavimo pad\u0117tis yra teisinga.<br \/>\n3. Svirties cilindrui sumontuoti naudokite tinkamus \u012frankius ir \u012frang\u0105 ir \u012fsitikinkite, kad visi tvirtinimo var\u017etai priver\u017eti iki nurodyto sukimo momento.<br \/>\n4. \u012edieg\u0119 patikrinkite, ar svirties cilindras nepraleid\u017eia vandens, ir atlikite bandom\u0105j\u012f paleidim\u0105, kad \u012fsitikintum\u0117te, jog svirties cilindras veikia efektyviai.<\/p>\n<p><img decoding=\"async\" src=\"https:\/\/www.hydraulic-cylinders.net\/wp-content\/uploads\/2025\/01\/songte-bushings-with-all-kinds-of-excavator-models.webp\" alt=\"\u012evor\u0117s\" \/><\/p>\n<p>Saugos aspektai ir aplinkos veiksniai:<\/p>\n<p>Saugos priemon\u0117s yra b\u016btinos valdant svirtinius cilindrus, siekiant u\u017etikrinti operatoriaus saug\u0105. Taip pat reikia atsi\u017evelgti \u012f aplinkos veiksnius, tokius kaip temperat\u016bra, dr\u0117gm\u0117 ir dulk\u0117s, siekiant u\u017etikrinti tinkam\u0105 svirtini\u0173 cilindr\u0173 veikim\u0105.<\/p>\n<p>Da\u017ena gedim\u0173 diagnostika ir trik\u010di\u0173 \u0161alinimas:<\/p>\n<p>1. Hidraulin\u0117s alyvos nuot\u0117kis: patikrinkite sandarinimo komponentus ir, jei reikia, pakeiskite juos.<br \/>\n2. Nepakankama galia: patikrinkite hidraulin\u0119 sistem\u0105 ir pakeiskite pa\u017eeistas dalis.<br \/>\n3. Nenormalus triuk\u0161mas: patikrinkite, ar n\u0117ra mechanini\u0173 pa\u017eeidim\u0173 ar deformacij\u0173, ir pakeiskite pa\u017eeistas dalis.<br \/>\n4. L\u0117tas jud\u0117jimas: patikrinkite hidraulin\u0119 sistem\u0105 ir pakeiskite pa\u017eeistas dalis.<br \/>\n5. Neteisingas veikimas: patikrinkite naudojimo instrukcij\u0105 ir \u012fsitikinkite, kad veikia tinkamai.<\/p>\n<p>Trik\u010di\u0173 \u0161alinimo patarimai ir sprendimai:<\/p>\n<p>1. Patikrinkite hidraulin\u0117s alyvos nuot\u0117k\u012f, patikrinkite sandarinimo komponentus ir, jei reikia, pakeiskite juos.<br \/>\n2. Jei galios nepakanka, patikrinkite hidraulin\u0119 sistem\u0105 ir pakeiskite pa\u017eeistas dalis.<br \/>\n3. Jei girdite ne\u012fprast\u0105 triuk\u0161m\u0105, patikrinkite, ar n\u0117ra mechanini\u0173 pa\u017eeidim\u0173 ar deformacij\u0173, ir pakeiskite pa\u017eeistas dalis.<br \/>\n4. Jei judama l\u0117tai, patikrinkite hidraulin\u0119 sistem\u0105 ir pakeiskite pa\u017eeistas dalis.<br \/>\n5. Jei \u012frenginys veikia netinkamai, patikrinkite naudojimo instrukcij\u0105 ir \u012fsitikinkite, kad \u012frenginys veikia tinkamai.<\/p>\n<p><img decoding=\"async\" src=\"https:\/\/www.hydraulic-cylinders.net\/wp-content\/uploads\/2025\/01\/songte-chushion-collar.webp\" alt=\"\u0160luost\u0117s apykakl\u0117\" \/><\/p>\n<p>Esame profesionalus pakaitini\u0173 hidraulini\u0173 cilindr\u0173 gamintojas, si\u016blantis plat\u0173 gamini\u0173 asortiment\u0105, ir tapome vienu i\u0161 pirmaujan\u010di\u0173 hidraulini\u0173 cilindr\u0173 gamintoj\u0173 ir didmenini\u0173 platintoj\u0173 vidaus ir tarptautin\u0117se rinkose. Visada laikom\u0117s puikios kokyb\u0117s principo, pasitelkiame industrializuotas gamybos valdymo strategijas sud\u0117tingose \u200b\u200bgamybos dirbtuv\u0117se, nuolat tobuliname savo technin\u012f lyg\u012f ir gamybos efektyvum\u0105. Diegdami auk\u0161\u010diausios klas\u0117s skaitmenin\u0119 gamybos \u012frang\u0105 ir profesionalias testavimo sistemas, nuolat optimizuojame gamybos platform\u0105, tobuliname gamini\u0173 kokyb\u0117s kontrol\u0117s procesus ir turime stiprias inovacij\u0173 galimybes. M\u016bs\u0173 tikslas \u2013 patenkinti \u012fvairius klient\u0173 poreikius, taikant didelio efektyvumo, tikslumo ir auk\u0161tos kokyb\u0117s principus.<\/p>\n<p>M\u016bs\u0173 \u012fmon\u0117 teikia profesionalias paslaugas, tokias kaip pritaikymas, gamybos \u012franga ir aptarnavimas po pardavimo.<\/p>\n<p><img decoding=\"async\" src=\"https:\/\/www.hydraulic-cylinders.net\/wp-content\/uploads\/2025\/01\/songte-company-4.webp\" alt=\"\u012emon\u0117\" \/><br \/>\n<img decoding=\"async\" src=\"https:\/\/www.hydraulic-cylinders.net\/wp-content\/uploads\/2025\/01\/songte-company-3.webp\" alt=\"\u012emon\u0117\" \/><\/p>\n<p>Autorius: lyl<\/p>","protected":false},"excerpt":{"rendered":"<p>Arm Cylinder for XCMG Large Excavator XE370CA Arm cylinder is a specially designed hydraulic cylinder that is primarily used to provide linear motion and power to arms of various types of machinery such as excavators, cranes, and mechanical arms. Arm cylinders play a crucial role in hydraulic systems, allowing additional tools or attachments to move [&hellip;]<\/p>","protected":false},"featured_media":14774,"comment_status":"open","ping_status":"closed","template":"","meta":{"_et_pb_use_builder":"","_et_pb_old_content":"","_et_gb_content_width":""},"product_brand":[],"product_cat":[1497],"product_tag":[1498,1496],"class_list":{"0":"post-16409","1":"product","2":"type-product","3":"status-publish","4":"has-post-thumbnail","6":"product_cat-arm-cylinders","7":"product_tag-arm-cylinders","8":"product_tag-hydraulic-cylinders","10":"first","11":"instock","12":"shipping-taxable","13":"product-type-simple"},"amp_enabled":true,"_links":{"self":[{"href":"https:\/\/www.hydraulic-cylinders.net\/lt\/wp-json\/wp\/v2\/product\/16409","targetHints":{"allow":["GET"]}}],"collection":[{"href":"https:\/\/www.hydraulic-cylinders.net\/lt\/wp-json\/wp\/v2\/product"}],"about":[{"href":"https:\/\/www.hydraulic-cylinders.net\/lt\/wp-json\/wp\/v2\/types\/product"}],"replies":[{"embeddable":true,"href":"https:\/\/www.hydraulic-cylinders.net\/lt\/wp-json\/wp\/v2\/comments?post=16409"}],"wp:featuredmedia":[{"embeddable":true,"href":"https:\/\/www.hydraulic-cylinders.net\/lt\/wp-json\/wp\/v2\/media\/14774"}],"wp:attachment":[{"href":"https:\/\/www.hydraulic-cylinders.net\/lt\/wp-json\/wp\/v2\/media?parent=16409"}],"wp:term":[{"taxonomy":"product_brand","embeddable":true,"href":"https:\/\/www.hydraulic-cylinders.net\/lt\/wp-json\/wp\/v2\/product_brand?post=16409"},{"taxonomy":"product_cat","embeddable":true,"href":"https:\/\/www.hydraulic-cylinders.net\/lt\/wp-json\/wp\/v2\/product_cat?post=16409"},{"taxonomy":"product_tag","embeddable":true,"href":"https:\/\/www.hydraulic-cylinders.net\/lt\/wp-json\/wp\/v2\/product_tag?post=16409"}],"curies":[{"name":"wp","href":"https:\/\/api.w.org\/{rel}","templated":true}]}}