{"id":16411,"date":"2025-01-20T09:13:23","date_gmt":"2025-01-20T09:13:23","guid":{"rendered":"https:\/\/www.hydraulic-cylinders.net\/product\/arm-cylinderfor-xcmg-large-excavator-xe500m\/"},"modified":"2025-01-20T09:13:25","modified_gmt":"2025-01-20T09:13:25","slug":"arm-cylinderfor-xcmg-large-excavator-xe500m","status":"publish","type":"product","link":"https:\/\/www.hydraulic-cylinders.net\/lt\/produktas\/arm-cylinderfor-xcmg-large-excavator-xe500m\/","title":{"rendered":"XCMG didelio ekskavatoriaus XE500M rankos cilindras"},"content":{"rendered":"<p>XCMG didelio ekskavatoriaus XE500M rankos cilindras<\/p>\n<p>\u012evadas:<br \/>\nSvirties cilindras yra specialiai suprojektuotas hidraulinis cilindras, u\u017etikrinantis tiesin\u012f jud\u0117jim\u0105 ir gali\u0105 \u012fvairi\u0173 tip\u0173 ma\u0161in\u0173, toki\u0173 kaip ekskavatoriai, kranai ir robotin\u0117s rankos, svir\u010diai. Svirties cilindrai atlieka labai svarb\u0173 vaidmen\u012f hidraulin\u0117se sistemose, nes leid\u017eia pritvirtinamiems \u012frankiams ar priedams jud\u0117ti ir b\u016bti efektyviai valdomiems. \u0160ie cilindrai ne tik u\u017etikrina skland\u0173 jud\u0117jim\u0105, bet ir atlaiko dideles apkrovas, u\u017etikrindami efektyv\u0173 ma\u0161in\u0173 veikim\u0105 ir patikimum\u0105 \u012fvairiomis darbo s\u0105lygomis.<\/p>\n<p><img decoding=\"async\" src=\"https:\/\/www.hydraulic-cylinders.net\/wp-content\/uploads\/2025\/01\/songte-company-2.webp\"><\/p>\n<p>Savyb\u0117s:<br \/>\n1. Efektyvus galios perdavimas: rankos cilindras u\u017etikrina stipr\u0173 tiesin\u012f judes\u012f ir j\u0117g\u0105, u\u017etikrindamas auk\u0161t\u0105 robotin\u0117s rankos na\u0161um\u0105 atliekant \u012fvairias operacijas.<br \/>\n2. Tikslus valdymas: Hidraulin\u0117s sistemos d\u0117ka rankos cilindras gali tiksliai valdyti judes\u012f, tod\u0117l pritvirtinimo \u012franki\u0173 veikimas tampa lankstesnis ir tikslesnis.<br \/>\n3. Didelis patvarumas: Svirtiniai cilindrai paprastai gaminami i\u0161 didelio stiprumo med\u017eiag\u0173, pasi\u017eymi geru atsparumu dilimui ir korozijai, tod\u0117l tinka ilgalaikiam naudojimui at\u0161iauriomis s\u0105lygomis.<br \/>\n4. Daugiafunkcis pritaikomumas: \u0160ie cilindrai gali b\u016bti pla\u010diai naudojami \u012fvairiuose mechaniniuose \u012frenginiuose, tokiuose kaip ekskavatoriai, kranai ir robotin\u0117s rankos, prisitaikant prie skirting\u0173 darbo reikalavim\u0173.<br \/>\n5. Lengva prie\u017ei\u016bra: Svirtini\u0173 cilindr\u0173 konstrukcija u\u017etikrina lengv\u0105 prie\u017ei\u016br\u0105 ir keitim\u0105, tod\u0117l reguliari ap\u017ei\u016bra ir prie\u017ei\u016bra yra patogesn\u0117, o \u012frangos prastova sutrump\u0117ja.<\/p>\n<p><img decoding=\"async\" src=\"https:\/\/www.hydraulic-cylinders.net\/wp-content\/uploads\/2025\/01\/songte-oil-pipes-and-spare-parts.webp\"><\/p>\n<p>Parai\u0161kos:<br \/>\n1. Statybos in\u017einerija: Svirties cilindrai naudojami ekskavatoriaus ir krano ekskavatoriaus arba str\u0117l\u0117s jud\u0117jimui valdyti atliekant \u017eem\u0117s darbus, med\u017eiag\u0173 tvarkym\u0105 ir konstrukcij\u0173 montavim\u0105.<br \/>\n2. Gamyba: Automatizuotose gamybos linijose ranken\u0173 cilindrai naudojami robot\u0173 rankenoms judinti, surinkimo, suvirinimo ir tvarkymo procesams, taip pagerinant gamybos efektyvum\u0105 ir tikslum\u0105.<br \/>\n3. \u017dem\u0117s \u016bkio technika: \u017dem\u0117s \u016bkio technikoje, pavyzd\u017eiui, derliaus nu\u0117mimo ir sodinimo ma\u0161inose, svir\u010di\u0173 cilindrai valdo darbini\u0173 svir\u010di\u0173 jud\u0117jim\u0105, atlikdami tokias u\u017eduotis kaip s\u0117ja, tr\u0119\u0161imas ir derliaus nu\u0117mimas.<br \/>\n4. Kasyba: Kasybos \u012frangoje svirties cilindrai naudojami kasybos \u012frangos svirties jud\u0117jimui valdyti, kasybai ir med\u017eiag\u0173 tvarkymui.<br \/>\n5. Logistika ir transportavimas: \u0160akiniuose krautuvuose ir tvarkymo robotuose ranken\u0173 cilindrai naudojami \u0161aki\u0173 k\u0117limui ir jud\u0117jimui valdyti, med\u017eiagoms tvarkyti ir krauti.<\/p>\n<p>Projektavimo aspektai ir atrankos kriterijai:<br \/>\n1. Apkrova: Svirtiniai cilindrai yra sukurti taip, kad atlaikyt\u0173 dideles apkrovas ir u\u017etikrint\u0173 patikim\u0105 j\u0117gos perdavim\u0105.<br \/>\n2. Sandarinimas: Cilindro sandarumui u\u017etikrinti naudojami \u012fvair\u016bs sandarinimo elementai, tokie kaip st\u016bmokliniai sandarikliai ir stryp\u0173 sandarikliai, o sandarinimo elementams parenkamos poliuretano arba nitrilo gumos med\u017eiagos, pasi\u017eymin\u010dios dideliu atsparumu dilimui.<br \/>\n3. Patvarumas: Cilindro korpusas ir srieginis galinis pavir\u0161ius yra tiksliai apdoroti, siekiant pagerinti atsparum\u0105 dilimui, atsparum\u0105 korozijai ir pailginti tarnavimo laik\u0105.<br \/>\n4. Saugumas: Svirtiniai cilindrai turi apsauginius vo\u017etuvus, kurie apsaugo nuo perkrovos ir u\u017etikrina saug\u0173 veikim\u0105.<br \/>\n5. Prie\u017ei\u016bra: Svirtiniai cilindrai yra suprojektuoti taip, kad juos b\u016bt\u0173 lengva pri\u017ei\u016br\u0117ti ir pakeisti, taip sutrumpinant prie\u017ei\u016bros laik\u0105 ir i\u0161laidas.<\/p>\n<p><img decoding=\"async\" src=\"https:\/\/www.hydraulic-cylinders.net\/wp-content\/uploads\/2025\/01\/songte-cylinder-head-with-all-kinds-excavator-models.webp\"><\/p>\n<p>Sandarinimas ir tepimas:<br \/>\nSvirtiniuose cilindruose naudojami \u012fvair\u016bs sandarinimo elementai, tokie kaip st\u016bmokli\u0173 sandarikliai, stryp\u0173 sandarikliai ir valytuvai, siekiant i\u0161vengti hidraulin\u0117s alyvos nuot\u0117kio ir u\u017etikrinti skland\u0173 cilindro veikim\u0105. Sandarinimo elementams pasirinkta med\u017eiaga \u2013 poliuretanas arba nitrilo kau\u010diukas, pasi\u017eymintis dideliu atsparumu dilimui. Cilindro korpusas ir srieginis galinis pavir\u0161ius yra tiksliai apdirbti, siekiant pagerinti atsparum\u0105 dilimui ir korozijai. Norint u\u017etikrinti cilindro sutepim\u0105, reikia reguliariai \u012fpilti reikiam\u0105 kiek\u012f hidraulin\u0117s alyvos.<\/p>\n<p>Reguliarus patikrinimas ir profilaktin\u0117 prie\u017ei\u016bra:<br \/>\n1. Reguliarus patikrinimas: rekomenduojama reguliariai tikrinti cilindr\u0105, ar n\u0117ra susid\u0117v\u0117jimo ar pa\u017eeidimo po\u017eymi\u0173, pvz., \u012fbr\u0117\u017eim\u0173, \u012ftr\u016bkim\u0173 ar alyvos nuot\u0117kio.<br \/>\n2. Profilaktin\u0117 prie\u017ei\u016bra: rekomenduojama reguliariai keisti sandarinimo elementus ir hidraulin\u0119 alyv\u0105, kad b\u016bt\u0173 u\u017etikrintas cilindro sandarumas ir tepimas.<\/p>\n<p><img decoding=\"async\" src=\"https:\/\/www.hydraulic-cylinders.net\/wp-content\/uploads\/2025\/01\/songte-chushion-collar.webp\"><\/p>\n<p>Produkto \u012frengimo gair\u0117s:<br \/>\n1. Prie\u0161 montuodami atid\u017eiai perskaitykite montavimo instrukcijas.<br \/>\n2. \u012estatykite cilindr\u0105 tinkama kryptimi ir orientacija.<br \/>\n3. \u012esitikinkite, kad visos jungtys yra tinkamai priver\u017etos ir u\u017esandarintos.<br \/>\n4. \u012esitikinkite, kad cilindras netrukdo kitai \u012frangai.<br \/>\n5. Po montavimo patikrinkite cilindr\u0105, kad \u012fsitikintum\u0117te, jog jis veikia tinkamai.<\/p>\n<p>Saugos aspektai ir aplinkos veiksniai:<br \/>\n1. Naudojant svirtinius cilindrus, svarbu laikytis saugos priemoni\u0173, nes jie susij\u0119 su sunkiosiomis ma\u0161inomis ir auk\u0161to sl\u0117gio hidraulin\u0117mis sistemomis. Darbuotojams tur\u0117t\u0173 b\u016bti suteikta tinkama instrukta\u017ea ir suteikta saugos \u012franga.<br \/>\n2. Svirtiniai cilindrai tur\u0117t\u0173 b\u016bti naudojami ir laikomi tinkamoje aplinkoje, kad b\u016bt\u0173 i\u0161vengta auk\u0161tos temperat\u016bros, dr\u0117gm\u0117s ar \u0117sdinan\u010di\u0173 med\u017eiag\u0173 poveikio.<\/p>\n<p>Trik\u010di\u0173 \u0161alinimas ir da\u017eniausiai pasitaikan\u010dios problemos:<br \/>\n1. Alyvos nuot\u0117kis: patikrinkite, ar sandarinimo elementai ir alyvos kanalas nepa\u017eeisti ir neu\u017esikim\u0161\u0119. Pakeiskite pa\u017eeistus arba susid\u0117v\u0117jusius sandarinimo elementus ir i\u0161valykite alyvos kanal\u0105.<br \/>\n2. L\u0117tas arba nestabilus jud\u0117jimas: patikrinkite, ar hidraulin\u0117je sistemoje n\u0117ra nepakankamo alyvos tiekimo ar sl\u0117gio, ar n\u0117ra u\u017esikim\u0161imo alyvos kanale. Jei reikia, suremontuokite arba pakeiskite hidraulin\u012f siurbl\u012f arba vo\u017etuv\u0105.<br \/>\n3. Nenormalus triuk\u0161mas: patikrinkite, ar cilindras nepa\u017eeistas, nenusid\u0117v\u0117j\u0119s, ar hidraulin\u0117je sistemoje n\u0117ra oro. Pakeiskite pa\u017eeistas arba susid\u0117v\u0117jusias dalis ir i\u0161leiskite or\u0105 i\u0161 hidraulin\u0117s sistemos.<\/p>\n<p>Produkto gamyba:<br \/>\nEsame profesionalus pakaitini\u0173 hidraulini\u0173 cilindr\u0173 gamintojas, si\u016blantis plat\u0173 gamini\u0173 asortiment\u0105. Tapome vienu i\u0161 pirmaujan\u010di\u0173 hidraulini\u0173 cilindr\u0173 gamintoj\u0173 ir didmenini\u0173 platintoj\u0173 tiek vidaus, tiek tarptautin\u0117je rinkose. Visada laikom\u0117s puikios kokyb\u0117s principo ir nuolat tobuliname savo technologijas bei gamybos efektyvum\u0105. \u012ediegdami auk\u0161\u010diausios klas\u0117s skaitmenin\u0119 gamybos \u012frang\u0105 ir profesionalias testavimo sistemas, optimizuojame savo gamybos platform\u0105 ir tobuliname gamini\u0173 kokyb\u0117s kontrol\u0117s proces\u0105, pasitelkdami stiprias inovacij\u0173 galimybes. M\u016bs\u0173 tikslas \u2013 patenkinti \u012fvairius klient\u0173 poreikius, teikiant didelio efektyvumo, tikslumo ir auk\u0161tos kokyb\u0117s gaminius.<\/p>\n<p><img decoding=\"async\" src=\"https:\/\/www.hydraulic-cylinders.net\/wp-content\/uploads\/2025\/01\/songte-company-4.webp\"><br \/>\n<img decoding=\"async\" src=\"https:\/\/www.hydraulic-cylinders.net\/wp-content\/uploads\/2025\/01\/songte-company-3.webp\"><\/p>\n<p>\u012emon\u0117s pristatymas:<br \/>\n1. Profesionalumas: Turime profesionali\u0105 komand\u0105, turin\u010di\u0105 didel\u0119 patirt\u012f hidraulini\u0173 cilindr\u0173 pramon\u0117je, kad klientams gal\u0117tume teikti individualias paslaugas.<br \/>\n2. Tarptautinis sertifikavimas: M\u016bs\u0173 gaminiai yra sertifikuoti pagal ISO 9001: 2015 standart\u0105 ir yra eksportuojami \u012f daugel\u012f pasaulio \u0161ali\u0173 ir region\u0173.<br \/>\n3. Individualios paslaugos: Hidraulinius cilindrus galime pritaikyti pagal konkre\u010dius klient\u0173 reikalavimus, suteikdami jiems plat\u0173 pasirinkimo spektr\u0105.<br \/>\n4. Gamybos \u012franga: Turime pa\u017eangi\u0105 gamybos \u012frang\u0105, \u012fskaitant CNC stakles, automatinio suvirinimo aparatus ir automatines da\u017eymo linijas, kad u\u017etikrintume efektyvi\u0105 ir auk\u0161tos kokyb\u0117s gamyb\u0105.<br \/>\n5. Aptarnavimas po pardavimo: Turime profesionali\u0105 aptarnavimo po pardavimo komand\u0105, kuri klientams teikia savalaikes ir efektyvias paslaugas, \u012fskaitant technin\u0119 pagalb\u0105, diegimo instrukcijas ir prie\u017ei\u016bros paslaugas.<\/p>\n<p>Autorius: lyl<\/p>","protected":false},"excerpt":{"rendered":"<p>Arm Cylinder for XCMG Large Excavator XE500M Introduction: Arm cylinder is a specially designed hydraulic cylinder that provides linear motion and power to the arm of various types of machinery such as excavators, cranes, and robotic arms. Arm cylinders play a crucial role in hydraulic systems, allowing attachment tools or accessories to move and be [&hellip;]<\/p>","protected":false},"featured_media":14770,"comment_status":"open","ping_status":"closed","template":"","meta":{"_et_pb_use_builder":"","_et_pb_old_content":"","_et_gb_content_width":""},"product_brand":[],"product_cat":[1497],"product_tag":[1498,1496],"class_list":{"0":"post-16411","1":"product","2":"type-product","3":"status-publish","4":"has-post-thumbnail","6":"product_cat-arm-cylinders","7":"product_tag-arm-cylinders","8":"product_tag-hydraulic-cylinders","10":"first","11":"instock","12":"shipping-taxable","13":"product-type-simple"},"amp_enabled":true,"_links":{"self":[{"href":"https:\/\/www.hydraulic-cylinders.net\/lt\/wp-json\/wp\/v2\/product\/16411","targetHints":{"allow":["GET"]}}],"collection":[{"href":"https:\/\/www.hydraulic-cylinders.net\/lt\/wp-json\/wp\/v2\/product"}],"about":[{"href":"https:\/\/www.hydraulic-cylinders.net\/lt\/wp-json\/wp\/v2\/types\/product"}],"replies":[{"embeddable":true,"href":"https:\/\/www.hydraulic-cylinders.net\/lt\/wp-json\/wp\/v2\/comments?post=16411"}],"wp:featuredmedia":[{"embeddable":true,"href":"https:\/\/www.hydraulic-cylinders.net\/lt\/wp-json\/wp\/v2\/media\/14770"}],"wp:attachment":[{"href":"https:\/\/www.hydraulic-cylinders.net\/lt\/wp-json\/wp\/v2\/media?parent=16411"}],"wp:term":[{"taxonomy":"product_brand","embeddable":true,"href":"https:\/\/www.hydraulic-cylinders.net\/lt\/wp-json\/wp\/v2\/product_brand?post=16411"},{"taxonomy":"product_cat","embeddable":true,"href":"https:\/\/www.hydraulic-cylinders.net\/lt\/wp-json\/wp\/v2\/product_cat?post=16411"},{"taxonomy":"product_tag","embeddable":true,"href":"https:\/\/www.hydraulic-cylinders.net\/lt\/wp-json\/wp\/v2\/product_tag?post=16411"}],"curies":[{"name":"wp","href":"https:\/\/api.w.org\/{rel}","templated":true}]}}