{"id":16413,"date":"2025-01-20T09:13:31","date_gmt":"2025-01-20T09:13:31","guid":{"rendered":"https:\/\/www.hydraulic-cylinders.net\/product\/arm-cylinderfor-xcmg-large-excavator-xe470c\/"},"modified":"2025-01-20T09:13:38","modified_gmt":"2025-01-20T09:13:38","slug":"arm-cylinderfor-xcmg-large-excavator-xe470c","status":"publish","type":"product","link":"https:\/\/www.hydraulic-cylinders.net\/lt\/produktas\/arm-cylinderfor-xcmg-large-excavator-xe470c\/","title":{"rendered":"XCMG didelio ekskavatoriaus XE470C rankos cilindras"},"content":{"rendered":"<h1>XCMG didelio ekskavatoriaus XE470C rankos cilindras<\/h1>\n<h2>\u012evadas<\/h2>\n<p>Svirties cilindras yra specialiai suprojektuotas hidraulinis cilindras, u\u017etikrinantis tiesin\u012f jud\u0117jim\u0105 ir gali\u0105 \u012fvairi\u0173 ma\u0161in\u0173, toki\u0173 kaip ekskavatoriai, kranai ir robotin\u0117s svirtys, svir\u010diai. Jis atlieka labai svarb\u0173 vaidmen\u012f hidraulin\u0117se sistemose, nes leid\u017eia priedams ar priedams jud\u0117ti ir b\u016bti efektyviai valdomiems. \u0160ie cilindrai ne tik u\u017etikrina skland\u0173 jud\u0117jim\u0105, bet ir atlaiko dideles apkrovas, u\u017etikrindami efektyv\u0173 ma\u0161in\u0173 veikim\u0105 ir patikimum\u0105 \u012fvairiomis darbo s\u0105lygomis.<\/p>\n<p><img decoding=\"async\" src=\"https:\/\/www.hydraulic-cylinders.net\/wp-content\/uploads\/2025\/01\/songte-company-2.webp\" alt=\"Svirties cilindro vaizdas\"><\/p>\n<h2>Savyb\u0117s<\/h2>\n<ul>\n<li>Didelio efektyvumo transmisija: Svirties cilindras u\u017etikrina galing\u0105 tiesin\u012f judes\u012f ir j\u0117g\u0105, u\u017etikrindamas auk\u0161t\u0105 mechanin\u0117s svirties na\u0161um\u0105 atliekant \u012fvairias operacijas.<\/li>\n<li>Tikslus valdymas: Hidraulin\u0117s sistemos d\u0117ka svirties cilindras leid\u017eia tiksliai valdyti judesius, tod\u0117l pried\u0173 valdymas tampa lankstesnis ir tikslesnis.<\/li>\n<li>Patvarumas: Svirtiniai cilindrai paprastai gaminami i\u0161 didelio stiprumo med\u017eiag\u0173, kurios pasi\u017eymi puikiu atsparumu dilimui ir korozijai, tod\u0117l tinka ilgalaikiam naudojimui at\u0161iauriomis s\u0105lygomis.<\/li>\n<li>Daugiafunkcis pritaikomumas: \u0160ie cilindrai gali b\u016bti pla\u010diai naudojami \u012fvairiose ma\u0161inose, tokiose kaip ekskavatoriai, kranai ir robotin\u0117s rankos, prisitaikant prie skirting\u0173 darbo reikalavim\u0173.<\/li>\n<li>Lengva prie\u017ei\u016bra: Projektuojant atsi\u017evelgiama \u012f paprast\u0105 prie\u017ei\u016br\u0105 ir keitim\u0105, tod\u0117l reguliari ap\u017ei\u016bra ir technin\u0117 prie\u017ei\u016bra yra patog\u016bs, o \u012frangos prastovos laikas sutrump\u0117ja.<\/li>\n<\/ul>\n<p><img decoding=\"async\" src=\"https:\/\/www.hydraulic-cylinders.net\/wp-content\/uploads\/2025\/01\/songte-oil-pipes-and-spare-parts.webp\" alt=\"Produkto vaizdas\"><\/p>\n<h2>Parai\u0161kos<\/h2>\n<p>Svirtinis cilindras naudojamas \u012fvairiose pramon\u0117s \u0161akose:<\/p>\n<h3>1. Statybos in\u017einerija<\/h3>\n<p>Ekskavatoriuose ir kranuose str\u0117l\u0117s cilindras valdo kau\u0161\u0173 arba str\u0117li\u0173 jud\u0117jim\u0105 atliekant \u017eem\u0117s darbus, med\u017eiag\u0173 tvarkym\u0105 ir konstrukcinius \u012frenginius.<\/p>\n<h3>2. Gamybos pramon\u0117<\/h3>\n<p>Automatizuotose gamybos linijose rankos cilindras naudojamas robotin\u0117ms rankoms judinti, \u012fgalinant tokius procesus kaip surinkimas, suvirinimas ir med\u017eiag\u0173 tvarkymas, taip pagerinant gamybos efektyvum\u0105 ir tikslum\u0105.<\/p>\n<h3>3. \u017dem\u0117s \u016bkio technika<\/h3>\n<p>\u017dem\u0117s \u016bkio \u012frangoje, tokioje kaip derliaus nu\u0117mimo ma\u0161inos ir s\u0117jamosios, svirties cilindras valdo valdymo svir\u010di\u0173 jud\u0117jim\u0105 atliekant tokias u\u017eduotis kaip s\u0117ja, tr\u0119\u0161imas ir derliaus nu\u0117mimas.<\/p>\n<h3>4. Kasyba<\/h3>\n<p>Kasybos \u012frangoje svirties cilindras valdo kasybos ma\u0161in\u0173 svirties jud\u0117jim\u0105, leisdamas i\u0161gauti ir transportuoti r\u016bdas.<\/p>\n<h3>5. Logistika ir transportas<\/h3>\n<p>\u0160akiniuose krautuvuose ir krovini\u0173 krovimo robotuose svirties cilindras valdo \u0161aki\u0173 k\u0117lim\u0105 ir jud\u0117jim\u0105, palengvindamas med\u017eiag\u0173 tvarkym\u0105 ir krovim\u0105.<\/p>\n<p><img decoding=\"async\" src=\"https:\/\/www.hydraulic-cylinders.net\/wp-content\/uploads\/2025\/01\/songte-cylinder-head-with-all-kinds-excavator-models.webp\" alt=\"Produkto vaizdas\"><\/p>\n<h2>Projektavimo aspektai ir atrankos kriterijai<\/h2>\n<ul>\n<li>Guoli\u0173 geba: Svirties cilindro geb\u0117jimas atlaikyti apkrovas yra labai svarbus projektavimo aspektas.<\/li>\n<li>Sandarinimas: Siekiant u\u017etikrinti efektyv\u0173 sandarinim\u0105, naudojami \u012fvair\u016bs sandarinimo elementai, tokie kaip st\u016bmokli\u0173 ir kot\u0173 sandarikliai. Tokios med\u017eiagos kaip poliuretanas ir nitrilo kau\u010diukas parenkamos d\u0117l j\u0173 atsparumo dilimui.<\/li>\n<li>Patvarumas: Cilindro korpusas ir srieginiai galai yra kruop\u0161\u010diai apdorojami, siekiant pagerinti atsparum\u0105 dilimui.<\/li>\n<li>Sauga: Projektuojant atsi\u017evelgiama \u012f saugos funkcijas, skirtas i\u0161vengti nelaiming\u0173 atsitikim\u0173 ir u\u017etikrinti operatoriaus apsaug\u0105.<\/li>\n<li>Prie\u017ei\u016bra: Svirties cilindras suprojektuotas taip, kad j\u012f b\u016bt\u0173 lengva pri\u017ei\u016br\u0117ti ir reguliariai tepti hidrauline alyva.<\/li>\n<\/ul>\n<p><img decoding=\"async\" src=\"https:\/\/www.hydraulic-cylinders.net\/wp-content\/uploads\/2025\/01\/songte-chushion-collar.webp\" alt=\"Produkto vaizdas\"><\/p>\n<h2>Reguliarus patikrinimas ir prevencin\u0117 prie\u017ei\u016bra<\/h2>\n<ul>\n<li>Reguliariai tikrinkite svirties cilindr\u0105, ar n\u0117ra susid\u0117v\u0117jimo, nuot\u0117kio ar pa\u017eeidim\u0173 po\u017eymi\u0173.<\/li>\n<li>U\u017etikrinkite tinkam\u0105 cilindro sutepim\u0105 ir keiskite hidraulin\u0119 alyv\u0105 rekomenduojamais intervalais.<\/li>\n<li>Priver\u017ekite visas atsilaisvinusias jungtis ir patikrinkite, ar jos tinkamai suderintos.<\/li>\n<li>Patikrinkite ir prireikus pakeiskite susid\u0117v\u0117jusius sandariklius ir kitus komponentus.<\/li>\n<\/ul>\n<h2>Produkto diegimo vadovas<\/h2>\n<p>Nor\u0117dami tinkamai sumontuoti cilindro svirt\u012f, atlikite \u0161iuos veiksmus:<\/p>\n<ol>\n<li>\u012esitikinkite, kad mechanizmas yra i\u0161jungtas ir i\u0161leistas visas hidraulinis sl\u0117gis.<\/li>\n<li>Atjunkite sen\u0105 svirties cilindr\u0105, atsargiai nuimdami visus priedus ar jungtis.<\/li>\n<li>\u012estatykite nauj\u0105 svirties cilindr\u0105, tinkamai j\u012f sulygiuodami su tvirtinimo ta\u0161kais.<\/li>\n<li>Tvirtai priver\u017ekite visas jungtis.<\/li>\n<li>Patikrinkite, ar judama skland\u017eiai, ir atlikite bandom\u0105j\u012f va\u017eiavim\u0105.<\/li>\n<\/ol>\n<p><img decoding=\"async\" src=\"https:\/\/www.hydraulic-cylinders.net\/wp-content\/uploads\/2025\/01\/songte-bushings-with-all-kinds-of-excavator-models.webp\" alt=\"Produkto vaizdas\"><\/p>\n<h2>Saugos aspektai ir aplinkos veiksniai<\/h2>\n<p>Naudojant svirties cilindr\u0105, b\u016btina laikytis tinkam\u0173 saugos priemoni\u0173, kad b\u016bt\u0173 i\u0161vengta nelaiming\u0173 atsitikim\u0173 ir u\u017etikrinta operatori\u0173 bei aplinkos gerov\u0117. Labai svarbu naudoti tinkam\u0105 saugos \u012frang\u0105 ir laikytis pramon\u0117s taisykli\u0173.<\/p>\n<h2>Trik\u010di\u0173 \u0161alinimas ir da\u017eniausiai pasitaikan\u010dios problemos<\/h2>\n<p>Kai kurios da\u017eniausios su ranken\u0173 cilindrais susijusios problemos yra \u0161ios:<\/p>\n<ul>\n<li>Hidraulinio skys\u010dio nuot\u0117kis<\/li>\n<li>Nepakankamas arba netolygus rankos judesys<\/li>\n<li>Per didelis triuk\u0161mas eksploatacijos metu<\/li>\n<li>Nereaguojantys arba tr\u016bk\u010diojantys judesiai<\/li>\n<\/ul>\n<p>Nor\u0117dami i\u0161spr\u0119sti \u0161ias problemas:<\/p>\n<ul>\n<li>Patikrinkite ir suremontuokite visus pa\u017eeistus sandariklius ar komponentus, d\u0117l kuri\u0173 nutek\u0117jo skystis.<\/li>\n<li>Patikrinkite hidraulinio skys\u010dio lyg\u012f ir palaikykite j\u012f rekomenduojamame diapazone.<\/li>\n<li>Patikrinkite hidraulin\u0119 sistem\u0105 ir svirties cilindr\u0105, ar n\u0117ra nesuderinamumo ar pa\u017eeidim\u0173.<\/li>\n<li>U\u017etikrinkite tinkam\u0105 sutepim\u0105 ir patikrinkite, ar n\u0117ra kli\u016b\u010di\u0173 ar mechanini\u0173 problem\u0173, trukdan\u010di\u0173 skland\u017eiai jud\u0117ti.<\/li>\n<\/ul>\n<p><img decoding=\"async\" src=\"https:\/\/www.hydraulic-cylinders.net\/wp-content\/uploads\/2025\/01\/songte-chushion-collar.webp\" alt=\"Produkto vaizdas\"><\/p>\n<p>Autorius: lyl<\/p>\n<h2>Apie mus<\/h2>\n<p>Esame profesionalus pakaitini\u0173 hidraulini\u0173 cilindr\u0173 gamintojas, si\u016blantis plat\u0173 gamini\u0173 asortiment\u0105. Tapome vienu i\u0161 pirmaujan\u010di\u0173 hidraulini\u0173 cilindr\u0173 gamintoj\u0173 ir didmenini\u0173 platintoj\u0173 tiek vidaus, tiek tarptautin\u0117se rinkose. Vadovaudamiesi auk\u0161\u010diausios kokyb\u0117s principu, nuolat tobuliname savo technologijas ir gamybos efektyvum\u0105, taikydami tikslius gamybos procesus. \u012ediegdami pa\u017eangi\u0105 skaitmenin\u0119 gamybos \u012frang\u0105 ir profesionalias testavimo sistemas, optimizuojame savo gamybos platform\u0105 ir tobuliname gamini\u0173 kokyb\u0117s kontrol\u0117s procesus, demonstruodami savo stiprius inovacinius paj\u0117gumus. M\u016bs\u0173 tikslas \u2013 patenkinti \u012fvairius klient\u0173 poreikius efektyviai, tiksliai ir auk\u0161tos kokyb\u0117s produktais.<\/p>\n<p><img decoding=\"async\" src=\"https:\/\/www.hydraulic-cylinders.net\/wp-content\/uploads\/2025\/01\/songte-company-4.webp\" alt=\"\u012emon\u0117s \u012fvaizdis\"><br \/>\n<img decoding=\"async\" src=\"https:\/\/www.hydraulic-cylinders.net\/wp-content\/uploads\/2025\/01\/songte-company-3.webp\" alt=\"\u012emon\u0117s \u012fvaizdis\"><\/p>","protected":false},"excerpt":{"rendered":"<p>Arm Cylinder For XCMG Large Excavator XE470C Introduction The arm cylinder is a specially designed hydraulic cylinder that provides linear motion and power for the arm of various machinery, such as excavators, cranes, and robotic arms. It plays a crucial role in hydraulic systems, allowing attachments or accessories to move and be controlled effectively. These [&hellip;]<\/p>","protected":false},"featured_media":14763,"comment_status":"open","ping_status":"closed","template":"","meta":{"_et_pb_use_builder":"","_et_pb_old_content":"","_et_gb_content_width":""},"product_brand":[],"product_cat":[1497],"product_tag":[1498,1496],"class_list":{"0":"post-16413","1":"product","2":"type-product","3":"status-publish","4":"has-post-thumbnail","6":"product_cat-arm-cylinders","7":"product_tag-arm-cylinders","8":"product_tag-hydraulic-cylinders","10":"first","11":"instock","12":"shipping-taxable","13":"product-type-simple"},"amp_enabled":true,"_links":{"self":[{"href":"https:\/\/www.hydraulic-cylinders.net\/lt\/wp-json\/wp\/v2\/product\/16413","targetHints":{"allow":["GET"]}}],"collection":[{"href":"https:\/\/www.hydraulic-cylinders.net\/lt\/wp-json\/wp\/v2\/product"}],"about":[{"href":"https:\/\/www.hydraulic-cylinders.net\/lt\/wp-json\/wp\/v2\/types\/product"}],"replies":[{"embeddable":true,"href":"https:\/\/www.hydraulic-cylinders.net\/lt\/wp-json\/wp\/v2\/comments?post=16413"}],"wp:featuredmedia":[{"embeddable":true,"href":"https:\/\/www.hydraulic-cylinders.net\/lt\/wp-json\/wp\/v2\/media\/14763"}],"wp:attachment":[{"href":"https:\/\/www.hydraulic-cylinders.net\/lt\/wp-json\/wp\/v2\/media?parent=16413"}],"wp:term":[{"taxonomy":"product_brand","embeddable":true,"href":"https:\/\/www.hydraulic-cylinders.net\/lt\/wp-json\/wp\/v2\/product_brand?post=16413"},{"taxonomy":"product_cat","embeddable":true,"href":"https:\/\/www.hydraulic-cylinders.net\/lt\/wp-json\/wp\/v2\/product_cat?post=16413"},{"taxonomy":"product_tag","embeddable":true,"href":"https:\/\/www.hydraulic-cylinders.net\/lt\/wp-json\/wp\/v2\/product_tag?post=16413"}],"curies":[{"name":"wp","href":"https:\/\/api.w.org\/{rel}","templated":true}]}}