{"id":16420,"date":"2025-01-20T09:14:05","date_gmt":"2025-01-20T09:14:05","guid":{"rendered":"https:\/\/www.hydraulic-cylinders.net\/product\/arm-cylinderfor-zoomlion-small-excavator-ze60e\/"},"modified":"2025-01-20T09:14:07","modified_gmt":"2025-01-20T09:14:07","slug":"arm-cylinderfor-zoomlion-small-excavator-ze60e","status":"publish","type":"product","link":"https:\/\/www.hydraulic-cylinders.net\/lt\/produktas\/arm-cylinderfor-zoomlion-small-excavator-ze60e\/","title":{"rendered":"Zoomlion ma\u017eo ekskavatoriaus ZE60E rankenos cilindras"},"content":{"rendered":"<h2>Zoomlion ma\u017eo ekskavatoriaus ZE60E rankenos cilindras<\/h2>\n<h3>\u012evadas<\/h3>\n<p>Svirties cilindras yra specialiai sukurtas hidraulinis cilindras, daugiausia naudojamas linijiniam judesiui ir galiai u\u017etikrinti \u012fvairi\u0173 tip\u0173 ma\u0161in\u0173, toki\u0173 kaip ekskavatoriai, kranai ir robotin\u0117s svirtys, svir\u010diai. Jis atlieka pagrindin\u012f vaidmen\u012f hidraulin\u0117je sistemoje, nes leid\u017eia efektyviai jud\u0117ti ir valdyti papildomus \u012frankius ar priedus. \u0160ie cilindrai ne tik u\u017etikrina skland\u0173 jud\u0117jim\u0105, bet ir atlaiko dideles apkrovas, u\u017etikrindami efektyv\u0173 ma\u0161inos veikim\u0105 ir patikimum\u0105 \u012fvairiomis eksploatavimo s\u0105lygomis.<\/p>\n<p><img decoding=\"async\" src=\"https:\/\/www.hydraulic-cylinders.net\/wp-content\/uploads\/2025\/01\/songte-company-2.webp\" alt=\"Svirties cilindro vaizdas\"><\/p>\n<h3>Savyb\u0117s<\/h3>\n<ul>\n<li>Didelio efektyvumo galios perdavimas: Svirties cilindras u\u017etikrina galing\u0105 tiesin\u012f judes\u012f ir j\u0117g\u0105, u\u017etikrindamas efektyv\u0173 ma\u0161inos svirties veikim\u0105 atliekant \u012fvairias operacijas.<\/li>\n<li>Tikslus valdymas: Svirties cilindras gali tiksliai valdyti judes\u012f per hidraulin\u0119 sistem\u0105, tod\u0117l papildom\u0173 \u012franki\u0173 valdymas tampa lankstesnis ir tikslesnis.<\/li>\n<li>Patvarumas: Svirtiniai cilindrai paprastai gaminami i\u0161 didelio stiprumo med\u017eiag\u0173, pasi\u017eymin\u010di\u0173 geru atsparumu dilimui ir korozijai, tod\u0117l tinkami ilgalaikiam naudojimui at\u0161iauriomis s\u0105lygomis.<\/li>\n<li>Daugiafunkcis pritaikomumas: \u0160ie cilindrai gali b\u016bti pla\u010diai naudojami \u012fvairi\u0173 tip\u0173 ma\u0161inose, tokiose kaip ekskavatoriai, kranai ir robotin\u0117s rankos, prisitaikant prie skirting\u0173 darbo reikalavim\u0173.<\/li>\n<li>Lengva prie\u017ei\u016bra: konstrukcija skirta lengvam techniniam aptarnavimui ir pakeitimui, tod\u0117l reguliari ap\u017ei\u016bra ir prie\u017ei\u016bra yra patogesn\u0117, o \u012frangos prastovos laikas sutrump\u0117ja.<\/li>\n<\/ul>\n<p>Mes gaminame \u0161\u012f gamin\u012f, o m\u016bs\u0173 gaminiai puikiai pakei\u010dia \u0161iuos hidraulinius cilindrus.<\/p>\n<p><img decoding=\"async\" src=\"https:\/\/www.hydraulic-cylinders.net\/wp-content\/uploads\/2025\/01\/songte-oil-pipes-and-spare-parts.webp\" alt=\"Atsargini\u0173 dali\u0173 vaizdas\"><\/p>\n<h3>Parai\u0161kos<\/h3>\n<ul>\n<li>Statybos in\u017einerija: Ekskavatoriuose ir kranuose str\u0117l\u0117s cilindrai naudojami kau\u0161o arba str\u0117l\u0117s jud\u0117jimui valdyti, atliekant \u017eem\u0117s darbus, med\u017eiag\u0173 tvarkym\u0105 ir konstrukcij\u0173 montavim\u0105.<\/li>\n<li>Gamyba: Automatizuotose gamybos linijose ranken\u0173 cilindrai naudojami robot\u0173 rankenoms judinti, surinkimui, suvirinimui ir med\u017eiag\u0173 tvarkymui, taip pagerinant gamybos efektyvum\u0105 ir tikslum\u0105.<\/li>\n<li>\u017dem\u0117s \u016bkio technika: \u017dem\u0117s \u016bkio technikoje, pavyzd\u017eiui, derliaus nu\u0117mimo ir s\u0117jamosiose, svir\u010di\u0173 cilindrai valdo valdymo svir\u010di\u0173 jud\u0117jim\u0105, atlikdami tokias u\u017eduotis kaip s\u0117ja, tr\u0119\u0161imas ir derliaus nu\u0117mimas.<\/li>\n<li>Mining: In mining equipment, arm cylinders are used to control the movement of the mining equipment&#8217;s arms, for mining and material handling.<\/li>\n<li>Logistika ir transportas: \u0160akiniuose krautuvuose ir tvarkymo robotuose ranken\u0173 cilindrai naudojami \u0161aki\u0173 k\u0117limui ir jud\u0117jimui valdyti, med\u017eiagoms tvarkyti ir krauti.<\/li>\n<\/ul>\n<h3>Projektavimo aspektai ir atrankos kriterijai<\/h3>\n<ul>\n<li>Keliamoji galia: Svirties cilindro keliamoji galia turi b\u016bti pakankama, kad atlaikyt\u0173 apkrov\u0105 eksploatacijos metu.<\/li>\n<li>Sandarinimas: Siekiant i\u0161vengti hidraulin\u0117s alyvos nuot\u0117kio, reikia naudoti \u012fvairius sandarinimo komponentus, tokius kaip st\u016bmokli\u0173 ir stryp\u0173 sandarikliai.<\/li>\n<li>Patvarumas: Svirtiniai cilindrai paprastai yra veikiami at\u0161iauri\u0173 aplinkos s\u0105lyg\u0173, tod\u0117l jie turi b\u016bti pagaminti i\u0161 didelio stiprumo med\u017eiag\u0173, pasi\u017eymin\u010di\u0173 geru atsparumu dilimui ir korozijai.<\/li>\n<li>Sauga: Projektuojant reikia atsi\u017evelgti \u012f operatoriaus ir kit\u0173 \u0161alia \u012frangos dirban\u010di\u0173 asmen\u0173 saugum\u0105.<\/li>\n<li>Prie\u017ei\u016bra: konstrukcija tur\u0117t\u0173 b\u016bti patogi naudoti ir lengvai pri\u017ei\u016brima, o prireikus komponentus tur\u0117t\u0173 b\u016bti lengva pakeisti ir suremontuoti.<\/li>\n<\/ul>\n<p><img decoding=\"async\" src=\"https:\/\/www.hydraulic-cylinders.net\/wp-content\/uploads\/2025\/01\/songte-cylinder-head-with-all-kinds-excavator-models.webp\" alt=\"Cilindro galvut\u0117s vaizdas\"><\/p>\n<h3>Sandarinimas ir tepimas<\/h3>\n<p>Siekiant i\u0161vengti hidraulin\u0117s alyvos nuot\u0117kio, reikia naudoti \u012fvairius sandarinimo komponentus, tokius kaip st\u016bmokli\u0173 ir kot\u0173 sandarikliai. Da\u017enai naudojami sandarikliai, pagaminti i\u0161 atspari\u0173 dilimui med\u017eiag\u0173, toki\u0173 kaip poliuretanas ir nitrilo kau\u010diukas. Cilindro korpusas ir sriegio galo pavir\u0161ius turi b\u016bti kruop\u0161\u010diai apdirbti, kad b\u016bt\u0173 padidintas atsparumas dilimui. Norint u\u017etikrinti skland\u0173 jud\u0117jim\u0105 ir pailginti cilindro tarnavimo laik\u0105, b\u016btina reguliariai tepti hidrauline alyva.<\/p>\n<h3>Prie\u017ei\u016bra ir remontas<\/h3>\n<ul>\n<li>Reguliariai tikrinkite cilindr\u0105, ar n\u0117ra susid\u0117v\u0117jimo ir pa\u017eeidim\u0173.<\/li>\n<li>Prireikus pakeiskite sandariklius ir kitus susid\u0117v\u0117jusius komponentus.<\/li>\n<li>\u012esitikinkite, kad hidraulin\u0117 alyva yra \u0161vari ir jos lygis tinkamas.<\/li>\n<li>Follow the manufacturer&#8217;s instructions for disassembly and reassembly.<\/li>\n<\/ul>\n<p><img decoding=\"async\" src=\"https:\/\/www.hydraulic-cylinders.net\/wp-content\/uploads\/2025\/01\/songte-chushion-collar.webp\" alt=\"Chushion apykakl\u0117s vaizdas\"><\/p>\n<h3>Diegimo vadovas<\/h3>\n<p>Prie\u0161 montuodami \u012fsitikinkite, kad cilindras ir kita \u012franga yra \u0161var\u016bs ir be ne\u0161varum\u0173 bei \u0161iuk\u0161li\u0173. Atlikite \u0161iuos veiksmus:<\/p>\n<ol>\n<li>\u012estatykite cilindr\u0105 \u012f tinkam\u0105 pad\u0117t\u012f ir pritvirtinkite j\u012f atitinkamais tvirtinimo laikikliais arba kai\u0161\u010diais.<\/li>\n<li>Connect the hydraulic hoses and tubing properly according to the manufacturer&#8217;s instructions.<\/li>\n<li>Pripildykite hidraulin\u0119 sistem\u0105 rekomenduojama hidrauline alyva ir patikrinkite, ar n\u0117ra nuot\u0117ki\u0173.<\/li>\n<li>Patikrinkite cilindr\u0105, kad \u012fsitikintum\u0117te, jog jis veikia tinkamai ir skland\u017eiai.<\/li>\n<\/ol>\n<h3>Saugos aspektai ir aplinkos veiksniai<\/h3>\n<p>Naudojant svirties cilindr\u0105, b\u016btina laikytis saugos proced\u016br\u0173, kad b\u016bt\u0173 i\u0161vengta nelaiming\u0173 atsitikim\u0173 ir su\u017ealojim\u0173. Taip pat svarbu atsi\u017evelgti \u012f hidraulin\u0117s \u012frangos naudojimo poveik\u012f aplinkai ir imtis priemoni\u0173 jam suma\u017einti.<\/p>\n<h3>Trik\u010di\u0173 \u0161alinimas ir da\u017eniausios problemos<\/h3>\n<p>Da\u017eniausios su svirtiniais cilindrais susijusios problemos yra nuot\u0117kis, nepakankama galia ir netolygus jud\u0117jimas. Nor\u0117dami diagnozuoti ir pa\u0161alinti \u0161ias problemas, atlikite \u0161iuos veiksmus:<\/p>\n<ol>\n<li>Patikrinkite, ar n\u0117ra pa\u017eeist\u0173 ar susid\u0117v\u0117jusi\u0173 sandarikli\u0173 ir kit\u0173 komponent\u0173.<\/li>\n<li>\u012esitikinkite, kad hidraulinio skys\u010dio lygis yra tinkamas, ir patikrinkite, ar n\u0117ra u\u017eter\u0161tumo.<\/li>\n<li>Patikrinkite cilindr\u0105, ar n\u0117ra pa\u017eeidim\u0173 ar nesuderinamumo.<\/li>\n<li>Patikrinkite hidraulines \u017earnas ir vamzdelius, ar n\u0117ra pa\u017eeidim\u0173, u\u017esikim\u0161im\u0173 ar kit\u0173 problem\u0173.<\/li>\n<\/ol>\n<p>Norint i\u0161vengti problem\u0173, b\u016btina reguliariai atlikti svirties cilindro ir kitos hidraulin\u0117s \u012frangos technin\u0119 prie\u017ei\u016br\u0105 ir patikr\u0105.<\/p>\n<p><img decoding=\"async\" src=\"https:\/\/www.hydraulic-cylinders.net\/wp-content\/uploads\/2025\/01\/songte-bushings-with-all-kinds-of-excavator-models.webp\" alt=\"\u012evori\u0173 vaizdas\"><\/p>\n<h3>Apie mus<\/h3>\n<p>Esame profesionalus pakaitini\u0173 hidraulini\u0173 cilindr\u0173 gamintojas, si\u016blantis plat\u0173 gamini\u0173 asortiment\u0105. Tapome vienu i\u0161 pirmaujan\u010di\u0173 hidraulini\u0173 cilindr\u0173 gamintoj\u0173 ir didmenini\u0173 platintoj\u0173 vidaus ir tarptautin\u0117se rinkose. Visada laikom\u0117s puikios kokyb\u0117s principo, remdamiesi industrializuota gamybos valdymo strategija patobulintose gamybos dirbtuv\u0117se, kad nuolat tobulintume savo technin\u012f lyg\u012f ir gamybos efektyvum\u0105. M\u016bs\u0173 tikslas \u2013 patenkinti \u012fvairius klient\u0173 poreikius, taikant didelio efektyvumo, tikslumo ir auk\u0161tos kokyb\u0117s principus.<\/p>\n<h3>M\u016bs\u0173 paslaugos<\/h3>\n<ul>\n<li>Profesionalumas: Turime kvalifikuot\u0173 specialist\u0173 komand\u0105, turin\u010di\u0105 didel\u0119 patirt\u012f hidraulini\u0173 cilindr\u0173 pramon\u0117je.<\/li>\n<li>Tarptautinis sertifikatas: M\u016bs\u0173 gaminiai yra sertifikuoti pagal ISO9001, CE ir kitus tarptautinius standartus, u\u017etikrinant j\u0173 kokyb\u0119 ir saug\u0105.<\/li>\n<li>Individualus pritaikymas: Mes teikiame individualias pritaikymo paslaugas, kad patenkintume konkre\u010dius klient\u0173 poreikius.<\/li>\n<li>Gamybos \u012franga: Mes naudojame pa\u017eangi\u0105 skaitmenin\u0119 gamybos \u012frang\u0105 ir profesionalias testavimo sistemas, siekdami optimizuoti savo gamybos platform\u0105 ir pagerinti gamini\u0173 kokyb\u0117s kontrol\u0117s procesus.<\/li>\n<li>Aptarnavimas po pardavimo: Mes teikiame i\u0161samias ir savalaikes aptarnavimo po pardavimo paslaugas, kad u\u017etikrintume klient\u0173 pasitenkinim\u0105.<\/li>\n<\/ul>\n<p><img decoding=\"async\" src=\"https:\/\/www.hydraulic-cylinders.net\/wp-content\/uploads\/2025\/01\/songte-company-4.webp\" alt=\"\u012emon\u0117s \u012fvaizdis\"><br \/>\n<img decoding=\"async\" src=\"https:\/\/www.hydraulic-cylinders.net\/wp-content\/uploads\/2025\/01\/songte-company-3.webp\" alt=\"\u012emon\u0117s \u012fvaizdis\"><\/p>\n<p>Autorius: lyl<\/p>","protected":false},"excerpt":{"rendered":"<p>Arm Cylinder for Zoomlion Small Excavator ZE60E Introduction The arm cylinder is a specifically designed hydraulic cylinder primarily used to provide linear motion and power to the arm of various types of machinery such as excavators, cranes, and robotic arms. It plays a key role in the hydraulic system, enabling additional tools or attachments to [&hellip;]<\/p>","protected":false},"featured_media":14772,"comment_status":"open","ping_status":"closed","template":"","meta":{"_et_pb_use_builder":"","_et_pb_old_content":"","_et_gb_content_width":""},"product_brand":[],"product_cat":[1497],"product_tag":[1498,1496],"class_list":{"0":"post-16420","1":"product","2":"type-product","3":"status-publish","4":"has-post-thumbnail","6":"product_cat-arm-cylinders","7":"product_tag-arm-cylinders","8":"product_tag-hydraulic-cylinders","10":"first","11":"instock","12":"shipping-taxable","13":"product-type-simple"},"amp_enabled":true,"_links":{"self":[{"href":"https:\/\/www.hydraulic-cylinders.net\/lt\/wp-json\/wp\/v2\/product\/16420","targetHints":{"allow":["GET"]}}],"collection":[{"href":"https:\/\/www.hydraulic-cylinders.net\/lt\/wp-json\/wp\/v2\/product"}],"about":[{"href":"https:\/\/www.hydraulic-cylinders.net\/lt\/wp-json\/wp\/v2\/types\/product"}],"replies":[{"embeddable":true,"href":"https:\/\/www.hydraulic-cylinders.net\/lt\/wp-json\/wp\/v2\/comments?post=16420"}],"wp:featuredmedia":[{"embeddable":true,"href":"https:\/\/www.hydraulic-cylinders.net\/lt\/wp-json\/wp\/v2\/media\/14772"}],"wp:attachment":[{"href":"https:\/\/www.hydraulic-cylinders.net\/lt\/wp-json\/wp\/v2\/media?parent=16420"}],"wp:term":[{"taxonomy":"product_brand","embeddable":true,"href":"https:\/\/www.hydraulic-cylinders.net\/lt\/wp-json\/wp\/v2\/product_brand?post=16420"},{"taxonomy":"product_cat","embeddable":true,"href":"https:\/\/www.hydraulic-cylinders.net\/lt\/wp-json\/wp\/v2\/product_cat?post=16420"},{"taxonomy":"product_tag","embeddable":true,"href":"https:\/\/www.hydraulic-cylinders.net\/lt\/wp-json\/wp\/v2\/product_tag?post=16420"}],"curies":[{"name":"wp","href":"https:\/\/api.w.org\/{rel}","templated":true}]}}