{"id":16421,"date":"2025-01-20T09:14:09","date_gmt":"2025-01-20T09:14:09","guid":{"rendered":"https:\/\/www.hydraulic-cylinders.net\/product\/arm-cylinderfor-zoomlion-small-excavator-ze85e\/"},"modified":"2025-01-20T09:14:11","modified_gmt":"2025-01-20T09:14:11","slug":"arm-cylinderfor-zoomlion-small-excavator-ze85e","status":"publish","type":"product","link":"https:\/\/www.hydraulic-cylinders.net\/lt\/produktas\/arm-cylinderfor-zoomlion-small-excavator-ze85e\/","title":{"rendered":"Svirties cilindras, skirtas \u201eZoomlion\u201c ma\u017eam ekskavatoriui ZE85E"},"content":{"rendered":"<p>\u201eZoomlion\u201c ma\u017eo ekskavatoriaus ZE85E rankenos cilindras<\/p>\n<p>\u012evadas<\/p>\n<p>Svirties cilindras yra specializuotas hidraulinis cilindras, naudojamas \u012fvairi\u0173 ma\u0161in\u0173, toki\u0173 kaip ekskavatoriai, kranai ir mechanin\u0117s svirtys, svir\u010diai tiesiniam judesiui ir j\u0117gai u\u017etikrinti. Svirties cilindras atlieka labai svarb\u0173 vaidmen\u012f hidraulin\u0117je sistemoje, nes leid\u017eia priedams ar priedams jud\u0117ti ir b\u016bti efektyviai valdomiems. \u0160ie cilindrai ne tik u\u017etikrina skland\u0173 jud\u0117jim\u0105, bet ir atlaiko dideles apkrovas, kad b\u016bt\u0173 u\u017etikrintas efektyvus ma\u0161in\u0173 veikimas ir patikimumas \u012fvairiomis darbo s\u0105lygomis.<\/p>\n<p><img decoding=\"async\" src=\"https:\/\/www.hydraulic-cylinders.net\/wp-content\/uploads\/2025\/01\/songte-company-2.webp\"><\/p>\n<p>Apibr\u0117\u017eimas ir paai\u0161kinimas<\/p>\n<p>Svirties cilindras yra hidraulinis cilindras, naudojamas \u012fvairi\u0173 ma\u0161in\u0173 svir\u010diai u\u017etikrinti tiesin\u012f jud\u0117jim\u0105 ir j\u0117g\u0105. Tai yra pagrindinis hidraulin\u0117s sistemos komponentas ir atlieka svarb\u0173 vaidmen\u012f u\u017etikrinant efektyv\u0173 pried\u0173 ar pried\u0173 jud\u0117jim\u0105 ir valdym\u0105. Svirties cilindras skirtas skland\u017eiam jud\u0117jimui u\u017etikrinti, atlaikyti dideles apkrovas ir u\u017etikrinti ma\u0161in\u0173 patikimum\u0105 bei efektyvum\u0105 \u012fvairiomis darbo s\u0105lygomis.<\/p>\n<p>Savyb\u0117s<\/p>\n<p>Svirtinis cilindras turi \u0161ias savybes:<\/p>\n<h2>1. Didelio efektyvumo perdavimas:<\/h2>\n<p> Svirties cilindras u\u017etikrina galing\u0105 tiesin\u012f judes\u012f ir j\u0117g\u0105, u\u017etikrindamas auk\u0161t\u0105 ma\u0161inos svirties efektyvum\u0105 atliekant \u012fvairias operacijas.<\/p>\n<h2>2. Tikslus valdymas:<\/h2>\n<p> Hidraulin\u0117s sistemos d\u0117ka rankos cilindras gali tiksliai valdyti judes\u012f, tod\u0117l pried\u0173 valdymas tampa lankstesnis ir tikslesnis.<\/p>\n<h2>3. Didelis patvarumas:<\/h2>\n<p> Svirties cilindras paprastai pagamintas i\u0161 didelio stiprumo med\u017eiag\u0173, pasi\u017eymin\u010di\u0173 geru atsparumu dilimui ir korozijai, tod\u0117l tinka ilgalaikiam naudojimui at\u0161iauriomis s\u0105lygomis.<\/p>\n<h2>4. Daugiafunkcinis prisitaikymas:<\/h2>\n<p> \u0160ie cilindrai gali b\u016bti pla\u010diai naudojami \u012fvairiuose mechaniniuose \u012frenginiuose, tokiuose kaip ekskavatoriai, kranai ir mechanin\u0117s svirtys, kad b\u016bt\u0173 pritaikyti skirtingiems darbo poreikiams.<\/p>\n<h2>5. Lengva prie\u017ei\u016bra:<\/h2>\n<p> Projektuojant atsi\u017evelgiama \u012f lengv\u0105 prie\u017ei\u016br\u0105 ir keitim\u0105, tod\u0117l reguliari ap\u017ei\u016bra ir prie\u017ei\u016bra yra patogesni, o \u012frangos prastovos laikas sutrump\u0117ja.<\/p>\n<p>Mes galime pagaminti \u0161\u012f produkt\u0105, o m\u016bs\u0173 produktas gali puikiai pakeisti \u0161iuos hidraulinius cilindrus.<\/p>\n<p><img decoding=\"async\" src=\"https:\/\/www.hydraulic-cylinders.net\/wp-content\/uploads\/2025\/01\/songte-oil-pipes-and-spare-parts.webp\"><\/p>\n<p>Parai\u0161ka<\/p>\n<p>Cilindro formos rankena naudojama \u012fvairiose srityse, tokiose kaip:<\/p>\n<h2>1. Statybos in\u017einerija:<\/h2>\n<p> Ekskavatoriuose ir kranuose svirties cilindras valdo kau\u0161o arba str\u0117l\u0117s jud\u0117jim\u0105, atliekant \u017eem\u0117s darbus, med\u017eiag\u0173 tvarkym\u0105 ir konstrukcij\u0173 montavim\u0105.<\/p>\n<h2>2. Gamyba:<\/h2>\n<p> Automatizuotose gamybos linijose svirties cilindras naudojamas mechanin\u0117ms svirtims judinti, surinkti, suvirinti ir tvarkyti, taip pagerinant gamybos efektyvum\u0105 ir tikslum\u0105.<\/p>\n<h2>3. \u017dem\u0117s \u016bkio technika:<\/h2>\n<p> \u017dem\u0117s \u016bkio technikose, tokiose kaip derliaus nu\u0117mimo ma\u0161inos ir sodinamosios, svirties cilindras valdo valdymo svirties judes\u012f, atlikdamas tokias u\u017eduotis kaip sodinimas, tr\u0119\u0161imas ir derliaus nu\u0117mimas.<\/p>\n<h2>4. Kasyba:<\/h2>\n<p> Kasybos \u012frangoje rankos cilindras naudojamas kasybos \u012frangos rankos jud\u0117jimui valdyti, atliekant r\u016bd\u0173 kasyb\u0105 ir transportavim\u0105.<\/p>\n<h2>5. Logistika ir transportas:<\/h2>\n<p> \u0160akiniuose krautuvuose ir tvarkymo robotuose rankos cilindras naudojamas \u0161aki\u0173 k\u0117limui ir jud\u0117jimui valdyti, taip u\u017etikrinant med\u017eiag\u0173 tvarkym\u0105 ir krovim\u0105.<\/p>\n<p>Projektavimo aspektai ir atrankos kriterijai<\/p>\n<p>Atsi\u017evelgiant \u012f konstrukcijos ypatybes, cilindro formos svirtis tur\u0117t\u0173 tur\u0117ti \u0161ias savybes:<\/p>\n<h2>1. Guoli\u0173 talpa:<\/h2>\n<p> Svirties cilindras turi tur\u0117ti pakankam\u0105 laikom\u0105j\u0105 gali\u0105, kad atlaikyt\u0173 apkrov\u0105 ir u\u017etikrint\u0173 ma\u0161inos stabilum\u0105 bei saug\u0105 eksploatacijos metu.<\/p>\n<h2>2. Sandarinimas:<\/h2>\n<p> Svirties cilindras turi b\u016bti patikimai sandarinamas, kad b\u016bt\u0173 i\u0161vengta alyvos nutek\u0117jimo ir u\u017etikrintas efektyvus hidraulin\u0117s sistemos veikimas.<\/p>\n<h2>3. Patvarumas:<\/h2>\n<p> Svirties cilindras turi b\u016bti pagamintas i\u0161 didelio stiprumo med\u017eiag\u0173 ir tur\u0117ti ger\u0105 atsparum\u0105 dilimui ir korozijai, kad b\u016bt\u0173 u\u017etikrintas ilgalaikis naudojimas at\u0161iauriomis s\u0105lygomis.<\/p>\n<h2>4. Saugumas:<\/h2>\n<p> Svirties cilindras turi tur\u0117ti saugos priemones, kad b\u016bt\u0173 i\u0161vengta nelaiming\u0173 atsitikim\u0173 ar pa\u017eeidim\u0173 eksploatacijos metu.<\/p>\n<h2>5. Prie\u017ei\u016bra:<\/h2>\n<p> Svirties cilindras tur\u0117t\u0173 b\u016bti suprojektuotas taip, kad j\u012f b\u016bt\u0173 lengva pri\u017ei\u016br\u0117ti ir pakeisti, siekiant suma\u017einti \u012frangos prastovos laik\u0105.<\/p>\n<p><img decoding=\"async\" src=\"https:\/\/www.hydraulic-cylinders.net\/wp-content\/uploads\/2025\/01\/songte-cylinder-head-with-all-kinds-excavator-models.webp\"><\/p>\n<p>Sandarinimas ir tepimas<\/p>\n<p>Siekiant u\u017etikrinti efektyv\u0173 hidraulin\u0117s sistemos veikim\u0105, svirties cilindre tur\u0117t\u0173 b\u016bti naudojami \u012fvair\u016bs sandarinimo komponentai, tokie kaip st\u016bmoklio sandarikliai, strypo sandarikliai ir kt. Sandarinimo komponentai tur\u0117t\u0173 b\u016bti pagaminti i\u0161 atspari\u0173 dilimui med\u017eiag\u0173, toki\u0173 kaip poliuretanas ir nitrilo kau\u010diukas. Cilindro korpusas ir sriegio galo pavir\u0161ius tur\u0117t\u0173 b\u016bti rafinuoti, kad b\u016bt\u0173 padidintas atsparumas dilimui. Svirties cilindrui taip pat svarbus tepimas, tod\u0117l reikia reguliariai \u012fpilti tinkam\u0105 kiek\u012f hidraulin\u0117s alyvos, kad b\u016bt\u0173 u\u017etikrintas tepimas ir suma\u017eintas dilimas.<\/p>\n<p>Prie\u017ei\u016bra ir prevencin\u0117s priemon\u0117s<\/p>\n<p>Reguliarus patikrinimas ir prie\u017ei\u016bra yra b\u016btini siekiant u\u017etikrinti efektyv\u0173 svirties cilindro veikim\u0105. Prevencin\u0117s priemon\u0117s, tokios kaip reguliarus valymas, alyvos nuot\u0117ki\u0173 tikrinimas ir susid\u0117v\u0117jusi\u0173 dali\u0173 keitimas, gali suma\u017einti netik\u0117tas prastovas ir suma\u017einti prie\u017ei\u016bros i\u0161laidas.<\/p>\n<p>Teisingos diegimo instrukcijos<\/p>\n<p>Svirties cilindras turi b\u016bti sumontuotas pagal gamintojo instrukcijas. Montavimo proces\u0105 tur\u0117t\u0173 atlikti specialistai, turintys atitinkam\u0173 \u017eini\u0173 ir patirties. Montavimo etapai apima montavimo matmen\u0173 patikrinim\u0105, hidraulini\u0173 vamzdyn\u0173 prijungim\u0105 ir judesio valdymo sistemos derinim\u0105.<\/p>\n<p><img decoding=\"async\" src=\"https:\/\/www.hydraulic-cylinders.net\/wp-content\/uploads\/2025\/01\/songte-bushings-with-all-kinds-of-excavator-models.webp\"><\/p>\n<p>Saugos aspektai ir aplinkos veiksniai<\/p>\n<p>Saugumas yra svarbus valdant svirtin\u012f cilindr\u0105. Reikia imtis tinkam\u0173 saugos priemoni\u0173, kad b\u016bt\u0173 i\u0161vengta nelaiming\u0173 atsitikim\u0173, o svirtin\u012f cilindr\u0105 reikia reguliariai tikrinti d\u0117l galim\u0173 pavoj\u0173 saugai. Siekiant u\u017etikrinti efektyv\u0173 svirtinio cilindro veikim\u0105, taip pat reik\u0117t\u0173 atsi\u017evelgti \u012f aplinkos veiksnius, tokius kaip temperat\u016bra, dr\u0117gm\u0117 ir darbo s\u0105lygos.<\/p>\n<p>Trik\u010di\u0173 \u0161alinimas ir da\u017eniausios problemos<\/p>\n<p>Da\u017eniausios svirties cilindro problemos yra alyvos nuot\u0117kis, ne\u012fprastas triuk\u0161mas ir nestabilus veikimas. Trik\u010dius galima pa\u0161alinti patikrinus hidraulin\u0119 sistem\u0105, sandarinimo komponentus ir kitas svirties cilindro dalis. Sprendimai gali apimti pa\u017eeist\u0173 dali\u0173 keitim\u0105, hidraulin\u0117s alyvos papildym\u0105 arba judesio valdymo sistemos reguliavim\u0105.<\/p>\n<p><img decoding=\"async\" src=\"https:\/\/www.hydraulic-cylinders.net\/wp-content\/uploads\/2025\/01\/songte-chushion-collar.webp\"><\/p>\n<p>I\u0161vada<\/p>\n<p>Esame profesionalus pakaitini\u0173 hidraulini\u0173 cilindr\u0173 gamintojas, si\u016blantis plat\u0173 gamini\u0173 asortiment\u0105. Tapome vienu i\u0161 pirmaujan\u010di\u0173 hidraulini\u0173 cilindr\u0173 gamintoj\u0173 ir didmenini\u0173 platintoj\u0173 vidaus ir tarptautin\u0117se rinkose. Visada laikom\u0117s puikios kokyb\u0117s principo, remdamiesi puiki\u0173 gamybos dirbtuvi\u0173 industrializuotos gamybos valdymo strategija, kad nuolat tobulintume savo technologij\u0173 lyg\u012f ir gamybos efektyvum\u0105. \u012ediegdami auk\u0161\u010diausios klas\u0117s skaitmenin\u0119 gamybos \u012frang\u0105 ir profesionalias bandym\u0173 sistemas, nuolat optimizuojame savo gamybos platform\u0105, tobuliname gamini\u0173 kokyb\u0117s kontrol\u0117s proces\u0105 ir turime stiprias inovacij\u0173 galimybes. M\u016bs\u0173 tikslas \u2013 patenkinti \u012fvairius klient\u0173 poreikius, taikant didelio efektyvumo, tikslumo ir auk\u0161tos kokyb\u0117s principus.<\/p>\n<p>Profesionalumo, tarptautinio sertifikavimo, individuali\u0173 paslaug\u0173, gamybos \u012frangos ir garantinio aptarnavimo srityse siekiame klientams teikti geriausios kokyb\u0117s hidraulinius cilindrus ir paslaugas. <\/p>\n<p><img decoding=\"async\" src=\"https:\/\/www.hydraulic-cylinders.net\/wp-content\/uploads\/2025\/01\/songte-company-4.webp\"><\/p>\n<p><img decoding=\"async\" src=\"https:\/\/www.hydraulic-cylinders.net\/wp-content\/uploads\/2025\/01\/songte-company-3.webp\"><\/p>\n<p>Autorius: lyl<\/p>","protected":false},"excerpt":{"rendered":"<p>Arm Cylinder For Zoomlion Small Excavator ZE85E Introduction Arm cylinder is a specialized hydraulic cylinder used to provide linear motion and force to the arm of various machinery, such as excavators, cranes, and mechanical arms. The arm cylinder plays a critical role in the hydraulic system, allowing attachments or accessories to move and be controlled [&hellip;]<\/p>","protected":false},"featured_media":14770,"comment_status":"open","ping_status":"closed","template":"","meta":{"_et_pb_use_builder":"","_et_pb_old_content":"","_et_gb_content_width":""},"product_brand":[],"product_cat":[1497],"product_tag":[1498,1496],"class_list":{"0":"post-16421","1":"product","2":"type-product","3":"status-publish","4":"has-post-thumbnail","6":"product_cat-arm-cylinders","7":"product_tag-arm-cylinders","8":"product_tag-hydraulic-cylinders","10":"first","11":"instock","12":"shipping-taxable","13":"product-type-simple"},"amp_enabled":true,"_links":{"self":[{"href":"https:\/\/www.hydraulic-cylinders.net\/lt\/wp-json\/wp\/v2\/product\/16421","targetHints":{"allow":["GET"]}}],"collection":[{"href":"https:\/\/www.hydraulic-cylinders.net\/lt\/wp-json\/wp\/v2\/product"}],"about":[{"href":"https:\/\/www.hydraulic-cylinders.net\/lt\/wp-json\/wp\/v2\/types\/product"}],"replies":[{"embeddable":true,"href":"https:\/\/www.hydraulic-cylinders.net\/lt\/wp-json\/wp\/v2\/comments?post=16421"}],"wp:featuredmedia":[{"embeddable":true,"href":"https:\/\/www.hydraulic-cylinders.net\/lt\/wp-json\/wp\/v2\/media\/14770"}],"wp:attachment":[{"href":"https:\/\/www.hydraulic-cylinders.net\/lt\/wp-json\/wp\/v2\/media?parent=16421"}],"wp:term":[{"taxonomy":"product_brand","embeddable":true,"href":"https:\/\/www.hydraulic-cylinders.net\/lt\/wp-json\/wp\/v2\/product_brand?post=16421"},{"taxonomy":"product_cat","embeddable":true,"href":"https:\/\/www.hydraulic-cylinders.net\/lt\/wp-json\/wp\/v2\/product_cat?post=16421"},{"taxonomy":"product_tag","embeddable":true,"href":"https:\/\/www.hydraulic-cylinders.net\/lt\/wp-json\/wp\/v2\/product_tag?post=16421"}],"curies":[{"name":"wp","href":"https:\/\/api.w.org\/{rel}","templated":true}]}}