{"id":16425,"date":"2025-01-20T09:14:33","date_gmt":"2025-01-20T09:14:33","guid":{"rendered":"https:\/\/www.hydraulic-cylinders.net\/product\/arm-cylinderfor-zoomlion-middle-excavator-ze210e\/"},"modified":"2025-01-20T09:14:40","modified_gmt":"2025-01-20T09:14:40","slug":"arm-cylinderfor-zoomlion-middle-excavator-ze210e","status":"publish","type":"product","link":"https:\/\/www.hydraulic-cylinders.net\/lt\/produktas\/arm-cylinderfor-zoomlion-middle-excavator-ze210e\/","title":{"rendered":"Zoomlion ZE210E ekskavatoriaus rankenos cilindras"},"content":{"rendered":"<p><!DOCTYPE html><br \/>\n<html><br \/>\n<head><br \/>\n<title>Zoomlion ZE210E ekskavatoriaus rankenos cilindras<\/title><br \/>\n<\/head><br \/>\n<body><\/p>\n<h1>Zoomlion ZE210E ekskavatoriaus rankenos cilindras<\/h1>\n<h2>\u012evadas<\/h2>\n<p>Svirties cilindras yra specialiai suprojektuotas hidraulinis cilindras, u\u017etikrinantis tiesin\u012f jud\u0117jim\u0105 ir gali\u0105 \u012fvairi\u0173 mechanizm\u0173, toki\u0173 kaip ekskavatoriai, kranai ir robotin\u0117s svirtys, svir\u010diai. Svirties cilindras atlieka labai svarb\u0173 vaidmen\u012f hidraulin\u0117se sistemose, nes leid\u017eia efektyviai jud\u0117ti ir valdyti papildomus \u012frankius ar priedus. \u0160ie cilindrai ne tik u\u017etikrina skland\u0173 jud\u0117jim\u0105, bet ir atlaiko dideles apkrovas, u\u017etikrindami efektyv\u0173 mechanizm\u0173 veikim\u0105 ir patikimum\u0105 \u012fvairiomis darbo s\u0105lygomis.<\/p>\n<h3>Apibr\u0117\u017eimas ir paai\u0161kinimas<\/h3>\n<p>Svirties cilindras yra hidraulinis cilindras, specialiai sukurtas tam, kad u\u017etikrint\u0173 tiesin\u012f jud\u0117jim\u0105 ir gali\u0105 \u012fvairi\u0173 ma\u0161in\u0173 svirtims. Jis da\u017eniausiai naudojamas ekskavatoriuose, kranuose ir robot\u0173 svirtyse ir kituose \u012frenginiuose. Svirties cilindras atlieka labai svarb\u0173 vaidmen\u012f hidraulin\u0117se sistemose, nes leid\u017eia efektyviai jud\u0117ti ir valdyti papildomus \u012frankius ar priedus. \u0160ie cilindrai yra \u017einomi d\u0117l sklandaus jud\u0117jimo ir geb\u0117jimo valdyti sunkius krovinius, u\u017etikrinant ma\u0161in\u0173 efektyvum\u0105 ir patikimum\u0105 \u012fvairiomis darbo s\u0105lygomis.<\/p>\n<p><img decoding=\"async\" src=\"https:\/\/www.hydraulic-cylinders.net\/wp-content\/uploads\/2025\/01\/songte-company-2.webp\" alt=\"Svirties cilindro vaizdas\"><\/p>\n<h2>\u201eZoomlion\u201c vidutinio ekskavatoriaus ZE210E rankenos cilindro savyb\u0117s<\/h2>\n<ul>\n<li><strong>Didelio efektyvumo transmisija:<\/strong> Svirties cilindras u\u017etikrina galing\u0105 tiesin\u012f judes\u012f ir j\u0117g\u0105, u\u017etikrindamas auk\u0161t\u0105 ma\u0161inos svirties na\u0161um\u0105 \u012fvairiose srityse.<\/li>\n<li><strong>Tikslus valdymas:<\/strong> Hidraulin\u0117s sistemos d\u0117ka rankos cilindras leid\u017eia tiksliai valdyti judes\u012f, tod\u0117l papildom\u0173 \u012franki\u0173 valdymas tampa lankstesnis ir tikslesnis.<\/li>\n<li><strong>Patvarumas:<\/strong> Svirtiniai cilindrai paprastai gaminami i\u0161 didelio stiprumo med\u017eiag\u0173, tod\u0117l jie yra labai atspar\u016bs dilimui ir korozijai, tinkami ilgalaikiam naudojimui at\u0161iauriomis s\u0105lygomis.<\/li>\n<li><strong>Daugiafunkcinis prisitaikymas:<\/strong> \u0160ie cilindrai gali b\u016bti pla\u010diai naudojami \u012fvairiuose mechaniniuose \u012frenginiuose, \u012fskaitant ekskavatorius, kranus ir robotines rankas, pritaikant juos skirtingiems darbo reikalavimams.<\/li>\n<li><strong>Lengva prie\u017ei\u016bra:<\/strong> Svirtini\u0173 cilindr\u0173 konstrukcija atsi\u017evelg\u0117 \u012f paprast\u0105 prie\u017ei\u016br\u0105 ir keitim\u0105, tod\u0117l reguliari ap\u017ei\u016bra ir technin\u0117 prie\u017ei\u016bra yra patog\u016bs, o \u012frangos prastovos laikas sutrump\u0117ja.<\/li>\n<\/ul>\n<p><img decoding=\"async\" src=\"https:\/\/www.hydraulic-cylinders.net\/wp-content\/uploads\/2025\/01\/songte-oil-pipes-and-spare-parts.webp\" alt=\"Svirties cilindro atsargin\u0117s dalys\"><\/p>\n<h2>\u201eZoomlion Middle Excavator ZE210E\u201c rankenos cilindro pritaikymas<\/h2>\n<h3>1. Statybos in\u017einerija<\/h3>\n<p>Ekskavatoriuose ir kranuose str\u0117li\u0173 cilindrai naudojami kau\u0161\u0173 ar str\u0117li\u0173 judesiams valdyti atliekant \u017eem\u0117s darbus, med\u017eiag\u0173 tvarkym\u0105 ir konstrukcij\u0173 montavim\u0105.<\/p>\n<h3>2. Gamybos pramon\u0117<\/h3>\n<p>Automatizuotose gamybos linijose ranken\u0173 cilindrai naudojami robotini\u0173 rank\u0173 judinimui tokiuose procesuose kaip surinkimas, suvirinimas ir med\u017eiag\u0173 tvarkymas, taip pagerinant gamybos efektyvum\u0105 ir tikslum\u0105.<\/p>\n<h3>3. \u017dem\u0117s \u016bkio technika<\/h3>\n<p>\u017dem\u0117s \u016bkio technikoje, pavyzd\u017eiui, derliaus nu\u0117mimo ir s\u0117jamosiose, svir\u010di\u0173 cilindrai valdo valdymo svir\u010di\u0173 judesius atliekant tokias u\u017eduotis kaip sodinimas, tr\u0119\u0161imas ir derliaus nu\u0117mimas.<\/p>\n<h3>4. Kasyba<\/h3>\n<p>Kasybos \u012frangoje svirties cilindrai naudojami kasybos ma\u0161in\u0173 svirties judesiams valdyti r\u016bdos gavybai ir transportavimui.<\/p>\n<h3>5. Logistika ir transportas<\/h3>\n<p>\u0160akiniuose krautuvuose ir krovini\u0173 krovimo robotuose svir\u010di\u0173 cilindrai valdo \u0161aki\u0173 k\u0117lim\u0105 ir jud\u0117jim\u0105, taip \u012fgalindami med\u017eiag\u0173 tvarkym\u0105 ir krovim\u0105.<\/p>\n<p><img decoding=\"async\" src=\"https:\/\/www.hydraulic-cylinders.net\/wp-content\/uploads\/2025\/01\/songte-chushion-collar.webp\" alt=\"Naudojamas svirties cilindras\"><\/p>\n<h2>Projektavimo aspektai ir atrankos kriterijai<\/h2>\n<h3>1. Apkrovos paj\u0117gumas<\/h3>\n<p>Svirties cilindras turi b\u016bti suprojektuotas taip, kad atlaikyt\u0173 nurodyt\u0105 apkrov\u0105, siekiant u\u017etikrinti saug\u0173 ir efektyv\u0173 veikim\u0105.<\/p>\n<h3>2. Sandarinimas<\/h3>\n<p>Svirties cilindro konstrukcijoje tur\u0117t\u0173 b\u016bti naudojami \u012fvair\u016bs sandarinimo elementai, tokie kaip st\u016bmoklio ir koto sandarikliai. \u0160ie sandarikliai tur\u0117t\u0173 b\u016bti pagaminti i\u0161 atspari\u0173 dilimui med\u017eiag\u0173, toki\u0173 kaip poliuretanas ir nitrilo kau\u010diukas, kad b\u016bt\u0173 u\u017etikrintas efektyvus sandarinimas.<\/p>\n<h3>3. Patvarumas<\/h3>\n<p>Svirties cilindro korpusas ir srieginis galas turi b\u016bti kruop\u0161\u010diai apdirbti, kad padid\u0117t\u0173 atsparumas dilimui. Norint u\u017etikrinti skland\u0173 veikim\u0105 ir ilgaam\u017ei\u0161kum\u0105, reikia reguliariai tepti tinkama hidrauline alyva.<\/p>\n<h3>4. Saugumas<\/h3>\n<p>Svirtiniai cilindrai tur\u0117t\u0173 b\u016bti suprojektuoti su saugos funkcijomis, tokiomis kaip sl\u0117gio ma\u017einimo vo\u017etuvai ir apsaugos nuo perkrovos mechanizmai, kad b\u016bt\u0173 i\u0161vengta nelaiming\u0173 atsitikim\u0173 ir u\u017etikrintas operatoriaus saugumas.<\/p>\n<h3>5. Prie\u017ei\u016bra<\/h3>\n<p>Projektuojant svirties cilindrus, reik\u0117t\u0173 atsi\u017evelgti \u012f lengv\u0105 prieig\u0105 prie komponent\u0173 prie\u017ei\u016brai ir keitimui, kad b\u016bt\u0173 suma\u017eintas prastovos laikas ir palengvintos reguliarios patikros.<\/p>\n<p><img decoding=\"async\" src=\"https:\/\/www.hydraulic-cylinders.net\/wp-content\/uploads\/2025\/01\/songte-cylinder-head-with-all-kinds-excavator-models.webp\" alt=\"Svirties cilindro galvut\u0117\"><\/p>\n<h2>Reguliarios patikros ir prevencin\u0117s prie\u017ei\u016bros priemon\u0117s<\/h2>\n<p>Reguliarus patikrinimas ir profilaktin\u0117 prie\u017ei\u016bra yra b\u016btini optimaliam svirties cilindro veikimui ir ilgaam\u017ei\u0161kumui. Reik\u0117t\u0173 imtis \u0161i\u0173 priemoni\u0173:<\/p>\n<ol>\n<li>Patikrinkite svirties cilindr\u0105, ar n\u0117ra koki\u0173 nors nuot\u0117kio, susid\u0117v\u0117jimo ar pa\u017eeidim\u0173 po\u017eymi\u0173.<\/li>\n<li>Patikrinkite sandariklius ir, jei reikia, pakeiskite juos.<\/li>\n<li>U\u017etikrinkite tinkam\u0105 svirties cilindro sutepim\u0105 rekomenduojama hidrauline alyva.<\/li>\n<li>Priver\u017ekite visas atsilaisvinusias jungtis ar var\u017etus.<\/li>\n<li>Patikrinkite sl\u0117gio ir temperat\u016bros rodmenis, kad \u012fsitikintum\u0117te, jog jie yra nurodytame diapazone.<\/li>\n<\/ol>\n<h2>\u201eZoomlion\u201c vidutinio ekskavatoriaus ZE210E rankenos cilindro montavimo vadovas<\/h2>\n<p>Nor\u0117dami teisingai sumontuoti cilindro svirt\u012f, atlikite \u0161iuos veiksmus:<\/p>\n<ol>\n<li>\u012esitikinkite, kad mechanizmai yra i\u0161jungti ir tinkamai paremti.<\/li>\n<li>Jei reikia, nuimkite sen\u0105 svirties cilindr\u0105, atjungdami hidraulines linijas ir atsukdami cilindr\u0105 nuo jo tvirtinimo ta\u0161k\u0173.<\/li>\n<li>Prie\u0161 montuodami nauj\u0105 svirties cilindr\u0105, patikrinkite, ar n\u0117ra pa\u017eeidim\u0173 ar defekt\u0173.<\/li>\n<li>\u012estatykite nauj\u0105 svirties cilindr\u0105 \u012f viet\u0105 ir pritvirtinkite j\u012f pateiktais var\u017etais.<\/li>\n<li>Prijunkite hidraulines linijas, u\u017etikrindami, kad jos b\u016bt\u0173 tinkamai sandarios.<\/li>\n<li>Patikrinkite svirties cilindro veikim\u0105 ir patikrinkite, ar n\u0117ra nuot\u0117ki\u0173.<\/li>\n<\/ol>\n<p><img decoding=\"async\" src=\"https:\/\/www.hydraulic-cylinders.net\/wp-content\/uploads\/2025\/01\/songte-bushings-with-all-kinds-of-excavator-models.webp\" alt=\"Svirties cilindro \u012fvor\u0117s\"><\/p>\n<h2>Saugos aspektai ir aplinkos veiksniai<\/h2>\n<p>Naudojant svirtinius cilindrus, labai svarbu teikti pirmenyb\u0119 saugos priemon\u0117ms, kad b\u016bt\u0173 i\u0161vengta nelaiming\u0173 atsitikim\u0173 ir u\u017etikrinta operatoriaus gerov\u0117. Saugos priemon\u0117s apima:<\/p>\n<ul>\n<li>Tinkamai apmokyti operatorius apie cilindro naudojim\u0105 ir saugos protokolus.<\/li>\n<li>Reguliariai tikrinkite ir pri\u017ei\u016br\u0117kite rankos cilindr\u0105, kad nustatytum\u0117te galimus pavojus.<\/li>\n<li>Dirbant \u0161alia svirties cilindro arba tvarkant j\u012f, naudokite tinkamas asmenines apsaugos priemones (AAP).<\/li>\n<li>Laikantis vis\u0173 atitinkam\u0173 saugos taisykli\u0173 ir nurodym\u0173.<\/li>\n<\/ul>\n<h2>Gedim\u0173 diagnostika ir da\u017eniausios problemos<\/h2>\n<p>Da\u017eniausios problemos, kurios gali kilti naudojant svirtinius cilindrus, yra \u0161ios:<\/p>\n<ul>\n<li>Hidraulinio skys\u010dio nuot\u0117kis.<\/li>\n<li>Nereguliarus arba tr\u016bk\u010diojantis rankos judesys.<\/li>\n<li>Nepakankama k\u0117limo ar ne\u0161imo galia.<\/li>\n<\/ul>\n<p>Nor\u0117dami i\u0161spr\u0119sti \u0161ias problemas, apsvarstykite \u0161iuos trik\u010di\u0173 \u0161alinimo ir sprendim\u0173 b\u016bdus:<\/p>\n<ul>\n<li>Patikrinkite visas hidraulines jungtis, ar n\u0117ra atsilaisvinusi\u0173 jung\u010di\u0173 ar pa\u017eeist\u0173 sandarikli\u0173, ir prireikus jas priver\u017ekite arba pakeiskite.<\/li>\n<li>Patikrinkite hidraulinio skys\u010dio lyg\u012f ir, jei reikia, papildykite.<\/li>\n<li>Patikrinkite, ar hidraulin\u0117s sistemos sl\u0117gis yra rekomenduojamame diapazone.<\/li>\n<li>Jei problema i\u0161lieka, kreipkit\u0117s \u012f specialist\u0105 d\u0117l tolesnio patikrinimo ir remonto.<\/li>\n<\/ul>\n<p><img decoding=\"async\" src=\"https:\/\/www.hydraulic-cylinders.net\/wp-content\/uploads\/2025\/01\/songte-chushion-collar.webp\" alt=\"Gedim\u0173 diagnostika ir trik\u010di\u0173 \u0161alinimas\"><\/p>\n<h2>Apie m\u016bs\u0173 \u012fmon\u0119<\/h2>\n<p>Esame profesionalus pakaitini\u0173 hidraulini\u0173 cilindr\u0173 gamintojas ir si\u016blome plat\u0173 gamini\u0173 asortiment\u0105. Tapome vienu i\u0161 pirmaujan\u010di\u0173 hidraulini\u0173 cilindr\u0173 gamintoj\u0173 ir didmenini\u0173 platintoj\u0173 vidaus ir tarptautin\u0117se rinkose.<\/p>","protected":false},"excerpt":{"rendered":"<p>Arm CylinderFor Zoomlion Middle Excavator ZE210E Arm CylinderFor Zoomlion Middle Excavator ZE210E Introduction An arm cylinder is a specially designed hydraulic cylinder that provides linear motion and power to the arm of various machinery, such as excavators, cranes, and robotic arms. The arm cylinder plays a crucial role in hydraulic systems, enabling the efficient movement [&hellip;]<\/p>","protected":false},"featured_media":14786,"comment_status":"open","ping_status":"closed","template":"","meta":{"_et_pb_use_builder":"","_et_pb_old_content":"","_et_gb_content_width":""},"product_brand":[],"product_cat":[1497],"product_tag":[1498,1496],"class_list":{"0":"post-16425","1":"product","2":"type-product","3":"status-publish","4":"has-post-thumbnail","6":"product_cat-arm-cylinders","7":"product_tag-arm-cylinders","8":"product_tag-hydraulic-cylinders","10":"first","11":"instock","12":"shipping-taxable","13":"product-type-simple"},"amp_enabled":true,"_links":{"self":[{"href":"https:\/\/www.hydraulic-cylinders.net\/lt\/wp-json\/wp\/v2\/product\/16425","targetHints":{"allow":["GET"]}}],"collection":[{"href":"https:\/\/www.hydraulic-cylinders.net\/lt\/wp-json\/wp\/v2\/product"}],"about":[{"href":"https:\/\/www.hydraulic-cylinders.net\/lt\/wp-json\/wp\/v2\/types\/product"}],"replies":[{"embeddable":true,"href":"https:\/\/www.hydraulic-cylinders.net\/lt\/wp-json\/wp\/v2\/comments?post=16425"}],"wp:featuredmedia":[{"embeddable":true,"href":"https:\/\/www.hydraulic-cylinders.net\/lt\/wp-json\/wp\/v2\/media\/14786"}],"wp:attachment":[{"href":"https:\/\/www.hydraulic-cylinders.net\/lt\/wp-json\/wp\/v2\/media?parent=16425"}],"wp:term":[{"taxonomy":"product_brand","embeddable":true,"href":"https:\/\/www.hydraulic-cylinders.net\/lt\/wp-json\/wp\/v2\/product_brand?post=16425"},{"taxonomy":"product_cat","embeddable":true,"href":"https:\/\/www.hydraulic-cylinders.net\/lt\/wp-json\/wp\/v2\/product_cat?post=16425"},{"taxonomy":"product_tag","embeddable":true,"href":"https:\/\/www.hydraulic-cylinders.net\/lt\/wp-json\/wp\/v2\/product_tag?post=16425"}],"curies":[{"name":"wp","href":"https:\/\/api.w.org\/{rel}","templated":true}]}}