{"id":16434,"date":"2025-01-20T09:15:17","date_gmt":"2025-01-20T09:15:17","guid":{"rendered":"https:\/\/www.hydraulic-cylinders.net\/product\/arm-cylinderfor-zoomlion-large-excavator-ze520e\/"},"modified":"2025-01-20T09:15:19","modified_gmt":"2025-01-20T09:15:19","slug":"arm-cylinderfor-zoomlion-large-excavator-ze520e","status":"publish","type":"product","link":"https:\/\/www.hydraulic-cylinders.net\/lt\/produktas\/arm-cylinderfor-zoomlion-large-excavator-ze520e\/","title":{"rendered":"Didelio ekskavatoriaus \u201eZoomlion ZE520E\u201c rankenos cilindras"},"content":{"rendered":"<p>Didelio ekskavatoriaus \u201eZoomlion ZE520E\u201c rankenos cilindras<\/p>\n<p>Svirties cilindras yra specialiai suprojektuotas hidraulinis cilindras, u\u017etikrinantis tiesin\u012f judes\u012f ir gali\u0105 \u012fvairi\u0173 tip\u0173 ma\u0161in\u0173, toki\u0173 kaip ekskavatoriai, kranai ir mechanin\u0117s svirtys, svirtims. Svirties cilindras atlieka pagrindin\u012f vaidmen\u012f hidraulin\u0117je sistemoje, nes leid\u017eia efektyviai jud\u0117ti ir valdyti papildomus \u012frankius ar priedus. \u0160ie cilindrai ne tik u\u017etikrina skland\u0173 jud\u0117jim\u0105, bet ir atlaiko dideles apkrovas, u\u017etikrindami auk\u0161t\u0105 ma\u0161in\u0173 efektyvum\u0105 ir patikimum\u0105 \u012fvairiomis eksploatavimo s\u0105lygomis.<\/p>\n<p>Apibr\u0117\u017eimas ir paai\u0161kinimas<\/p>\n<p>Svirties cilindras yra labai svarbus hidraulini\u0173 sistem\u0173 komponentas, suteikiantis gali\u0105 sunkiosios technikos svir\u010diai judinti. Cilindras pagamintas i\u0161 didelio stiprumo med\u017eiag\u0173, kad gal\u0117t\u0173 ilgai veikti at\u0161iauriomis s\u0105lygomis. Cilindr\u0105 sudaro st\u016bmoklis, kuris juda cilindro kiaurym\u0117je ir hidraulin\u0119 energij\u0105 paver\u010dia tiesiniu judesiu. Cilindras taip pat turi hidraulin\u0119 ang\u0105 skys\u010dio \u012fsiurbimui ir hidraulin\u0119 ang\u0105 skys\u010dio gr\u0105\u017einimui.<\/p>\n<p>Savyb\u0117s<\/p>\n<p>Toliau pateikiamos kelios pagrindin\u0117s ranken\u0173 cilindr\u0173 savyb\u0117s:<\/p>\n<p>1. Didelio efektyvumo transmisija: Svir\u010di\u0173 cilindrai u\u017etikrina galing\u0105 tiesin\u012f judes\u012f ir j\u0117g\u0105, u\u017etikrindami auk\u0161t\u0105 mechanini\u0173 svir\u010di\u0173 veikimo efektyvum\u0105 atliekant \u012fvairias operacijas.<\/p>\n<p>2. Tikslus valdymas: Svirtiniai cilindrai gali tiksliai valdyti judesius per hidraulin\u0119 sistem\u0105, tod\u0117l papildom\u0173 \u012franki\u0173 valdymas yra lankstesnis ir tikslesnis.<\/p>\n<p>3. Didelis patvarumas: Svirtiniai cilindrai paprastai gaminami i\u0161 didelio stiprumo med\u017eiag\u0173, kurios pasi\u017eymi puikiu atsparumu dilimui ir korozijai. Jie tinka ilgalaikiam naudojimui at\u0161iauriomis s\u0105lygomis.<\/p>\n<p>4. Daugiafunkcis pritaikomumas: \u0160ie cilindrai gali b\u016bti pla\u010diai naudojami \u012fvairiose ma\u0161inose, tokiose kaip ekskavatoriai, kranai ir mechanin\u0117s rankenos, kad b\u016bt\u0173 pritaikyti prie skirting\u0173 darbo reikalavim\u0173.<\/p>\n<p>5. Lengva prie\u017ei\u016bra: Svirties cilindro konstrukcija leid\u017eia lengvai j\u012f pri\u017ei\u016br\u0117ti ir pakeisti, tod\u0117l reguliari ap\u017ei\u016bra ir prie\u017ei\u016bra yra patogesn\u0117, o \u012frangos prastovos laikas sutrump\u0117ja.<\/p>\n<p>Gamyba<\/p>\n<p>M\u016bs\u0173 \u012fmon\u0117 gali gaminti auk\u0161tos kokyb\u0117s svirtinius cilindrus, kurie gali pakeisti kitus hidraulinius cilindrus. Turime galimyb\u0119 gaminti plat\u0173 cilindr\u0173 asortiment\u0105, tinkant\u012f \u012fvairi\u0173 tip\u0173 ma\u0161inoms. M\u016bs\u0173 gaminiai yra grie\u017etai kontroliuojami, siekiant u\u017etikrinti auk\u0161t\u0105 na\u0161um\u0105 ir patikimum\u0105. <\/p>\n<p>Parai\u0161kos<\/p>\n<p>Svirtiniai cilindrai turi \u012fvairi\u0173 pritaikym\u0173, \u012fskaitant, bet neapsiribojant:<\/p>\n<p>1. Statybos in\u017einerija: ekskavatoriuose ir kranuose str\u0117li\u0173 cilindrai naudojami kau\u0161\u0173 arba krano str\u0117li\u0173 jud\u0117jimui valdyti atliekant \u017eem\u0117s darbus, med\u017eiag\u0173 tvarkym\u0105 ir konstrukcij\u0173 montavim\u0105.<\/p>\n<p>2. Gamyba: Automatizuotose gamybos linijose ranken\u0173 cilindrai valdo mechanini\u0173 ranken\u0173 jud\u0117jim\u0105 surinkimo, suvirinimo ir tvarkymo procesuose, taip pagerindami gamybos efektyvum\u0105 ir tikslum\u0105.<\/p>\n<p>3. \u017dem\u0117s \u016bkio technika: \u017dem\u0117s \u016bkio technikoje, pavyzd\u017eiui, derliaus nu\u0117mimo ir sodinimo ma\u0161inose, svir\u010di\u0173 cilindrai valdo valdymo svir\u010di\u0173 jud\u0117jim\u0105 atliekant tokias u\u017eduotis kaip s\u0117ja, tr\u0119\u0161imas ir derliaus nu\u0117mimas.<\/p>\n<p>4. Kasyba: Kasybos \u012frangoje svirtiniai cilindrai naudojami kasybos \u012frangos jud\u0117jimui valdyti r\u016bdos gavybai ir tvarkymui.<\/p>\n<p>5. Logistika ir transportavimas: \u0160akiniuose krautuvuose ir krovini\u0173 tvarkymo robotuose krovinio k\u0117limui ir jud\u0117jimui valdyti naudojami rank\u0173 cilindrai, leid\u017eiantys tvarkyti ir sukrauti med\u017eiagas.<\/p>\n<p>Projektavimo aspektai ir atrankos standartai<\/p>\n<p>Toliau pateikiami kai kurie svirtini\u0173 cilindr\u0173 projektavimo aspektai ir pasirinkimo standartai:<\/p>\n<p>1. Apkrova: Svirties cilindrai turi b\u016bti suprojektuoti taip, kad atlaikyt\u0173 jiems eksploatacijos metu tenkan\u010dias apkrovas.<\/p>\n<p>2. Sandarinimas: Svirties cilindro sandarinimas yra b\u016btinas norint i\u0161vengti skys\u010dio nuot\u0117kio ir palaikyti tinkam\u0105 sl\u0117gio lyg\u012f.<\/p>\n<p>3. Patvarumas: Svirtiniai cilindrai turi b\u016bti pagaminti i\u0161 didelio stiprumo med\u017eiag\u0173, kad b\u016bt\u0173 u\u017etikrintas ilgas tarnavimo laikas ir atsparumas dilimui bei korozijai.<\/p>\n<p>4. Sauga: Svirtiniai cilindrai turi b\u016bti suprojektuoti atsi\u017evelgiant \u012f saugum\u0105, pavyzd\u017eiui, turint apsauginius vo\u017etuvus, kad b\u016bt\u0173 i\u0161vengta per didelio sl\u0117gio padid\u0117jimo.<\/p>\n<p>5. Prie\u017ei\u016bra: Svirtiniai cilindrai turi b\u016bti lengvai pri\u017ei\u016brimi ir remontuojami, o dalys turi b\u016bti lengvai prieinamos, kad jas b\u016bt\u0173 galima pakeisti ir reguliariai tikrinti.<\/p>\n<p>Sandarinimas ir tepimas<\/p>\n<p>Svirtiniai cilindrai naudoja \u012fvairius sandarinimo komponentus, \u012fskaitant st\u016bmokli\u0173 sandarinimo \u017eiedus, kot\u0173 sandarinimo \u017eiedus ir kot\u0173 valytuv\u0173 sandariklius. \u0160ie sandarikliai paprastai gaminami i\u0161 poliuretano arba nitrilo kau\u010diuko \u2013 atsparios dilimui med\u017eiagos, galin\u010dios atlaikyti hidraulin\u0117s alyvos ir auk\u0161to sl\u0117gio poveik\u012f. Cilindro kiaurym\u0119 ir koto pavir\u0161i\u0173 paprastai apdorojama siekiant pagerinti atsparum\u0105 dilimui, tod\u0117l norint u\u017etikrinti skland\u0173 veikim\u0105, b\u016btina reguliariai tepti hidrauline alyva.<\/p>\n<p>Prie\u017ei\u016bra ir atsargumo priemon\u0117s<\/p>\n<p>Norint u\u017etikrinti optimal\u0173 na\u0161um\u0105, b\u016btina reguliariai tikrinti ir atlikti profilaktin\u0119 svirties cilindr\u0173 prie\u017ei\u016br\u0105. Toliau pateikiamos kelios prevencin\u0117s priemon\u0117s:<\/p>\n<p>1. Reguliariai tikrinkite cilindr\u0105, ar n\u0117ra susid\u0117v\u0117jimo ar pa\u017eeidim\u0173 po\u017eymi\u0173.<\/p>\n<p>2. Susid\u0117v\u0117jusi\u0173 arba pa\u017eeist\u0173 sandarikli\u0173 keitimas, siekiant i\u0161vengti skys\u010di\u0173 nuot\u0117kio.<\/p>\n<p>3. Hidraulinio skys\u010dio lygio ir kokyb\u0117s patikrinimas ir, jei reikia, pakeitimas.<\/p>\n<p>Diegimo vadovas<\/p>\n<p>Svirtini\u0173 cilindr\u0173 montavimas reikalauja kruop\u0161taus d\u0117mesio detal\u0117ms ir saugos protokol\u0173 laikymosi. Toliau pateikiamos kelios montavimo instrukcijos:<\/p>\n<p>1. \u012esitikinkite, kad pakaitinis cilindras yra suderinamas su mechanizmu.<\/p>\n<p>2. I\u0161valykite hidraulin\u0119 sistem\u0105 ir jos komponentus, kad i\u0161vengtum\u0117te u\u017eter\u0161imo.<\/p>\n<p>3. Atsargiai sumontuokite cilindr\u0105 ir \u012fsitikinkite, kad jis tinkamai sulygiuotas ir pritvirtintas.<\/p>\n<p>4. Atlikite funkcij\u0173 bandym\u0105, kad \u012fsitikintum\u0117te, jog veikia tinkamai.<\/p>\n<p>Saugos aspektai ir aplinkos veiksniai<\/p>\n<p>Svirtiniai cilindrai turi b\u016bti naudojami atsargiai, kad b\u016bt\u0173 i\u0161vengta su\u017ealojim\u0173 ar \u012frangos sugadinimo. Turi b\u016bti \u012frengtos saugos priemon\u0117s, tokios kaip apsauginiai vo\u017etuvai ir sl\u0117gio matuokliai, kad b\u016bt\u0173 i\u0161vengta per didelio sl\u0117gio padid\u0117jimo. Aplinkos veiksniai, tokie kaip temperat\u016bra ir dr\u0117gm\u0117, gali tur\u0117ti \u012ftakos svirtini\u0173 cilindr\u0173 veikimui, tod\u0117l \u012f juos reikia atsi\u017evelgti renkantis cilindr\u0105.<\/p>\n<p>Gedim\u0173 diagnostika ir da\u017eniausios problemos<\/p>\n<p>Da\u017enos svirtini\u0173 cilindr\u0173 problemos yra skys\u010dio nuot\u0117kis, strypo pa\u017eeidimai ir st\u016bmoklio pa\u017eeidimai. \u0160ios problemos gali atsirasti d\u0117l per didelio sl\u0117gio, u\u017eter\u0161imo arba sandarikli\u0173 pa\u017eeidimo. Norint diagnozuoti \u0161ias problemas, b\u016btina ap\u017ei\u016br\u0117ti cilindr\u0105 ir nustatyti problemos prie\u017east\u012f. Greitas remontas arba pakeitimas gali pad\u0117ti i\u0161vengti tolesn\u0117s \u017ealos ir u\u017etikrinti optimal\u0173 veikim\u0105.<\/p>\n<p>I\u0161vada<\/p>\n<p>Kaip profesionalus hidraulini\u0173 cilindr\u0173 gamintojas, si\u016blome \u012fvairius auk\u0161tos kokyb\u0117s svirtinius cilindrus, kurie u\u017etikrina galing\u0105 tiesin\u012f judes\u012f ir tiksl\u0173 \u012fvairi\u0173 tip\u0173 ma\u0161in\u0173 valdym\u0105. M\u016bs\u0173 gaminiai pagaminti i\u0161 didelio stiprumo med\u017eiag\u0173 ir yra grie\u017etai kontroliuojami, siekiant u\u017etikrinti patikim\u0105 veikim\u0105 at\u0161iauriomis s\u0105lygomis. Esame \u012fsipareigoj\u0119 savo klientams tiekti efektyvius, tikslius ir auk\u0161tos kokyb\u0117s hidraulinius cilindrus. <\/p>\n<p>M\u016bs\u0173 \u012fmon\u0117 yra pasiry\u017eusi teikti klientams individualiai pritaikytas paslaugas, auk\u0161tos kokyb\u0117s gamybos \u012frang\u0105 ir puik\u0173 aptarnavim\u0105 po pardavimo. M\u016bs\u0173 produktai yra sertifikuoti tarptautiniu mastu, o mes turime profesional\u0173 komand\u0105, kuri gali pad\u0117ti \u012fgyvendinti bet kokius projekto poreikius. M\u016bs\u0173 tikslas \u2013 suteikti savo klientams geriausius \u012fmanomus sprendimus, atitinkan\u010dius j\u0173 poreikius ir reikalavimus. <\/p>\n<p>Autorius: lyl<\/p>","protected":false},"excerpt":{"rendered":"<p>Arm Cylinder For Zoomlion Large Excavator ZE520E Arm cylinder is a specially designed hydraulic cylinder that provides linear motion and power for the arms of various types of machinery, such as excavators, cranes, and mechanical arms. The arm cylinder plays a key role in the hydraulic system, enabling add-on tools or attachments to move and [&hellip;]<\/p>","protected":false},"featured_media":14759,"comment_status":"open","ping_status":"closed","template":"","meta":{"_et_pb_use_builder":"","_et_pb_old_content":"","_et_gb_content_width":""},"product_brand":[],"product_cat":[1497],"product_tag":[1498,1496],"class_list":{"0":"post-16434","1":"product","2":"type-product","3":"status-publish","4":"has-post-thumbnail","6":"product_cat-arm-cylinders","7":"product_tag-arm-cylinders","8":"product_tag-hydraulic-cylinders","10":"first","11":"instock","12":"shipping-taxable","13":"product-type-simple"},"amp_enabled":true,"_links":{"self":[{"href":"https:\/\/www.hydraulic-cylinders.net\/lt\/wp-json\/wp\/v2\/product\/16434","targetHints":{"allow":["GET"]}}],"collection":[{"href":"https:\/\/www.hydraulic-cylinders.net\/lt\/wp-json\/wp\/v2\/product"}],"about":[{"href":"https:\/\/www.hydraulic-cylinders.net\/lt\/wp-json\/wp\/v2\/types\/product"}],"replies":[{"embeddable":true,"href":"https:\/\/www.hydraulic-cylinders.net\/lt\/wp-json\/wp\/v2\/comments?post=16434"}],"wp:featuredmedia":[{"embeddable":true,"href":"https:\/\/www.hydraulic-cylinders.net\/lt\/wp-json\/wp\/v2\/media\/14759"}],"wp:attachment":[{"href":"https:\/\/www.hydraulic-cylinders.net\/lt\/wp-json\/wp\/v2\/media?parent=16434"}],"wp:term":[{"taxonomy":"product_brand","embeddable":true,"href":"https:\/\/www.hydraulic-cylinders.net\/lt\/wp-json\/wp\/v2\/product_brand?post=16434"},{"taxonomy":"product_cat","embeddable":true,"href":"https:\/\/www.hydraulic-cylinders.net\/lt\/wp-json\/wp\/v2\/product_cat?post=16434"},{"taxonomy":"product_tag","embeddable":true,"href":"https:\/\/www.hydraulic-cylinders.net\/lt\/wp-json\/wp\/v2\/product_tag?post=16434"}],"curies":[{"name":"wp","href":"https:\/\/api.w.org\/{rel}","templated":true}]}}