{"id":16435,"date":"2025-01-20T09:15:23","date_gmt":"2025-01-20T09:15:23","guid":{"rendered":"https:\/\/www.hydraulic-cylinders.net\/product\/arm-cylinderfor-zoomlion-large-excavator-ze480esp\/"},"modified":"2025-01-20T09:15:32","modified_gmt":"2025-01-20T09:15:32","slug":"arm-cylinderfor-zoomlion-large-excavator-ze480esp","status":"publish","type":"product","link":"https:\/\/www.hydraulic-cylinders.net\/lt\/produktas\/arm-cylinderfor-zoomlion-large-excavator-ze480esp\/","title":{"rendered":"Zoomlion didelio ekskavatoriaus ZE480ESP rankenos cilindras"},"content":{"rendered":"<p>Zoomlion didelio ekskavatoriaus ZE480ESP rankenos cilindras<\/p>\n<p>Svirties cilindras yra specializuotas hidraulinis cilindras, skirtas u\u017etikrinti tiesin\u012f jud\u0117jim\u0105 ir gali\u0105 \u012fvairi\u0173 ma\u0161in\u0173, toki\u0173 kaip ekskavatoriai, kranai ir robotin\u0117s svirtys, svirtims. Jis atlieka labai svarb\u0173 vaidmen\u012f hidraulin\u0117se sistemose, nes leid\u017eia jud\u0117ti ir efektyviai valdyti papildomus \u012frankius ar priedus. \u0160ie cilindrai ne tik u\u017etikrina skland\u0173 jud\u0117jim\u0105, bet ir atlaiko dideles apkrovas, u\u017etikrindami efektyv\u0173 ma\u0161inos veikim\u0105 ir patikimum\u0105 \u012fvairiomis darbo s\u0105lygomis.<\/p>\n<p>Apibr\u0117\u017eimas ir paai\u0161kinimas<\/p>\n<p>Svirties cilindras yra hidraulinio cilindro tipas, u\u017etikrinantis tiesin\u012f judes\u012f ir gali\u0105 \u012fvairi\u0173 ma\u0161in\u0173 svirtims. Tai esminis hidraulin\u0117s sistemos komponentas, leid\u017eiantis svirtims jud\u0117ti ir b\u016bti efektyviai valdomoms. Svirties cilindrai yra sukurti taip, kad atlaikyt\u0173 dideles apkrovas ir u\u017etikrint\u0173 skland\u0173 jud\u0117jim\u0105, siekiant u\u017etikrinti efektyv\u0173 ma\u0161inos veikim\u0105 ir patikimum\u0105 \u012fvairiomis darbo s\u0105lygomis.<\/p>\n<p>Savyb\u0117s<\/p>\n<p>Svirtiniai cilindrai pasi\u017eymi keliomis i\u0161skirtin\u0117mis savyb\u0117mis, kurios juos i\u0161skiria i\u0161 kit\u0173 hidraulini\u0173 cilindr\u0173. Kai kurios pagrindin\u0117s savyb\u0117s yra \u0161ios:<\/p>\n<p>1. Didelio efektyvumo transmisija: Svirtiniai cilindrai u\u017etikrina galing\u0105 tiesin\u012f judes\u012f ir j\u0117g\u0105, u\u017etikrindami didel\u012f robotini\u0173 rank\u0173 efektyvum\u0105 \u012fvairi\u0173 operacij\u0173 metu.<\/p>\n<p>2. Tikslus valdymas: Naudojant hidraulin\u0119 sistem\u0105, svirties cilindrai gali pasiekti tiksl\u0173 judesio valdym\u0105, tod\u0117l pritvirtint\u0173 \u012franki\u0173 valdymas tampa lankstesnis ir tikslesnis.<\/p>\n<p>3. Didelis patvarumas: Svirtiniai cilindrai paprastai gaminami i\u0161 didelio stiprumo med\u017eiag\u0173, kurios pasi\u017eymi puikiu atsparumu dilimui ir korozijai, tod\u0117l tinka ilgalaikiam naudojimui at\u0161iauriomis s\u0105lygomis.<\/p>\n<p>4. Daugiafunkcis pritaikomumas: \u0160ie cilindrai gali b\u016bti pla\u010diai naudojami \u012fvairiuose mechaniniuose \u012frenginiuose, tokiuose kaip ekskavatoriai, kranai ir robot\u0173 svirtys, prisitaikant prie skirting\u0173 darbo reikalavim\u0173.<\/p>\n<p>5. Lengva prie\u017ei\u016bra: Svirtini\u0173 cilindr\u0173 konstrukcija skirta lengvam techniniam aptarnavimui ir keitimui, tod\u0117l periodin\u0117 ap\u017ei\u016bra ir prie\u017ei\u016bra yra patogesn\u0117, o \u012frangos prastovos laikas sutrump\u0117ja.<\/p>\n<p>Gamyba<\/p>\n<p>Mes galime pagaminti \u0161\u012f produkt\u0105, ir m\u016bs\u0173 produktas gali puikiai pakeisti \u0161iuos hidraulinius cilindrus. Turime plat\u0173 hidraulini\u0173 cilindr\u0173 asortiment\u0105, \u012fvairi\u0173 dyd\u017ei\u0173 ir specifikacij\u0173, kad patenkintume skirtingus klient\u0173 poreikius. Taip pat teikiame individualias paslaugas, kad patenkintume konkre\u010dius klient\u0173 reikalavimus.<\/p>\n<p>Parai\u0161ka<\/p>\n<p>D\u0117l puiki\u0173 savybi\u0173 svirtiniai cilindrai pla\u010diai naudojami \u012fvairiose pramon\u0117s \u0161akose. Jie da\u017eniausiai naudojami \u0161iose srityse:<\/p>\n<p>1. Statybos in\u017einerija: ekskavatoriuose ir kranuose str\u0117li\u0173 cilindrai naudojami kau\u0161\u0173 ar str\u0117li\u0173 jud\u0117jimui valdyti, atliekant \u017eem\u0117s darbus, med\u017eiag\u0173 tvarkym\u0105 ir konstrukcij\u0173 montavim\u0105.<\/p>\n<p>2. Gamybos pramon\u0117: Automatizuotose gamybos linijose ranken\u0173 cilindrai naudojami robot\u0173 ranken\u0173 judesiui valdyti, atliekant surinkimo, suvirinimo ir tvarkymo procesus, taip gerinant gamybos efektyvum\u0105 ir tikslum\u0105.<\/p>\n<p>3. \u017dem\u0117s \u016bkio technika: \u017dem\u0117s \u016bkio technikoje, pavyzd\u017eiui, derliaus nu\u0117mimo ir s\u0117jamosiose, svir\u010di\u0173 cilindrai valdo valdymo svir\u010di\u0173 jud\u0117jim\u0105, atlikdami tokias u\u017eduotis kaip s\u0117ja, tr\u0119\u0161imas ir derliaus nu\u0117mimas.<\/p>\n<p>4. Kasyba: Svirties cilindrai naudojami kasybos \u012frangos svirties jud\u0117jimui valdyti, atliekant kasyb\u0105 ir r\u016bdos transportavim\u0105.<\/p>\n<p>5. Logistika ir transportavimas: \u0160akiniuose krautuvuose ir krovini\u0173 krovimo robotuose svir\u010di\u0173 cilindrai naudojami \u0161aki\u0173 k\u0117limui ir jud\u0117jimui valdyti, taip u\u017etikrinant med\u017eiag\u0173 tvarkym\u0105 ir krovim\u0105.<\/p>\n<p>Projektavimo aspektai ir atrankos kriterijai<\/p>\n<p>Svirtini\u0173 cilindr\u0173 projektavimo ir pasirinkimo kriterijai apima kelis veiksnius, tokius kaip keliamoji galia, sandarumas, ilgaam\u017ei\u0161kumas, saugumas ir prie\u017ei\u016bra.<\/p>\n<p>1. Keliamoji galia: Svirties cilindro keliamoji galia yra labai svarbus veiksnys, \u012f kur\u012f reikia atsi\u017evelgti renkantis tinkam\u0105 cilindr\u0105 konkre\u010diam atvejui. Keliamoji galia tur\u0117t\u0173 b\u016bti parenkama atsi\u017evelgiant \u012f naudojamos technikos tip\u0105 ir pried\u0105.<\/p>\n<p>2. Sandarinimas: Svirtiniai cilindrai naudoja sandariklius, kad b\u016bt\u0173 i\u0161vengta skys\u010dio nuot\u0117kio ir palaikomas hidraulin\u0117s sistemos sl\u0117gis. Norint u\u017etikrinti efektyv\u0173 veikim\u0105 ir i\u0161vengti galim\u0173 nuot\u0117ki\u0173, b\u016btina pasirinkti tinkamas sandarinimo med\u017eiagas ir konstrukcijas.<\/p>\n<p>3. Patvarumas: Svirtiniai cilindrai da\u017enai yra veikiami at\u0161iauri\u0173 aplinkos s\u0105lyg\u0173 ir dideli\u0173 apkrov\u0173. Didelio stiprumo med\u017eiag\u0173 pasirinkimas, tinkamas terminis apdorojimas ir pavir\u0161iaus apdorojimas gali pagerinti cilindro atsparum\u0105 dilimui ir korozijai, taip padidinant jo ilgaam\u017ei\u0161kum\u0105.<\/p>\n<p>4. Sauga: Svirtiniai cilindrai da\u017enai naudojami ma\u0161inose, kurioms keliami auk\u0161ti saugos standartai. Tod\u0117l tinkam\u0173 saugos funkcij\u0173, toki\u0173 kaip sl\u0117gio ma\u017einimo vo\u017etuvai, ang\u0173 u\u017erakinimo mechanizmai ir cilindr\u0173 pagalv\u0117l\u0117s, pasirinkimas gali pad\u0117ti i\u0161vengti nelaiming\u0173 atsitikim\u0173 ir suma\u017einti \u017eal\u0105.<\/p>\n<p>5. Prie\u017ei\u016bra: Svirtini\u0173 cilindr\u0173 projektavimas taip, kad juos b\u016bt\u0173 lengva pri\u017ei\u016br\u0117ti ir remontuoti, sutrumpina ma\u0161in\u0173 prastovas ir taupo remonto i\u0161laidas. Tod\u0117l b\u016btina pasirinkti tinkamus sandarikli\u0173, tvirtinimo detali\u0173 ir komponent\u0173, kuriems reikalinga da\u017ena prie\u017ei\u016bra, dizainus.<\/p>\n<p>Sandarinimas ir tepimas<\/p>\n<p>Svirtiniai cilindrai reikalauja tinkamo sandarinimo ir tepimo, kad b\u016bt\u0173 u\u017etikrintas efektyvus veikimas ir i\u0161vengta galim\u0173 nuot\u0117ki\u0173. Siekiant i\u0161vengti skys\u010dio nuot\u0117kio, galima naudoti \u012fvairias sandarinimo med\u017eiagas, tokias kaip st\u016bmokli\u0173 sandarikliai, stryp\u0173 sandarikliai ir valytuv\u0173 sandarikliai. Labai svarbu pasirinkti tinkamas sandarinimo med\u017eiagas, atsi\u017evelgiant \u012f cilindro darbo aplink\u0105 ir apkrov\u0105.<\/p>\n<p>Be to, svirties cilindrus reikia periodi\u0161kai tepti tinkama hidrauline alyva, kad b\u016bt\u0173 i\u0161vengta trinties ir dilimo tarp judan\u010di\u0173 dali\u0173. Labai svarbu reguliariai \u012f cilindr\u0105 \u012fpilti reikiam\u0105 kiek\u012f hidraulin\u0117s alyvos.<\/p>\n<p>Periodin\u0117 ap\u017ei\u016bra ir prevencin\u0117 prie\u017ei\u016bra<\/p>\n<p>Reguliarus patikrinimas ir profilaktin\u0117 prie\u017ei\u016bra yra b\u016btini siekiant u\u017etikrinti efektyv\u0173 svirtini\u0173 cilindr\u0173 veikim\u0105 ir ilgaam\u017ei\u0161kum\u0105. Reik\u0117t\u0173 atsi\u017evelgti \u012f \u0161iuos dalykus:<\/p>\n<p>1. Reguliariai tikrinkite visas jungtis ir tvirtinimo detales, kad \u012fsitikintum\u0117te, jog jos yra tvirtos.<\/p>\n<p>2. Periodi\u0161kai tikrinkite sandariklio b\u016bkl\u0119, kad i\u0161vengtum\u0117te galim\u0173 nuot\u0117ki\u0173.<\/p>\n<p>3. Reguliariai sutepkite svirties cilindr\u0105 tinkama hidrauline alyva.<\/p>\n<p>4. Patikrinkite cilindro susid\u0117v\u0117jim\u0105 ir, jei reikia, pakeiskite j\u012f.<\/p>\n<p>5. Patikrinkite saugos funkcijas, tokias kaip sl\u0117gio ma\u017einimo vo\u017etuvai, ang\u0173 fiksavimo mechanizmai ir cilindr\u0173 pagalv\u0117l\u0117s.<\/p>\n<p>Diegimo vadovas<\/p>\n<p>Norint tinkamai sumontuoti cilindro formos ranken\u0105, reikia atlikti \u0161iuos veiksmus:<\/p>\n<p>1. Prie\u0161 montuodami patikrinkite, ar svirties cilindras nepa\u017eeistas ir ar netr\u016bksta dali\u0173.<\/p>\n<p>2. Prie\u0161 montuodami nuvalykite visas jungtis ir tvirtinimo detales.<\/p>\n<p>3. Sumontuokite svirties cilindr\u0105 pagal gamintojo instrukcijas.<\/p>\n<p>4. Patikrinkite, ar visos jungtys ir tvirtinimo detal\u0117s yra tvirtai pritvirtintos.<\/p>\n<p>5. Prie\u0161 naudodami patikrinkite svirties cilindro veikim\u0105.<\/p>\n<p>Saugos aspektai ir aplinkos veiksniai<\/p>\n<p>Svirtini\u0173 cilindr\u0173 eksploatavimo metu reikia grie\u017etai laikytis saugos reikalavim\u0173, kad b\u016bt\u0173 i\u0161vengta galim\u0173 nelaiming\u0173 atsitikim\u0173. Operatoriai tur\u0117t\u0173 b\u016bti apmokyti tinkamai naudoti ir elgtis su \u012frenginiais, kad b\u016bt\u0173 i\u0161vengta bet koki\u0173 su svirtiniais cilindrais susijusi\u0173 pavoj\u0173. Be to, aplinkos veiksniai, tokie kaip temperat\u016bra ir dr\u0117gm\u0117, gali tur\u0117ti \u012ftakos svirtinio cilindro veikimui, tod\u0117l reikia tinkamai atsi\u017evelgti \u012f eksploatavimo s\u0105lygas, kad b\u016bt\u0173 u\u017etikrintas efektyvus veikimas.<\/p>\n<p>Trik\u010di\u0173 \u0161alinimas ir da\u017eniausios problemos<\/p>\n<p>Svirtiniai cilindrai gali susidurti su keliomis da\u017enomis problemomis, tokiomis kaip skys\u010dio nuot\u0117kis, nepakankamas sl\u0117gis arba l\u0117tas veikimas. Tinkama ap\u017ei\u016bra ir trik\u010di\u0173 \u0161alinimas gali pad\u0117ti diagnozuoti ir i\u0161spr\u0119sti \u0161ias problemas. Reik\u0117t\u0173 imtis \u0161i\u0173 veiksm\u0173:<\/p>\n<p>1. Atid\u017eiai ap\u017ei\u016br\u0117kite cilindr\u0105, ar n\u0117ra matom\u0173 pa\u017eeidim\u0173 ar nuot\u0117ki\u0173.<\/p>\n<p>2. Patikrinkite hidraulin\u0117s sistemos sl\u0117g\u012f ir sraut\u0105.<\/p>\n<p>3. Patikrinkite, ar tarpin\u0117 n\u0117ra susid\u0117v\u0117jusi ar pa\u017eeista.<\/p>\n<p>4. Patikrinkite cilindro lygiavim\u0105, kad \u012fsitikintum\u0117te, jog jis tinkamai sumontuotas.<\/p>\n<p>5. Patikrinkite hidraulin\u0117s alyvos lyg\u012f ir \u012fsitikinkite, kad jos tipas ir kiekis yra tinkamo lygio.<\/p>\n<p>Gedim\u0173 diagnostika ir sprendimas<\/p>\n<p>Tinkama prie\u017ei\u016bra ir patikra gali suma\u017einti svirtini\u0173 cilindr\u0173 gedim\u0173 rizik\u0105. Ta\u010diau jei gedimai atsiranda, \u0161ie veiksmai gali pad\u0117ti diagnozuoti ir i\u0161spr\u0119sti problemas:<\/p>\n<p>1. Nustatykite gedimo prie\u017east\u012f, pvz., nuot\u0117kius, nepakankam\u0105 sl\u0117g\u012f arba l\u0117t\u0105 veikim\u0105.<\/p>\n<p>2. Atid\u017eiai ap\u017ei\u016br\u0117kite svirties cilindr\u0105, ar n\u0117ra matom\u0173 pa\u017eeidim\u0173 ar nuot\u0117ki\u0173.<\/p>\n<p>3. Patikrinkite hidraulin\u0117s sistemos sl\u0117g\u012f ir sraut\u0105.<\/p>\n<p>4. Patikrinkite, ar tarpin\u0117 n\u0117ra susid\u0117v\u0117jusi ar pa\u017eeista.<\/p>\n<p>5. Patikrinkite hidraulin\u0117s alyvos lyg\u012f ir \u012fsitikinkite, kad jos tipas ir kiekis yra tinkamo lygio.<\/p>\n<p>6. Prireikus pakeiskite arba sutaisykite sugedusius komponentus.<\/p>\n<p>\u012emon\u0117s pristatymas<\/p>\n<p>Esame profesionalus hidraulini\u0173 cilindr\u0173 gamintojas, si\u016blantis plat\u0173 auk\u0161tos kokyb\u0117s hidraulini\u0173 cilindr\u0173 asortiment\u0105 su \u012fvairiomis specifikacijomis ir dyd\u017eiais. Tapome vienu i\u0161 pirmaujan\u010di\u0173 hidraulini\u0173 cilindr\u0173 gamintoj\u0173 ir didmenini\u0173 platintoj\u0173 vidaus ir tarptautin\u0117se rinkose.<\/p>\n<p>Vadovaujam\u0117s puikios kokyb\u0117s principu ir, siekdami nuolat tobulinti savo techninius paj\u0117gumus bei gamybos efektyvum\u0105, remiam\u0117s industrializuota gamybos valdymo strategija, pasitelkdami modernias gamybos dirbtuves. \u012edieg\u0117me auk\u0161\u010diausios klas\u0117s skaitmenin\u0119 gamybos \u012frang\u0105 ir profesionalias testavimo sistemas, kad optimizuotume gamybos platform\u0105 ir patobulintume gamini\u0173 kokyb\u0117s kontrol\u0117s proces\u0105, tur\u0117dami stiprias inovacij\u0173 galimybes. <\/p>\n<p>Siekiame patenkinti \u012fvairius klient\u0173 poreikius, vadovaudamiesi efektyvumo, tikslumo ir auk\u0161tos kokyb\u0117s principais. Savo klientams teikiame profesionalias paslaugas, tarptautinius sertifikatus, individualiai pritaikytas paslaugas, gamybos \u012frang\u0105 ir garantin\u012f aptarnavim\u0105.<\/p>\n<p>Autorius: lyl.<\/p>","protected":false},"excerpt":{"rendered":"<p>Arm Cylinder for Zoomlion Large Excavator ZE480ESP Arm cylinder is a specialized hydraulic cylinder designed to provide linear motion and power to the arms of various machines such as excavators, cranes, and robotic arms. It plays a crucial role in hydraulic systems, allowing additional tools or attachments to move and be controlled effectively. These cylinders [&hellip;]<\/p>","protected":false},"featured_media":14786,"comment_status":"open","ping_status":"closed","template":"","meta":{"_et_pb_use_builder":"","_et_pb_old_content":"","_et_gb_content_width":""},"product_brand":[],"product_cat":[1497],"product_tag":[1498,1496],"class_list":{"0":"post-16435","1":"product","2":"type-product","3":"status-publish","4":"has-post-thumbnail","6":"product_cat-arm-cylinders","7":"product_tag-arm-cylinders","8":"product_tag-hydraulic-cylinders","10":"first","11":"instock","12":"shipping-taxable","13":"product-type-simple"},"amp_enabled":true,"_links":{"self":[{"href":"https:\/\/www.hydraulic-cylinders.net\/lt\/wp-json\/wp\/v2\/product\/16435","targetHints":{"allow":["GET"]}}],"collection":[{"href":"https:\/\/www.hydraulic-cylinders.net\/lt\/wp-json\/wp\/v2\/product"}],"about":[{"href":"https:\/\/www.hydraulic-cylinders.net\/lt\/wp-json\/wp\/v2\/types\/product"}],"replies":[{"embeddable":true,"href":"https:\/\/www.hydraulic-cylinders.net\/lt\/wp-json\/wp\/v2\/comments?post=16435"}],"wp:featuredmedia":[{"embeddable":true,"href":"https:\/\/www.hydraulic-cylinders.net\/lt\/wp-json\/wp\/v2\/media\/14786"}],"wp:attachment":[{"href":"https:\/\/www.hydraulic-cylinders.net\/lt\/wp-json\/wp\/v2\/media?parent=16435"}],"wp:term":[{"taxonomy":"product_brand","embeddable":true,"href":"https:\/\/www.hydraulic-cylinders.net\/lt\/wp-json\/wp\/v2\/product_brand?post=16435"},{"taxonomy":"product_cat","embeddable":true,"href":"https:\/\/www.hydraulic-cylinders.net\/lt\/wp-json\/wp\/v2\/product_cat?post=16435"},{"taxonomy":"product_tag","embeddable":true,"href":"https:\/\/www.hydraulic-cylinders.net\/lt\/wp-json\/wp\/v2\/product_tag?post=16435"}],"curies":[{"name":"wp","href":"https:\/\/api.w.org\/{rel}","templated":true}]}}