{"id":16439,"date":"2025-01-20T09:15:51","date_gmt":"2025-01-20T09:15:51","guid":{"rendered":"https:\/\/www.hydraulic-cylinders.net\/product\/arm-cylinderfor-zoomlion-large-excavator-ze1250e\/"},"modified":"2025-01-20T09:15:53","modified_gmt":"2025-01-20T09:15:53","slug":"arm-cylinderfor-zoomlion-large-excavator-ze1250e","status":"publish","type":"product","link":"https:\/\/www.hydraulic-cylinders.net\/lt\/produktas\/arm-cylinderfor-zoomlion-large-excavator-ze1250e\/","title":{"rendered":"Didelio ekskavatoriaus \u201eZoomlion ZE1250E\u201c rankenos cilindras"},"content":{"rendered":"<h1>Didelio ekskavatoriaus \u201eZoomlion ZE1250E\u201c rankenos cilindras<\/h1>\n<h2>\u012evadas<\/h2>\n<p>Svirties cilindras yra specializuotas hidraulinis cilindras, skirtas u\u017etikrinti tiesin\u012f jud\u0117jim\u0105 ir gali\u0105 \u012fvairi\u0173 tip\u0173 ma\u0161in\u0173, toki\u0173 kaip ekskavatoriai, kranai ir manipuliatoriai, svirtims. Jis atlieka labai svarb\u0173 vaidmen\u012f hidraulin\u0117je sistemoje, leisdamas priedams ar priedams jud\u0117ti ir b\u016bti efektyviai valdomiems. \u0160ie cilindrai ne tik u\u017etikrina skland\u0173 jud\u0117jim\u0105, bet ir atlaiko dideles apkrovas, taip u\u017etikrindami efektyv\u0173 ma\u0161inos veikim\u0105 ir patikimum\u0105 \u012fvairiomis eksploatavimo s\u0105lygomis.<\/p>\n<p><img decoding=\"async\" src=\"https:\/\/www.hydraulic-cylinders.net\/wp-content\/uploads\/2025\/01\/songte-company-2.webp\"\/><\/p>\n<h2>Savyb\u0117s<\/h2>\n<ul>\n<li>Didelio efektyvumo transmisija: Svirties cilindras u\u017etikrina galing\u0105 tiesin\u012f judes\u012f ir j\u0117g\u0105, u\u017etikrindamas auk\u0161t\u0105 manipuliatoriaus veikimo efektyvum\u0105 atliekant \u012fvairias operacijas.<\/li>\n<li>Tikslus valdymas: Hidraulin\u0117s sistemos d\u0117ka rankos cilindras gali tiksliai valdyti judes\u012f, tod\u0117l pried\u0173 valdymas tampa lankstesnis ir tikslesnis.<\/li>\n<li>Stiprus patvarumas: Svirties cilindras paprastai pagamintas i\u0161 didelio stiprumo med\u017eiag\u0173, pasi\u017eymin\u010di\u0173 geru atsparumu dilimui ir korozijai, tod\u0117l tinka ilgalaikiam naudojimui at\u0161iauriomis s\u0105lygomis.<\/li>\n<li>Daugiafunkcinis pritaikomumas: \u0160ie cilindrai gali b\u016bti pla\u010diai naudojami \u012fvairiuose mechaniniuose \u012frenginiuose, tokiuose kaip ekskavatoriai, kranai ir manipuliatoriai, kad atitikt\u0173 skirtingus darbo reikalavimus.<\/li>\n<li>Lengva prie\u017ei\u016bra: Projektuojant atsi\u017evelgiama \u012f lengv\u0105 prie\u017ei\u016br\u0105 ir keitim\u0105, tod\u0117l reguliari ap\u017ei\u016bra ir technin\u0117 prie\u017ei\u016bra yra patogesni, o \u012frangos prastovos laikas sutrump\u0117ja.<\/li>\n<\/ul>\n<p>Galime pagaminti \u0161\u012f produkt\u0105, kuris puikiai pakeis \u0161iuos hidraulinius cilindrus.<\/p>\n<p><img decoding=\"async\" src=\"https:\/\/www.hydraulic-cylinders.net\/wp-content\/uploads\/2025\/01\/songte-oil-pipes-and-spare-parts.webp\"\/><\/p>\n<h2>Parai\u0161kos<\/h2>\n<ul>\n<li>Statybos in\u017einerija: Ekskavatoriuose ir kranuose svirties cilindras naudojamas kau\u0161o arba str\u0117l\u0117s judesiui valdyti atliekant \u017eem\u0117s darbus, med\u017eiag\u0173 tvarkym\u0105 ir konstrukcij\u0173 montavim\u0105.<\/li>\n<li>Gamybos pramon\u0117: Automatizuotose gamybos linijose svirties cilindras naudojamas manipuliatoriams judinti surinkimo, suvirinimo ir tvarkymo procesuose, taip pagerinant gamybos efektyvum\u0105 ir tikslum\u0105.<\/li>\n<li>\u017dem\u0117s \u016bkio technika: \u017dem\u0117s \u016bkio technikoje, tokioje kaip derliaus nu\u0117mimo ma\u0161inos ir s\u0117jamosios, svirties cilindras valdo svirties veikim\u0105 atliekant tokias u\u017eduotis kaip s\u0117ja, tr\u0119\u0161imas ir derliaus nu\u0117mimas.<\/li>\n<li>Kasyba: Kasybos \u012frangoje rankos cilindras naudojamas kasybos \u012frangos rankos judesiui valdyti kasant ir tvarkant r\u016bdas.<\/li>\n<li>Logistika ir transportavimas: \u0160akiniuose krautuvuose ir tvarkymo robotuose rankos cilindras naudojamas \u0161ak\u0117s k\u0117limui ir jud\u0117jimui valdyti, u\u017etikrinant med\u017eiag\u0173 tvarkym\u0105 ir krovim\u0105.<\/li>\n<\/ul>\n<h2>Projektavimo aspektai ir atrankos kriterijai<\/h2>\n<ul>\n<li>Guoli\u0173 geba: Svirties cilindras turi b\u016bti suprojektuotas taip, kad atlaikyt\u0173 maksimali\u0105 mechanizm\u0173, kuriuose jis naudojamas, apkrov\u0105.<\/li>\n<li>Sandarinimas: Siekiant i\u0161vengti hidraulin\u0117s alyvos nutek\u0117jimo, reikia pasirinkti \u012fvairius sandarinimo komponentus, tokius kaip st\u016bmoklio sandarikliai, strypo sandarikliai ir kt.<\/li>\n<li>Patvarumas: Svirties cilindrui tur\u0117t\u0173 b\u016bti naudojamos didelio stiprumo med\u017eiagos, kad b\u016bt\u0173 u\u017etikrintas atsparumas dilimui ir korozijai bei pailgintas cilindro tarnavimo laikas.<\/li>\n<li>Sauga: Svirties cilindras turi b\u016bti suprojektuotas taip, kad b\u016bt\u0173 i\u0161vengta nelaiming\u0173 atsitikim\u0173 ir u\u017etikrintas operatori\u0173 bei \u012frangos saugumas.<\/li>\n<li>Prie\u017ei\u016bra: Svirties cilindras tur\u0117t\u0173 b\u016bti suprojektuotas taip, kad j\u012f b\u016bt\u0173 lengva pri\u017ei\u016br\u0117ti ir remontuoti, taip sutrumpinant \u012frangos prastovas.<\/li>\n<\/ul>\n<p><img decoding=\"async\" src=\"https:\/\/www.hydraulic-cylinders.net\/wp-content\/uploads\/2025\/01\/songte-cylinder-head-with-all-kinds-excavator-models.webp\"\/><\/p>\n<h2>Sandarinimas ir tepimas<\/h2>\n<p>Svirties cilindre naudojami \u012fvair\u016bs sandarinimo komponentai, tokie kaip st\u016bmoklio ir strypo sandarikliai, kurie pagaminti i\u0161 atspari\u0173 dilimui med\u017eiag\u0173, toki\u0173 kaip poliuretanas ir nitrilo kau\u010diukas, siekiant i\u0161vengti hidraulin\u0117s alyvos nutek\u0117jimo. Cilindro korpusas ir srieginis galinis pavir\u0161ius yra tiksliai apdirbti, siekiant pagerinti atsparum\u0105 dilimui. Tepimui reikalingas reguliarus atitinkamas hidraulin\u0117s alyvos kiekis.<\/p>\n<h2>Reguliarios patikros ir prevencin\u0117s prie\u017ei\u016bros priemon\u0117s<\/h2>\n<ul>\n<li>Reguliariai tikrinkite sandarinimo komponentus ir prireikus juos pakeiskite.<\/li>\n<li>Patikrinkite cilindro korpus\u0105 ir galin\u012f pavir\u0161i\u0173, ar jie nesusid\u0117v\u0117j\u0119, ir prireikus pakeiskite.<\/li>\n<li>Reguliariai keiskite hidraulin\u0119 alyv\u0105 ir palaikykite alyvos \u0161var\u0105.<\/li>\n<li>Reguliariai tikrinkite saugos komponentus ir prireikus juos pakeiskite.<\/li>\n<li>Reguliariai pri\u017ei\u016br\u0117kite ir remontuokite hidraulin\u0119 sistem\u0105, kad i\u0161vengtum\u0117te galim\u0173 problem\u0173.<\/li>\n<\/ul>\n<p><img decoding=\"async\" src=\"https:\/\/www.hydraulic-cylinders.net\/wp-content\/uploads\/2025\/01\/songte-chushion-collar.webp\"\/><\/p>\n<h2>Produkto diegimo vadovas<\/h2>\n<ol>\n<li>Patikrinkite, ar cilindras atitinka \u012frang\u0105, ir sumontuokite cilindr\u0105 pagal instrukcijas.<\/li>\n<li>Prijunkite hidraulin\u012f vamzdyn\u0105 prie cilindro ir kruop\u0161\u010diai nuvalykite \u0161ias dalis, kad i\u0161vengtum\u0117te u\u017eter\u0161imo.<\/li>\n<li>Pripildykite cilindr\u0105 hidraulin\u0117s alyvos ir patikrinkite, ar n\u0117ra nuot\u0117ki\u0173.<\/li>\n<li>Patikrinkite cilindr\u0105, kad \u012fsitikintum\u0117te, jog jis veikia skland\u017eiai ir tinkamai.<\/li>\n<\/ol>\n<h2>Saugos aspektai ir aplinkos veiksniai<\/h2>\n<p>Naudojant svirtin\u012f cilindr\u0105, b\u016btina laikytis saugos nurodym\u0173, kad b\u016bt\u0173 i\u0161vengta nelaiming\u0173 atsitikim\u0173 ir u\u017etikrintas operatori\u0173 bei \u012frangos saugumas. Taip pat reik\u0117t\u0173 atsi\u017evelgti \u012f aplinkos veiksnius, tokius kaip temperat\u016bra, dr\u0117gm\u0117 ir dulk\u0117s, siekiant u\u017etikrinti tinkam\u0105 cilindro veikim\u0105.<\/p>\n<h2>Trik\u010di\u0173 \u0161alinimas ir da\u017eniausios problemos<\/h2>\n<ul>\n<li>Problema: Cilindras nejuda arba juda l\u0117tai.<\/li>\n<li>Sprendimas: patikrinkite, ar pakanka hidraulin\u0117s alyvos ir ar vamzdynas neu\u017esikim\u0161\u0119s arba neprateka.<\/li>\n<li>Problema: Cilindre yra nuot\u0117kis.<\/li>\n<li>Sprendimas: patikrinkite, ar nepa\u017eeisti sandarinimo komponentai arba ar susid\u0117v\u0117j\u0119s cilindro korpusas arba srieginis galinis pavir\u0161ius.<\/li>\n<li>Problema: Cilindras veikimo metu skleid\u017eia ne\u012fprastus garsus.<\/li>\n<li>Sprendimas: patikrinkite, ar cilindro korpusas n\u0117ra deformuotas arba ar st\u016bmoklis ar kotas n\u0117ra pa\u017eeisti.<\/li>\n<\/ul>\n<p>Prevencin\u0117s priemon\u0117s apima reguliari\u0105 ap\u017ei\u016br\u0105 ir technin\u0119 prie\u017ei\u016br\u0105, siekiant i\u0161vengti galim\u0173 problem\u0173, taip pat saugos nurodym\u0173 laikym\u0105si, siekiant i\u0161vengti nelaiming\u0173 atsitikim\u0173.<\/p>\n<p><img decoding=\"async\" src=\"https:\/\/www.hydraulic-cylinders.net\/wp-content\/uploads\/2025\/01\/songte-bushings-with-all-kinds-of-excavator-models.webp\"\/><\/p>\n<h2>Apie mus<\/h2>\n<p>Esame profesionalus pakaitini\u0173 hidraulini\u0173 cilindr\u0173 gamintojas, si\u016blantis plat\u0173 gamini\u0173 asortiment\u0105 ir tap\u0119s vienu i\u0161 pirmaujan\u010di\u0173 hidraulini\u0173 cilindr\u0173 gamintoj\u0173 ir didmenini\u0173 platintoj\u0173 vidaus ir tarptautin\u0117se rinkose. Laikom\u0117s puikios kokyb\u0117s principo ir pasikliaujame tiksliosios gamybos dirbtuvi\u0173 industrializuota gamybos valdymo strategija, kad nuolat gerintume savo technin\u012f lyg\u012f ir gamybos efektyvum\u0105. Diegiant auk\u0161\u010diausios klas\u0117s skaitmenin\u0119 gamybos \u012frang\u0105 ir profesionalias bandym\u0173 sistemas, nuolat optimizuojame gamybos platform\u0105, tobuliname gamini\u0173 kokyb\u0117s kontrol\u0117s proces\u0105 ir turime stiprias inovacij\u0173 galimybes. M\u016bs\u0173 tikslas \u2013 patenkinti \u012fvairius klient\u0173 poreikius, u\u017etikrinant auk\u0161t\u0105 efektyvum\u0105, tikslum\u0105 ir kokyb\u0119.<\/p>\n<h3>Profesionalumas<\/h3>\n<p>Turime profesionali\u0105 technin\u0119 komand\u0105, turin\u010di\u0105 didel\u0119 patirt\u012f ir kompetencij\u0105 hidraulini\u0173 cilindr\u0173 gamyboje ir prie\u017ei\u016broje. Vadovaujam\u0117s principu \u201epirmiausia klientas\u201c ir teikiame klientams profesionalias bei efektyvias paslaugas.<\/p>\n<h3>Tarptautinis sertifikavimas<\/h3>\n<p>Esame \u012fgij\u0119 \u012fvairius tarptautinius sertifikatus, tokius kaip ISO9001, CE ir RoHS, kurie atspindi m\u016bs\u0173 auk\u0161tus kokyb\u0117s standartus ir gamybos procesus.<\/p>\n<h3>Pritaikymo paslaugos<\/h3>\n<p>Mes teikiame individualiai pritaikytas paslaugas ir galime pagaminti hidraulinius cilindrus pagal konkre\u010dius klient\u0173 reikalavimus, teikdami klientams individualius sprendimus.<\/p>\n<h3>Gamybos \u012franga<\/h3>\n<p>\u012edieg\u0117me serij\u0105 auk\u0161\u010diausios klas\u0117s skaitmenin\u0117s gamybos \u012frangos, tokios kaip CNC stakl\u0117s, siekdami u\u017etikrinti gamybos proceso tikslum\u0105 ir efektyvum\u0105.<\/p>\n<h3>Aptarnavimas po pardavimo<\/h3>\n<p>Siekdami u\u017etikrinti efektyv\u0173 ir stabil\u0173 hidraulinio cilindro veikim\u0105, teikiame i\u0161samias garantinio aptarnavimo paslaugas, \u012fskaitant montavimo instrukcijas, technin\u0119 prie\u017ei\u016br\u0105 ir remont\u0105 bei technin\u0119 pagalb\u0105.<\/p>\n<p><img decoding=\"async\" src=\"https:\/\/www.hydraulic-cylinders.net\/wp-content\/uploads\/2025\/01\/songte-company-4.webp\"\/><br \/>\n<img decoding=\"async\" src=\"https:\/\/www.hydraulic-cylinders.net\/wp-content\/uploads\/2025\/01\/songte-company-3.webp\"\/><\/p>\n<p>Autorius: lyl.<\/p>","protected":false},"excerpt":{"rendered":"<p>Arm Cylinder For Zoomlion Large Excavator ZE1250E Introduction The arm cylinder is a specialized hydraulic cylinder designed to provide linear motion and power to the arms of various types of machinery, such as excavators, cranes, and manipulators. It plays a critical role in the hydraulic system, allowing attachments or accessories to move and be controlled [&hellip;]<\/p>","protected":false},"featured_media":14774,"comment_status":"open","ping_status":"closed","template":"","meta":{"_et_pb_use_builder":"","_et_pb_old_content":"","_et_gb_content_width":""},"product_brand":[],"product_cat":[1497],"product_tag":[1498,1496],"class_list":{"0":"post-16439","1":"product","2":"type-product","3":"status-publish","4":"has-post-thumbnail","6":"product_cat-arm-cylinders","7":"product_tag-arm-cylinders","8":"product_tag-hydraulic-cylinders","10":"first","11":"instock","12":"shipping-taxable","13":"product-type-simple"},"amp_enabled":true,"_links":{"self":[{"href":"https:\/\/www.hydraulic-cylinders.net\/lt\/wp-json\/wp\/v2\/product\/16439","targetHints":{"allow":["GET"]}}],"collection":[{"href":"https:\/\/www.hydraulic-cylinders.net\/lt\/wp-json\/wp\/v2\/product"}],"about":[{"href":"https:\/\/www.hydraulic-cylinders.net\/lt\/wp-json\/wp\/v2\/types\/product"}],"replies":[{"embeddable":true,"href":"https:\/\/www.hydraulic-cylinders.net\/lt\/wp-json\/wp\/v2\/comments?post=16439"}],"wp:featuredmedia":[{"embeddable":true,"href":"https:\/\/www.hydraulic-cylinders.net\/lt\/wp-json\/wp\/v2\/media\/14774"}],"wp:attachment":[{"href":"https:\/\/www.hydraulic-cylinders.net\/lt\/wp-json\/wp\/v2\/media?parent=16439"}],"wp:term":[{"taxonomy":"product_brand","embeddable":true,"href":"https:\/\/www.hydraulic-cylinders.net\/lt\/wp-json\/wp\/v2\/product_brand?post=16439"},{"taxonomy":"product_cat","embeddable":true,"href":"https:\/\/www.hydraulic-cylinders.net\/lt\/wp-json\/wp\/v2\/product_cat?post=16439"},{"taxonomy":"product_tag","embeddable":true,"href":"https:\/\/www.hydraulic-cylinders.net\/lt\/wp-json\/wp\/v2\/product_tag?post=16439"}],"curies":[{"name":"wp","href":"https:\/\/api.w.org\/{rel}","templated":true}]}}