{"id":1644,"date":"2023-10-10T06:05:51","date_gmt":"2023-10-10T06:05:51","guid":{"rendered":"https:\/\/hydraulic-cylinders.net\/?post_type=product&#038;p=1644"},"modified":"2025-04-11T02:55:30","modified_gmt":"2025-04-11T02:55:30","slug":"press-clamping-cylinder","status":"publish","type":"product","link":"https:\/\/www.hydraulic-cylinders.net\/lt\/produktas\/press-clamping-cylinder\/","title":{"rendered":"Preso prispaudimo cilindras"},"content":{"rendered":"<h1 style=\"text-align: center;\"><strong>Preso prispaudimo cilindras<\/strong><\/h1>\n<p><img loading=\"lazy\" decoding=\"async\" class=\"aligncenter wp-image-1645\" src=\"https:\/\/hydraulic-cylinders.net\/wp-content\/uploads\/2023\/10\/clamping-cylinder-1-1-300x300.webp\" alt=\"\" width=\"400\" height=\"400\" \/><\/p>\n<p>Presavimo prispaudimo cilindras yra pa\u017eangus produktas, u\u017etikrinantis i\u0161skirtin\u012f na\u0161um\u0105 ir patikimum\u0105 \u012fvairiose pramon\u0117s srityse. D\u0117l pa\u017eangi\u0173 savybi\u0173 ir tvirtos konstrukcijos \u0161is cilindras pasi\u017eymi padidinta prispaudimo j\u0117ga, tiksliu valdymu ir geresniu na\u0161umu.<\/p>\n<p>The press clamping cylinder is a game-changer in industrial applications, offering high clamping force, precise control, and fast operation. With its versatile mounting options and reliable performance, this cylinder enhances productivity, efficiency, and precision in various industrial processes. Following the recommended usage methods and maintenance practices, you can maximize the press clamping cylinder&#8217;s longevity, reliability, and safety in your industrial setup. Choose this cylinder to unlock the full potential of your industrial processes and quickly achieve superior results.<\/p>\n<p>Preso prispaudimo cilindro pagrindin\u0117s charakteristikos:<\/p>\n<ol>\n<li>Didel\u0117 prispaudimo j\u0117ga:<\/li>\n<\/ol>\n<ul>\n<li>Presavimo prispaudimo cilindras pasi\u017eymi galinga prispaudimo j\u0117ga, leid\u017eian\u010dia tvirtai laikyti ruo\u0161inius vietoje apdirbimo, suvirinimo ar surinkimo proces\u0173 metu.<\/li>\n<li>D\u0117l tvirtos konstrukcijos ir optimizuoto dizaino \u0161is cilindras u\u017etikrina patikim\u0105 ir pastovi\u0105 prispaudimo j\u0117g\u0105, u\u017etikrindamas stabilum\u0105 ir tikslum\u0105.<\/li>\n<\/ul>\n<ol start=\"2\">\n<li>Tikslus valdymas:<\/li>\n<\/ol>\n<ul>\n<li>\u0160is cilindras turi tikslius valdymo mechanizmus, kurie leid\u017eia operatoriams tiksliai reguliuoti prispaudimo j\u0117g\u0105.<\/li>\n<li>Galimyb\u0117 tiksliai sureguliuoti prispaudimo j\u0117g\u0105 u\u017etikrina optimal\u0173 sukibim\u0105 nepa\u017eeid\u017eiant trapi\u0173 ruo\u0161ini\u0173, tod\u0117l pasiekiama auk\u0161\u010diausia kokyb\u0117 ir suma\u017e\u0117ja pakartotinio darbo poreikis.<\/li>\n<\/ul>\n<ol start=\"3\">\n<li>Greitas veikimas:<\/li>\n<\/ol>\n<ul>\n<li>Presavimo cilindras sukurtas greitam prispaudimui ir atleidimui, suma\u017einant prastovas ir padidinant na\u0161um\u0105.<\/li>\n<li>Efektyvus dizainas ir greitas valdymas leid\u017eia greitai pakeisti ruo\u0161inius, sutrumpinti ciklo laik\u0105 ir pagerinti bendr\u0105 efektyvum\u0105.<\/li>\n<\/ul>\n<ol start=\"4\">\n<li>Universal\u016bs tvirtinimo variantai:<\/li>\n<\/ol>\n<ul>\n<li>\u0160is cilindras si\u016blo universalius tvirtinimo variantus, \u012fskaitant flan\u0161o, kojos arba srieginio korpuso tvirtinimus, tod\u0117l j\u012f galima skland\u017eiai integruoti \u012f \u012fvairias pramonines sistemas.<\/li>\n<li>D\u0117l \u012fvairi\u0173 tvirtinimo variant\u0173 sistem\u0105 lengva montuoti ir integruoti su esama technika arba pritaikytomis darbo stotimis.<\/li>\n<\/ul>\n<h2><strong>Preso prispaudimo cilindro parametras:<\/strong><\/h2>\n<table border=\"1\" cellspacing=\"0\" cellpadding=\"0\">\n<tbody>\n<tr>\n<td>Produkto pavadinimas<\/td>\n<td>Hidraulinis preso prispaudimo cilindras<\/td>\n<\/tr>\n<tr>\n<td>Savyb\u0117s:<\/td>\n<td>Priver\u017ekite spaustuko galvut\u0119, laikan\u010di\u0105 plieno luit\u0105 arba ruo\u0161in\u012f<\/td>\n<\/tr>\n<tr>\n<td>Skyl\u0117s skersmuo:<\/td>\n<td>125 mm ~ 700 mm<\/td>\n<\/tr>\n<tr>\n<td>Strypo skersmuo:<\/td>\n<td>80 mm ~ 520 mm<br \/>\nEiga \u22641200 mm<\/td>\n<\/tr>\n<tr>\n<td>Traukos j\u0117ga:<\/td>\n<td>Maksimalus 9621 kN<br \/>\n(Cilindro skersmuo 700 mm \/ sl\u0117gis 25 MPa)<\/td>\n<\/tr>\n<tr>\n<td>\u00a0Prispaudimo cilindro pritaikymas:<\/td>\n<td>Hidraulinis presas<\/td>\n<\/tr>\n<\/tbody>\n<\/table>\n<div><\/div>\n<div class=\"txtboxL\">Savyb\u0117s:<\/div>\n<div class=\"txtboxR\">Priver\u017ekite spaustuko galvut\u0119, laikan\u010di\u0105 plieno luit\u0105 arba ruo\u0161in\u012f<\/div>\n<div class=\"txtboxL\">Specifikacija:<\/div>\n<div class=\"txtboxR\">Skyl\u0117s skersmuo: 125 mm ~ 700 mm<br \/>\nStrypo skersmuo: 80 mm ~ 520 mm<br \/>\nEiga \u22641200 mm<\/div>\n<div class=\"txtboxL\">Traukos j\u0117ga:<\/div>\n<div class=\"txtboxR\">Maksimalus 9621 kN<br \/>\n(Cilindro skersmuo 700 mm \/ sl\u0117gis 25 MPa)<\/div>\n<h2><strong>Preso cilindr\u0173 gamykla:<\/strong><\/h2>\n<p><img loading=\"lazy\" decoding=\"async\" class=\"alignnone wp-image-1619 size-full\" src=\"https:\/\/hydraulic-cylinders.net\/wp-content\/uploads\/2023\/10\/press-cylinder.webp\" alt=\"\" width=\"1418\" height=\"946\" srcset=\"https:\/\/hydraulic-cylinders.net\/wp-content\/uploads\/2023\/10\/press-cylinder.webp 1418w, https:\/\/hydraulic-cylinders.net\/wp-content\/uploads\/2023\/10\/press-cylinder-1280x854.webp 1280w, https:\/\/hydraulic-cylinders.net\/wp-content\/uploads\/2023\/10\/press-cylinder-980x654.webp 980w, https:\/\/hydraulic-cylinders.net\/wp-content\/uploads\/2023\/10\/press-cylinder-480x320.webp 480w\" sizes=\"(min-width: 0px) and (max-width: 480px) 480px, (min-width: 481px) and (max-width: 980px) 980px, (min-width: 981px) and (max-width: 1280px) 1280px, (min-width: 1281px) 1418px, 100vw\" \/><\/p>\n<h2><strong>Preso prispaudimo cilindro naudojimo b\u016bdas<\/strong><strong>:<\/strong><\/h2>\n<ol>\n<li><strong>Montavimas ir \u012frengimas:<\/strong><\/li>\n<\/ol>\n<ul>\n<li>Prad\u0117kite pasirinkdami tinkam\u0105 tvirtinimo variant\u0105, pvz., flan\u0161\u0105, p\u0117d\u0105 arba sriegin\u012f korpus\u0105.<\/li>\n<li>Follow the manufacturer&#8217;s instructions or guidelines to securely mount the press clamping cylinder to the desired location, ensuring proper alignment and stability.<\/li>\n<\/ul>\n<ol start=\"2\">\n<li><strong>Prispaudimo j\u0117gos reguliavimas:<\/strong><\/li>\n<\/ol>\n<ul>\n<li>Priklausomai nuo j\u016bs\u0173 taikymo reikalavim\u0173, naudokite pateiktus valdiklius arba reguliavimo mechanizmus norimai prispaudimo j\u0117gai nustatyti.<\/li>\n<li>Atid\u017eiai apsvarstykite ruo\u0161inio med\u017eiag\u0105, dyd\u012f ir apdorojimo reikalavimus, kad pasiektum\u0117te optimali\u0105 prispaudimo j\u0117g\u0105 ir geriausius rezultatus.<\/li>\n<\/ul>\n<ol start=\"3\">\n<li><strong>Ruo\u0161inio tvirtinimas:<\/strong><\/li>\n<\/ol>\n<ul>\n<li>Pad\u0117kite ruo\u0161in\u012f preso prispaudimo cilindro prispaudimo diapazone.<\/li>\n<li>Suaktyvinkite cilindr\u0105, kad pritaikytum\u0117te prispaudimo j\u0117g\u0105 ir u\u017etikrintum\u0117te tvirt\u0105 ruo\u0161inio su\u0117mim\u0105.<\/li>\n<li>Patikrinkite, ar prispaudimo j\u0117ga yra pakankama, kad ruo\u0161inys b\u016bt\u0173 tvirtai laikomas reikiamos operacijos metu.<\/li>\n<\/ul>\n<h2><strong>Kaip nuimti hidraulinio cilindro galin\u012f dangtel\u012f?<\/strong><\/h2>\n<div class=\"ChatMessage_chatMessage__xkgHx\" data-complete=\"true\">\n<div class=\"ChatMessage_botMessageHeader__8yA1R\">\n<div class=\"ChatMessage_headerWrapper__UeGSI\">\n<div class=\"ChatMessage_badge__ah1FU\">Removing the end cap of a hydraulic cylinder is a straightforward process that requires some essential tools and careful execution. Here&#8217;s a step-by-step guide on how to remove the hydraulic cylinder end cap:<\/div>\n<\/div>\n<\/div>\n<div class=\"ChatMessage_messageRow__DHlnq\">\n<div class=\"ChatMessage_messageWrapper__4Ugd6\">\n<div class=\"Message_row__ug_UU\">\n<div class=\"Message_botMessageBubble__aYctV\">\n<div class=\"Markdown_markdownContainer__Tz3HQ\">\n<ol>\n<li><strong>Saugumas pirmiausia:<\/strong> Prie\u0161 prad\u0117dami bet kokius darbus su hidrauliniu cilindru, \u012fsitikinkite, kad sistemoje n\u0117ra sl\u0117gio ir i\u0161jungta visa hidraulin\u0117 energija. Tai pad\u0117s i\u0161vengti bet kokio netik\u0117to jud\u0117jimo ar hidraulinio skys\u010dio i\u0161tek\u0117jimo.<\/li>\n<li><strong>Surinkimo \u012frankiai:<\/strong> Jums reik\u0117s tinkam\u0173 \u012franki\u0173, \u012fskaitant ver\u017eliarak\u010dius, galvu\u010di\u0173 rinkinius, gumin\u012f plaktuk\u0105 ir lau\u017etuv\u0105 arba atsuktuv\u0105.<\/li>\n<li><strong>Nustatykite galin\u012f dangtel\u012f:<\/strong> Galinis dangtelis paprastai yra viename hidraulinio cilindro gale ir tvirtinamas var\u017etais arba tvirtinimo \u017eiedais.<\/li>\n<li><strong>Prieiga prie var\u017et\u0173:<\/strong> Jei galinis dangtelis pritvirtintas var\u017etais, juos atlaisvinkite ir nuimkite tinkamu ver\u017eliarak\u010diu arba galvu\u010di\u0173 rinkiniu. Pirmiausia atlaisvinkite var\u017etus kry\u017eminiu b\u016bdu, kad sl\u0117gis b\u016bt\u0173 i\u0161leistas tolygiai.<\/li>\n<li><strong>Nuimkite tvirtinimo \u017eiedus:<\/strong> Galinis dangtelis kartais gali b\u016bti pritvirtintas tvirtinimo \u017eiedais. Naudokite lau\u017etuv\u0105 arba atsuktuv\u0105, kad atsargiai nuimtum\u0117te tvirtinimo \u017eiedus, u\u017etikrindami, kad jie nepa\u017eeist\u0173 cilindro ar galinio dangtelio.<\/li>\n<li><strong>\u0160velniai palieskite:<\/strong> Once the bolts or retaining rings are removed, the end cap may still be tightly sealed due to hydraulic pressure or friction. Use a rubber mallet to gently tap around the end cap&#8217;s perimeter. This helps to break any adhesive or sealing material and loosen the end cap.<\/li>\n<li><strong>Nuimkite galin\u012f dangtel\u012f:<\/strong> Atlaisvinus galin\u012f dangtel\u012f, atsargiai j\u012f nuimkite lau\u017etuvu arba atsuktuvu. Prad\u0117kite nuo vieno kra\u0161to ir jud\u0117kite aplinkui, \u0161velniai ir tolygiai spausdami, kad nepa\u017eeistum\u0117te cilindro ar galinio dangtelio. Lengvai pastuksenkite \u012f lau\u017etuv\u0105 guminiu plaktuku, kad pad\u0117tum\u0117te atlaisvinti galin\u012f dangtel\u012f.<\/li>\n<li><strong>Ap\u017ei\u016br\u0117kite ir i\u0161valykite:<\/strong> Nu\u0117mus galin\u012f dangtel\u012f, patikrinkite, ar n\u0117ra koki\u0173 nors pa\u017eeidim\u0173, susid\u0117v\u0117jimo ar nuot\u0117kio po\u017eymi\u0173. Atkreipkite d\u0117mes\u012f \u012f visus sandariklius ar tarpiklius, kuriuos gali reik\u0117ti pakeisti. Kruop\u0161\u010diai nuvalykite galin\u012f dangtel\u012f ir cilindro tvirtinimo pavir\u0161i\u0173, kad u\u017etikrintum\u0117te tinkam\u0105 sandarum\u0105 surinkimo metu.<\/li>\n<\/ol>\n<\/div>\n<\/div>\n<\/div>\n<\/div>\n<\/div>\n<\/div>\n<h2><strong>Gamyklos paj\u0117gumai ir talpa:<\/strong><\/h2>\n<h3>(1) Surinkimas<\/h3>\n<p>Turime pirmos klas\u0117s nepriklausom\u0105 tyrim\u0173 ir pl\u0117tros surinkimo platform\u0105. Hidraulini\u0173 cilindr\u0173 gamybos ceche yra keturios pusiau automatin\u0117s k\u0117limo cilindr\u0173 surinkimo linijos ir viena automatin\u0117 pakreipimo cilindr\u0173 surinkimo linija, kuri\u0173 projektinis metinis gamybos paj\u0117gumas yra 1 milijonas vienet\u0173. Speciali\u0173j\u0173 cilindr\u0173 ceche \u012frengta \u012fvairi\u0173 specifikacij\u0173 pusiau automatin\u0117 valymo surinkimo sistema, kurios projektinis metinis gamybos paj\u0117gumas yra 200 000 vienet\u0173, ir garsi CNC apdirbimo \u012franga, apdirbimo centras, didelio tikslumo cilindr\u0173 apdirbimo speciali \u012franga, robotinis suvirinimo aparatas, automatinis valymo aparatas, automatinis cilindr\u0173 surinkimo aparatas ir automatin\u0117 da\u017eymo gamybos linija. Esama daugiau nei 300 rinkini\u0173 (komplekt\u0173) kritin\u0117 \u012franga. Optimalus \u012frangos i\u0161tekli\u0173 paskirstymas ir efektyvus naudojimas u\u017etikrina gamini\u0173 tikslumo reikalavimus ir auk\u0161tus gamini\u0173 kokyb\u0117s poreikius.<\/p>\n<p><img loading=\"lazy\" decoding=\"async\" class=\"alignnone wp-image-626\" src=\"https:\/\/hydraulic-cylinders.net\/wp-content\/uploads\/2023\/08\/hydraulic-cylinder-product-1-300x158.webp\" alt=\"\" width=\"495\" height=\"260\" srcset=\"https:\/\/hydraulic-cylinders.net\/wp-content\/uploads\/2023\/08\/hydraulic-cylinder-product-1-300x158.webp 495w, https:\/\/hydraulic-cylinders.net\/wp-content\/uploads\/2023\/08\/hydraulic-cylinder-product-1-480x252.webp 480w\" sizes=\"(min-width: 0px) and (max-width: 480px) 480px, (min-width: 481px) 495px, 100vw\" \/> <img loading=\"lazy\" decoding=\"async\" class=\"alignnone wp-image-627\" src=\"https:\/\/hydraulic-cylinders.net\/wp-content\/uploads\/2023\/08\/hydraulic-cylinder-product-2-300x189.webp\" alt=\"\" width=\"413\" height=\"260\" \/><\/p>\n<h3>(2) Apdirbimas<\/h3>\n<p>Mechaninio apdirbimo ceche \u012frengtas pritaikytas nuo\u017eulnaus b\u0117gio tekinimo centras, apdirbimo centras, greitaeigis galandimo stakl\u0117s, suvirinimo robotas ir kita susijusi \u012franga, galinti apdirbti cilindrinius vamzd\u017eius, kuri\u0173 maksimalus vidinis skersmuo yra 400 mm, o maksimalus ilgis \u2013 6 metrai.<\/p>\n<p><img loading=\"lazy\" decoding=\"async\" class=\"alignnone wp-image-628 size-large\" src=\"https:\/\/hydraulic-cylinders.net\/wp-content\/uploads\/2023\/08\/hydraulic-cylinder-product-3-1024x391.webp\" alt=\"\" width=\"1024\" height=\"391\" srcset=\"https:\/\/hydraulic-cylinders.net\/wp-content\/uploads\/2023\/08\/hydraulic-cylinder-product-3-980x374.webp 980w, https:\/\/hydraulic-cylinders.net\/wp-content\/uploads\/2023\/08\/hydraulic-cylinder-product-3-480x183.webp 480w\" sizes=\"(min-width: 0px) and (max-width: 480px) 480px, (min-width: 481px) and (max-width: 980px) 980px, (min-width: 981px) 1024px, 100vw\" \/><\/p>\n<h3>(3) Suvirinimas<\/h3>\n<p><img loading=\"lazy\" decoding=\"async\" class=\"alignnone wp-image-629 size-large\" src=\"https:\/\/hydraulic-cylinders.net\/wp-content\/uploads\/2023\/08\/hydraulic-cylinder-product-4-1024x510.webp\" alt=\"\" width=\"1024\" height=\"510\" srcset=\"https:\/\/hydraulic-cylinders.net\/wp-content\/uploads\/2023\/08\/hydraulic-cylinder-product-4-980x488.webp 980w, https:\/\/hydraulic-cylinders.net\/wp-content\/uploads\/2023\/08\/hydraulic-cylinder-product-4-480x239.webp 480w\" sizes=\"(min-width: 0px) and (max-width: 480px) 480px, (min-width: 481px) and (max-width: 980px) 980px, (min-width: 981px) 1024px, 100vw\" \/><\/p>\n<h3>(4) Da\u017eymas ir dengimas<\/h3>\n<p>Su ma\u017eomis ir vidutinio dyd\u017eio cilindrin\u0117mis automatin\u0117mis vandens pagrindo da\u017e\u0173 dengimo linijomis, siekiant automatinio robot\u0173 pakrovimo ir i\u0161krovimo bei automatinio pur\u0161kimo, projektinis paj\u0117gumas yra 4000 vienet\u0173 per pamain\u0105;<br \/>\nTaip pat turime pusiau automatin\u0119 dideli\u0173 cilindr\u0173 da\u017e\u0173 gamybos linij\u0105, varom\u0105 grandin\u0117s, kurios projektinis na\u0161umas yra 60 d\u0117\u017ei\u0173 per pamain\u0105.<\/p>\n<p><img loading=\"lazy\" decoding=\"async\" class=\"alignnone wp-image-630\" src=\"https:\/\/hydraulic-cylinders.net\/wp-content\/uploads\/2023\/08\/hydraulic-cylinder-product-5-300x213.webp\" alt=\"\" width=\"366\" height=\"260\" \/> <img loading=\"lazy\" decoding=\"async\" class=\"alignnone wp-image-631\" src=\"https:\/\/hydraulic-cylinders.net\/wp-content\/uploads\/2023\/08\/hydraulic-cylinder-product-6-300x225.webp\" alt=\"\" width=\"347\" height=\"260\" \/><\/p>\n<h3>(5) Testavimas<\/h3>\n<p>Turime auk\u0161\u010diausios klas\u0117s patikros patalpas ir bandym\u0173 stendus, kad u\u017etikrintume, jog baliono veikimas atitinka reikalavimus.<\/p>\n<p><img loading=\"lazy\" decoding=\"async\" class=\"alignnone wp-image-632\" src=\"https:\/\/hydraulic-cylinders.net\/wp-content\/uploads\/2023\/08\/hydraulic-cylinder-product-8-300x200.webp\" alt=\"\" width=\"389\" height=\"260\" \/><\/p>\n<p>&nbsp;<\/p>\n<p>&nbsp;<\/p>\n<p>Esame vienas geriausi\u0173 hidraulini\u0173 cilindr\u0173 gamintoj\u0173. Galime pasi\u016blyti i\u0161samius hidraulinius cilindrus. Taip pat teikiame atitinkamus <a href=\"https:\/\/hzpt.com\/agricultural-pto-gearbox\/\" target=\"_blank\" rel=\"noopener\">\u017eem\u0117s \u016bkio pavar\u0173 d\u0117\u017e\u0117s<\/a>Mes eksportuojame savo gaminius klientams visame pasaulyje ir peln\u0117me ger\u0105 reputacij\u0105 d\u0117l auk\u0161\u010diausios gamini\u0173 kokyb\u0117s ir aptarnavimo po pardavimo. Mes laukiame klient\u0173 \u0161alyje ir u\u017esienyje, norin\u010di\u0173 susisiekti su mumis der\u0117tis d\u0117l verslo, keistis informacija ir... <a href=\"https:\/\/www.hydraulic-cylinders.net\/lt\/contact-us\/\">bendradarbiauti su mumis<\/a>!<\/p>","protected":false},"excerpt":{"rendered":"<p>Press Clamping Cylinder The press clamping cylinder is a cutting-edge product that delivers exceptional performance and reliability in various industrial applications. With its advanced features and robust design, this cylinder offers enhanced clamping force, precise control, and improved productivity. The press clamping cylinder is a game-changer in industrial applications, offering high clamping force, precise control, [&hellip;]<\/p>","protected":false},"featured_media":1646,"comment_status":"open","ping_status":"closed","template":"","meta":{"_et_pb_use_builder":"","_et_pb_old_content":"","_et_gb_content_width":""},"product_brand":[],"product_cat":[1522,1549,1376],"product_tag":[1380],"class_list":{"0":"post-1644","1":"product","2":"type-product","3":"status-publish","4":"has-post-thumbnail","6":"product_cat-press-hydraulic-cylinders","7":"product_cat-single-acting-hydraulic-cylinder","8":"product_cat-hydraulic-cylinder","9":"product_tag-hydraulic-cylinder","11":"first","12":"instock","13":"shipping-taxable","14":"product-type-simple"},"amp_enabled":true,"_links":{"self":[{"href":"https:\/\/www.hydraulic-cylinders.net\/lt\/wp-json\/wp\/v2\/product\/1644","targetHints":{"allow":["GET"]}}],"collection":[{"href":"https:\/\/www.hydraulic-cylinders.net\/lt\/wp-json\/wp\/v2\/product"}],"about":[{"href":"https:\/\/www.hydraulic-cylinders.net\/lt\/wp-json\/wp\/v2\/types\/product"}],"replies":[{"embeddable":true,"href":"https:\/\/www.hydraulic-cylinders.net\/lt\/wp-json\/wp\/v2\/comments?post=1644"}],"wp:featuredmedia":[{"embeddable":true,"href":"https:\/\/www.hydraulic-cylinders.net\/lt\/wp-json\/wp\/v2\/media\/1646"}],"wp:attachment":[{"href":"https:\/\/www.hydraulic-cylinders.net\/lt\/wp-json\/wp\/v2\/media?parent=1644"}],"wp:term":[{"taxonomy":"product_brand","embeddable":true,"href":"https:\/\/www.hydraulic-cylinders.net\/lt\/wp-json\/wp\/v2\/product_brand?post=1644"},{"taxonomy":"product_cat","embeddable":true,"href":"https:\/\/www.hydraulic-cylinders.net\/lt\/wp-json\/wp\/v2\/product_cat?post=1644"},{"taxonomy":"product_tag","embeddable":true,"href":"https:\/\/www.hydraulic-cylinders.net\/lt\/wp-json\/wp\/v2\/product_tag?post=1644"}],"curies":[{"name":"wp","href":"https:\/\/api.w.org\/{rel}","templated":true}]}}