{"id":16441,"date":"2025-01-20T09:16:03","date_gmt":"2025-01-20T09:16:03","guid":{"rendered":"https:\/\/www.hydraulic-cylinders.net\/product\/arm-cylinderfor-sunward-small-excavator-swe70e\/"},"modified":"2025-01-20T09:16:04","modified_gmt":"2025-01-20T09:16:04","slug":"arm-cylinderfor-sunward-small-excavator-swe70e","status":"publish","type":"product","link":"https:\/\/www.hydraulic-cylinders.net\/lt\/produktas\/arm-cylinderfor-sunward-small-excavator-swe70e\/","title":{"rendered":"Rankenos cilindras, skirtas \u201eSunward\u201c ma\u017eam ekskavatoriui SWE70E"},"content":{"rendered":"<h2>\u201eSunward\u201c ma\u017eo ekskavatoriaus SWE70E rankenos cilindras<\/h2>\n<h3>\u012evadas<\/h3>\n<p>Svirties cilindras yra specializuotas hidraulinis cilindras, skirtas u\u017etikrinti tiesin\u012f jud\u0117jim\u0105 ir gali\u0105 \u012fvairi\u0173 tip\u0173 ma\u0161inoms, tokioms kaip ekskavatoriai, kranai ir mechanin\u0117s svirtys. Svirties cilindras atlieka labai svarb\u0173 vaidmen\u012f hidraulin\u0117se sistemose, nes leid\u017eia priedams ar priedams jud\u0117ti ir b\u016bti efektyviai valdomiems. \u0160ie cilindrai ne tik u\u017etikrina skland\u0173 jud\u0117jim\u0105, bet ir atlaiko dideles apkrovas, u\u017etikrindami efektyv\u0173 ma\u0161inos veikim\u0105 ir patikimum\u0105 \u012fvairiomis eksploatavimo s\u0105lygomis.<\/p>\n<p><img decoding=\"async\" src=\"https:\/\/www.hydraulic-cylinders.net\/wp-content\/uploads\/2025\/01\/songte-company-2.webp\" alt=\"Svirties cilindras\"\/><\/p>\n<h3>Savyb\u0117s<\/h3>\n<ul>\n<li>Efektyvus galios perdavimas: Svirties cilindras u\u017etikrina galing\u0105 tiesin\u012f judes\u012f ir j\u0117g\u0105, u\u017etikrindamas auk\u0161t\u0105 mechanin\u0117s svirties efektyvum\u0105 atliekant \u012fvairias operacijas.<\/li>\n<li>Tikslus valdymas: Hidraulin\u0117s sistemos d\u0117ka svirties cilindras gali tiksliai valdyti judes\u012f, tod\u0117l pried\u0173 valdymas tampa lankstesnis ir tikslesnis.<\/li>\n<li>Stiprus patvarumas: Svirties cilindras paprastai pagamintas i\u0161 didelio stiprumo med\u017eiag\u0173, pasi\u017eymin\u010di\u0173 geru atsparumu dilimui ir korozijai, tod\u0117l tinkamas ilgalaikiam naudojimui at\u0161iauriomis s\u0105lygomis.<\/li>\n<li>Daugiafunkcinis pritaikomumas: \u0160ie cilindrai gali b\u016bti pla\u010diai naudojami \u012fvairiuose mechaniniuose \u012frenginiuose, tokiuose kaip ekskavatoriai, kranai ir mechanin\u0117s rankenos, prisitaikant prie skirting\u0173 darbo poreiki\u0173.<\/li>\n<li>Lengva prie\u017ei\u016bra: sukurta lengvam techniniam aptarnavimui ir pakeitimui, tod\u0117l periodiniai patikrinimai ir technin\u0117 prie\u017ei\u016bra tampa patogesni, tod\u0117l sutrump\u0117ja \u012frangos prastovos.<\/li>\n<\/ul>\n<p>Galime pagaminti \u0161\u012f produkt\u0105, kuris puikiai pakeis \u0161iuos hidraulinius cilindrus.<\/p>\n<p><img decoding=\"async\" src=\"https:\/\/www.hydraulic-cylinders.net\/wp-content\/uploads\/2025\/01\/songte-oil-pipes-and-spare-parts.webp\" alt=\"Hidraulini\u0173 cilindr\u0173 atsargin\u0117s dalys\"\/><\/p>\n<h3>Parai\u0161kos<\/h3>\n<p>Svirtinis cilindras pla\u010diai naudojamas \u012fvairiose pramon\u0117s \u0161akose, \u012fskaitant:<\/p>\n<ul>\n<li>Statybos in\u017einerija: ekskavatoriuose ir kranuose svirties cilindras naudojamas kau\u0161\u0173 ar str\u0117li\u0173 jud\u0117jimui valdyti, atliekant \u017eem\u0117s darbus, med\u017eiag\u0173 tvarkym\u0105 ir konstrukcij\u0173 montavim\u0105.<\/li>\n<li>Gamyba: Automatizuotose gamybos linijose svirties cilindras naudojamas mechanin\u0117ms svirtims judinti, atliekant surinkimo, suvirinimo ir tvarkymo procesus, taip gerinant gamybos efektyvum\u0105 ir tikslum\u0105.<\/li>\n<li>\u017dem\u0117s \u016bkio technika: \u017dem\u0117s \u016bkio technikoje, pavyzd\u017eiui, derliaus nu\u0117mimo ir s\u0117jamosiose, svirties cilindras valdo valdymo svirties judes\u012f, atlikdamas tokias u\u017eduotis kaip sodinimas, tr\u0119\u0161imas ir derliaus nu\u0117mimas.<\/li>\n<li>Kasyba: Kasybos \u012frangoje svirties cilindras naudojamas kasybos \u012frangos svirties jud\u0117jimui valdyti, atliekant kasybos ir med\u017eiag\u0173 tvarkymo darbus.<\/li>\n<li>Logistika ir transportavimas: \u0160akiniuose krautuvuose ir krovini\u0173 krovimo robotuose svirties cilindras naudojamas \u0161aki\u0173 k\u0117limui ir jud\u0117jimui valdyti, taip u\u017etikrinant med\u017eiag\u0173 tvarkym\u0105 ir krovim\u0105.<\/li>\n<\/ul>\n<h3>Projektavimo aspektai ir atrankos kriterijai<\/h3>\n<p>Atsi\u017evelgiant \u012f konstrukcijos ypatybes, cilindro formos rankena turi tur\u0117ti \u0161ias charakteristikas:<\/p>\n<ul>\n<li>Keliamoji galia: Svirties cilindras turi tur\u0117ti pakankam\u0105 keliam\u0105j\u0105 gali\u0105, kad atitikt\u0173 \u012fvairi\u0173 darbo s\u0105lyg\u0173 poreikius.<\/li>\n<li>Sandarumo charakteristikos: Svirties cilindras turi b\u016bti sandarus, kad b\u016bt\u0173 i\u0161vengta alyvos nutek\u0117jimo ir u\u017etikrintas stabilus veikimas.<\/li>\n<li>Patvarumas: Svirties cilindras turi b\u016bti patvarus, atsparus dilimui ir korozijai, kad b\u016bt\u0173 u\u017etikrintas ilgalaikis naudojimas at\u0161iauriomis s\u0105lygomis.<\/li>\n<li>Sauga: Svirties cilindras turi atitikti saugos reikalavimus, kad b\u016bt\u0173 i\u0161vengta nelaiming\u0173 atsitikim\u0173 eksploatacijos metu.<\/li>\n<li>Prie\u017ei\u016bra: Svirties cilindr\u0105 turi b\u016bti lengva pri\u017ei\u016br\u0117ti ir remontuoti, kad suma\u017e\u0117t\u0173 \u012frangos prastovos.<\/li>\n<\/ul>\n<p><img decoding=\"async\" src=\"https:\/\/www.hydraulic-cylinders.net\/wp-content\/uploads\/2025\/01\/songte-cylinder-head-with-all-kinds-excavator-models.webp\" alt=\"Cilindro galvut\u0117\"\/><\/p>\n<h3>Sandarinimas ir tepimas<\/h3>\n<p>Svirtiniame cilindre naudojami \u012fvair\u016bs sandarinimo komponentai, tokie kaip st\u016bmokli\u0173 sandarikliai, stryp\u0173 sandarikliai ir kt. Sandarinimo komponentai pagaminti i\u0161 atspari\u0173 dilimui med\u017eiag\u0173, toki\u0173 kaip poliuretanas, nitrilo kau\u010diukas ir kt. Cilindro korpusas ir sriegio galo pavir\u0161ius yra kruop\u0161\u010diai apdirbti, siekiant pagerinti atsparum\u0105 dilimui. Norint, kad svirtinis cilindras veikt\u0173 skland\u017eiai, b\u016btina reguliariai tepti atitinkama hidrauline alyva.<\/p>\n<h3>Profilaktin\u0117 prie\u017ei\u016bra ir trik\u010di\u0173 \u0161alinimas<\/h3>\n<p>Reguliarus patikrinimas ir profilaktin\u0117 prie\u017ei\u016bra gali suma\u017einti svirties cilindro gedimo tikimyb\u0119. Kilus problemoms, galima imtis \u0161i\u0173 trik\u010di\u0173 \u0161alinimo veiksm\u0173:<\/p>\n<ul>\n<li>Patikrinkite, ar hidraulin\u0117je sistemoje n\u0117ra nuot\u0117ki\u0173, ir laiku juos sutaisykite.<\/li>\n<li>Patikrinkite sandariklio susid\u0117v\u0117jim\u0105 ir laiku j\u012f pakeiskite.<\/li>\n<li>Patikrinkite hidraulin\u0117s alyvos \u0161var\u0105 ir, jei reikia, pakeiskite j\u0105.<\/li>\n<li>Patikrinkite ver\u017eli\u0173 ir var\u017et\u0173 priver\u017eim\u0105 ir, jei reikia, priver\u017ekite.<\/li>\n<li>Patikrinkite cilindro korpuso susid\u0117v\u0117jim\u0105 ir, jei reikia, j\u012f suremontuokite arba pakeiskite.<\/li>\n<\/ul>\n<p>Siekiant i\u0161vengti problem\u0173, rekomenduojama:<\/p>\n<ul>\n<li>Reguliariai valykite ir pri\u017ei\u016br\u0117kite hidraulin\u0119 sistem\u0105, kad i\u0161vengtum\u0117te u\u017eter\u0161imo.<\/li>\n<li>Reguliariai tikrinkite svirties cilindr\u0105, ar n\u0117ra susid\u0117v\u0117jimo po\u017eymi\u0173, ir laiku pakeiskite susid\u0117v\u0117jusias dalis.<\/li>\n<li>Naudokite svirties cilindr\u0105 pagal nurodytus parametrus, kad i\u0161vengtum\u0117te perkrovos.<\/li>\n<\/ul>\n<p><img decoding=\"async\" src=\"https:\/\/www.hydraulic-cylinders.net\/wp-content\/uploads\/2025\/01\/songte-chushion-collar.webp\" alt=\"Pagalv\u0117l\u0117s apykakl\u0117\"\/><\/p>\n<h3>Diegimo vadovas<\/h3>\n<p>Prie\u0161 montuodami \u012fsitikinkite, kad svirties cilindras atitinka ekskavatoriaus model\u012f ir kad visose hidraulin\u0117se linijose n\u0117ra \u0161iuk\u0161li\u0173. Montuodami atlikite \u0161iuos veiksmus:<\/p>\n<ol>\n<li>Pritvirtinkite svirties cilindr\u0105 prie ekskavatoriaus var\u017etais ir ver\u017el\u0117mis.<\/li>\n<li>Prijunkite hidraulines linijas prie svirties cilindro pagal gamintojo instrukcijas.<\/li>\n<li>Patikrinkite, ar n\u0117ra nuot\u0117ki\u0173, ir prireikus juos sutaisykite.<\/li>\n<li>Patikrinkite svirties cilindr\u0105, kad \u012fsitikintum\u0117te, jog jis veikia skland\u017eiai ir tinkamai.<\/li>\n<\/ol>\n<h3>Apie mus<\/h3>\n<p>Esame profesionalus pakaitini\u0173 hidraulini\u0173 cilindr\u0173 gamintojas, si\u016blantis plat\u0173 gamini\u0173 asortiment\u0105, ir tapome vienu i\u0161 pirmaujan\u010di\u0173 hidraulini\u0173 cilindr\u0173 gamintoj\u0173 bei didmenini\u0173 platintoj\u0173 vidaus ir u\u017esienio rinkose. Visada laikom\u0117s puikios kokyb\u0117s principo ir nuolat tobuliname savo technologijas bei gamybos efektyvum\u0105, taikydami industrializuotas gamybos valdymo strategijas sud\u0117tingose \u200b\u200bgamybos dirbtuv\u0117se. \u012edieg\u0119 auk\u0161\u010diausios klas\u0117s skaitmenin\u0119 gamybos \u012frang\u0105 ir profesionalias bandym\u0173 sistemas, nuolat optimizuojame gamybos platform\u0105 ir tobuliname gamini\u0173 kokyb\u0117s kontrol\u0117s procesus, tur\u0117dami stiprias inovacij\u0173 galimybes. M\u016bs\u0173 tikslas \u2013 patenkinti \u012fvairius klient\u0173 poreikius, vadovaujantis efektyvumo, tikslumo ir auk\u0161tos kokyb\u0117s principais.<\/p>\n<p><img decoding=\"async\" src=\"https:\/\/www.hydraulic-cylinders.net\/wp-content\/uploads\/2025\/01\/songte-company-4.webp\" alt=\"\u012emon\u0117\"\/><\/p>\n<h3>Profesionalumas, tarptautinis sertifikavimas, individualiai pritaikytos paslaugos, gamybos \u012franga ir aptarnavimas po pardavimo<\/h3>\n<ul>\n<li>Profesionalumas: M\u016bs\u0173 komand\u0105 sudaro patyr\u0119 in\u017einieriai ir technikai, galintys klientams pasi\u016blyti profesionalius sprendimus.<\/li>\n<li>Tarptautinis sertifikatas: M\u016bs\u0173 gaminiai yra gav\u0119 tarptautinius sertifikatus, tokius kaip ISO9001, CE ir UL.<\/li>\n<li>Individualios paslaugos: Mes galime pasi\u016blyti individualius hidraulinius cilindrus pagal klient\u0173 reikalavimus.<\/li>\n<li>Gamybos \u012franga: Mes naudojame pa\u017eangi\u0105 skaitmenin\u0119 gamybos \u012frang\u0105, kad u\u017etikrintume gamini\u0173 kokyb\u0119 ir gamybos efektyvum\u0105.<\/li>\n<li>Aptarnavimas po pardavimo: Mes teikiame i\u0161samias aptarnavimo po pardavimo paslaugas, kad u\u017etikrintume klient\u0173 pasitenkinim\u0105.<\/li>\n<\/ul>\n<p><img decoding=\"async\" src=\"https:\/\/www.hydraulic-cylinders.net\/wp-content\/uploads\/2025\/01\/songte-company-3.webp\" alt=\"\u012emon\u0117\"\/><\/p>\n<p>Autorius: lyl.<\/p>","protected":false},"excerpt":{"rendered":"<p>Arm Cylinder For Sunward Small Excavator SWE70E Introduction The Arm Cylinder is a specialized hydraulic cylinder designed to provide linear motion and power for various types of machinery, such as excavators, cranes, and mechanical arms. The Arm Cylinder plays a crucial role in hydraulic systems, allowing attachments or accessories to move and be controlled effectively. [&hellip;]<\/p>","protected":false},"featured_media":14770,"comment_status":"open","ping_status":"closed","template":"","meta":{"_et_pb_use_builder":"","_et_pb_old_content":"","_et_gb_content_width":""},"product_brand":[],"product_cat":[1497],"product_tag":[1498,1496],"class_list":{"0":"post-16441","1":"product","2":"type-product","3":"status-publish","4":"has-post-thumbnail","6":"product_cat-arm-cylinders","7":"product_tag-arm-cylinders","8":"product_tag-hydraulic-cylinders","10":"first","11":"instock","12":"shipping-taxable","13":"product-type-simple"},"amp_enabled":true,"_links":{"self":[{"href":"https:\/\/www.hydraulic-cylinders.net\/lt\/wp-json\/wp\/v2\/product\/16441","targetHints":{"allow":["GET"]}}],"collection":[{"href":"https:\/\/www.hydraulic-cylinders.net\/lt\/wp-json\/wp\/v2\/product"}],"about":[{"href":"https:\/\/www.hydraulic-cylinders.net\/lt\/wp-json\/wp\/v2\/types\/product"}],"replies":[{"embeddable":true,"href":"https:\/\/www.hydraulic-cylinders.net\/lt\/wp-json\/wp\/v2\/comments?post=16441"}],"wp:featuredmedia":[{"embeddable":true,"href":"https:\/\/www.hydraulic-cylinders.net\/lt\/wp-json\/wp\/v2\/media\/14770"}],"wp:attachment":[{"href":"https:\/\/www.hydraulic-cylinders.net\/lt\/wp-json\/wp\/v2\/media?parent=16441"}],"wp:term":[{"taxonomy":"product_brand","embeddable":true,"href":"https:\/\/www.hydraulic-cylinders.net\/lt\/wp-json\/wp\/v2\/product_brand?post=16441"},{"taxonomy":"product_cat","embeddable":true,"href":"https:\/\/www.hydraulic-cylinders.net\/lt\/wp-json\/wp\/v2\/product_cat?post=16441"},{"taxonomy":"product_tag","embeddable":true,"href":"https:\/\/www.hydraulic-cylinders.net\/lt\/wp-json\/wp\/v2\/product_tag?post=16441"}],"curies":[{"name":"wp","href":"https:\/\/api.w.org\/{rel}","templated":true}]}}