{"id":16443,"date":"2025-01-20T09:16:10","date_gmt":"2025-01-20T09:16:10","guid":{"rendered":"https:\/\/www.hydraulic-cylinders.net\/product\/arm-cylinderfor-sunward-small-excavator-swe150elr\/"},"modified":"2025-01-20T09:16:12","modified_gmt":"2025-01-20T09:16:12","slug":"arm-cylinderfor-sunward-small-excavator-swe150elr","status":"publish","type":"product","link":"https:\/\/www.hydraulic-cylinders.net\/lt\/produktas\/arm-cylinderfor-sunward-small-excavator-swe150elr\/","title":{"rendered":"Svirties cilindras, skirtas \u201eSunward\u201c ma\u017eam ekskavatoriui SWE150ELR"},"content":{"rendered":"<h1>Svirties cilindras, skirtas \u201eSunward\u201c ma\u017eam ekskavatoriui SWE150ELR<\/h1>\n<h2>\u012evadas<\/h2>\n<h3>Svirties cilindro apibr\u0117\u017eimas<\/h3>\n<p>Svirties cilindras yra specialiai suprojektuotas hidraulinis cilindras, daugiausia naudojamas linijiniam judesiui ir galiai u\u017etikrinti \u012fvairi\u0173 tip\u0173 ma\u0161in\u0173, toki\u0173 kaip ekskavatoriai, kranai ir manipuliatoriai, svirtims. Svirties cilindras atlieka labai svarb\u0173 vaidmen\u012f hidraulin\u0117je sistemoje, nes leid\u017eia efektyviai jud\u0117ti ir valdyti pritvirtintus \u012frankius ar priedus. \u0160ie cilindrai ne tik u\u017etikrina skland\u0173 jud\u0117jim\u0105, bet ir atlaiko dideles apkrovas, u\u017etikrindami efektyv\u0173 ma\u0161in\u0173 veikim\u0105 ir patikimum\u0105 \u012fvairiomis darbo s\u0105lygomis.<\/p>\n<p><img decoding=\"async\" src=\"https:\/\/www.hydraulic-cylinders.net\/wp-content\/uploads\/2025\/01\/songte-company-2.webp\"><\/p>\n<h2>Produkto savyb\u0117s<\/h2>\n<ul>\n<li>\n<h3>Didelio efektyvumo transmisija<\/h3>\n<p>Svirties cilindras gali u\u017etikrinti galing\u0105 tiesin\u012f judes\u012f ir j\u0117g\u0105, u\u017etikrindamas auk\u0161t\u0105 ma\u0161inos svirties efektyvum\u0105 atliekant \u012fvairias operacijas.<\/p>\n<\/li>\n<li>\n<h3>Tikslus valdymas<\/h3>\n<p>Hidraulin\u0117s sistemos d\u0117ka rankos cilindras gali tiksliai valdyti judes\u012f, tod\u0117l pritvirtint\u0173 \u012franki\u0173 valdymas tampa lankstesnis ir tikslesnis.<\/p>\n<\/li>\n<li>\n<h3>Stiprus patvarumas<\/h3>\n<p>Svirties cilindras paprastai pagamintas i\u0161 didelio stiprumo med\u017eiag\u0173 ir pasi\u017eymi geru atsparumu dilimui bei korozijai, tod\u0117l tinka ilgalaikiam naudojimui at\u0161iauriomis s\u0105lygomis.<\/p>\n<\/li>\n<li>\n<h3>Daugiafunkcis prisitaikymas<\/h3>\n<p>\u0160ie cilindrai gali b\u016bti pla\u010diai naudojami \u012fvairiuose mechaniniuose \u012frenginiuose, tokiuose kaip ekskavatoriai, kranai ir manipuliatoriai, kad b\u016bt\u0173 pritaikyti prie skirting\u0173 darbo reikalavim\u0173.<\/p>\n<\/li>\n<li>\n<h3>Lengva prie\u017ei\u016bra<\/h3>\n<p>Projektuojant atsi\u017evelgiama \u012f prie\u017ei\u016bros ir keitimo paprastum\u0105, tod\u0117l reguliari ap\u017ei\u016bra ir prie\u017ei\u016bra yra patogesn\u0117, o \u012frangos prastovos laikas sutrump\u0117ja.<\/p>\n<\/li>\n<\/ul>\n<p><img decoding=\"async\" src=\"https:\/\/www.hydraulic-cylinders.net\/wp-content\/uploads\/2025\/01\/songte-oil-pipes-and-spare-parts.webp\"><\/p>\n<h2>Parai\u0161kos<\/h2>\n<p>Svirtinis cilindras turi \u012fvairi\u0173 pritaikym\u0173 \u012fvairiose pramon\u0117s \u0161akose:<\/p>\n<ul>\n<li>\n<h3>Statybos in\u017einerija<\/h3>\n<p>Ekskavatoriuose ir kranuose svirties cilindras naudojamas kau\u0161o arba str\u0117l\u0117s jud\u0117jimui valdyti atliekant \u017eem\u0117s darbus, med\u017eiag\u0173 tvarkym\u0105 ir konstrukcij\u0173 montavim\u0105.<\/p>\n<\/li>\n<li>\n<h3>Gamybos pramon\u0117<\/h3>\n<p>Automatizuotose gamybos linijose svirties cilindras naudojamas manipuliatori\u0173 jud\u0117jimui, pvz., surinkimui, suvirinimui ir tvarkymui, siekiant pagerinti gamybos efektyvum\u0105 ir tikslum\u0105.<\/p>\n<\/li>\n<li>\n<h3>\u017dem\u0117s \u016bkio technika<\/h3>\n<p>\u017dem\u0117s \u016bkio technikose, tokiose kaip derliaus nu\u0117mimo ma\u0161inos ir s\u0117jamosios, svirties cilindras valdo valdymo svirties judes\u012f atliekant tokias u\u017eduotis kaip s\u0117ja, tr\u0119\u0161imas ir derliaus nu\u0117mimas.<\/p>\n<\/li>\n<li>\n<h3>Kasyba<\/h3>\n<p>Kasybos \u012frangoje rankos cilindras naudojamas kasybos \u012frangos rankos jud\u0117jimui valdyti r\u016bdos kasybai ir tvarkymui.<\/p>\n<\/li>\n<li>\n<h3>Logistika ir transportas<\/h3>\n<p>\u0160akiniuose krautuvuose ir tvarkymo robotuose rankos cilindras naudojamas \u0161ak\u0117s k\u0117limui ir jud\u0117jimui valdyti, kad b\u016bt\u0173 galima tvarkyti ir sukrauti med\u017eiagas.<\/p>\n<\/li>\n<\/ul>\n<h2>Projektavimo aspektai ir atrankos kriterijai<\/h2>\n<p>Projektuojant cilindro formos ranken\u0105, reikia atsi\u017evelgti \u012f \u0161iuos veiksnius:<\/p>\n<ul>\n<li>\n<h3>Guoli\u0173 talpa<\/h3>\n<p>Cilindras turi atlaikyti maksimali\u0105 apkrov\u0105, reikaling\u0105 konkre\u010diam atvejui.<\/p>\n<\/li>\n<li>\n<h3>Sandarinimas<\/h3>\n<p>Cilindro sandarumui u\u017etikrinti tur\u0117t\u0173 b\u016bti naudojami \u012fvair\u016bs sandarikliai, tokie kaip st\u016bmokliniai sandarikliai ir stryp\u0173 sandarikliai, pagaminti i\u0161 dilimui atspari\u0173 med\u017eiag\u0173, toki\u0173 kaip poliuretanas ir nitrilo kau\u010diukas.<\/p>\n<\/li>\n<li>\n<h3>Patvarumas<\/h3>\n<p>Cilindras turi b\u016bti pagamintas i\u0161 didelio stiprumo med\u017eiag\u0173 ir tiksliai apdorotas pavir\u0161ius, pavyzd\u017eiui, cilindro korpusas ir srieginis galas, siekiant pagerinti atsparum\u0105 dilimui.<\/p>\n<\/li>\n<li>\n<h3>Saugumas<\/h3>\n<p>Balionas turi atitikti atitinkamus saugos standartus, kad b\u016bt\u0173 u\u017etikrintas personalo ir \u012frangos saugumas naudojimo metu.<\/p>\n<\/li>\n<li>\n<h3>Prie\u017ei\u016bra<\/h3>\n<p>Cilindro konstrukcija tur\u0117t\u0173 b\u016bti tokia, kad b\u016bt\u0173 lengva pri\u017ei\u016br\u0117ti ir keisti dalis, pavyzd\u017eiui, lengvai nuimamus sandariklius, kad cilindr\u0105 b\u016bt\u0173 lengviau ir grei\u010diau remontuoti ir pri\u017ei\u016br\u0117ti.<\/p>\n<\/li>\n<\/ul>\n<p><img decoding=\"async\" src=\"https:\/\/www.hydraulic-cylinders.net\/wp-content\/uploads\/2025\/01\/songte-cylinder-head-with-all-kinds-excavator-models.webp\"><\/p>\n<h2>Sandarinimas ir tepimas<\/h2>\n<p>Siekiant u\u017etikrinti cilindro sandarum\u0105, tur\u0117t\u0173 b\u016bti naudojami \u012fvair\u016bs sandarikliai, tokie kaip st\u016bmokliniai sandarikliai ir stryp\u0173 sandarikliai. Sandarikliai pagaminti i\u0161 atspari\u0173 dilimui med\u017eiag\u0173, toki\u0173 kaip poliuretanas ir nitrilo kau\u010diukas. Cilindro korpusas ir srieginis galas yra kruop\u0161\u010diai apdorojami, kad b\u016bt\u0173 padidintas atsparumas dilimui. Tepimui b\u016btina reguliariai \u012fpilti tinkam\u0105 kiek\u012f hidraulin\u0117s alyvos.<\/p>\n<h2>Reguliarios patikros ir prevencin\u0117s prie\u017ei\u016bros priemon\u0117s<\/h2>\n<p>Reguliariems patikrinimams ir profilaktinei prie\u017ei\u016brai tur\u0117t\u0173 b\u016bti imtasi \u0161i\u0173 priemoni\u0173:<\/p>\n<ul>\n<li>\n<h3>Patikrinkite cilindro pavir\u0161i\u0173, ar n\u0117ra pa\u017eeidim\u0173<\/h3>\n<p>Patikrinkite cilindro pavir\u0161i\u0173, ar n\u0117ra \u012fbr\u0117\u017eim\u0173, korozijos ir kit\u0173 pa\u017eeidim\u0173. Jei randama koki\u0173 nors pa\u017eeidim\u0173, cilindr\u0105 reikia laiku pakeisti.<\/p>\n<\/li>\n<li>\n<h3>Patikrinkite st\u016bmokl\u012f ir stryp\u0105<\/h3>\n<p>Patikrinkite, ar st\u016bmoklis ir kotas n\u0117ra sulink\u0119 ir nepa\u017eeisti. Jei randama pa\u017eeidim\u0173, cilindr\u0105 reikia laiku pakeisti.<\/p>\n<\/li>\n<li>\n<h3>Patikrinkite sandariklius<\/h3>\n<p>Patikrinkite, ar sandarikliai n\u0117ra susid\u0117v\u0117j\u0119 ir nepa\u017eeisti. Jei pasteb\u0117site susid\u0117v\u0117jimo ar pa\u017eeidim\u0173, sandariklius reikia laiku pakeisti.<\/p>\n<\/li>\n<li>\n<h3>Patikrinkite hidraulin\u0119 sistem\u0105<\/h3>\n<p>Patikrinkite hidraulin\u0119 sistem\u0105, ar n\u0117ra nuot\u0117ki\u0173 ar kit\u0173 nukrypim\u0173. Jei aptinkama koki\u0173 nors sutrikim\u0173, sistem\u0105 reikia laiku sutaisyti.<\/p>\n<\/li>\n<\/ul>\n<p><img decoding=\"async\" src=\"https:\/\/www.hydraulic-cylinders.net\/wp-content\/uploads\/2025\/01\/songte-chushion-collar.webp\"><\/p>\n<h2>Produkto diegimo vadovas<\/h2>\n<p>Norint tinkamai sumontuoti cilindro formos ranken\u0105, reikia atlikti \u0161iuos veiksmus:<\/p>\n<ol>\n<li>Paruo\u0161kite montavimo viet\u0105 ir \u012fsitikinkite, kad ji yra \u0161vari ir lygi.<\/li>\n<li>Pritvirtinkite cilindr\u0105 prie tinkamos montavimo pad\u0117ties ir krypties.<\/li>\n<li>\u012estatykite cilindr\u0105 ir prijunkite hidraulin\u0119 sistem\u0105.<\/li>\n<li>Patikrinkite cilindr\u0105, kad \u012fsitikintum\u0117te, jog jis veikia tinkamai.<\/li>\n<\/ol>\n<p><img decoding=\"async\" src=\"https:\/\/www.hydraulic-cylinders.net\/wp-content\/uploads\/2025\/01\/songte-bushings-with-all-kinds-of-excavator-models.webp\"><\/p>\n<h2>Saugos aspektai ir aplinkos veiksniai<\/h2>\n<p>Naudojant svirtin\u012f cilindr\u0105, reikia laikytis atitinkam\u0173 saugos standart\u0173, kad b\u016bt\u0173 u\u017etikrintas personalo ir \u012frangos saugumas. Taip pat reik\u0117t\u0173 atsi\u017evelgti \u012f aplinkos veiksnius, tokius kaip temperat\u016bra, dr\u0117gm\u0117 ir dulk\u0117s, siekiant u\u017etikrinti stabil\u0173 ir patikim\u0105 cilindro veikim\u0105.<\/p>\n<h2>Trik\u010di\u0173 \u0161alinimas ir da\u017eniausiai pasitaikan\u010dios problemos<\/h2>\n<p>Toliau pateikiamos kelios da\u017eniausios problemos, galin\u010dios kilti su svirties cilindru:<\/p>\n<ul>\n<li>\n<h3>Sandariklio nuot\u0117kis<\/h3>\n<p>Jei sandariklis pa\u017eeistas arba susid\u0117v\u0117j\u0119s, jis gali sukelti nuot\u0117k\u012f. Sandarikl\u012f reikia laiku pakeisti.<\/p>\n<\/li>\n<li>\n<h3>St\u016bmoklio u\u017estrigimas<\/h3>\n<p>Jei st\u016bmoklis u\u017estrig\u0119s, cilindras gali nustoti veikti. St\u016bmokl\u012f reikia laiku i\u0161valyti arba pakeisti.<\/p>\n<\/li>\n<li>\n<h3>Nepakankama j\u0117ga<\/h3>\n<p>Jei cilindro tiekiama j\u0117ga yra nepakankama, tai gali b\u016bti d\u0117l nepakankamo sl\u0117gio arba cilindro pa\u017eeidimo. Hidraulin\u0117s sistemos sl\u0117g\u012f reikia padidinti arba cilindr\u0105 laiku pakeisti.<\/p>\n<\/li>\n<\/ul>\n<p>Rekomenduojama reguliariai tikrinti ir pri\u017ei\u016br\u0117ti cilindr\u0105, kad b\u016bt\u0173 i\u0161vengta \u0161i\u0173 problem\u0173.<\/p>\n<h2>Apie mus<\/h2>\n<p>Esame profesionalus pakaitini\u0173 hidraulini\u0173 cilindr\u0173 gamintojas, si\u016blantis plat\u0173 gamini\u0173 asortiment\u0105. Tapome vienu i\u0161 pirmaujan\u010di\u0173 hidraulini\u0173 cilindr\u0173 gamintoj\u0173 ir didmenini\u0173 platintoj\u0173 vidaus ir tarptautin\u0117se rinkose. Visada laikom\u0117s puikios kokyb\u0117s principo, remiam\u0117s industrializuotomis gamybos valdymo strategijomis, kurias taiko sud\u0117tingos gamybos dirbtuv\u0117s, nuolat tobuliname savo technologin\u012f lyg\u012f ir gamybos efektyvum\u0105. \u012ediegdami auk\u0161\u010diausios klas\u0117s skaitmenin\u0119 gamybos \u012frang\u0105 ir profesionalias bandym\u0173 sistemas, optimizuojame gamybos platform\u0105 ir tobuliname gamini\u0173 kokyb\u0117s kontrol\u0117s proces\u0105, turime stipri\u0173 inovacij\u0173 paj\u0117gum\u0173. M\u016bs\u0173 tikslas \u2013 patenkinti \u012fvairius klient\u0173 poreikius, u\u017etikrinant auk\u0161t\u0105 efektyvum\u0105, tikslum\u0105 ir kokyb\u0119.<\/p>\n<p>Teikiame profesionalias, tarptautiniu mastu sertifikuotas ir pritaikytas paslaugas, turime pa\u017eangi\u0105 gamybos \u012frang\u0105 ir puik\u0173 aptarnavim\u0105 po pardavimo.<\/p>\n<p><img decoding=\"async\" src=\"https:\/\/www.hydraulic-cylinders.net\/wp-content\/uploads\/2025\/01\/songte-company-4.webp\"><\/p>\n<p><img decoding=\"async\" src=\"https:\/\/www.hydraulic-cylinders.net\/wp-content\/uploads\/2025\/01\/songte-company-3.webp\"><\/p>\n<p>Autorius: lyl<\/p>","protected":false},"excerpt":{"rendered":"<p>Arm CylinderFor Sunward Small Excavator SWE150ELR Introduction Definition of Arm Cylinder An arm cylinder is a specially designed hydraulic cylinder that is mainly used to provide linear motion and power to the arms of various types of machinery, such as excavators, cranes, and manipulators. The arm cylinder plays a critical role in the hydraulic system, [&hellip;]<\/p>","protected":false},"featured_media":14763,"comment_status":"open","ping_status":"closed","template":"","meta":{"_et_pb_use_builder":"","_et_pb_old_content":"","_et_gb_content_width":""},"product_brand":[],"product_cat":[1497],"product_tag":[1498,1496],"class_list":{"0":"post-16443","1":"product","2":"type-product","3":"status-publish","4":"has-post-thumbnail","6":"product_cat-arm-cylinders","7":"product_tag-arm-cylinders","8":"product_tag-hydraulic-cylinders","10":"first","11":"instock","12":"shipping-taxable","13":"product-type-simple"},"amp_enabled":true,"_links":{"self":[{"href":"https:\/\/www.hydraulic-cylinders.net\/lt\/wp-json\/wp\/v2\/product\/16443","targetHints":{"allow":["GET"]}}],"collection":[{"href":"https:\/\/www.hydraulic-cylinders.net\/lt\/wp-json\/wp\/v2\/product"}],"about":[{"href":"https:\/\/www.hydraulic-cylinders.net\/lt\/wp-json\/wp\/v2\/types\/product"}],"replies":[{"embeddable":true,"href":"https:\/\/www.hydraulic-cylinders.net\/lt\/wp-json\/wp\/v2\/comments?post=16443"}],"wp:featuredmedia":[{"embeddable":true,"href":"https:\/\/www.hydraulic-cylinders.net\/lt\/wp-json\/wp\/v2\/media\/14763"}],"wp:attachment":[{"href":"https:\/\/www.hydraulic-cylinders.net\/lt\/wp-json\/wp\/v2\/media?parent=16443"}],"wp:term":[{"taxonomy":"product_brand","embeddable":true,"href":"https:\/\/www.hydraulic-cylinders.net\/lt\/wp-json\/wp\/v2\/product_brand?post=16443"},{"taxonomy":"product_cat","embeddable":true,"href":"https:\/\/www.hydraulic-cylinders.net\/lt\/wp-json\/wp\/v2\/product_cat?post=16443"},{"taxonomy":"product_tag","embeddable":true,"href":"https:\/\/www.hydraulic-cylinders.net\/lt\/wp-json\/wp\/v2\/product_tag?post=16443"}],"curies":[{"name":"wp","href":"https:\/\/api.w.org\/{rel}","templated":true}]}}