{"id":16446,"date":"2025-01-21T05:25:46","date_gmt":"2025-01-21T05:25:46","guid":{"rendered":"https:\/\/www.hydraulic-cylinders.net\/product\/arm-cylinder-for-sunward-small-excavator-swe80e\/"},"modified":"2025-01-21T05:25:57","modified_gmt":"2025-01-21T05:25:57","slug":"arm-cylinder-for-sunward-small-excavator-swe80e","status":"publish","type":"product","link":"https:\/\/www.hydraulic-cylinders.net\/lt\/produktas\/arm-cylinder-for-sunward-small-excavator-swe80e\/","title":{"rendered":"\u201eSunward\u201c ma\u017eo ekskavatoriaus SWE80E rankenos cilindras"},"content":{"rendered":"<h1>\u201eSunward\u201c ma\u017eo ekskavatoriaus SWE80E rankenos cilindras<\/h1>\n<h2>\u012evadas<\/h2>\n<p>Svirties cilindras yra specialiai suprojektuotas hidraulinis cilindras, daugiausia naudojamas linijiniam jud\u0117jimui ir galiai u\u017etikrinti \u012fvairi\u0173 tip\u0173 ma\u0161in\u0173, toki\u0173 kaip ekskavatoriai, kranai ir robotin\u0117s svirtys, svirtims. Svirties cilindras atlieka labai svarb\u0173 vaidmen\u012f hidraulin\u0117se sistemose, nes leid\u017eia pritvirtintiems \u012frankiams ar priedams jud\u0117ti ir b\u016bti efektyviai valdomiems. \u0160ie cilindrai ne tik u\u017etikrina skland\u0173 jud\u0117jim\u0105, bet ir atlaiko dideles apkrovas, u\u017etikrindami efektyv\u0173 ma\u0161in\u0173 veikim\u0105 ir patikimum\u0105 \u012fvairiomis darbo s\u0105lygomis.<\/p>\n<p><img decoding=\"async\" src=\"https:\/\/www.hydraulic-cylinders.net\/wp-content\/uploads\/2025\/01\/songte-company-2.webp\"><\/p>\n<h2>Produkto savyb\u0117s<\/h2>\n<ul>\n<li>Efektyvus galios perdavimas: Svirties cilindrai u\u017etikrina stipr\u0173 tiesin\u012f judes\u012f ir j\u0117g\u0105, u\u017etikrindami auk\u0161t\u0105 ma\u0161inos svir\u010di\u0173 efektyvum\u0105 atliekant \u012fvairias operacijas.<\/li>\n<li>Tikslus valdymas: Hidraulin\u0117s sistemos d\u0117ka svirties cilindrai gali tiksliai valdyti judes\u012f, tod\u0117l pritvirtint\u0173 \u012franki\u0173 valdymas tampa lankstesnis ir tikslesnis.<\/li>\n<li>Didelis patvarumas: Svirtiniai cilindrai paprastai gaminami i\u0161 didelio stiprumo med\u017eiag\u0173, pasi\u017eymin\u010di\u0173 geru atsparumu dilimui ir korozijai, tod\u0117l tinkami ilgalaikiam naudojimui at\u0161iauriomis s\u0105lygomis.<\/li>\n<li>Daugiafunkcis pritaikomumas: \u0160ie cilindrai gali b\u016bti pla\u010diai naudojami \u012fvairiuose mechaniniuose \u012frenginiuose, tokiuose kaip ekskavatoriai, kranai ir robotin\u0117s rankos, kad atitikt\u0173 skirtingus darbo reikalavimus.<\/li>\n<li>Lengva prie\u017ei\u016bra: sukurta lengvam techniniam aptarnavimui ir pakeitimui, tod\u0117l reguliari ap\u017ei\u016bra ir prie\u017ei\u016bra yra patogesn\u0117, o \u012frangos prastovos laikas sutrump\u0117ja.<\/li>\n<\/ul>\n<p>Mes galime pagaminti \u0161\u012f produkt\u0105, o m\u016bs\u0173 produktai gali puikiai pakeisti \u0161iuos hidraulinius cilindrus.<\/p>\n<p><img decoding=\"async\" src=\"https:\/\/www.hydraulic-cylinders.net\/wp-content\/uploads\/2025\/01\/songte-oil-pipes-and-spare-parts.webp\"><\/p>\n<h2>Parai\u0161kos<\/h2>\n<p>Svirtinis cilindras turi plat\u0173 pritaikymo spektr\u0105:<\/p>\n<ul>\n<li><strong>Statybos in\u017einerija:<\/strong> Ekskavatoriuose ir kranuose str\u0117li\u0173 cilindrai naudojami kau\u0161\u0173 ar str\u0117li\u0173 jud\u0117jimui valdyti, atliekant \u017eem\u0117s darbus, med\u017eiag\u0173 tvarkym\u0105 ir konstrukcij\u0173 montavim\u0105.<\/li>\n<li><strong>Gamybos pramon\u0117:<\/strong> Automatizuotose gamybos linijose rank\u0173 cilindrai naudojami robot\u0173 rank\u0173 jud\u0117jimui, surinkimo, suvirinimo ir tvarkymo procesams atlikti, taip gerinant gamybos efektyvum\u0105 ir tikslum\u0105.<\/li>\n<li><strong>\u017dem\u0117s \u016bkio technika:<\/strong> \u017dem\u0117s \u016bkio \u012frangoje, tokioje kaip derliaus nu\u0117mimo ma\u0161inos ir sodinamosios, svir\u010di\u0173 cilindrai valdo valdymo svir\u010di\u0173 jud\u0117jim\u0105, atlikdami tokias u\u017eduotis kaip sodinimas, tr\u0119\u0161imas ir derliaus nu\u0117mimas.<\/li>\n<li><strong>Kasyba:<\/strong> Kasybos \u012frangoje svirties cilindrai naudojami kasybos \u012frangos svir\u010di\u0173 jud\u0117jimui valdyti, r\u016bdos i\u0161kasimui ir tvarkymui.<\/li>\n<li><strong>Logistika ir transportas:<\/strong> \u0160akiniuose krautuvuose ir krovini\u0173 krovimo robotuose svir\u010di\u0173 cilindrai naudojami \u0161aki\u0173 k\u0117limui ir jud\u0117jimui valdyti, taip u\u017etikrinant med\u017eiag\u0173 tvarkym\u0105 ir sukraunim\u0105.<\/li>\n<\/ul>\n<h2>Projektavimo aspektai ir atrankos kriterijai<\/h2>\n<p>Projektuojant ir renkantis cilindro formos rankenas, reikia atsi\u017evelgti \u012f kelet\u0105 svarbi\u0173 aspekt\u0173:<\/p>\n<ul>\n<li><strong>Apkrovos paj\u0117gumas:<\/strong> Svirteli\u0173 cilindrai turi atlaikyti maksimali\u0105 ma\u0161inos svirteli\u0173 apkrov\u0105.<\/li>\n<li><strong>Sandarinimo efektyvumas:<\/strong> Svirtini\u0173 cilindr\u0173 sandarikliuose tur\u0117t\u0173 b\u016bti naudojami \u012fvair\u016bs sandarikliai, tokie kaip st\u016bmokli\u0173 ir stryp\u0173 sandarikliai, pagaminti i\u0161 atspari\u0173 dilimui med\u017eiag\u0173, toki\u0173 kaip poliuretanas ir nitrilo kau\u010diukas, siekiant u\u017etikrinti ger\u0105 sandarum\u0105.<\/li>\n<li><strong>Patvarumas:<\/strong> Svirtiniai cilindrai tur\u0117t\u0173 b\u016bti pagaminti i\u0161 didelio stiprumo med\u017eiag\u0173 ir kruop\u0161\u010diai apdoroti pavir\u0161i\u0173, kad b\u016bt\u0173 pagerintas atsparumas dilimui ir korozijai.<\/li>\n<li><strong>Saugumas:<\/strong> Svirtiniai cilindrai turi tur\u0117ti saugos mechanizmus, kurie apsaugot\u0173 nuo atsitiktini\u0173 judesi\u0173 ir u\u017etikrint\u0173 operatori\u0173 bei ma\u0161in\u0173 saug\u0105.<\/li>\n<li><strong>Prie\u017ei\u016bra:<\/strong> Svirtiniai cilindrai tur\u0117t\u0173 b\u016bti suprojektuoti taip, kad juos b\u016bt\u0173 lengva pri\u017ei\u016br\u0117ti ir pakeisti, siekiant suma\u017einti \u012frangos prastovos laik\u0105.<\/li>\n<\/ul>\n<p><img decoding=\"async\" src=\"https:\/\/www.hydraulic-cylinders.net\/wp-content\/uploads\/2025\/01\/songte-cylinder-head-with-all-kinds-excavator-models.webp\"><\/p>\n<h2>Sandarinimas ir tepimas<\/h2>\n<p>Svirtiniuose cilindruose tur\u0117t\u0173 b\u016bti naudojami \u012fvair\u016bs sandarikliai, tokie kaip st\u016bmokli\u0173 ir kot\u0173 sandarikliai, pagaminti i\u0161 atspari\u0173 dilimui med\u017eiag\u0173, toki\u0173 kaip poliuretanas ir nitrilo kau\u010diukas, siekiant u\u017etikrinti ger\u0105 sandarum\u0105. Cilindro korpusas ir sriegio galo pavir\u0161ius tur\u0117t\u0173 b\u016bti kruop\u0161\u010diai apdorojami, kad b\u016bt\u0173 padidintas atsparumas dilimui. Reguliariai \u012f cilindr\u0105 \u012fpilant tinkam\u0105 kiek\u012f hidraulin\u0117s alyvos, galima u\u017etikrinti tepim\u0105 ir geresn\u012f na\u0161um\u0105.<\/p>\n<h2>Prie\u017ei\u016bra ir prevencin\u0117s priemon\u0117s<\/h2>\n<ul>\n<li>Reguliariai tikrinkite svirties cilindrus, ar jie nepa\u017eeisti ar nesusid\u0117v\u0117j\u0119.<\/li>\n<li>Nedelsdami pakeiskite visas pa\u017eeistas ar susid\u0117v\u0117jusias dalis.<\/li>\n<li>Cilindr\u0105 laikykite \u0161var\u0173 ir be \u0161iuk\u0161li\u0173.<\/li>\n<li>Reguliariai \u012fpilkite \u012f cilindr\u0105 tinkam\u0105 kiek\u012f hidraulin\u0117s alyvos tepimui.<\/li>\n<li>\u012esitikinkite, kad saugos mechanizmai veikia tinkamai.<\/li>\n<\/ul>\n<p><img decoding=\"async\" src=\"https:\/\/www.hydraulic-cylinders.net\/wp-content\/uploads\/2025\/01\/songte-chushion-collar.webp\"><\/p>\n<h2>Diegimo vadovas<\/h2>\n<p>Svirtini\u0173 cilindr\u0173 montavim\u0105 tur\u0117t\u0173 atlikti kvalifikuoti darbuotojai, turintys tinkamus \u012frankius ir \u012frang\u0105. Atlikite \u0161iuos veiksmus:<\/p>\n<ol>\n<li>\u012estatykite cilindr\u0105 teisingoje pad\u0117tyje ir orientacijoje.<\/li>\n<li>Sumontuokite jungiam\u0105sias dalis ir \u012fsitikinkite, kad jos priver\u017etos tinkamu sukimo momentu.<\/li>\n<li>\u012e cilindr\u0105 \u012fpilkite hidraulin\u0117s alyvos ir patikrinkite, ar n\u0117ra nuot\u0117kio.<\/li>\n<li>Atlikite bandom\u0105j\u012f va\u017eiavim\u0105, kad \u012fsitikintum\u0117te, jog cilindras veikia tinkamai.<\/li>\n<\/ol>\n<p><img decoding=\"async\" src=\"https:\/\/www.hydraulic-cylinders.net\/wp-content\/uploads\/2025\/01\/songte-bushings-with-all-kinds-of-excavator-models.webp\"><\/p>\n<h2>Saugos ir aplinkosaugos aspektai<\/h2>\n<p>Dirbant su svirtiniais cilindrais, reikia imtis tinkam\u0173 saugos priemoni\u0173, \u012fskaitant asmenini\u0173 apsaugos priemoni\u0173 d\u0117v\u0117jim\u0105 ir tinkam\u0105 operatori\u0173 mokym\u0105. Taip pat reik\u0117t\u0173 atsi\u017evelgti \u012f aplinkos veiksnius, tokius kaip biologi\u0161kai skaid\u017eios hidraulin\u0117s alyvos naudojimas, siekiant suma\u017einti poveik\u012f aplinkai.<\/p>\n<h2>Trik\u010di\u0173 \u0161alinimas ir da\u017eniausios problemos<\/h2>\n<p>Da\u017eniausios su ranken\u0173 cilindrais susijusios problemos yra nuot\u0117kis, l\u0117tas jud\u0117jimas ir ne\u012fprastas triuk\u0161mas. Jei kyla \u0161i\u0173 problem\u0173, atlikite \u0161iuos veiksmus:<\/p>\n<ul>\n<li>Patikrinkite sandariklius ir pakeiskite visus pa\u017eeistus ar susid\u0117v\u0117jusius sandariklius.<\/li>\n<li>Patikrinkite hidraulin\u0117s alyvos lyg\u012f ir, jei reikia, \u012fpilkite daugiau.<\/li>\n<li>Patikrinkite, ar cilindro korpusas arba st\u016bmoklio kotas n\u0117ra pa\u017eeisti ar susid\u0117v\u0117j\u0119.<\/li>\n<li>Patikrinkite saugos mechanizmus ir \u012fsitikinkite, kad jie tinkamai veikia.<\/li>\n<\/ul>\n<p>Prevencin\u0117s priemon\u0117s, tokios kaip reguliari ap\u017ei\u016bra ir prie\u017ei\u016bra, gali pad\u0117ti suma\u017einti \u0161i\u0173 problem\u0173 atsiradim\u0105.<\/p>\n<p><img decoding=\"async\" src=\"https:\/\/www.hydraulic-cylinders.net\/wp-content\/uploads\/2025\/01\/songte-company-4.webp\"><br \/>\n<img decoding=\"async\" src=\"https:\/\/www.hydraulic-cylinders.net\/wp-content\/uploads\/2025\/01\/songte-company-3.webp\"><\/p>\n<h2>Apie mus<\/h2>\n<p>Esame profesionalus pakaitini\u0173 hidraulini\u0173 cilindr\u0173 gamintojas, si\u016blantis plat\u0173 gamini\u0173 asortiment\u0105 ir tap\u0119s vienu i\u0161 pirmaujan\u010di\u0173 hidraulini\u0173 cilindr\u0173 gamintoj\u0173 bei didmenini\u0173 platintoj\u0173 vidaus ir tarptautin\u0117se rinkose. Visada laikom\u0117s puikios kokyb\u0117s principo, savo moderniose gamybos dirbtuv\u0117se remdamiesi industrializuotomis gamybos valdymo strategijomis, siekdami nuolat tobulinti savo technin\u012f lyg\u012f ir gamybos efektyvum\u0105. Diegiant auk\u0161\u010diausios klas\u0117s skaitmenin\u0119 gamybos \u012frang\u0105 ir profesionalias tikrinimo sistemas, nuolat optimizuojame savo gamybos platform\u0105, tobuliname gamini\u0173 kokyb\u0117s kontrol\u0117s proces\u0105 ir turime stiprias inovacij\u0173 galimybes. M\u016bs\u0173 tikslas \u2013 patenkinti \u012fvairius klient\u0173 poreikius, vadovaujantis efektyvumo, tikslumo ir auk\u0161tos kokyb\u0117s principais.<\/p>\n<h3>Profesionalumas<\/h3>\n<p>Turime profesionali\u0173 in\u017einieri\u0173 ir technik\u0173 komand\u0105, turin\u010di\u0105 ilgamet\u0119 patirt\u012f hidraulini\u0173 cilindr\u0173 gamyboje ir projektavime. Taip pat turime pa\u017eangi\u0105 gamybos \u012frang\u0105 ir tikrinimo sistemas, kad u\u017etikrintume savo gamini\u0173 kokyb\u0119.<\/p>\n<h3>Tarptautinis sertifikavimas<\/h3>\n<p>M\u016bs\u0173 gaminiai yra sertifikuoti pagal ISO9001: 2015 tarptautin\u012f kokyb\u0117s vadybos sistemos standart\u0105, o m\u016bs\u0173 hidrauliniai cilindrai buvo eksportuoti \u012f daugel\u012f pasaulio \u0161ali\u0173 ir region\u0173.<\/p>\n<h3>Pritaikymo paslauga<\/h3>\n<p>Teikiame individualias paslaugas pagal klient\u0173 reikalavimus, \u012fskaitant \u012fvairi\u0173 tip\u0173 hidraulini\u0173 cilindr\u0173 projektavim\u0105 ir gamyb\u0105.<\/p>\n<h3>Gamybos \u012franga<\/h3>\n<p>Turime pa\u017eangios skaitmenin\u0117s gamybos \u012frangos ir tikrinimo sistem\u0173 serij\u0105, \u012fskaitant CNC apdirbimo centrus, hidraulini\u0173 cilindr\u0173 bandymo stendus ir 3D koordina\u010di\u0173 matavimo ma\u0161inas.<\/p>\n<h3>Aptarnavimas po pardavimo<\/h3>\n<p>Savo klientams teikiame i\u0161samias garantinio aptarnavimo ir technines paslaugas, \u012fskaitant gamini\u0173 diegimo konsultacijas, trik\u010di\u0173 \u0161alinim\u0105 ir prie\u017ei\u016br\u0105.<\/p>\n<p>Autorius: lyl<\/p>","protected":false},"excerpt":{"rendered":"<p>Arm Cylinder For Sunward Small Excavator SWE80E Introduction An arm cylinder is a specially designed hydraulic cylinder that is mainly used to provide linear motion and power to the arms of various types of machinery, such as excavators, cranes, and robotic arms. The arm cylinder plays a crucial role in hydraulic systems, allowing attached tools [&hellip;]<\/p>","protected":false},"featured_media":14786,"comment_status":"open","ping_status":"closed","template":"","meta":{"_et_pb_use_builder":"","_et_pb_old_content":"","_et_gb_content_width":""},"product_brand":[],"product_cat":[1497],"product_tag":[1498,1496],"class_list":{"0":"post-16446","1":"product","2":"type-product","3":"status-publish","4":"has-post-thumbnail","6":"product_cat-arm-cylinders","7":"product_tag-arm-cylinders","8":"product_tag-hydraulic-cylinders","10":"first","11":"instock","12":"shipping-taxable","13":"product-type-simple"},"amp_enabled":true,"_links":{"self":[{"href":"https:\/\/www.hydraulic-cylinders.net\/lt\/wp-json\/wp\/v2\/product\/16446","targetHints":{"allow":["GET"]}}],"collection":[{"href":"https:\/\/www.hydraulic-cylinders.net\/lt\/wp-json\/wp\/v2\/product"}],"about":[{"href":"https:\/\/www.hydraulic-cylinders.net\/lt\/wp-json\/wp\/v2\/types\/product"}],"replies":[{"embeddable":true,"href":"https:\/\/www.hydraulic-cylinders.net\/lt\/wp-json\/wp\/v2\/comments?post=16446"}],"wp:featuredmedia":[{"embeddable":true,"href":"https:\/\/www.hydraulic-cylinders.net\/lt\/wp-json\/wp\/v2\/media\/14786"}],"wp:attachment":[{"href":"https:\/\/www.hydraulic-cylinders.net\/lt\/wp-json\/wp\/v2\/media?parent=16446"}],"wp:term":[{"taxonomy":"product_brand","embeddable":true,"href":"https:\/\/www.hydraulic-cylinders.net\/lt\/wp-json\/wp\/v2\/product_brand?post=16446"},{"taxonomy":"product_cat","embeddable":true,"href":"https:\/\/www.hydraulic-cylinders.net\/lt\/wp-json\/wp\/v2\/product_cat?post=16446"},{"taxonomy":"product_tag","embeddable":true,"href":"https:\/\/www.hydraulic-cylinders.net\/lt\/wp-json\/wp\/v2\/product_tag?post=16446"}],"curies":[{"name":"wp","href":"https:\/\/api.w.org\/{rel}","templated":true}]}}