{"id":16464,"date":"2025-01-21T05:27:11","date_gmt":"2025-01-21T05:27:11","guid":{"rendered":"https:\/\/www.hydraulic-cylinders.net\/product\/arm-cylinder-for-lishide-small-excavator-sc85-8\/"},"modified":"2025-01-21T05:27:13","modified_gmt":"2025-01-21T05:27:13","slug":"arm-cylinder-for-lishide-small-excavator-sc85-8","status":"publish","type":"product","link":"https:\/\/www.hydraulic-cylinders.net\/lt\/produktas\/arm-cylinder-for-lishide-small-excavator-sc85-8\/","title":{"rendered":"\u201eLishide\u201c ma\u017eo ekskavatoriaus SC85.8 rankos cilindras"},"content":{"rendered":"<h1>\u201eLishide\u201c ma\u017eo ekskavatoriaus SC85.8 rankos cilindras<\/h1>\n<h2>\u012evadas<\/h2>\n<p>Svirties cilindras, dar \u017einomas kaip hidraulinis cilindras, yra specialiai suprojektuota hidraulin\u0117 pavara, naudojama \u012fvairi\u0173 ma\u0161in\u0173, toki\u0173 kaip ekskavatoriai, kranai ir mechanin\u0117s svirtys, svirtims linijiniam jud\u0117jimui ir galiai u\u017etikrinti. Svirties cilindras atlieka gyvybi\u0161kai svarb\u0173 vaidmen\u012f hidraulin\u0117se sistemose, nes leid\u017eia efektyviai jud\u0117ti ir valdyti papildomus \u012frankius ar priedus. \u0160ie cilindrai ne tik u\u017etikrina skland\u0173 jud\u0117jim\u0105, bet ir atlaiko dideles apkrovas, u\u017etikrindami efektyv\u0173 ma\u0161in\u0173 veikim\u0105 ir patikimum\u0105 \u012fvairiomis darbo s\u0105lygomis.<\/p>\n<p><img decoding=\"async\" src=\"https:\/\/www.hydraulic-cylinders.net\/wp-content\/uploads\/2025\/01\/songte-company-2.webp\" alt=\"Svirties cilindro vaizdas\"><\/p>\n<h2>Savyb\u0117s<\/h2>\n<ul>\n<li>\n<h3>Didelio efektyvumo transmisija<\/h3>\n<p>Svirties cilindras u\u017etikrina stipr\u0173 tiesin\u012f judes\u012f ir j\u0117g\u0105, u\u017etikrindamas auk\u0161t\u0105 na\u0161um\u0105 atliekant \u012fvairias operacijas.<\/p>\n<\/li>\n<li>\n<h3>Tikslus valdymas<\/h3>\n<p>Hidraulin\u0117s sistemos d\u0117ka rankos cilindras gali tiksliai valdyti judes\u012f, tod\u0117l papildom\u0173 \u012franki\u0173 valdymas tampa lankstesnis ir tikslesnis.<\/p>\n<\/li>\n<li>\n<h3>Stiprus patvarumas<\/h3>\n<p>Svirties cilindras paprastai pagamintas i\u0161 didelio stiprumo med\u017eiag\u0173, pasi\u017eymin\u010di\u0173 geru atsparumu dilimui ir korozijai, tod\u0117l tinka ilgalaikiam naudojimui at\u0161iauriomis s\u0105lygomis.<\/p>\n<\/li>\n<li>\n<h3>Daugiafunkcis prisitaikymas<\/h3>\n<p>\u0160ie cilindrai gali b\u016bti pla\u010diai naudojami \u012fvairiuose mechaniniuose \u012frenginiuose, tokiuose kaip ekskavatoriai, kranai ir mechanin\u0117s svirtys, kad b\u016bt\u0173 pritaikyti skirtingiems darbo poreikiams.<\/p>\n<\/li>\n<li>\n<h3>Lengva prie\u017ei\u016bra<\/h3>\n<p>Projektuojant atsi\u017evelgiama \u012f lengv\u0105 prie\u017ei\u016br\u0105 ir keitim\u0105, tod\u0117l reguliari ap\u017ei\u016bra ir prie\u017ei\u016bra yra patogesni, o \u012frangos prastovos laikas sutrump\u0117ja.<\/p>\n<\/li>\n<\/ul>\n<p>Mes galime pagaminti \u0161\u012f produkt\u0105 ir jis puikiai gali pakeisti \u0161iuos hidraulinius cilindrus.<\/p>\n<p><img decoding=\"async\" src=\"https:\/\/www.hydraulic-cylinders.net\/wp-content\/uploads\/2025\/01\/songte-oil-pipes-and-spare-parts.webp\" alt=\"Hidraulinio cilindro vaizdas\"><\/p>\n<h2>Parai\u0161kos<\/h2>\n<p>Svirtinis cilindras turi plat\u0173 pritaikymo spektr\u0105 \u012fvairiose pramon\u0117s \u0161akose:<\/p>\n<ul>\n<li>\n<h3>Statybos in\u017einerija<\/h3>\n<p>Ekskavatoriuose ir kranuose svirties cilindras naudojamas kastuv\u0173 arba str\u0117li\u0173 jud\u0117jimui valdyti atliekant \u017eem\u0117s darbus, med\u017eiag\u0173 tvarkym\u0105 ir konstrukcij\u0173 montavim\u0105.<\/p>\n<\/li>\n<li>\n<h3>Gamyba<\/h3>\n<p>Automatizuotose gamybos linijose svirties cilindras naudojamas mechanin\u0117ms svirtims judinti, surinkti, suvirinti ir tvarkyti, siekiant pagerinti gamybos efektyvum\u0105 ir tikslum\u0105.<\/p>\n<\/li>\n<li>\n<h3>\u017dem\u0117s \u016bkio technika<\/h3>\n<p>\u017dem\u0117s \u016bkio technikose, tokiose kaip derliaus nu\u0117mimo ma\u0161inos ir s\u0117jamosios, svirties cilindras valdo valdymo svirties judes\u012f, kad b\u016bt\u0173 galima atlikti tokias u\u017eduotis kaip s\u0117ja, tr\u0119\u0161imas ir derliaus nu\u0117mimas.<\/p>\n<\/li>\n<li>\n<h3>Kasyba<\/h3>\n<p>Kasybos \u012frangoje svirties cilindras naudojamas kasybos \u012frangos svirties jud\u0117jimui valdyti, siekiant i\u0161gauti ir transportuoti mineralus.<\/p>\n<\/li>\n<li>\n<h3>Logistika ir transportas<\/h3>\n<p>\u0160akiniuose krautuvuose ir krovini\u0173 krovimo robotuose svirties cilindras naudojamas \u0161aki\u0173 k\u0117limui ir jud\u0117jimui valdyti transportuojant ir sukraunant med\u017eiagas.<\/p>\n<\/li>\n<\/ul>\n<h2>Projektavimo aspektai ir atrankos kriterijai<\/h2>\n<ul>\n<li>\n<h3>Guoli\u0173 talpa<\/h3>\n<p>Svirties cilindras turi atlaikyti dideles ma\u0161inos, kurioje jis sumontuotas ir veikia \u012fvairiomis darbo s\u0105lygomis, apkrovas.<\/p>\n<\/li>\n<li>\n<h3>Sandarinimas<\/h3>\n<p>Svirtiniame cilindre naudojami \u012fvair\u016bs sandarinimo komponentai, tokie kaip st\u016bmoklio ir strypo sandarikliai, pagaminti i\u0161 atspari\u0173 dilimui med\u017eiag\u0173, toki\u0173 kaip poliuretanas ir nitrilo kau\u010diukas, siekiant i\u0161vengti nuot\u0117kio ir u\u017etikrinti cilindro ilgaam\u017ei\u0161kum\u0105 bei patikimum\u0105.<\/p>\n<\/li>\n<li>\n<h3>Patvarumas<\/h3>\n<p>Svirties cilindras pagamintas i\u0161 didelio stiprumo med\u017eiag\u0173 su puikiu pavir\u0161iaus apdorojimu, siekiant pagerinti atsparum\u0105 dilimui ir korozijai bei pailginti cilindro tarnavimo laik\u0105.<\/p>\n<\/li>\n<li>\n<h3>Saugumas<\/h3>\n<p>Svirties cilindras suprojektuotas taip, kad atitikt\u0173 saugos standartus ir reglamentus, siekiant u\u017etikrinti saug\u0173 ma\u0161in\u0173 veikim\u0105.<\/p>\n<\/li>\n<li>\n<h3>Prie\u017ei\u016bra<\/h3>\n<p>Svirties cilindras suprojektuotas taip, kad j\u012f b\u016bt\u0173 lengva pri\u017ei\u016br\u0117ti ir pakeisti, \u012fskaitant paprast\u0105 i\u0161ardym\u0105, patikrinim\u0105 ir komponent\u0173 keitim\u0105, taip sutrumpinant \u012frangos prastovos laik\u0105.<\/p>\n<\/li>\n<\/ul>\n<p><img decoding=\"async\" src=\"https:\/\/www.hydraulic-cylinders.net\/wp-content\/uploads\/2025\/01\/songte-cylinder-head-with-all-kinds-excavator-models.webp\" alt=\"Cilindro galvut\u0117s vaizdas\"><\/p>\n<h2>Sandarinimas ir tepimas<\/h2>\n<p>Svirtiniame cilindre naudojami \u012fvair\u016bs sandarinimo komponentai, tokie kaip st\u016bmokli\u0173 ir kot\u0173 sandarikliai, pagaminti i\u0161 atspari\u0173 dilimui med\u017eiag\u0173, toki\u0173 kaip poliuretanas ir nitrilo kau\u010diukas, siekiant i\u0161vengti nuot\u0117kio ir u\u017etikrinti cilindro ilgaam\u017ei\u0161kum\u0105 bei patikimum\u0105. Cilindro korpusas ir srieginis galinis pavir\u0161ius yra kruop\u0161\u010diai apdorojami, siekiant pagerinti atsparum\u0105 dilimui. Norint tinkamai sutepti cilindr\u0105, b\u016btina reguliariai pildyti pakankam\u0105 kiek\u012f hidraulin\u0117s alyvos.<\/p>\n<p><img decoding=\"async\" src=\"https:\/\/www.hydraulic-cylinders.net\/wp-content\/uploads\/2025\/01\/songte-chushion-collar.webp\" alt=\"Hidraulinio cilindro vaizdas\"><\/p>\n<h2>Prie\u017ei\u016bra ir trik\u010di\u0173 \u0161alinimas<\/h2>\n<p>Reguliarus svirties cilindro patikrinimas ir profilaktin\u0117 prie\u017ei\u016bra gali pad\u0117ti i\u0161vengti galim\u0173 problem\u0173. Jei problem\u0173 i\u0161kyla, pateikiamos kelios da\u017eniausios problemos:<\/p>\n<ul>\n<li>\n<h3>Nuot\u0117kis<\/h3>\n<p>Svirties cilindras gali tur\u0117ti nuot\u0117ki\u0173 d\u0117l pa\u017eeist\u0173 sandarikli\u0173 ar kit\u0173 komponent\u0173.<\/p>\n<\/li>\n<li>\n<h3>Triuk\u0161mas<\/h3>\n<p>Svirties cilindras veikimo metu gali skleisti ne\u012fprastus garsus.<\/p>\n<\/li>\n<li>\n<h3>L\u0117tumas arba netikslus jud\u0117jimas<\/h3>\n<p>Svirties cilindras veikimo metu gali jud\u0117ti per l\u0117tai arba netiksliai.<\/p>\n<\/li>\n<\/ul>\n<p>Norint i\u0161spr\u0119sti \u0161ias problemas, b\u016btina tinkama diagnostika ir trik\u010di\u0173 \u0161alinimas. Technin\u0117s prie\u017ei\u016bros personalas tur\u0117t\u0173 reguliariai tikrinti ir keisti visus pa\u017eeistus komponentus. Be to, prevencin\u0117s prie\u017ei\u016bros priemon\u0117s gali pad\u0117ti suma\u017einti galim\u0173 problem\u0173 skai\u010di\u0173.<\/p>\n<h2>Diegimo vadovas<\/h2>\n<p>Prie\u0161 montuodami patikrinkite cilindr\u0105, ar n\u0117ra pa\u017eeidim\u0173 ar defekt\u0173. Montavimas turi b\u016bti atliekamas \u0161varioje aplinkoje, o montavimo metu cilindras turi b\u016bti laikomas vertikaliai, kad neb\u016bt\u0173 pa\u017eeistos vidin\u0117s dalys. Cilindras turi b\u016bti tvirtai pritvirtintas ir lygiagre\u010diai judan\u010dioms dalims, vengiant bet kokio ki\u0161imosi \u012f kitus komponentus, o hidraulin\u0117s \u017earnos turi b\u016bti tinkamai prijungtos, kad b\u016bt\u0173 i\u0161vengta nuot\u0117kio. Prie\u0161 naudodami patikrinkite cilindro veikim\u0105 ir \u012fsitikinkite, kad jis patikimas ir stabilus.<\/p>\n<p><img decoding=\"async\" src=\"https:\/\/www.hydraulic-cylinders.net\/wp-content\/uploads\/2025\/01\/songte-bushings-with-all-kinds-of-excavator-models.webp\" alt=\"\u012evori\u0173 vaizdas\"><\/p>\n<h2>Apie mus<\/h2>\n<p>Esame profesionalus pakaitini\u0173 hidraulini\u0173 cilindr\u0173 gamintojas, si\u016blantis plat\u0173 gamini\u0173 asortiment\u0105, ir tapome vienu i\u0161 pirmaujan\u010di\u0173 hidraulini\u0173 cilindr\u0173 gamintoj\u0173 ir didmenini\u0173 platintoj\u0173 vidaus ir tarptautin\u0117se rinkose. Mes visada laikom\u0117s kokyb\u0117s puikumo principo ir remiam\u0117s puiki\u0173 gamybos dirbtuvi\u0173 pramonin\u0117s gamybos valdymo strategija, kad nuolat tobulintume savo technologijas ir gamybos efektyvum\u0105. \u012ediegdami pa\u017eangi\u0105 skaitmenin\u0119 gamybos \u012frang\u0105 ir profesionalias bandym\u0173 sistemas, optimizuojame gamybos platform\u0105 ir tobuliname gamini\u0173 kokyb\u0117s kontrol\u0117s proces\u0105, tur\u0117dami stiprias inovacij\u0173 galimybes. M\u016bs\u0173 tikslas \u2013 patenkinti \u012fvairius klient\u0173 poreikius, taikant auk\u0161t\u0105 efektyvum\u0105, tikslum\u0105 ir auk\u0161tos kokyb\u0117s principus.<\/p>\n<h2>\u012emon\u0117s informacija<\/h2>\n<ul>\n<li>\n<h3>Profesionalumas<\/h3>\n<p>Turime profesionali\u0105 komand\u0105, turin\u010di\u0105 didel\u0119 hidraulini\u0173 cilindr\u0173 projektavimo ir gamybos patirt\u012f, kad u\u017etikrintume gamini\u0173 kokyb\u0119 ir patenkintume klient\u0173 poreikius.<\/p>\n<\/li>\n<li>\n<h3>Tarptautinis sertifikavimas<\/h3>\n<p>Visi m\u016bs\u0173 produktai yra sertifikuoti tarptautiniu mastu, tokiais kaip ISO, CE ir SGS, o tai u\u017etikrina gamini\u0173 kokyb\u0119 ir saug\u0105.<\/p>\n<\/li>\n<li>\n<h3>Individualus aptarnavimas<\/h3>\n<p>Mes teikiame individualius sprendimus, pagr\u012fstus klient\u0173 reikalavimais, \u012fskaitant gaminio dizain\u0105, med\u017eiagas ir pakuotes.<\/p>\n<\/li>\n<li>\n<h3>Gamybos \u012franga<\/h3>\n<p>Diegiame pa\u017eangi\u0105 skaitmenin\u0119 gamybos \u012frang\u0105 ir automatizuotas gamybos linijas, siekdami u\u017etikrinti gamini\u0173 kokyb\u0119 ir gamybos efektyvum\u0105.<\/p>\n<\/li>\n<li>\n<h3>Aptarnavimas po pardavimo<\/h3>\n<p>Teikiame profesionalias garantinio aptarnavimo ir technines paslaugas klientams, u\u017etikrindami saug\u0173 ir patikim\u0105 produkt\u0173 naudojim\u0105.<\/p>\n<\/li>\n<\/ul>\n<p><img decoding=\"async\" src=\"https:\/\/www.hydraulic-cylinders.net\/wp-content\/uploads\/2025\/01\/songte-company-4.webp\" alt=\"\u012emon\u0117s \u012fvaizdis\"><br \/>\n<img decoding=\"async\" src=\"https:\/\/www.hydraulic-cylinders.net\/wp-content\/uploads\/2025\/01\/songte-company-3.webp\" alt=\"\u012emon\u0117s \u012fvaizdis\"><\/p>\n<p>Autorius: lyl.<\/p>","protected":false},"excerpt":{"rendered":"<p>Arm Cylinder For Lishide Small Excavator SC85.8 Introduction The arm cylinder, also known as hydraulic cylinder, is a specially designed hydraulic actuator used to provide linear movement and power to the arms of various machinery, such as excavators, cranes, and mechanical arms. The arm cylinder plays a vital role in hydraulic systems, enabling the effective [&hellip;]<\/p>","protected":false},"featured_media":14763,"comment_status":"open","ping_status":"closed","template":"","meta":{"_et_pb_use_builder":"","_et_pb_old_content":"","_et_gb_content_width":""},"product_brand":[],"product_cat":[1497],"product_tag":[1498,1496],"class_list":{"0":"post-16464","1":"product","2":"type-product","3":"status-publish","4":"has-post-thumbnail","6":"product_cat-arm-cylinders","7":"product_tag-arm-cylinders","8":"product_tag-hydraulic-cylinders","10":"first","11":"instock","12":"shipping-taxable","13":"product-type-simple"},"amp_enabled":true,"_links":{"self":[{"href":"https:\/\/www.hydraulic-cylinders.net\/lt\/wp-json\/wp\/v2\/product\/16464","targetHints":{"allow":["GET"]}}],"collection":[{"href":"https:\/\/www.hydraulic-cylinders.net\/lt\/wp-json\/wp\/v2\/product"}],"about":[{"href":"https:\/\/www.hydraulic-cylinders.net\/lt\/wp-json\/wp\/v2\/types\/product"}],"replies":[{"embeddable":true,"href":"https:\/\/www.hydraulic-cylinders.net\/lt\/wp-json\/wp\/v2\/comments?post=16464"}],"wp:featuredmedia":[{"embeddable":true,"href":"https:\/\/www.hydraulic-cylinders.net\/lt\/wp-json\/wp\/v2\/media\/14763"}],"wp:attachment":[{"href":"https:\/\/www.hydraulic-cylinders.net\/lt\/wp-json\/wp\/v2\/media?parent=16464"}],"wp:term":[{"taxonomy":"product_brand","embeddable":true,"href":"https:\/\/www.hydraulic-cylinders.net\/lt\/wp-json\/wp\/v2\/product_brand?post=16464"},{"taxonomy":"product_cat","embeddable":true,"href":"https:\/\/www.hydraulic-cylinders.net\/lt\/wp-json\/wp\/v2\/product_cat?post=16464"},{"taxonomy":"product_tag","embeddable":true,"href":"https:\/\/www.hydraulic-cylinders.net\/lt\/wp-json\/wp\/v2\/product_tag?post=16464"}],"curies":[{"name":"wp","href":"https:\/\/api.w.org\/{rel}","templated":true}]}}