{"id":16468,"date":"2025-01-21T05:27:26","date_gmt":"2025-01-21T05:27:26","guid":{"rendered":"https:\/\/www.hydraulic-cylinders.net\/product\/arm-cylinder-for-lishide-middle-excavator-sc210-8\/"},"modified":"2025-01-21T05:27:28","modified_gmt":"2025-01-21T05:27:28","slug":"arm-cylinder-for-lishide-middle-excavator-sc210-8","status":"publish","type":"product","link":"https:\/\/www.hydraulic-cylinders.net\/lt\/produktas\/arm-cylinder-for-lishide-middle-excavator-sc210-8\/","title":{"rendered":"\u201eLishide Middle\u201c ekskavatoriaus SC210.8 rankenos cilindras"},"content":{"rendered":"<h1>\u201eLishide Middle\u201c ekskavatoriaus SC210.8 rankenos cilindras<\/h1>\n<h2>\u012evadas<\/h2>\n<p>Svirties cilindras yra specialiai suprojektuotas hidraulinis cilindras, kuris pirmiausia naudojamas linijiniam judesiui ir galiai u\u017etikrinti \u012fvairi\u0173 ma\u0161in\u0173, toki\u0173 kaip ekskavatoriai, kranai ir mechanin\u0117s svirtys, svirtims. Svirties cilindras atlieka labai svarb\u0173 vaidmen\u012f hidraulin\u0117je sistemoje, nes leid\u017eia efektyviai jud\u0117ti ir valdyti papildomus \u012frankius ar priedus. \u0160ie cilindrai ne tik u\u017etikrina skland\u0173 jud\u0117jim\u0105, bet ir atlaiko dideles apkrovas, u\u017etikrindami efektyv\u0173 ma\u0161inos veikim\u0105 ir patikimum\u0105 \u012fvairiomis eksploatavimo s\u0105lygomis.<\/p>\n<p><img decoding=\"async\" src=\"https:\/\/www.hydraulic-cylinders.net\/wp-content\/uploads\/2025\/01\/songte-company-2.webp\" alt=\"Svirties cilindro vaizdas\"><\/p>\n<h2>Savyb\u0117s<\/h2>\n<ul>\n<li>Efektyvus galios perdavimas: Svirties cilindras u\u017etikrina galing\u0105 tiesin\u012f judes\u012f ir j\u0117g\u0105, u\u017etikrindamas labai efektyv\u0173 na\u0161um\u0105 atliekant \u012fvairias operacijas.<\/li>\n<li>Tikslus valdymas: Hidraulin\u0117 sistema leid\u017eia tiksliai valdyti rankos cilindro judes\u012f, tod\u0117l papildom\u0173 \u012franki\u0173 valdymas yra lankstesnis ir tikslesnis.<\/li>\n<li>Didelis patvarumas: Svirties cilindras paprastai gaminamas i\u0161 didelio stiprumo med\u017eiag\u0173, kurios u\u017etikrina puik\u0173 atsparum\u0105 dilimui ir korozijai, tod\u0117l tinka ilgalaikiam naudojimui at\u0161iauriomis s\u0105lygomis.<\/li>\n<li>Daugiafunkcinis pritaikomumas: \u0160ie cilindrai gali b\u016bti pla\u010diai naudojami \u012fvairiuose mechaniniuose \u012frenginiuose, tokiuose kaip ekskavatoriai, kranai ir mechanin\u0117s rankenos, kad atitikt\u0173 skirtingus darbo reikalavimus.<\/li>\n<li>Lengva prie\u017ei\u016bra: Projektuojant atsi\u017evelgiama \u012f lengv\u0105 prie\u017ei\u016br\u0105 ir keitim\u0105, tod\u0117l reguliari ap\u017ei\u016bra ir prie\u017ei\u016bra yra patogesn\u0117, o \u012frangos prastovos laikas sutrump\u0117ja.<\/li>\n<\/ul>\n<p><img decoding=\"async\" src=\"https:\/\/www.hydraulic-cylinders.net\/wp-content\/uploads\/2025\/01\/songte-oil-pipes-and-spare-parts.webp\" alt=\"Svirties cilindro dali\u0173 vaizdas\"><\/p>\n<h2>Parai\u0161kos<\/h2>\n<p>Cilindro formos rankena pla\u010diai naudojama \u012fvairiose pramon\u0117s \u0161akose, tokiose kaip:<\/p>\n<ul>\n<li>Statyba ir konstrukcija: Svirties cilindras naudojamas ekskavatori\u0173 ir kran\u0173 kau\u0161o arba str\u0117l\u0117s jud\u0117jimui valdyti, atliekant \u017eem\u0117s darbus, med\u017eiag\u0173 tvarkym\u0105 ir konstrukcij\u0173 montavim\u0105.<\/li>\n<li>Gamyba: Automatizuotose gamybos linijose svirties cilindras naudojamas mechanin\u0117s svirties judesiui valdyti, atliekant surinkimo, suvirinimo ir tvarkymo procesus, taip gerinant gamybos efektyvum\u0105 ir tikslum\u0105.<\/li>\n<li>\u017dem\u0117s \u016bkio technika: \u017dem\u0117s \u016bkio technikoje, pavyzd\u017eiui, derliaus nu\u0117mimo ir s\u0117jamosiose, svirties cilindras valdo valdymo svirties judes\u012f, atlikdamas sodinimo, tr\u0119\u0161imo ir derliaus nu\u0117mimo u\u017eduotis.<\/li>\n<li>Kasyba: Kasybos \u012frangoje rankos cilindras naudojamas kasybos \u012frangos rankos jud\u0117jimui valdyti, atliekant r\u016bdos kasyb\u0105 ir tvarkym\u0105.<\/li>\n<li>Logistika ir transportavimas: \u0160akiniuose krautuvuose ir krovini\u0173 tvarkymo robotuose svirties cilindras valdo preki\u0173 k\u0117lim\u0105 ir jud\u0117jim\u0105, u\u017etikrinant med\u017eiag\u0173 tvarkym\u0105 ir sukraunim\u0105.<\/li>\n<\/ul>\n<h2>Projektavimo aspektai ir atrankos kriterijai<\/h2>\n<p>Svirtinio cilindro konstrukcija atsi\u017evelgia \u012f \u012fvairius veiksnius, \u012fskaitant:<\/p>\n<ul>\n<li>Keliamoji galia: Svirties cilindras turi b\u016bti paj\u0117gus atlaikyti sunkius krovinius ir u\u017etikrinti galing\u0105 tiesin\u012f jud\u0117jim\u0105.<\/li>\n<li>Sandarinimas: Siekiant i\u0161vengti nuot\u0117kio ir u\u017etikrinti ilgalaik\u012f patvarum\u0105, tur\u0117t\u0173 b\u016bti naudojami \u012fvair\u016bs sandarinimo elementai, tokie kaip st\u016bmokli\u0173 ir kot\u0173 sandarikliai, pagaminti i\u0161 atspari\u0173 dilimui med\u017eiag\u0173, toki\u0173 kaip poliuretanas ir nitrilo kau\u010diukas.<\/li>\n<li>Patvarumas: Cilindro korpusas paprastai pagamintas i\u0161 didelio stiprumo med\u017eiag\u0173 ir yra kruop\u0161\u010diai apdorojamas pavir\u0161iumi, siekiant pagerinti atsparum\u0105 dilimui ir korozijai.<\/li>\n<li>Sauga: Svirties cilindras turi b\u016bti suprojektuotas atsi\u017evelgiant \u012f saugum\u0105, u\u017etikrinant patikim\u0105 ir stabil\u0173 veikim\u0105, kad b\u016bt\u0173 i\u0161vengta nelaiming\u0173 atsitikim\u0173.<\/li>\n<li>Prie\u017ei\u016bra: Cilindras turi b\u016bti suprojektuotas taip, kad j\u012f b\u016bt\u0173 lengva pri\u017ei\u016br\u0117ti ir pakeisti, taip sutrumpinant prie\u017ei\u016bros laik\u0105 ir i\u0161laidas.<\/li>\n<\/ul>\n<p><img decoding=\"async\" src=\"https:\/\/www.hydraulic-cylinders.net\/wp-content\/uploads\/2025\/01\/songte-cylinder-head-with-all-kinds-excavator-models.webp\" alt=\"Svirties cilindro komponent\u0173 vaizdas\"><\/p>\n<h2>Sandarinimas ir tepimas<\/h2>\n<p>Siekiant i\u0161vengti nuot\u0117ki\u0173, tur\u0117t\u0173 b\u016bti naudojami \u012fvair\u016bs sandarinimo elementai, tokie kaip st\u016bmokli\u0173 ir kot\u0173 sandarikliai. Sandarikliai tur\u0117t\u0173 b\u016bti pagaminti i\u0161 atspari\u0173 dilimui med\u017eiag\u0173, toki\u0173 kaip poliuretanas ir nitrilo kau\u010diukas. Cilindro korpusas ir srieginiai galiniai pavir\u0161iai yra kruop\u0161\u010diai apdorojami, siekiant pagerinti atsparum\u0105 dilimui. Norint u\u017etikrinti cilindro tepim\u0105 ir i\u0161vengti pa\u017eeidim\u0173, kuriuos sukelia netinkamas tepimas, b\u016btina reguliariai pildyti tinkam\u0105 hidraulin\u0119 alyv\u0105.<\/p>\n<p><img decoding=\"async\" src=\"https:\/\/www.hydraulic-cylinders.net\/wp-content\/uploads\/2025\/01\/songte-chushion-collar.webp\" alt=\"Svirties cilindro sandarikli\u0173 vaizdas\"><\/p>\n<h2>Prie\u017ei\u016bra ir trik\u010di\u0173 \u0161alinimas<\/h2>\n<p>Norint palaikyti optimali\u0105 svirties cilindro b\u016bkl\u0119, b\u016btina reguliariai tikrinti ir atlikti profilaktinius darbus. Kai kurios da\u017eniausiai kylan\u010dios problemos yra nuot\u0117kiai, sandarikli\u0173 ar st\u016bmoklio pa\u017eeidimai ir hidraulin\u0117s sistemos problemos. Tur\u0117t\u0173 b\u016bti pateikti trik\u010di\u0173 \u0161alinimo patarimai ir sprendimai, kurie pad\u0117t\u0173 skaitytojams veiksmingai diagnozuoti ir i\u0161spr\u0119sti problemas bei pasi\u016blyti prevencines priemones galimoms problemoms suma\u017einti.<\/p>\n<h2>Diegimo vadovas<\/h2>\n<p>Svirtinio cilindro montavimas reikalauja kruop\u0161taus d\u0117mesio detal\u0117ms ir tinkamos \u012frangos naudojimo. Svarbu u\u017etikrinti, kad cilindras b\u016bt\u0173 sumontuotas teisingai ir saugiai, kad b\u016bt\u0173 i\u0161vengta nelaiming\u0173 atsitikim\u0173 ar cilindro pa\u017eeidimo. Montavimo vadove tur\u0117t\u0173 b\u016bti pateiktos i\u0161samios instrukcijos ir diagramos, u\u017etikrinan\u010dios tinkam\u0105 cilindro montavim\u0105.<\/p>\n<p><img decoding=\"async\" src=\"https:\/\/www.hydraulic-cylinders.net\/wp-content\/uploads\/2025\/01\/songte-bushings-with-all-kinds-of-excavator-models.webp\" alt=\"Svirties cilindro montavimo paveiksl\u0117lis\"><\/p>\n<h2>Apie mus<\/h2>\n<p>Esame profesionalus hidraulini\u0173 cilindr\u0173 gamintojas ir si\u016blome plat\u0173 gamini\u0173 asortiment\u0105. Tapome vienu i\u0161 pirmaujan\u010di\u0173 hidraulini\u0173 cilindr\u0173 gamintoj\u0173 ir didmenini\u0173 platintoj\u0173 vidaus ir u\u017esienio rinkose. Vadovaujam\u0117s puikios kokyb\u0117s principu ir nuolat tobuliname savo technologijas bei gamybos efektyvum\u0105, remdamiesi savo puikios gamybos cecho industrializuotos gamybos valdymo strategija. M\u016bs\u0173 tikslas \u2013 patenkinti \u012fvairius klient\u0173 poreikius, vadovaujantis efektyvumo, tikslumo ir auk\u0161tos kokyb\u0117s principais.<\/p>\n<p>Si\u016blome \u012fvairias paslaugas, tokias kaip:<\/p>\n<ul>\n<li>Profesionalumas: Turime itin kompetenting\u0105 specialist\u0173 komand\u0105, atsidavusi\u0105 m\u016bs\u0173 gamini\u0173 kokybei ir na\u0161umui u\u017etikrinti.<\/li>\n<li>Tarptautinis sertifikatas: M\u016bs\u0173 gaminiai atitinka tarptautinius kokyb\u0117s standartus ir yra gav\u0119 \u012fvairius sertifikatus, tokius kaip ISO ir CE.<\/li>\n<li>Pritaikymas: teikiame pritaikymo paslaugas pagal klient\u0173 reikalavimus, kad patenkintume j\u0173 konkre\u010dius poreikius.<\/li>\n<li>Gamybos \u012franga: \u012edieg\u0117me pa\u017eangi\u0105 skaitmenin\u0119 gamybos \u012frang\u0105 ir profesionalias testavimo sistemas, siekdami optimizuoti savo gamybos platform\u0105 ir pagerinti gamini\u0173 kokyb\u0117s kontrol\u0117s proces\u0105.<\/li>\n<li>Aptarnavimas po pardavimo: Mes teikiame i\u0161samias aptarnavimo po pardavimo paslaugas, kad u\u017etikrintume, jog m\u016bs\u0173 klientai b\u016bt\u0173 patenkinti m\u016bs\u0173 produktais ir paslaugomis.<\/li>\n<\/ul>\n<p><img decoding=\"async\" src=\"https:\/\/www.hydraulic-cylinders.net\/wp-content\/uploads\/2025\/01\/songte-company-4.webp\" alt=\"Apie mus 1 paveiksl\u0117lis\"><br \/>\n<img decoding=\"async\" src=\"https:\/\/www.hydraulic-cylinders.net\/wp-content\/uploads\/2025\/01\/songte-company-3.webp\" alt=\"Apie mus 2 paveiksl\u0117lis\"><\/p>\n<p>Autorius: lyl<\/p>","protected":false},"excerpt":{"rendered":"<p>Arm Cylinder For Lishide Middle Excavator SC210.8 Introduction The arm cylinder is a specially designed hydraulic cylinder that is primarily used to provide linear motion and power to the arms of various machines such as excavators, cranes, and mechanical arms. The arm cylinder plays a critical role in the hydraulic system, enabling the efficient movement [&hellip;]<\/p>","protected":false},"featured_media":14779,"comment_status":"open","ping_status":"closed","template":"","meta":{"_et_pb_use_builder":"","_et_pb_old_content":"","_et_gb_content_width":""},"product_brand":[],"product_cat":[1497],"product_tag":[1498,1496],"class_list":{"0":"post-16468","1":"product","2":"type-product","3":"status-publish","4":"has-post-thumbnail","6":"product_cat-arm-cylinders","7":"product_tag-arm-cylinders","8":"product_tag-hydraulic-cylinders","10":"first","11":"instock","12":"shipping-taxable","13":"product-type-simple"},"amp_enabled":true,"_links":{"self":[{"href":"https:\/\/www.hydraulic-cylinders.net\/lt\/wp-json\/wp\/v2\/product\/16468","targetHints":{"allow":["GET"]}}],"collection":[{"href":"https:\/\/www.hydraulic-cylinders.net\/lt\/wp-json\/wp\/v2\/product"}],"about":[{"href":"https:\/\/www.hydraulic-cylinders.net\/lt\/wp-json\/wp\/v2\/types\/product"}],"replies":[{"embeddable":true,"href":"https:\/\/www.hydraulic-cylinders.net\/lt\/wp-json\/wp\/v2\/comments?post=16468"}],"wp:featuredmedia":[{"embeddable":true,"href":"https:\/\/www.hydraulic-cylinders.net\/lt\/wp-json\/wp\/v2\/media\/14779"}],"wp:attachment":[{"href":"https:\/\/www.hydraulic-cylinders.net\/lt\/wp-json\/wp\/v2\/media?parent=16468"}],"wp:term":[{"taxonomy":"product_brand","embeddable":true,"href":"https:\/\/www.hydraulic-cylinders.net\/lt\/wp-json\/wp\/v2\/product_brand?post=16468"},{"taxonomy":"product_cat","embeddable":true,"href":"https:\/\/www.hydraulic-cylinders.net\/lt\/wp-json\/wp\/v2\/product_cat?post=16468"},{"taxonomy":"product_tag","embeddable":true,"href":"https:\/\/www.hydraulic-cylinders.net\/lt\/wp-json\/wp\/v2\/product_tag?post=16468"}],"curies":[{"name":"wp","href":"https:\/\/api.w.org\/{rel}","templated":true}]}}