{"id":1647,"date":"2023-10-10T06:38:09","date_gmt":"2023-10-10T06:38:09","guid":{"rendered":"https:\/\/hydraulic-cylinders.net\/?post_type=product&#038;p=1647"},"modified":"2025-04-11T03:46:26","modified_gmt":"2025-04-11T03:46:26","slug":"press-leveling-cylinder","status":"publish","type":"product","link":"https:\/\/www.hydraulic-cylinders.net\/lt\/produktas\/press-leveling-cylinder\/","title":{"rendered":"Paspauskite i\u0161lyginam\u0105j\u012f cilindr\u0105"},"content":{"rendered":"<h1 style=\"text-align: center;\"><strong>Paspauskite i\u0161lyginam\u0105j\u012f cilindr\u0105<\/strong><\/h1>\n<p><img loading=\"lazy\" decoding=\"async\" class=\"aligncenter wp-image-1648\" src=\"https:\/\/hydraulic-cylinders.net\/wp-content\/uploads\/2023\/10\/leveling-cylinder-1-300x300.webp\" alt=\"\" width=\"400\" height=\"400\" \/><\/p>\n<p>Preso lyginimo cilindras yra modernus produktas, pasi\u017eymintis i\u0161skirtiniu tikslumu ir stabilumu \u012fvairiose pramon\u0117s srityse. D\u0117l pa\u017eangi\u0173 funkcij\u0173 ir tvirtos konstrukcijos \u0161is cilindras pasi\u017eymi patikimomis lyginimo galimyb\u0117mis, u\u017etikrindamas optimal\u0173 apdirbimo, surinkimo ir derinimo na\u0161um\u0105.<\/p>\n<p>Preso lyginimo cilindras yra nepakei\u010diama priemon\u0117 siekiant tikslumo ir stabilumo pramon\u0117je. D\u0117l tikslaus lyginimo galimybi\u0173, tvirtos konstrukcijos ir auk\u0161\u010dio reguliavimo \u0161is cilindras leid\u017eia optimizuoti ruo\u0161ini\u0173 ar mechanizm\u0173 lygiavim\u0105 ir pad\u0117t\u012f. Laikydamiesi rekomenduojam\u0173 naudojimo metod\u0173 ir prie\u017ei\u016bros praktikos, galite maksimaliai padidinti preso lyginimo cilindro na\u0161um\u0105, ilgaam\u017ei\u0161kum\u0105 ir saugum\u0105 savo pramonin\u0117je aplinkoje. Pasirinkite \u0161\u012f cilindr\u0105, kad pagerintum\u0117te savo pramonini\u0173 operacij\u0173 tikslum\u0105, efektyvum\u0105 ir kokyb\u0119.<\/p>\n<p>Preso i\u0161lyginimo cilindro pagrindin\u0117s charakteristikos:<\/p>\n<ol>\n<li>Tikslus niveliavimas:<\/li>\n<\/ol>\n<ul>\n<li>Preso lyginimo cilindras suprojektuotas taip, kad u\u017etikrint\u0173 tiksl\u0173 lyginim\u0105, leid\u017eiant\u012f tiksliai sulygiuoti ir i\u0161d\u0117styti ruo\u0161inius ar \u012frenginius.<\/li>\n<li>D\u0117l subtilaus reguliavimo mechanizmo ir didel\u0117s apkrovos \u0161is cilindras u\u017etikrina stabilius ir lygius pavir\u0161ius, suma\u017eindamas klaidas ir pagerindamas kokyb\u0119.<\/li>\n<\/ul>\n<ol start=\"2\">\n<li>Tvirta konstrukcija:<\/li>\n<\/ol>\n<ul>\n<li>\u0160is cilindras pagamintas i\u0161 patvari\u0173 med\u017eiag\u0173, tod\u0117l gali atlaikyti dideles apkrovas ir at\u0161iaurias eksploatavimo s\u0105lygas.<\/li>\n<li>Tvirta preso lyginimo cilindro konstrukcija garantuoja ilgaam\u017ei\u0161kum\u0105 ir patikimum\u0105, tod\u0117l jis tinka reiklioms pramonin\u0117ms aplinkoms.<\/li>\n<\/ul>\n<ol start=\"3\">\n<li>Auk\u0161\u010dio reguliavimas:<\/li>\n<\/ol>\n<ul>\n<li>Cilindras si\u016blo patog\u0173 auk\u0161\u010dio reguliavim\u0105, leid\u017eiant\u012f tiksliai sureguliuoti ruo\u0161inio ar mechanizmo lyg\u012f.<\/li>\n<li>D\u0117l lengvai naudojamo auk\u0161\u010dio reguliavimo mechanizmo galite tiksliai i\u0161lyginti, prisitaikydami prie pavir\u0161iaus s\u0105lyg\u0173 ar \u012frangos reikalavim\u0173 skirtum\u0173.<\/li>\n<\/ul>\n<ol start=\"4\">\n<li>Greitas ir paprastas montavimas:<\/li>\n<\/ol>\n<ul>\n<li>Preso i\u0161lyginimo cilindras sukurtas skland\u017eiam montavimui, tod\u0117l s\u0105rankos procesas yra be r\u016bpes\u010di\u0173.<\/li>\n<li>Patogios diegimo funkcijos suma\u017eina prastovas ir u\u017etikrina greit\u0105 integracij\u0105 \u012f esamas pramonines sistemas.<\/li>\n<\/ul>\n<h2><strong>Preso i\u0161lyginimo cilindro parametras:<\/strong><\/h2>\n<table border=\"1\" cellspacing=\"0\" cellpadding=\"0\">\n<tbody>\n<tr>\n<td>Produkto pavadinimas<\/td>\n<td>Hidraulinis preso lyginimo cilindras<\/td>\n<\/tr>\n<tr>\n<td>Savyb\u0117s:<\/td>\n<td>Lygiagretus ruo\u0161ini\u0173 arba ruo\u0161ini\u0173 k\u0117limas<\/td>\n<\/tr>\n<tr>\n<td>Skyl\u0117s skersmuo:<\/td>\n<td>\u00a090 mm ~ 380 mm<\/td>\n<\/tr>\n<tr>\n<td>Strypo skersmuo:<\/td>\n<td>50 mm ~ 280 mm<br \/>\nEiga \u22642500 mm<\/td>\n<\/tr>\n<tr>\n<td>Traukos j\u0117ga:<\/td>\n<td>Maksimali 2835 kN<br \/>\n(Cilindro skersmuo 380 mm \/ sl\u0117gis 25 MPa)<\/td>\n<\/tr>\n<tr>\n<td>Hidraulinio preso i\u0161lyginimo cilindro pritaikymas:<\/td>\n<td>Hidraulinis presas<\/td>\n<\/tr>\n<\/tbody>\n<\/table>\n<div><\/div>\n<div>\n<div class=\"txtboxL\">Savyb\u0117s:<\/div>\n<div class=\"txtboxR\">Lygiagretus ruo\u0161ini\u0173 arba ruo\u0161ini\u0173 k\u0117limas<\/div>\n<div class=\"txtboxL\">Specifikacija:<\/div>\n<div class=\"txtboxR\">Skyl\u0117s skersmuo: 90 mm ~ 380 mm<br \/>\nStrypo skersmuo: 50 mm ~ 280 mm<br \/>\nEiga \u22642500 mm<\/div>\n<div class=\"txtboxL\">Traukos j\u0117ga:<\/div>\n<div class=\"txtboxR\">Maksimali 2835 kN<br \/>\n(Cilindro skersmuo 380 mm \/ sl\u0117gis 25 MPa)<\/div>\n<\/div>\n<h2><strong>Preso cilindr\u0173 gamykla:<\/strong><\/h2>\n<p><img loading=\"lazy\" decoding=\"async\" class=\"alignnone wp-image-1619 size-full\" src=\"https:\/\/hydraulic-cylinders.net\/wp-content\/uploads\/2023\/10\/press-cylinder.webp\" alt=\"\" width=\"1418\" height=\"946\" srcset=\"https:\/\/hydraulic-cylinders.net\/wp-content\/uploads\/2023\/10\/press-cylinder.webp 1418w, https:\/\/hydraulic-cylinders.net\/wp-content\/uploads\/2023\/10\/press-cylinder-1280x854.webp 1280w, https:\/\/hydraulic-cylinders.net\/wp-content\/uploads\/2023\/10\/press-cylinder-980x654.webp 980w, https:\/\/hydraulic-cylinders.net\/wp-content\/uploads\/2023\/10\/press-cylinder-480x320.webp 480w\" sizes=\"(min-width: 0px) and (max-width: 480px) 480px, (min-width: 481px) and (max-width: 980px) 980px, (min-width: 981px) and (max-width: 1280px) 1280px, (min-width: 1281px) 1418px, 100vw\" \/><\/p>\n<h2><strong>Preso i\u0161lyginimo cilindro naudojimo b\u016bdas<\/strong><strong>:<\/strong><\/h2>\n<ol>\n<li><strong>Pasiruo\u0161imas diegimui:<\/strong><\/li>\n<\/ol>\n<ul>\n<li>Prie\u0161 montuodami preso lyginimo cilindr\u0105, \u012fsitikinkite, kad darbinis pavir\u0161ius arba mechanizmai yra \u0161var\u016bs ir be \u0161iuk\u0161li\u0173 ar kli\u016b\u010di\u0173.<\/li>\n<li>Nustatykite tinkamus tvirtinimo ta\u0161kus ir atitinkamai pad\u0117kite cilindr\u0105.<\/li>\n<\/ul>\n<ol start=\"2\">\n<li><strong>Cilindro montavimas:<\/strong><\/li>\n<\/ol>\n<ul>\n<li>Tvirtai pritvirtinkite cilindr\u0105 prie nurodyt\u0173 tvirtinimo ta\u0161k\u0173 naudodami pateiktus tvirtinimo laikiklius arba tvirtinimo detales.<\/li>\n<li>Laikykit\u0117s gamintojo nurodym\u0173 ir rekomendacij\u0173, kad u\u017etikrintum\u0117te tinkam\u0105 sulygiavim\u0105 ir stabilum\u0105.<\/li>\n<\/ul>\n<ol start=\"3\">\n<li><strong>Lygio reguliavimas:<\/strong><\/li>\n<\/ol>\n<ul>\n<li>\u012ejunkite auk\u0161\u010dio reguliavimo mechanizm\u0105 ant preso lyginimo cilindro pagal gamintojo instrukcijas.<\/li>\n<li>Palaipsniui reguliuokite cilindr\u0105, kad pasiektum\u0117te norim\u0105 lyg\u012f, atsi\u017evelgdami \u012f konkre\u010dius savo taikymo reikalavimus.<\/li>\n<\/ul>\n<ol start=\"4\">\n<li><strong>Lygio u\u017erakinimas:<\/strong><\/li>\n<\/ol>\n<ul>\n<li>Kai pasiekiamas norimas lygis, \u012fjunkite fiksavimo mechanizm\u0105, kad pritvirtintum\u0117te cilindr\u0105.<\/li>\n<li>Fiksavimo mechanizmas u\u017etikrina stabilum\u0105 ir apsaugo nuo nety\u010dinio jud\u0117jimo ar reguliavimo.<\/li>\n<\/ul>\n<h2><strong>Kaip patikrinti, ar hidraulinis cilindras nesandarus i\u0161 vidaus?<\/strong><\/h2>\n<div class=\"ChatMessage_chatMessage__xkgHx\" data-complete=\"true\">\n<div class=\"ChatMessage_botMessageHeader__8yA1R\">\n<div class=\"ChatMessage_headerWrapper__UeGSI\">Hidraulinio cilindro vidini\u0173 nuot\u0117ki\u0173 tikrinimas yra esmin\u0117 prie\u017ei\u016bros u\u017eduotis, siekiant u\u017etikrinti optimal\u0173 veikim\u0105 ir i\u0161vengti galimos \u017ealos. \u0160tai \u017eingsniai, kaip patikrinti, ar hidraulinis cilindras nesandarus:<\/div>\n<\/div>\n<div class=\"ChatMessage_messageRow__DHlnq\">\n<div class=\"ChatMessage_messageWrapper__4Ugd6\">\n<div class=\"Message_row__ug_UU\">\n<div class=\"Message_botMessageBubble__aYctV\">\n<div class=\"Markdown_markdownContainer__Tz3HQ\">\n<ol>\n<li><strong>Saugos priemon\u0117s:<\/strong> Prie\u0161 prad\u0117dami bet kok\u012f patikrinim\u0105, laikykit\u0117s tinkam\u0173 saugos proced\u016br\u0173. I\u0161junkite hidraulin\u012f maitinimo \u0161altin\u012f, i\u0161leiskite sistemos sl\u0117g\u012f ir \u012fsitikinkite, kad cilindras yra visi\u0161kai \u012ftrauktas.<\/li>\n<li><strong>Vizualin\u0117 ap\u017ei\u016bra:<\/strong> Prad\u0117kite vizualiai ap\u017ei\u016br\u0117dami hidraulinio cilindro i\u0161or\u0119, ar n\u0117ra alyvos nuot\u0117kio po\u017eymi\u0173. Ie\u0161kokite alyvos d\u0117mi\u0173, \u0161lapi\u0173 d\u0117mi\u0173 ar susikaupusios alyvos aplink cilindro korpus\u0105, stryp\u0105 ar sandariklius. I\u0161oriniai nuot\u0117kiai gali rodyti vidinius nuot\u0117kius.<\/li>\n<li><strong>I\u0161pl\u0117skite cilindr\u0105:<\/strong> Visi\u0161kai i\u0161tieskite hidraulin\u012f cilindr\u0105. Taip atidengsite stryp\u0105 ir gal\u0117site steb\u0117ti bet kok\u012f alyvos nuot\u0117k\u012f i\u0161 strypo sandarinimo srities.<\/li>\n<li><strong>Nuvalykite ir steb\u0117kite:<\/strong> \u0160variu skudur\u0117liu nuvalykite vis\u0105 strypo ilg\u012f. Ap\u017ei\u016br\u0117kite, ar ant audinio n\u0117ra alyvos liku\u010di\u0173. Jei ant audinio pasteb\u0117jote didel\u012f kiek\u012f alyvos, tai gali rodyti vidin\u012f nuot\u0117k\u012f.<\/li>\n<li><strong>Atbulinio strypo jud\u0117jimas:<\/strong> L\u0117tai \u012ftraukite cilindr\u0105, steb\u0117dami strypo jud\u0117jim\u0105. Atkreipkite d\u0117mes\u012f \u012f bet kok\u012f tr\u016bk\u010diojant\u012f ar netolyg\u0173 jud\u0117jim\u0105, kuris gali rodyti vidin\u012f nuot\u0117k\u012f arba pa\u017eeistus sandariklius.<\/li>\n<li><strong>Cilindro dreifo bandymas:<\/strong> Kai cilindras visi\u0161kai \u012ftrauktas ir hidraulin\u0117 sistema i\u0161jungta, steb\u0117kite, ar cilindras netik\u0117tai nejuda. Jei cilindras pradeda ilg\u0117ti arba l\u0117tai slinkti \u012f i\u0161or\u0119, tai gali rodyti vidin\u012f nuot\u0117k\u012f.<\/li>\n<li><strong>Sl\u0117gio bandymas:<\/strong> \u012etarus vidin\u012f nuot\u0117k\u012f, bet jo vizualiai nematyti, galima atlikti sl\u0117gio bandym\u0105. Nor\u0117dami saugiai atlikti sl\u0117gio bandym\u0105, perskaitykite gamintojo nurodymus arba kreipkit\u0117s \u012f hidraulikos specialist\u0105. Tai apima cilindro sl\u0117gio padidinim\u0105 ir sl\u0117gio kritimo steb\u0117jim\u0105 per tam tikr\u0105 laikotarp\u012f. Reik\u0161mingas sl\u0117gio kritimas gali rodyti vidin\u012f nuot\u0117k\u012f.<\/li>\n<li><strong>Naftos analiz\u0117:<\/strong> Jei \u012ftariamas vidinis nuot\u0117kis, bet vizualiai ar kitais metodais jis nepatvirtintas, apsvarstykite galimyb\u0119 atlikti alyvos analiz\u0119. Paimkite hidraulinio skys\u010dio m\u0117gin\u012f i\u0161 sistemos ir pateikite j\u012f laboratorijai i\u0161tirti. Tyrimo metu galima nustatyti ter\u0161alus arba nenormal\u0173 susid\u0117v\u0117jusi\u0173 daleli\u0173 kiek\u012f, kuris gali rodyti vidin\u012f nuot\u0117k\u012f ar kitas problemas.<\/li>\n<\/ol>\n<\/div>\n<\/div>\n<\/div>\n<\/div>\n<\/div>\n<\/div>\n<h2><strong>Gamyklos paj\u0117gumai ir talpa:<\/strong><\/h2>\n<h3>(1) Surinkimas<\/h3>\n<p>Turime pirmos klas\u0117s nepriklausom\u0105 tyrim\u0173 ir pl\u0117tros surinkimo platform\u0105. Hidraulini\u0173 cilindr\u0173 gamybos ceche yra keturios pusiau automatin\u0117s k\u0117limo cilindr\u0173 surinkimo linijos ir viena automatin\u0117 pakreipimo cilindr\u0173 surinkimo linija, kuri\u0173 projektinis metinis gamybos paj\u0117gumas yra 1 milijonas vienet\u0173. Speciali\u0173j\u0173 cilindr\u0173 ceche \u012frengta \u012fvairi\u0173 specifikacij\u0173 pusiau automatin\u0117 valymo surinkimo sistema, kurios projektinis metinis gamybos paj\u0117gumas yra 200 000 vienet\u0173, ir garsi CNC apdirbimo \u012franga, apdirbimo centras, didelio tikslumo cilindr\u0173 apdirbimo speciali \u012franga, robotinis suvirinimo aparatas, automatinis valymo aparatas, automatinis cilindr\u0173 surinkimo aparatas ir automatin\u0117 da\u017eymo gamybos linija. Esama daugiau nei 300 rinkini\u0173 (komplekt\u0173) kritin\u0117 \u012franga. Optimalus \u012frangos i\u0161tekli\u0173 paskirstymas ir efektyvus naudojimas u\u017etikrina gamini\u0173 tikslumo reikalavimus ir auk\u0161tus gamini\u0173 kokyb\u0117s poreikius.<\/p>\n<p><img loading=\"lazy\" decoding=\"async\" class=\"alignnone wp-image-626\" src=\"https:\/\/hydraulic-cylinders.net\/wp-content\/uploads\/2023\/08\/hydraulic-cylinder-product-1-300x158.webp\" alt=\"\" width=\"495\" height=\"260\" srcset=\"https:\/\/hydraulic-cylinders.net\/wp-content\/uploads\/2023\/08\/hydraulic-cylinder-product-1-300x158.webp 495w, https:\/\/hydraulic-cylinders.net\/wp-content\/uploads\/2023\/08\/hydraulic-cylinder-product-1-480x252.webp 480w\" sizes=\"(min-width: 0px) and (max-width: 480px) 480px, (min-width: 481px) 495px, 100vw\" \/> <img loading=\"lazy\" decoding=\"async\" class=\"alignnone wp-image-627\" src=\"https:\/\/hydraulic-cylinders.net\/wp-content\/uploads\/2023\/08\/hydraulic-cylinder-product-2-300x189.webp\" alt=\"\" width=\"413\" height=\"260\" \/><\/p>\n<h3>(2) Apdirbimas<\/h3>\n<p>Mechaninio apdirbimo ceche \u012frengtas pritaikytas nuo\u017eulnaus b\u0117gio tekinimo centras, apdirbimo centras, greitaeigis galandimo stakl\u0117s, suvirinimo robotas ir kita susijusi \u012franga, galinti apdirbti cilindrinius vamzd\u017eius, kuri\u0173 maksimalus vidinis skersmuo yra 400 mm, o maksimalus ilgis \u2013 6 metrai.<\/p>\n<p><img loading=\"lazy\" decoding=\"async\" class=\"alignnone wp-image-628 size-large\" src=\"https:\/\/hydraulic-cylinders.net\/wp-content\/uploads\/2023\/08\/hydraulic-cylinder-product-3-1024x391.webp\" alt=\"\" width=\"1024\" height=\"391\" srcset=\"https:\/\/hydraulic-cylinders.net\/wp-content\/uploads\/2023\/08\/hydraulic-cylinder-product-3-980x374.webp 980w, https:\/\/hydraulic-cylinders.net\/wp-content\/uploads\/2023\/08\/hydraulic-cylinder-product-3-480x183.webp 480w\" sizes=\"(min-width: 0px) and (max-width: 480px) 480px, (min-width: 481px) and (max-width: 980px) 980px, (min-width: 981px) 1024px, 100vw\" \/><\/p>\n<h3>(3) Suvirinimas<\/h3>\n<p><img loading=\"lazy\" decoding=\"async\" class=\"alignnone wp-image-629 size-large\" src=\"https:\/\/hydraulic-cylinders.net\/wp-content\/uploads\/2023\/08\/hydraulic-cylinder-product-4-1024x510.webp\" alt=\"\" width=\"1024\" height=\"510\" srcset=\"https:\/\/hydraulic-cylinders.net\/wp-content\/uploads\/2023\/08\/hydraulic-cylinder-product-4-980x488.webp 980w, https:\/\/hydraulic-cylinders.net\/wp-content\/uploads\/2023\/08\/hydraulic-cylinder-product-4-480x239.webp 480w\" sizes=\"(min-width: 0px) and (max-width: 480px) 480px, (min-width: 481px) and (max-width: 980px) 980px, (min-width: 981px) 1024px, 100vw\" \/><\/p>\n<h3>(4) Da\u017eymas ir dengimas<\/h3>\n<p>Su ma\u017eomis ir vidutinio dyd\u017eio cilindrin\u0117mis automatin\u0117mis vandens pagrindo da\u017e\u0173 dengimo linijomis, siekiant automatinio robot\u0173 pakrovimo ir i\u0161krovimo bei automatinio pur\u0161kimo, projektinis paj\u0117gumas yra 4000 vienet\u0173 per pamain\u0105;<br \/>\nTaip pat turime pusiau automatin\u0119 dideli\u0173 cilindr\u0173 da\u017e\u0173 gamybos linij\u0105, varom\u0105 grandin\u0117s, kurios projektinis na\u0161umas yra 60 d\u0117\u017ei\u0173 per pamain\u0105.<\/p>\n<p><img loading=\"lazy\" decoding=\"async\" class=\"alignnone wp-image-630\" src=\"https:\/\/hydraulic-cylinders.net\/wp-content\/uploads\/2023\/08\/hydraulic-cylinder-product-5-300x213.webp\" alt=\"\" width=\"366\" height=\"260\" \/> <img loading=\"lazy\" decoding=\"async\" class=\"alignnone wp-image-631\" src=\"https:\/\/hydraulic-cylinders.net\/wp-content\/uploads\/2023\/08\/hydraulic-cylinder-product-6-300x225.webp\" alt=\"\" width=\"347\" height=\"260\" \/><\/p>\n<h3>(5) Testavimas<\/h3>\n<p>Turime auk\u0161\u010diausios klas\u0117s patikros patalpas ir bandym\u0173 stendus, kad u\u017etikrintume, jog baliono veikimas atitinka reikalavimus.<\/p>\n<p><img loading=\"lazy\" decoding=\"async\" class=\"alignnone wp-image-632\" src=\"https:\/\/hydraulic-cylinders.net\/wp-content\/uploads\/2023\/08\/hydraulic-cylinder-product-8-300x200.webp\" alt=\"\" width=\"389\" height=\"260\" \/><\/p>\n<p>&nbsp;<\/p>\n<p>&nbsp;<\/p>\n<p>Esame vienas geriausi\u0173 hidraulini\u0173 cilindr\u0173 gamintoj\u0173. Galime pasi\u016blyti i\u0161samius hidraulinius cilindrus. Taip pat teikiame atitinkamus <a href=\"https:\/\/hzpt.com\/agricultural-pto-gearbox\/\" target=\"_blank\" rel=\"noopener\">\u017eem\u0117s \u016bkio pavar\u0173 d\u0117\u017e\u0117s<\/a>Mes eksportuojame savo gaminius klientams visame pasaulyje ir peln\u0117me ger\u0105 reputacij\u0105 d\u0117l auk\u0161\u010diausios gamini\u0173 kokyb\u0117s ir aptarnavimo po pardavimo. Mes laukiame klient\u0173 \u0161alyje ir u\u017esienyje, norin\u010di\u0173 susisiekti su mumis der\u0117tis d\u0117l verslo, keistis informacija ir... <a href=\"https:\/\/www.hydraulic-cylinders.net\/lt\/contact-us\/\">bendradarbiauti su mumis<\/a>!<\/p>","protected":false},"excerpt":{"rendered":"<p>Press Leveling Cylinder The press leveling cylinder is a state-of-the-art product with exceptional precision and stability in various industrial applications. With its advanced features and robust construction, this cylinder offers reliable leveling capabilities, ensuring optimal machining, assembly, and alignment performance. The press leveling cylinder is an indispensable tool for achieving precision and stability in industrial [&hellip;]<\/p>","protected":false},"featured_media":1649,"comment_status":"open","ping_status":"closed","template":"","meta":{"_et_pb_use_builder":"","_et_pb_old_content":"","_et_gb_content_width":""},"product_brand":[],"product_cat":[1550,1522,1376],"product_tag":[1380],"class_list":{"0":"post-1647","1":"product","2":"type-product","3":"status-publish","4":"has-post-thumbnail","6":"product_cat-double-acting-hydraulic-cylinder","7":"product_cat-press-hydraulic-cylinders","8":"product_cat-hydraulic-cylinder","9":"product_tag-hydraulic-cylinder","11":"first","12":"instock","13":"shipping-taxable","14":"product-type-simple"},"amp_enabled":true,"_links":{"self":[{"href":"https:\/\/www.hydraulic-cylinders.net\/lt\/wp-json\/wp\/v2\/product\/1647","targetHints":{"allow":["GET"]}}],"collection":[{"href":"https:\/\/www.hydraulic-cylinders.net\/lt\/wp-json\/wp\/v2\/product"}],"about":[{"href":"https:\/\/www.hydraulic-cylinders.net\/lt\/wp-json\/wp\/v2\/types\/product"}],"replies":[{"embeddable":true,"href":"https:\/\/www.hydraulic-cylinders.net\/lt\/wp-json\/wp\/v2\/comments?post=1647"}],"wp:featuredmedia":[{"embeddable":true,"href":"https:\/\/www.hydraulic-cylinders.net\/lt\/wp-json\/wp\/v2\/media\/1649"}],"wp:attachment":[{"href":"https:\/\/www.hydraulic-cylinders.net\/lt\/wp-json\/wp\/v2\/media?parent=1647"}],"wp:term":[{"taxonomy":"product_brand","embeddable":true,"href":"https:\/\/www.hydraulic-cylinders.net\/lt\/wp-json\/wp\/v2\/product_brand?post=1647"},{"taxonomy":"product_cat","embeddable":true,"href":"https:\/\/www.hydraulic-cylinders.net\/lt\/wp-json\/wp\/v2\/product_cat?post=1647"},{"taxonomy":"product_tag","embeddable":true,"href":"https:\/\/www.hydraulic-cylinders.net\/lt\/wp-json\/wp\/v2\/product_tag?post=1647"}],"curies":[{"name":"wp","href":"https:\/\/api.w.org\/{rel}","templated":true}]}}