{"id":16486,"date":"2025-01-21T05:28:39","date_gmt":"2025-01-21T05:28:39","guid":{"rendered":"https:\/\/www.hydraulic-cylinders.net\/product\/arm-cylinder-for-lovol-middle-excavator-fr200\/"},"modified":"2025-01-21T05:28:41","modified_gmt":"2025-01-21T05:28:41","slug":"arm-cylinder-for-lovol-middle-excavator-fr200","status":"publish","type":"product","link":"https:\/\/www.hydraulic-cylinders.net\/lt\/produktas\/arm-cylinder-for-lovol-middle-excavator-fr200\/","title":{"rendered":"Lovol vidutinio ekskavatoriaus FR200 rankenos cilindras"},"content":{"rendered":"<h1>Lovol vidutinio ekskavatoriaus FR200 rankenos cilindras<\/h1>\n<h2>\u012evadas<\/h2>\n<p>Svirties cilindras yra specialiai suprojektuotas hidraulinis cilindras, naudojamas \u012fvairi\u0173 ma\u0161in\u0173, toki\u0173 kaip ekskavatoriai, kranai ir robotin\u0117s svirtys, svir\u010diai tiesiniam judesiui ir galiai u\u017etikrinti. Svirties cilindras atlieka labai svarb\u0173 vaidmen\u012f hidraulin\u0117se sistemose, nes leid\u017eia efektyviai jud\u0117ti ir valdyti papildomus \u012frankius ar priedus. \u0160ie cilindrai ne tik u\u017etikrina skland\u0173 jud\u0117jim\u0105, bet ir atlaiko dideles apkrovas, u\u017etikrindami efektyv\u0173 ma\u0161in\u0173 veikim\u0105 ir patikimum\u0105 \u012fvairiomis darbo s\u0105lygomis.<\/p>\n<p><img decoding=\"async\" src=\"https:\/\/www.hydraulic-cylinders.net\/wp-content\/uploads\/2025\/01\/songte-company-2.webp\"><\/p>\n<h2>Savyb\u0117s<\/h2>\n<ul>\n<li>Didelio efektyvumo transmisija: Svirties cilindras u\u017etikrina galing\u0105 tiesin\u012f judes\u012f ir j\u0117g\u0105, u\u017etikrindamas auk\u0161t\u0105 mechanin\u0117s svirties veikim\u0105 atliekant \u012fvairias operacijas.<\/li>\n<li>Tikslus valdymas: Hidraulin\u0117s sistemos d\u0117ka svirties cilindras leid\u017eia tiksliai valdyti judes\u012f, tod\u0117l pritvirtint\u0173 \u012franki\u0173 valdymas tampa lankstesnis ir tikslesnis.<\/li>\n<li>Patvarumas: Svirtiniai cilindrai paprastai gaminami i\u0161 didelio stiprumo med\u017eiag\u0173, kurios pasi\u017eymi puikiu atsparumu dilimui ir korozijai, tod\u0117l tinka ilgalaikiam naudojimui at\u0161iauriomis s\u0105lygomis.<\/li>\n<li>Universalus pritaikymas: \u0160ie cilindrai gali b\u016bti pla\u010diai naudojami \u012fvairiuose mechaniniuose \u012frenginiuose, tokiuose kaip ekskavatoriai, kranai ir robotin\u0117s rankos, kad atitikt\u0173 skirtingus darbo reikalavimus.<\/li>\n<li>Lengva prie\u017ei\u016bra: Sukurti atsi\u017evelgiant \u012f paprast\u0105 prie\u017ei\u016br\u0105 ir keitim\u0105, svirties cilindrai palengvina periodin\u0119 ap\u017ei\u016br\u0105 ir technin\u0119 prie\u017ei\u016br\u0105, taip suma\u017einant \u012frangos prastovas.<\/li>\n<\/ul>\n<p><img decoding=\"async\" src=\"https:\/\/www.hydraulic-cylinders.net\/wp-content\/uploads\/2025\/01\/songte-oil-pipes-and-spare-parts.webp\"><\/p>\n<h2>Parai\u0161kos<\/h2>\n<p>Svirtinis cilindras naudojamas \u012fvairiose pramon\u0117s \u0161akose:<\/p>\n<h3>1. Statybos in\u017einerija<\/h3>\n<p>Ekskavatoriuose ir kranuose svirties cilindras valdo kau\u0161o arba str\u0117l\u0117s jud\u0117jim\u0105, leisdamas atlikti \u017eem\u0117s darbus, med\u017eiag\u0173 tvarkym\u0105 ir konstrukcij\u0173 montavim\u0105.<\/p>\n<h3>2. Gamyba<\/h3>\n<p>Automatizuotose gamybos linijose rankos cilindras naudojamas robotini\u0173 rank\u0173 judinimui, \u012fgalinant tokius procesus kaip surinkimas, suvirinimas ir med\u017eiag\u0173 tvarkymas, taip padidinant gamybos efektyvum\u0105 ir tikslum\u0105.<\/p>\n<h3>3. \u017dem\u0117s \u016bkio technika<\/h3>\n<p>\u017dem\u0117s \u016bkio technikose, tokiose kaip derliaus nu\u0117mimo ma\u0161inos ir s\u0117jamosios, svirties cilindras valdo darbini\u0173 svir\u010di\u0173 jud\u0117jim\u0105, atlikdamas tokias u\u017eduotis kaip sodinimas, tr\u0119\u0161imas ir derliaus nu\u0117mimas.<\/p>\n<h3>4. Kasyba<\/h3>\n<p>Kasybos \u012frangoje svirties cilindras valdo svirties jud\u0117jim\u0105 kasybos ir med\u017eiag\u0173 transportavimo metu.<\/p>\n<h3>5. Logistika ir transportas<\/h3>\n<p>\u0160akiniuose krautuvuose ir krovini\u0173 krovimo robotuose svirties cilindras valdo \u0161aki\u0173 k\u0117lim\u0105 ir jud\u0117jim\u0105, palengvindamas med\u017eiag\u0173 tvarkym\u0105 ir krovim\u0105.<\/p>\n<p><img decoding=\"async\" src=\"https:\/\/www.hydraulic-cylinders.net\/wp-content\/uploads\/2025\/01\/songte-cylinder-head-with-all-kinds-excavator-models.webp\"><\/p>\n<h2>Projektavimo aspektai ir atrankos kriterijai<\/h2>\n<ul>\n<li>Guoli\u0173 keliamoji galia: Svirtiniai cilindrai yra suprojektuoti taip, kad atlaikyt\u0173 reikiam\u0105 apkrov\u0105.<\/li>\n<li>Sandarinimas: \u012evair\u016bs sandarinimo komponentai, tokie kaip st\u016bmokli\u0173 ir kot\u0173 sandarikliai, pagaminti i\u0161 atspari\u0173 dilimui med\u017eiag\u0173, toki\u0173 kaip poliuretanas ir nitrilo kau\u010diukas, u\u017etikrina efektyv\u0173 sandarinim\u0105.<\/li>\n<li>Patvarumas: Cilindro korpusas ir srieginiai galai yra kruop\u0161\u010diai apdirbami, siekiant pagerinti atsparum\u0105 dilimui.<\/li>\n<li>Saugumas: \u012e konstrukcij\u0105 integruotos saugos funkcijos, siekiant i\u0161vengti nelaiming\u0173 atsitikim\u0173 ir u\u017etikrinti operatoriaus saugum\u0105.<\/li>\n<li>Prie\u017ei\u016bra: Projektuojant atsi\u017evelgiama \u012f lengv\u0105 prieig\u0105 prie\u017ei\u016brai ir pakeitimui, taip suma\u017einant prastovas.<\/li>\n<\/ul>\n<p><img decoding=\"async\" src=\"https:\/\/www.hydraulic-cylinders.net\/wp-content\/uploads\/2025\/01\/songte-chushion-collar.webp\"><\/p>\n<h2>Sandarinimas ir tepimas<\/h2>\n<p>Svirtiniame cilindre naudojami \u012fvair\u016bs sandarinimo komponentai, tokie kaip st\u016bmokli\u0173 ir kot\u0173 sandarikliai, pagaminti i\u0161 atspari\u0173 dilimui med\u017eiag\u0173. Cilindro korpusas ir srieginiai galai yra kruop\u0161\u010diai apdirbti, siekiant padidinti atsparum\u0105 dilimui. Norint u\u017etikrinti skland\u0173 veikim\u0105, b\u016btina reguliariai tepti tinkama hidrauline alyva.<\/p>\n<h2>Reguliarus patikrinimas ir prevencin\u0117 prie\u017ei\u016bra<\/h2>\n<p>Siekiant u\u017etikrinti optimal\u0173 veikim\u0105 ir ilgaam\u017ei\u0161kum\u0105, rekomenduojama atlikti reguliarias patikras ir profilaktinius darbus. Reik\u0117t\u0173 imtis \u0161i\u0173 priemoni\u0173:<\/p>\n<ul>\n<li>Patikrinkite, ar n\u0117ra cilindro nuot\u0117kio ar pa\u017eeidimo po\u017eymi\u0173.<\/li>\n<li>Patikrinkite ir pakeiskite susid\u0117v\u0117jusius sandariklius arba pa\u017eeistus komponentus.<\/li>\n<li>Patikrinkite tinkam\u0105 tepim\u0105 ir, jei reikia, pakoreguokite.<\/li>\n<li>Priver\u017ekite visas jungtis, kad i\u0161vengtum\u0117te nuot\u0117kio.<\/li>\n<li>Laikykit\u0117s gamintojo rekomenduojamo technin\u0117s prie\u017ei\u016bros grafiko.<\/li>\n<\/ul>\n<h2>Produkto diegimo vadovas<\/h2>\n<p>Tinkamas svirties cilindro montavimas yra b\u016btinas optimaliam jo veikimui. Laikykit\u0117s \u0161i\u0173 nurodym\u0173:<\/p>\n<ul>\n<li>Paruo\u0161kite montavimo viet\u0105 ir \u012fsitikinkite, kad ji yra \u0161vari ir be \u0161iuk\u0161li\u0173.<\/li>\n<li>Tvirtai pritvirtinkite cilindr\u0105 naudodami atitinkamas tvirtinimo detales.<\/li>\n<li>Prijunkite hidraulines linijas pagal pateikt\u0105 schem\u0105.<\/li>\n<li>\u012esitikinkite, kad visos jungtys yra sandarios ir be nuot\u0117ki\u0173.<\/li>\n<li>Prie\u0161 prad\u0117dami pilnai eksploatuoti cilindr\u0105, patikrinkite jo veikim\u0105.<\/li>\n<\/ul>\n<p><img decoding=\"async\" src=\"https:\/\/www.hydraulic-cylinders.net\/wp-content\/uploads\/2025\/01\/songte-bushings-with-all-kinds-of-excavator-models.webp\"><\/p>\n<h2>Saugos aspektai ir aplinkos veiksniai<\/h2>\n<p>Naudojant svirties cilindr\u0105, labai svarbu laikytis saugos priemoni\u0173, kad b\u016bt\u0173 i\u0161vengta nelaiming\u0173 atsitikim\u0173 ir u\u017etikrinta operatoriaus gerov\u0117. B\u016btinas tinkamas mokymas ir saugos gairi\u0173 laikymasis.<\/p>\n<h2>Trik\u010di\u0173 \u0161alinimas ir da\u017eniausiai pasitaikan\u010dios problemos<\/h2>\n<p>\u0160tai keletas da\u017eniausiai pasitaikan\u010di\u0173 problem\u0173, susijusi\u0173 su cilindro rankena:<\/p>\n<ul>\n<li>Nuot\u0117kis i\u0161 sandarikli\u0173 ar jung\u010di\u0173<\/li>\n<li>Nepakankamas arba netolygus jud\u0117jimas<\/li>\n<li>Per didelis triuk\u0161mas eksploatacijos metu<\/li>\n<li>Nenuoseklus arba tr\u016bk\u010diojantis judesys<\/li>\n<\/ul>\n<p>Nor\u0117dami i\u0161spr\u0119sti \u0161ias problemas:<\/p>\n<ul>\n<li>Patikrinkite ir pakeiskite susid\u0117v\u0117jusius sandariklius arba pa\u017eeistus komponentus.<\/li>\n<li>Patikrinkite ir priver\u017ekite visas jungtis, kad i\u0161vengtum\u0117te nuot\u0117kio.<\/li>\n<li>U\u017etikrinkite tinkam\u0105 cilindro sutepim\u0105.<\/li>\n<li>D\u0117l konkre\u010di\u0173 problem\u0173 \u017er. gamintojo trik\u010di\u0173 \u0161alinimo vadov\u0105.<\/li>\n<\/ul>\n<p><img decoding=\"async\" src=\"https:\/\/www.hydraulic-cylinders.net\/wp-content\/uploads\/2025\/01\/songte-chushion-collar.webp\"><\/p>\n<p>Nepamir\u0161kite straipsn\u012f strukt\u016brizuoti logi\u0161kai, naudoti paantra\u0161tes lengvam nar\u0161ymui, \u012ftraukti atitinkam\u0173 vaizd\u0173 ar diagram\u0173, kad b\u016bt\u0173 lengviau suprasti, ir u\u017etikrinti turinio ai\u0161kum\u0105, glaustum\u0105 bei tinkamum\u0105 skaitytojams, turintiems skirting\u0105 technini\u0173 \u017eini\u0173 lyg\u012f.<\/p>\n<h2>Apie mus<\/h2>\n<p>Esame profesionalus pakaitini\u0173 hidraulini\u0173 cilindr\u0173 gamintojas, si\u016blantis plat\u0173 gamini\u0173 asortiment\u0105. Tapome vienu i\u0161 pirmaujan\u010di\u0173 hidraulini\u0173 cilindr\u0173 gamintoj\u0173 ir didmenini\u0173 platintoj\u0173 vidaus ir tarptautin\u0117se rinkose. M\u016bs\u0173 \u012fsipareigojim\u0105 siekti meistri\u0161kumo atspindi puikiai suderintos gamybos dirbtuv\u0117s, pramonin\u0117s gamybos valdymo strategijos ir nuolatinis technologij\u0173 bei gamybos efektyvumo tobulinimas. \u012ediegdami pa\u017eangi\u0105 skaitmenin\u0119 gamybos \u012frang\u0105 ir profesionalias testavimo sistemas, optimizuojame savo gamybos platform\u0105 ir tobuliname gamini\u0173 kokyb\u0117s kontrol\u0117s procesus, demonstruodami tvirtus inovacinius paj\u0117gumus. M\u016bs\u0173 tikslas \u2013 patenkinti \u012fvairius klient\u0173 poreikius, vadovaujantis efektyvumo, tikslumo ir auk\u0161tos kokyb\u0117s principais.<\/p>\n<p>Kai kurie pagrindiniai m\u016bs\u0173 \u012fmon\u0117s aspektai:<\/p>\n<ul>\n<li>Profesionalumas: Turime patyrusi\u0173 specialist\u0173 komand\u0105, skirt\u0105 auk\u0161tos kokyb\u0117s hidraulini\u0173 cilindr\u0173 tiekimui.<\/li>\n<li>Tarptautiniai sertifikatai: M\u016bs\u0173 gaminiai atitinka tarptautinius kokyb\u0117s standartus ir sertifikatus.<\/li>\n<li>Individualaus pritaikymo paslaugos: Si\u016blome individualius sprendimus, pritaikytus konkretiems klient\u0173 reikalavimams.<\/li>\n<li>Gamybos \u012franga: Naudojame pa\u017eangiausi\u0105 gamybos \u012frang\u0105, kad u\u017etikrintume nepriekai\u0161ting\u0105 gamini\u0173 kokyb\u0119.<\/li>\n<li>Aptarnavimas po pardavimo: Mes teikiame i\u0161samias paslaugas po pardavimo ir palaikym\u0105 savo klientams.<\/li>\n<\/ul>\n<p><img decoding=\"async\" src=\"https:\/\/www.hydraulic-cylinders.net\/wp-content\/uploads\/2025\/01\/songte-company-4.webp\"><br \/>\n<img decoding=\"async\" src=\"https:\/\/www.hydraulic-cylinders.net\/wp-content\/uploads\/2025\/01\/songte-company-3.webp\"><\/p>\n<p>Autorius: lyl<\/p>","protected":false},"excerpt":{"rendered":"<p>Arm Cylinder For Lovol Middle Excavator FR200 Introduction An arm cylinder is a specially designed hydraulic cylinder that is used to provide linear motion and power to the arm of various machinery, such as excavators, cranes, and robotic arms. The arm cylinder plays a crucial role in hydraulic systems, allowing for the efficient movement and [&hellip;]<\/p>","protected":false},"featured_media":14786,"comment_status":"open","ping_status":"closed","template":"","meta":{"_et_pb_use_builder":"","_et_pb_old_content":"","_et_gb_content_width":""},"product_brand":[],"product_cat":[1497],"product_tag":[1498,1496],"class_list":{"0":"post-16486","1":"product","2":"type-product","3":"status-publish","4":"has-post-thumbnail","6":"product_cat-arm-cylinders","7":"product_tag-arm-cylinders","8":"product_tag-hydraulic-cylinders","10":"first","11":"instock","12":"shipping-taxable","13":"product-type-simple"},"amp_enabled":true,"_links":{"self":[{"href":"https:\/\/www.hydraulic-cylinders.net\/lt\/wp-json\/wp\/v2\/product\/16486","targetHints":{"allow":["GET"]}}],"collection":[{"href":"https:\/\/www.hydraulic-cylinders.net\/lt\/wp-json\/wp\/v2\/product"}],"about":[{"href":"https:\/\/www.hydraulic-cylinders.net\/lt\/wp-json\/wp\/v2\/types\/product"}],"replies":[{"embeddable":true,"href":"https:\/\/www.hydraulic-cylinders.net\/lt\/wp-json\/wp\/v2\/comments?post=16486"}],"wp:featuredmedia":[{"embeddable":true,"href":"https:\/\/www.hydraulic-cylinders.net\/lt\/wp-json\/wp\/v2\/media\/14786"}],"wp:attachment":[{"href":"https:\/\/www.hydraulic-cylinders.net\/lt\/wp-json\/wp\/v2\/media?parent=16486"}],"wp:term":[{"taxonomy":"product_brand","embeddable":true,"href":"https:\/\/www.hydraulic-cylinders.net\/lt\/wp-json\/wp\/v2\/product_brand?post=16486"},{"taxonomy":"product_cat","embeddable":true,"href":"https:\/\/www.hydraulic-cylinders.net\/lt\/wp-json\/wp\/v2\/product_cat?post=16486"},{"taxonomy":"product_tag","embeddable":true,"href":"https:\/\/www.hydraulic-cylinders.net\/lt\/wp-json\/wp\/v2\/product_tag?post=16486"}],"curies":[{"name":"wp","href":"https:\/\/api.w.org\/{rel}","templated":true}]}}