{"id":16492,"date":"2025-01-21T05:29:08","date_gmt":"2025-01-21T05:29:08","guid":{"rendered":"https:\/\/www.hydraulic-cylinders.net\/product\/arm-cylinder-for-lovol-large-excavator-fr370\/"},"modified":"2025-01-21T05:29:10","modified_gmt":"2025-01-21T05:29:10","slug":"arm-cylinder-for-lovol-large-excavator-fr370","status":"publish","type":"product","link":"https:\/\/www.hydraulic-cylinders.net\/lt\/produktas\/arm-cylinder-for-lovol-large-excavator-fr370\/","title":{"rendered":"Lovol didelio ekskavatoriaus FR370 rankos cilindras"},"content":{"rendered":"<h2>Lovol didelio ekskavatoriaus FR370 rankos cilindras<\/h2>\n<p>\u201eLovol Large Excavator FR370\u201c svirties cilindras yra specialiai sukurtas hidraulinis cilindras, naudojamas linijiniam jud\u0117jimui ir galiai u\u017etikrinti \u012fvairi\u0173 mechanizm\u0173, toki\u0173 kaip ekskavatoriai, kranai ir robotin\u0117s svirtys, svir\u010diai. Svirties cilindras atlieka labai svarb\u0173 vaidmen\u012f hidraulin\u0117se sistemose, nes leid\u017eia skland\u017eiai jud\u0117ti ir valdyti priedus ar priedus. \u0160ie cilindrai ne tik u\u017etikrina skland\u0173 jud\u0117jim\u0105, bet ir atlaiko dideles apkrovas, u\u017etikrindami efektyv\u0173 mechanizm\u0173 veikim\u0105 ir patikimum\u0105 \u012fvairiomis darbo s\u0105lygomis.<\/p>\n<p><img decoding=\"async\" src=\"https:\/\/www.hydraulic-cylinders.net\/wp-content\/uploads\/2025\/01\/songte-company-2.webp\" alt=\"Svirties cilindro vaizdas\"><\/p>\n<h3>Svirtinio cilindro savyb\u0117s:<\/h3>\n<ul>\n<li>Didelio efektyvumo transmisija: rankos cilindras u\u017etikrina galing\u0105 tiesin\u012f judes\u012f ir j\u0117g\u0105, u\u017etikrindamas didel\u012f robotin\u0117s rankos efektyvum\u0105 atliekant \u012fvairias operacijas.<\/li>\n<li>Tikslus valdymas: Hidraulin\u0117s sistemos d\u0117ka svirties cilindras u\u017etikrina tiksl\u0173 judesio valdym\u0105, tod\u0117l pritvirtint\u0173 \u012franki\u0173 valdymas tampa lankstesnis ir tikslesnis.<\/li>\n<li>Didelis patvarumas: Svirties cilindras paprastai gaminamas i\u0161 didelio stiprumo med\u017eiag\u0173, kurios pasi\u017eymi puikiu atsparumu dilimui ir korozijai, tod\u0117l tinka ilgalaikiam naudojimui at\u0161iauriomis s\u0105lygomis.<\/li>\n<li>Daugiafunkcis pritaikomumas: \u0160ie cilindrai gali b\u016bti pla\u010diai naudojami \u012fvairiose ma\u0161inose, tokiose kaip ekskavatoriai, kranai ir robotin\u0117s rankos, prisitaikant prie skirting\u0173 darbo reikalavim\u0173.<\/li>\n<li>Lengva prie\u017ei\u016bra: Projektuojant atsi\u017evelgiama \u012f paprast\u0105 prie\u017ei\u016br\u0105 ir keitim\u0105, tod\u0117l reguliari ap\u017ei\u016bra ir technin\u0117 prie\u017ei\u016bra yra patog\u016bs, tod\u0117l sutrump\u0117ja \u012frangos prastovos.<\/li>\n<\/ul>\n<p><img decoding=\"async\" src=\"https:\/\/www.hydraulic-cylinders.net\/wp-content\/uploads\/2025\/01\/songte-oil-pipes-and-spare-parts.webp\" alt=\"Svirties cilindro dali\u0173 vaizdas\"><\/p>\n<h3>Svirties cilindro pritaikymas:<\/h3>\n<p>Svirtinis cilindras naudojamas \u012fvairiose pramon\u0117s \u0161akose ir sektoriuose:<\/p>\n<ul>\n<li>Statybos in\u017einerija: ekskavatoriuose ir kranuose str\u0117l\u0117s cilindras valdo kau\u0161\u0173 arba str\u0117l\u0117s svir\u010di\u0173 jud\u0117jim\u0105 atliekant \u017eem\u0117s darbus, med\u017eiag\u0173 tvarkym\u0105 ir konstrukcij\u0173 montavim\u0105.<\/li>\n<li>Gamybos pramon\u0117: Automatizuotose gamybos linijose rankos cilindras palengvina robotini\u0173 rank\u0173 jud\u0117jim\u0105 surinkimo, suvirinimo ir med\u017eiag\u0173 tvarkymo procesuose, padidindamas na\u0161um\u0105 ir tikslum\u0105.<\/li>\n<li>\u017dem\u0117s \u016bkio technika: \u017dem\u0117s \u016bkio \u012frangoje, tokioje kaip derliaus nu\u0117mimo ma\u0161inos ir s\u0117jamosios, svirties cilindras valdo valdymo svir\u010di\u0173 jud\u0117jim\u0105 atliekant tokias u\u017eduotis kaip s\u0117ja, tr\u0119\u0161imas ir derliaus nu\u0117mimas.<\/li>\n<li>Kasyba: Kasybos \u012frangoje svirties cilindras valdo kasybos ma\u0161in\u0173 svirties jud\u0117jim\u0105 r\u016bdos gavybai ir transportavimui.<\/li>\n<li>Logistika ir transportavimas: \u0160akiniuose krautuvuose ir krovini\u0173 krovimo robotuose svirties cilindras valdo \u0161aki\u0173 k\u0117lim\u0105 ir jud\u0117jim\u0105, leisdamas transportuoti ir sukrauti med\u017eiagas.<\/li>\n<\/ul>\n<h3>Projektavimo aspektai ir atrankos kriterijai:<\/h3>\n<p>Kalbant apie svirties cilindro projektavimo aspektus ir pasirinkimo kriterijus, svarb\u016bs \u0161ie veiksniai:<\/p>\n<ul>\n<li>Guoli\u0173 keliamoji galia: Svirties cilindras turi b\u016bti suprojektuotas taip, kad atlaikyt\u0173 maksimali\u0105 apkrov\u0105, su kuria jis susidurs eksploatacijos metu.<\/li>\n<li>Sandarinimas: Siekiant u\u017etikrinti tinkam\u0105 sandarinim\u0105, tur\u0117t\u0173 b\u016bti naudojami \u012fvair\u016bs sandarinimo elementai, tokie kaip st\u016bmokli\u0173 ir kot\u0173 sandarikliai. \u0160ie sandarikliai pagaminti i\u0161 atspari\u0173 dilimui med\u017eiag\u0173, toki\u0173 kaip poliuretanas ir nitrilo kau\u010diukas.<\/li>\n<li>Patvarumas: Cilindro korpusas ir srieginiai galai yra kruop\u0161\u010diai apdorojami, siekiant padidinti atsparum\u0105 dilimui ir pailginti cilindro tarnavimo laik\u0105.<\/li>\n<li>Sauga: Projektuojant tur\u0117t\u0173 b\u016bti numatytos saugos funkcijos, siekiant i\u0161vengti nelaiming\u0173 atsitikim\u0173 ir u\u017etikrinti operatoriaus apsaug\u0105.<\/li>\n<li>Prie\u017ei\u016bra: Svirties cilindras tur\u0117t\u0173 b\u016bti suprojektuotas taip, kad b\u016bt\u0173 lengva j\u012f pri\u017ei\u016br\u0117ti ir remontuoti, taip suma\u017einant prastovas ir optimizuojant efektyvum\u0105.<\/li>\n<\/ul>\n<p><img decoding=\"async\" src=\"https:\/\/www.hydraulic-cylinders.net\/wp-content\/uploads\/2025\/01\/songte-cylinder-head-with-all-kinds-excavator-models.webp\" alt=\"Cilindro galvut\u0117s vaizdas\"><\/p>\n<h3>Svirties cilindro sandarinimas ir tepimas:<\/h3>\n<p>Siekiant u\u017etikrinti optimal\u0173 na\u0161um\u0105 ir ilgaam\u017ei\u0161kum\u0105, peties cilindre naudojami \u012fvair\u016bs sandarinimo komponentai, tokie kaip st\u016bmoklio ir koto sandarikliai. \u0160ie sandarikliai pagaminti i\u0161 atspari\u0173 dilimui med\u017eiag\u0173, toki\u0173 kaip poliuretanas ir nitrilo kau\u010diukas. Be to, cilindro korpusas ir srieginiai galai yra kruop\u0161\u010diai apdorojami, siekiant padidinti atsparum\u0105 dilimui. Norint u\u017etikrinti skland\u0173 veikim\u0105 ir i\u0161vengti per didel\u0117s trinties, b\u016btina reguliariai tepti tinkama hidrauline alyva.<\/p>\n<h3>Reguliarus patikrinimas ir prevencin\u0117 prie\u017ei\u016bra:<\/h3>\n<p>Reguliarus patikrinimas ir profilaktin\u0117 prie\u017ei\u016bra yra b\u016btini norint palaikyti optimali\u0105 svirties cilindro b\u016bkl\u0119. Reik\u0117t\u0173 imtis \u0161i\u0173 priemoni\u0173:<\/p>\n<ul>\n<li>Ap\u017ei\u016br\u0117kite cilindr\u0105, ar n\u0117ra nuot\u0117kio, pa\u017eeidimo ar susid\u0117v\u0117jimo po\u017eymi\u0173.<\/li>\n<li>Patikrinkite ir prireikus pakeiskite susid\u0117v\u0117jusius sandariklius ar kitus komponentus.<\/li>\n<li>Cilindr\u0105 laikykite \u0161var\u0173 ir be ter\u0161al\u0173.<\/li>\n<li>Laikykit\u0117s gamintojo rekomenduojamo technin\u0117s prie\u017ei\u016bros grafiko.<\/li>\n<\/ul>\n<h3>Produkto \u012frengimo gair\u0117s:<\/h3>\n<p>Tinkamas svirties cilindro montavimas yra labai svarbus jo veikimui ir ilgaam\u017ei\u0161kumui. Reik\u0117t\u0173 atlikti \u0161iuos veiksmus:<\/p>\n<ul>\n<li>Prie\u0161 montuodami \u012fsitikinkite, kad hidraulin\u0117je sistemoje n\u0117ra sl\u0117gio.<\/li>\n<li>Tinkamai sulygiuokite cilindr\u0105 ir tvirtinimo kron\u0161teinus.<\/li>\n<li>Priver\u017ekite tvirtinimo var\u017etus iki nurodyto sukimo momento.<\/li>\n<li>Jud\u0117jimo metu patikrinkite, ar n\u0117ra joki\u0173 nesutapim\u0173 ar trukd\u017ei\u0173.<\/li>\n<\/ul>\n<p><img decoding=\"async\" src=\"https:\/\/www.hydraulic-cylinders.net\/wp-content\/uploads\/2025\/01\/songte-bushings-with-all-kinds-of-excavator-models.webp\" alt=\"\u012evori\u0173 vaizdas\"><\/p>\n<h3>Saugos aspektai ir aplinkos veiksniai:<\/h3>\n<p>Naudojant cilindr\u0105 su rankena, labai svarbu teikti pirmenyb\u0119 saugos priemon\u0117ms, kad b\u016bt\u0173 i\u0161vengta nelaiming\u0173 atsitikim\u0173 ir u\u017etikrinta operatoriaus gerov\u0117. Tinkamas mokymas, saugos gairi\u0173 laikymasis ir tinkam\u0173 asmenini\u0173 apsaugos priemoni\u0173 naudojimas yra labai svarb\u016bs aspektai. Be to, atsi\u017evelgiant \u012f aplinkos veiksnius, tokius kaip temperat\u016bra, dr\u0117gm\u0117 ir s\u0105lytis su korozin\u0117mis med\u017eiagomis, galima pailginti cilindro tarnavimo laik\u0105.<\/p>\n<h3>Gedim\u0173 diagnostika ir da\u017eniausios problemos:<\/h3>\n<p>\u0160tai keletas da\u017eniausiai pasitaikan\u010di\u0173 gedim\u0173 ir problem\u0173, kurios gali kilti su svirties cilindru:<\/p>\n<ul>\n<li>Nuot\u0117kis cilindro sandarikliuose arba jungiamosiose detal\u0117se<\/li>\n<li>Netolygus arba tr\u016bk\u010diojantis cilindro jud\u0117jimas<\/li>\n<li>Galios praradimas arba nepakankama j\u0117ga<\/li>\n<li>Per didelis triuk\u0161mas eksploatacijos metu<\/li>\n<li>Cilindro perkaitimas<\/li>\n<\/ul>\n<p><img decoding=\"async\" src=\"https:\/\/www.hydraulic-cylinders.net\/wp-content\/uploads\/2025\/01\/songte-chushion-collar.webp\" alt=\"Chushion apykakl\u0117s vaizdas\"><\/p>\n<p>Norint diagnozuoti ir veiksmingai i\u0161spr\u0119sti \u0161ias problemas, gali b\u016bti naudingi \u0161ie patarimai ir sprendimai:<\/p>\n<ul>\n<li>Patikrinkite ir pakeiskite visus pa\u017eeistus ar susid\u0117v\u0117jusius sandariklius ar jungiam\u0105sias detales.<\/li>\n<li>Patikrinkite hidraulin\u0119 sistem\u0105, ar n\u0117ra tinkamo sl\u0117gio ir srauto.<\/li>\n<li>Kad cilindras veikt\u0173 skland\u017eiai, j\u012f i\u0161valykite ir sutepkite.<\/li>\n<li>Patikrinkite aplinkinius komponentus, ar n\u0117ra nesuderinamumo ar pa\u017eeidim\u0173.<\/li>\n<li>D\u0117l konkre\u010di\u0173 problem\u0173 \u017er. gamintojo trik\u010di\u0173 \u0161alinimo vadov\u0105.<\/li>\n<\/ul>\n<p>Nepamir\u0161kite straipsn\u012f strukt\u016brizuoti logi\u0161kai, naudoti paantra\u0161tes lengvam nar\u0161ymui, \u012ftraukti atitinkam\u0173 vaizd\u0173 ar diagram\u0173, kad b\u016bt\u0173 lengviau suprasti, ir u\u017etikrinti, kad turinys b\u016bt\u0173 ai\u0161kus, glaustas ir tinkamas skaitytojams, turintiems skirting\u0105 technini\u0173 \u017eini\u0173 lyg\u012f.<\/p>\n<p><em>Autorius: lyl<\/em><\/p>\n<p><img decoding=\"async\" src=\"https:\/\/www.hydraulic-cylinders.net\/wp-content\/uploads\/2025\/01\/songte-company-4.webp\" alt=\"\u012emon\u0117s paveiksl\u0117lis 1\"><\/p>\n<p><img decoding=\"async\" src=\"https:\/\/www.hydraulic-cylinders.net\/wp-content\/uploads\/2025\/01\/songte-company-3.webp\" alt=\"\u012emon\u0117s paveiksl\u0117lis 2\"><\/p>\n<p>Galiausiai svarbu pabr\u0117\u017eti, kad esame profesionalus pakaitini\u0173 hidraulini\u0173 cilindr\u0173 gamintojas, si\u016blantis plat\u0173 gamini\u0173 asortiment\u0105. Tapome vienu i\u0161 pirmaujan\u010di\u0173 hidraulini\u0173 cilindr\u0173 gamintoj\u0173 ir didmenini\u0173 platintoj\u0173 tiek vidaus, tiek tarptautin\u0117se rinkose. Siekdami meistri\u0161kumo, nuolat tobuliname savo technines \u017einias ir gamybos efektyvum\u0105, naudodami pa\u017eangius gamybos \u012frenginius ir kokyb\u0117s kontrol\u0117s sistemas. M\u016bs\u0173 tikslas \u2013 patenkinti \u012fvairius klient\u0173 poreikius efektyviai, tiksliai ir auk\u0161tos kokyb\u0117s produktais.<\/p>","protected":false},"excerpt":{"rendered":"<p>Arm Cylinder For Lovol Large Excavator FR370 The Arm Cylinder for Lovol Large Excavator FR370 is a specially designed hydraulic cylinder that is used to provide linear motion and power to the arm of various machinery, such as excavators, cranes, and robotic arms. The arm cylinder plays a crucial role in hydraulic systems, enabling the [&hellip;]<\/p>","protected":false},"featured_media":14770,"comment_status":"open","ping_status":"closed","template":"","meta":{"_et_pb_use_builder":"","_et_pb_old_content":"","_et_gb_content_width":""},"product_brand":[],"product_cat":[1497],"product_tag":[1498,1496],"class_list":{"0":"post-16492","1":"product","2":"type-product","3":"status-publish","4":"has-post-thumbnail","6":"product_cat-arm-cylinders","7":"product_tag-arm-cylinders","8":"product_tag-hydraulic-cylinders","10":"first","11":"instock","12":"shipping-taxable","13":"product-type-simple"},"amp_enabled":true,"_links":{"self":[{"href":"https:\/\/www.hydraulic-cylinders.net\/lt\/wp-json\/wp\/v2\/product\/16492","targetHints":{"allow":["GET"]}}],"collection":[{"href":"https:\/\/www.hydraulic-cylinders.net\/lt\/wp-json\/wp\/v2\/product"}],"about":[{"href":"https:\/\/www.hydraulic-cylinders.net\/lt\/wp-json\/wp\/v2\/types\/product"}],"replies":[{"embeddable":true,"href":"https:\/\/www.hydraulic-cylinders.net\/lt\/wp-json\/wp\/v2\/comments?post=16492"}],"wp:featuredmedia":[{"embeddable":true,"href":"https:\/\/www.hydraulic-cylinders.net\/lt\/wp-json\/wp\/v2\/media\/14770"}],"wp:attachment":[{"href":"https:\/\/www.hydraulic-cylinders.net\/lt\/wp-json\/wp\/v2\/media?parent=16492"}],"wp:term":[{"taxonomy":"product_brand","embeddable":true,"href":"https:\/\/www.hydraulic-cylinders.net\/lt\/wp-json\/wp\/v2\/product_brand?post=16492"},{"taxonomy":"product_cat","embeddable":true,"href":"https:\/\/www.hydraulic-cylinders.net\/lt\/wp-json\/wp\/v2\/product_cat?post=16492"},{"taxonomy":"product_tag","embeddable":true,"href":"https:\/\/www.hydraulic-cylinders.net\/lt\/wp-json\/wp\/v2\/product_tag?post=16492"}],"curies":[{"name":"wp","href":"https:\/\/api.w.org\/{rel}","templated":true}]}}