{"id":16493,"date":"2025-01-21T05:29:12","date_gmt":"2025-01-21T05:29:12","guid":{"rendered":"https:\/\/www.hydraulic-cylinders.net\/product\/arm-cylinder-for-lovol-large-excavator-fr460d\/"},"modified":"2025-01-21T05:29:14","modified_gmt":"2025-01-21T05:29:14","slug":"arm-cylinder-for-lovol-large-excavator-fr460d","status":"publish","type":"product","link":"https:\/\/www.hydraulic-cylinders.net\/lt\/produktas\/arm-cylinder-for-lovol-large-excavator-fr460d\/","title":{"rendered":"Lovol didelio ekskavatoriaus FR460D rankenos cilindras"},"content":{"rendered":"<h1>Lovol didelio ekskavatoriaus FR460D rankenos cilindras<\/h1>\n<h2>\u012evadas<\/h2>\n<p>Svirties cilindras yra specialiai suprojektuotas hidraulinis cilindras, u\u017etikrinantis tiesin\u012f jud\u0117jim\u0105 ir gali\u0105 \u012fvairi\u0173 mechanizm\u0173, toki\u0173 kaip ekskavatoriai, kranai ir robotin\u0117s svirtys, svir\u010diai. Jis atlieka labai svarb\u0173 vaidmen\u012f hidraulin\u0117se sistemose, nes leid\u017eia efektyviai jud\u0117ti ir valdyti papildomus \u012frankius ar priedus. \u0160ie cilindrai ne tik u\u017etikrina skland\u0173 jud\u0117jim\u0105, bet ir atlaiko dideles apkrovas, u\u017etikrindami efektyv\u0173 mechanizm\u0173 veikim\u0105 ir patikimum\u0105 \u012fvairiomis darbo s\u0105lygomis.<\/p>\n<p><img decoding=\"async\" src=\"https:\/\/www.hydraulic-cylinders.net\/wp-content\/uploads\/2025\/01\/songte-company-2.webp\" alt=\"Svirties cilindro vaizdas\"><\/p>\n<h2>Savyb\u0117s<\/h2>\n<ul>\n<li><strong>Didelio efektyvumo transmisija:<\/strong> Svirties cilindras u\u017etikrina galing\u0105 tiesin\u012f judes\u012f ir j\u0117g\u0105, u\u017etikrindamas auk\u0161t\u0105 mechanin\u0117s svirties na\u0161um\u0105 atliekant \u012fvairias operacijas.<\/li>\n<li><strong>Tikslus valdymas:<\/strong> Hidraulin\u0117s sistemos d\u0117ka svirties cilindras u\u017etikrina tiksl\u0173 judesio valdym\u0105, tod\u0117l pritvirtint\u0173 \u012franki\u0173 valdymas yra lankstesnis ir tikslesnis.<\/li>\n<li><strong>Patvarumas:<\/strong> Svirtiniai cilindrai paprastai gaminami i\u0161 didelio stiprumo med\u017eiag\u0173, kurios pasi\u017eymi puikiu atsparumu dilimui ir korozijai, tod\u0117l tinka ilgalaikiam naudojimui at\u0161iauriomis s\u0105lygomis.<\/li>\n<li><strong>Universalus prisitaikymas:<\/strong> \u0160ie cilindrai gali b\u016bti pla\u010diai naudojami \u012fvairioms ma\u0161in\u0173 \u012frangai, pavyzd\u017eiui, ekskavatoriams, kranams ir robotin\u0117ms rankoms, prisitaikant prie skirting\u0173 darbo reikalavim\u0173.<\/li>\n<li><strong>Lengva prie\u017ei\u016bra:<\/strong> Sukurti atsi\u017evelgiant \u012f paprast\u0105 prie\u017ei\u016br\u0105 ir keitim\u0105, svirties cilindrai palengvina reguliarias patikras ir technin\u0119 prie\u017ei\u016br\u0105, taip suma\u017einant \u012frangos prastovas.<\/li>\n<\/ul>\n<p><img decoding=\"async\" src=\"https:\/\/www.hydraulic-cylinders.net\/wp-content\/uploads\/2025\/01\/songte-oil-pipes-and-spare-parts.webp\" alt=\"Hidraulinio cilindro vaizdas\"><\/p>\n<h2>Parai\u0161kos<\/h2>\n<p>Svirtinis cilindras naudojamas \u012fvairiose pramon\u0117s \u0161akose:<\/p>\n<ul>\n<li><strong>Statybos in\u017einerija:<\/strong> Ekskavatoriuose ir kranuose svirties cilindras valdo kau\u0161\u0173 arba str\u0117li\u0173 jud\u0117jim\u0105 atliekant \u017eem\u0117s darbus, med\u017eiag\u0173 tvarkym\u0105 ir konstrukcij\u0173 montavim\u0105.<\/li>\n<li><strong>Gamyba:<\/strong> Automatizuotose gamybos linijose rankos cilindras naudojamas robotini\u0173 rank\u0173 judinimui tokiuose procesuose kaip surinkimas, suvirinimas ir med\u017eiag\u0173 tvarkymas, taip padidinant gamybos efektyvum\u0105 ir tikslum\u0105.<\/li>\n<li><strong>\u017dem\u0117s \u016bkio technika:<\/strong> \u017dem\u0117s \u016bkio \u012frangoje, tokioje kaip derliaus nu\u0117mimo ma\u0161inos ir s\u0117jamosios, svirties cilindras valdo valdymo svir\u010di\u0173 jud\u0117jim\u0105 atliekant tokias u\u017eduotis kaip sodinimas, tr\u0119\u0161imas ir derliaus nu\u0117mimas.<\/li>\n<li><strong>Kasyba:<\/strong> Kasybos \u012frangoje svirties cilindras valdo kasybos ma\u0161in\u0173 svirties judesius r\u016bdos gavybai ir transportavimui.<\/li>\n<li><strong>Logistika ir transportas:<\/strong> \u0160akiniuose krautuvuose ir krovini\u0173 krovimo robotuose svirties cilindras valdo \u0161aki\u0173 k\u0117lim\u0105 ir jud\u0117jim\u0105, palengvindamas med\u017eiag\u0173 tvarkym\u0105 ir krovim\u0105.<\/li>\n<\/ul>\n<h2>Projektavimo aspektai ir atrankos kriterijai<\/h2>\n<p>Projektuojant cilindro formos ranken\u0105, atsi\u017evelgiama \u012f kelis pagrindinius veiksnius:<\/p>\n<ul>\n<li><strong>Apkrovos paj\u0117gumas:<\/strong> Svirties cilindras yra suprojektuotas taip, kad atlaikyt\u0173 konkre\u010dias apkrovas ir j\u0117gas, su kuriomis susiduriama numatytoje naudojimo srityje.<\/li>\n<li><strong>Sandarinimas:<\/strong> Naudojami \u012fvair\u016bs sandarinimo komponentai, tokie kaip st\u016bmokli\u0173 ir stryp\u0173 sandarikliai, paprastai pagaminti i\u0161 atspari\u0173 dilimui med\u017eiag\u0173, toki\u0173 kaip poliuretanas ir nitrilo kau\u010diukas.<\/li>\n<li><strong>Patvarumas:<\/strong> Cilindro korpusas ir srieginiai galai yra kruop\u0161\u010diai apdorojami, siekiant pagerinti atsparum\u0105 dilimui ir u\u017etikrinti ilgalaik\u012f veikim\u0105.<\/li>\n<li><strong>Saugumas:<\/strong> Siekiant i\u0161vengti nelaiming\u0173 atsitikim\u0173 ir u\u017etikrinti operatoriaus apsaug\u0105 eksploatacijos metu, \u012f konstrukcij\u0105 integruoti saugos aspektai.<\/li>\n<li><strong>Prie\u017ei\u016bra:<\/strong> Projektuojant atsi\u017evelgta \u012f prie\u017ei\u016bros ir remonto paprastum\u0105, tod\u0117l reguliarios patikros ir technin\u0117 prie\u017ei\u016bra yra patog\u016bs, o tai suma\u017eina prastovas.<\/li>\n<\/ul>\n<p><img decoding=\"async\" src=\"https:\/\/www.hydraulic-cylinders.net\/wp-content\/uploads\/2025\/01\/songte-cylinder-head-with-all-kinds-excavator-models.webp\" alt=\"Cilindro galvut\u0117s vaizdas\"><\/p>\n<h2>Sandarinimas ir tepimas<\/h2>\n<p>Svirtiniame cilindre naudojami \u012fvair\u016bs sandarinimo komponentai, \u012fskaitant st\u016bmokli\u0173 ir kot\u0173 sandariklius, pagamintus i\u0161 atspari\u0173 dilimui med\u017eiag\u0173, toki\u0173 kaip poliuretanas ir nitrilo kau\u010diukas. Cilindro korpusas ir srieginiai galai yra kruop\u0161\u010diai apdorojami, siekiant pagerinti atsparum\u0105 dilimui. Norint u\u017etikrinti skland\u0173 veikim\u0105, b\u016btina reguliariai tepti tinkama hidrauline alyva.<\/p>\n<h2>Reguliarus patikrinimas ir prevencin\u0117 prie\u017ei\u016bra<\/h2>\n<p>Siekiant u\u017etikrinti optimal\u0173 veikim\u0105 ir ilgaam\u017ei\u0161kum\u0105, rekomenduojama reguliariai tikrinti ir atlikti profilaktin\u0119 prie\u017ei\u016br\u0105. Reik\u0117t\u0173 imtis \u0161i\u0173 priemoni\u0173:<\/p>\n<ul>\n<li>Patikrinkite svirties cilindr\u0105, ar n\u0117ra koki\u0173 nors nuot\u0117kio, pa\u017eeidimo ar ne\u012fprasto susid\u0117v\u0117jimo po\u017eymi\u0173.<\/li>\n<li>Patikrinkite sandariklius ir tepal\u0105, kad u\u017etikrintum\u0117te tinkam\u0105 veikim\u0105.<\/li>\n<li>Steb\u0117kite cilindro darbin\u0119 temperat\u016br\u0105 ir sl\u0117g\u012f, kad aptiktum\u0117te bet kokius nukrypimus nuo normos.<\/li>\n<li>Nuvalykite ir pa\u0161alinkite visus ter\u0161alus, kurie gali tur\u0117ti \u012ftakos veikimui.<\/li>\n<li>Laikykit\u0117s gamintojo nurodym\u0173 d\u0117l technin\u0117s prie\u017ei\u016bros interval\u0173 ir proced\u016br\u0173.<\/li>\n<\/ul>\n<h2>Produkto diegimo vadovas<\/h2>\n<p>Tinkamas svirties cilindro montavimas yra b\u016btinas optimaliam veikimui. Atlikite \u0161iuos veiksmus:<\/p>\n<ol>\n<li>Tvirtai pritvirtinkite cilindr\u0105 tam skirtoje montavimo vietoje.<\/li>\n<li>U\u017etikrinkite tinkam\u0105 cilindro koto sulygiavim\u0105 su jungiamuoju mechanizmu.<\/li>\n<li>Priver\u017ekite visus tvirtinimo var\u017etus ir jungtis nurodytu sukimo momentu.<\/li>\n<li>Prijunkite hidraulines \u017earnas ir jungiam\u0105sias detales, u\u017etikrindami tinkam\u0105 sandarum\u0105.<\/li>\n<li>Patikrinkite cilindro judesio diapazon\u0105 ir atlikite bandom\u0105j\u012f paleidim\u0105, kad \u012fsitikintum\u0117te, jog jis veikia.<\/li>\n<\/ol>\n<p><img decoding=\"async\" src=\"https:\/\/www.hydraulic-cylinders.net\/wp-content\/uploads\/2025\/01\/songte-bushings-with-all-kinds-of-excavator-models.webp\" alt=\"\u012evori\u0173 vaizdas\"><\/p>\n<h2>Saugos aspektai ir aplinkos veiksniai<\/h2>\n<p>Naudojant svirtinius cilindrus, saugos priemon\u0117s yra nepaprastai svarbios siekiant i\u0161vengti nelaiming\u0173 atsitikim\u0173 ir u\u017etikrinti operatoriaus gerov\u0119. Labai svarbu laikytis vis\u0173 saugos gairi\u0173 ir taisykli\u0173, taikom\u0173 konkre\u010diai darbo aplinkai.<\/p>\n<h2>Trik\u010di\u0173 \u0161alinimas ir da\u017eniausiai pasitaikan\u010dios problemos<\/h2>\n<p>I\u0161kilus problem\u0173, toliau pateikti trik\u010di\u0173 \u0161alinimo patarimai ir sprendimai gali pad\u0117ti veiksmingai diagnozuoti ir i\u0161spr\u0119sti problem\u0105:<\/p>\n<ul>\n<li><strong>Problema:<\/strong> Cilindro nuot\u0117kis.<\/li>\n<ul>\n<li><strong>Sprendimas:<\/strong> Patikrinkite ir pakeiskite visus pa\u017eeistus ar susid\u0117v\u0117jusius sandariklius. Patikrinkite, ar hidraulin\u0117s jungtys n\u0117ra atsilaisvinusios, ir prireikus priver\u017ekite.<\/li>\n<\/ul>\n<li><strong>Problema:<\/strong> Cilindras iki galo nei\u0161sitraukia arba nesusitraukia.<\/li>\n<ul>\n<li><strong>Sprendimas:<\/strong> Patikrinkite, ar cilindro kelyje n\u0117ra kli\u016b\u010di\u0173 ar \u0161iuk\u0161li\u0173. Patikrinkite hidraulinio skys\u010dio lyg\u012f ir u\u017etikrinkite tinkam\u0105 sl\u0117g\u012f.<\/li>\n<\/ul>\n<li><strong>Problema:<\/strong> Cilindras veikia su ne\u012fprastu triuk\u0161mu arba vibracija.<\/li>\n<ul>\n<li><strong>Sprendimas:<\/strong> Patikrinkite cilindr\u0105, ar n\u0117ra atsilaisvinusi\u0173 dali\u0173, pa\u017eeist\u0173 st\u016bmokli\u0173 kot\u0173 ar susid\u0117v\u0117jusi\u0173 guoli\u0173. Sutepkite pagal poreik\u012f.<\/li>\n<\/ul>\n<\/ul>\n<p><img decoding=\"async\" src=\"https:\/\/www.hydraulic-cylinders.net\/wp-content\/uploads\/2025\/01\/songte-chushion-collar.webp\" alt=\"Chushion apykakl\u0117s vaizdas\"><\/p>\n<p>Nepamir\u0161kite straipsn\u012f strukt\u016brizuoti logi\u0161kai, naudoti paantra\u0161tes lengvam nar\u0161ymui, \u012ftraukti atitinkam\u0173 vaizd\u0173 ar diagram\u0173, kad b\u016bt\u0173 lengviau suprasti, ir u\u017etikrinti ai\u0161kum\u0105, glaustum\u0105 bei tinkamum\u0105 skaitytojams, turintiems skirting\u0105 technini\u0173 \u017eini\u0173 lyg\u012f.<\/p>\n<p><em>Autorius: lyl<\/em><\/p>\n<h2>Apie m\u016bs\u0173 \u012fmon\u0119<\/h2>\n<p>Esame profesionalus pakaitini\u0173 hidraulini\u0173 cilindr\u0173 gamintojas, si\u016blantis plat\u0173 gamini\u0173 asortiment\u0105. Tapome pirmaujan\u010diu hidraulini\u0173 cilindr\u0173 gamintoju ir didmeniniu platintoju vidaus ir tarptautin\u0117se rinkose. Laikydamiesi puikios kokyb\u0117s principo, nuolat tobuliname savo technines \u017einias ir gamybos efektyvum\u0105, taikydami industrializuotas gamybos valdymo strategijas savo moderniose gamybos dirbtuv\u0117se. \u012ediegdami pa\u017eangi\u0105 skaitmenin\u0119 gamybos \u012frang\u0105 ir profesionalias testavimo sistemas, optimizuojame savo gamybos platform\u0105, tobuliname gamini\u0173 kokyb\u0117s kontrol\u0117s procesus ir turime stiprias inovacij\u0173 galimybes. M\u016bs\u0173 tikslas \u2013 patenkinti \u012fvairius klient\u0173 poreikius efektyviai, tiksliai ir auk\u0161tos kokyb\u0117s produktais.<\/p>\n<p><img decoding=\"async\" src=\"https:\/\/www.hydraulic-cylinders.net\/wp-content\/uploads\/2025\/01\/songte-company-4.webp\" alt=\"\u012emon\u0117s \u012fvaizdis\"><br \/>\n<img decoding=\"async\" src=\"https:\/\/www.hydraulic-cylinders.net\/wp-content\/uploads\/2025\/01\/songte-company-3.webp\" alt=\"\u012emon\u0117s \u012fvaizdis\"><\/p>\n<p>Be to, pabr\u0117\u017eiame,<\/p>","protected":false},"excerpt":{"rendered":"<p>Arm Cylinder For Lovol Large Excavator FR460D Introduction The arm cylinder is a specially designed hydraulic cylinder that provides linear motion and power to the arm of various machinery, such as excavators, cranes, and robotic arms. It plays a crucial role in hydraulic systems, enabling the effective movement and control of additional tools or attachments. [&hellip;]<\/p>","protected":false},"featured_media":14766,"comment_status":"open","ping_status":"closed","template":"","meta":{"_et_pb_use_builder":"","_et_pb_old_content":"","_et_gb_content_width":""},"product_brand":[],"product_cat":[1497],"product_tag":[1498,1496],"class_list":{"0":"post-16493","1":"product","2":"type-product","3":"status-publish","4":"has-post-thumbnail","6":"product_cat-arm-cylinders","7":"product_tag-arm-cylinders","8":"product_tag-hydraulic-cylinders","10":"first","11":"instock","12":"shipping-taxable","13":"product-type-simple"},"amp_enabled":true,"_links":{"self":[{"href":"https:\/\/www.hydraulic-cylinders.net\/lt\/wp-json\/wp\/v2\/product\/16493","targetHints":{"allow":["GET"]}}],"collection":[{"href":"https:\/\/www.hydraulic-cylinders.net\/lt\/wp-json\/wp\/v2\/product"}],"about":[{"href":"https:\/\/www.hydraulic-cylinders.net\/lt\/wp-json\/wp\/v2\/types\/product"}],"replies":[{"embeddable":true,"href":"https:\/\/www.hydraulic-cylinders.net\/lt\/wp-json\/wp\/v2\/comments?post=16493"}],"wp:featuredmedia":[{"embeddable":true,"href":"https:\/\/www.hydraulic-cylinders.net\/lt\/wp-json\/wp\/v2\/media\/14766"}],"wp:attachment":[{"href":"https:\/\/www.hydraulic-cylinders.net\/lt\/wp-json\/wp\/v2\/media?parent=16493"}],"wp:term":[{"taxonomy":"product_brand","embeddable":true,"href":"https:\/\/www.hydraulic-cylinders.net\/lt\/wp-json\/wp\/v2\/product_brand?post=16493"},{"taxonomy":"product_cat","embeddable":true,"href":"https:\/\/www.hydraulic-cylinders.net\/lt\/wp-json\/wp\/v2\/product_cat?post=16493"},{"taxonomy":"product_tag","embeddable":true,"href":"https:\/\/www.hydraulic-cylinders.net\/lt\/wp-json\/wp\/v2\/product_tag?post=16493"}],"curies":[{"name":"wp","href":"https:\/\/api.w.org\/{rel}","templated":true}]}}