{"id":16494,"date":"2025-01-21T05:29:16","date_gmt":"2025-01-21T05:29:16","guid":{"rendered":"https:\/\/www.hydraulic-cylinders.net\/product\/arm-cylinder-for-liugong-small-excavator-clg904c\/"},"modified":"2025-01-21T05:29:17","modified_gmt":"2025-01-21T05:29:17","slug":"arm-cylinder-for-liugong-small-excavator-clg904c","status":"publish","type":"product","link":"https:\/\/www.hydraulic-cylinders.net\/lt\/produktas\/arm-cylinder-for-liugong-small-excavator-clg904c\/","title":{"rendered":"Liugong ma\u017eo ekskavatoriaus CLG904C rankos cilindras"},"content":{"rendered":"<p><!DOCTYPE html><br \/>\n<html><br \/>\n<head><br \/>\n<title>Liugong ma\u017eo ekskavatoriaus CLG904C rankos cilindras<\/title><br \/>\n<\/head><br \/>\n<body><\/p>\n<h1>Liugong ma\u017eo ekskavatoriaus CLG904C rankos cilindras<\/h1>\n<h2>\u012evadas<\/h2>\n<p>Svirties cilindras yra specialiai suprojektuotas hidraulinis cilindras, u\u017etikrinantis tiesin\u012f jud\u0117jim\u0105 ir gali\u0105 \u012fvairi\u0173 ma\u0161in\u0173, toki\u0173 kaip ekskavatoriai, kranai ir robotin\u0117s svirtys, svirtims. Jis atlieka labai svarb\u0173 vaidmen\u012f hidraulin\u0117se sistemose, nes leid\u017eia efektyviai jud\u0117ti ir valdyti priedus ar priedus. \u0160ie cilindrai ne tik u\u017etikrina skland\u0173 jud\u0117jim\u0105, bet ir atlaiko dideles apkrovas, u\u017etikrindami efektyv\u0173 ma\u0161in\u0173 veikim\u0105 ir patikimum\u0105 \u012fvairiomis darbo s\u0105lygomis.<\/p>\n<h3>Apibr\u0117\u017eimas ir paai\u0161kinimas<\/h3>\n<p>Svirties cilindras yra hidraulinis cilindras, specialiai sukurtas tam, kad u\u017etikrint\u0173 tiesin\u012f jud\u0117jim\u0105 ir gali\u0105 \u012fvairi\u0173 mechanizm\u0173 svirtims. Jis yra b\u016btinas efektyviam papildom\u0173 \u012franki\u0173 ar pried\u0173 jud\u0117jimui ir valdymui hidraulin\u0117se sistemose.<\/p>\n<p><img decoding=\"async\" src=\"https:\/\/www.hydraulic-cylinders.net\/wp-content\/uploads\/2025\/01\/songte-company-2.webp\" alt=\"Svirties cilindro vaizdas\"><\/p>\n<h2>Savyb\u0117s<\/h2>\n<ul>\n<li><strong>Didelio efektyvumo transmisija:<\/strong> Svirties cilindras u\u017etikrina galing\u0105 tiesin\u012f judes\u012f ir j\u0117g\u0105, u\u017etikrindamas auk\u0161t\u0105 ma\u0161inos svir\u010di\u0173 na\u0161um\u0105.<\/li>\n<li><strong>Tikslus valdymas:<\/strong> Hidraulin\u0117s sistemos d\u0117ka svirties cilindras leid\u017eia tiksliai valdyti judes\u012f, tod\u0117l operacijos su pritvirtintais \u012frankiais yra lankstesn\u0117s ir tikslesn\u0117s.<\/li>\n<li><strong>Patvarumas:<\/strong> Svirtiniai cilindrai paprastai gaminami i\u0161 didelio stiprumo med\u017eiag\u0173, pasi\u017eymin\u010di\u0173 puikiu atsparumu dilimui ir korozijai, tod\u0117l tinkami ilgalaikiam naudojimui at\u0161iauriomis s\u0105lygomis.<\/li>\n<li><strong>Daugiafunkcinis prisitaikymas:<\/strong> \u0160ie cilindrai gali b\u016bti pla\u010diai naudojami \u012fvairioms ma\u0161in\u0173 \u012frangai, pavyzd\u017eiui, ekskavatoriams, kranams ir robotin\u0117ms rankoms, prisitaikant prie skirting\u0173 darbo reikalavim\u0173.<\/li>\n<li><strong>Lengva prie\u017ei\u016bra:<\/strong> D\u0117l projektavimo aspekt\u0173, skirt\u0173 lengvam techniniam aptarnavimui ir pakeitimui, reguliari ap\u017ei\u016bra ir technin\u0117 prie\u017ei\u016bra yra patogesn\u0117, tod\u0117l sutrump\u0117ja \u012frangos prastova.<\/li>\n<\/ul>\n<p><img decoding=\"async\" src=\"https:\/\/www.hydraulic-cylinders.net\/wp-content\/uploads\/2025\/01\/songte-oil-pipes-and-spare-parts.webp\" alt=\"Svirties cilindro atsargin\u0117s dalys\"><\/p>\n<h2>Parai\u0161kos<\/h2>\n<ul>\n<li><strong>Statybos in\u017einerija:<\/strong> Ekskavatoriuose ir kranuose peties cilindras valdo kau\u0161o arba str\u0117l\u0117s jud\u0117jim\u0105, palengvindamas \u017eem\u0117s darbus, med\u017eiag\u0173 tvarkym\u0105 ir konstrukcij\u0173 montavim\u0105.<\/li>\n<li><strong>Gamybos pramon\u0117:<\/strong> Automatizuotose gamybos linijose rankos cilindras yra atsakingas u\u017e robotini\u0173 rank\u0173 jud\u0117jim\u0105, \u012fgalindamas tokius procesus kaip surinkimas, suvirinimas ir med\u017eiag\u0173 tvarkymas, siekiant pagerinti gamybos efektyvum\u0105 ir tikslum\u0105.<\/li>\n<li><strong>\u017dem\u0117s \u016bkio technika:<\/strong> \u017dem\u0117s \u016bkio \u012frangoje, tokioje kaip derliaus nu\u0117mimo ma\u0161inos ir s\u0117jamosios, svirties cilindras valdo darbini\u0173 svir\u010di\u0173 jud\u0117jim\u0105, atlikdamas tokias u\u017eduotis kaip s\u0117ja, tr\u0119\u0161imas ir derliaus nu\u0117mimas.<\/li>\n<li><strong>Kasybos pramon\u0117:<\/strong> Kasybos \u012frangoje svirties cilindras valdo kasybos ma\u0161in\u0173 svir\u010di\u0173 jud\u0117jim\u0105, palengvindamas r\u016bdos gavyb\u0105 ir transportavim\u0105.<\/li>\n<li><strong>Logistika ir transportas:<\/strong> \u0160akiniuose krautuvuose ir robotuose svirties cilindras valdo \u0161aki\u0173 k\u0117lim\u0105 ir jud\u0117jim\u0105, taip u\u017etikrindamas med\u017eiag\u0173 tvarkym\u0105 ir krovim\u0105.<\/li>\n<\/ul>\n<h2>Projektavimo aspektai ir atrankos kriterijai<\/h2>\n<ul>\n<li><strong>Keliamoji galia:<\/strong> Svirties cilindro geb\u0117jimas atlaikyti apkrovas yra labai svarbus projektavimo aspektas.<\/li>\n<li><strong>Sandarinimas:<\/strong> Siekiant u\u017etikrinti efektyv\u0173 sandarinim\u0105, naudojami \u012fvair\u016bs sandarinimo komponentai, tokie kaip st\u016bmokli\u0173 ir kot\u0173 sandarikliai. Tokios med\u017eiagos kaip poliuretanas ir nitrilo kau\u010diukas parenkamos d\u0117l j\u0173 atsparumo dilimui.<\/li>\n<li><strong>Patvarumas:<\/strong> Cilindro korpusas ir srieginiai galai yra kruop\u0161\u010diai apdorojami, siekiant padidinti atsparum\u0105 dilimui.<\/li>\n<li><strong>Saugumas:<\/strong> Siekiant i\u0161vengti nelaiming\u0173 atsitikim\u0173 eksploatacijos metu, tur\u0117t\u0173 b\u016bti \u012fdiegtos saugos priemon\u0117s.<\/li>\n<li><strong>Prie\u017ei\u016bra:<\/strong> Norint u\u017etikrinti skland\u0173 veikim\u0105 ir ilgaam\u017ei\u0161kum\u0105, b\u016btina reguliariai tepti tinkam\u0105 hidraulin\u0119 alyv\u0105.<\/li>\n<\/ul>\n<p><img decoding=\"async\" src=\"https:\/\/www.hydraulic-cylinders.net\/wp-content\/uploads\/2025\/01\/songte-cylinder-head-with-all-kinds-excavator-models.webp\" alt=\"Cilindro galvut\u0117s vaizdas\"><\/p>\n<h2>Prie\u017ei\u016bra ir atsargumo priemon\u0117s<\/h2>\n<ul>\n<li>Reguliariai tikrinkite svirties cilindr\u0105, ar n\u0117ra susid\u0117v\u0117jimo, nuot\u0117ki\u0173 ar pa\u017eeidim\u0173 po\u017eymi\u0173.<\/li>\n<li>U\u017etikrinkite tinkam\u0105 tepim\u0105 ir keiskite hidraulin\u0119 alyv\u0105 pagal gamintojo rekomendacijas.<\/li>\n<li>Laikykit\u0117s gamintojo nurodym\u0173 d\u0117l technin\u0117s prie\u017ei\u016bros interval\u0173 ir proced\u016br\u0173.<\/li>\n<li>Nedelsdami spr\u0119skite visas problemas, kad i\u0161vengtum\u0117te tolesn\u0117s \u017ealos ar pavojaus saugai.<\/li>\n<li>\u012egyvendinkite prevencines priemones, tokias kaip tinkamas saugojimas ir naudojimas, kad suma\u017eintum\u0117te galimas problemas.<\/li>\n<\/ul>\n<h2>Teisingo gaminio \u012frengimo gair\u0117s<\/h2>\n<p>1. Atid\u017eiai perskaitykite gamintojo pateikt\u0105 montavimo vadov\u0105.<\/p>\n<p>2. \u012esitikinkite, kad turite visus reikalingus \u012frankius ir \u012frang\u0105.<\/p>\n<p>3. Vadovaukit\u0117s nuosekliomis instrukcijomis, pateiktomis vadove.<\/p>\n<p>4. Atkreipkite d\u0117mes\u012f \u012f sukimo momento specifikacijas ir tinkam\u0105 sulygiavim\u0105.<\/p>\n<p>5. Po \u012frengimo patikrinkite, ar n\u0117ra nuot\u0117ki\u0173 ar kit\u0173 anomalij\u0173.<\/p>\n<p><img decoding=\"async\" src=\"https:\/\/www.hydraulic-cylinders.net\/wp-content\/uploads\/2025\/01\/songte-bushings-with-all-kinds-of-excavator-models.webp\" alt=\"\u012evori\u0173 vaizdas\"><\/p>\n<h2>Saugos aspektai ir aplinkos veiksniai<\/h2>\n<p>Dirbant su svirtiniais cilindrais, saugos priemon\u0117s yra nepaprastai svarbios. Tinkamas mokymas, saugos protokol\u0173 laikymasis ir tinkam\u0173 apsaugos priemoni\u0173 naudojimas yra b\u016btini siekiant i\u0161vengti nelaiming\u0173 atsitikim\u0173. Be to, atsi\u017evelgiant \u012f aplinkos veiksnius, tokius kaip skys\u010di\u0173 nuot\u0117kis ir tinkamas hidraulini\u0173 komponent\u0173 utilizavimas, u\u017etikrinama atsakomyb\u0117 u\u017e aplink\u0105.<\/p>\n<h2>Trik\u010di\u0173 \u0161alinimas ir da\u017eniausiai pasitaikan\u010dios problemos<\/h2>\n<p>1. Problema: L\u0117tas arba netolygus svirties jud\u0117jimas. Galima prie\u017eastis: \u017demas hidraulinio skys\u010dio lygis. Sprendimas: Patikrinkite ir prireikus papildykite hidraulinio skys\u010dio.<\/p>\n<p>2. Problema: Per didelis triuk\u0161mas veikiant svirtiai. Galima prie\u017eastis: Neteisingas sulygiavimas arba pa\u017eeisti komponentai. Sprendimas: Patikrinkite ir i\u0161 naujo sulygiuokite arba pakeiskite pa\u017eeistas dalis.<\/p>\n<p>3. Problema: Svirties cilindro nuot\u0117kis. Galima prie\u017eastis: Pa\u017eeisti sandarikliai arba jungiamosios detal\u0117s. Sprendimas: Pakeiskite pa\u017eeistus sandariklius arba jungiam\u0105sias detales.<\/p>\n<p>4. Problema: Nepastovus svirties jud\u0117jimas. Galima prie\u017eastis: Suged\u0119s valdymo vo\u017etuvas. Sprendimas: Patikrinkite ir prireikus suremontuokite arba pakeiskite valdymo vo\u017etuv\u0105.<\/p>\n<p>Reguliarus techninis aptarnavimas, greitas trik\u010di\u0173 \u0161alinimas ir da\u017eniausiai pasitaikan\u010di\u0173 problem\u0173 sprendimas gali pad\u0117ti u\u017etikrinti tinkam\u0105 svirties cilindro veikim\u0105 ir ilgaam\u017ei\u0161kum\u0105.<\/p>\n<p><img decoding=\"async\" src=\"https:\/\/www.hydraulic-cylinders.net\/wp-content\/uploads\/2025\/01\/songte-chushion-collar.webp\" alt=\"Chushion apykakl\u0117s vaizdas\"><\/p>\n<h2>Apie m\u016bs\u0173 \u012fmon\u0119<\/h2>\n<p>Esame profesionalus pakaitini\u0173 hidraulini\u0173 cilindr\u0173 gamintojas, si\u016blantis plat\u0173 gamini\u0173 asortiment\u0105. Tapome vienu i\u0161 pirmaujan\u010di\u0173 hidraulini\u0173 cilindr\u0173 gamintoj\u0173 ir didmenini\u0173 platintoj\u0173 tiek vidaus, tiek tarptautin\u0117se rinkose. Vadovaudamiesi puikios kokyb\u0117s principu, nuolat tobuliname savo technines \u017einias ir gamybos efektyvum\u0105, naudodami tobulinamus gamybos cechus ir industrializuotas gamybos valdymo strategijas. \u012ediegdami auk\u0161\u010diausios klas\u0117s skaitmenin\u0119 gamybos \u012frang\u0105 ir profesionalias bandym\u0173 sistemas, optimizuojame savo gamybos platform\u0105 ir tobuliname kokyb\u0117s kontrol\u0117s proces\u0105, demonstruodami stiprius inovacij\u0173 paj\u0117gumus. M\u016bs\u0173 tikslas \u2013 patenkinti \u012fvairius klient\u0173 poreikius efektyvumu, tikslumu ir auk\u0161tos kokyb\u0117s produktais.<\/p>\n<p><img decoding=\"async\" src=\"https:\/\/www.hydraulic-cylinders.net\/wp-content\/uploads\/2025\/01\/songte-company-4.webp\" alt=\"\u012emon\u0117s paveiksl\u0117lis 1\"><br \/>\n<img decoding=\"async\" src=\"https:\/\/www.hydraulic-cylinders.net\/wp-content\/uploads\/2025\/01\/songte-company-3.webp\" alt=\"\u012emon\u0117s paveiksl\u0117lis 2\"><\/p>\n<h3>Profesionalumas:<\/h3>\n<p>Did\u017eiuojam\u0117s savo profesionalumu ir patirtimi hidraulini\u0173 cilindr\u0173 srityje. M\u016bs\u0173 komanda yra auk\u0161tos kvalifikacijos ir i\u0161mananti, teikianti i\u0161skirtinius produktus ir paslaugas.<\/p>\n<h3>Tarptautiniai sertifikatai:<\/h3>\n<p>Turime \u012fvairius tarptautinius sertifikatus, u\u017etikrinan\u010dius, kad m\u016bs\u0173 gaminiai atitinka auk\u0161\u010diausius kokyb\u0117s ir saugos standartus.<\/p>\n<h3>Pritaikymo paslaugos:<\/h3>\n<p>Si\u016blome pritaikymo paslaugas, kad patenkintume konkre\u010dius klient\u0173 reikalavimus, teikdami individualiai pritaikytus sprendimus \u012fvairioms reikm\u0117ms.<\/p>\n<h3>Pa\u017eangi gamybos \u012franga:<\/h3>\n<p>\u012erengti pa\u017eangia gamybos \u012franga, galime pagaminti auk\u0161tos kokyb\u0117s hidraulinius cilindrus tiksliai ir efektyviai.<\/p>\n<h3>Aptarnavimas po pardavimo:<\/h3>\n<p>Mes teikiame pirmenyb\u0119 klient\u0173 pasitenkinimui ir teikiame i\u0161samias garantinio aptarnavimo paslaugas, \u012fskaitant technin\u0119 pagalb\u0105 ir pagalb\u0105.<\/p>\n<p>Autorius: lyl<\/p>\n<p><\/body><br \/>\n<\/html><\/p>","protected":false},"excerpt":{"rendered":"<p>Arm Cylinder For Liugong Small Excavator CLG904C Arm Cylinder For Liugong Small Excavator CLG904C Introduction The arm cylinder is a specially designed hydraulic cylinder that provides linear movement and power to the arms of various machinery such as excavators, cranes, and robotic arms. It plays a crucial role in hydraulic systems, enabling efficient movement and [&hellip;]<\/p>","protected":false},"featured_media":14763,"comment_status":"open","ping_status":"closed","template":"","meta":{"_et_pb_use_builder":"","_et_pb_old_content":"","_et_gb_content_width":""},"product_brand":[],"product_cat":[1497],"product_tag":[1498,1496],"class_list":{"0":"post-16494","1":"product","2":"type-product","3":"status-publish","4":"has-post-thumbnail","6":"product_cat-arm-cylinders","7":"product_tag-arm-cylinders","8":"product_tag-hydraulic-cylinders","10":"first","11":"instock","12":"shipping-taxable","13":"product-type-simple"},"amp_enabled":true,"_links":{"self":[{"href":"https:\/\/www.hydraulic-cylinders.net\/lt\/wp-json\/wp\/v2\/product\/16494","targetHints":{"allow":["GET"]}}],"collection":[{"href":"https:\/\/www.hydraulic-cylinders.net\/lt\/wp-json\/wp\/v2\/product"}],"about":[{"href":"https:\/\/www.hydraulic-cylinders.net\/lt\/wp-json\/wp\/v2\/types\/product"}],"replies":[{"embeddable":true,"href":"https:\/\/www.hydraulic-cylinders.net\/lt\/wp-json\/wp\/v2\/comments?post=16494"}],"wp:featuredmedia":[{"embeddable":true,"href":"https:\/\/www.hydraulic-cylinders.net\/lt\/wp-json\/wp\/v2\/media\/14763"}],"wp:attachment":[{"href":"https:\/\/www.hydraulic-cylinders.net\/lt\/wp-json\/wp\/v2\/media?parent=16494"}],"wp:term":[{"taxonomy":"product_brand","embeddable":true,"href":"https:\/\/www.hydraulic-cylinders.net\/lt\/wp-json\/wp\/v2\/product_brand?post=16494"},{"taxonomy":"product_cat","embeddable":true,"href":"https:\/\/www.hydraulic-cylinders.net\/lt\/wp-json\/wp\/v2\/product_cat?post=16494"},{"taxonomy":"product_tag","embeddable":true,"href":"https:\/\/www.hydraulic-cylinders.net\/lt\/wp-json\/wp\/v2\/product_tag?post=16494"}],"curies":[{"name":"wp","href":"https:\/\/api.w.org\/{rel}","templated":true}]}}