{"id":16499,"date":"2025-01-21T05:29:34","date_gmt":"2025-01-21T05:29:34","guid":{"rendered":"https:\/\/www.hydraulic-cylinders.net\/product\/arm-cylinder-for-liugong-small-excavator-clg906c\/"},"modified":"2025-01-21T05:29:36","modified_gmt":"2025-01-21T05:29:36","slug":"arm-cylinder-for-liugong-small-excavator-clg906c","status":"publish","type":"product","link":"https:\/\/www.hydraulic-cylinders.net\/lt\/produktas\/arm-cylinder-for-liugong-small-excavator-clg906c\/","title":{"rendered":"Liugong ma\u017eo ekskavatoriaus CLG906C rankos cilindras"},"content":{"rendered":"<p>Liugong ma\u017eo ekskavatoriaus CLG906C rankenos cilindras<\/p>\n<p>Svirties cilindras yra specialiai sukurtas hidraulinis cilindras, naudojamas linijiniam judesiui ir galiai u\u017etikrinti \u012fvairi\u0173 tip\u0173 ma\u0161in\u0173, toki\u0173 kaip ekskavatoriai, kranai ir mechanin\u0117s svirtys, svirtims. Svirties cilindras atlieka labai svarb\u0173 vaidmen\u012f hidraulin\u0117se sistemose, nes leid\u017eia priedams ir priedams jud\u0117ti ir b\u016bti efektyviai valdomiems. \u0160ie cilindrai ne tik u\u017etikrina skland\u0173 jud\u0117jim\u0105, bet ir atlaiko dideles apkrovas, u\u017etikrindami efektyv\u0173 ma\u0161in\u0173 veikim\u0105 ir patikimum\u0105 \u012fvairiomis darbo s\u0105lygomis. <\/p>\n<p>Apibr\u0117\u017eimas ir paai\u0161kinimas<\/p>\n<p>Svirties cilindras yra hidraulinis cilindras, skirtas u\u017etikrinti tiesin\u012f jud\u0117jim\u0105 ir gali\u0105 ma\u0161in\u0173 svirtims. Cilindr\u0105 sudaro st\u016bmoklis ir cilindro korpusas, sujungti st\u016bmoklio kotu. Jis veikia paversdamas hidraulinio skys\u010dio sl\u0117g\u012f mechanine j\u0117ga, kad svirtis jud\u0117t\u0173 tiesia linija. Svirties cilindras yra pagrindinis hidraulini\u0173 sistem\u0173 komponentas, leid\u017eiantis efektyviai judinti ir valdyti priedus bei priedus.<\/p>\n<p>Savyb\u0117s<\/p>\n<p>1. Didelio efektyvumo transmisija: Svir\u010di\u0173 cilindrai u\u017etikrina galing\u0105 tiesin\u012f judes\u012f ir j\u0117g\u0105, kad b\u016bt\u0173 u\u017etikrintas didelis mechanini\u0173 svir\u010di\u0173 veikimo efektyvumas.<\/p>\n<p>2. Tikslus valdymas: Svirties cilindras gali tiksliai valdyti judesius per hidraulines sistemas, tod\u0117l papildom\u0173 \u012franki\u0173 valdymas tampa lankstesnis ir tikslesnis.<\/p>\n<p>3. Didelis patvarumas: Svirtiniai cilindrai paprastai gaminami i\u0161 didelio stiprumo med\u017eiag\u0173, kurios pasi\u017eymi geru atsparumu dilimui ir korozijai, tod\u0117l tinka ilgalaikiam naudojimui at\u0161iauriomis s\u0105lygomis.<\/p>\n<p>4. Daugiafunkcis pritaikomumas: \u0160ie cilindrai gali b\u016bti pla\u010diai naudojami \u012fvairiuose mechaniniuose \u012frenginiuose, tokiuose kaip ekskavatoriai, kranai ir mechanin\u0117s rankenos, kad b\u016bt\u0173 pritaikyti skirtingiems darbo poreikiams.<\/p>\n<p>5. Lengva prie\u017ei\u016bra: Projektuojant atsi\u017evelgiama \u012f paprast\u0105 prie\u017ei\u016br\u0105 ir keitim\u0105, tod\u0117l patogiau reguliariai tikrinti ir pri\u017ei\u016br\u0117ti, taip suma\u017einant \u012frangos prastovas.<\/p>\n<p>Gamyba ir pakeitimas<\/p>\n<p>M\u016bs\u0173 gaminiai gali puikiai pakeisti \u0161iuos hidraulinius cilindrus, suteikdami klientams auk\u0161tos kokyb\u0117s ir ekonomi\u0161kus cilindr\u0173 sprendimus. M\u016bs\u0173 gaminiai yra patikimi, patvar\u016bs ir ekonomi\u0161ki, tod\u0117l galime pasi\u016blyti individualius sprendimus, kad patenkintume konkre\u010dius m\u016bs\u0173 klient\u0173 poreikius.<\/p>\n<p>Parai\u0161ka<\/p>\n<p>Svirtiniai cilindrai pla\u010diai naudojami \u012fvairiose pramon\u0117s \u0161akose, tokiose kaip statyba, gamyba, \u017eem\u0117s \u016bkis, kasyba, logistika ir transportas.<\/p>\n<p>1. Konstrukcija: Ekskavatoriuose ir kranuose str\u0117li\u0173 cilindrai naudojami kau\u0161\u0173 arba k\u0117limo str\u0117li\u0173 jud\u0117jimui valdyti, atliekant \u017eem\u0117s darbus, med\u017eiag\u0173 tvarkym\u0105 ir konstrukcij\u0173 montavim\u0105.<\/p>\n<p>2. Gamyba: Automatizuotose gamybos linijose svir\u010di\u0173 cilindrai naudojami mechanin\u0117ms svirtims judinti, atliekant surinkimo, suvirinimo ir tvarkymo procesus, taip gerinant gamybos efektyvum\u0105 ir tikslum\u0105.<\/p>\n<p>3. \u017dem\u0117s \u016bkio technika: \u017dem\u0117s \u016bkio technikoje, pavyzd\u017eiui, derliaus nu\u0117mimo ir s\u0117jamosiose, svir\u010di\u0173 cilindrai valdo valdymo svir\u010di\u0173 jud\u0117jim\u0105, atlikdami tokias u\u017eduotis kaip sodinimas, tr\u0119\u0161imas ir derliaus nu\u0117mimas.<\/p>\n<p>4. Kasyba: Kasybos \u012frangoje svir\u010di\u0173 cilindrai naudojami kasybos \u012frangos svir\u010di\u0173 jud\u0117jimui valdyti, atliekant r\u016bdos kasyb\u0105 ir transportavim\u0105.<\/p>\n<p>5. Logistika ir transportavimas: \u0160akiniuose krautuvuose ir krovini\u0173 krovimo robotuose ranken\u0173 cilindrai naudojami \u0161aki\u0173 k\u0117limui ir jud\u0117jimui valdyti, u\u017etikrinant med\u017eiag\u0173 tvarkym\u0105 ir krovim\u0105.<\/p>\n<p>Projektavimo aspektai ir atrankos kriterijai<\/p>\n<p>1. Keliamoji galia: Svirtiniai cilindrai turi b\u016bti suprojektuoti taip, kad atlaikyt\u0173 maksimali\u0105 apkrov\u0105, su kuria jie susidurs eksploatacijos metu.<\/p>\n<p>2. Sandarinimas: Svirtiniai cilindrai tur\u0117t\u0173 b\u016bti apr\u016bpinti \u012fvairiais sandarinimo komponentais, tokiais kaip st\u016bmokli\u0173 sandarikliai, stryp\u0173 sandarikliai ir kt., kad b\u016bt\u0173 i\u0161vengta hidraulinio skys\u010dio nutek\u0117jimo.<\/p>\n<p>3. Patvarumas: Svirtiniai cilindrai tur\u0117t\u0173 b\u016bti pagaminti i\u0161 didelio stiprumo med\u017eiag\u0173, kad b\u016bt\u0173 u\u017etikrintas ilgaam\u017ei\u0161kumas ir atsparumas dilimui.<\/p>\n<p>4. Sauga: Svirtiniai cilindrai tur\u0117t\u0173 b\u016bti suprojektuoti su saugos funkcijomis, tokiomis kaip apsauginiai vo\u017etuvai, sl\u0117gio matuokliai ir kt., kad b\u016bt\u0173 i\u0161vengta nelaiming\u0173 atsitikim\u0173 eksploatacijos metu.<\/p>\n<p>5. Prie\u017ei\u016bra: Svirtiniai cilindrai tur\u0117t\u0173 b\u016bti suprojektuoti taip, kad juos b\u016bt\u0173 lengva pri\u017ei\u016br\u0117ti ir remontuoti, o komponentus \u2013 lengvai pakeisti.<\/p>\n<p>Sandarinimas ir tepimas<\/p>\n<p>Svirties cilindre naudojami \u012fvair\u016bs sandarinimo komponentai, tokie kaip st\u016bmokli\u0173 sandarikliai, stryp\u0173 sandarikliai ir kt., kad b\u016bt\u0173 i\u0161vengta hidraulinio skys\u010dio nuot\u0117kio. Sandarinimo komponentai pagaminti i\u0161 atspari\u0173 dilimui med\u017eiag\u0173, toki\u0173 kaip poliuretanas ir nitrilo kau\u010diukas. Cilindro vidinis ir i\u0161orinis pavir\u0161iai yra kruop\u0161\u010diai apdorojami, kad b\u016bt\u0173 padidintas atsparumas dilimui. B\u016btina reguliariai \u012fpilti atitinkam\u0105 kiek\u012f hidraulin\u0117s alyvos tepimui.<\/p>\n<p>Profilaktin\u0117 prie\u017ei\u016bra ir trik\u010di\u0173 \u0161alinimas<\/p>\n<p>Norint u\u017etikrinti patikim\u0105 svirties cilindro veikim\u0105, b\u016btina reguliariai tikrinti ir atlikti profilaktin\u012f aptarnavim\u0105. Da\u017enos problemos yra nuot\u0117kis, nepakankama galia, triuk\u0161mingas veikimas ir l\u0117tas jud\u0117jimas. Trik\u010di\u0173 \u0161alinim\u0105 galima atlikti patikrinant hidraulinio skys\u010dio lyg\u012f, sandariklius, vo\u017etuvus ir kt. Svarbu imtis prevencini\u0173 priemoni\u0173, kad b\u016bt\u0173 suma\u017eintos galimos problemos, pavyzd\u017eiui, reguliari prie\u017ei\u016bra, hidraulin\u0117s sistemos tikrinimas ir susid\u0117v\u0117jusi\u0173 dali\u0173 keitimas.<\/p>\n<p>Diegimo vadovas<\/p>\n<p>1. \u012esitikinkite, kad senas svirties cilindras yra saugiai nuimtas, o naujas svirties cilindras yra tinkamai sumontuotas.<\/p>\n<p>2. \u012estatykite svirties cilindr\u0105 \u012f tinkam\u0105 pad\u0117t\u012f ir prijunkite j\u012f prie hidraulin\u0117s sistemos.<\/p>\n<p>3. Tepimui u\u017etepkite reikiam\u0105 kiek\u012f hidraulin\u0117s alyvos.<\/p>\n<p>4. Atlikite bandom\u0105j\u012f paleidim\u0105 ir patikrinkite, ar n\u0117ra nuot\u0117ki\u0173, triuk\u0161mo ir kit\u0173 problem\u0173.<\/p>\n<p>Saugos aspektai ir aplinkos veiksniai<\/p>\n<p>Sauga yra svarbiausias prioritetas eksploatuojant mechanin\u0119 \u012frang\u0105, \u012fskaitant svirties cilindrus. Hidraulin\u0119 sistem\u0105 reikia reguliariai pri\u017ei\u016br\u0117ti ir tikrinti, kad b\u016bt\u0173 u\u017etikrintas saugumas. Siekiant i\u0161vengti nelaiming\u0173 atsitikim\u0173, turi b\u016bti \u012fdiegtos tinkamos saugos priemon\u0117s, pvz., apsauginiai skydai ir \u012fsp\u0117jamieji \u017eenklai. Aplinkos veiksniai, pvz., temperat\u016bra, dr\u0117gm\u0117 ir \u0117sdinan\u010dios med\u017eiagos, gali tur\u0117ti \u012ftakos svirties cilindro veikimui ir ilgaam\u017ei\u0161kumui. Cilindras tur\u0117t\u0173 b\u016bti suprojektuotas ir parinktas atsi\u017evelgiant \u012f konkre\u010di\u0105 darbo aplink\u0105.<\/p>\n<p>\u012emon\u0117s pristatymas<\/p>\n<p>Esame profesionalus pakaitini\u0173 hidraulini\u0173 cilindr\u0173 gamintojas, si\u016blantis plat\u0173 gamini\u0173 asortiment\u0105. Tapome vienu i\u0161 pirmaujan\u010di\u0173 hidraulini\u0173 cilindr\u0173 gamintoj\u0173 ir didmenini\u0173 platintoj\u0173 vidaus ir tarptautin\u0117se rinkose. Visada laikom\u0117s puikios kokyb\u0117s principo, remdamiesi industrializuota gamybos valdymo strategija, sukurtais puikios gamybos cechuose, nuolat tobulindami savo technin\u012f lyg\u012f ir gamybos efektyvum\u0105. \u012edieg\u0119 auk\u0161\u010diausios klas\u0117s skaitmenin\u0119 gamybos \u012frang\u0105 ir profesionalias bandym\u0173 sistemas, optimizuojame savo gamybos platform\u0105 ir tobuliname gamini\u0173 kokyb\u0117s kontrol\u0117s procesus, o tai sustiprina m\u016bs\u0173 stiprias inovacij\u0173 galimybes. M\u016bs\u0173 tikslas \u2013 patenkinti \u012fvairius klient\u0173 poreikius, taikant didelio efektyvumo, tikslumo ir auk\u0161tos kokyb\u0117s principus.<\/p>\n<p>M\u016bs\u0173 \u012fmon\u0117 teikia plat\u0173 profesionali\u0173 paslaug\u0173 spektr\u0105, \u012fskaitant tarptautin\u012f sertifikavim\u0105, individualiai pritaikytas paslaugas, gamybos \u012frang\u0105 ir garantin\u012f aptarnavim\u0105. Esame \u012fsipareigoj\u0119 savo klientams teikti geriausius produktus ir paslaugas.<\/p>\n<p>Autorius: lyl<\/p>","protected":false},"excerpt":{"rendered":"<p>Arm Cylinder for Liugong Small Excavator CLG906C Arm Cylinder is a specifically designed hydraulic cylinder that is used to provide linear motion and power to the arms of various types of machinery such as excavators, cranes, and mechanical arms. The arm cylinder plays a critical role in hydraulic systems, enabling attachments and accessories to move [&hellip;]<\/p>","protected":false},"featured_media":14777,"comment_status":"open","ping_status":"closed","template":"","meta":{"_et_pb_use_builder":"","_et_pb_old_content":"","_et_gb_content_width":""},"product_brand":[],"product_cat":[1497],"product_tag":[1498,1496],"class_list":{"0":"post-16499","1":"product","2":"type-product","3":"status-publish","4":"has-post-thumbnail","6":"product_cat-arm-cylinders","7":"product_tag-arm-cylinders","8":"product_tag-hydraulic-cylinders","10":"first","11":"instock","12":"shipping-taxable","13":"product-type-simple"},"amp_enabled":true,"_links":{"self":[{"href":"https:\/\/www.hydraulic-cylinders.net\/lt\/wp-json\/wp\/v2\/product\/16499","targetHints":{"allow":["GET"]}}],"collection":[{"href":"https:\/\/www.hydraulic-cylinders.net\/lt\/wp-json\/wp\/v2\/product"}],"about":[{"href":"https:\/\/www.hydraulic-cylinders.net\/lt\/wp-json\/wp\/v2\/types\/product"}],"replies":[{"embeddable":true,"href":"https:\/\/www.hydraulic-cylinders.net\/lt\/wp-json\/wp\/v2\/comments?post=16499"}],"wp:featuredmedia":[{"embeddable":true,"href":"https:\/\/www.hydraulic-cylinders.net\/lt\/wp-json\/wp\/v2\/media\/14777"}],"wp:attachment":[{"href":"https:\/\/www.hydraulic-cylinders.net\/lt\/wp-json\/wp\/v2\/media?parent=16499"}],"wp:term":[{"taxonomy":"product_brand","embeddable":true,"href":"https:\/\/www.hydraulic-cylinders.net\/lt\/wp-json\/wp\/v2\/product_brand?post=16499"},{"taxonomy":"product_cat","embeddable":true,"href":"https:\/\/www.hydraulic-cylinders.net\/lt\/wp-json\/wp\/v2\/product_cat?post=16499"},{"taxonomy":"product_tag","embeddable":true,"href":"https:\/\/www.hydraulic-cylinders.net\/lt\/wp-json\/wp\/v2\/product_tag?post=16499"}],"curies":[{"name":"wp","href":"https:\/\/api.w.org\/{rel}","templated":true}]}}