{"id":16500,"date":"2025-01-21T05:29:38","date_gmt":"2025-01-21T05:29:38","guid":{"rendered":"https:\/\/www.hydraulic-cylinders.net\/product\/arm-cylinder-for-liugong-small-excavator-clg9045d-907\/"},"modified":"2025-01-21T05:29:40","modified_gmt":"2025-01-21T05:29:40","slug":"arm-cylinder-for-liugong-small-excavator-clg9045d-907","status":"publish","type":"product","link":"https:\/\/www.hydraulic-cylinders.net\/lt\/produktas\/arm-cylinder-for-liugong-small-excavator-clg9045d-907\/","title":{"rendered":"Liugong ma\u017eo ekskavatoriaus CLG9045D\/907 rankenos cilindras"},"content":{"rendered":"<h1>Liugong ma\u017eo ekskavatoriaus CLG9045D\/907 rankenos cilindras<\/h1>\n<h2>\u012evadas<\/h2>\n<p>Svirties cilindras yra specialiai suprojektuotas hidraulinis cilindras, kuris pirmiausia naudojamas linijiniam judesiui ir galiai u\u017etikrinti \u012fvairi\u0173 ma\u0161in\u0173, toki\u0173 kaip ekskavatoriai, kranai ir mechanin\u0117s svirtys, svirt\u012f. Svirties cilindras atlieka labai svarb\u0173 vaidmen\u012f hidraulin\u0117se sistemose, nes leid\u017eia efektyviai jud\u0117ti ir valdyti priedus. \u0160ie cilindrai ne tik u\u017etikrina skland\u0173 jud\u0117jim\u0105, bet ir atlaiko dideles apkrovas, u\u017etikrindami efektyv\u0173 ma\u0161in\u0173 veikim\u0105 ir patikimum\u0105 \u012fvairiomis eksploatavimo s\u0105lygomis.<\/p>\n<p><img decoding=\"async\" src=\"https:\/\/www.hydraulic-cylinders.net\/wp-content\/uploads\/2025\/01\/songte-company-2.webp\"><\/p>\n<h2>Savyb\u0117s<\/h2>\n<ul>\n<li>\n<h3>Efektyvus energijos perdavimas:<\/h3>\n<p> Svirties cilindras u\u017etikrina galing\u0105 tiesin\u012f judes\u012f ir j\u0117g\u0105, u\u017etikrindamas auk\u0161t\u0105 mechanin\u0117s svirties efektyvum\u0105 atliekant \u012fvairias operacijas.<\/li>\n<li>\n<h3>Tikslus valdymas:<\/h3>\n<p> Hidraulin\u0117s sistemos d\u0117ka svirties cilindras gali tiksliai valdyti judes\u012f, tod\u0117l pried\u0173 valdymas tampa lankstesnis ir tikslesnis.<\/li>\n<li>\n<h3>Stiprus patvarumas:<\/h3>\n<p> Svirties cilindras paprastai pagamintas i\u0161 didelio stiprumo med\u017eiag\u0173, pasi\u017eymi geru atsparumu dilimui ir korozijai, tod\u0117l tinka ilgalaikiam naudojimui at\u0161iauriomis s\u0105lygomis.<\/li>\n<li>\n<h3>Daugiafunkcinis prisitaikymas:<\/h3>\n<p> \u0160ie cilindrai gali b\u016bti pla\u010diai naudojami \u012fvairiuose mechaniniuose \u012frenginiuose, tokiuose kaip ekskavatoriai, kranai ir mechanin\u0117s rankenos, ir gali prisitaikyti prie skirting\u0173 darbo poreiki\u0173.<\/li>\n<li>\n<h3>Lengva prie\u017ei\u016bra:<\/h3>\n<p> Sukurta atsi\u017evelgiant \u012f paprast\u0105 prie\u017ei\u016br\u0105 ir keitim\u0105, reguliari ap\u017ei\u016bra ir prie\u017ei\u016bra tampa patogesni, tod\u0117l sutrump\u0117ja \u012frangos prastova.<\/li>\n<\/ul>\n<p><img decoding=\"async\" src=\"https:\/\/www.hydraulic-cylinders.net\/wp-content\/uploads\/2025\/01\/songte-oil-pipes-and-spare-parts.webp\"><\/p>\n<h2>Parai\u0161kos<\/h2>\n<p>Svirtinis cilindras pla\u010diai naudojamas \u012fvairiose pramon\u0117s \u0161akose, \u012fskaitant:<\/p>\n<ul>\n<li>\n<h3>Statybos in\u017einerija:<\/h3>\n<p> Ekskavatoriuose ir kranuose svirties cilindras naudojamas kau\u0161o arba str\u0117l\u0117s jud\u0117jimui valdyti atliekant \u017eem\u0117s darbus, med\u017eiag\u0173 tvarkym\u0105 ir konstrukcij\u0173 montavim\u0105.<\/li>\n<li>\n<h3>Gamyba:<\/h3>\n<p> Automatizuotose gamybos linijose svirties cilindras naudojamas mechanini\u0173 svir\u010di\u0173 jud\u0117jimui, pvz., surinkimui, suvirinimui ir tvarkymui, taip pagerinant gamybos efektyvum\u0105 ir tikslum\u0105.<\/li>\n<li>\n<h3>\u017dem\u0117s \u016bkio technika:<\/h3>\n<p> \u017dem\u0117s \u016bkio technikoje, pavyzd\u017eiui, derliaus nu\u0117mimo ir s\u0117jamosiose, svirties cilindras valdo valdymo svirties judesius, atlikdamas tokias u\u017eduotis kaip s\u0117ja, tr\u0119\u0161imas ir derliaus nu\u0117mimas.<\/li>\n<li>\n<h3>Kasyba:<\/h3>\n<p> Kasybos \u012frangoje svirties cilindras naudojamas r\u016bdos kasybos ir tvarkymo \u012frangos svirties jud\u0117jimui valdyti.<\/li>\n<li>\n<h3>Logistika ir transportas:<\/h3>\n<p> \u0160akiniuose krautuvuose ir krovini\u0173 krovimo robotuose svirties cilindras naudojamas \u0161aki\u0173 k\u0117limui ir jud\u0117jimui valdyti, taip u\u017etikrinant med\u017eiag\u0173 tvarkym\u0105 ir krovim\u0105.<\/li>\n<\/ul>\n<h2>Projektavimo aspektai ir atrankos kriterijai<\/h2>\n<p>Svirtinis cilindras yra suprojektuotas taip, kad pasi\u017eym\u0117t\u0173 tam tikromis savyb\u0117mis, tokiomis kaip laikomoji galia, sandarumas, ilgaam\u017ei\u0161kumas, saugumas ir prie\u017ei\u016bra, siekiant u\u017etikrinti cilindro veikim\u0105 ir patikimum\u0105. <\/p>\n<ul>\n<li>\n<h3>Keliamoji galia:<\/h3>\n<p> Svirties cilindras suprojektuotas taip, kad atlaikyt\u0173 dideles apkrovas ir perduot\u0173 galing\u0105 tiesin\u012f judes\u012f bei j\u0117g\u0105.<\/li>\n<li>\n<h3>Sandarinimas:<\/h3>\n<p> Siekiant u\u017etikrinti tinkam\u0105 sandarum\u0105 ir suma\u017einti skys\u010dio nuot\u0117k\u012f, naudojami \u012fvair\u016bs sandarikliai, pavyzd\u017eiui, st\u016bmokli\u0173 ir stryp\u0173 sandarikliai. Da\u017eniausiai naudojami sandarikliai, pagaminti i\u0161 atspari\u0173 dilimui med\u017eiag\u0173, toki\u0173 kaip poliuretanas ir nitrilo kau\u010diukas, o cilindro korpusas ir sriegio gal\u0173 pavir\u0161iai yra kruop\u0161\u010diai apdirbti, siekiant pagerinti atsparum\u0105 dilimui.<\/li>\n<li>\n<h3>Patvarumas:<\/h3>\n<p> Svirties cilindras pagamintas i\u0161 didelio stiprumo med\u017eiag\u0173, toki\u0173 kaip legiruotas plienas, kad b\u016bt\u0173 u\u017etikrintas ilgalaikis naudojimas at\u0161iauriomis eksploatavimo s\u0105lygomis.<\/li>\n<li>\n<h3>Saugumas:<\/h3>\n<p> Svirties cilindras turi saugos funkcijas, tokias kaip sl\u0117gio ma\u017einimo vo\u017etuvai, apsaugantys hidraulin\u0119 sistem\u0105 nuo per didelio sl\u0117gio.<\/li>\n<li>\n<h3>Prie\u017ei\u016bra:<\/h3>\n<p> Svirties cilindras suprojektuotas taip, kad j\u012f b\u016bt\u0173 lengva pri\u017ei\u016br\u0117ti ir pakeisti, taip sutrumpinant \u012frangos prastovas.<\/li>\n<\/ul>\n<p><img decoding=\"async\" src=\"https:\/\/www.hydraulic-cylinders.net\/wp-content\/uploads\/2025\/01\/songte-cylinder-head-with-all-kinds-excavator-models.webp\"><\/p>\n<h2>Sandarinimas ir tepimas<\/h2>\n<p>Svirtiniame cilindre naudojami \u012fvair\u016bs sandarikliai, pavyzd\u017eiui, st\u016bmoklio ir koto sandarikliai, siekiant u\u017etikrinti tinkam\u0105 sandarum\u0105 ir suma\u017einti skys\u010dio nuot\u0117k\u012f. Da\u017eniausiai naudojami sandarikliai, pagaminti i\u0161 atspari\u0173 dilimui med\u017eiag\u0173, toki\u0173 kaip poliuretanas ir nitrilo kau\u010diukas. Cilindro korpusas ir sriegio gal\u0173 pavir\u0161iai yra kruop\u0161\u010diai apdirbti, siekiant pagerinti atsparum\u0105 dilimui. Reguliariai \u012fpilant reikiam\u0105 kiek\u012f hidraulin\u0117s alyvos cilindrui sutepti, galima pailginti jo tarnavimo laik\u0105.<\/p>\n<h2>Reguliarios patikros ir prevencin\u0117s prie\u017ei\u016bros priemon\u0117s<\/h2>\n<p>Reguliari ap\u017ei\u016bra ir prevencin\u0117s prie\u017ei\u016bros priemon\u0117s gali pad\u0117ti i\u0161laikyti svirties cilindro veikim\u0105 ir patikimum\u0105. Reik\u0117t\u0173 imtis \u0161i\u0173 priemoni\u0173:<\/p>\n<ul>\n<li>\n<h3>Reguliariai tikrinkite sandariklius:<\/h3>\n<p> Patikrinkite, ar sandarikliai n\u0117ra susid\u0117v\u0117j\u0119 ar pa\u017eeisti. Jei yra koki\u0173 nors pa\u017eeidim\u0173, laiku juos pakeiskite.<\/li>\n<li>\n<h3>Patikrinkite cilindro korpus\u0105 ir st\u016bmoklio kot\u0105:<\/h3>\n<p> Patikrinkite, ar cilindro korpusas ir st\u016bmoklio kotas n\u0117ra susid\u0117v\u0117j\u0119 ar pa\u017eeisti. Jei reikia, laiku juos pakeiskite.<\/li>\n<li>\n<h3>Reguliariai valykite cilindr\u0105:<\/h3>\n<p> Pa\u0161alinkite ne\u0161varumus ir \u0161iuk\u0161les i\u0161 cilindro, kad nepa\u017eeistum\u0117te sandarikli\u0173 ir kit\u0173 komponent\u0173.<\/li>\n<li>\n<h3>Reguliariai tikrinkite hidraulin\u0117s alyvos lyg\u012f:<\/h3>\n<p> Reguliariai tikrinkite hidraulin\u0117s alyvos lyg\u012f ir kokyb\u0119 ir prireikus \u012fpilkite arba pakeiskite alyv\u0105.<\/li>\n<\/ul>\n<p><img decoding=\"async\" src=\"https:\/\/www.hydraulic-cylinders.net\/wp-content\/uploads\/2025\/01\/songte-chushion-collar.webp\"><\/p>\n<h2>Produkto diegimo vadovas<\/h2>\n<p>Svirties cilindr\u0105 tur\u0117t\u0173 sumontuoti profesionalus ir patyr\u0119s technikas. Reikia atlikti \u0161iuos veiksmus:<\/p>\n<ol>\n<li>\n<h3>Paruo\u0161kite diegimo viet\u0105:<\/h3>\n<p> I\u0161valykite montavimo viet\u0105 ir \u012fsitikinkite, kad yra pakankamai vietos cilindrui sumontuoti.<\/li>\n<li>\n<h3>Paruo\u0161kite cilindr\u0105:<\/h3>\n<p> Nuimkite kai\u0161\u010dius ir patikrinkite, ar cilindre n\u0117ra pa\u017eeidim\u0173 ar defekt\u0173.<\/li>\n<li>\n<h3>\u012ediekite cilindr\u0105:<\/h3>\n<p> Cilindrui sumontuoti ir hidraulin\u0117ms linijoms prijungti naudokite tinkamus \u012frankius ir \u012frang\u0105.<\/li>\n<li>\n<h3>I\u0161bandykite cilindr\u0105:<\/h3>\n<p> Patikrinkite cilindr\u0105, kad \u012fsitikintum\u0117te, jog jis veikia tinkamai.<\/li>\n<\/ol>\n<p><img decoding=\"async\" src=\"https:\/\/www.hydraulic-cylinders.net\/wp-content\/uploads\/2025\/01\/songte-bushings-with-all-kinds-of-excavator-models.webp\"><\/p>\n<h2>Saugos aspektai ir aplinkos veiksniai<\/h2>\n<p>Naudojant svirtin\u012f cilindr\u0105, svarbu laikytis saugos taisykli\u0173 ir nurodym\u0173, kad b\u016bt\u0173 i\u0161vengta nelaiming\u0173 atsitikim\u0173. Dirbant su cilindru, reikia imtis saugos priemoni\u0173, pavyzd\u017eiui, d\u0117v\u0117ti apsauginius drabu\u017eius ir naudoti \u012fsp\u0117jamuosius \u017eenklus. Aplinkos veiksniai, tokie kaip temperat\u016bra, dr\u0117gm\u0117 ir \u0117sdinan\u010dios med\u017eiagos, gali tur\u0117ti \u012ftakos cilindro veikimui ir tarnavimo laikui, tod\u0117l svarbu cilindr\u0105 laikyti ir naudoti tinkamomis s\u0105lygomis.<\/p>\n<h2>Trik\u010di\u0173 \u0161alinimas ir da\u017eniausios problemos<\/h2>\n<p>Da\u017eniausios svirties cilindro problemos yra alyvos nuot\u0117kis, ne\u012fprastas triuk\u0161mas ir cilindro poslinkis. Alyvos nuot\u0117k\u012f gali sukelti susid\u0117v\u0117j\u0119 arba pa\u017eeisti sandarikliai, netinkamas montavimas ar kitos problemos. Ne\u012fprast\u0105 triuk\u0161m\u0105 gali sukelti atsilaisvinusios jungtys, pa\u017eeisti komponentai ar kitos problemos. Cilindro poslink\u012f gali sukelti susid\u0117v\u0117j\u0119 arba pa\u017eeisti sandarikliai, nepakankamas hidraulinis sl\u0117gis ar kitos problemos. Nor\u0117dami diagnozuoti ir i\u0161spr\u0119sti \u0161ias problemas, \u017er. naudotojo vadov\u0105 arba kreipkit\u0117s \u012f profesional\u0173 technik\u0105.<\/p>\n<h2>\u012emon\u0117s pristatymas<\/h2>\n<p>Esame profesionalus pakaitini\u0173 hidraulini\u0173 cilindr\u0173 gamintojas, si\u016blantis plat\u0173 gamini\u0173 asortiment\u0105, ir tapome vienu i\u0161 pirmaujan\u010di\u0173 hidraulini\u0173 cilindr\u0173 gamintoj\u0173 ir didmenini\u0173 platintoj\u0173 vidaus ir tarptautin\u0117se rinkose. Visada laikom\u0117s kokyb\u0117s puikumo principo, remdamiesi patobulint\u0173 gamybos dirbtuvi\u0173 pramonin\u0117s gamybos valdymo strategija, kad nuolat tobulintume savo technin\u012f lyg\u012f ir gamybos efektyvum\u0105. \u012ediegdami auk\u0161\u010diausios klas\u0117s skaitmenin\u0119 gamybos \u012frang\u0105 ir profesionalias bandym\u0173 sistemas, nuolat optimizuojame gamybos platform\u0105 ir tobuliname gamini\u0173 kokyb\u0117s kontrol\u0117s proces\u0105, pasitelkdami stiprias inovacines galimybes. M\u016bs\u0173 tikslas \u2013 patenkinti \u012fvairius klient\u0173 poreikius, u\u017etikrinant auk\u0161t\u0105 efektyvum\u0105, tikslum\u0105 ir kokyb\u0119.<\/p>\n<p>M\u016bs\u0173 \u012fmon\u0117 si\u016blo profesionalias paslaugas, tarptautin\u012f sertifikavim\u0105, individualiai pritaikytas paslaugas, pa\u017eangi\u0105 gamybos \u012frang\u0105 ir puik\u0173 aptarnavim\u0105 po pardavimo. <\/p>\n<p><img decoding=\"async\" src=\"https:\/\/www.hydraulic-cylinders.net\/wp-content\/uploads\/2025\/01\/songte-company-4.webp\"><br \/>\n<img decoding=\"async\" src=\"https:\/\/www.hydraulic-cylinders.net\/wp-content\/uploads\/2025\/01\/songte-company-3.webp\"><\/p>\n<p>Autorius: lyl<\/p>","protected":false},"excerpt":{"rendered":"<p>Arm Cylinder For Liugong Small Excavator CLG9045D\/907 Introduction The Arm Cylinder is a specially designed hydraulic cylinder that is primarily used to provide linear motion and power to the arm of various machinery such as excavators, cranes and mechanical arms. The Arm Cylinder plays a critical role in hydraulic systems, enabling attachments to move and [&hellip;]<\/p>","protected":false},"featured_media":14774,"comment_status":"open","ping_status":"closed","template":"","meta":{"_et_pb_use_builder":"","_et_pb_old_content":"","_et_gb_content_width":""},"product_brand":[],"product_cat":[1497],"product_tag":[1498,1496],"class_list":{"0":"post-16500","1":"product","2":"type-product","3":"status-publish","4":"has-post-thumbnail","6":"product_cat-arm-cylinders","7":"product_tag-arm-cylinders","8":"product_tag-hydraulic-cylinders","10":"first","11":"instock","12":"shipping-taxable","13":"product-type-simple"},"amp_enabled":true,"_links":{"self":[{"href":"https:\/\/www.hydraulic-cylinders.net\/lt\/wp-json\/wp\/v2\/product\/16500","targetHints":{"allow":["GET"]}}],"collection":[{"href":"https:\/\/www.hydraulic-cylinders.net\/lt\/wp-json\/wp\/v2\/product"}],"about":[{"href":"https:\/\/www.hydraulic-cylinders.net\/lt\/wp-json\/wp\/v2\/types\/product"}],"replies":[{"embeddable":true,"href":"https:\/\/www.hydraulic-cylinders.net\/lt\/wp-json\/wp\/v2\/comments?post=16500"}],"wp:featuredmedia":[{"embeddable":true,"href":"https:\/\/www.hydraulic-cylinders.net\/lt\/wp-json\/wp\/v2\/media\/14774"}],"wp:attachment":[{"href":"https:\/\/www.hydraulic-cylinders.net\/lt\/wp-json\/wp\/v2\/media?parent=16500"}],"wp:term":[{"taxonomy":"product_brand","embeddable":true,"href":"https:\/\/www.hydraulic-cylinders.net\/lt\/wp-json\/wp\/v2\/product_brand?post=16500"},{"taxonomy":"product_cat","embeddable":true,"href":"https:\/\/www.hydraulic-cylinders.net\/lt\/wp-json\/wp\/v2\/product_cat?post=16500"},{"taxonomy":"product_tag","embeddable":true,"href":"https:\/\/www.hydraulic-cylinders.net\/lt\/wp-json\/wp\/v2\/product_tag?post=16500"}],"curies":[{"name":"wp","href":"https:\/\/api.w.org\/{rel}","templated":true}]}}