{"id":16504,"date":"2025-01-21T05:29:53","date_gmt":"2025-01-21T05:29:53","guid":{"rendered":"https:\/\/www.hydraulic-cylinders.net\/product\/arm-cylinder-for-liugong-middle-excavator-clg205\/"},"modified":"2025-01-21T05:29:55","modified_gmt":"2025-01-21T05:29:55","slug":"arm-cylinder-for-liugong-middle-excavator-clg205","status":"publish","type":"product","link":"https:\/\/www.hydraulic-cylinders.net\/lt\/produktas\/arm-cylinder-for-liugong-middle-excavator-clg205\/","title":{"rendered":"Liugongo vidutinio ekskavatoriaus CLG205 rankenos cilindras"},"content":{"rendered":"<h1>Liugongo vidutinio ekskavatoriaus CLG205 rankenos cilindras<\/h1>\n<h2>\u012evadas<\/h2>\n<p>Svirties cilindras, dar \u017einomas kaip hidraulinis cilindras, yra specializuotas hidraulinis cilindras, daugiausia naudojamas linijiniam jud\u0117jimui ir galiai u\u017etikrinti \u012fvairi\u0173 tip\u0173 mechanin\u0117ms svirtims, tokioms kaip ekskavatoriai, kranai ir robotin\u0117s svirtys. Svirties cilindras atlieka labai svarb\u0173 vaidmen\u012f hidraulin\u0117je sistemoje, leisdamas pritvirtintiems \u012frankiams ar priedams jud\u0117ti ir b\u016bti efektyviai valdomiems. \u0160ie cilindrai ne tik u\u017etikrina skland\u0173 jud\u0117jim\u0105, bet ir atlaiko dideles apkrovas, u\u017etikrindami efektyv\u0173 mechanizm\u0173 veikim\u0105 ir patikimum\u0105 \u012fvairiomis eksploatavimo s\u0105lygomis.<\/p>\n<p><img decoding=\"async\" src=\"https:\/\/www.hydraulic-cylinders.net\/wp-content\/uploads\/2025\/01\/songte-company-2.webp\" alt=\"Svirties cilindro vaizdas\"><\/p>\n<h2>Savyb\u0117s<\/h2>\n<ul>\n<li>Efektyvus galios perdavimas: Svirties cilindras u\u017etikrina galing\u0105 tiesin\u012f judes\u012f ir j\u0117g\u0105, u\u017etikrindamas didel\u012f mechanin\u0117s svirties na\u0161um\u0105 atliekant \u012fvairias operacijas.<\/li>\n<li>Tikslus valdymas: Hidraulin\u0117s sistemos d\u0117ka rankos cilindras gali tiksliai valdyti judes\u012f, tod\u0117l pritvirtint\u0173 \u012franki\u0173 valdymas tampa lankstesnis ir tikslesnis.<\/li>\n<li>Didelis patvarumas: Svirtiniai cilindrai paprastai gaminami i\u0161 didelio stiprumo med\u017eiag\u0173, kurios pasi\u017eymi geru atsparumu dilimui ir korozijai, tod\u0117l tinka ilgalaikiam naudojimui at\u0161iauriomis s\u0105lygomis.<\/li>\n<li>Daugiafunkcis pritaikomumas: \u0160ie cilindrai gali b\u016bti pla\u010diai naudojami \u012fvairiuose mechaniniuose \u012frenginiuose, tokiuose kaip ekskavatoriai, kranai ir robotin\u0117s rankos, kad b\u016bt\u0173 pritaikyti skirtingiems darbo reikalavimams.<\/li>\n<li>Lengva prie\u017ei\u016bra: sukurta taip, kad b\u016bt\u0173 lengva pri\u017ei\u016br\u0117ti ir keisti, tod\u0117l reguliari ap\u017ei\u016bra ir prie\u017ei\u016bra yra patogesn\u0117, o \u012frangos prastovos laikas sutrump\u0117ja.<\/li>\n<\/ul>\n<p><img decoding=\"async\" src=\"https:\/\/www.hydraulic-cylinders.net\/wp-content\/uploads\/2025\/01\/songte-oil-pipes-and-spare-parts.webp\" alt=\"Svirties cilindro atsargini\u0173 dali\u0173 vaizdas\"><\/p>\n<h2>Parai\u0161kos<\/h2>\n<p>Svirtinis cilindras turi plat\u0173 pritaikymo spektr\u0105:<\/p>\n<ul>\n<li>Statybos in\u017einerija: Ekskavatoriuose ir kranuose svirties cilindras naudojamas kau\u0161o arba str\u0117l\u0117s jud\u0117jimui valdyti, atliekant \u017eem\u0117s kasimo, med\u017eiag\u0173 tvarkymo ir konstrukcij\u0173 montavimo u\u017eduotis.<\/li>\n<li>Gamybos pramon\u0117: Automatizuotose gamybos linijose rankos cilindras naudojamas robotin\u0117ms rankoms judinti, atliekant surinkimo, suvirinimo ir tvarkymo procesus, taip gerinant gamybos efektyvum\u0105 ir tikslum\u0105.<\/li>\n<li>\u017dem\u0117s \u016bkio technika: \u017dem\u0117s \u016bkio technikoje, pavyzd\u017eiui, derliaus nu\u0117mimo ir s\u0117jamosiose, svirties cilindras valdo valdymo svirties judes\u012f, atlikdamas tokias u\u017eduotis kaip s\u0117ja, tr\u0119\u0161imas ir derliaus nu\u0117mimas.<\/li>\n<li>Kasyba: Kasybos \u012frangoje svirties cilindras naudojamas kasybos \u012frangos svirties jud\u0117jimui valdyti, atliekant kasybos ir transportavimo u\u017eduotis.<\/li>\n<li>Logistika ir transportavimas: \u0160akiniuose krautuvuose ir tvarkymo robotuose rankos cilindras naudojamas \u0161aki\u0173 k\u0117limui ir jud\u0117jimui valdyti, u\u017etikrinant med\u017eiag\u0173 tvarkym\u0105 ir krovim\u0105.<\/li>\n<\/ul>\n<h2>Projektavimo aspektai ir atrankos kriterijai<\/h2>\n<p>Projektuojant ir renkantis cilindro formos ranken\u0105, reikia atsi\u017evelgti \u012f \u0161iuos veiksnius:<\/p>\n<ul>\n<li>Keliamoji galia: Svirties cilindro keliamoji galia turi atitikti mechanizmo reikalavimus.<\/li>\n<li>Sandarinimas: Svirties cilindre tur\u0117t\u0173 b\u016bti naudojami \u012fvair\u016bs sandarikliai, tokie kaip st\u016bmoklio sandarikliai ir strypo sandarikliai, pagaminti i\u0161 atspari\u0173 dilimui med\u017eiag\u0173, toki\u0173 kaip poliuretanas ir nitrilo kau\u010diukas.<\/li>\n<li>Patvarumas: Cilindro korpusas ir srieginis galinis pavir\u0161ius turi b\u016bti kruop\u0161\u010diai apdirbti, kad b\u016bt\u0173 padidintas atsparumas dilimui.<\/li>\n<li>Sauga: Cilindras turi b\u016bti suprojektuotas su saugos funkcijomis, kad b\u016bt\u0173 i\u0161vengta nelaiming\u0173 atsitikim\u0173 eksploatacijos metu.<\/li>\n<li>Prie\u017ei\u016bra: Cilindras turi b\u016bti suprojektuotas taip, kad j\u012f b\u016bt\u0173 lengva pri\u017ei\u016br\u0117ti, patikrinti ir pakeisti komponentus.<\/li>\n<\/ul>\n<p><img decoding=\"async\" src=\"https:\/\/www.hydraulic-cylinders.net\/wp-content\/uploads\/2025\/01\/songte-cylinder-head-with-all-kinds-excavator-models.webp\" alt=\"Svirties cilindro galvut\u0117s vaizdas\"><\/p>\n<h2>Sandarinimas ir tepimas<\/h2>\n<p>Svirties cilindre tur\u0117t\u0173 b\u016bti naudojami \u012fvair\u016bs sandarikliai, tokie kaip st\u016bmoklio ir koto sandarikliai, pagaminti i\u0161 atspari\u0173 dilimui med\u017eiag\u0173, toki\u0173 kaip poliuretanas ir nitrilo kau\u010diukas. Cilindro korpusas ir srieginis galinis pavir\u0161ius tur\u0117t\u0173 b\u016bti kruop\u0161\u010diai apdirbti, kad padid\u0117t\u0173 atsparumas dilimui. Cilindrui sutepti reikia reguliariai \u012fpilti tinkam\u0105 kiek\u012f hidraulin\u0117s alyvos, kad pailg\u0117t\u0173 jo tarnavimo laikas.<\/p>\n<h2>Prie\u017ei\u016bra ir atsargumo priemon\u0117s<\/h2>\n<p>Norint u\u017etikrinti normal\u0173 svirties cilindro veikim\u0105, b\u016btini reguliar\u016bs patikrinimai ir profilaktin\u0117 prie\u017ei\u016bra. Reik\u0117t\u0173 imtis \u0161i\u0173 priemoni\u0173:<\/p>\n<ul>\n<li>Reguliariai tikrinkite cilindr\u0105, ar n\u0117ra nuot\u0117ki\u0173 ir pa\u017eeidim\u0173.<\/li>\n<li>Reguliariai valykite cilindr\u0105 ir keiskite sandariklius, kad u\u017etikrintum\u0117te tinkam\u0105 sandarum\u0105.<\/li>\n<li>\u012esitikinkite, kad hidraulin\u0117s alyvos lygis ir kokyb\u0117 yra tinkami.<\/li>\n<\/ul>\n<p><img decoding=\"async\" src=\"https:\/\/www.hydraulic-cylinders.net\/wp-content\/uploads\/2025\/01\/songte-chushion-collar.webp\" alt=\"Rankos cilindro pagalv\u0117l\u0117s apykakl\u0117s vaizdas\"><\/p>\n<h2>Diegimo vadovas<\/h2>\n<p>Cilindro svirtis turi b\u016bti sumontuota tokia tvarka:<\/p>\n<ol>\n<li>\u012esitikinkite, kad montavimo vieta yra \u0161vari ir be joki\u0173 \u0161iuk\u0161li\u0173, kurios gal\u0117t\u0173 pa\u017eeisti cilindr\u0105.<\/li>\n<li>\u012estatykite cilindr\u0105 \u012f tinkam\u0105 pad\u0117t\u012f pagal \u012frangos specifikacijas.<\/li>\n<li>\u012esitikinkite, kad visi sandarikliai ir jungtys yra tinkamai sumontuoti ir priver\u017eti.<\/li>\n<li>Pripildykite cilindr\u0105 reikiamu kiekiu hidraulin\u0117s alyvos.<\/li>\n<li>\u012edieg\u0119 cilindr\u0105, patikrinkite jo veikim\u0105, kad \u012fsitikintum\u0117te, jog jis veikia tinkamai.<\/li>\n<\/ol>\n<h2>Saugos aspektai ir aplinkos veiksniai<\/h2>\n<p>Naudodami rankenos cilindr\u0105, visada laikykit\u0117s saugos proced\u016br\u0173, kad i\u0161vengtum\u0117te nelaiming\u0173 atsitikim\u0173. Taip pat reik\u0117t\u0173 atsi\u017evelgti \u012f aplink\u0105 ir tinkamai pri\u017ei\u016br\u0117ti cilindr\u0105, kad suma\u017eintum\u0117te tar\u0161\u0105 ir atliekas.<\/p>\n<h2>Trik\u010di\u0173 \u0161alinimas ir da\u017eniausios problemos<\/h2>\n<p>Da\u017eniausios problemos, galin\u010dios kilti su svirties cilindru, yra nuot\u0117kiai, sandarikli\u0173 pa\u017eeidimai ir netinkamas veikimas. \u0160ios priemon\u0117s gali pad\u0117ti diagnozuoti ir i\u0161spr\u0119sti \u0161ias problemas:<\/p>\n<ul>\n<li>Patikrinkite, ar n\u0117ra nuot\u0117ki\u0173, ir pakeiskite pa\u017eeistus sandariklius.<\/li>\n<li>\u012esitikinkite, kad cilindras yra tinkamai sumontuotas ir naudojamas pagal \u012frangos specifikacijas.<\/li>\n<\/ul>\n<p><img decoding=\"async\" src=\"https:\/\/www.hydraulic-cylinders.net\/wp-content\/uploads\/2025\/01\/songte-bushings-with-all-kinds-of-excavator-models.webp\" alt=\"Svirties cilindro \u012fvori\u0173 vaizdas\"><\/p>\n<h2>Apie mus<\/h2>\n<p>Esame profesionalus pakaitini\u0173 hidraulini\u0173 cilindr\u0173 gamintojas, si\u016blantis plat\u0173 gamini\u0173 asortiment\u0105. Tapome vienu i\u0161 pirmaujan\u010di\u0173 hidraulini\u0173 cilindr\u0173 gamintoj\u0173 ir didmenini\u0173 platintoj\u0173 vidaus ir tarptautin\u0117se rinkose. Visada laikom\u0117s puikios kokyb\u0117s principo, remiam\u0117s industrializuoto gamybos valdymo strategijomis puikiose gamybos dirbtuv\u0117se ir nuolat tobuliname savo technin\u012f lyg\u012f bei gamybos efektyvum\u0105. \u012ediegdami auk\u0161\u010diausios klas\u0117s skaitmenin\u0119 gamybos \u012frang\u0105 ir profesionalias testavimo sistemas, nuolat optimizuojame gamybos platform\u0105, tobuliname gamini\u0173 kokyb\u0117s kontrol\u0117s proces\u0105 ir turime stiprias inovacij\u0173 galimybes. M\u016bs\u0173 tikslas \u2013 patenkinti \u012fvairius klient\u0173 poreikius, taikant auk\u0161t\u0105 efektyvum\u0105, tikslum\u0105 ir auk\u0161tos kokyb\u0117s principus.<\/p>\n<p><img decoding=\"async\" src=\"https:\/\/www.hydraulic-cylinders.net\/wp-content\/uploads\/2025\/01\/songte-company-4.webp\" alt=\"\u012emon\u0117s \u012fvaizdis\"><br \/>\n<img decoding=\"async\" src=\"https:\/\/www.hydraulic-cylinders.net\/wp-content\/uploads\/2025\/01\/songte-company-3.webp\" alt=\"\u012emon\u0117s \u012fvaizdis\"><\/p>\n<p>M\u016bs\u0173 \u012fmon\u0117 yra \u017einoma d\u0117l savo:<\/p>\n<ul>\n<li>Profesionalumas: Turime patyrusi\u0173 specialist\u0173 komand\u0105, \u012fsipareigojusi\u0105 klientams teikti auk\u0161tos kokyb\u0117s produktus ir paslaugas.<\/li>\n<li>Tarptautiniai sertifikatai: M\u016bs\u0173 gaminiai yra i\u0161laik\u0119 \u012fvairius tarptautinius sertifikatus, u\u017etikrinan\u010dius j\u0173 kokyb\u0119 ir patikimum\u0105.<\/li>\n<li>Individualaus pritaikymo paslaugos: Mes teikiame klientams individualiai pritaikytas paslaugas, kad patenkintume j\u0173 unikalius poreikius.<\/li>\n<li>Gamybos \u012franga: Mes naudojame pa\u017eangi\u0105 skaitmenin\u0119 gamybos \u012frang\u0105, kad u\u017etikrintume gamini\u0173 kokyb\u0119 ir tikslum\u0105.<\/li>\n<li>Aptarnavimas po pardavimo: Mes teikiame klientams i\u0161samias aptarnavimo po pardavimo paslaugas, kad u\u017etikrintume j\u0173 pasitenkinim\u0105.<\/li>\n<\/ul>\n<p>Autorius: lyl<\/p>","protected":false},"excerpt":{"rendered":"<p>Arm Cylinder For Liugong Middle Excavator CLG205 Introduction The arm cylinder, also known as a hydraulic cylinder, is a specialized hydraulic cylinder that is mainly used to provide linear motion and power for various types of mechanical arms, such as excavators, cranes, and robotic arms. The arm cylinder plays a crucial role in the hydraulic [&hellip;]<\/p>","protected":false},"featured_media":14763,"comment_status":"open","ping_status":"closed","template":"","meta":{"_et_pb_use_builder":"","_et_pb_old_content":"","_et_gb_content_width":""},"product_brand":[],"product_cat":[1497],"product_tag":[1498,1496],"class_list":{"0":"post-16504","1":"product","2":"type-product","3":"status-publish","4":"has-post-thumbnail","6":"product_cat-arm-cylinders","7":"product_tag-arm-cylinders","8":"product_tag-hydraulic-cylinders","10":"first","11":"instock","12":"shipping-taxable","13":"product-type-simple"},"amp_enabled":true,"_links":{"self":[{"href":"https:\/\/www.hydraulic-cylinders.net\/lt\/wp-json\/wp\/v2\/product\/16504","targetHints":{"allow":["GET"]}}],"collection":[{"href":"https:\/\/www.hydraulic-cylinders.net\/lt\/wp-json\/wp\/v2\/product"}],"about":[{"href":"https:\/\/www.hydraulic-cylinders.net\/lt\/wp-json\/wp\/v2\/types\/product"}],"replies":[{"embeddable":true,"href":"https:\/\/www.hydraulic-cylinders.net\/lt\/wp-json\/wp\/v2\/comments?post=16504"}],"wp:featuredmedia":[{"embeddable":true,"href":"https:\/\/www.hydraulic-cylinders.net\/lt\/wp-json\/wp\/v2\/media\/14763"}],"wp:attachment":[{"href":"https:\/\/www.hydraulic-cylinders.net\/lt\/wp-json\/wp\/v2\/media?parent=16504"}],"wp:term":[{"taxonomy":"product_brand","embeddable":true,"href":"https:\/\/www.hydraulic-cylinders.net\/lt\/wp-json\/wp\/v2\/product_brand?post=16504"},{"taxonomy":"product_cat","embeddable":true,"href":"https:\/\/www.hydraulic-cylinders.net\/lt\/wp-json\/wp\/v2\/product_cat?post=16504"},{"taxonomy":"product_tag","embeddable":true,"href":"https:\/\/www.hydraulic-cylinders.net\/lt\/wp-json\/wp\/v2\/product_tag?post=16504"}],"curies":[{"name":"wp","href":"https:\/\/api.w.org\/{rel}","templated":true}]}}