{"id":16505,"date":"2025-01-21T05:29:57","date_gmt":"2025-01-21T05:29:57","guid":{"rendered":"https:\/\/www.hydraulic-cylinders.net\/product\/arm-cylinder-for-liugong-middle-excavator-clg225c\/"},"modified":"2025-01-21T05:30:14","modified_gmt":"2025-01-21T05:30:14","slug":"arm-cylinder-for-liugong-middle-excavator-clg225c","status":"publish","type":"product","link":"https:\/\/www.hydraulic-cylinders.net\/lt\/produktas\/arm-cylinder-for-liugong-middle-excavator-clg225c\/","title":{"rendered":"LiuGong vidutinio ekskavatoriaus CLG225C rankenos cilindras"},"content":{"rendered":"<p>LiuGong vidutinio ekskavatoriaus CLG225C rankenos cilindras <\/p>\n<p>\u012evadas<\/p>\n<p>Svirties cilindras yra specialiai suprojektuotas hidraulinis cilindras, kuris pirmiausia naudojamas linijiniam judesiui ir galiai u\u017etikrinti \u012fvairi\u0173 tip\u0173 ma\u0161in\u0173, toki\u0173 kaip ekskavatoriai, kranai ir mechanin\u0117s svirtys, svirtims. Svirties cilindras atlieka labai svarb\u0173 vaidmen\u012f hidraulin\u0117se sistemose, nes leid\u017eia pritvirtintiems \u012frankiams ar priedams jud\u0117ti ir b\u016bti efektyviai valdomiems. \u0160ie cilindrai ne tik u\u017etikrina skland\u0173 jud\u0117jim\u0105, bet ir atlaiko dideles apkrovas, u\u017etikrindami efektyv\u0173 ma\u0161in\u0173 veikim\u0105 ir patikimum\u0105 \u012fvairiomis eksploatavimo s\u0105lygomis.<\/p>\n<p>Apibr\u0117\u017eimas ir paai\u0161kinimas<\/p>\n<p>Svirties cilindras yra hidraulinio cilindro tipas, naudojamas \u012fvairi\u0173 tip\u0173 ma\u0161in\u0173, toki\u0173 kaip ekskavatoriai, kranai ir mechanin\u0117s svirtys, svirtims tiesi\u0161kai jud\u0117ti ir suteikti gali\u0105. Tai labai svarbus hidraulini\u0173 sistem\u0173 komponentas, leid\u017eiantis pritvirtintiems \u012frankiams ar priedams jud\u0117ti ir b\u016bti efektyviai valdomiems. \u0160ie cilindrai yra patvar\u016bs ir patikimi, u\u017etikrinantys skland\u0173 jud\u0117jim\u0105 ir atlaikantys dideles apkrovas.<\/p>\n<p><img decoding=\"async\" src=\"https:\/\/www.hydraulic-cylinders.net\/wp-content\/uploads\/2025\/01\/songte-company-2.webp\" alt=\"Svirties cilindras\" \/><\/p>\n<p>Savyb\u0117s<\/p>\n<p>Svirties cilindras turi kelet\u0105 savybi\u0173, d\u0117l kuri\u0173 jis yra esminis \u012fvairi\u0173 tip\u0173 ma\u0161in\u0173 komponentas. Kai kurios i\u0161 \u0161i\u0173 savybi\u0173:<\/p>\n<p>1. Didelio efektyvumo transmisija: Svirties cilindras u\u017etikrina galing\u0105 tiesin\u012f judes\u012f ir j\u0117g\u0105, u\u017etikrindamas efektyv\u0173 mechanin\u0117s svirties veikim\u0105 atliekant \u012fvairias operacijas.<\/p>\n<p>2. Tikslus valdymas: Hidraulini\u0173 sistem\u0173 d\u0117ka rankos cilindras gali tiksliai valdyti judes\u012f, tod\u0117l pritvirtint\u0173 \u012franki\u0173 valdymas tampa lankstesnis ir tikslesnis.<\/p>\n<p>3. Didelis patvarumas: Svirties cilindras paprastai pagamintas i\u0161 didelio stiprumo med\u017eiag\u0173 ir pasi\u017eymi geru atsparumu dilimui bei korozijai, tod\u0117l tinka ilgalaikiam naudojimui at\u0161iauriomis s\u0105lygomis.<\/p>\n<p>4. Daugiafunkcinis pritaikomumas: \u0160ie cilindrai gali b\u016bti pla\u010diai naudojami \u012fvairi\u0173 tip\u0173 ma\u0161inose, tokiose kaip ekskavatoriai, kranai ir mechanin\u0117s rankos, ir gali prisitaikyti prie skirting\u0173 darbo reikalavim\u0173.<\/p>\n<p>5. Lengva prie\u017ei\u016bra: Sukurtas taip, kad b\u016bt\u0173 lengva pri\u017ei\u016br\u0117ti ir keisti, rankos cilindras leid\u017eia patogiau reguliariai tikrinti ir pri\u017ei\u016br\u0117ti, taip suma\u017einant \u012frangos prastovas.<\/p>\n<p>Mes galime pagaminti \u0161\u012f produkt\u0105, o m\u016bs\u0173 produktai gali puikiai pakeisti \u0161iuos hidraulinius cilindrus.<\/p>\n<p><img decoding=\"async\" src=\"https:\/\/www.hydraulic-cylinders.net\/wp-content\/uploads\/2025\/01\/songte-oil-pipes-and-spare-parts.webp\" alt=\"Hidraulinis cilindras\" \/><\/p>\n<p>Parai\u0161kos<\/p>\n<p>Svirtinis cilindras turi \u012fvairi\u0173 pritaikym\u0173 skirtingose \u200b\u200bpramon\u0117s \u0161akose. Kai kurie i\u0161 \u0161i\u0173 pritaikym\u0173:<\/p>\n<p>1. Konstrukcija: Ekskavatoriuose ir kranuose peties cilindras naudojamas kau\u0161o arba str\u0117l\u0117s jud\u0117jimui valdyti atliekant \u017eem\u0117s darbus, med\u017eiag\u0173 tvarkym\u0105 ir konstrukcij\u0173 montavim\u0105.<\/p>\n<p>2. Gamyba: Automatizuotose gamybos linijose svirties cilindras naudojamas mechanin\u0117ms svirtims judinti surinkimo, suvirinimo ir tvarkymo procesuose, taip pagerinant gamybos efektyvum\u0105 ir tikslum\u0105.<\/p>\n<p>3. \u017dem\u0117s \u016bkio technika: \u017dem\u0117s \u016bkio technikoje, pavyzd\u017eiui, derliaus nu\u0117mimo ir sodinimo ma\u0161inose, svirties cilindras valdo valdymo svirties judes\u012f, atlikdamas tokias u\u017eduotis kaip s\u0117ja, tr\u0119\u0161imas ir derliaus nu\u0117mimas.<\/p>\n<p>4. Kasyba: Kasybos \u012frangoje rankos cilindras naudojamas kasybos \u012frangos rankos jud\u0117jimui valdyti, atliekant kasyb\u0105 ir mineral\u0173 transportavim\u0105.<\/p>\n<p>5. Logistika ir transportavimas: \u0160akiniuose krautuvuose ir tvarkymo robotuose rankos cilindras naudojamas \u0161ak\u0117s k\u0117limui ir jud\u0117jimui valdyti, u\u017etikrinant med\u017eiag\u0173 tvarkym\u0105 ir krovim\u0105.<\/p>\n<p>Projektavimo aspektai ir atrankos kriterijai<\/p>\n<p>Svirties cilindro konstrukcija yra labai svarbi jo veikimui ir ilgaam\u017ei\u0161kumui. Renkantis svirties cilindr\u0105, reikia atsi\u017evelgti \u012f kelis svarbius aspektus, \u012fskaitant:<\/p>\n<p>1. Guoli\u0173 geba: Svirties cilindras turi b\u016bti suprojektuotas taip, kad atlaikyt\u0173 maksimali\u0105 apkrov\u0105, su kuria jis susidurs eksploatacijos metu.<\/p>\n<p>2. Sandarinimas: Svirties cilindro sandarinimas turi b\u016bti kruop\u0161\u010diai suprojektuotas, kad b\u016bt\u0173 i\u0161vengta alyvos nuot\u0117kio ir u\u017etikrintas sklandus veikimas.<\/p>\n<p>3. Patvarumas: Svirties cilindras turi b\u016bti pagamintas i\u0161 didelio stiprumo med\u017eiag\u0173, kad atlaikyt\u0173 at\u0161iaurias eksploatavimo s\u0105lygas ir u\u017etikrint\u0173 ilgalaik\u012f patikimum\u0105.<\/p>\n<p>4. Sauga: Svirties cilindras turi b\u016bti suprojektuotas su saugos funkcijomis, kad b\u016bt\u0173 i\u0161vengta nelaiming\u0173 atsitikim\u0173 ir u\u017etikrintas saugus jo veikimas.<\/p>\n<p>5. Prie\u017ei\u016bra: Svirties cilindras turi b\u016bti suprojektuotas taip, kad j\u012f b\u016bt\u0173 lengva pri\u017ei\u016br\u0117ti ir remontuoti, taip suma\u017einant prastovas ir prie\u017ei\u016bros i\u0161laidas.<\/p>\n<p><img decoding=\"async\" src=\"https:\/\/www.hydraulic-cylinders.net\/wp-content\/uploads\/2025\/01\/songte-cylinder-head-with-all-kinds-excavator-models.webp\" alt=\"Svirties cilindro galvut\u0117\" \/><\/p>\n<p>Sandarinimas ir tepimas<\/p>\n<p>Svirtinis cilindras turi b\u016bti kruop\u0161\u010diai u\u017esandarintas, kad b\u016bt\u0173 i\u0161vengta alyvos nuot\u0117kio ir u\u017etikrintas sklandus jo veikimas. Svirtiniuose cilindruose naudojami \u012fvair\u016bs sandarinimo komponentai, tokie kaip st\u016bmokli\u0173 sandarikliai, stryp\u0173 sandarikliai ir apsauginiai \u017eiedai. \u0160ie komponentai paprastai gaminami i\u0161 toki\u0173 med\u017eiag\u0173 kaip poliuretanas ir nitrilo kau\u010diukas, kurios pasi\u017eymi puikiu atsparumu dilimui.<\/p>\n<p>Svirties cilindro korpusas ir srieginiai galai yra kruop\u0161\u010diai apdoroti, siekiant pagerinti j\u0173 atsparum\u0105 dilimui. Reguliariai \u012fpilant reikiam\u0105 kiek\u012f hidraulin\u0117s alyvos, galima pagerinti tepim\u0105 ir pailginti svirties cilindro tarnavimo laik\u0105.<\/p>\n<p>Prie\u017ei\u016bra ir prevencin\u0117s priemon\u0117s<\/p>\n<p>Reguliarus patikrinimas ir profilaktin\u0117 prie\u017ei\u016bra gali pad\u0117ti u\u017etikrinti skland\u0173 ir saug\u0173 svirties cilindro veikim\u0105. Kai kurios prevencin\u0117s priemon\u0117s:<\/p>\n<p>1. Patikrinkite, ar n\u0117ra alyvos nuot\u0117kio ir ar sandarinimo komponentai n\u0117ra susid\u0117v\u0117j\u0119.<\/p>\n<p>2. Patikrinkite cilindro korpus\u0105 ir srieginius galus, ar jie nesusid\u0117v\u0117j\u0119 ir nepa\u017eeisti.<\/p>\n<p>3. Laiku pakeiskite susid\u0117v\u0117jusius arba pa\u017eeistus komponentus.<\/p>\n<p>4. Reguliariai \u012fpilkite reikiam\u0105 kiek\u012f hidraulin\u0117s alyvos.<\/p>\n<p>Diegimo vadovas<\/p>\n<p>Teisingas svirties cilindro montavimas yra labai svarbus jo veikimui ir saugumui. Montuodami svirties cilindr\u0105, atlikite \u0161iuos veiksmus:<\/p>\n<p>1. \u012esitikinkite, kad tvirtinimo pavir\u0161ius yra \u0161varus, be atplai\u0161\u0173 ir defekt\u0173.<\/p>\n<p>2. Patikrinkite cilindro matmenis ir tvirtinimo angas, kad u\u017etikrintum\u0117te tinkam\u0105 sulygiavim\u0105.<\/p>\n<p>3. Sumontuokite cilindr\u0105 ir pritvirtinkite j\u012f tvirtinimo var\u017etais.<\/p>\n<p>4. Sumontuokite reikiamas hidraulines linijas ir jungiam\u0105sias detales.<\/p>\n<p>5. Patikrinkite cilindro veikim\u0105 ir ar n\u0117ra nuot\u0117ki\u0173.<\/p>\n<p><img decoding=\"async\" src=\"https:\/\/www.hydraulic-cylinders.net\/wp-content\/uploads\/2025\/01\/songte-bushings-with-all-kinds-of-excavator-models.webp\" alt=\"Svirties cilindro \u012fvor\u0117s\" \/><\/p>\n<p>Saugos aspektai ir aplinkos veiksniai<\/p>\n<p>Saugus svirties cilindro veikimas yra labai svarbus visos mechanizm\u0173 sistemos saugumui. Eksploatuojant mechanizm\u0105, labai svarbu laikytis saugos taisykli\u0173 ir u\u017etikrinti, kad svirties cilindras b\u016bt\u0173 reguliariai pri\u017ei\u016brimas ir tikrinamas.<\/p>\n<p>Taip pat svarbu atsi\u017evelgti \u012f aplinkos veiksnius, kuriuose veiks svirties cilindras. Ekstremali temperat\u016bra, dulk\u0117s ir korozin\u0117 aplinka gali tur\u0117ti \u012ftakos svirties cilindro veikimui ir tarnavimo laikui. Tinkamo svirties cilindro pasirinkimas aplinkai, kurioje jis bus naudojamas, yra labai svarbus jo ilgaam\u017ei\u0161kumui ir na\u0161umui.<\/p>\n<p>Gedim\u0173 diagnostika ir da\u017eniausios problemos<\/p>\n<p>Kaip ir bet kuris mechaninis komponentas, svirties cilindras eksploatacijos metu gali sugesti ir susidurti su problemomis. Kai kurios da\u017eniausios problemos:<\/p>\n<p>1. Alyvos nuot\u0117kis i\u0161 cilindro.<\/p>\n<p>2. Sandariklio pa\u017eeidimas.<\/p>\n<p>3. Strypo \u012fbr\u0117\u017eimai.<\/p>\n<p>4. St\u016bmoklio susid\u0117v\u0117jimas.<\/p>\n<p>5. I\u0161lenktas strypas.<\/p>\n<p>Norint diagnozuoti ir i\u0161spr\u0119sti \u0161ias problemas, svarbu gerai suprasti svirties cilindro konstrukcij\u0105 ir veikim\u0105. Reguliarus patikrinimas ir prie\u017ei\u016bra gali pad\u0117ti i\u0161vengti \u0161i\u0173 problem\u0173.<\/p>\n<p><img decoding=\"async\" src=\"https:\/\/www.hydraulic-cylinders.net\/wp-content\/uploads\/2025\/01\/songte-chushion-collar.webp\" alt=\"Rankos cilindro pagalv\u0117l\u0117s apykakl\u0117\" \/><\/p>\n<p>I\u0161vada<\/p>\n<p>Esame profesionalus pakaitini\u0173 hidraulini\u0173 cilindr\u0173 gamintojas, si\u016blantis plat\u0173 gamini\u0173 asortiment\u0105. Tapome vienu i\u0161 pirmaujan\u010di\u0173 hidraulini\u0173 cilindr\u0173 gamintoj\u0173 ir didmenini\u0173 platintoj\u0173 vidaus ir tarptautin\u0117se rinkose. Visada laikom\u0117s kokyb\u0117s puikumo principo, remdamiesi savo moderni\u0173 gamybos cech\u0173 industrializuota gamybos valdymo strategija, kad nuolat gerintume savo technin\u012f lyg\u012f ir gamybos efektyvum\u0105. \u012ediegdami auk\u0161\u010diausios klas\u0117s skaitmenin\u0119 gamybos \u012frang\u0105 ir profesionalias testavimo sistemas, nuolat optimizuojame savo gamybos platform\u0105, tobuliname gamini\u0173 kokyb\u0117s kontrol\u0117s proces\u0105 ir turime stiprias inovacij\u0173 galimybes. M\u016bs\u0173 tikslas \u2013 efektyviai, tiksliai ir kokybi\u0161kai patenkinti \u012fvairius klient\u0173 poreikius.<\/p>\n<p>Be kita ko, teikiame profesionalias paslaugas, tarptautinius sertifikatus, individualiai pritaikytas paslaugas, gamybos \u012frang\u0105 ir garantin\u012f aptarnavim\u0105. <\/p>\n<p><img decoding=\"async\" src=\"https:\/\/www.hydraulic-cylinders.net\/wp-content\/uploads\/2025\/01\/songte-company-4.webp\" alt=\"\u012emon\u0117s profilis\" \/><\/p>\n<p><img decoding=\"async\" src=\"https:\/\/www.hydraulic-cylinders.net\/wp-content\/uploads\/2025\/01\/songte-company-3.webp\" alt=\"\u012emon\u0117s profilis\" \/><\/p>\n<p>Autorius: lyl<\/p>","protected":false},"excerpt":{"rendered":"<p>Arm Cylinder For Liugong Middle Excavator CLG225C Introduction The arm cylinder is a specially designed hydraulic cylinder that is primarily used to provide linear motion and power to the arms of various types of machinery, such as excavators, cranes, and mechanical arms. The arm cylinder plays a crucial role in hydraulic systems, enabling attached tools [&hellip;]<\/p>","protected":false},"featured_media":14759,"comment_status":"open","ping_status":"closed","template":"","meta":{"_et_pb_use_builder":"","_et_pb_old_content":"","_et_gb_content_width":""},"product_brand":[],"product_cat":[1497],"product_tag":[1498,1496],"class_list":{"0":"post-16505","1":"product","2":"type-product","3":"status-publish","4":"has-post-thumbnail","6":"product_cat-arm-cylinders","7":"product_tag-arm-cylinders","8":"product_tag-hydraulic-cylinders","10":"first","11":"instock","12":"shipping-taxable","13":"product-type-simple"},"amp_enabled":true,"_links":{"self":[{"href":"https:\/\/www.hydraulic-cylinders.net\/lt\/wp-json\/wp\/v2\/product\/16505","targetHints":{"allow":["GET"]}}],"collection":[{"href":"https:\/\/www.hydraulic-cylinders.net\/lt\/wp-json\/wp\/v2\/product"}],"about":[{"href":"https:\/\/www.hydraulic-cylinders.net\/lt\/wp-json\/wp\/v2\/types\/product"}],"replies":[{"embeddable":true,"href":"https:\/\/www.hydraulic-cylinders.net\/lt\/wp-json\/wp\/v2\/comments?post=16505"}],"wp:featuredmedia":[{"embeddable":true,"href":"https:\/\/www.hydraulic-cylinders.net\/lt\/wp-json\/wp\/v2\/media\/14759"}],"wp:attachment":[{"href":"https:\/\/www.hydraulic-cylinders.net\/lt\/wp-json\/wp\/v2\/media?parent=16505"}],"wp:term":[{"taxonomy":"product_brand","embeddable":true,"href":"https:\/\/www.hydraulic-cylinders.net\/lt\/wp-json\/wp\/v2\/product_brand?post=16505"},{"taxonomy":"product_cat","embeddable":true,"href":"https:\/\/www.hydraulic-cylinders.net\/lt\/wp-json\/wp\/v2\/product_cat?post=16505"},{"taxonomy":"product_tag","embeddable":true,"href":"https:\/\/www.hydraulic-cylinders.net\/lt\/wp-json\/wp\/v2\/product_tag?post=16505"}],"curies":[{"name":"wp","href":"https:\/\/api.w.org\/{rel}","templated":true}]}}