{"id":16521,"date":"2025-01-21T05:31:19","date_gmt":"2025-01-21T05:31:19","guid":{"rendered":"https:\/\/www.hydraulic-cylinders.net\/product\/arm-cylinder-for-xgma-small-excavator-xg809e\/"},"modified":"2025-01-21T05:31:21","modified_gmt":"2025-01-21T05:31:21","slug":"arm-cylinder-for-xgma-small-excavator-xg809e","status":"publish","type":"product","link":"https:\/\/www.hydraulic-cylinders.net\/lt\/produktas\/arm-cylinder-for-xgma-small-excavator-xg809e\/","title":{"rendered":"XGMA ma\u017eo ekskavatoriaus XG809E rankos cilindras"},"content":{"rendered":"<p><!DOCTYPE html><br \/>\n<html><br \/>\n<head><br \/>\n  <title>XGMA ma\u017eo ekskavatoriaus XG809E rankos cilindras<\/title><br \/>\n<\/head><br \/>\n<body><\/p>\n<h1>XGMA ma\u017eo ekskavatoriaus XG809E rankos cilindras<\/h1>\n<h2>\u012evadas<\/h2>\n<p>Svirties cilindras yra specialiai suprojektuotas hidraulinis cilindras, u\u017etikrinantis tiesin\u012f jud\u0117jim\u0105 ir gali\u0105 \u012fvairi\u0173 tip\u0173 ma\u0161in\u0173, toki\u0173 kaip ekskavatoriai, kranai ir robotin\u0117s rankos, svir\u010diai. Svirties cilindrai atlieka labai svarb\u0173 vaidmen\u012f hidraulin\u0117se sistemose, nes leid\u017eia efektyviai jud\u0117ti ir valdyti papildomus \u012frankius ar priedus. \u0160ie cilindrai ne tik u\u017etikrina skland\u0173 jud\u0117jim\u0105, bet ir atlaiko dideles apkrovas, u\u017etikrindami auk\u0161t\u0105 ma\u0161inos veikimo efektyvum\u0105 ir patikimum\u0105 \u012fvairiomis darbo s\u0105lygomis.<\/p>\n<p>  <img decoding=\"async\" src=\"https:\/\/www.hydraulic-cylinders.net\/wp-content\/uploads\/2025\/01\/songte-company-2.webp\" alt=\"Svirties cilindro vaizdas\"><\/p>\n<h2>Savyb\u0117s<\/h2>\n<ul>\n<li><strong>Didelio efektyvumo transmisija:<\/strong> Svirties cilindras u\u017etikrina galing\u0105 tiesin\u012f judes\u012f ir j\u0117g\u0105, u\u017etikrindamas auk\u0161t\u0105 na\u0161um\u0105 atliekant \u012fvairias operacijas.<\/li>\n<li><strong>Tikslus valdymas:<\/strong> Hidraulin\u0117s sistemos d\u0117ka rankos cilindras leid\u017eia tiksliai valdyti judes\u012f, tod\u0117l papildom\u0173 \u012franki\u0173 valdymas tampa lankstesnis ir tikslesnis.<\/li>\n<li><strong>Patvarumas:<\/strong> Svirtiniai cilindrai paprastai gaminami i\u0161 didelio stiprumo med\u017eiag\u0173, pasi\u017eymin\u010di\u0173 puikiu atsparumu dilimui ir korozijai, tod\u0117l jie tinkami ilgalaikiam naudojimui at\u0161iauriomis s\u0105lygomis.<\/li>\n<li><strong>Daugiafunkcinis prisitaikymas:<\/strong> \u0160ie cilindrai gali b\u016bti pla\u010diai naudojami \u012fvairiose ma\u0161inose, tokiose kaip ekskavatoriai, kranai ir robotin\u0117s rankos, siekiant patenkinti skirtingus eksploatavimo reikalavimus.<\/li>\n<li><strong>Lengva prie\u017ei\u016bra:<\/strong> Svirtini\u0173 cilindr\u0173 konstrukcija skirta lengvam techniniam aptarnavimui ir keitimui, tod\u0117l reguliari ap\u017ei\u016bra ir technin\u0117 prie\u017ei\u016bra yra patogi, o \u012frangos prastovos laikas sutrump\u0117ja.<\/li>\n<\/ul>\n<p>  <img decoding=\"async\" src=\"https:\/\/www.hydraulic-cylinders.net\/wp-content\/uploads\/2025\/01\/songte-oil-pipes-and-spare-parts.webp\" alt=\"Hidraulinio cilindro vaizdas\"><\/p>\n<h2>Parai\u0161kos<\/h2>\n<ul>\n<li><strong>Statybos in\u017einerija:<\/strong> Ekskavatoriuose ir kranuose str\u0117li\u0173 cilindrai valdo kau\u0161\u0173 arba str\u0117li\u0173 jud\u0117jim\u0105 atliekant \u017eem\u0117s darbus, med\u017eiag\u0173 tvarkym\u0105 ir konstrukcij\u0173 montavim\u0105.<\/li>\n<li><strong>Gamybos pramon\u0117:<\/strong> Automatizuotose gamybos linijose rank\u0173 cilindrai naudojami robotini\u0173 rank\u0173 judinimui surinkimo, suvirinimo ir med\u017eiag\u0173 tvarkymo procesuose, siekiant pagerinti gamybos efektyvum\u0105 ir tikslum\u0105.<\/li>\n<li><strong>\u017dem\u0117s \u016bkio technika:<\/strong> \u017dem\u0117s \u016bkio \u012frangoje, tokioje kaip derliaus nu\u0117mimo ma\u0161inos ir s\u0117jamosios, svir\u010di\u0173 cilindrai valdo valdymo svir\u010di\u0173 jud\u0117jim\u0105 atliekant tokias u\u017eduotis kaip sodinimas, tr\u0119\u0161imas ir derliaus nu\u0117mimas.<\/li>\n<li><strong>Kasyba:<\/strong> Kasybos \u012frangoje svirties cilindrai valdo kasybos ma\u0161in\u0173 svirties jud\u0117jim\u0105 r\u016bdos gavybai ir transportavimui.<\/li>\n<li><strong>Logistika ir transportas:<\/strong> \u0160akiniuose krautuvuose ir krovini\u0173 krovimo robotuose svir\u010di\u0173 cilindrai valdo \u0161aki\u0173 k\u0117lim\u0105 ir jud\u0117jim\u0105, taip \u012fgalindami med\u017eiag\u0173 tvarkym\u0105 ir krovim\u0105.<\/li>\n<\/ul>\n<h2>Projektavimo aspektai ir atrankos kriterijai<\/h2>\n<ul>\n<li><strong>Apkrovos paj\u0117gumas:<\/strong> Svirtiniai cilindrai turi b\u016bti suprojektuoti taip, kad atlaikyt\u0173 reikiam\u0105 apkrov\u0105.<\/li>\n<li><strong>Sandarinimas:<\/strong> Reik\u0117t\u0173 naudoti \u012fvairius sandarinimo komponentus, tokius kaip st\u016bmokli\u0173 ir kot\u0173 sandarikliai, ir pasirinkti tokias med\u017eiagas kaip poliuretanas ir nitrilo kau\u010diukas, pasi\u017eymin\u010dias puikiu atsparumu dilimui.<\/li>\n<li><strong>Patvarumas:<\/strong> Cilindro korpusas ir srieginiai galai turi b\u016bti kruop\u0161\u010diai apdorojami, kad b\u016bt\u0173 padidintas atsparumas dilimui.<\/li>\n<li><strong>Saugumas:<\/strong> Siekiant u\u017etikrinti saug\u0173 veikim\u0105, \u012f projekt\u0105 tur\u0117t\u0173 b\u016bti \u012ftraukti saugos aspektai.<\/li>\n<li><strong>Prie\u017ei\u016bra:<\/strong> Norint tinkamai pri\u017ei\u016br\u0117ti, b\u016btina reguliariai tepti atitinkama hidrauline alyva ir periodi\u0161kai tikrinti.<\/li>\n<\/ul>\n<p>  <img decoding=\"async\" src=\"https:\/\/www.hydraulic-cylinders.net\/wp-content\/uploads\/2025\/01\/songte-cylinder-head-with-all-kinds-excavator-models.webp\" alt=\"Hidraulinio cilindro vaizdas\"><\/p>\n<h2>Sandarinimas ir tepimas<\/h2>\n<p>Svirties cilindre naudojami \u012fvair\u016bs sandarinimo komponentai, tokie kaip st\u016bmokli\u0173 ir kot\u0173 sandarikliai, pagaminti i\u0161 atspari\u0173 dilimui med\u017eiag\u0173, toki\u0173 kaip poliuretanas ir nitrilo kau\u010diukas. Cilindro korpusas ir srieginiai galai yra apdoroti, kad padidint\u0173 atsparum\u0105 dilimui. Tinkamam tepimui reikalingas reguliarus tepimas atitinkamu hidraulin\u0117s alyvos kiekiu.<\/p>\n<h2>Reguliarus patikrinimas ir prevencin\u0117 prie\u017ei\u016bra<\/h2>\n<ul>\n<li>Reguliariai tikrinkite, ar n\u0117ra susid\u0117v\u0117jimo, nuot\u0117ki\u0173 ar pa\u017eeidim\u0173 po\u017eymi\u0173.<\/li>\n<li>U\u017etikrinkite tinkam\u0105 sutepim\u0105 ir pakeiskite visus susid\u0117v\u0117jusius sandariklius ar komponentus.<\/li>\n<li>Patikrinkite hidraulin\u0119 sistem\u0105, ar n\u0117ra koki\u0173 nors sutrikim\u0173, ir nedelsdami juos pa\u0161alinkite.<\/li>\n<li>Laikykit\u0117s gamintojo nurodym\u0173 d\u0117l technin\u0117s prie\u017ei\u016bros grafik\u0173 ir proced\u016br\u0173.<\/li>\n<\/ul>\n<h2>Produkto diegimo vadovas<\/h2>\n<p>Tinkamas svirties cilindro montavimas yra labai svarbus optimaliam veikimui. Atlikite \u0161iuos veiksmus:<\/p>\n<ol>\n<li>Paruo\u0161kite montavimo viet\u0105 ir \u012fsitikinkite, kad ji yra \u0161vari ir be \u0161iuk\u0161li\u0173.<\/li>\n<li>\u012estatykite svirties cilindr\u0105 \u012f tvirtinimo viet\u0105 ir tvirtai pritvirtinkite.<\/li>\n<li>Prijunkite hidraulines linijas ir jungiam\u0105sias detales pagal gamintojo instrukcijas.<\/li>\n<li>Patikrinkite, ar n\u0117ra nuot\u0117ki\u0173, ir u\u017etikrinkite tinkam\u0105 jungt\u012f.<\/li>\n<li>Atlikite funkcionalumo test\u0105, kad patikrintum\u0117te skland\u0173 veikim\u0105.<\/li>\n<\/ol>\n<p>  <img decoding=\"async\" src=\"https:\/\/www.hydraulic-cylinders.net\/wp-content\/uploads\/2025\/01\/songte-bushings-with-all-kinds-of-excavator-models.webp\" alt=\"Hidraulinio cilindro vaizdas\"><\/p>\n<h2>Saugos aspektai ir aplinkos veiksniai<\/h2>\n<p>Naudojant svirtinius cilindrus, labai svarbu teikti pirmenyb\u0119 saugos priemon\u0117ms, siekiant i\u0161vengti nelaiming\u0173 atsitikim\u0173 ir u\u017etikrinti operatoriaus gerov\u0119. Reikia imtis tinkam\u0173 atsargumo priemoni\u0173, kad b\u016bt\u0173 apsisaugota nuo galim\u0173 pavoj\u0173, pavyzd\u017eiui, laikytis saugos gairi\u0173, tinkamai apmokyti darbuotojus ir naudoti tinkamas asmenines apsaugos priemones.<\/p>\n<h2>Trik\u010di\u0173 \u0161alinimas ir da\u017eniausiai pasitaikan\u010dios problemos<\/h2>\n<p>\u0160tai keletas da\u017eniausiai pasitaikan\u010di\u0173 problem\u0173, kurios gali kilti naudojant cilindr\u0173 rankenas:<\/p>\n<ul>\n<li>Hidraulinio skys\u010dio nuot\u0117kis<\/li>\n<li>Galios praradimas<\/li>\n<li>Per didelis triuk\u0161mas eksploatacijos metu<\/li>\n<li>Nenuosekl\u016bs arba tr\u016bk\u010diojantys judesiai<\/li>\n<li>Nesugeb\u0117jimas i\u0161laikyti krovinio<\/li>\n<\/ul>\n<p>Nor\u0117dami i\u0161spr\u0119sti \u0161ias problemas:<\/p>\n<ul>\n<li>Patikrinkite, ar n\u0117ra pa\u017eeist\u0173 sandarikli\u0173 ar jung\u010di\u0173, ir prireikus pakeiskite juos.<\/li>\n<li>Patikrinkite hidraulin\u0119 sistem\u0105, ar n\u0117ra u\u017esikim\u0161im\u0173 ar gedim\u0173.<\/li>\n<li>U\u017etikrinkite tinkam\u0105 tepim\u0105 ir, jei reikia, pakoreguokite sl\u0117g\u012f.<\/li>\n<li>Patikrinkite, ar cilindro keliamoji galia atitinka jo specifikacijas.<\/li>\n<li>D\u0117l papildomos pagalbos kreipkit\u0117s \u012f gamintoj\u0105 arba specialist\u0105.<\/li>\n<\/ul>\n<p>  <img decoding=\"async\" src=\"https:\/\/www.hydraulic-cylinders.net\/wp-content\/uploads\/2025\/01\/songte-chushion-collar.webp\" alt=\"Hidraulinio cilindro vaizdas\"><\/p>\n<p>Nepamir\u0161kite straipsn\u012f strukt\u016brizuoti logi\u0161kai, naudoti paantra\u0161tes lengvam nar\u0161ymui, \u012ftraukti atitinkam\u0173 vaizd\u0173 ar diagram\u0173, kad b\u016bt\u0173 lengviau suprasti, ir u\u017etikrinti, kad turinys b\u016bt\u0173 ai\u0161kus, glaustas ir tinkamas skaitytojams, turintiems skirting\u0105 technini\u0173 \u017eini\u0173 lyg\u012f.<\/p>\n<h2>Apie m\u016bs\u0173 \u012fmon\u0119<\/h2>\n<p>Esame profesionalus pakaitini\u0173 hidraulini\u0173 cilindr\u0173 gamintojas, si\u016blantis plat\u0173 gamini\u0173 asortiment\u0105. Tapome vienu i\u0161 pirmaujan\u010di\u0173 hidraulini\u0173 cilindr\u0173 gamintoj\u0173 ir didmeninink\u0173 vidaus ir tarptautin\u0117se rinkose. Savo patobulintose gamybos dirbtuv\u0117se laikom\u0117s meistri\u0161kumo princip\u0173 ir pasitelkiame pramonin\u0117s gamybos valdymo strategijas, kad nuolat gerintume savo technologin\u012f lyg\u012f ir gamybos efektyvum\u0105. \u012ediegdami auk\u0161\u010diausios klas\u0117s skaitmenin\u0119 gamybos \u012frang\u0105 ir profesionalias bandym\u0173 sistemas, optimizuojame savo gamybos platform\u0105 ir tobuliname gamini\u0173 kokyb\u0117s kontrol\u0117s procesus, demonstruodami stiprius inovacij\u0173 paj\u0117gumus. M\u016bs\u0173 tikslas \u2013 efektyviai, tiksliai ir auk\u0161ta kokybe patenkinti \u012fvairius klient\u0173 poreikius.<\/p>\n<p>  <img decoding=\"async\" src=\"https:\/\/www.hydraulic-cylinders.net\/wp-content\/uploads\/2025\/01\/songte-company-4.webp\" alt=\"\u012emon\u0117s \u012fvaizdis\"><br \/>\n  <img decoding=\"async\" src=\"https:\/\/www.hydraulic-cylinders.net\/wp-content\/uploads\/2025\/01\/songte-company-3.webp\" alt=\"\u012emon\u0117s \u012fvaizdis\"><\/p>\n<p>Nuo profesionalumo, tarptautini\u0173 sertifikat\u0173, individualiai pritaikyt\u0173 paslaug\u0173, gamybos \u012frangos iki garantinio aptarnavimo<\/p>","protected":false},"excerpt":{"rendered":"<p>Arm Cylinder For XGMA Small Excavator XG809E Arm Cylinder For XGMA Small Excavator XG809E Introduction An arm cylinder is a specially designed hydraulic cylinder that provides linear motion and power to the arm of various types of machinery, such as excavators, cranes, and robotic arms. Arm cylinders play a critical role in hydraulic systems, allowing [&hellip;]<\/p>","protected":false},"featured_media":14772,"comment_status":"open","ping_status":"closed","template":"","meta":{"_et_pb_use_builder":"","_et_pb_old_content":"","_et_gb_content_width":""},"product_brand":[],"product_cat":[1497],"product_tag":[1498,1496],"class_list":{"0":"post-16521","1":"product","2":"type-product","3":"status-publish","4":"has-post-thumbnail","6":"product_cat-arm-cylinders","7":"product_tag-arm-cylinders","8":"product_tag-hydraulic-cylinders","10":"first","11":"instock","12":"shipping-taxable","13":"product-type-simple"},"amp_enabled":true,"_links":{"self":[{"href":"https:\/\/www.hydraulic-cylinders.net\/lt\/wp-json\/wp\/v2\/product\/16521","targetHints":{"allow":["GET"]}}],"collection":[{"href":"https:\/\/www.hydraulic-cylinders.net\/lt\/wp-json\/wp\/v2\/product"}],"about":[{"href":"https:\/\/www.hydraulic-cylinders.net\/lt\/wp-json\/wp\/v2\/types\/product"}],"replies":[{"embeddable":true,"href":"https:\/\/www.hydraulic-cylinders.net\/lt\/wp-json\/wp\/v2\/comments?post=16521"}],"wp:featuredmedia":[{"embeddable":true,"href":"https:\/\/www.hydraulic-cylinders.net\/lt\/wp-json\/wp\/v2\/media\/14772"}],"wp:attachment":[{"href":"https:\/\/www.hydraulic-cylinders.net\/lt\/wp-json\/wp\/v2\/media?parent=16521"}],"wp:term":[{"taxonomy":"product_brand","embeddable":true,"href":"https:\/\/www.hydraulic-cylinders.net\/lt\/wp-json\/wp\/v2\/product_brand?post=16521"},{"taxonomy":"product_cat","embeddable":true,"href":"https:\/\/www.hydraulic-cylinders.net\/lt\/wp-json\/wp\/v2\/product_cat?post=16521"},{"taxonomy":"product_tag","embeddable":true,"href":"https:\/\/www.hydraulic-cylinders.net\/lt\/wp-json\/wp\/v2\/product_tag?post=16521"}],"curies":[{"name":"wp","href":"https:\/\/api.w.org\/{rel}","templated":true}]}}