{"id":16535,"date":"2025-01-21T05:32:16","date_gmt":"2025-01-21T05:32:16","guid":{"rendered":"https:\/\/www.hydraulic-cylinders.net\/product\/arm-cylinder-for-lonking-small-excavator-lg6065\/"},"modified":"2025-01-21T05:32:19","modified_gmt":"2025-01-21T05:32:19","slug":"arm-cylinder-for-lonking-small-excavator-lg6065","status":"publish","type":"product","link":"https:\/\/www.hydraulic-cylinders.net\/lt\/produktas\/arm-cylinder-for-lonking-small-excavator-lg6065\/","title":{"rendered":"Svirties cilindras, skirtas ma\u017eam ekskavatoriui \u201eLonking LG6065\u201c"},"content":{"rendered":"<h2>Svirties cilindras, skirtas ma\u017eam ekskavatoriui \u201eLonking LG6065\u201c<\/h2>\n<p>Svirties cilindras yra specialiai suprojektuotas hidraulinis cilindras, naudojamas \u012fvairi\u0173 ma\u0161in\u0173, toki\u0173 kaip ekskavatoriai, kranai ir mechanin\u0117s svirtys, svir\u010diai tiesiniam judesiui ir galiai u\u017etikrinti. Svirties cilindras atlieka labai svarb\u0173 vaidmen\u012f hidraulin\u0117se sistemose, u\u017etikrindamas skland\u0173 pried\u0173 ar pried\u0173 jud\u0117jim\u0105 ir valdym\u0105. \u0160ie cilindrai ne tik u\u017etikrina skland\u0173 jud\u0117jim\u0105, bet ir atlaiko dideles apkrovas, u\u017etikrindami efektyv\u0173 ma\u0161in\u0173 veikim\u0105 ir patikimum\u0105 \u012fvairiomis darbo s\u0105lygomis.<\/p>\n<p><img decoding=\"async\" src=\"https:\/\/www.hydraulic-cylinders.net\/wp-content\/uploads\/2025\/01\/songte-company-2.webp\" alt=\"Svirties cilindras\" \/><\/p>\n<h3>Svirtinio cilindro savyb\u0117s:<\/h3>\n<ul>\n<li><strong>Didelio efektyvumo energijos perdavimas:<\/strong> Svirties cilindras u\u017etikrina galing\u0105 tiesin\u012f judes\u012f ir j\u0117g\u0105, u\u017etikrindamas auk\u0161t\u0105 mechanin\u0117s svirties na\u0161um\u0105 atliekant \u012fvairias operacijas.<\/li>\n<li><strong>Tikslus valdymas:<\/strong> D\u0117l hidraulini\u0173 sistem\u0173 svirties cilindras leid\u017eia tiksliai valdyti judes\u012f, tod\u0117l pried\u0173 valdymas tampa lankstesnis ir tikslesnis.<\/li>\n<li><strong>Patvarumas:<\/strong> Svirtiniai cilindrai paprastai gaminami i\u0161 didelio stiprumo med\u017eiag\u0173, pasi\u017eymin\u010di\u0173 geru atsparumu dilimui ir korozijai, tod\u0117l tinkami ilgalaikiam naudojimui at\u0161iauriomis s\u0105lygomis.<\/li>\n<li><strong>Daugiafunkcis prisitaikymas:<\/strong> \u0160ie cilindrai gali b\u016bti pla\u010diai naudojami \u012fvairiuose mechaniniuose \u012frenginiuose, tokiuose kaip ekskavatoriai, kranai ir mechanin\u0117s svirtys, pritaikant juos skirtingiems darbo reikalavimams.<\/li>\n<li><strong>Lengva prie\u017ei\u016bra:<\/strong> Projektuojant atsi\u017evelgiama \u012f paprast\u0105 prie\u017ei\u016br\u0105 ir pakeitim\u0105, tod\u0117l reguliari ap\u017ei\u016bra ir prie\u017ei\u016bra yra patogesni, o \u012frangos prastovos laikas sutrump\u0117ja.<\/li>\n<\/ul>\n<p><img decoding=\"async\" src=\"https:\/\/www.hydraulic-cylinders.net\/wp-content\/uploads\/2025\/01\/songte-oil-pipes-and-spare-parts.webp\" alt=\"Svirties cilindro atsargin\u0117s dalys\" \/><\/p>\n<h3>Rankinio cilindro pritaikymas:<\/h3>\n<ul>\n<li><strong>Statybos in\u017einerija:<\/strong> Ekskavatoriuose ir kranuose svirties cilindras naudojamas kau\u0161\u0173 arba str\u0117li\u0173 jud\u0117jimui valdyti atliekant \u017eem\u0117s darbus, med\u017eiag\u0173 tvarkym\u0105 ir konstrukcij\u0173 montavim\u0105.<\/li>\n<li><strong>Gamybos pramon\u0117:<\/strong> Automatizuotose gamybos linijose svirties cilindras naudojamas mechanin\u0117ms svirtims judinti tokiuose procesuose kaip surinkimas, suvirinimas ir tvarkymas, taip pagerinant gamybos efektyvum\u0105 ir tikslum\u0105.<\/li>\n<li><strong>\u017dem\u0117s \u016bkio technika:<\/strong> \u017dem\u0117s \u016bkio technikose, tokiose kaip derliaus nu\u0117mimo ma\u0161inos ir s\u0117jamosios, svirties cilindras valdo darbini\u0173 svir\u010di\u0173 jud\u0117jim\u0105, atlikdamas tokias u\u017eduotis kaip s\u0117ja, tr\u0119\u0161imas ir derliaus nu\u0117mimas.<\/li>\n<li><strong>Kasybos pramon\u0117:<\/strong> Kasybos \u012frangoje rankos cilindras naudojamas kasybos \u012frangos rankos jud\u0117jimui valdyti r\u016bdos gavybai ir transportavimui.<\/li>\n<li><strong>Logistika ir transportas:<\/strong> \u0160akiniuose krautuvuose ir krovini\u0173 krovimo robotuose svirties cilindras naudojamas \u0161aki\u0173 k\u0117limui ir jud\u0117jimui valdyti, taip u\u017etikrinant med\u017eiag\u0173 tvarkym\u0105 ir krovim\u0105.<\/li>\n<\/ul>\n<p><img decoding=\"async\" src=\"https:\/\/www.hydraulic-cylinders.net\/wp-content\/uploads\/2025\/01\/songte-cylinder-head-with-all-kinds-excavator-models.webp\" alt=\"Svirties cilindro pritaikymas\" \/><\/p>\n<h3>Projektavimo aspektai ir atrankos kriterijai:<\/h3>\n<ul>\n<li><strong>Apkrovos paj\u0117gumas:<\/strong> Svirties cilindras turi b\u016bti suprojektuotas taip, kad atlaikyt\u0173 konkre\u010dius mechanizm\u0173 ir pried\u0173 apkrovos reikalavimus.<\/li>\n<li><strong>Sandarinimas:<\/strong> Reik\u0117t\u0173 naudoti \u012fvairius sandarinimo komponentus, tokius kaip st\u016bmokli\u0173 ir kot\u0173 sandarikliai, o j\u0173 konstrukcijai pasirinkti atsparias dilimui med\u017eiagas, tokias kaip poliuretanas ir nitrilo kau\u010diukas.<\/li>\n<li><strong>Patvarumas:<\/strong> Cilindro korpusas ir srieginiai galai turi b\u016bti kruop\u0161\u010diai apdorojami, kad b\u016bt\u0173 padidintas atsparumas dilimui.<\/li>\n<li><strong>Saugumas:<\/strong> Saugos aspektai tur\u0117t\u0173 apimti tokias funkcijas kaip apsauga nuo perkrovos ir avarinio stabdymo mechanizmai.<\/li>\n<li><strong>Prie\u017ei\u016bra:<\/strong> Konstrukcija tur\u0117t\u0173 u\u017etikrinti lengv\u0105 komponent\u0173 prie\u017ei\u016br\u0105 ir keitim\u0105, o skland\u017eiam veikimui b\u016btina reguliariai tepti tinkama hidrauline alyva.<\/li>\n<\/ul>\n<p><img decoding=\"async\" src=\"https:\/\/www.hydraulic-cylinders.net\/wp-content\/uploads\/2025\/01\/songte-chushion-collar.webp\" alt=\"Svirties cilindro komponentai\" \/><\/p>\n<h3>Reguliarus patikrinimas ir prevencin\u0117 prie\u017ei\u016bra:<\/h3>\n<ul>\n<li>Reguliariai tikrinkite, ar svirties cilindre n\u0117ra nuot\u0117ki\u0173, pa\u017eeidim\u0173 ar susid\u0117v\u0117jimo po\u017eymi\u0173.<\/li>\n<li>Patikrinkite ir pakeiskite susid\u0117v\u0117jusius sandariklius ar komponentus, kad u\u017etikrintum\u0117te tinkam\u0105 veikim\u0105.<\/li>\n<li>Palaikykite tinkam\u0105 tepim\u0105 reguliariai pildami reikiam\u0105 kiek\u012f hidraulin\u0117s alyvos.<\/li>\n<li>Steb\u0117kite svirties cilindro veikim\u0105 ir nedelsdami pa\u0161alinkite visus sutrikimus.<\/li>\n<li>Laikykit\u0117s gamintojo nurodym\u0173 d\u0117l patikros ir technin\u0117s prie\u017ei\u016bros proced\u016br\u0173.<\/li>\n<\/ul>\n<h3>Produkto diegimo vadovas:<\/h3>\n<ul>\n<li>Laikykit\u0117s gamintojo nurodym\u0173 ir gairi\u0173, kad tinkamai sumontuotum\u0117te svirties cilindr\u0105.<\/li>\n<li>\u012esitikinkite, kad cilindras yra tvirtai pritvirtintas ir sulygiuotas su mechanizmu.<\/li>\n<li>Priver\u017ekite visas jungtis ir detales pagal rekomenduojamus sukimo momentus.<\/li>\n<li>Atlikite i\u0161sam\u0173 cilindro patikrinim\u0105, kad \u012fsitikintum\u0117te, jog jis veikia skland\u017eiai ir be joki\u0173 nuot\u0117ki\u0173.<\/li>\n<li>Jei diegimo metu reikia pagalbos, kreipkit\u0117s \u012f gamintoj\u0105 arba specialist\u0105.<\/li>\n<\/ul>\n<p><img decoding=\"async\" src=\"https:\/\/www.hydraulic-cylinders.net\/wp-content\/uploads\/2025\/01\/songte-bushings-with-all-kinds-of-excavator-models.webp\" alt=\"Svirties cilindro montavimas\" \/><\/p>\n<h3>Saugos aspektai ir aplinkos veiksniai:<\/h3>\n<p>Naudojant svirtinius cilindrus, labai svarbu imtis saugos priemoni\u0173, siekiant apsaugoti personal\u0105 ir \u012frang\u0105 nuo galim\u0173 pavoj\u0173. Svarbu laikytis saugos gairi\u0173 ir taisykli\u0173, kad b\u016bt\u0173 u\u017etikrintas saugus eksploatavimas. Taip pat reik\u0117t\u0173 atsi\u017evelgti \u012f aplinkos veiksnius, tokius kaip temperat\u016bra ir dr\u0117gm\u0117, kad svirtinis cilindras neb\u016bt\u0173 pa\u017eeistas ar netinkamai veikt\u0173.<\/p>\n<h3>Trik\u010di\u0173 \u0161alinimas ir da\u017eniausiai pasitaikan\u010dios problemos:<\/h3>\n<p>1. Problema: L\u0117ti arba tr\u016bk\u010diojantys rankos judesiai.<\/p>\n<p>Galimos prie\u017eastys: \u017eemas hidraulin\u0117s alyvos lygis, susid\u0117v\u0117j\u0119 sandarikliai arba u\u017esikim\u0161usios hidraulin\u0117s linijos.<\/p>\n<p>Sprendimas: patikrinkite ir, jei reikia, papildykite hidraulin\u0117s alyvos, ap\u017ei\u016br\u0117kite ir pakeiskite susid\u0117v\u0117jusius sandariklius, i\u0161valykite arba pakeiskite u\u017esikim\u0161usias hidraulines linijas.<\/p>\n<p>2. Problema: Nuot\u0117kis i\u0161 svirties cilindro.<\/p>\n<p>Galimos prie\u017eastys: pa\u017eeisti sandarikliai arba jungiamosios detal\u0117s.<\/p>\n<p>Sprendimas: patikrinkite ir pakeiskite pa\u017eeistus sandariklius ar jungiam\u0105sias detales, kad sustabdytum\u0117te nuot\u0117k\u012f.<\/p>\n<p>3. Problema: Per didelis triuk\u0161mas judinant rank\u0105.<\/p>\n<p>Galimos prie\u017eastys: Atsilaisvinusios dalys arba tepimo tr\u016bkumas.<\/p>\n<p>Sprendimas: Priver\u017ekite visus atsilaisvinusius komponentus ir u\u017etikrinkite tinkam\u0105 svirties cilindro sutepim\u0105.<\/p>\n<p><img decoding=\"async\" src=\"https:\/\/www.hydraulic-cylinders.net\/wp-content\/uploads\/2025\/01\/songte-chushion-collar.webp\" alt=\"Trik\u010di\u0173 \u0161alinimas ir prie\u017ei\u016bra\" \/><\/p>\n<p>Vadovaudamiesi \u0161iais trik\u010di\u0173 \u0161alinimo patarimais ir sprendimais, skaitytojai gali efektyviai diagnozuoti ir i\u0161spr\u0119sti savo rank\u0173 cilindr\u0173 problemas, taip pat \u012fgyvendinti prevencines priemones, kad suma\u017eint\u0173 galimas problemas.<\/p>\n<p>Nepamir\u0161kite straipsn\u012f strukt\u016brizuoti logi\u0161kai, naudoti paantra\u0161tes lengvam nar\u0161ymui, \u012ftraukti atitinkam\u0173 vaizd\u0173 ar diagram\u0173, kad b\u016bt\u0173 lengviau suprasti, ir u\u017etikrinti, kad turinys b\u016bt\u0173 ai\u0161kus, glaustas ir tinkamas skaitytojams, turintiems skirting\u0105 technini\u0173 \u017eini\u0173 lyg\u012f.<\/p>\n<p>Autorius: lyl<\/p>\n<h3>Apie mus<\/h3>\n<p>Esame profesionalus pakaitini\u0173 hidraulini\u0173 cilindr\u0173 gamintojas, si\u016blantis plat\u0173 gamini\u0173 asortiment\u0105. Tapome vienu i\u0161 pirmaujan\u010di\u0173 hidraulini\u0173 cilindr\u0173 gamintoj\u0173 ir didmenini\u0173 platintoj\u0173 vidaus ir tarptautin\u0117se rinkose. Vadovaujam\u0117s kokyb\u0117s puikumo principu, remdamiesi puiki\u0173 gamybos dirbtuvi\u0173 pramonin\u0117s gamybos valdymo strategija, siekdami nuolat gerinti technin\u012f lyg\u012f ir gamybos efektyvum\u0105. \u012ediegdami auk\u0161\u010diausios klas\u0117s skaitmenin\u0119 gamybos \u012frang\u0105 ir profesionalias bandym\u0173 sistemas, optimizuojame savo gamybos platform\u0105, tobuliname gamini\u0173 kokyb\u0117s kontrol\u0117s procesus ir turime stiprias inovacij\u0173 galimybes. M\u016bs\u0173 tikslas \u2013 patenkinti \u012fvairius klient\u0173 poreikius, taikant efektyvumo, tikslumo ir auk\u0161tos kokyb\u0117s principus.<\/p>\n<p><img decoding=\"async\" src=\"https:\/\/www.hydraulic-cylinders.net\/wp-content\/uploads\/2025\/01\/songte-company-4.webp\" alt=\"\u012emon\u0117s ap\u017evalga\" \/><\/p>\n<p><img decoding=\"async\" src=\"https:\/\/www.hydraulic-cylinders.net\/wp-content\/uploads\/2025\/01\/songte-company-3.webp\" alt=\"\u012emon\u0117s ap\u017evalga\" \/><\/p>\n<p>Mes toliau ple\u010diame savo \u012fmon\u0117s veikl\u0105, \u012ftraukdami profesionalum\u0105, tarptautin\u012f sertifikavim\u0105, individuali\u0173 paslaug\u0173 teikim\u0105, gamybos \u012frang\u0105, garantin\u012f aptarnavim\u0105 ir kt.<\/p>","protected":false},"excerpt":{"rendered":"<p>Arm Cylinder For Lonking Small Excavator LG6065 Arm Cylinder is a specially designed hydraulic cylinder that is used to provide linear motion and power to the arm of various machinery, such as excavators, cranes, and mechanical arms. The arm cylinder plays a critical role in hydraulic systems, enabling the smooth movement and control of attachments [&hellip;]<\/p>","protected":false},"featured_media":14759,"comment_status":"open","ping_status":"closed","template":"","meta":{"_et_pb_use_builder":"","_et_pb_old_content":"","_et_gb_content_width":""},"product_brand":[],"product_cat":[1497],"product_tag":[1498,1496],"class_list":{"0":"post-16535","1":"product","2":"type-product","3":"status-publish","4":"has-post-thumbnail","6":"product_cat-arm-cylinders","7":"product_tag-arm-cylinders","8":"product_tag-hydraulic-cylinders","10":"first","11":"instock","12":"shipping-taxable","13":"product-type-simple"},"amp_enabled":true,"_links":{"self":[{"href":"https:\/\/www.hydraulic-cylinders.net\/lt\/wp-json\/wp\/v2\/product\/16535","targetHints":{"allow":["GET"]}}],"collection":[{"href":"https:\/\/www.hydraulic-cylinders.net\/lt\/wp-json\/wp\/v2\/product"}],"about":[{"href":"https:\/\/www.hydraulic-cylinders.net\/lt\/wp-json\/wp\/v2\/types\/product"}],"replies":[{"embeddable":true,"href":"https:\/\/www.hydraulic-cylinders.net\/lt\/wp-json\/wp\/v2\/comments?post=16535"}],"wp:featuredmedia":[{"embeddable":true,"href":"https:\/\/www.hydraulic-cylinders.net\/lt\/wp-json\/wp\/v2\/media\/14759"}],"wp:attachment":[{"href":"https:\/\/www.hydraulic-cylinders.net\/lt\/wp-json\/wp\/v2\/media?parent=16535"}],"wp:term":[{"taxonomy":"product_brand","embeddable":true,"href":"https:\/\/www.hydraulic-cylinders.net\/lt\/wp-json\/wp\/v2\/product_brand?post=16535"},{"taxonomy":"product_cat","embeddable":true,"href":"https:\/\/www.hydraulic-cylinders.net\/lt\/wp-json\/wp\/v2\/product_cat?post=16535"},{"taxonomy":"product_tag","embeddable":true,"href":"https:\/\/www.hydraulic-cylinders.net\/lt\/wp-json\/wp\/v2\/product_tag?post=16535"}],"curies":[{"name":"wp","href":"https:\/\/api.w.org\/{rel}","templated":true}]}}