{"id":16547,"date":"2025-01-21T05:33:02","date_gmt":"2025-01-21T05:33:02","guid":{"rendered":"https:\/\/www.hydraulic-cylinders.net\/product\/arm-cylinder-for-lonking-middle-excavator-lg6245\/"},"modified":"2025-01-21T05:33:07","modified_gmt":"2025-01-21T05:33:07","slug":"arm-cylinder-for-lonking-middle-excavator-lg6245","status":"publish","type":"product","link":"https:\/\/www.hydraulic-cylinders.net\/lt\/produktas\/arm-cylinder-for-lonking-middle-excavator-lg6245\/","title":{"rendered":"Svirties cilindras, skirtas \u201eLonking Middle\u201c ekskavatoriui LG6245"},"content":{"rendered":"<h1>Svirties cilindras, skirtas \u201eLonking Middle\u201c ekskavatoriui LG6245<\/h1>\n<h2>\u012evadas<\/h2>\n<p>Svirties cilindras yra specialiai suprojektuotas hidraulinis cilindras, daugiausia naudojamas linijiniam judesiui ir galiai u\u017etikrinti \u012fvairi\u0173 tip\u0173 ma\u0161in\u0173, toki\u0173 kaip ekskavatoriai, kranai ir mechanin\u0117s svirtys, svirtims. Svirties cilindras atlieka labai svarb\u0173 vaidmen\u012f hidraulin\u0117je sistemoje, nes leid\u017eia efektyviai jud\u0117ti ir valdyti papildomus \u012frankius ar priedus. \u0160ie cilindrai ne tik u\u017etikrina skland\u0173 jud\u0117jim\u0105, bet ir gali atlaikyti dideles apkrovas, u\u017etikrindami efektyv\u0173 ma\u0161inos veikim\u0105 ir patikimum\u0105 \u012fvairiomis eksploatavimo s\u0105lygomis.<\/p>\n<p><img decoding=\"async\" src=\"https:\/\/www.hydraulic-cylinders.net\/wp-content\/uploads\/2025\/01\/songte-company-2.webp\" \/><\/p>\n<h2>Savyb\u0117s<\/h2>\n<ul>\n<li>Efektyvus galios perdavimas: Svirties cilindras u\u017etikrina galing\u0105 tiesin\u012f judes\u012f ir j\u0117g\u0105, u\u017etikrindamas auk\u0161t\u0105 efektyvum\u0105 atliekant \u012fvairius veiksmus.<\/li>\n<li>Tikslus valdymas: Svirties cilindras gali tiksliai valdyti judes\u012f per hidraulin\u0119 sistem\u0105, tod\u0117l papildom\u0173 \u012franki\u0173 valdymas tampa lankstesnis ir tikslesnis.<\/li>\n<li>Didelis patvarumas: Svirtiniai cilindrai paprastai gaminami i\u0161 didelio stiprumo med\u017eiag\u0173, pasi\u017eymin\u010di\u0173 geru atsparumu dilimui ir korozijai, tod\u0117l tinkami ilgalaikiam naudojimui at\u0161iauriomis s\u0105lygomis.<\/li>\n<li>Daugiafunkcis pritaikomumas: \u0160ie cilindrai gali b\u016bti pla\u010diai naudojami \u012fvairi\u0173 tip\u0173 ma\u0161inose, tokiose kaip ekskavatoriai, kranai ir mechanin\u0117s svirtys, kad b\u016bt\u0173 patenkinti skirtingi eksploatavimo poreikiai.<\/li>\n<li>Lengva prie\u017ei\u016bra: Projektuojant atsi\u017evelgiama \u012f paprast\u0105 prie\u017ei\u016br\u0105 ir keitim\u0105, tod\u0117l reguliari ap\u017ei\u016bra ir technin\u0117 prie\u017ei\u016bra yra patogesni, o \u012frangos prastovos laikas sutrump\u0117ja.<\/li>\n<\/ul>\n<p><img decoding=\"async\" src=\"https:\/\/www.hydraulic-cylinders.net\/wp-content\/uploads\/2025\/01\/songte-oil-pipes-and-spare-parts.webp\" \/><\/p>\n<h2>Parai\u0161kos<\/h2>\n<p>Cilindro formos rankena pla\u010diai naudojama \u012fvairiose pramon\u0117s \u0161akose:<\/p>\n<ul>\n<li>Pastat\u0173 statyba: Svirties cilindras naudojamas ekskavatori\u0173 ir kran\u0173 kau\u0161\u0173 arba str\u0117li\u0173 jud\u0117jimui valdyti, atliekant \u017eem\u0117s darbus, med\u017eiag\u0173 tvarkym\u0105 ir konstrukcij\u0173 montavim\u0105.<\/li>\n<li>Gamyba: Svirties cilindras naudojamas mechanin\u0117ms svirtims judinti automatizuotose gamybos linijose, surinkimo, suvirinimo ir tvarkymo procesuose, taip pagerinant gamybos efektyvum\u0105 ir tikslum\u0105.<\/li>\n<li>\u017dem\u0117s \u016bkio technika: Svirties cilindras valdo valdymo svirties judes\u012f \u017eem\u0117s \u016bkio technikose, tokiose kaip derliaus nu\u0117mikliai ir s\u0117jamosios, atliekant tokias u\u017eduotis kaip s\u0117ja, tr\u0119\u0161imas ir derliaus nu\u0117mimas.<\/li>\n<li>Kasyba: Svirties cilindras naudojamas kasybos \u012frangos, skirtos r\u016bd\u0173 kasybai ir transportavimui, svirties jud\u0117jimui valdyti.<\/li>\n<li>Logistika ir transportavimas: Svirties cilindras naudojamas \u0161aki\u0173 svir\u010di\u0173 pak\u0117limui ir jud\u0117jimui valdyti \u0161akiniuose krautuvuose ir robotuose, u\u017etikrinant med\u017eiag\u0173 tvarkym\u0105 ir krovim\u0105.<\/li>\n<\/ul>\n<h2>Projektavimo aspektai ir atrankos kriterijai<\/h2>\n<p>Toliau pateikiami kai kurie svirties cilindro projektavimo aspektai ir pasirinkimo kriterijai:<\/p>\n<h3>Apkrovos paj\u0117gumas<\/h3>\n<p>Svirties cilindras turi atlaikyti maksimali\u0105 ma\u0161inos apkrov\u0105. Cilindro laikomoji galia turi b\u016bti suderinta su maksimalia ma\u0161inos apkrova, kad b\u016bt\u0173 u\u017etikrintas saugumas ir efektyvumas.<\/p>\n<h3>Sandarinimas<\/h3>\n<p>Svirties cilindras turi b\u016bti sandarus, kad b\u016bt\u0173 i\u0161vengta skys\u010dio nutek\u0117jimo ir u\u017eter\u0161imo. Sandarikliai, tokie kaip st\u016bmoklio ir koto sandarikliai, tur\u0117t\u0173 b\u016bti pagaminti i\u0161 atspari\u0173 dilimui med\u017eiag\u0173, toki\u0173 kaip poliuretanas ir nitrilo kau\u010diukas.<\/p>\n<h3>Patvarumas<\/h3>\n<p>Svirties cilindras turi b\u016bti pagamintas i\u0161 tvirt\u0173 ir patvari\u0173 med\u017eiag\u0173, kurios gali atlaikyti dilim\u0105, korozij\u0105 ir kitas at\u0161iaurias aplinkos s\u0105lygas. Cilindro korpusas ir srieginis galas turi b\u016bti kruop\u0161\u010diai apdirbti, kad b\u016bt\u0173 padidintas atsparumas dilimui.<\/p>\n<h3>Saugumas<\/h3>\n<p>Svirties cilindras turi b\u016bti suprojektuotas su saugos funkcijomis, tokiomis kaip sl\u0117gio ma\u017einimo vo\u017etuvai ir apsauginiai u\u017eraktai, kad b\u016bt\u0173 i\u0161vengta nelaiming\u0173 atsitikim\u0173 d\u0117l vir\u0161sl\u0117gio ar nety\u010dinio jud\u0117jimo.<\/p>\n<h3>Prie\u017ei\u016bra<\/h3>\n<p>Svirties cilindras turi b\u016bti suprojektuotas taip, kad j\u012f b\u016bt\u0173 lengva pri\u017ei\u016br\u0117ti ir pakeisti, taip suma\u017einant prastovas ir prie\u017ei\u016bros i\u0161laidas.<\/p>\n<p><img decoding=\"async\" src=\"https:\/\/www.hydraulic-cylinders.net\/wp-content\/uploads\/2025\/01\/songte-cylinder-head-with-all-kinds-excavator-models.webp\" \/><\/p>\n<h2>Sandarinimas ir tepimas<\/h2>\n<p>Svirtiniame cilindre naudojami \u012fvair\u016bs sandarinimo komponentai, tokie kaip st\u016bmoklio ir strypo sandarikliai, siekiant i\u0161vengti skys\u010dio nutek\u0117jimo ir u\u017eter\u0161imo. \u0160ie sandarikliai pagaminti i\u0161 atspari\u0173 dilimui med\u017eiag\u0173, toki\u0173 kaip poliuretanas ir nitrilo kau\u010diukas. Cilindro korpusas ir srieginis galinis pavir\u0161ius yra kruop\u0161\u010diai apdirbti, siekiant pagerinti atsparum\u0105 dilimui. Cilindr\u0105 reikia reguliariai tepti tinkama hidrauline alyva, kad b\u016bt\u0173 u\u017etikrintas sklandus veikimas ir pailgintas jo tarnavimo laikas.<\/p>\n<h2>Prie\u017ei\u016bra ir trik\u010di\u0173 \u0161alinimas<\/h2>\n<p>Norint u\u017etikrinti optimal\u0173 svirties cilindro veikim\u0105, b\u016btini reguliar\u016bs patikrinimai ir profilaktin\u0117 prie\u017ei\u016bra. Da\u017enos cilindro problemos gali b\u016bti skys\u010dio nuot\u0117kis, ne\u012fprastas triuk\u0161mas ir suma\u017e\u0117jusi galia. \u0160ias problemas galima i\u0161spr\u0119sti priver\u017eiant atsilaisvinusias jungtis, pakei\u010diant pa\u017eeistus sandariklius ar st\u016bmoklius ir papildant hidraulin\u0117s alyvos kiek\u012f. Rekomenduojama laikytis gamintojo prie\u017ei\u016bros gairi\u0173 ir prireikus kreiptis \u012f specialistus.<\/p>\n<p><img decoding=\"async\" src=\"https:\/\/www.hydraulic-cylinders.net\/wp-content\/uploads\/2025\/01\/songte-chushion-collar.webp\" \/><\/p>\n<h2>Diegimo vadovas<\/h2>\n<p>Nor\u0117dami sumontuoti rankenos cilindr\u0105, atlikite \u0161iuos veiksmus:<\/p>\n<ol>\n<li>Nuimkite esam\u0105 cilindr\u0105 ir nuvalykite tvirtinimo pavir\u0161i\u0173.<\/li>\n<li>\u012estatykite nauj\u0105 cilindr\u0105 ir priver\u017ekite var\u017etus iki rekomenduojamo sukimo momento.<\/li>\n<li>Prijunkite hidraulines \u017earnas ir jungiam\u0105sias detales, u\u017etikrindami, kad jos b\u016bt\u0173 tvirtos ir tvirtos.<\/li>\n<li>Pripildykite cilindr\u0105 rekomenduojama hidrauline alyva.<\/li>\n<li>Patikrinkite cilindr\u0105, ar jis tinkamai veikia ir ar n\u0117ra nuot\u0117ki\u0173.<\/li>\n<\/ol>\n<p><img decoding=\"async\" src=\"https:\/\/www.hydraulic-cylinders.net\/wp-content\/uploads\/2025\/01\/songte-bushings-with-all-kinds-of-excavator-models.webp\" \/><\/p>\n<h2>Saugos aspektai ir aplinkos veiksniai<\/h2>\n<p>Svirtinis cilindras tur\u0117t\u0173 b\u016bti naudojamas ir pri\u017ei\u016brimas pagal gamintojo nurodymus, siekiant u\u017etikrinti saug\u0173 ir patikim\u0105 veikim\u0105. Saugos \u012ftaisai, tokie kaip sl\u0117gio ma\u017einimo vo\u017etuvai ir apsauginiai u\u017eraktai, tur\u0117t\u0173 b\u016bti reguliariai tikrinami, siekiant u\u017etikrinti tinkam\u0105 veikim\u0105. Renkantis cilindr\u0105 ir jo komponentus, reik\u0117t\u0173 atsi\u017evelgti \u012f aplinkos veiksnius, tokius kaip temperat\u016bra, dr\u0117gm\u0117 ir u\u017eter\u0161tumas.<\/p>\n<h2>Apie mus<\/h2>\n<p>Esame profesionalus pakaitini\u0173 hidraulini\u0173 cilindr\u0173 gamintojas, si\u016blantis plat\u0173 gamini\u0173 asortiment\u0105, ir tapome vienu i\u0161 pirmaujan\u010di\u0173 hidraulini\u0173 cilindr\u0173 gamintoj\u0173 ir didmenini\u0173 platintoj\u0173 vidaus ir tarptautin\u0117se rinkose. Visada laikom\u0117s auk\u0161\u010diausios kokyb\u0117s principo, remdamiesi industrializuotomis gamybos valdymo strategijomis patobulintose gamybos dirbtuv\u0117se, kad nuolat tobulintume savo technin\u012f lyg\u012f ir gamybos efektyvum\u0105. \u012ediegdami auk\u0161\u010diausios klas\u0117s skaitmenin\u0119 gamybos \u012frang\u0105 ir profesionalias testavimo sistemas, nuolat optimizuojame savo gamybos platform\u0105, tobuliname gamini\u0173 kokyb\u0117s kontrol\u0117s procesus ir turime stiprias inovacij\u0173 galimybes. M\u016bs\u0173 tikslas \u2013 patenkinti \u012fvairius klient\u0173 poreikius, taikant didelio efektyvumo, tikslumo ir auk\u0161tos kokyb\u0117s principus.<\/p>\n<p><img decoding=\"async\" src=\"https:\/\/www.hydraulic-cylinders.net\/wp-content\/uploads\/2025\/01\/songte-company-4.webp\" \/><br \/>\n<img decoding=\"async\" src=\"https:\/\/www.hydraulic-cylinders.net\/wp-content\/uploads\/2025\/01\/songte-company-3.webp\" \/><\/p>\n<p>Savo klientams teikiame profesionalias, tarptautiniu mastu sertifikuotas, pritaikytas paslaugas, pa\u017eangi\u0105 gamybos \u012frang\u0105 ir garantin\u012f aptarnavim\u0105.<\/p>\n<p>Autorius: lyl<\/p>","protected":false},"excerpt":{"rendered":"<p>Arm Cylinder For Lonking Middle Excavator LG6245 Introduction The arm cylinder is a specially designed hydraulic cylinder that is mainly used to provide linear motion and power to the arms of various types of machinery such as excavators, cranes, and mechanical arms. The arm cylinder plays a crucial role in the hydraulic system, enabling the [&hellip;]<\/p>","protected":false},"featured_media":14783,"comment_status":"open","ping_status":"closed","template":"","meta":{"_et_pb_use_builder":"","_et_pb_old_content":"","_et_gb_content_width":""},"product_brand":[],"product_cat":[1497],"product_tag":[1498,1496],"class_list":{"0":"post-16547","1":"product","2":"type-product","3":"status-publish","4":"has-post-thumbnail","6":"product_cat-arm-cylinders","7":"product_tag-arm-cylinders","8":"product_tag-hydraulic-cylinders","10":"first","11":"instock","12":"shipping-taxable","13":"product-type-simple"},"amp_enabled":true,"_links":{"self":[{"href":"https:\/\/www.hydraulic-cylinders.net\/lt\/wp-json\/wp\/v2\/product\/16547","targetHints":{"allow":["GET"]}}],"collection":[{"href":"https:\/\/www.hydraulic-cylinders.net\/lt\/wp-json\/wp\/v2\/product"}],"about":[{"href":"https:\/\/www.hydraulic-cylinders.net\/lt\/wp-json\/wp\/v2\/types\/product"}],"replies":[{"embeddable":true,"href":"https:\/\/www.hydraulic-cylinders.net\/lt\/wp-json\/wp\/v2\/comments?post=16547"}],"wp:featuredmedia":[{"embeddable":true,"href":"https:\/\/www.hydraulic-cylinders.net\/lt\/wp-json\/wp\/v2\/media\/14783"}],"wp:attachment":[{"href":"https:\/\/www.hydraulic-cylinders.net\/lt\/wp-json\/wp\/v2\/media?parent=16547"}],"wp:term":[{"taxonomy":"product_brand","embeddable":true,"href":"https:\/\/www.hydraulic-cylinders.net\/lt\/wp-json\/wp\/v2\/product_brand?post=16547"},{"taxonomy":"product_cat","embeddable":true,"href":"https:\/\/www.hydraulic-cylinders.net\/lt\/wp-json\/wp\/v2\/product_cat?post=16547"},{"taxonomy":"product_tag","embeddable":true,"href":"https:\/\/www.hydraulic-cylinders.net\/lt\/wp-json\/wp\/v2\/product_tag?post=16547"}],"curies":[{"name":"wp","href":"https:\/\/api.w.org\/{rel}","templated":true}]}}