{"id":16548,"date":"2025-01-21T05:33:09","date_gmt":"2025-01-21T05:33:09","guid":{"rendered":"https:\/\/www.hydraulic-cylinders.net\/product\/arm-cylinder-for-lonking-large-excavator-lg6365\/"},"modified":"2025-01-21T05:33:11","modified_gmt":"2025-01-21T05:33:11","slug":"arm-cylinder-for-lonking-large-excavator-lg6365","status":"publish","type":"product","link":"https:\/\/www.hydraulic-cylinders.net\/lt\/produktas\/arm-cylinder-for-lonking-large-excavator-lg6365\/","title":{"rendered":"Didelio ekskavatoriaus \u201eLonking LG6365\u201c rankenos cilindras"},"content":{"rendered":"<h2>Didelio ekskavatoriaus \u201eLonking LG6365\u201c rankenos cilindras<\/h2>\n<h3>Apibr\u0117\u017eimas ir paai\u0161kinimas<\/h3>\n<p>Svirties cilindras yra specialiai suprojektuotas hidraulinis cilindras, kuris pirmiausia naudojamas linijiniam jud\u0117jimui ir galiai u\u017etikrinti \u012fvairi\u0173 tip\u0173 ma\u0161in\u0173, toki\u0173 kaip ekskavatoriai, kranai ir robotin\u0117s rankos, svirt\u012f. Svirties cilindras atlieka labai svarb\u0173 vaidmen\u012f hidraulin\u0117je sistemoje, nes leid\u017eia efektyviai perkelti ir valdyti priedus ar priedus. \u0160ie cilindrai ne tik u\u017etikrina skland\u0173 jud\u0117jim\u0105, bet ir atlaiko dideles apkrovas, u\u017etikrindami efektyv\u0173 ma\u0161inos veikim\u0105 ir patikimum\u0105 \u012fvairiomis darbo s\u0105lygomis.<\/p>\n<p><img decoding=\"async\" src=\"https:\/\/www.hydraulic-cylinders.net\/wp-content\/uploads\/2025\/01\/songte-company-2.webp\" alt=\"rankos cilindro vaizdas\" \/><\/p>\n<h3>Savyb\u0117s<\/h3>\n<ul>\n<li><strong>Didelio efektyvumo energijos perdavimas:<\/strong> Svirtiniai cilindrai u\u017etikrina galing\u0105 tiesin\u012f judes\u012f ir j\u0117g\u0105, u\u017etikrindami auk\u0161t\u0105 na\u0161um\u0105 atliekant \u012fvairius darbus, tokius kaip k\u0117limas ir kasimas.<\/li>\n<li><strong>Tikslus valdymas:<\/strong> Hidraulin\u0117s sistemos d\u0117ka svirties cilindrai gali tiksliai valdyti judes\u012f, tod\u0117l pried\u0173 valdymas tampa lankstesnis ir tikslesnis.<\/li>\n<li><strong>Stiprus patvarumas:<\/strong> Svirtiniai cilindrai paprastai gaminami i\u0161 didelio stiprumo med\u017eiag\u0173 ir pasi\u017eymi geru atsparumu dilimui bei korozijai, tod\u0117l tinkami ilgalaikiam naudojimui at\u0161iauriomis s\u0105lygomis.<\/li>\n<li><strong>Daugiafunkcinis prisitaikymas:<\/strong> \u0160ie cilindrai gali b\u016bti pla\u010diai naudojami \u012fvairi\u0173 tip\u0173 ma\u0161inose, tokiose kaip ekskavatoriai, kranai ir robotin\u0117s rankos, pritaikant juos skirtingiems darbo reikalavimams.<\/li>\n<li><strong>Lengva prie\u017ei\u016bra:<\/strong> Svirties cilindro konstrukcija skirta lengvam techniniam aptarnavimui ir keitimui, tod\u0117l reguliari ap\u017ei\u016bra ir prie\u017ei\u016bra yra patogesni, o \u012frangos prastovos suma\u017e\u0117ja.<\/li>\n<\/ul>\n<p>Mes galime pagaminti \u0161\u012f produkt\u0105, o m\u016bs\u0173 produktas gali puikiai pakeisti \u0161iuos hidraulinius cilindrus.<\/p>\n<p><img decoding=\"async\" src=\"https:\/\/www.hydraulic-cylinders.net\/wp-content\/uploads\/2025\/01\/songte-oil-pipes-and-spare-parts.webp\" alt=\"alyvos vamzd\u017ei\u0173 ir atsargini\u0173 dali\u0173 vaizdas\" \/><\/p>\n<h3>Parai\u0161kos<\/h3>\n<p>Svirtinis cilindras pla\u010diai naudojamas \u012fvairiose pramon\u0117s \u0161akose, \u012fskaitant:<\/p>\n<ul>\n<li><strong>Konstrukcija:<\/strong> Ekskavatoriuose ir kranuose svirties cilindras naudojamas kau\u0161\u0173 arba str\u0117li\u0173 jud\u0117jimui valdyti atliekant \u017eem\u0117s darbus, med\u017eiag\u0173 tvarkym\u0105 ir konstrukcij\u0173 montavim\u0105.<\/li>\n<li><strong>Gamyba:<\/strong> Automatizuotose gamybos linijose svirties cilindras naudojamas atliekant tokias proceso operacijas kaip surinkimas, suvirinimas ir med\u017eiag\u0173 tvarkymas, taip pagerinant gamybos efektyvum\u0105 ir tikslum\u0105.<\/li>\n<li><strong>\u017dem\u0117s \u016bkis:<\/strong> \u017dem\u0117s \u016bkio technikose, tokiose kaip derliaus nu\u0117mimo ma\u0161inos ir sodinamosios, svirties cilindras valdo valdymo svirties judes\u012f, atlikdamas tokias u\u017eduotis kaip s\u0117ja, tr\u0119\u0161imas ir derliaus nu\u0117mimas.<\/li>\n<li><strong>Kasyba:<\/strong> Kasybos \u012frangoje svirties cilindras naudojamas kasybos \u012frangos svirties jud\u0117jimui valdyti, atliekant tokias u\u017eduotis kaip kasyba ir med\u017eiag\u0173 tvarkymas.<\/li>\n<li><strong>Logistika ir transportas:<\/strong> \u0160akiniuose krautuvuose ir tvarkymo robotuose svirties cilindras naudojamas krovinio k\u0117limui ir jud\u0117jimui valdyti, med\u017eiag\u0173 tvarkymui ir krovimui.<\/li>\n<\/ul>\n<h3>Projektavimo aspektai ir atrankos kriterijai<\/h3>\n<p>Projektuojant ir renkantis cilindro formos svirt\u012f, reikia atsi\u017evelgti \u012f kelis pagrindinius veiksnius:<\/p>\n<ul>\n<li><strong>Keliamoji galia:<\/strong> Svirties cilindras turi tur\u0117ti pakankam\u0105 laikom\u0105j\u0105 gali\u0105, kad atlaikyt\u0173 pried\u0173 ir med\u017eiag\u0173 svor\u012f.<\/li>\n<li><strong>Sandarinimas:<\/strong> Siekiant i\u0161vengti skys\u010dio nuot\u0117kio ir u\u017etikrinti patikim\u0105 veikim\u0105, tur\u0117t\u0173 b\u016bti naudojami \u012fvair\u016bs sandarinimo komponentai, tokie kaip st\u016bmoklio sandarikliai ir strypo sandarikliai.<\/li>\n<li><strong>Patvarumas:<\/strong> Svirties cilindras turi b\u016bti pagamintas i\u0161 auk\u0161tos kokyb\u0117s med\u017eiag\u0173 ir tinkamai apdorotas pavir\u0161iumi, kad b\u016bt\u0173 u\u017etikrintas atsparumas dilimui ir korozijai bei ilgalaikis naudojimas at\u0161iauriomis s\u0105lygomis.<\/li>\n<li><strong>Saugumas:<\/strong> Siekiant i\u0161vengti nelaiming\u0173 atsitikim\u0173, reik\u0117t\u0173 atsi\u017evelgti \u012f tokias saugos funkcijas kaip apsauga nuo perkrovos ir avarinis stabdymas.<\/li>\n<li><strong>Prie\u017ei\u016bra:<\/strong> Svirties cilindras tur\u0117t\u0173 b\u016bti lengvai pri\u017ei\u016brimas ir kei\u010diamas, kad b\u016bt\u0173 kuo ma\u017eiau prastov\u0173.<\/li>\n<\/ul>\n<p><img decoding=\"async\" src=\"https:\/\/www.hydraulic-cylinders.net\/wp-content\/uploads\/2025\/01\/songte-cylinder-head-with-all-kinds-excavator-models.webp\" alt=\"cilindro galvut\u0117 su vis\u0173 r\u016b\u0161i\u0173 ekskavatori\u0173 modeli\u0173 paveiksl\u0117liu\" \/><\/p>\n<h3>Sandarinimas ir tepimas<\/h3>\n<p>Svirtiniuose cilindruose naudojami \u012fvair\u016bs sandarinimo komponentai, tokie kaip st\u016bmokli\u0173 ir kot\u0173 sandarikliai, siekiant i\u0161vengti skys\u010dio nuot\u0117kio ir u\u017etikrinti patikim\u0105 veikim\u0105. \u0160ie sandarinimo komponentai pagaminti i\u0161 atspari\u0173 dilimui med\u017eiag\u0173, toki\u0173 kaip poliuretanas ir nitrilo kau\u010diukas. Cilindro korpusas ir srieginis galinis pavir\u0161ius yra kruop\u0161\u010diai apdirbti, siekiant pagerinti atsparum\u0105 dilimui. Norint u\u017etikrinti skland\u0173 veikim\u0105 ir pailginti svirtinio cilindro tarnavimo laik\u0105, reikia tinkamai sutepti hidrauline alyva.<\/p>\n<h3>Ap\u017ei\u016bra ir prevencin\u0117 prie\u017ei\u016bra<\/h3>\n<p>Reguliarus patikrinimas ir profilaktin\u0117 prie\u017ei\u016bra yra b\u016btini siekiant u\u017etikrinti patikim\u0105 svirties cilindro veikim\u0105 ir suma\u017einti \u012frangos prastov\u0173 laik\u0105. Svarbiausi patikrinimo ir prie\u017ei\u016bros elementai apima nuot\u0117ki\u0173 patikrinim\u0105, cilindro korpuso ir st\u016bmoklio koto pavir\u0161iaus susid\u0117v\u0117jimo patikrinim\u0105 ir susid\u0117v\u0117jusi\u0173 ar pa\u017eeist\u0173 sandarinimo komponent\u0173 keitim\u0105. Be to, reguliarus hidraulin\u0117s alyvos keitimas ir cilindro korpuso bei st\u016bmoklio koto valymas gali pad\u0117ti i\u0161vengti gedim\u0173.<\/p>\n<p><img decoding=\"async\" src=\"https:\/\/www.hydraulic-cylinders.net\/wp-content\/uploads\/2025\/01\/songte-chushion-collar.webp\" alt=\"pagalv\u0117l\u0117s apykakl\u0117s vaizdas\" \/><\/p>\n<h3>Diegimo vadovas<\/h3>\n<p>Prie\u0161 montuodami svirties cilindr\u0105, \u012fsitikinkite, kad hidraulin\u0117 sistema yra \u0161vari ir be priemai\u0161\u0173. Montuodami cilindr\u0105, venkite sm\u016bgi\u0173 ar dau\u017eym\u0173 \u012f cilindro korpus\u0105 ir st\u016bmoklio kot\u0105, kad nepa\u017eeistum\u0117te j\u0173. Cilindro sriegin\u012f gal\u0105 reikia priver\u017eti iki nurodyto sukimo momento, kad b\u016bt\u0173 u\u017etikrintas patikimas sandarumas. Po montavimo atlikite sl\u0117gio bandym\u0105, kad patikrintum\u0117te, ar n\u0117ra nuot\u0117ki\u0173 ir kad \u012fsitikintum\u0117te, jog veikia tinkamai.<\/p>\n<h3>Saugos aspektai ir aplinkos veiksniai<\/h3>\n<p>Naudojant svirties cilindr\u0105, svarbu laikytis saugos proced\u016br\u0173, kad b\u016bt\u0173 i\u0161vengta nelaiming\u0173 atsitikim\u0173. Operatoriai turi b\u016bti apmokyti ir kvalifikuoti valdyti \u012frang\u0105, taip pat turi b\u016bti naudojamos tokios saugos funkcijos kaip apsauga nuo perkrovos ir avarinis stabdymas. Be to, norint u\u017etikrinti tinkam\u0105 veikim\u0105 ir i\u0161vengti gedim\u0173, reikia atsi\u017evelgti \u012f aplinkos veiksnius, tokius kaip temperat\u016bra ir dr\u0117gm\u0117.<\/p>\n<h3>Trik\u010di\u0173 \u0161alinimas ir da\u017eniausios problemos<\/h3>\n<p>Da\u017enos svirtini\u0173 cilindr\u0173 problemos yra skys\u010dio nuot\u0117kis, nepakankama galia ir ne\u012fprastas triuk\u0161mas. Norint diagnozuoti ir i\u0161spr\u0119sti \u0161ias problemas, svarbu patikrinti sandarinimo komponentus, hidraulin\u0117s alyvos lyg\u012f ir cilindro korpuso bei st\u016bmoklio koto pavir\u0161i\u0173, ar jie n\u0117ra susid\u0117v\u0117j\u0119 ar pa\u017eeisti. Be to, reguliari ap\u017ei\u016bra ir prie\u017ei\u016bra gali pad\u0117ti i\u0161vengti galim\u0173 problem\u0173.<\/p>\n<p>Jei problemos i\u0161lieka, kreipkit\u0117s \u012f specialist\u0105, kuris suteiks pagalb\u0105 ir remonto paslaugas.<\/p>\n<p><img decoding=\"async\" src=\"https:\/\/www.hydraulic-cylinders.net\/wp-content\/uploads\/2025\/01\/songte-bushings-with-all-kinds-of-excavator-models.webp\" alt=\"\u012fvor\u0117s su vis\u0173 r\u016b\u0161i\u0173 ekskavatori\u0173 modeli\u0173 paveiksl\u0117liu\" \/><\/p>\n<h3>Apie mus<\/h3>\n<p>Esame profesionalus pakaitini\u0173 hidraulini\u0173 cilindr\u0173 gamintojas, si\u016blantis plat\u0173 gamini\u0173 asortiment\u0105, ir tapome vienu i\u0161 pirmaujan\u010di\u0173 hidraulini\u0173 cilindr\u0173 gamintoj\u0173 ir didmenini\u0173 platintoj\u0173 vidaus ir tarptautin\u0117se rinkose. Visada laikom\u0117s puikios kokyb\u0117s principo, remiam\u0117s industrializuota sud\u0117ting\u0173 gamybos cech\u0173 gamybos valdymo strategija ir nuolat tobuliname savo technin\u012f lyg\u012f bei gamybos efektyvum\u0105. \u012ediegdami pa\u017eangi\u0105 skaitmenin\u0119 gamybos \u012frang\u0105 ir profesionalias testavimo sistemas, optimizuojame gamybos platform\u0105, tobuliname gamini\u0173 kokyb\u0117s kontrol\u0117s proces\u0105 ir turime stiprias inovacij\u0173 galimybes. M\u016bs\u0173 tikslas \u2013 patenkinti \u012fvairius klient\u0173 poreikius, laikantis didelio efektyvumo, tikslumo ir auk\u0161tos kokyb\u0117s princip\u0173.<\/p>\n<p>Be to, teikiame individualiai pritaikytas paslaugas, turime tarptautinius sertifikatus, pa\u017eangi\u0105 gamybos \u012frang\u0105 ir puik\u0173 aptarnavim\u0105 po pardavimo, kad u\u017etikrintume klient\u0173 pasitenkinim\u0105.<\/p>\n<p><img decoding=\"async\" src=\"https:\/\/www.hydraulic-cylinders.net\/wp-content\/uploads\/2025\/01\/songte-company-4.webp\" alt=\"\u012fmon\u0117s \u012fvaizdis\" \/><br \/>\n<img decoding=\"async\" src=\"https:\/\/www.hydraulic-cylinders.net\/wp-content\/uploads\/2025\/01\/songte-company-3.webp\" alt=\"\u012fmon\u0117s \u012fvaizdis\" \/><\/p>\n<p>Autorius: lyl.<\/p>","protected":false},"excerpt":{"rendered":"<p>Arm Cylinder For Lonking Large Excavator LG6365 Definition and Explanation An arm cylinder is a specially designed hydraulic cylinder that is primarily used to provide linear motion and power to the arm of various types of machinery such as excavators, cranes, and robotic arms. The arm cylinder plays a crucial role in the hydraulic system, [&hellip;]<\/p>","protected":false},"featured_media":14779,"comment_status":"open","ping_status":"closed","template":"","meta":{"_et_pb_use_builder":"","_et_pb_old_content":"","_et_gb_content_width":""},"product_brand":[],"product_cat":[1497],"product_tag":[1498,1496],"class_list":{"0":"post-16548","1":"product","2":"type-product","3":"status-publish","4":"has-post-thumbnail","6":"product_cat-arm-cylinders","7":"product_tag-arm-cylinders","8":"product_tag-hydraulic-cylinders","10":"first","11":"instock","12":"shipping-taxable","13":"product-type-simple"},"amp_enabled":true,"_links":{"self":[{"href":"https:\/\/www.hydraulic-cylinders.net\/lt\/wp-json\/wp\/v2\/product\/16548","targetHints":{"allow":["GET"]}}],"collection":[{"href":"https:\/\/www.hydraulic-cylinders.net\/lt\/wp-json\/wp\/v2\/product"}],"about":[{"href":"https:\/\/www.hydraulic-cylinders.net\/lt\/wp-json\/wp\/v2\/types\/product"}],"replies":[{"embeddable":true,"href":"https:\/\/www.hydraulic-cylinders.net\/lt\/wp-json\/wp\/v2\/comments?post=16548"}],"wp:featuredmedia":[{"embeddable":true,"href":"https:\/\/www.hydraulic-cylinders.net\/lt\/wp-json\/wp\/v2\/media\/14779"}],"wp:attachment":[{"href":"https:\/\/www.hydraulic-cylinders.net\/lt\/wp-json\/wp\/v2\/media?parent=16548"}],"wp:term":[{"taxonomy":"product_brand","embeddable":true,"href":"https:\/\/www.hydraulic-cylinders.net\/lt\/wp-json\/wp\/v2\/product_brand?post=16548"},{"taxonomy":"product_cat","embeddable":true,"href":"https:\/\/www.hydraulic-cylinders.net\/lt\/wp-json\/wp\/v2\/product_cat?post=16548"},{"taxonomy":"product_tag","embeddable":true,"href":"https:\/\/www.hydraulic-cylinders.net\/lt\/wp-json\/wp\/v2\/product_tag?post=16548"}],"curies":[{"name":"wp","href":"https:\/\/api.w.org\/{rel}","templated":true}]}}