{"id":16551,"date":"2025-01-21T05:33:23","date_gmt":"2025-01-21T05:33:23","guid":{"rendered":"https:\/\/www.hydraulic-cylinders.net\/product\/arm-cylinder-for-jcm-small-excavator-jcm913b\/"},"modified":"2025-01-21T05:33:25","modified_gmt":"2025-01-21T05:33:25","slug":"arm-cylinder-for-jcm-small-excavator-jcm913b","status":"publish","type":"product","link":"https:\/\/www.hydraulic-cylinders.net\/lt\/produktas\/arm-cylinder-for-jcm-small-excavator-jcm913b\/","title":{"rendered":"JCM ma\u017eo ekskavatoriaus JCM913B svirties cilindras"},"content":{"rendered":"<p>JCM ma\u017eo ekskavatoriaus JCM913B svirties cilindras<\/p>\n<h2>\u012evadas<\/h2>\n<h3>Apibr\u0117\u017eimas ir paai\u0161kinimas<\/h3>\n<p>Svirties cilindras, dar \u017einomas kaip hidraulinis cilindras, yra specialiai suprojektuotas hidraulinis cilindras, u\u017etikrinantis tiesin\u012f jud\u0117jim\u0105 ir gali\u0105 \u012fvairi\u0173 ma\u0161in\u0173, toki\u0173 kaip ekskavatoriai, kranai ir mechanin\u0117s svirtys, svirtims. Svirties cilindras atlieka labai svarb\u0173 vaidmen\u012f hidraulin\u0117se sistemose, nes leid\u017eia efektyviai jud\u0117ti ir valdyti papildomus \u012frankius ar priedus. \u0160ie cilindrai ne tik u\u017etikrina skland\u0173 jud\u0117jim\u0105, bet ir atlaiko dideles apkrovas, u\u017etikrindami efektyv\u0173 ma\u0161in\u0173 veikim\u0105 ir patikimum\u0105 \u012fvairiomis eksploatavimo s\u0105lygomis.<\/p>\n<p><img decoding=\"async\" src=\"https:\/\/www.hydraulic-cylinders.net\/wp-content\/uploads\/2025\/01\/songte-company-2.webp\"><\/p>\n<h2>Produkto savyb\u0117s<\/h2>\n<h3>Efektyvus energijos perdavimas<\/h3>\n<p>Svirties cilindras u\u017etikrina galing\u0105 tiesin\u012f judes\u012f ir j\u0117g\u0105, kad b\u016bt\u0173 u\u017etikrintas didelis mechanin\u0117s svirties efektyvumas atliekant \u012fvairias operacijas.<\/p>\n<h3>Tikslus valdymas<\/h3>\n<p>Hidraulin\u0117s sistemos d\u0117ka rankos cilindras gali tiksliai valdyti judes\u012f, tod\u0117l papildom\u0173 \u012franki\u0173 valdymas tampa lankstesnis ir tikslesnis.<\/p>\n<h3>Patvarus<\/h3>\n<p>Svirties cilindras paprastai pagamintas i\u0161 didelio stiprumo med\u017eiag\u0173 ir pasi\u017eymi geru atsparumu dilimui ir korozijai, tod\u0117l tinka ilgalaikiam naudojimui at\u0161iauriomis s\u0105lygomis.<\/p>\n<h3>Daugiafunkcinis prisitaikymas<\/h3>\n<p>\u0160ie cilindrai gali b\u016bti pla\u010diai naudojami \u012fvairiuose mechaniniuose \u012frenginiuose, tokiuose kaip ekskavatoriai, kranai ir mechanin\u0117s svirtys, kad atitikt\u0173 skirtingus darbo reikalavimus.<\/p>\n<h3>Lengva prie\u017ei\u016bra<\/h3>\n<p>Projektuojant atsi\u017evelgiama \u012f paprast\u0105 prie\u017ei\u016br\u0105 ir keitim\u0105, tod\u0117l reguliari ap\u017ei\u016bra ir prie\u017ei\u016bra yra patogesni, o \u012frangos prastovos laikas sutrump\u0117ja.<\/p>\n<p><img decoding=\"async\" src=\"https:\/\/www.hydraulic-cylinders.net\/wp-content\/uploads\/2025\/01\/songte-oil-pipes-and-spare-parts.webp\"><\/p>\n<h2>Parai\u0161kos<\/h2>\n<h3>Statybos in\u017einerija<\/h3>\n<p>Ekskavatoriuose ir kranuose svirties cilindras naudojamas kau\u0161o arba str\u0117l\u0117s jud\u0117jimui valdyti atliekant \u017eem\u0117s darbus, med\u017eiag\u0173 tvarkym\u0105 ir konstrukcij\u0173 montavim\u0105.<\/p>\n<h3>Gamybos pramon\u0117<\/h3>\n<p>Automatizuotose gamybos linijose svirties cilindras naudojamas mechanin\u0117ms svirtims judinti surinkimo, suvirinimo ir tvarkymo procesuose, taip pagerinant gamybos efektyvum\u0105 ir tikslum\u0105.<\/p>\n<h3>\u017dem\u0117s \u016bkio technika<\/h3>\n<p>\u017dem\u0117s \u016bkio technikose, tokiose kaip derliaus nu\u0117mimo ma\u0161inos ir sodinamosios, svirties cilindras valdo valdymo svirties judes\u012f atliekant tokias u\u017eduotis kaip sodinimas, tr\u0119\u0161imas ir derliaus nu\u0117mimas.<\/p>\n<h3>Kasyba<\/h3>\n<p>Kasybos \u012frangoje rankos cilindras naudojamas kasybos \u012frangos rankos jud\u0117jimui valdyti r\u016bdos kasybai ir tvarkymui.<\/p>\n<h3>Logistika ir transportas<\/h3>\n<p>\u0160akiniuose krautuvuose ir tvarkymo robotuose svirties cilindras naudojamas krovinio \u0161ak\u0117s k\u0117limui ir jud\u0117jimui valdyti, kad b\u016bt\u0173 galima tvarkyti ir krauti med\u017eiagas.<\/p>\n<h2>Projektavimo aspektai ir atrankos kriterijai<\/h2>\n<h3>Guoli\u0173 talpa<\/h3>\n<p>Svirties cilindras turi atlaikyti maksimali\u0105 mechanin\u0117s svirties ir papildom\u0173 \u012franki\u0173 ar pried\u0173 apkrov\u0105.<\/p>\n<h3>Sandarinimo efektyvumas<\/h3>\n<p>Svirties cilindre naudojami \u012fvair\u016bs sandarinimo komponentai, tokie kaip st\u016bmokli\u0173 ir kot\u0173 sandarikliai, pagaminti i\u0161 atspari\u0173 dilimui med\u017eiag\u0173, toki\u0173 kaip poliuretanas ir nitrilo kau\u010diukas. Cilindro korpusas ir srieginiai galiniai pavir\u0161iai yra kruop\u0161\u010diai apdirbti, siekiant pagerinti atsparum\u0105 dilimui. Tepimui reikia reguliariai \u012fpilti atitinkamos hidraulin\u0117s alyvos.<\/p>\n<h3>Patvarumas<\/h3>\n<p>Svirties cilindras paprastai gaminamas i\u0161 didelio stiprumo ir atspari\u0173 dilimui med\u017eiag\u0173, kad b\u016bt\u0173 u\u017etikrintas ilgalaikis naudojimas at\u0161iauriomis s\u0105lygomis.<\/p>\n<h3>Sauga ir prie\u017ei\u016bra<\/h3>\n<p>Svirties cilindro konstrukcija tur\u0117t\u0173 b\u016bti skirta saugumui ir prie\u017ei\u016bros paprastumui u\u017etikrinti, pavyzd\u017eiui, \u012frengiant apsauginius vo\u017etuvus ir naudojant standartizuotas dalis, kad jas b\u016bt\u0173 lengva pakeisti.<\/p>\n<p><img decoding=\"async\" src=\"https:\/\/www.hydraulic-cylinders.net\/wp-content\/uploads\/2025\/01\/songte-cylinder-head-with-all-kinds-excavator-models.webp\"><\/p>\n<h2>Profilaktin\u0117 prie\u017ei\u016bra ir trik\u010di\u0173 \u0161alinimas<\/h2>\n<p>Norint u\u017etikrinti normal\u0173 svirties cilindro veikim\u0105, b\u016btina reguliariai j\u012f ap\u017ei\u016br\u0117ti ir pri\u017ei\u016br\u0117ti. Da\u017eniausios problemos yra alyvos nuot\u0117kis, nepakankamas galios perdavimas ir ne\u012fprastas triuk\u0161mas.<\/p>\n<h3>Trik\u010di\u0173 \u0161alinimas<\/h3>\n<p>I\u0161kilus problemai, patikrinkite atitinkamus komponentus ir sistemas, pvz., alyvos grandin\u0119, sandarinimo komponentus ir vo\u017etuvus. Pakeiskite arba suremontuokite pa\u017eeistas dalis ir patikrinkite, ar jos tinkamai sumontuotos.<\/p>\n<h3>Prevencin\u0117s priemon\u0117s<\/h3>\n<p>Periodiniai patikrinimai ir prie\u017ei\u016bra, reguliarus tepimas ir da\u017enas valymas gali pad\u0117ti i\u0161vengti galim\u0173 problem\u0173 ir pailginti svirties cilindro tarnavimo laik\u0105.<\/p>\n<p><img decoding=\"async\" src=\"https:\/\/www.hydraulic-cylinders.net\/wp-content\/uploads\/2025\/01\/songte-chushion-collar.webp\"><\/p>\n<h2>Diegimo vadovas<\/h2>\n<p>Svirties cilindr\u0105 tur\u0117t\u0173 sumontuoti profesionalai pagal kartu su gaminiu pateiktas montavimo instrukcijas. Montavimo procesas turi u\u017etikrinti, kad cilindras b\u016bt\u0173 tvirtai pritvirtintas, alyvos grandin\u0117 veikt\u0173 skland\u017eiai, o i\u0161 sistemos b\u016bt\u0173 pa\u0161alintas oras.<\/p>\n<p><img decoding=\"async\" src=\"https:\/\/www.hydraulic-cylinders.net\/wp-content\/uploads\/2025\/01\/songte-bushings-with-all-kinds-of-excavator-models.webp\"><\/p>\n<h2>Apie mus<\/h2>\n<p>Esame profesionalus pakaitini\u0173 hidraulini\u0173 cilindr\u0173 gamintojas, si\u016blantis plat\u0173 gamini\u0173 asortiment\u0105, ir tapome vienu i\u0161 pirmaujan\u010di\u0173 hidraulini\u0173 cilindr\u0173 gamintoj\u0173 bei didmenini\u0173 platintoj\u0173 vidaus ir u\u017esienio rinkose. Visada laikom\u0117s puikios kokyb\u0117s principo, remiam\u0117s industrializuota gamybos valdymo strategija, sukurta moderniose gamybos dirbtuv\u0117se, nuolat tobuliname savo technin\u012f lyg\u012f ir gamybos efektyvum\u0105. \u012ediegdami auk\u0161\u010diausios klas\u0117s skaitmenin\u0119 gamybos \u012frang\u0105 ir profesionalias testavimo sistemas, optimizuojame savo gamybos platform\u0105, tobuliname gamini\u0173 kokyb\u0117s kontrol\u0117s procesus ir turime stiprias inovacij\u0173 galimybes. M\u016bs\u0173 tikslas \u2013 patenkinti \u012fvairius klient\u0173 poreikius, u\u017etikrinant auk\u0161t\u0105 efektyvum\u0105, tikslum\u0105 ir auk\u0161tos kokyb\u0117s gaminius.<\/p>\n<p><img decoding=\"async\" src=\"https:\/\/www.hydraulic-cylinders.net\/wp-content\/uploads\/2025\/01\/songte-company-4.webp\"><\/p>\n<h3>Profesionalumas<\/h3>\n<p>Turime profesionali\u0105 komand\u0105, kuri klientams teikia profesionali\u0105 technin\u0119 pagalb\u0105 ir paslaugas.<\/p>\n<h3>Tarptautinis sertifikavimas<\/h3>\n<p>M\u016bs\u0173 gaminiai yra sertifikuoti pagal ISO9001, CE ir kitus tarptautinius standartus, u\u017etikrinant gamini\u0173 kokyb\u0119 ir saug\u0105.<\/p>\n<h3>Pritaikymo paslaugos<\/h3>\n<p>Teikiame individualias paslaugas, pritaikytas individualiems klient\u0173 poreikiams ir reikalavimams.<\/p>\n<h3>Gamybos \u012franga<\/h3>\n<p>Turime pa\u017eangi\u0105 gamybos \u012frang\u0105 ir bandym\u0173 \u012frang\u0105, kad u\u017etikrintume m\u016bs\u0173 gamini\u0173 kokyb\u0119 ir na\u0161um\u0105.<\/p>\n<h3>Aptarnavimas po pardavimo<\/h3>\n<p>Mes teikiame savalaikes ir efektyvias garantinio aptarnavimo paslaugas, siekdami u\u017etikrinti klient\u0173 pasitenkinim\u0105 ir pasitik\u0117jim\u0105.<\/p>\n<p><img decoding=\"async\" src=\"https:\/\/www.hydraulic-cylinders.net\/wp-content\/uploads\/2025\/01\/songte-company-3.webp\"><\/p>\n<p>Autorius: lyl<\/p>","protected":false},"excerpt":{"rendered":"<p>Arm Cylinder For JCM Small Excavator JCM913B Introduction Definition and Explanation The arm cylinder, also known as the hydraulic cylinder, is a specially designed hydraulic cylinder that provides linear motion and power to the arms of various machinery, such as excavators, cranes, and mechanical arms. The arm cylinder plays a crucial role in hydraulic systems, [&hellip;]<\/p>","protected":false},"featured_media":14772,"comment_status":"open","ping_status":"closed","template":"","meta":{"_et_pb_use_builder":"","_et_pb_old_content":"","_et_gb_content_width":""},"product_brand":[],"product_cat":[1497],"product_tag":[1498,1496],"class_list":{"0":"post-16551","1":"product","2":"type-product","3":"status-publish","4":"has-post-thumbnail","6":"product_cat-arm-cylinders","7":"product_tag-arm-cylinders","8":"product_tag-hydraulic-cylinders","10":"first","11":"instock","12":"shipping-taxable","13":"product-type-simple"},"amp_enabled":true,"_links":{"self":[{"href":"https:\/\/www.hydraulic-cylinders.net\/lt\/wp-json\/wp\/v2\/product\/16551","targetHints":{"allow":["GET"]}}],"collection":[{"href":"https:\/\/www.hydraulic-cylinders.net\/lt\/wp-json\/wp\/v2\/product"}],"about":[{"href":"https:\/\/www.hydraulic-cylinders.net\/lt\/wp-json\/wp\/v2\/types\/product"}],"replies":[{"embeddable":true,"href":"https:\/\/www.hydraulic-cylinders.net\/lt\/wp-json\/wp\/v2\/comments?post=16551"}],"wp:featuredmedia":[{"embeddable":true,"href":"https:\/\/www.hydraulic-cylinders.net\/lt\/wp-json\/wp\/v2\/media\/14772"}],"wp:attachment":[{"href":"https:\/\/www.hydraulic-cylinders.net\/lt\/wp-json\/wp\/v2\/media?parent=16551"}],"wp:term":[{"taxonomy":"product_brand","embeddable":true,"href":"https:\/\/www.hydraulic-cylinders.net\/lt\/wp-json\/wp\/v2\/product_brand?post=16551"},{"taxonomy":"product_cat","embeddable":true,"href":"https:\/\/www.hydraulic-cylinders.net\/lt\/wp-json\/wp\/v2\/product_cat?post=16551"},{"taxonomy":"product_tag","embeddable":true,"href":"https:\/\/www.hydraulic-cylinders.net\/lt\/wp-json\/wp\/v2\/product_tag?post=16551"}],"curies":[{"name":"wp","href":"https:\/\/api.w.org\/{rel}","templated":true}]}}