{"id":16554,"date":"2025-01-21T05:33:34","date_gmt":"2025-01-21T05:33:34","guid":{"rendered":"https:\/\/www.hydraulic-cylinders.net\/product\/arm-cylinder-for-jcm-middle-excavator-jcm924f\/"},"modified":"2025-01-21T05:33:36","modified_gmt":"2025-01-21T05:33:36","slug":"arm-cylinder-for-jcm-middle-excavator-jcm924f","status":"publish","type":"product","link":"https:\/\/www.hydraulic-cylinders.net\/lt\/produktas\/arm-cylinder-for-jcm-middle-excavator-jcm924f\/","title":{"rendered":"JCM vidutinio ekskavatoriaus JCM924F svirties cilindras"},"content":{"rendered":"<h1>JCM vidutinio ekskavatoriaus JCM924F svirties cilindras<\/h1>\n<h2>\u012evadas<\/h2>\n<p>Svirties cilindras yra specialiai suprojektuotas hidraulinis cilindras, kuris pirmiausia naudojamas linijiniam judesiui ir galiai u\u017etikrinti \u012fvairi\u0173 tip\u0173 ma\u0161in\u0173, toki\u0173 kaip ekskavatoriai, kranai ir mechanin\u0117s svirtys, svirtims. Svirties cilindras atlieka labai svarb\u0173 vaidmen\u012f hidraulin\u0117se sistemose, nes leid\u017eia efektyviai jud\u0117ti ir valdyti papildomus \u012frankius ar priedus. \u0160ie cilindrai ne tik u\u017etikrina skland\u0173 jud\u0117jim\u0105, bet ir atlaiko dideles apkrovas, u\u017etikrindami auk\u0161t\u0105 ma\u0161in\u0173 efektyvum\u0105 ir patikimum\u0105 \u012fvairiomis eksploatavimo s\u0105lygomis.<\/p>\n<p><img decoding=\"async\" src=\"https:\/\/www.hydraulic-cylinders.net\/wp-content\/uploads\/2025\/01\/songte-company-2.webp\" alt=\"Svirties cilindro vaizdas\"><\/p>\n<h2>Savyb\u0117s<\/h2>\n<ul>\n<li><strong>Didelio efektyvumo transmisija:<\/strong> Svirties cilindras u\u017etikrina galing\u0105 tiesin\u012f judes\u012f ir j\u0117g\u0105, u\u017etikrindamas auk\u0161t\u0105 mechanin\u0117s svirties na\u0161um\u0105 atliekant \u012fvairias operacijas.<\/li>\n<li><strong>Tikslus valdymas:<\/strong> Hidraulin\u0117s sistemos d\u0117ka svirties cilindras leid\u017eia tiksliai valdyti judes\u012f, tod\u0117l pritvirtint\u0173 \u012franki\u0173 valdymas tampa lankstesnis ir tikslesnis.<\/li>\n<li><strong>Patvarumas:<\/strong> Svirtiniai cilindrai paprastai gaminami i\u0161 didelio stiprumo med\u017eiag\u0173, pasi\u017eymin\u010di\u0173 puikiu atsparumu dilimui ir korozijai, tod\u0117l jie tinkami ilgalaikiam naudojimui at\u0161iauriomis s\u0105lygomis.<\/li>\n<li><strong>Daugiafunkcinis prisitaikymas:<\/strong> \u0160ie cilindrai gali b\u016bti pla\u010diai naudojami \u012fvairi\u0173 tip\u0173 ma\u0161inoms, tokioms kaip ekskavatoriai, kranai ir mechanin\u0117s svirtys, pritaikant juos prie skirting\u0173 darbo reikalavim\u0173.<\/li>\n<li><strong>Lengva prie\u017ei\u016bra:<\/strong> Svirtini\u0173 cilindr\u0173 konstrukcija atsi\u017evelg\u0117 \u012f paprast\u0105 prie\u017ei\u016br\u0105 ir keitim\u0105, tod\u0117l reguliari ap\u017ei\u016bra ir prie\u017ei\u016bra yra patogesn\u0117, o \u012frangos prastova sutrump\u0117ja.<\/li>\n<\/ul>\n<p><img decoding=\"async\" src=\"https:\/\/www.hydraulic-cylinders.net\/wp-content\/uploads\/2025\/01\/songte-oil-pipes-and-spare-parts.webp\" alt=\"Svirties cilindro atsargin\u0117s dalys\"><\/p>\n<h2>Parai\u0161kos<\/h2>\n<ul>\n<li><strong>Statybos in\u017einerija:<\/strong> Ekskavatoriuose ir kranuose pe\u010di\u0173 cilindrai naudojami kau\u0161o arba str\u0117l\u0117s jud\u0117jimui valdyti atliekant \u017eem\u0117s darbus, med\u017eiag\u0173 tvarkym\u0105 ir konstrukcij\u0173 montavim\u0105.<\/li>\n<li><strong>Gamybos pramon\u0117:<\/strong> Automatizuotose gamybos linijose mechanin\u0117ms svirtims judinti naudojami svir\u010di\u0173 cilindrai, leid\u017eiantys atlikti tokius procesus kaip surinkimas, suvirinimas ir med\u017eiag\u0173 tvarkymas, taip padidinant gamybos efektyvum\u0105 ir tikslum\u0105.<\/li>\n<li><strong>\u017dem\u0117s \u016bkio technika:<\/strong> \u017dem\u0117s \u016bkio \u012frangoje, tokioje kaip derliaus nu\u0117mimo ma\u0161inos ir s\u0117jamosios, svir\u010di\u0173 cilindrai valdo valdymo svir\u010di\u0173 jud\u0117jim\u0105 atliekant tokias u\u017eduotis kaip s\u0117ja, tr\u0119\u0161imas ir derliaus nu\u0117mimas.<\/li>\n<li><strong>Kasyba:<\/strong> Kasybos \u012frangoje svirties cilindrai naudojami kasybos ma\u0161in\u0173 svirties jud\u0117jimui valdyti r\u016bdos gavybai ir transportavimui.<\/li>\n<li><strong>Logistika ir transportas:<\/strong> \u0160akiniuose krautuvuose ir krovini\u0173 krovimo robotuose svir\u010di\u0173 cilindrai naudojami \u0161aki\u0173 k\u0117limui ir jud\u0117jimui valdyti, taip palengvinant med\u017eiag\u0173 tvarkym\u0105 ir krovim\u0105.<\/li>\n<\/ul>\n<h2>Projektavimo aspektai ir atrankos kriterijai<\/h2>\n<p>Projektuojant cilindro formos rankenas, reikia atsi\u017evelgti \u012f kelis veiksnius:<\/p>\n<ul>\n<li><strong>Apkrovos paj\u0117gumas:<\/strong> Svirties cilindras turi atlaikyti numatomas apkrovas ir j\u0117gas, su kuriomis susiduriama konkre\u010dioje naudojimo srityje.<\/li>\n<li><strong>Sandarinimas:<\/strong> Reik\u0117t\u0173 naudoti \u012fvairius sandarinimo elementus, tokius kaip st\u016bmokli\u0173 ir kot\u0173 sandarikliai, pagamintus i\u0161 atspari\u0173 dilimui med\u017eiag\u0173, toki\u0173 kaip poliuretanas ir nitrilo kau\u010diukas. Cilindro korpusas ir srieginiai galiniai pavir\u0161iai tur\u0117t\u0173 b\u016bti kruop\u0161\u010diai apdirbti, kad b\u016bt\u0173 padidintas atsparumas dilimui.<\/li>\n<li><strong>Patvarumas:<\/strong> Svirtiniai cilindrai tur\u0117t\u0173 b\u016bti suprojektuoti ir pagaminti naudojant auk\u0161tos kokyb\u0117s med\u017eiagas ir dangas, kad b\u016bt\u0173 u\u017etikrintas ilgalaikis patvarumas ir atsparumas dilimui bei korozijai.<\/li>\n<li><strong>Saugumas:<\/strong> Siekiant i\u0161vengti nelaiming\u0173 atsitikim\u0173 ir u\u017etikrinti saug\u0173 eksploatavim\u0105, \u012f konstrukcij\u0105 tur\u0117t\u0173 b\u016bti \u012ftrauktos tokios saugos priemon\u0117s kaip sl\u0117gio ma\u017einimo vo\u017etuvai ir pad\u0117ties jutikliai.<\/li>\n<li><strong>Prie\u017ei\u016bra:<\/strong> Reik\u0117t\u0173 pasir\u016bpinti lengva prieiga techninei prie\u017ei\u016brai ir remontui, numatant reguliar\u0173 tepim\u0105 ir susid\u0117v\u0117jusi\u0173 komponent\u0173 keitim\u0105.<\/li>\n<\/ul>\n<p><img decoding=\"async\" src=\"https:\/\/www.hydraulic-cylinders.net\/wp-content\/uploads\/2025\/01\/songte-cylinder-head-with-all-kinds-excavator-models.webp\" alt=\"Cilindro galvut\u0117s vaizdas\"><\/p>\n<h2>Sandarinimas ir tepimas<\/h2>\n<p>Svirtiniuose cilindruose naudojami \u012fvair\u016bs sandarinimo komponentai, tokie kaip st\u016bmokli\u0173 ir kot\u0173 sandarikliai, pagaminti i\u0161 atspari\u0173 dilimui med\u017eiag\u0173, toki\u0173 kaip poliuretanas ir nitrilo kau\u010diukas. Cilindro korpusas ir srieginiai galiniai pavir\u0161iai yra kruop\u0161\u010diai apdirbami, siekiant padidinti atsparum\u0105 dilimui. Norint u\u017etikrinti tinkam\u0105 cilindro tepim\u0105 ir veikim\u0105, b\u016btina reguliariai tepti tinkamu hidraulin\u0117s alyvos kiekiu.<\/p>\n<h2>Reguliarus patikrinimas ir prevencin\u0117 prie\u017ei\u016bra<\/h2>\n<p>Norint i\u0161laikyti optimal\u0173 na\u0161um\u0105 ir pailginti svirties cilindro tarnavimo laik\u0105, rekomenduojama:<\/p>\n<ul>\n<li>Reguliariai tikrinkite cilindr\u0105, ar n\u0117ra susid\u0117v\u0117jimo, nuot\u0117kio ar pa\u017eeidim\u0173 po\u017eymi\u0173.<\/li>\n<li>Check and adjust the hydraulic pressure and flow rate according to the manufacturer&#8217;s specifications.<\/li>\n<li>Cilindr\u0105 laikykite \u0161var\u0173, be \u0161iuk\u0161li\u0173 ar ter\u0161al\u0173.<\/li>\n<li>Nedelsdami pakeiskite susid\u0117v\u0117jusius arba pa\u017eeistus sandariklius ir komponentus.<\/li>\n<li>Follow the manufacturer&#8217;s recommended maintenance schedule for lubrication and servicing.<\/li>\n<\/ul>\n<h2>Produkto diegimo vadovas<\/h2>\n<p>Tinkamas svirties cilindro montavimas yra labai svarbus jo veikimui ir patikimumui. Atlikite \u0161iuos veiksmus:<\/p>\n<ol>\n<li>\u012esitikinkite, kad \u012franga yra i\u0161jungta, o hidraulin\u0117je sistemoje n\u0117ra sl\u0117gio.<\/li>\n<li>Pad\u0117kite svirties cilindr\u0105 nurodytoje vietoje, sulygiuodami tvirtinimo skyles.<\/li>\n<li>Tvirtai pritvirtinkite cilindr\u0105 naudodami tinkamus var\u017etus ir tvirtinimo detales.<\/li>\n<li>Prijunkite hidraulines \u017earnas arba vamzd\u017eius pagal sistemos specifikacijas.<\/li>\n<li>Patikrinkite, ar n\u0117ra nuot\u0117ki\u0173, ir \u012fsitikinkite, kad visos jungtys yra sandarios ir saugios.<\/li>\n<li>Jei reikia, papildykite hidraulin\u0117s alyvos ir i\u0161leiskite or\u0105 i\u0161 sistemos, kad pa\u0161alintum\u0117te oro burbuliukus.<\/li>\n<li>Prie\u0161 t\u0119sdami \u012fprast\u0105 veikim\u0105, patikrinkite svirties cilindro jud\u0117jim\u0105 ir veikim\u0105.<\/li>\n<\/ol>\n<p><img decoding=\"async\" src=\"https:\/\/www.hydraulic-cylinders.net\/wp-content\/uploads\/2025\/01\/songte-bushings-with-all-kinds-of-excavator-models.webp\" alt=\"\u012evori\u0173 vaizdas\"><\/p>\n<h2>Saugos aspektai ir aplinkos veiksniai<\/h2>\n<p>Naudojant svirtinius cilindrus, labai svarbu teikti pirmenyb\u0119 saugos priemon\u0117ms, siekiant i\u0161vengti nelaiming\u0173 atsitikim\u0173 ir u\u017etikrinti operatori\u0173 bei aplinkini\u0173 darbuotoj\u0173 gerov\u0119. Laikykit\u0117s saugos gairi\u0173 ir tinkamai apmokykite personal\u0105, dalyvaujant\u012f ma\u0161in\u0173 su svirtiniais cilindrais valdyme ir technin\u0117je prie\u017ei\u016broje. Be to, atsi\u017evelkite \u012f aplinkos veiksnius, tokius kaip tinkamas hidraulini\u0173 skys\u010di\u0173 \u0161alinimas ir vietini\u0173 aplinkos apsaugos taisykli\u0173 laikymasis.<\/p>\n<h2>Trik\u010di\u0173 \u0161alinimas ir da\u017eniausiai pasitaikan\u010dios problemos<\/h2>\n<p>Kilus problem\u0173 ar gedim\u0173 d\u0117l svirties cilindro, \u0161ie trik\u010di\u0173 \u0161alinimo veiksmai gali pad\u0117ti diagnozuoti ir i\u0161spr\u0119sti problemas:<\/p>\n<ul>\n<li><strong>Problema:<\/strong> Cilindras iki galo nei\u0161sitraukia arba nesusitraukia.<br \/>\n    <br \/><strong>Galimas sprendimas:<\/strong> Patikrinkite, ar n\u0117ra \u017eemo hidraulinio skys\u010dio lygio ir ar n\u0117ra nuot\u0117ki\u0173. Patikrinkite sandariklius ir, jei pa\u017eeisti, pakeiskite. U\u017etikrinkite tinkam\u0105 hidraulin\u012f sl\u0117g\u012f ir sraut\u0105.<\/li>\n<li><strong>Problema:<\/strong> Cilindras veikia l\u0117tai arba su suma\u017einta j\u0117ga.<br \/>\n    <br \/><strong>Galimas sprendimas:<\/strong> Patikrinkite, ar nepakankamas hidraulinis sl\u0117gis arba srautas. I\u0161valykite arba pakeiskite u\u017esikim\u0161usius filtrus. Patikrinkite, ar n\u0117ra hidraulinio siurblio problem\u0173.<\/li>\n<li><strong>Problema:<\/strong> Cilindras leid\u017eia hidraulin\u012f skyst\u012f.<br \/>\n    <br \/><strong>Galimas sprendimas:<\/strong> Patikrinkite ir pakeiskite pa\u017eeistus sandariklius arba jungiam\u0105sias detales. Priver\u017ekite atsilaisvinusias jungtis. \u012esitikinkite, kad cilindras tinkamai sumontuotas ir sulygiuotas.<\/li>\n<\/ul>\n<p>Pateikiant trik\u010di\u0173 \u0161alinimo patarimus, problem\u0173 sprendimo pasi\u016blymus ir prevencines priemones, skaitytojai gali veiksmingai diagnozuoti ir spr\u0119sti problemas, kartu suma\u017einant galimas problemas.<\/p>\n<p><img decoding=\"async\" src=\"https:\/\/www.hydraulic-cylinders.net\/wp-content\/uploads\/2025\/01\/songte-chushion-collar.webp\" alt=\"Chushion apykakl\u0117s vaizdas\"><\/p>\n<p>Nepamir\u0161kite straipsn\u012f strukt\u016brizuoti logi\u0161kai, naudodami paantra\u0161tes, kad b\u016bt\u0173 lengviau nar\u0161yti. \u012etraukite atitinkamus vaizdus ar diagramas, kad b\u016bt\u0173 lengviau suprasti. \u012esitikinkite, kad turinys yra ai\u0161kus, glaustas ir tinkamas skaitytojams, turintiems skirting\u0105 technini\u0173 \u017eini\u0173 lyg\u012f.<\/p>\n<h2>About Us &#8211; Hydraulic Cylinder Manufacturer and Wholesaler<\/h2>\n<p>Esame profesionalus gamintojas, kurio specializacija \u2013 pakaitini\u0173 hidraulini\u0173 cilindr\u0173 gamyba. Tur\u0117dami plat\u0173 gamini\u0173 asortiment\u0105, tapome vienu i\u0161 pirmaujan\u010di\u0173 gamintoj\u0173 ir didmenini\u0173 platintoj\u0173 tiek vidaus, tiek tarptautin\u0117se rinkose. Laikydamiesi kokyb\u0117s puikumo principo, mes...<\/p>","protected":false},"excerpt":{"rendered":"<p>Arm Cylinder For JCM Middle Excavator JCM924F Introduction The arm cylinder is a specially designed hydraulic cylinder that is primarily used to provide linear motion and power to the arms of various types of machinery, such as excavators, cranes, and mechanical arms. The arm cylinder plays a crucial role in hydraulic systems, allowing for efficient [&hellip;]<\/p>","protected":false},"featured_media":14763,"comment_status":"open","ping_status":"closed","template":"","meta":{"_et_pb_use_builder":"","_et_pb_old_content":"","_et_gb_content_width":""},"product_brand":[],"product_cat":[1497],"product_tag":[1498,1496],"class_list":{"0":"post-16554","1":"product","2":"type-product","3":"status-publish","4":"has-post-thumbnail","6":"product_cat-arm-cylinders","7":"product_tag-arm-cylinders","8":"product_tag-hydraulic-cylinders","10":"first","11":"instock","12":"shipping-taxable","13":"product-type-simple"},"amp_enabled":true,"_links":{"self":[{"href":"https:\/\/www.hydraulic-cylinders.net\/lt\/wp-json\/wp\/v2\/product\/16554","targetHints":{"allow":["GET"]}}],"collection":[{"href":"https:\/\/www.hydraulic-cylinders.net\/lt\/wp-json\/wp\/v2\/product"}],"about":[{"href":"https:\/\/www.hydraulic-cylinders.net\/lt\/wp-json\/wp\/v2\/types\/product"}],"replies":[{"embeddable":true,"href":"https:\/\/www.hydraulic-cylinders.net\/lt\/wp-json\/wp\/v2\/comments?post=16554"}],"wp:featuredmedia":[{"embeddable":true,"href":"https:\/\/www.hydraulic-cylinders.net\/lt\/wp-json\/wp\/v2\/media\/14763"}],"wp:attachment":[{"href":"https:\/\/www.hydraulic-cylinders.net\/lt\/wp-json\/wp\/v2\/media?parent=16554"}],"wp:term":[{"taxonomy":"product_brand","embeddable":true,"href":"https:\/\/www.hydraulic-cylinders.net\/lt\/wp-json\/wp\/v2\/product_brand?post=16554"},{"taxonomy":"product_cat","embeddable":true,"href":"https:\/\/www.hydraulic-cylinders.net\/lt\/wp-json\/wp\/v2\/product_cat?post=16554"},{"taxonomy":"product_tag","embeddable":true,"href":"https:\/\/www.hydraulic-cylinders.net\/lt\/wp-json\/wp\/v2\/product_tag?post=16554"}],"curies":[{"name":"wp","href":"https:\/\/api.w.org\/{rel}","templated":true}]}}