{"id":16563,"date":"2025-01-21T05:34:11","date_gmt":"2025-01-21T05:34:11","guid":{"rendered":"https:\/\/www.hydraulic-cylinders.net\/product\/arm-cylinder-for-liebherr-large-excavator-r946\/"},"modified":"2025-01-21T05:34:14","modified_gmt":"2025-01-21T05:34:14","slug":"arm-cylinder-for-liebherr-large-excavator-r946","status":"publish","type":"product","link":"https:\/\/www.hydraulic-cylinders.net\/lt\/produktas\/arm-cylinder-for-liebherr-large-excavator-r946\/","title":{"rendered":"\u201eLiebherr\u201c didelio ekskavatoriaus R946 rankos cilindras"},"content":{"rendered":"<h1>\u201eLiebherr\u201c didelio ekskavatoriaus R946 rankos cilindras<\/h1>\n<h2>\u012evadas<\/h2>\n<p>Svirties cilindras yra specialiai sukurtas hidraulinis cilindras, naudojamas u\u017etikrinti tiesin\u012f jud\u0117jim\u0105 ir gali\u0105 \u012fvairi\u0173 ma\u0161in\u0173, toki\u0173 kaip ekskavatoriai, kranai ir robotin\u0117s rankos, svirtims. Svirties cilindras atlieka labai svarb\u0173 vaidmen\u012f hidraulin\u0117se sistemose, nes leid\u017eia efektyviai jud\u0117ti ir valdyti papildomus \u012frankius ar priedus. \u0160ie cilindrai ne tik u\u017etikrina skland\u0173 jud\u0117jim\u0105, bet ir atlaiko dideles apkrovas, u\u017etikrindami auk\u0161t\u0105 ma\u0161in\u0173 efektyvum\u0105 ir patikimum\u0105 \u012fvairiomis eksploatavimo s\u0105lygomis.<\/p>\n<p><img decoding=\"async\" src=\"https:\/\/www.hydraulic-cylinders.net\/wp-content\/uploads\/2025\/01\/songte-company-2.webp\"><\/p>\n<h2>Savyb\u0117s<\/h2>\n<ul>\n<li>Efektyvus galios perdavimas: Svirties cilindras u\u017etikrina galing\u0105 tiesin\u012f judes\u012f ir j\u0117g\u0105, u\u017etikrindamas auk\u0161t\u0105 efektyvum\u0105 atliekant \u012fvairias ma\u0161inos svirties operacijas.<\/li>\n<li>Tikslus valdymas: Hidraulini\u0173 sistem\u0173 d\u0117ka rankos cilindras gali tiksliai valdyti judes\u012f, tod\u0117l papildom\u0173 \u012franki\u0173 valdymas tampa lankstesnis ir tikslesnis.<\/li>\n<li>Patvarumas: Svirties cilindras paprastai gaminamas i\u0161 didelio stiprumo med\u017eiag\u0173, kurios pasi\u017eymi geru atsparumu dilimui ir korozijai, tod\u0117l tinka ilgalaikiam naudojimui at\u0161iauriomis s\u0105lygomis.<\/li>\n<li>Daugiafunkcis pritaikomumas: \u0160ie cilindrai gali b\u016bti pla\u010diai naudojami \u012fvairiose ma\u0161inose, tokiose kaip ekskavatoriai, kranai ir robotin\u0117s rankos, prisitaikant prie skirting\u0173 darbo reikalavim\u0173.<\/li>\n<li>Lengva prie\u017ei\u016bra: Projektuojant atsi\u017evelgiama \u012f paprast\u0105 prie\u017ei\u016br\u0105 ir keitim\u0105, tod\u0117l reguliari ap\u017ei\u016bra ir prie\u017ei\u016bra yra patogesn\u0117, o \u012frangos prastova sutrump\u0117ja.<\/li>\n<\/ul>\n<p>Galime pagaminti \u0161\u012f produkt\u0105, kuris puikiai pakeis \u0161iuos hidraulinius cilindrus.<\/p>\n<p><img decoding=\"async\" src=\"https:\/\/www.hydraulic-cylinders.net\/wp-content\/uploads\/2025\/01\/songte-oil-pipes-and-spare-parts.webp\"><\/p>\n<h2>Parai\u0161kos<\/h2>\n<p>Svirtinis cilindras gali b\u016bti naudojamas \u012fvairiose pramon\u0117s \u0161akose, \u012fskaitant:<\/p>\n<ul>\n<li>Konstrukcija: Ekskavatoriuose ir kranuose svirties cilindras naudojamas kau\u0161o arba str\u0117l\u0117s jud\u0117jimui valdyti atliekant \u017eem\u0117s darbus, med\u017eiag\u0173 tvarkym\u0105 ir konstrukcij\u0173 montavim\u0105.<\/li>\n<li>Gamyba: Automatizuotose gamybos linijose rankos cilindras naudojamas robotin\u0117ms rankoms judinti, u\u017etikrinant surinkimo, suvirinimo ir tvarkymo procesus, gerinant gamybos efektyvum\u0105 ir tikslum\u0105.<\/li>\n<li>\u017dem\u0117s \u016bkio technika: \u017dem\u0117s \u016bkio technikoje, pavyzd\u017eiui, derliaus nu\u0117mimo ir sodinimo ma\u0161inose, svirties cilindras valdo valdymo svirties judes\u012f, atlikdamas tokias u\u017eduotis kaip sodinimas, tr\u0119\u0161imas ir derliaus nu\u0117mimas.<\/li>\n<li>Mining: In mining equipment, the arm cylinder is used to control the movement of the mining equipment&#8217;s arm, performing tasks such as ore mining and transportation.<\/li>\n<li>Logistika ir transportavimas: \u0160akiniuose krautuvuose ir tvarkymo robotuose rankos cilindras naudojamas \u0161aki\u0173 k\u0117limui ir jud\u0117jimui valdyti, vykdant med\u017eiag\u0173 tvarkym\u0105 ir krovim\u0105.<\/li>\n<\/ul>\n<h2>Projektavimo aspektai ir atrankos kriterijai<\/h2>\n<p>The arm cylinder&#8217;s design and selection criteria include:<\/p>\n<h3>Keliamoji galia<\/h3>\n<p>Svirties cilindras turi b\u016bti suprojektuotas taip, kad atlaikyt\u0173 numatomas apkrovas ir j\u0117gas, kurios bus taikomos jam eksploatacijos metu.<\/p>\n<h3>Sandarinimas<\/h3>\n<p>Skys\u010di\u0173 nuot\u0117kiui ir u\u017eter\u0161imui i\u0161vengti naudojami \u012fvair\u016bs sandarikliai, pavyzd\u017eiui, st\u016bmokli\u0173 ir stryp\u0173 sandarikliai. Pirmenyb\u0117 teikiama sandarikliams, pagamintiems i\u0161 atspari\u0173 dilimui med\u017eiag\u0173, toki\u0173 kaip poliuretanas ir nitrilo kau\u010diukas.<\/p>\n<h3>Patvarumas<\/h3>\n<p>Svirties cilindras paprastai gaminamas i\u0161 didelio stiprumo med\u017eiag\u0173, kurios yra atsparios dilimui ir korozijai. Cilindro galvut\u0117 ir srieginis pavir\u0161ius yra kruop\u0161\u010diai apdirbti, siekiant pagerinti atsparum\u0105 dilimui.<\/p>\n<h3>Saugumas<\/h3>\n<p>Svirties cilindras tur\u0117t\u0173 b\u016bti suprojektuotas atsi\u017evelgiant \u012f saugum\u0105, turint tokias funkcijas kaip avarinio stabdymo \u012ftaisai, apsauga nuo perkrovos ir fiksavimo mechanizmai, kad b\u016bt\u0173 i\u0161vengta atsitiktinio jud\u0117jimo.<\/p>\n<h3>Prie\u017ei\u016bra<\/h3>\n<p>Svirties cilindras tur\u0117t\u0173 b\u016bti suprojektuotas taip, kad j\u012f b\u016bt\u0173 lengva pri\u017ei\u016br\u0117ti, pasi\u017eym\u0117damas tokiomis savyb\u0117mis kaip lengva prieiga prie kei\u010diam\u0173 dali\u0173 ir paprastos i\u0161ardymo bei surinkimo proced\u016bros.<\/p>\n<p><img decoding=\"async\" src=\"https:\/\/www.hydraulic-cylinders.net\/wp-content\/uploads\/2025\/01\/songte-cylinder-head-with-all-kinds-excavator-models.webp\"><\/p>\n<h2>Sandarinimas ir tepimas<\/h2>\n<p>Svirties cilindre naudojami \u012fvair\u016bs sandarikliai, pavyzd\u017eiui, st\u016bmoklio ir koto sandarikliai, siekiant i\u0161vengti skys\u010dio nuot\u0117kio ir u\u017eter\u0161imo. Pageidaujama naudoti sandariklius, pagamintus i\u0161 atspari\u0173 dilimui med\u017eiag\u0173, toki\u0173 kaip poliuretanas ir nitrilo kau\u010diukas. Cilindro korpusas ir st\u016bmoklio kotas sutepami hidrauline alyva, kad suma\u017e\u0117t\u0173 trintis ir dilimas, u\u017etikrinant skland\u0173 ir patikim\u0105 veikim\u0105. Norint u\u017etikrinti tinkam\u0105 svirties cilindro veikim\u0105, b\u016btina reguliariai keisti alyv\u0105 ir tikrinti sandariklius.<\/p>\n<h2>Prie\u017ei\u016bra ir remontas<\/h2>\n<p>Regular inspection and preventive maintenance are required to ensure the long-term performance of the arm cylinder. Some common preventive maintenance measures include checking the hydraulic oil level, replacing the filter, and inspecting the seals for leaks. In case of malfunction, some tips to diagnose and solve problems include checking the connections, inspecting the seals, and checking the hydraulic pump&#8217;s pressure. Proper storage and handling of the arm cylinder are also essential to prevent damage during transport and storage.<\/p>\n<p><img decoding=\"async\" src=\"https:\/\/www.hydraulic-cylinders.net\/wp-content\/uploads\/2025\/01\/songte-chushion-collar.webp\"><\/p>\n<h2>Diegimo vadovas<\/h2>\n<p>The installation of the arm cylinder requires careful consideration of the machinery&#8217;s existing hydraulic system and the specific mounting requirements of the cylinder. The installation process should follow the manufacturer&#8217;s instructions and should include proper alignment, torqueing of bolts, and testing of the cylinder&#8217;s functionality.<\/p>\n<p><img decoding=\"async\" src=\"https:\/\/www.hydraulic-cylinders.net\/wp-content\/uploads\/2025\/01\/songte-bushings-with-all-kinds-of-excavator-models.webp\"><\/p>\n<h2>Saugos ir aplinkosaugos aspektai<\/h2>\n<p>Saugumas yra esminis aspektas valdant ma\u0161inas su svirtiniais cilindrais. Operatoriai tur\u0117t\u0173 laikytis vis\u0173 saugos nurodym\u0173 ir proced\u016br\u0173, pavyzd\u017eiui, d\u0117v\u0117ti tinkamas asmenines apsaugos priemones ir naudoti tinkamus k\u0117limo b\u016bdus. Taip pat reik\u0117t\u0173 atsi\u017evelgti \u012f aplinkosaugos aspektus, tinkamai utilizuoti hidraulinius skys\u010dius ir kitas med\u017eiagas.<\/p>\n<h2>Trik\u010di\u0173 \u0161alinimas ir da\u017eniausios problemos<\/h2>\n<p>Kai kurios da\u017enos problemos, galin\u010dios kilti d\u0117l svirtini\u0173 cilindr\u0173, yra skys\u010di\u0173 nuot\u0117kis ir suma\u017e\u0117j\u0119s na\u0161umas. Norint tinkamai diagnozuoti ir pa\u0161alinti \u0161ias problemas, reikia suprasti hidraulin\u0119 sistem\u0105 ir konkre\u010dias problemas, kurios gali kilti. Reguliarus patikrinimas ir prevencin\u0117 prie\u017ei\u016bra gali pad\u0117ti suma\u017einti \u0161i\u0173 problem\u0173 tikimyb\u0119.<\/p>\n<h2>Apie mus<\/h2>\n<p>We are a professional manufacturer of replacement hydraulic cylinders, with a wide range of products that have become one of the leading hydraulic cylinder manufacturers and wholesale distributors in the domestic and international markets. We always adhere to the principle of excellent quality, relying on the industrialized production management strategy of the sophisticated manufacturing workshop, constantly improving our technical level and production efficiency. By introducing advanced digital manufacturing equipment and professional testing systems, we are constantly optimizing our manufacturing platform, improving our product quality control process, and possessing strong innovation capability. Our goal is to meet customers&#8217; diverse needs with high efficiency, precision, and high-quality principles.<\/p>\n<p>Si\u016blome profesionalias paslaugas, tarptautinius sertifikatus, individualiai pritaikytas paslaugas, pa\u017eangi\u0105 gamybos \u012frang\u0105 ir puik\u0173 aptarnavim\u0105 po pardavimo.<\/p>\n<p><img decoding=\"async\" src=\"https:\/\/www.hydraulic-cylinders.net\/wp-content\/uploads\/2025\/01\/songte-company-4.webp\"><br \/>\n<img decoding=\"async\" src=\"https:\/\/www.hydraulic-cylinders.net\/wp-content\/uploads\/2025\/01\/songte-company-3.webp\"><\/p>\n<p>Autorius: lyl<\/p>","protected":false},"excerpt":{"rendered":"<p>Arm Cylinder For Liebherr Large Excavator R946 Introduction Arm cylinder is a specially designed hydraulic cylinder used to provide linear motion and power for the arm of various machinery, such as excavators, cranes, and robotic arms. The arm cylinder plays a critical role in hydraulic systems, enabling the efficient movement and control of additional tools [&hellip;]<\/p>","protected":false},"featured_media":14766,"comment_status":"open","ping_status":"closed","template":"","meta":{"_et_pb_use_builder":"","_et_pb_old_content":"","_et_gb_content_width":""},"product_brand":[],"product_cat":[1497],"product_tag":[1498,1496],"class_list":{"0":"post-16563","1":"product","2":"type-product","3":"status-publish","4":"has-post-thumbnail","6":"product_cat-arm-cylinders","7":"product_tag-arm-cylinders","8":"product_tag-hydraulic-cylinders","10":"first","11":"instock","12":"shipping-taxable","13":"product-type-simple"},"amp_enabled":true,"_links":{"self":[{"href":"https:\/\/www.hydraulic-cylinders.net\/lt\/wp-json\/wp\/v2\/product\/16563","targetHints":{"allow":["GET"]}}],"collection":[{"href":"https:\/\/www.hydraulic-cylinders.net\/lt\/wp-json\/wp\/v2\/product"}],"about":[{"href":"https:\/\/www.hydraulic-cylinders.net\/lt\/wp-json\/wp\/v2\/types\/product"}],"replies":[{"embeddable":true,"href":"https:\/\/www.hydraulic-cylinders.net\/lt\/wp-json\/wp\/v2\/comments?post=16563"}],"wp:featuredmedia":[{"embeddable":true,"href":"https:\/\/www.hydraulic-cylinders.net\/lt\/wp-json\/wp\/v2\/media\/14766"}],"wp:attachment":[{"href":"https:\/\/www.hydraulic-cylinders.net\/lt\/wp-json\/wp\/v2\/media?parent=16563"}],"wp:term":[{"taxonomy":"product_brand","embeddable":true,"href":"https:\/\/www.hydraulic-cylinders.net\/lt\/wp-json\/wp\/v2\/product_brand?post=16563"},{"taxonomy":"product_cat","embeddable":true,"href":"https:\/\/www.hydraulic-cylinders.net\/lt\/wp-json\/wp\/v2\/product_cat?post=16563"},{"taxonomy":"product_tag","embeddable":true,"href":"https:\/\/www.hydraulic-cylinders.net\/lt\/wp-json\/wp\/v2\/product_tag?post=16563"}],"curies":[{"name":"wp","href":"https:\/\/api.w.org\/{rel}","templated":true}]}}