{"id":16566,"date":"2025-01-21T05:34:25","date_gmt":"2025-01-21T05:34:25","guid":{"rendered":"https:\/\/www.hydraulic-cylinders.net\/product\/arm-cylinder-for-liebherr-large-excavator-r974cl\/"},"modified":"2025-01-21T05:34:27","modified_gmt":"2025-01-21T05:34:27","slug":"arm-cylinder-for-liebherr-large-excavator-r974cl","status":"publish","type":"product","link":"https:\/\/www.hydraulic-cylinders.net\/lt\/produktas\/arm-cylinder-for-liebherr-large-excavator-r974cl\/","title":{"rendered":"\u201eLiebherr\u201c didelio ekskavatoriaus R974CL rankos cilindras"},"content":{"rendered":"<h1>\u201eLiebherr\u201c didelio ekskavatoriaus R974CL rankos cilindras<\/h1>\n<h2>\u012evadas<\/h2>\n<p>Svirties cilindras yra specialiai suprojektuotas hidraulinis cilindras, kuris pirmiausia naudojamas linijiniam judesiui ir galiai u\u017etikrinti \u012fvairi\u0173 tip\u0173 ma\u0161in\u0173, toki\u0173 kaip ekskavatoriai, kranai ir mechanin\u0117s svirtys, svirt\u012f. Svirties cilindras atlieka labai svarb\u0173 vaidmen\u012f hidraulin\u0117se sistemose, nes leid\u017eia efektyviai perkelti ir valdyti priedus ar priedus. \u0160ie cilindrai ne tik u\u017etikrina skland\u0173 jud\u0117jim\u0105, bet ir gali atlaikyti dideles apkrovas, taip u\u017etikrindami efektyv\u0173 ma\u0161inos veikim\u0105 ir patikimum\u0105 \u012fvairiomis eksploatavimo s\u0105lygomis.<\/p>\n<p><img decoding=\"async\" src=\"https:\/\/www.hydraulic-cylinders.net\/wp-content\/uploads\/2025\/01\/songte-company-2.webp\" alt=\"Svirties cilindro vaizdas\"><\/p>\n<h2>Savyb\u0117s<\/h2>\n<ul>\n<li>\n<h3>Efektyvus energijos perdavimas<\/h3>\n<p>Svirties cilindras u\u017etikrina galing\u0105 tiesin\u012f judes\u012f ir j\u0117g\u0105, u\u017etikrindamas auk\u0161t\u0105 mechanin\u0117s svirties efektyvum\u0105 atliekant \u012fvairias operacijas.<\/p>\n<\/li>\n<li>\n<h3>Tikslus valdymas<\/h3>\n<p>Hidraulin\u0117s sistemos d\u0117ka rankos cilindras gali tiksliai valdyti judes\u012f, tod\u0117l papildom\u0173 \u012franki\u0173 valdymas tampa lankstesnis ir tikslesnis.<\/p>\n<\/li>\n<li>\n<h3>Patvarumas<\/h3>\n<p>Svirtiniai cilindrai paprastai gaminami i\u0161 didelio stiprumo med\u017eiag\u0173, pasi\u017eymin\u010di\u0173 geru atsparumu dilimui ir korozijai, tod\u0117l jie tinkami ilgalaikiam naudojimui at\u0161iauriomis s\u0105lygomis.<\/p>\n<\/li>\n<li>\n<h3>Daugiafunkcinis prisitaikymas<\/h3>\n<p>\u0160ie cilindrai gali b\u016bti pla\u010diai naudojami \u012fvairiuose mechaniniuose \u012frenginiuose, tokiuose kaip ekskavatoriai, kranai ir mechanin\u0117s svirtys, pritaikant juos skirtingiems darbo poreikiams.<\/p>\n<\/li>\n<li>\n<h3>Lengva prie\u017ei\u016bra<\/h3>\n<p>Projektuojant atsi\u017evelgiama \u012f paprast\u0105 prie\u017ei\u016br\u0105 ir keitim\u0105, tod\u0117l reguliari ap\u017ei\u016bra ir prie\u017ei\u016bra yra patogesni, o \u012frangos prastovos laikas sutrump\u0117ja.<\/p>\n<\/li>\n<\/ul>\n<p><img decoding=\"async\" src=\"https:\/\/www.hydraulic-cylinders.net\/wp-content\/uploads\/2025\/01\/songte-oil-pipes-and-spare-parts.webp\" alt=\"Dali\u0173 vaizdas\"><\/p>\n<h2>Parai\u0161kos<\/h2>\n<p>Svirtinis cilindras pla\u010diai naudojamas \u012fvairiose pramon\u0117s \u0161akose, tokiose kaip statyba, gamyba, \u017eem\u0117s \u016bkis, kasyba, logistika ir transportas.<\/p>\n<ul>\n<li>\n<h3>Statybos in\u017einerija<\/h3>\n<p>Ekskavatoriuose ir kranuose str\u0117li\u0173 cilindrai naudojami kau\u0161\u0173 arba str\u0117li\u0173 jud\u0117jimui valdyti atliekant \u017eem\u0117s darbus, med\u017eiag\u0173 tvarkym\u0105 ir konstrukcij\u0173 montavim\u0105.<\/p>\n<\/li>\n<li>\n<h3>Gamybos pramon\u0117<\/h3>\n<p>Automatizuotose gamybos linijose rank\u0173 cilindrai naudojami mechaniniam rank\u0173 jud\u0117jimui surinkimo, suvirinimo ir tvarkymo procesuose, taip pagerinant gamybos efektyvum\u0105 ir tikslum\u0105.<\/p>\n<\/li>\n<li>\n<h3>\u017dem\u0117s \u016bkio technika<\/h3>\n<p>\u017dem\u0117s \u016bkio technikose, tokiose kaip derliaus nu\u0117mimo ma\u0161inos ir sodinamosios, svirties cilindrai valdo valdymo svirties judes\u012f, atlikdami tokias u\u017eduotis kaip s\u0117ja, tr\u0119\u0161imas ir derliaus nu\u0117mimas.<\/p>\n<\/li>\n<li>\n<h3>Kasyba<\/h3>\n<p>Kasybos \u012frangoje svirties cilindrai naudojami r\u016bdos kasybos ir tvarkymo \u012frangos svirties jud\u0117jimui valdyti.<\/p>\n<\/li>\n<li>\n<h3>Logistika ir transportas<\/h3>\n<p>\u0160akiniuose krautuvuose ir krovini\u0173 tvarkymo robotuose ranken\u0173 cilindrai naudojami krovinio k\u0117limui ir jud\u0117jimui valdyti, med\u017eiag\u0173 tvarkymui ir krovimui.<\/p>\n<\/li>\n<\/ul>\n<h2>Projektavimo aspektai ir atrankos kriterijai<\/h2>\n<p>Projektuojant ir renkantis cilindro formos svirt\u012f, reikia atsi\u017evelgti \u012f \u0161iuos veiksnius:<\/p>\n<ul>\n<li>\n<h3>Guoli\u0173 talpa<\/h3>\n<p>Balionas turi atlaikyti maksimali\u0105 apkrov\u0105, kuri gali b\u016bti jam taikoma eksploatacijos metu.<\/p>\n<\/li>\n<li>\n<h3>Sandarinimo efektyvumas<\/h3>\n<p>Cilindras turi b\u016bti su veiksmingais sandarikliais, kad b\u016bt\u0173 i\u0161vengta hidraulinio skys\u010dio nuot\u0117kio.<\/p>\n<\/li>\n<li>\n<h3>Patvarumas<\/h3>\n<p>Cilindras turi b\u016bti pagamintas i\u0161 med\u017eiag\u0173, atspari\u0173 dilimui ir korozijai.<\/p>\n<\/li>\n<li>\n<h3>Saugumas<\/h3>\n<p>Konstrukcija tur\u0117t\u0173 u\u017etikrinti operatoriaus ir pa\u0161alini\u0173 asmen\u0173 saugum\u0105 darbo metu.<\/p>\n<\/li>\n<li>\n<h3>Prie\u017ei\u016bra<\/h3>\n<p>Projektuojant reik\u0117t\u0173 atsi\u017evelgti \u012f prie\u017ei\u016bros, patikros ir remonto paprastum\u0105, taip suma\u017einant \u012frangos prastov\u0173 laik\u0105.<\/p>\n<\/li>\n<\/ul>\n<p><img decoding=\"async\" src=\"https:\/\/www.hydraulic-cylinders.net\/wp-content\/uploads\/2025\/01\/songte-cylinder-head-with-all-kinds-excavator-models.webp\" alt=\"Cilindro galvut\u0117s vaizdas\"><\/p>\n<h2>Sandarinimas ir tepimas<\/h2>\n<p>Svirtiniame cilindre naudojami \u012fvair\u016bs sandarinimo komponentai, tokie kaip st\u016bmoklio sandarikliai, strypo sandarikliai ir valytuvai, pagaminti i\u0161 atspari\u0173 dilimui med\u017eiag\u0173, toki\u0173 kaip poliuretanas ir nitrilo kau\u010diukas. Cilindro korpusas ir srieginis galinis pavir\u0161ius yra kruop\u0161\u010diai apdirbti, siekiant pagerinti atsparum\u0105 dilimui. Cilindr\u0105 reikia reguliariai tepti tinkamu hidraulin\u0117s alyvos kiekiu, kad b\u016bt\u0173 u\u017etikrintas sklandus veikimas ir sandarumo na\u0161umas.<\/p>\n<h2>Prie\u017ei\u016bra ir remontas<\/h2>\n<p>Norint u\u017etikrinti tinkam\u0105 cilindro veikim\u0105 ir ilgaam\u017ei\u0161kum\u0105, b\u016btina reguliariai tikrinti ir atlikti profilaktin\u0119 prie\u017ei\u016br\u0105. Reik\u0117t\u0173 imtis \u0161i\u0173 priemoni\u0173:<\/p>\n<ul>\n<li>\n<h3>Patikrinkite sandariklius<\/h3>\n<p>Baliono sandarinimo elementus reikia reguliariai tikrinti, ar n\u0117ra susid\u0117v\u0117jimo, pa\u017eeidim\u0173 ir nuot\u0117ki\u0173.<\/p>\n<\/li>\n<li>\n<h3>Patikrinkite tvirtinimo var\u017etus<\/h3>\n<p>Cilindro tvirtinimo var\u017etai turi b\u016bti reguliariai tikrinami, ar jie yra priver\u017eti.<\/p>\n<\/li>\n<li>\n<h3>Pakeiskite hidraulin\u0119 alyv\u0105<\/h3>\n<p>Hidraulin\u0119 alyv\u0105 reikia reguliariai keisti, kad b\u016bt\u0173 i\u0161vengta u\u017eter\u0161imo ir u\u017etikrintas tinkamas tepimas.<\/p>\n<\/li>\n<li>\n<h3>Sugadint\u0173 dali\u0173 taisymas arba keitimas<\/h3>\n<p>Jei kuri nors cilindro dalis yra pa\u017eeista, j\u0105 reikia laiku suremontuoti arba pakeisti.<\/p>\n<\/li>\n<\/ul>\n<p><img decoding=\"async\" src=\"https:\/\/www.hydraulic-cylinders.net\/wp-content\/uploads\/2025\/01\/songte-chushion-collar.webp\" alt=\"Pagalv\u0117l\u0117s apykakl\u0117s vaizdas\"><\/p>\n<h2>\u012erengimo gair\u0117s<\/h2>\n<p>Montuojant cilindro formos svirt\u012f, reikia laikytis \u0161i\u0173 nurodym\u0173:<\/p>\n<ul>\n<li>\n<h3>Patikrinkite cilindr\u0105<\/h3>\n<p>Prie\u0161 montuodami cilindr\u0105, patikrinkite, ar n\u0117ra koki\u0173 nors pa\u017eeidim\u0173 ar susid\u0117v\u0117jimo po\u017eymi\u0173.<\/p>\n<\/li>\n<li>\n<h3>Nuvalykite montavimo pavir\u0161i\u0173<\/h3>\n<p>Nuvalykite tvirtinimo pavir\u0161i\u0173, kad \u012fsitikintum\u0117te, jog jame n\u0117ra \u0161iuk\u0161li\u0173.<\/p>\n<\/li>\n<li>\n<h3>Sulygiuokite cilindr\u0105<\/h3>\n<p>Sulygiuokite cilindr\u0105 su tvirtinimo pavir\u0161iumi ir priver\u017ekite tvirtinimo var\u017etus iki rekomenduojamo sukimo momento.<\/p>\n<\/li>\n<li>\n<h3>Prijunkite hidraulines \u017earnas<\/h3>\n<p>Prijunkite hidraulines \u017earnas prie cilindro ir hidraulin\u0117s sistemos.<\/p>\n<\/li>\n<li>\n<h3>Patikrinkite cilindr\u0105<\/h3>\n<p>Patikrinkite cilindr\u0105, kad \u012fsitikintum\u0117te, jog jis veikia tinkamai ir n\u0117ra nuot\u0117ki\u0173.<\/p>\n<\/li>\n<\/ul>\n<h2>Saugos aspektai ir aplinkos veiksniai<\/h2>\n<p>Naudojant svirties cilindr\u0105, svarbu laikytis rekomenduojam\u0173 saugos proced\u016br\u0173, kad nesusi\u017ealotum\u0117te operatoriaus ar pa\u0161alini\u0173 asmen\u0173. Reik\u0117t\u0173 pasir\u016bpinti tinkamu hidraulinio skys\u010dio ir cilindro komponent\u0173 utilizavimu, kad b\u016bt\u0173 kuo labiau suma\u017eintas poveikis aplinkai.<\/p>\n<h2>Trik\u010di\u0173 \u0161alinimas ir da\u017eniausiai pasitaikan\u010dios problemos<\/h2>\n<p>Naudojant svirtin\u012f cilindr\u0105, gali kilti \u0161ios da\u017eniausios problemos:<\/p>\n<ul>\n<li>\n<h3>Nuot\u0117kis<\/h3>\n<p>Balionas gali prad\u0117ti leisti d\u0117l sandarikli\u0173 ar kit\u0173 komponent\u0173 susid\u0117v\u0117jimo ar pa\u017eeidimo.<\/p>\n<\/li>\n<li>\n<h3>Galios tr\u016bkumas<\/h3>\n<p>Cilindras gali nepakankamai galios d\u0117l hidraulin\u0117s sistemos problem\u0173 arba cilindro pa\u017eeidimo.<\/p>\n<\/li>\n<li>\n<h3>Triuk\u0161mingas veikimas<\/h3>\n<p>Cilindras gali skleisti per didel\u012f triuk\u0161m\u0105 d\u0117l hidraulin\u0117s sistemos ar vidini\u0173 komponent\u0173 problem\u0173.<\/p>\n<\/li>\n<\/ul>\n<p>\u0160ioms problemoms spr\u0119sti galima imtis \u0161i\u0173 priemoni\u0173:<\/p>\n<ul>\n<li>\n<h3>Pakeiskite sandariklius<\/h3>\n<p>Jei cilindras nesandarus, reikia pakeisti sandariklius.<\/p>\n<\/li>\n<li>\n<h3>Patikrinkite hidraulin\u0119 sistem\u0105<\/h3>\n<p>Jei cilindrui tr\u016bksta galios, reikia patikrinti hidraulin\u0119 sistem\u0105, ar n\u0117ra problem\u0173.<\/p>\n<\/li>\n<li>\n<h3>Pakeiskite pa\u017eeistus komponentus<\/h3>\n<p>Jei cilindras kelia per didel\u012f triuk\u0161m\u0105, pa\u017eeistus vidinius komponentus reikia pakeisti.<\/p>\n<\/li>\n<\/ul>\n<p><img decoding=\"async\" src=\"https:\/\/www.hydraulic-cylinders.net\/wp-content\/uploads\/2025\/01\/songte-bushings-with-all-kinds-of-excavator-models.webp\" alt=\"\u012evori\u0173 vaizdas\"><\/p>\n<h2>Apie mus<\/h2>\n<p>Esame profesionalus pakaitini\u0173 hidraulini\u0173 cilindr\u0173 gamintojas, si\u016blantis plat\u0173 gamini\u0173 asortiment\u0105, ir tapome vienu i\u0161 pirmaujan\u010di\u0173 hidraulini\u0173 cilindr\u0173 gamintoj\u0173 ir didmenini\u0173 platintoj\u0173 vidaus ir tarptautin\u0117se rinkose. Mes visada laikom\u0117s puikios kokyb\u0117s principo, remdamiesi puiki\u0173 gamybos dirbtuvi\u0173 pramonin\u0117s gamybos valdymo strategija, kad nuolat tobulintume savo technin\u012f lyg\u012f ir gamybos efektyvum\u0105. \u012ediegdami auk\u0161\u010diausios klas\u0117s skaitmenin\u0119 gamybos \u012frang\u0105 ir profesionalias bandym\u0173 sistemas, mes ir toliau optimizuojame gamybos platform\u0105, tobuliname gamini\u0173 kokyb\u0117s kontrol\u0117s proces\u0105 ir turime stiprias inovacij\u0173 galimybes. M\u016bs\u0173 tikslas \u2013 patenkinti \u012fvairius klient\u0173 poreikius, taikant didelio efektyvumo, tikslumo ir auk\u0161tos kokyb\u0117s principus.<\/p>\n<p><img decoding=\"async\" src=\"https:\/\/www.hydraulic-cylinders.net\/wp-content\/uploads\/2025\/01\/songte-company-4.webp\" alt=\"\u012emon\u0117s \u012fvaizdis\"><br \/>\n<img decoding=\"async\" src=\"https:\/\/www.hydraulic-cylinders.net\/wp-content\/uploads\/2025\/01\/songte-company-3.webp\" alt=\"\u012emon\u0117s \u012fvaizdis\"><\/p>\n<p>M\u016bs\u0173 \u012fmon\u0117 specializuojasi teikdama individualiai pritaikytas paslaugas, gamindama hidraulinius cilindrus, kurie gali puikiai pakeisti \u0161iuos cilindrus. Esame i\u0161laik\u0119 tarptautinius sertifikatus, tokius kaip ISO9001, CE ir TUV, o m\u016bs\u0173 produktai eksportuojami \u012f daugiau nei 50 \u0161ali\u0173 ir region\u0173 visame pasaulyje. Teikiame profesionalias ir efektyvias paslaugas prie\u0161 pardavim\u0105, pardavimo metu ir po pardavimo, o puikia kokybe ir nepriekai\u0161tingu aptarnavimu peln\u0117me klient\u0173 pasitik\u0117jim\u0105 ir param\u0105.<\/p>\n<p>Autorius: lyl.<\/p>","protected":false},"excerpt":{"rendered":"<p>Arm Cylinder For Liebherr Large Excavator R974CL Introduction The arm cylinder is a specially designed hydraulic cylinder that is primarily used to provide linear motion and power to the arm of various types of machinery such as excavators, cranes, and mechanical arms. The arm cylinder plays a critical role in hydraulic systems, allowing attachments or [&hellip;]<\/p>","protected":false},"featured_media":14786,"comment_status":"open","ping_status":"closed","template":"","meta":{"_et_pb_use_builder":"","_et_pb_old_content":"","_et_gb_content_width":""},"product_brand":[],"product_cat":[1497],"product_tag":[1498,1496],"class_list":{"0":"post-16566","1":"product","2":"type-product","3":"status-publish","4":"has-post-thumbnail","6":"product_cat-arm-cylinders","7":"product_tag-arm-cylinders","8":"product_tag-hydraulic-cylinders","10":"first","11":"instock","12":"shipping-taxable","13":"product-type-simple"},"amp_enabled":true,"_links":{"self":[{"href":"https:\/\/www.hydraulic-cylinders.net\/lt\/wp-json\/wp\/v2\/product\/16566","targetHints":{"allow":["GET"]}}],"collection":[{"href":"https:\/\/www.hydraulic-cylinders.net\/lt\/wp-json\/wp\/v2\/product"}],"about":[{"href":"https:\/\/www.hydraulic-cylinders.net\/lt\/wp-json\/wp\/v2\/types\/product"}],"replies":[{"embeddable":true,"href":"https:\/\/www.hydraulic-cylinders.net\/lt\/wp-json\/wp\/v2\/comments?post=16566"}],"wp:featuredmedia":[{"embeddable":true,"href":"https:\/\/www.hydraulic-cylinders.net\/lt\/wp-json\/wp\/v2\/media\/14786"}],"wp:attachment":[{"href":"https:\/\/www.hydraulic-cylinders.net\/lt\/wp-json\/wp\/v2\/media?parent=16566"}],"wp:term":[{"taxonomy":"product_brand","embeddable":true,"href":"https:\/\/www.hydraulic-cylinders.net\/lt\/wp-json\/wp\/v2\/product_brand?post=16566"},{"taxonomy":"product_cat","embeddable":true,"href":"https:\/\/www.hydraulic-cylinders.net\/lt\/wp-json\/wp\/v2\/product_cat?post=16566"},{"taxonomy":"product_tag","embeddable":true,"href":"https:\/\/www.hydraulic-cylinders.net\/lt\/wp-json\/wp\/v2\/product_tag?post=16566"}],"curies":[{"name":"wp","href":"https:\/\/api.w.org\/{rel}","templated":true}]}}