{"id":16571,"date":"2025-01-21T05:34:44","date_gmt":"2025-01-21T05:34:44","guid":{"rendered":"https:\/\/www.hydraulic-cylinders.net\/product\/arm-cylinder-for-liebherr-large-excavator-r976\/"},"modified":"2025-01-21T05:34:45","modified_gmt":"2025-01-21T05:34:45","slug":"arm-cylinder-for-liebherr-large-excavator-r976","status":"publish","type":"product","link":"https:\/\/www.hydraulic-cylinders.net\/lt\/produktas\/arm-cylinder-for-liebherr-large-excavator-r976\/","title":{"rendered":"\u201eLiebherr\u201c didelio ekskavatoriaus R976 rankos cilindras"},"content":{"rendered":"<h1>\u201eLiebherr\u201c didelio ekskavatoriaus R976 rankos cilindras<\/h1>\n<h2>\u012evadas<\/h2>\n<p>Svirties cilindras yra specialiai suprojektuotas hidraulinis cilindras, daugiausia naudojamas linijiniam jud\u0117jimui ir galiai u\u017etikrinti \u012fvairi\u0173 tip\u0173 ma\u0161in\u0173, toki\u0173 kaip ekskavatoriai, kranai ir robotin\u0117s svirtys, svirtims. Svirties cilindras atlieka labai svarb\u0173 vaidmen\u012f hidraulin\u0117se sistemose, nes leid\u017eia efektyviai perkelti ir valdyti priedus bei priedus. \u0160ie cilindrai ne tik u\u017etikrina skland\u0173 jud\u0117jim\u0105, bet ir gali atlaikyti dideles apkrovas, u\u017etikrindami efektyv\u0173 ma\u0161in\u0173 veikim\u0105 ir patikimum\u0105 \u012fvairiomis darbo s\u0105lygomis.<\/p>\n<p><img decoding=\"async\" src=\"https:\/\/www.hydraulic-cylinders.net\/wp-content\/uploads\/2025\/01\/songte-company-2.webp\"><\/p>\n<h2>Savyb\u0117s<\/h2>\n<ul>\n<li>Efektyvus galios perdavimas: Svirties cilindras gali u\u017etikrinti galing\u0105 tiesin\u012f judes\u012f ir j\u0117g\u0105, u\u017etikrindamas auk\u0161t\u0105 ma\u0161inos svirties efektyvum\u0105 veikimo metu.<\/li>\n<li>Tikslus valdymas: Hidraulini\u0173 sistem\u0173 d\u0117ka rankos cilindras gali tiksliai valdyti judes\u012f, tod\u0117l pried\u0173 valdymas tampa lankstesnis ir tikslesnis.<\/li>\n<li>Didelis patvarumas: Svirtiniai cilindrai paprastai gaminami i\u0161 didelio stiprumo med\u017eiag\u0173 ir yra atspar\u016bs dilimui bei korozijai, tod\u0117l tinkami ilgalaikiam naudojimui at\u0161iauriomis s\u0105lygomis.<\/li>\n<li>Daugiafunkcis pritaikomumas: \u0160ie cilindrai gali b\u016bti pla\u010diai naudojami \u012fvairiuose mechaniniuose \u012frenginiuose, tokiuose kaip ekskavatoriai, kranai ir robotin\u0117s rankos, kad b\u016bt\u0173 pritaikyti skirtingiems darbo reikalavimams.<\/li>\n<li>Lengva prie\u017ei\u016bra: Projektuojant atsi\u017evelgiama \u012f paprast\u0105 prie\u017ei\u016br\u0105 ir keitim\u0105, tod\u0117l reguliari ap\u017ei\u016bra ir technin\u0117 prie\u017ei\u016bra yra patogesni, o \u012frangos prastovos laikas sutrump\u0117ja.<\/li>\n<\/ul>\n<p>Mes galime pagaminti \u0161\u012f produkt\u0105, o m\u016bs\u0173 produktas gali puikiai pakeisti \u0161iuos hidraulinius cilindrus.<\/p>\n<p><img decoding=\"async\" src=\"https:\/\/www.hydraulic-cylinders.net\/wp-content\/uploads\/2025\/01\/songte-oil-pipes-and-spare-parts.webp\"><\/p>\n<h2>Parai\u0161kos<\/h2>\n<ul>\n<li>Statybos in\u017einerija: ekskavatoriuose ir kranuose svirties cilindras naudojamas kau\u0161o arba str\u0117l\u0117s jud\u0117jimui valdyti atliekant \u017eem\u0117s darbus, med\u017eiag\u0173 tvarkym\u0105 ir konstrukcij\u0173 montavim\u0105.<\/li>\n<li>Gamybos pramon\u0117: Automatizuotose gamybos linijose rankos cilindras naudojamas robotin\u0117ms rankoms judinti, leid\u017eiantis atlikti surinkimo, suvirinimo ir tvarkymo procesus, siekiant pagerinti gamybos efektyvum\u0105 ir tikslum\u0105.<\/li>\n<li>\u017dem\u0117s \u016bkio technika: \u017dem\u0117s \u016bkio technikoje, pavyzd\u017eiui, derliaus nu\u0117mimo ir sodinimo ma\u0161inose, svirties cilindras valdo valdymo svirties judes\u012f, kad b\u016bt\u0173 galima atlikti tokias u\u017eduotis kaip sodinimas, tr\u0119\u0161imas ir derliaus nu\u0117mimas.<\/li>\n<li>Kasybos pramon\u0117: Kasybos \u012frangoje svirties cilindras naudojamas kasybos \u012frangos svirties jud\u0117jimui valdyti r\u016bd\u0173 gavybai ir tvarkymui.<\/li>\n<li>Logistika ir transportavimas: \u0160akiniuose krautuvuose ir tvarkymo robotuose svirties cilindras naudojamas krovinio \u0161ak\u0117s k\u0117limui ir jud\u0117jimui valdyti, kad b\u016bt\u0173 galima tvarkyti ir sukrauti med\u017eiagas.<\/li>\n<\/ul>\n<h2>Projektavimo aspektai ir atrankos standartai<\/h2>\n<ul>\n<li>Keliamoji galia: Svirties cilindras turi tur\u0117ti pakankam\u0105 keliam\u0105j\u0105 gali\u0105, kad atlaikyt\u0173 dideles apkrovas, su kuriomis jis gali susidurti eksploatacijos metu.<\/li>\n<li>Sandarinimas: \u012evair\u016bs sandarinimo komponentai, tokie kaip st\u016bmokli\u0173 ir stryp\u0173 sandarikliai, naudojami siekiant i\u0161vengti hidraulinio skys\u010dio nuot\u0117kio ir u\u017etikrinti tinkam\u0105 cilindro veikim\u0105.<\/li>\n<li>Patvarumas: Svirtiniai cilindrai da\u017enai gaminami i\u0161 didelio stiprumo med\u017eiag\u0173, o j\u0173 pavir\u0161ius apdorojamas siekiant pagerinti atsparum\u0105 dilimui ir korozijai, u\u017etikrinant ilgalaik\u012f naudojim\u0105 skirtingose \u200b\u200baplinkose.<\/li>\n<li>Sauga: Svirties cilindras turi b\u016bti suprojektuotas atsi\u017evelgiant \u012f saugum\u0105, kad b\u016bt\u0173 i\u0161vengta nelaiming\u0173 atsitikim\u0173 ir su\u017ealojim\u0173 eksploatavimo metu.<\/li>\n<li>Prie\u017ei\u016bra: Projektuojant reik\u0117t\u0173 atsi\u017evelgti \u012f prie\u017ei\u016bros ir keitimo paprastum\u0105, kad b\u016bt\u0173 u\u017etikrintas efektyvus ir savalaikis baliono aptarnavimas.<\/li>\n<\/ul>\n<p><img decoding=\"async\" src=\"https:\/\/www.hydraulic-cylinders.net\/wp-content\/uploads\/2025\/01\/songte-cylinder-head-with-all-kinds-excavator-models.webp\"><\/p>\n<h2>Sandarinimas ir tepimas<\/h2>\n<p>Hidraulinio skys\u010dio nuot\u0117kiui i\u0161vengti naudojami \u012fvair\u016bs sandarinimo komponentai, \u012fskaitant st\u016bmokli\u0173 sandariklius, stryp\u0173 sandariklius ir kit\u0173 tip\u0173 sandariklius, pagamintus i\u0161 atspari\u0173 dilimui med\u017eiag\u0173, toki\u0173 kaip poliuretanas ir nitrilo kau\u010diukas. Cilindro korpusas ir srieginiai galiniai pavir\u0161iai yra kruop\u0161\u010diai apdirbti, siekiant pagerinti atsparum\u0105 dilimui. Svirties cilindr\u0105 reikia reguliariai tepti hidrauline alyva, kad b\u016bt\u0173 u\u017etikrintas sklandus veikimas.<\/p>\n<p><img decoding=\"async\" src=\"https:\/\/www.hydraulic-cylinders.net\/wp-content\/uploads\/2025\/01\/songte-chushion-collar.webp\"><\/p>\n<h2>Prie\u017ei\u016bra ir trik\u010di\u0173 \u0161alinimas<\/h2>\n<p>Reguliarus patikrinimas ir profilaktin\u0117 prie\u017ei\u016bra gali pad\u0117ti suma\u017einti problem\u0173 atsiradim\u0105 ir pailginti svirties cilindro tarnavimo laik\u0105. Da\u017enos problemos yra skys\u010dio nuot\u0117kis, nepakankamas sl\u0117gis ir ne\u012fprastas triuk\u0161mas veikimo metu. Svarbu anksti diagnozuoti ir i\u0161spr\u0119sti \u0161ias problemas bei imtis prevencini\u0173 priemoni\u0173, kad suma\u017e\u0117t\u0173 galim\u0173 problem\u0173 skai\u010dius.<\/p>\n<h2>Diegimo vadovas<\/h2>\n<p>Svirties cilindro montavimas reikalauja patirties ir tinkam\u0173 \u012franki\u0173. Svarbu laikytis gamintojo montavimo instrukcij\u0173 ir u\u017etikrinti, kad cilindras b\u016bt\u0173 tinkamai pritvirtintas ir suderintas su mechanizmu. Rekomenduojama pasitelkti kvalifikuotus darbuotojus arba prireikus kreiptis \u012f gamintoj\u0105 d\u0117l technin\u0117s pagalbos.<\/p>\n<p><img decoding=\"async\" src=\"https:\/\/www.hydraulic-cylinders.net\/wp-content\/uploads\/2025\/01\/songte-bushings-with-all-kinds-of-excavator-models.webp\"><\/p>\n<h2>Saugos ir aplinkosaugos aspektai<\/h2>\n<p>Naudojant svirties cilindr\u0105, reikia imtis saugos priemoni\u0173, kad b\u016bt\u0173 i\u0161vengta nelaiming\u0173 atsitikim\u0173 ir su\u017ealojim\u0173. Tinkamas hidraulinio skys\u010dio ir kit\u0173 pavojing\u0173 med\u017eiag\u0173 \u0161alinimas yra svarbus siekiant u\u017etikrinti aplinkos apsaug\u0105.<\/p>\n<h2>Apie \u012fmon\u0119<\/h2>\n<p>Esame profesionalus pakaitini\u0173 hidraulini\u0173 cilindr\u0173 gamintojas, si\u016blantis plat\u0173 gamini\u0173 asortiment\u0105, ir tapome vienu i\u0161 pirmaujan\u010di\u0173 hidraulini\u0173 cilindr\u0173 gamintoj\u0173 ir didmenini\u0173 platintoj\u0173 vidaus ir tarptautin\u0117se rinkose. Mes visada laikom\u0117s puikios kokyb\u0117s principo, remiam\u0117s industrializuota gamybos valdymo strategija, sukurtais patobulintose gamybos dirbtuv\u0117se, ir nuolat tobuliname savo technin\u012f lyg\u012f bei gamybos efektyvum\u0105. Diegdami auk\u0161\u010diausios klas\u0117s skaitmenin\u0119 gamybos \u012frang\u0105 ir profesionalias bandym\u0173 sistemas, mes ir toliau optimizuojame savo gamybos platform\u0105 ir tobuliname gamini\u0173 kokyb\u0117s kontrol\u0117s procesus. M\u016bs\u0173 tikslas \u2013 patenkinti \u012fvairius klient\u0173 poreikius, teikiant efektyvius, tikslius ir auk\u0161tos kokyb\u0117s gaminius.<\/p>\n<p>Specializuojam\u0117s teikdami savo klientams tarptautin\u012f sertifikavim\u0105, individualiai pritaikytas paslaugas, gamybos \u012frang\u0105 ir garantin\u012f aptarnavim\u0105. Did\u017eiuojam\u0117s savo \u012fsipareigojimu teikti geriausius \u012fmanomus sprendimus savo klientams ir u\u017etikrinti j\u0173 pasitenkinim\u0105 m\u016bs\u0173 produktais ir paslaugomis.<\/p>\n<p><img decoding=\"async\" src=\"https:\/\/www.hydraulic-cylinders.net\/wp-content\/uploads\/2025\/01\/songte-company-4.webp\"><br \/>\n<img decoding=\"async\" src=\"https:\/\/www.hydraulic-cylinders.net\/wp-content\/uploads\/2025\/01\/songte-company-3.webp\"><\/p>\n<p>Autorius: lyl<\/p>","protected":false},"excerpt":{"rendered":"<p>Arm Cylinder For Liebherr Large Excavator R976 Introduction The arm cylinder is a type of specially designed hydraulic cylinder that is primarily used to provide linear motion and power to the arms of various types of machinery, such as excavators, cranes, and robotic arms. The arm cylinder plays a critical role in hydraulic systems, allowing [&hellip;]<\/p>","protected":false},"featured_media":14772,"comment_status":"open","ping_status":"closed","template":"","meta":{"_et_pb_use_builder":"","_et_pb_old_content":"","_et_gb_content_width":""},"product_brand":[],"product_cat":[1497],"product_tag":[1498,1496],"class_list":{"0":"post-16571","1":"product","2":"type-product","3":"status-publish","4":"has-post-thumbnail","6":"product_cat-arm-cylinders","7":"product_tag-arm-cylinders","8":"product_tag-hydraulic-cylinders","10":"first","11":"instock","12":"shipping-taxable","13":"product-type-simple"},"amp_enabled":true,"_links":{"self":[{"href":"https:\/\/www.hydraulic-cylinders.net\/lt\/wp-json\/wp\/v2\/product\/16571","targetHints":{"allow":["GET"]}}],"collection":[{"href":"https:\/\/www.hydraulic-cylinders.net\/lt\/wp-json\/wp\/v2\/product"}],"about":[{"href":"https:\/\/www.hydraulic-cylinders.net\/lt\/wp-json\/wp\/v2\/types\/product"}],"replies":[{"embeddable":true,"href":"https:\/\/www.hydraulic-cylinders.net\/lt\/wp-json\/wp\/v2\/comments?post=16571"}],"wp:featuredmedia":[{"embeddable":true,"href":"https:\/\/www.hydraulic-cylinders.net\/lt\/wp-json\/wp\/v2\/media\/14772"}],"wp:attachment":[{"href":"https:\/\/www.hydraulic-cylinders.net\/lt\/wp-json\/wp\/v2\/media?parent=16571"}],"wp:term":[{"taxonomy":"product_brand","embeddable":true,"href":"https:\/\/www.hydraulic-cylinders.net\/lt\/wp-json\/wp\/v2\/product_brand?post=16571"},{"taxonomy":"product_cat","embeddable":true,"href":"https:\/\/www.hydraulic-cylinders.net\/lt\/wp-json\/wp\/v2\/product_cat?post=16571"},{"taxonomy":"product_tag","embeddable":true,"href":"https:\/\/www.hydraulic-cylinders.net\/lt\/wp-json\/wp\/v2\/product_tag?post=16571"}],"curies":[{"name":"wp","href":"https:\/\/api.w.org\/{rel}","templated":true}]}}