{"id":16583,"date":"2025-01-21T05:35:48","date_gmt":"2025-01-21T05:35:48","guid":{"rendered":"https:\/\/www.hydraulic-cylinders.net\/product\/arm-cylinder-for-sdlg-middle-excavator-lg6250e\/"},"modified":"2025-01-21T05:35:50","modified_gmt":"2025-01-21T05:35:50","slug":"arm-cylinder-for-sdlg-middle-excavator-lg6250e","status":"publish","type":"product","link":"https:\/\/www.hydraulic-cylinders.net\/lt\/produktas\/arm-cylinder-for-sdlg-middle-excavator-lg6250e\/","title":{"rendered":"SDLG vidutinio ekskavatoriaus LG6250E rankenos cilindras"},"content":{"rendered":"<h1>SDLG vidutinio ekskavatoriaus LG6250E rankenos cilindras<\/h1>\n<h2>\u012evadas<\/h2>\n<p>Svirties cilindras yra specialiai suprojektuotas hidraulinis cilindras, naudojamas linijiniam jud\u0117jimui ir galiai u\u017etikrinti \u012fvairi\u0173 ma\u0161in\u0173, toki\u0173 kaip ekskavatoriai, kranai ir mechanin\u0117s svirtys, svirtims. Svirties cilindras atlieka labai svarb\u0173 vaidmen\u012f hidraulin\u0117se sistemose, nes leid\u017eia priedams jud\u0117ti ir b\u016bti efektyviai valdomiems. \u0160ie cilindrai ne tik u\u017etikrina skland\u0173 jud\u0117jim\u0105, bet ir atlaiko dideles apkrovas, u\u017etikrindami efektyv\u0173 ma\u0161in\u0173 veikim\u0105 ir patikimum\u0105 \u012fvairiomis darbo s\u0105lygomis.<\/p>\n<p><img src='https:\/\/www.hydraulic-cylinders.net\/wp-content\/uploads\/2025\/01\/songte-company-2.webp' alt='Svirties cilindras' width='500' height='300'><\/p>\n<h2>Savyb\u0117s<\/h2>\n<ul>\n<li>Efektyvus galios perdavimas: Svirties cilindras u\u017etikrina galing\u0105 tiesin\u012f judes\u012f ir j\u0117g\u0105, u\u017etikrindamas auk\u0161t\u0105 mechanin\u0117s svirties efektyvum\u0105 \u012fvairi\u0173 operacij\u0173 metu.<\/li>\n<li>Tikslus valdymas: Svirties cilindras gali tiksliai valdyti judesius per hidraulin\u0119 sistem\u0105, tod\u0117l pried\u0173 valdymas tampa lankstesnis ir tikslesnis.<\/li>\n<li>Didelis patvarumas: Svirtiniai cilindrai paprastai gaminami i\u0161 didelio stiprumo med\u017eiag\u0173, pasi\u017eymin\u010di\u0173 geru atsparumu dilimui ir korozijai, tod\u0117l tinkami ilgalaikiam naudojimui at\u0161iauriomis s\u0105lygomis.<\/li>\n<li>Daugiafunkcis pritaikomumas: \u0160ie cilindrai gali b\u016bti pla\u010diai naudojami \u012fvairi\u0173 tip\u0173 ma\u0161inose, tokiose kaip ekskavatoriai, kranai ir mechanin\u0117s svirtys, kad b\u016bt\u0173 patenkinti skirtingi darbo reikalavimai.<\/li>\n<li>Lengva prie\u017ei\u016bra: konstrukcija skirta lengvam techniniam aptarnavimui ir pakeitimui, tod\u0117l reguliari ap\u017ei\u016bra ir prie\u017ei\u016bra yra patogesn\u0117, o \u012frangos prastovos laikas sutrump\u0117ja.<\/li>\n<\/ul>\n<p><img src='https:\/\/www.hydraulic-cylinders.net\/wp-content\/uploads\/2025\/01\/songte-oil-pipes-and-spare-parts.webp' alt='Atsargin\u0117s dalys' width='500' height='300'><\/p>\n<h2>Parai\u0161kos<\/h2>\n<p>Cilindro formos rankena pla\u010diai naudojama \u012fvairiose pramon\u0117s \u0161akose, tokiose kaip:<\/p>\n<ul>\n<li>Statyba: Ekskavatoriuose ir kranuose str\u0117l\u0117s cilindras valdo kau\u0161\u0173 arba str\u0117li\u0173 jud\u0117jim\u0105 atliekant \u017eem\u0117s darbus, med\u017eiag\u0173 tvarkym\u0105 ir konstrukcij\u0173 montavim\u0105.<\/li>\n<li>Gamyba: Automatizuotose gamybos linijose rankenos cilindras valdo mechanini\u0173 ranken\u0173 jud\u0117jim\u0105 surinkimo, suvirinimo ir tvarkymo procesuose, taip pagerindamas gamybos efektyvum\u0105 ir tikslum\u0105.<\/li>\n<li>\u017dem\u0117s \u016bkio technika: \u017dem\u0117s \u016bkio technikoje, pavyzd\u017eiui, derliaus nu\u0117mimo ir s\u0117jamosiose, svirties cilindras valdo valdymo svir\u010di\u0173 jud\u0117jim\u0105 atliekant tokias u\u017eduotis kaip sodinimas, tr\u0119\u0161imas ir derliaus nu\u0117mimas.<\/li>\n<li>Kasyba: Kasybos \u012frangoje rankos cilindras valdo rankos jud\u0117jim\u0105 kasant ir transportuojant r\u016bd\u0105.<\/li>\n<li>Logistika ir transportavimas: \u0160akiniuose krautuvuose ir krovini\u0173 krovimo robotuose svirties cilindras valdo \u0161aki\u0173 k\u0117lim\u0105 ir jud\u0117jim\u0105, skirt\u0105 med\u017eiagoms transportuoti ir sukrauti.<\/li>\n<\/ul>\n<h2>Projektavimo aspektai ir atrankos kriterijai<\/h2>\n<p>Projektuojant cilindrinius svirtis, reikia atsi\u017evelgti \u012f \u0161iuos aspektus:<\/p>\n<ul>\n<li>Geb\u0117jimas i\u0161laikyti svor\u012f: Cilindras turi atlaikyti maksimali\u0105 apkrov\u0105 eksploatacijos metu.<\/li>\n<li>Sandarinimas: Siekiant u\u017etikrinti tinkam\u0105 sandarinim\u0105 ir suma\u017einti nuot\u0117k\u012f, tur\u0117t\u0173 b\u016bti naudojami \u012fvair\u016bs sandarinimo komponentai, tokie kaip st\u016bmokli\u0173 ir stryp\u0173 sandarikliai.<\/li>\n<li>Patvarumas: Siekiant pagerinti cilindro tarnavimo laik\u0105, reikia pasirinkti med\u017eiagas, pasi\u017eymin\u010dias dideliu stiprumu ir atsparumu dilimui.<\/li>\n<li>Sauga: Cilindras turi b\u016bti suprojektuotas taip, kad b\u016bt\u0173 u\u017etikrintas saugus veikimas ir i\u0161vengta nelaiming\u0173 atsitikim\u0173.<\/li>\n<li>Prie\u017ei\u016bra: projektuojant reik\u0117t\u0173 atsi\u017evelgti \u012f lengv\u0105 \u012frangos prie\u017ei\u016br\u0105 ir komponent\u0173 keitim\u0105, siekiant suma\u017einti prastov\u0173 laik\u0105.<\/li>\n<\/ul>\n<p><img src='https:\/\/www.hydraulic-cylinders.net\/wp-content\/uploads\/2025\/01\/songte-cylinder-head-with-all-kinds-excavator-models.webp' alt='Cilindro galvut\u0117' width='500' height='300'><\/p>\n<h2>Sandarinimas ir tepimas<\/h2>\n<p>Svirtiniame cilindre naudojami \u012fvair\u016bs sandarinimo komponentai, tokie kaip st\u016bmoklio ir koto sandarikliai, siekiant u\u017etikrinti tinkam\u0105 sandarum\u0105 ir suma\u017einti nuot\u0117k\u012f. Sandarikliai pagaminti i\u0161 atspari\u0173 dilimui med\u017eiag\u0173, toki\u0173 kaip poliuretanas ir nitrilo kau\u010diukas, o cilindro korpusas ir srieginis pavir\u0161ius yra kruop\u0161\u010diai apdirbti, siekiant pagerinti atsparum\u0105 dilimui. B\u016btina reguliariai \u012fpilti reikiam\u0105 kiek\u012f hidraulin\u0117s alyvos tepimui.<\/p>\n<p><img src='https:\/\/www.hydraulic-cylinders.net\/wp-content\/uploads\/2025\/01\/songte-chushion-collar.webp' alt='Sandarinimo komponentai' width='500' height='300'><\/p>\n<h2>Prie\u017ei\u016bra ir trik\u010di\u0173 \u0161alinimas<\/h2>\n<p>Siekiant u\u017etikrinti geriausi\u0105 svirties cilindro veikim\u0105, reikia reguliariai atlikti patikr\u0105 ir profilaktin\u0119 prie\u017ei\u016br\u0105. \u0160ie patarimai gali pad\u0117ti diagnozuoti ir i\u0161spr\u0119sti da\u017eniausiai pasitaikan\u010dias problemas:<\/p>\n<ul>\n<li>Nuot\u0117kis: patikrinkite, ar sandarikliai nepa\u017eeisti ar nesusid\u0117v\u0117j\u0119, ir prireikus juos pakeiskite. <\/li>\n<li>L\u0117tas veikimas: patikrinkite, ar hidraulin\u0117s alyvos lygis neper \u017eemas arba ar alyva neu\u017eter\u0161ta. <\/li>\n<li>Nenormalus triuk\u0161mas: patikrinkite, ar nepa\u017eeisti vidiniai komponentai, pvz., st\u016bmoklio kotas ar cilindro korpusas. <\/li>\n<\/ul>\n<p>Prevencin\u0117s priemon\u0117s apima reguliar\u0173 hidraulin\u0117s sistemos tikrinim\u0105, tinkamo hidraulin\u0117s alyvos lygio palaikym\u0105 ir laiku pakeist\u0105 pa\u017eeist\u0105 ar susid\u0117v\u0117jusi\u0105 dal\u012f.<\/p>\n<h2>Diegimo vadovas<\/h2>\n<p>Prie\u0161 montuodami svirties cilindr\u0105, \u012fsitikinkite, kad jung\u010di\u0173 pavir\u0161ius yra \u0161varus ir be \u0161iuk\u0161li\u0173. Sutepkite jungtis ir priver\u017ekite var\u017etus iki nurodyto sukimo momento. Sumontav\u0119 patikrinkite cilindro veikim\u0105, kad \u012fsitikintum\u0117te, jog jis veikia tinkamai.<\/p>\n<p><img src='https:\/\/www.hydraulic-cylinders.net\/wp-content\/uploads\/2025\/01\/songte-bushings-with-all-kinds-of-excavator-models.webp' alt='\u012ediegimo vadovas' width='500' height='300'><\/p>\n<h2>Saugos aspektai ir aplinkos veiksniai<\/h2>\n<p>Montuojant, eksploatuojant ir pri\u017ei\u016brint svirtin\u012f cilindr\u0105, reikia imtis saugos priemoni\u0173, kad b\u016bt\u0173 i\u0161vengta nelaiming\u0173 atsitikim\u0173. Taip pat reik\u0117t\u0173 atsi\u017evelgti \u012f aplinkos veiksnius, tokius kaip temperat\u016bra, dr\u0117gm\u0117 ir cheminis poveikis, siekiant u\u017etikrinti tinkam\u0105 cilindro veikim\u0105.<\/p>\n<h2>Apie mus<\/h2>\n<p>B\u016bdami profesional\u016bs pakaitini\u0173 hidraulini\u0173 cilindr\u0173 gamintojai, si\u016blome plat\u0173 gamini\u0173 asortiment\u0105 ir tapome vienais i\u0161 pirmaujan\u010di\u0173 didmenini\u0173 hidraulini\u0173 cilindr\u0173 platintoj\u0173 vidaus ir tarptautin\u0117se rinkose. Visada laikom\u0117s puikios kokyb\u0117s principo, taikome industrializuotas gamybos valdymo strategijas puikiose gamybos dirbtuv\u0117se ir nuolat tobuliname savo technin\u012f lyg\u012f bei gamybos efektyvum\u0105. \u012ediegdami auk\u0161\u010diausios klas\u0117s skaitmenin\u0119 gamybos \u012frang\u0105 ir profesionalias bandym\u0173 sistemas, optimizuojame savo gamybos platform\u0105 ir tobuliname gamini\u0173 kokyb\u0117s kontrol\u0117s proces\u0105, kartu tur\u0117dami stiprias inovacij\u0173 galimybes. M\u016bs\u0173 tikslas \u2013 patenkinti \u012fvairius klient\u0173 poreikius, vadovaujantis didelio efektyvumo, tikslumo ir auk\u0161tos kokyb\u0117s principais.<\/p>\n<p><img src='https:\/\/www.hydraulic-cylinders.net\/wp-content\/uploads\/2025\/01\/songte-company-4.webp' alt='Apie mus' width='500' height='300'><\/p>\n<p>Si\u016blome individualiai pritaikytas paslaugas, pa\u017eangi\u0105 gamybos \u012frang\u0105 ir kokybi\u0161k\u0105 aptarnavim\u0105 po pardavimo. M\u016bs\u0173 gaminiai turi tarptautinius sertifikatus, tokius kaip ISO9001 ir CE. Siekiame klientams teikti auk\u0161tos kokyb\u0117s hidraulinius cilindrus ir visapusi\u0161kas paslaugas.<\/p>\n<p><img src='https:\/\/www.hydraulic-cylinders.net\/wp-content\/uploads\/2025\/01\/songte-company-3.webp' alt='Sertifikatai' width='500' height='300'><\/p>\n<p>Autorius: lyl<\/p>","protected":false},"excerpt":{"rendered":"<p>Arm Cylinder For SDLG Middle Excavator LG6250E Introduction The arm cylinder is a specially designed hydraulic cylinder used to provide linear motion and power to the arms of various machinery such as excavators, cranes, and mechanical arms. The arm cylinder plays a crucial role in hydraulic systems, allowing attachments to move and be controlled effectively. [&hellip;]<\/p>","protected":false},"featured_media":14766,"comment_status":"open","ping_status":"closed","template":"","meta":{"_et_pb_use_builder":"","_et_pb_old_content":"","_et_gb_content_width":""},"product_brand":[],"product_cat":[1497],"product_tag":[1498,1496],"class_list":{"0":"post-16583","1":"product","2":"type-product","3":"status-publish","4":"has-post-thumbnail","6":"product_cat-arm-cylinders","7":"product_tag-arm-cylinders","8":"product_tag-hydraulic-cylinders","10":"first","11":"instock","12":"shipping-taxable","13":"product-type-simple"},"amp_enabled":true,"_links":{"self":[{"href":"https:\/\/www.hydraulic-cylinders.net\/lt\/wp-json\/wp\/v2\/product\/16583","targetHints":{"allow":["GET"]}}],"collection":[{"href":"https:\/\/www.hydraulic-cylinders.net\/lt\/wp-json\/wp\/v2\/product"}],"about":[{"href":"https:\/\/www.hydraulic-cylinders.net\/lt\/wp-json\/wp\/v2\/types\/product"}],"replies":[{"embeddable":true,"href":"https:\/\/www.hydraulic-cylinders.net\/lt\/wp-json\/wp\/v2\/comments?post=16583"}],"wp:featuredmedia":[{"embeddable":true,"href":"https:\/\/www.hydraulic-cylinders.net\/lt\/wp-json\/wp\/v2\/media\/14766"}],"wp:attachment":[{"href":"https:\/\/www.hydraulic-cylinders.net\/lt\/wp-json\/wp\/v2\/media?parent=16583"}],"wp:term":[{"taxonomy":"product_brand","embeddable":true,"href":"https:\/\/www.hydraulic-cylinders.net\/lt\/wp-json\/wp\/v2\/product_brand?post=16583"},{"taxonomy":"product_cat","embeddable":true,"href":"https:\/\/www.hydraulic-cylinders.net\/lt\/wp-json\/wp\/v2\/product_cat?post=16583"},{"taxonomy":"product_tag","embeddable":true,"href":"https:\/\/www.hydraulic-cylinders.net\/lt\/wp-json\/wp\/v2\/product_tag?post=16583"}],"curies":[{"name":"wp","href":"https:\/\/api.w.org\/{rel}","templated":true}]}}