{"id":16587,"date":"2025-01-21T05:36:04","date_gmt":"2025-01-21T05:36:04","guid":{"rendered":"https:\/\/www.hydraulic-cylinders.net\/product\/arm-cylinder-for-sdlg-large-excavator-lg6460e\/"},"modified":"2025-01-21T05:36:06","modified_gmt":"2025-01-21T05:36:06","slug":"arm-cylinder-for-sdlg-large-excavator-lg6460e","status":"publish","type":"product","link":"https:\/\/www.hydraulic-cylinders.net\/lt\/produktas\/arm-cylinder-for-sdlg-large-excavator-lg6460e\/","title":{"rendered":"SDLG didelio ekskavatoriaus LG6460E rankos cilindras"},"content":{"rendered":"<h1>SDLG didelio ekskavatoriaus LG6460E rankos cilindras<\/h1>\n<h2>\u012evadas<\/h2>\n<p>Svirties cilindras yra specialiai suprojektuotas hidraulinis cilindras, u\u017etikrinantis tiesin\u012f jud\u0117jim\u0105 ir gali\u0105 \u012fvairi\u0173 mechanizm\u0173, toki\u0173 kaip ekskavatoriai, kranai ir robotin\u0117s svirtys, svir\u010diai. Jis atlieka labai svarb\u0173 vaidmen\u012f hidraulin\u0117se sistemose, nes leid\u017eia efektyviai jud\u0117ti ir valdyti papildomus \u012frankius ar priedus. \u0160ie cilindrai ne tik u\u017etikrina skland\u0173 jud\u0117jim\u0105, bet ir atlaiko dideles apkrovas, u\u017etikrindami efektyv\u0173 mechanizm\u0173 veikim\u0105 ir patikimum\u0105 \u012fvairiomis darbo s\u0105lygomis.<\/p>\n<p><img decoding=\"async\" src=\"https:\/\/www.hydraulic-cylinders.net\/wp-content\/uploads\/2025\/01\/songte-company-2.webp\" alt=\"Svirties cilindro vaizdas\"><\/p>\n<h2>Savyb\u0117s<\/h2>\n<ul>\n<li>Didelio efektyvumo transmisija: Svirties cilindras u\u017etikrina galing\u0105 tiesin\u012f judes\u012f ir j\u0117g\u0105, u\u017etikrindamas didel\u012f na\u0161um\u0105 atliekant \u012fvairias operacijas.<\/li>\n<li>Tikslus valdymas: Hidraulin\u0117s sistemos d\u0117ka svirties cilindras leid\u017eia tiksliai valdyti judes\u012f, tod\u0117l pritvirtint\u0173 \u012franki\u0173 valdymas tampa lankstesnis ir tikslesnis.<\/li>\n<li>Patvarumas: Svirtiniai cilindrai paprastai gaminami i\u0161 didelio stiprumo med\u017eiag\u0173, kurios pasi\u017eymi puikiu atsparumu dilimui ir korozijai, tod\u0117l tinka ilgalaikiam naudojimui at\u0161iauriomis s\u0105lygomis.<\/li>\n<li>Daugiafunkcinis pritaikomumas: \u0160ie cilindrai gali b\u016bti pla\u010diai naudojami \u012fvairiose ma\u0161in\u0173 \u012frangose, tokiose kaip ekskavatoriai, kranai ir robotin\u0117s rankos, prisitaikant prie skirting\u0173 darbo reikalavim\u0173.<\/li>\n<li>Lengva prie\u017ei\u016bra: Sukurti taip, kad juos b\u016bt\u0173 lengva pri\u017ei\u016br\u0117ti ir keisti, svirties cilindrai palengvina reguliari\u0105 ap\u017ei\u016br\u0105 ir technin\u0119 prie\u017ei\u016br\u0105, taip suma\u017einant \u012frangos prastov\u0173 laik\u0105.<\/li>\n<\/ul>\n<p><img decoding=\"async\" src=\"https:\/\/www.hydraulic-cylinders.net\/wp-content\/uploads\/2025\/01\/songte-oil-pipes-and-spare-parts.webp\" alt=\"Svirties cilindro atsargini\u0173 dali\u0173 vaizdas\"><\/p>\n<h2>Parai\u0161kos<\/h2>\n<ul>\n<li>Statybos in\u017einerija: ekskavatoriuose ir kranuose str\u0117li\u0173 cilindrai valdo kau\u0161\u0173 arba str\u0117li\u0173 jud\u0117jim\u0105, leisdami atlikti \u017eem\u0117s darbus, med\u017eiag\u0173 tvarkym\u0105 ir konstrukcij\u0173 montavim\u0105.<\/li>\n<li>Gamybos pramon\u0117: Automatizuotose gamybos linijose ranken\u0173 cilindrai palengvina robotini\u0173 rank\u0173 jud\u0117jim\u0105 tokiuose procesuose kaip surinkimas, suvirinimas ir med\u017eiag\u0173 tvarkymas, taip pagerindami gamybos efektyvum\u0105 ir tikslum\u0105.<\/li>\n<li>\u017dem\u0117s \u016bkio technika: \u017dem\u0117s \u016bkio \u012frangoje, tokioje kaip derliaus nu\u0117mimo ma\u0161inos ir s\u0117jamosios, svir\u010di\u0173 cilindrai valdo darbini\u0173 svir\u010di\u0173 jud\u0117jim\u0105, atlikdami tokias u\u017eduotis kaip s\u0117ja, tr\u0119\u0161imas ir derliaus nu\u0117mimas.<\/li>\n<li>Kasyba: Kasybos \u012frangoje svirties cilindrai valdo kasybos ma\u0161in\u0173 svirties jud\u0117jim\u0105 r\u016bdos gavybai ir transportavimui.<\/li>\n<li>Logistika ir transportas: \u0160akiniuose krautuvuose ir robotuose ranken\u0173 cilindrai valdo \u0161aki\u0173 k\u0117lim\u0105 ir jud\u0117jim\u0105, taip \u012fgalindami med\u017eiag\u0173 tvarkym\u0105 ir krovim\u0105.<\/li>\n<\/ul>\n<h2>Projektavimo aspektai ir atrankos kriterijai<\/h2>\n<ul>\n<li>Apkrovos paj\u0117gumas: Svir\u010di\u0173 cilindrai turi b\u016bti suprojektuoti taip, kad atlaikyt\u0173 reikiam\u0105 apkrov\u0105.<\/li>\n<li>Sandarinimas: Reik\u0117t\u0173 naudoti \u012fvairius sandarinimo komponentus, tokius kaip st\u016bmokli\u0173 ir kot\u0173 sandarikliai, o d\u0117l j\u0173 patvarumo reik\u0117t\u0173 rinktis tokias med\u017eiagas kaip poliuretanas ir nitrilo kau\u010diukas.<\/li>\n<li>Patvarumas: Cilindro korpusas ir srieginiai galai turi b\u016bti kruop\u0161\u010diai apdorojami, kad b\u016bt\u0173 padidintas atsparumas dilimui.<\/li>\n<li>Saugumas: Siekiant u\u017etikrinti saug\u0173 veikim\u0105, tur\u0117t\u0173 b\u016bti \u012fdiegtos saugos funkcijos.<\/li>\n<li>Prie\u017ei\u016bra: Reik\u0117t\u0173 apsvarstyti reguliar\u0173 tepim\u0105 hidrauline alyva ir lengv\u0105 prieig\u0105 techninei prie\u017ei\u016brai ir patikrai.<\/li>\n<\/ul>\n<p><img decoding=\"async\" src=\"https:\/\/www.hydraulic-cylinders.net\/wp-content\/uploads\/2025\/01\/songte-cylinder-head-with-all-kinds-excavator-models.webp\" alt=\"Svirties cilindro dizaino vaizdas\"><\/p>\n<h2>Sandarinimas ir tepimas<\/h2>\n<p>Svirties cilindre naudojami \u012fvair\u016bs sandarinimo komponentai, tokie kaip st\u016bmokli\u0173 ir kot\u0173 sandarikliai, pagaminti i\u0161 patvari\u0173 med\u017eiag\u0173, toki\u0173 kaip poliuretanas ir nitrilo kau\u010diukas. Cilindro korpusas ir srieginiai galai yra kruop\u0161\u010diai apdoroti, siekiant pagerinti atsparum\u0105 dilimui. Norint u\u017etikrinti tinkam\u0105 tepim\u0105, b\u016btina reguliariai tepti tinkamu hidraulin\u0117s alyvos kiekiu.<\/p>\n<h2>Reguliarus patikrinimas ir prevencin\u0117 prie\u017ei\u016bra<\/h2>\n<ul>\n<li>Reguliariai tikrinkite cilindr\u0105, ar n\u0117ra pa\u017eeidim\u0173 ar susid\u0117v\u0117jimo po\u017eymi\u0173.<\/li>\n<li>Patikrinkite sandarinimo komponentus ir tepimo lygius.<\/li>\n<li>Patikrinkite, ar tinkamai veikia saugos funkcijos.<\/li>\n<li>Atlikite profilaktines prie\u017ei\u016bros u\u017eduotis pagal gamintojo nurodymus.<\/li>\n<\/ul>\n<h2>Diegimo vadovas<\/h2>\n<p>Nor\u0117dami teisingai sumontuoti cilindro svirt\u012f, atlikite \u0161iuos veiksmus:<\/p>\n<ol>\n<li>Paruo\u0161kite tvirtinimo viet\u0105 ir \u012fsitikinkite, kad ji \u0161vari ir be \u0161iuk\u0161li\u0173.<\/li>\n<li>Sulygiuokite cilindr\u0105 su tvirtinimo ta\u0161kais ir prijunkite hidraulines \u017earnas.<\/li>\n<li>Tvirtai priver\u017ekite jungtis naudodami tinkamus \u012frankius.<\/li>\n<li>Prie\u0161 naudodami patikrinkite, ar tinkamai suderinta ir veikia.<\/li>\n<\/ol>\n<p><img decoding=\"async\" src=\"https:\/\/www.hydraulic-cylinders.net\/wp-content\/uploads\/2025\/01\/songte-bushings-with-all-kinds-of-excavator-models.webp\" alt=\"Svirties cilindro montavimo paveiksl\u0117lis\"><\/p>\n<h2>Saugos aspektai ir aplinkos veiksniai<\/h2>\n<p>Naudojant svirtinius cilindrus, labai svarbu teikti pirmenyb\u0119 saugos priemon\u0117ms, siekiant i\u0161vengti nelaiming\u0173 atsitikim\u0173 ir u\u017etikrinti operatoriaus gerov\u0119. Tinkamos saugos priemon\u0117s, tokios kaip tinkamas mokymas, eksploatavimo gairi\u0173 laikymasis ir apsaugini\u0173 priemoni\u0173 naudojimas, yra nepaprastai svarbios. Be to, atsi\u017evelgiant \u012f aplinkos veiksnius, tokius kaip skys\u010di\u0173 nuot\u0117kio suma\u017einimas ir tinkamas hidraulin\u0117s alyvos utilizavimas, padedama apsaugoti aplink\u0105.<\/p>\n<h2>Trik\u010di\u0173 \u0161alinimas ir da\u017eniausiai pasitaikan\u010dios problemos<\/h2>\n<ul>\n<li>Problema: Cilindras nei\u0161siskleid\u017eia arba nesusitraukia.<\/li>\n<li>Sprendimas: patikrinkite hidraulinio skys\u010dio lyg\u012f, ar n\u0117ra nuot\u0117ki\u0173 ir u\u017etikrinkite tinkam\u0105 hidraulin\u0117s sistemos veikim\u0105.<\/li>\n<li>Problema: Cilindras veikia l\u0117tai arba netolygiai.<\/li>\n<li>Sprendimas: patikrinkite tinkam\u0105 hidraulin\u012f sl\u0117g\u012f, ap\u017ei\u016br\u0117kite, ar nepa\u017eeisti sandarikliai, ir patikrinkite, ar cilindre n\u0117ra kli\u016b\u010di\u0173.<\/li>\n<li>Problema: Cilindras veikimo metu skleid\u017eia ne\u012fprastus garsus.<\/li>\n<li>Sprendimas: Patikrinkite cilindr\u0105, ar n\u0117ra atsilaisvinusi\u0173 jung\u010di\u0173, pa\u017eeist\u0173 komponent\u0173 ar per didelio susid\u0117v\u0117jimo.<\/li>\n<\/ul>\n<p>Vadovaudamiesi \u0161iais trik\u010di\u0173 \u0161alinimo patarimais ir sprendimais, skaitytojai gali veiksmingai diagnozuoti ir i\u0161spr\u0119sti problemas, taip pat \u012fgyvendinti prevencines priemones, kad suma\u017eint\u0173 galimas problemas.<\/p>\n<p><img decoding=\"async\" src=\"https:\/\/www.hydraulic-cylinders.net\/wp-content\/uploads\/2025\/01\/songte-chushion-collar.webp\" alt=\"Svirties cilindro trik\u010di\u0173 \u0161alinimo paveiksl\u0117lis\"><\/p>\n<p>Nepamir\u0161kite straipsn\u012f strukt\u016brizuoti logi\u0161kai, naudoti paantra\u0161tes lengvam nar\u0161ymui, \u012ftraukti atitinkam\u0173 vaizd\u0173 ar diagram\u0173, kad b\u016bt\u0173 lengviau suprasti, ir u\u017etikrinti, kad turinys b\u016bt\u0173 ai\u0161kus, glaustas ir tinkamas skaitytojams, turintiems skirting\u0105 technini\u0173 \u017eini\u0173 lyg\u012f.<\/p>\n<p>Autorius: lyl<\/p>\n<p><img decoding=\"async\" src=\"https:\/\/www.hydraulic-cylinders.net\/wp-content\/uploads\/2025\/01\/songte-company-4.webp\" alt=\"\u012emon\u0117s \u012fvaizdis\"><br \/>\n<img decoding=\"async\" src=\"https:\/\/www.hydraulic-cylinders.net\/wp-content\/uploads\/2025\/01\/songte-company-3.webp\" alt=\"\u012emon\u0117s \u012fvaizdis\"><\/p>","protected":false},"excerpt":{"rendered":"<p>Arm Cylinder For SDLG Large Excavator LG6460E Introduction The arm cylinder is a specially designed hydraulic cylinder that provides linear motion and power to the arm of various machinery, such as excavators, cranes, and robotic arms. It plays a crucial role in hydraulic systems, allowing for efficient movement and control of additional tools or attachments. [&hellip;]<\/p>","protected":false},"featured_media":14783,"comment_status":"open","ping_status":"closed","template":"","meta":{"_et_pb_use_builder":"","_et_pb_old_content":"","_et_gb_content_width":""},"product_brand":[],"product_cat":[1497],"product_tag":[1498,1496],"class_list":{"0":"post-16587","1":"product","2":"type-product","3":"status-publish","4":"has-post-thumbnail","6":"product_cat-arm-cylinders","7":"product_tag-arm-cylinders","8":"product_tag-hydraulic-cylinders","10":"first","11":"instock","12":"shipping-taxable","13":"product-type-simple"},"amp_enabled":true,"_links":{"self":[{"href":"https:\/\/www.hydraulic-cylinders.net\/lt\/wp-json\/wp\/v2\/product\/16587","targetHints":{"allow":["GET"]}}],"collection":[{"href":"https:\/\/www.hydraulic-cylinders.net\/lt\/wp-json\/wp\/v2\/product"}],"about":[{"href":"https:\/\/www.hydraulic-cylinders.net\/lt\/wp-json\/wp\/v2\/types\/product"}],"replies":[{"embeddable":true,"href":"https:\/\/www.hydraulic-cylinders.net\/lt\/wp-json\/wp\/v2\/comments?post=16587"}],"wp:featuredmedia":[{"embeddable":true,"href":"https:\/\/www.hydraulic-cylinders.net\/lt\/wp-json\/wp\/v2\/media\/14783"}],"wp:attachment":[{"href":"https:\/\/www.hydraulic-cylinders.net\/lt\/wp-json\/wp\/v2\/media?parent=16587"}],"wp:term":[{"taxonomy":"product_brand","embeddable":true,"href":"https:\/\/www.hydraulic-cylinders.net\/lt\/wp-json\/wp\/v2\/product_brand?post=16587"},{"taxonomy":"product_cat","embeddable":true,"href":"https:\/\/www.hydraulic-cylinders.net\/lt\/wp-json\/wp\/v2\/product_cat?post=16587"},{"taxonomy":"product_tag","embeddable":true,"href":"https:\/\/www.hydraulic-cylinders.net\/lt\/wp-json\/wp\/v2\/product_tag?post=16587"}],"curies":[{"name":"wp","href":"https:\/\/api.w.org\/{rel}","templated":true}]}}